{"id":56462,"date":"2021-09-02T18:36:06","date_gmt":"2021-09-02T16:36:06","guid":{"rendered":"https:\/\/svetslik.si\/nem-kategorizalt\/dobro-starsevstvo\/"},"modified":"2026-03-22T22:59:14","modified_gmt":"2026-03-22T21:59:14","slug":"energetikus-kepek-jo-szuloi-munka","status":"publish","type":"product","link":"https:\/\/svetslik.si\/hu\/energiafestmenyek-1\/energetikus-kepek-jo-szuloi-munka\/","title":{"rendered":"Energetikus k\u00e9pek &#8211; J\u00f3 sz\u00fcl\u0151i munka"},"content":{"rendered":"<h1>Energiak\u00e9pek \u2013 J\u00f3 sz\u00fcl\u0151i nevel\u00e9s<\/h1>\n<p>A &#8220;J\u00f3 sz\u00fcl\u0151&#8221; k\u00e9p egy rendk\u00edv\u00fcl er\u0151teljes energiak\u00e9p, amely egy k\u00fcl\u00f6nleges energiat\u00edpust illusztr\u00e1l, amely \u00f6sszek\u00f6t benn\u00fcnket bels\u0151 igazs\u00e1gunkkal, \u00e9s \u00e9rzelmi m\u00e9lys\u00e9geink felfedez\u00e9s\u00e9re \u00f6szt\u00f6n\u00f6z. Ez a k\u00e9p minden sz\u00fcl\u0151nek sz\u00f3l, aki fejleszteni szeretn\u00e9 sz\u00fcl\u0151i k\u00e9szs\u00e9geit, \u00e9s m\u00e9g jobban szeretne kapcsolatba l\u00e9pni gyermekeivel.<\/p>\n<p>A \u201eJ\u00f3 sz\u00fcl\u0151\u201d energiak\u00e9p nyitott csatornak\u00e9nt szolg\u00e1l \u00e9rzelmeink kifejez\u00e9s\u00e9re. Seg\u00edt szemben\u00e9zni hib\u00e1inkkal \u00e9s sebezhet\u0151s\u00e9geinkkel, \u00e9s \u0151szintes\u00e9gre b\u00e1tor\u00edt \u00f6nmagunkkal \u00e9s m\u00e1sokkal szemben. Ez az energia arra \u00f6szt\u00f6n\u00f6z benn\u00fcnket, hogy m\u00e9lyebbre menj\u00fcnk \u00f6nmagunkban, \u00e9s meg\u00e9rts\u00fck bels\u0151 \u00e9rz\u00e9seinket, \u00e9s jobban kifejezz\u00fck azokat. Ez nyitottabb\u00e1 tesz benn\u00fcnket a gyermekeinkkel val\u00f3 m\u00e9lyebb kapcsolatra.<\/p>\n<p>A \u201eJ\u00f3 sz\u00fcl\u0151\u201d festm\u00e9ny egyik legfontosabb jellemz\u0151je, hogy k\u00e9pes kreativit\u00e1st \u00e9s k\u00e9pzel\u0151er\u0151t \u00f6szt\u00f6n\u00f6zni a gyerekekkel val\u00f3 j\u00e1t\u00e9k sor\u00e1n. Ez az energikus k\u00e9p arra \u00f6szt\u00f6n\u00f6z benn\u00fcnket, hogy m\u00e9g jobban bele\u00e9lj\u00fck magunkat a gyermek j\u00e1t\u00e9k\u00e1ba, \u00e9s lehet\u0151v\u00e9 tegy\u00fck sz\u00e1m\u00e1ra a szabad kifejez\u00e9st. A gyerekekkel val\u00f3 j\u00e1t\u00e9kkal er\u0151s\u00edtj\u00fck az \u0151 fejl\u0151d\u00e9s\u00fcket \u00e9s a saj\u00e1tunkat is. Ez a k\u00e9p seg\u00edt abban, hogy jobban meg\u00e9rts\u00fck gyermekeinket, sz\u00fcks\u00e9gleteiket \u00e9s v\u00e1gyaikat, ami hozz\u00e1j\u00e1rul a jobb k\u00f6lcs\u00f6n\u00f6s kapcsolathoz.<\/p>\n<p>A \u201ej\u00f3 sz\u00fcl\u0151i nevel\u00e9s\u201d arra is \u00f6szt\u00f6n\u00f6z benn\u00fcnket, hogy kisebb\u00edts\u00fck a nem l\u00e9nyeges helyzeteket a gyereknevel\u00e9sben. N\u00e9ha elakadhatunk a trivi\u00e1lis r\u00e9szletekben, \u00e9s elvesz\u00edthetj\u00fck a figyelm\u00fcnket a l\u00e9nyegre. Az energiak\u00e9p arra ir\u00e1ny\u00edt benn\u00fcnket, hogy arra \u00f6sszpontos\u00edtsunk, ami igaz\u00e1n fontos \u2013 a kapcsolatra, a szeretetre \u00e9s a gyermekeinkkel val\u00f3 n\u00f6veked\u00e9sre. Ez n\u00f6veli a sz\u00fcl\u0151i l\u00e9ttel kapcsolatos el\u00e9gedetts\u00e9g\u00fcnket \u00e9s \u00f6r\u00f6m\u00fcnket.<\/p>\n<p>A \u201ej\u00f3 sz\u00fcl\u0151i nevel\u00e9s\u201d egy olyan k\u00e9p, amely arra \u00f6szt\u00f6n\u00f6z benn\u00fcnket, hogy pozit\u00edv \u00e9rz\u00e9seket t\u00e1pl\u00e1ljunk a sz\u00fcl\u0151i nevel\u00e9s folyamat\u00e1ban. Energi\u00e1j\u00e1val harm\u00f3ni\u00e1t, szeretetet teremt a csal\u00e1dban, \u00e9s er\u0151s\u00edti azt a k\u00e9pess\u00e9g\u00fcnket, hogy m\u00e9g jobban k\u00f6t\u0151dj\u00fcnk gyermekeinkhez. Valah\u00e1nyszor r\u00e1n\u00e9z\u00fcnk erre a k\u00e9pre, b\u00e9k\u00e9t, boldogs\u00e1got \u00e9s el\u00e9gedetts\u00e9get \u00e9rz\u00fcnk.<\/p>\n<p>Ha fejleszteni szeretn\u00e9 sz\u00fcl\u0151i k\u00e9szs\u00e9geit, m\u00e9lyebb kapcsolatot szeretne kialak\u00edtani gyermekeivel, \u00e9s \u00e9lvezni szeretn\u00e9 a sz\u00fcl\u0151i folyamatot, a &#8220;J\u00f3 sz\u00fcl\u0151&#8221; festm\u00e9ny ide\u00e1lis v\u00e1laszt\u00e1s. Ezzel az energikus k\u00e9ppel olyan k\u00fcl\u00f6nleges teret hozol l\u00e9tre otthonodban, amely el\u0151seg\u00edti a szeretetet, a meg\u00e9rt\u00e9st \u00e9s a n\u00f6veked\u00e9st k\u00f6zted \u00e9s gyermekeid k\u00f6z\u00f6tt.<\/p>\n","protected":false},"excerpt":{"rendered":"<p>Energiak\u00e9pek \u2013 J\u00f3 sz\u00fcl\u0151i nevel\u00e9s A &#8220;J\u00f3 sz\u00fcl\u0151&#8221; k\u00e9p egy rendk\u00edv\u00fcl er\u0151teljes energiak\u00e9p, amely egy k\u00fcl\u00f6nleges energiat\u00edpust illusztr\u00e1l, amely \u00f6sszek\u00f6t benn\u00fcnket bels\u0151 igazs\u00e1gunkkal, \u00e9s \u00e9rzelmi m\u00e9lys\u00e9geink felfedez\u00e9s\u00e9re \u00f6szt\u00f6n\u00f6z. Ez a k\u00e9p minden sz\u00fcl\u0151nek sz\u00f3l, aki fejleszteni szeretn\u00e9 sz\u00fcl\u0151i k\u00e9szs\u00e9geit, \u00e9s m\u00e9g jobban szeretne kapcsolatba l\u00e9pni gyermekeivel. A \u201eJ\u00f3 sz\u00fcl\u0151\u201d energiak\u00e9p [&hellip;]<\/p>\n","protected":false},"featured_media":49555,"template":"","meta":{"_acf_changed":false},"product_brand":[],"product_cat":[7121,7122],"product_tag":[7168],"class_list":{"0":"post-56462","1":"product","2":"type-product","3":"status-publish","4":"has-post-thumbnail","6":"product_cat-energiakepek","7":"product_cat-energiafestmenyek-1","8":"product_tag-energiafestmenyek","9":"pa_dimenzija-100-x-100-cm-hu","10":"pa_dimenzija-60-x-60-cm-hu","11":"pa_dimenzija-80-x-80-cm-hu","12":"pa_oblika-negyzet","13":"pa_okvir-nincs-keret","14":"pa_podokvir-igen","15":"pa_podokvir-nem","17":"first","18":"onbackorder","19":"purchasable","20":"product-type-variable","21":"has-default-attributes"},"acf":[],"yoast_head":"<!-- This site is optimized with the Yoast SEO Premium plugin v26.0 (Yoast SEO v27.2) - https:\/\/yoast.com\/product\/yoast-seo-premium-wordpress\/ -->\n<title>Energetikus k\u00e9pek - J\u00f3 sz\u00fcl\u0151i munka - SVETSLIK.SI - 100% k\u00e9zzel festett<\/title>\n<meta name=\"description\" content=\"K\u00e9zzel festett energiak\u00e9p v\u00e1sznon - Energetikus k\u00e9pek - J\u00f3 sz\u00fcl\u0151i munka -. A k\u00e9pet egyedi alkalmaz\u00e1sunk seg\u00edts\u00e9g\u00e9vel keretezheti be az oldalon.\" \/>\n<meta name=\"robots\" content=\"index, follow, max-snippet:-1, max-image-preview:large, max-video-preview:-1\" \/>\n<link rel=\"canonical\" href=\"https:\/\/svetslik.si\/hu\/energiafestmenyek-1\/energetikus-kepek-jo-szuloi-munka\/\" \/>\n<meta property=\"og:locale\" content=\"hu_HU\" \/>\n<meta property=\"og:type\" content=\"article\" \/>\n<meta property=\"og:title\" content=\"Energetikus k\u00e9pek - J\u00f3 sz\u00fcl\u0151i munka\" \/>\n<meta property=\"og:description\" content=\"100% ro\u010dno naslikane slike na platnu, reprodukcije znanih slikarjev in umetni\u0161ke slike po naro\u010dilu.\" \/>\n<meta property=\"og:url\" content=\"https:\/\/svetslik.si\/hu\/energiafestmenyek-1\/energetikus-kepek-jo-szuloi-munka\/\" \/>\n<meta property=\"og:site_name\" content=\"SVETSLIK.SI\" \/>\n<meta property=\"article:publisher\" content=\"https:\/\/www.facebook.com\/svetslik.si\" \/>\n<meta property=\"article:modified_time\" content=\"2026-03-22T21:59:14+00:00\" \/>\n<meta property=\"og:image\" content=\"https:\/\/svetslik.si\/wp-content\/uploads\/2021\/08\/image_dobro-starsevstvo_680.jpg\" \/>\n\t<meta property=\"og:image:width\" content=\"680\" \/>\n\t<meta property=\"og:image:height\" content=\"680\" \/>\n\t<meta property=\"og:image:type\" content=\"image\/jpeg\" \/>\n<meta name=\"twitter:card\" content=\"summary_large_image\" \/>\n<meta name=\"twitter:site\" content=\"@svetslik\" \/>\n<meta name=\"twitter:label1\" content=\"El\u00e9rhet\u0151s\u00e9g\" \/>\n\t<meta name=\"twitter:data1\" content=\"Beszerz\u00e9s alatt\" \/>\n<script type=\"application\/ld+json\" class=\"yoast-schema-graph\">{\"@context\":\"https:\/\/schema.org\",\"@graph\":[{\"@type\":[\"WebPage\",\"ItemPage\"],\"@id\":\"https:\/\/svetslik.si\/hu\/energiafestmenyek-1\/energetikus-kepek-jo-szuloi-munka\/\",\"url\":\"https:\/\/svetslik.si\/hu\/energiafestmenyek-1\/energetikus-kepek-jo-szuloi-munka\/\",\"name\":\"Energetikus k\u00e9pek - J\u00f3 sz\u00fcl\u0151i munka - SVETSLIK.SI - 100% k\u00e9zzel festett\",\"isPartOf\":{\"@id\":\"https:\/\/svetslik.si\/hu\/#website\"},\"primaryImageOfPage\":{\"@id\":\"https:\/\/svetslik.si\/hu\/energiafestmenyek-1\/energetikus-kepek-jo-szuloi-munka\/#primaryimage\"},\"image\":{\"@id\":\"https:\/\/svetslik.si\/hu\/energiafestmenyek-1\/energetikus-kepek-jo-szuloi-munka\/#primaryimage\"},\"thumbnailUrl\":\"https:\/\/svetslik.si\/wp-content\/uploads\/2021\/08\/image_dobro-starsevstvo_680.jpg\",\"datePublished\":\"2021-09-02T16:36:06+00:00\",\"dateModified\":\"2026-03-22T21:59:14+00:00\",\"description\":\"K\u00e9zzel festett energiak\u00e9p v\u00e1sznon - Energetikus k\u00e9pek - J\u00f3 sz\u00fcl\u0151i munka -. A k\u00e9pet egyedi alkalmaz\u00e1sunk seg\u00edts\u00e9g\u00e9vel keretezheti be az oldalon.\",\"breadcrumb\":{\"@id\":\"https:\/\/svetslik.si\/hu\/energiafestmenyek-1\/energetikus-kepek-jo-szuloi-munka\/#breadcrumb\"},\"inLanguage\":\"hu\",\"potentialAction\":[{\"@type\":\"ReadAction\",\"target\":[\"https:\/\/svetslik.si\/hu\/energiafestmenyek-1\/energetikus-kepek-jo-szuloi-munka\/\"]}]},{\"@type\":\"ImageObject\",\"inLanguage\":\"hu\",\"@id\":\"https:\/\/svetslik.si\/hu\/energiafestmenyek-1\/energetikus-kepek-jo-szuloi-munka\/#primaryimage\",\"url\":\"https:\/\/svetslik.si\/wp-content\/uploads\/2021\/08\/image_dobro-starsevstvo_680.jpg\",\"contentUrl\":\"https:\/\/svetslik.si\/wp-content\/uploads\/2021\/08\/image_dobro-starsevstvo_680.jpg\",\"width\":680,\"height\":680,\"caption\":\"Energia falfestm\u00e9nyek v\u00e1szonra - J\u00f3 sz\u00fcl\u0151i nevel\u00e9s - M\u0171v\u00e9szi fest\u00e9szet - modern festm\u00e9nyek, ambient falfestm\u00e9nyek, absztrakt festm\u00e9nyek, dekorat\u00edv falfestm\u00e9nyek, festm\u00e9nyek ad\u00e1sv\u00e9tele\"},{\"@type\":\"BreadcrumbList\",\"@id\":\"https:\/\/svetslik.si\/hu\/energiafestmenyek-1\/energetikus-kepek-jo-szuloi-munka\/#breadcrumb\",\"itemListElement\":[{\"@type\":\"ListItem\",\"position\":1,\"name\":\"Wall art and paintings on canvas\",\"item\":\"https:\/\/svetslik.si\/hu\/\"},{\"@type\":\"ListItem\",\"position\":2,\"name\":\"Festm\u00e9nyek elad\u00e1sa\",\"item\":\"https:\/\/svetslik.si\/prodaja-slik\/\"},{\"@type\":\"ListItem\",\"position\":3,\"name\":\"Energetikus k\u00e9pek &#8211; J\u00f3 sz\u00fcl\u0151i munka\"}]},{\"@type\":\"WebSite\",\"@id\":\"https:\/\/svetslik.si\/hu\/#website\",\"url\":\"https:\/\/svetslik.si\/hu\/\",\"name\":\"SVETSLIK.SI\",\"description\":\"100%-ban k\u00e9zzel festett reprodukci\u00f3k h\u00edres fest\u0151k festm\u00e9nyeir\u0151l \u00e9s festm\u00e9nyekr\u0151l v\u00e1szonra.\",\"publisher\":{\"@id\":\"https:\/\/svetslik.si\/hu\/#organization\"},\"potentialAction\":[{\"@type\":\"SearchAction\",\"target\":{\"@type\":\"EntryPoint\",\"urlTemplate\":\"https:\/\/svetslik.si\/hu\/?s={search_term_string}\"},\"query-input\":{\"@type\":\"PropertyValueSpecification\",\"valueRequired\":true,\"valueName\":\"search_term_string\"}}],\"inLanguage\":\"hu\"},{\"@type\":\"Organization\",\"@id\":\"https:\/\/svetslik.si\/hu\/#organization\",\"name\":\"SvetSlik.si\",\"url\":\"https:\/\/svetslik.si\/hu\/\",\"logo\":{\"@type\":\"ImageObject\",\"inLanguage\":\"hu\",\"@id\":\"https:\/\/svetslik.si\/hu\/#\/schema\/logo\/image\/\",\"url\":\"https:\/\/svetslik.si\/wp-content\/uploads\/2020\/12\/logo-512.png\",\"contentUrl\":\"https:\/\/svetslik.si\/wp-content\/uploads\/2020\/12\/logo-512.png\",\"width\":512,\"height\":512,\"caption\":\"SvetSlik.si\"},\"image\":{\"@id\":\"https:\/\/svetslik.si\/hu\/#\/schema\/logo\/image\/\"},\"sameAs\":[\"https:\/\/www.facebook.com\/svetslik.si\",\"https:\/\/x.com\/svetslik\",\"https:\/\/www.instagram.com\/svetslik.si\/\",\"https:\/\/www.linkedin.com\/company\/svetslik-si\"]}]}<\/script>\n<meta property=\"og:availability\" content=\"backorder\" \/>\n<meta property=\"product:availability\" content=\"available for order\" \/>\n<meta property=\"product:retailer_item_id\" content=\"642__\" \/>\n<meta property=\"product:condition\" content=\"new\" \/>\n<!-- \/ Yoast SEO Premium plugin. -->","yoast_head_json":{"title":"Energetikus k\u00e9pek - J\u00f3 sz\u00fcl\u0151i munka - SVETSLIK.SI - 100% k\u00e9zzel festett","description":"K\u00e9zzel festett energiak\u00e9p v\u00e1sznon - Energetikus k\u00e9pek - J\u00f3 sz\u00fcl\u0151i munka -. A k\u00e9pet egyedi alkalmaz\u00e1sunk seg\u00edts\u00e9g\u00e9vel keretezheti be az oldalon.","robots":{"index":"index","follow":"follow","max-snippet":"max-snippet:-1","max-image-preview":"max-image-preview:large","max-video-preview":"max-video-preview:-1"},"canonical":"https:\/\/svetslik.si\/hu\/energiafestmenyek-1\/energetikus-kepek-jo-szuloi-munka\/","og_locale":"hu_HU","og_type":"article","og_title":"Energetikus k\u00e9pek - J\u00f3 sz\u00fcl\u0151i munka","og_description":"100% ro\u010dno naslikane slike na platnu, reprodukcije znanih slikarjev in umetni\u0161ke slike po naro\u010dilu.","og_url":"https:\/\/svetslik.si\/hu\/energiafestmenyek-1\/energetikus-kepek-jo-szuloi-munka\/","og_site_name":"SVETSLIK.SI","article_publisher":"https:\/\/www.facebook.com\/svetslik.si","article_modified_time":"2026-03-22T21:59:14+00:00","og_image":[{"width":680,"height":680,"url":"https:\/\/svetslik.si\/wp-content\/uploads\/2021\/08\/image_dobro-starsevstvo_680.jpg","type":"image\/jpeg"}],"twitter_card":"summary_large_image","twitter_site":"@svetslik","twitter_misc":{"El\u00e9rhet\u0151s\u00e9g":"Beszerz\u00e9s alatt"},"schema":{"@context":"https:\/\/schema.org","@graph":[{"@type":["WebPage","ItemPage"],"@id":"https:\/\/svetslik.si\/hu\/energiafestmenyek-1\/energetikus-kepek-jo-szuloi-munka\/","url":"https:\/\/svetslik.si\/hu\/energiafestmenyek-1\/energetikus-kepek-jo-szuloi-munka\/","name":"Energetikus k\u00e9pek - J\u00f3 sz\u00fcl\u0151i munka - SVETSLIK.SI - 100% k\u00e9zzel festett","isPartOf":{"@id":"https:\/\/svetslik.si\/hu\/#website"},"primaryImageOfPage":{"@id":"https:\/\/svetslik.si\/hu\/energiafestmenyek-1\/energetikus-kepek-jo-szuloi-munka\/#primaryimage"},"image":{"@id":"https:\/\/svetslik.si\/hu\/energiafestmenyek-1\/energetikus-kepek-jo-szuloi-munka\/#primaryimage"},"thumbnailUrl":"https:\/\/svetslik.si\/wp-content\/uploads\/2021\/08\/image_dobro-starsevstvo_680.jpg","datePublished":"2021-09-02T16:36:06+00:00","dateModified":"2026-03-22T21:59:14+00:00","description":"K\u00e9zzel festett energiak\u00e9p v\u00e1sznon - Energetikus k\u00e9pek - J\u00f3 sz\u00fcl\u0151i munka -. A k\u00e9pet egyedi alkalmaz\u00e1sunk seg\u00edts\u00e9g\u00e9vel keretezheti be az oldalon.","breadcrumb":{"@id":"https:\/\/svetslik.si\/hu\/energiafestmenyek-1\/energetikus-kepek-jo-szuloi-munka\/#breadcrumb"},"inLanguage":"hu","potentialAction":[{"@type":"ReadAction","target":["https:\/\/svetslik.si\/hu\/energiafestmenyek-1\/energetikus-kepek-jo-szuloi-munka\/"]}]},{"@type":"ImageObject","inLanguage":"hu","@id":"https:\/\/svetslik.si\/hu\/energiafestmenyek-1\/energetikus-kepek-jo-szuloi-munka\/#primaryimage","url":"https:\/\/svetslik.si\/wp-content\/uploads\/2021\/08\/image_dobro-starsevstvo_680.jpg","contentUrl":"https:\/\/svetslik.si\/wp-content\/uploads\/2021\/08\/image_dobro-starsevstvo_680.jpg","width":680,"height":680,"caption":"Energia falfestm\u00e9nyek v\u00e1szonra - J\u00f3 sz\u00fcl\u0151i nevel\u00e9s - M\u0171v\u00e9szi fest\u00e9szet - modern festm\u00e9nyek, ambient falfestm\u00e9nyek, absztrakt festm\u00e9nyek, dekorat\u00edv falfestm\u00e9nyek, festm\u00e9nyek ad\u00e1sv\u00e9tele"},{"@type":"BreadcrumbList","@id":"https:\/\/svetslik.si\/hu\/energiafestmenyek-1\/energetikus-kepek-jo-szuloi-munka\/#breadcrumb","itemListElement":[{"@type":"ListItem","position":1,"name":"Wall art and paintings on canvas","item":"https:\/\/svetslik.si\/hu\/"},{"@type":"ListItem","position":2,"name":"Festm\u00e9nyek elad\u00e1sa","item":"https:\/\/svetslik.si\/prodaja-slik\/"},{"@type":"ListItem","position":3,"name":"Energetikus k\u00e9pek &#8211; J\u00f3 sz\u00fcl\u0151i munka"}]},{"@type":"WebSite","@id":"https:\/\/svetslik.si\/hu\/#website","url":"https:\/\/svetslik.si\/hu\/","name":"SVETSLIK.SI","description":"100%-ban k\u00e9zzel festett reprodukci\u00f3k h\u00edres fest\u0151k festm\u00e9nyeir\u0151l \u00e9s festm\u00e9nyekr\u0151l v\u00e1szonra.","publisher":{"@id":"https:\/\/svetslik.si\/hu\/#organization"},"potentialAction":[{"@type":"SearchAction","target":{"@type":"EntryPoint","urlTemplate":"https:\/\/svetslik.si\/hu\/?s={search_term_string}"},"query-input":{"@type":"PropertyValueSpecification","valueRequired":true,"valueName":"search_term_string"}}],"inLanguage":"hu"},{"@type":"Organization","@id":"https:\/\/svetslik.si\/hu\/#organization","name":"SvetSlik.si","url":"https:\/\/svetslik.si\/hu\/","logo":{"@type":"ImageObject","inLanguage":"hu","@id":"https:\/\/svetslik.si\/hu\/#\/schema\/logo\/image\/","url":"https:\/\/svetslik.si\/wp-content\/uploads\/2020\/12\/logo-512.png","contentUrl":"https:\/\/svetslik.si\/wp-content\/uploads\/2020\/12\/logo-512.png","width":512,"height":512,"caption":"SvetSlik.si"},"image":{"@id":"https:\/\/svetslik.si\/hu\/#\/schema\/logo\/image\/"},"sameAs":["https:\/\/www.facebook.com\/svetslik.si","https:\/\/x.com\/svetslik","https:\/\/www.instagram.com\/svetslik.si\/","https:\/\/www.linkedin.com\/company\/svetslik-si"]}]},"og_availability":"backorder","product_availability":"available for order","product_retailer_item_id":"642__","product_condition":"new"},"jetpack_sharing_enabled":true,"_links":{"self":[{"href":"https:\/\/svetslik.si\/hu\/wp-json\/wp\/v2\/product\/56462","targetHints":{"allow":["GET"]}}],"collection":[{"href":"https:\/\/svetslik.si\/hu\/wp-json\/wp\/v2\/product"}],"about":[{"href":"https:\/\/svetslik.si\/hu\/wp-json\/wp\/v2\/types\/product"}],"wp:featuredmedia":[{"embeddable":true,"href":"https:\/\/svetslik.si\/hu\/wp-json\/wp\/v2\/media\/49555"}],"wp:attachment":[{"href":"https:\/\/svetslik.si\/hu\/wp-json\/wp\/v2\/media?parent=56462"}],"wp:term":[{"taxonomy":"product_brand","embeddable":true,"href":"https:\/\/svetslik.si\/hu\/wp-json\/wp\/v2\/product_brand?post=56462"},{"taxonomy":"product_cat","embeddable":true,"href":"https:\/\/svetslik.si\/hu\/wp-json\/wp\/v2\/product_cat?post=56462"},{"taxonomy":"product_tag","embeddable":true,"href":"https:\/\/svetslik.si\/hu\/wp-json\/wp\/v2\/product_tag?post=56462"}],"curies":[{"name":"wp","href":"https:\/\/api.w.org\/{rel}","templated":true}]}}