{"id":56539,"date":"2021-09-02T18:37:31","date_gmt":"2021-09-02T16:37:31","guid":{"rendered":"https:\/\/svetslik.si\/nem-kategorizalt\/energija-privlacnosti\/"},"modified":"2026-03-22T22:59:50","modified_gmt":"2026-03-22T21:59:50","slug":"energetikus-kepek-vonzero-energia","status":"publish","type":"product","link":"https:\/\/svetslik.si\/hu\/energiafestmenyek-1\/energetikus-kepek-vonzero-energia\/","title":{"rendered":"Energetikus k\u00e9pek &#8211; Vonzer\u0151 energia"},"content":{"rendered":"<div class=\"wpb-content-wrapper\">[vc_row][vc_column][vc_column_text css=&#8221;&#8221;]\n<p data-start=\"8529\" data-end=\"8984\">Az energikus festm\u00e9ny v\u00e1sznon olyan energi\u00e1kat k\u00e9pvisel, amelyek k\u00e9pesek \u00e1tir\u00e1ny\u00edtani azokat az esem\u00e9nyeket, amelyek cs\u00f6kkenthetn\u00e9k a szeretetet \u00e9s a boldogs\u00e1got az \u00e9let\u00e9ben. Ez a k\u00e9p az \u00d6n jav\u00e1ra m\u0171k\u00f6dik, \u00e9s legy\u0151zhetetlen v\u00e9d\u0151pajzsot hoz l\u00e9tre mindenf\u00e9le megt\u00e9veszt\u00e9ssel szemben. A festm\u00e9ny birtokl\u00e1sa er\u0151s\u00edti azt az energi\u00e1t, amely lehet\u0151v\u00e9 teszi, hogy k\u00fcl\u00f6nleges vonzer\u0151t \u00e9s karizm\u00e1t sug\u00e1rozzon, \u00e9s ellen\u00e1llhatatlanul vonzza az embereket maga k\u00f6r\u00fcl.<\/p>\n<p data-start=\"8986\" data-end=\"9306\">Az energia kulcsfontoss\u00e1g\u00fa mindennapi \u00e9let\u00fcnkben. Az \u201eA vonz\u00e1s energi\u00e1ja\u201d c\u00edm\u0171 festm\u00e9ny kifejezetten arra lett tervezve, hogy pozit\u00edv \u00e9s er\u0151teljes energi\u00e1t teremtsen az \u00d6n ter\u00e9ben. Minden ecsetvon\u00e1s, minden sz\u00edn a v\u00e1sznon rezg\u00e9seket \u00e9s sz\u00e1nd\u00e9kot hordoz, amelyek seg\u00edtenek egyens\u00falyt \u00e9s harm\u00f3ni\u00e1t teremteni az \u00e9let\u00e9ben.<\/p>\n<p data-start=\"9308\" data-end=\"9678\">Ez a m\u0171alkot\u00e1s k\u00e9zzel k\u00e9sz\u00fclt, k\u00fcl\u00f6n\u00f6s gondoss\u00e1ggal \u00e9s a r\u00e9szletek ir\u00e1nti szeretettel. Minden ecset\u00e9rint\u00e9s gondosan megtervezett, hogy er\u0151s \u00e9s pozit\u00edv energi\u00e1t k\u00f6zvet\u00edtsen a v\u00e1szonra. Az \u201eA vonz\u00e1s energi\u00e1ja\u201d c\u00edm\u0171 festm\u00e9ny egyedi alkot\u00e1s, amelyet egy tapasztalt m\u0171v\u00e9sz k\u00e9sz\u00edtett azzal a c\u00e9llal, hogy seg\u00edtsen \u00d6nnek szeretetet, boldogs\u00e1got \u00e9s b\u0151s\u00e9get vonzani az \u00e9let\u00e9be.<\/p>\n<p data-start=\"9680\" data-end=\"9967\">Ez a festm\u00e9ny \u00f6szt\u00f6nz\u0151k\u00e9nt hat a bels\u0151 erej\u00e9re \u00e9s \u00f6nbizalm\u00e1ra. Amikor a ter\u00e9ben van, a k\u00f6rnyezet energi\u00e1ja \u00e1talakul, \u00e9s az \u00d6n jav\u00e1ra rendez\u0151dik. Az a vonzer\u0151 \u00e9s karizma, amelyet sug\u00e1rozni fog, m\u00e1sok figyelm\u00e9t is felkelti, er\u0151s\u00edti kapcsolatait, \u00e9s lehet\u0151v\u00e9 teszi a m\u00e9lyebb kapcsol\u00f3d\u00e1st.<\/p>\n<p data-start=\"9969\" data-end=\"10259\">Er\u0151teljes energetikai jelenl\u00e9te mellett az \u201eA vonz\u00e1s energi\u00e1ja\u201d c\u00edm\u0171 festm\u00e9ny eszt\u00e9tikailag is vonz\u00f3. A kiv\u00e1lasztott sz\u00ednek \u00e9s form\u00e1k gondosan \u00f6ssze vannak hangolva, hogy vizu\u00e1lis harm\u00f3ni\u00e1t teremtsenek. Ez a m\u0171alkot\u00e1s egyedi d\u00edsz\u00edt\u0151elemk\u00e9nt szolg\u00e1l majd a ter\u00e9ben, \u00e9s leny\u0171g\u00f6zi vend\u00e9geit.<\/p>\n<p data-start=\"10261\" data-end=\"10602\" data-is-last-node=\"\" data-is-only-node=\"\">Ak\u00e1r egy k\u00fcl\u00f6nleges m\u0171alkot\u00e1st keres, amely energi\u00e1t \u00e9s vonzer\u0151t ad otthon\u00e1nak vagy irod\u00e1j\u00e1nak, ak\u00e1r egy egyedi \u00e9s jelent\u0151s\u00e9gteljes aj\u00e1nd\u00e9kot szeretne adni valakinek, az \u201eA vonz\u00e1s energi\u00e1ja\u201d c\u00edm\u0171 festm\u00e9ny t\u00f6k\u00e9letes v\u00e1laszt\u00e1s. Er\u0151teljes energi\u00e1ja \u00e9s kiv\u00e9teles eszt\u00e9tik\u00e1ja biztosan inspir\u00e1lni fogja \u00d6nt \u00e9s hat\u00e1ssal lesz \u00d6nre \u00e9s a k\u00f6rnyezet\u00e9re.<\/p>\n[\/vc_column_text][\/vc_column][\/vc_row][vc_row css=&#8221;.vc_custom_1773828988752{margin-bottom: 10px !important;}&#8221;][vc_column]\t<div class=\"et-image-73 et-image  full   et_image_link\">\n\t\t<div class=\"et-image-inner \">\n\t\t\t\t\t\t\t<div class=\"et-image-thumb \">\n\t\t\t\t\t<img decoding=\"async\" width=\"1354\" height=\"2560\" src=\"https:\/\/svetslik.si\/wp-content\/uploads\/2021\/09\/Energijske-slike-\u2013-Energija-privlacnosti-scaled.jpg\" class=\"attachment-full\" alt=\"Energetikus k\u00e9pek - Vonzer\u0151 energia\" title=\"Energetikus k\u00e9pek - Vonzer\u0151 energia\" srcset=\"https:\/\/svetslik.si\/wp-content\/uploads\/2021\/09\/Energijske-slike-\u2013-Energija-privlacnosti-scaled.jpg 1354w, https:\/\/svetslik.si\/wp-content\/uploads\/2021\/09\/Energijske-slike-\u2013-Energija-privlacnosti-159x300.jpg 159w, https:\/\/svetslik.si\/wp-content\/uploads\/2021\/09\/Energijske-slike-\u2013-Energija-privlacnosti-541x1024.jpg 541w, https:\/\/svetslik.si\/wp-content\/uploads\/2021\/09\/Energijske-slike-\u2013-Energija-privlacnosti-768x1453.jpg 768w, https:\/\/svetslik.si\/wp-content\/uploads\/2021\/09\/Energijske-slike-\u2013-Energija-privlacnosti-812x1536.jpg 812w, https:\/\/svetslik.si\/wp-content\/uploads\/2021\/09\/Energijske-slike-\u2013-Energija-privlacnosti-1083x2048.jpg 1083w, https:\/\/svetslik.si\/wp-content\/uploads\/2021\/09\/Energijske-slike-\u2013-Energija-privlacnosti-79x150.jpg 79w, https:\/\/svetslik.si\/wp-content\/uploads\/2021\/09\/Energijske-slike-\u2013-Energija-privlacnosti-600x1135.jpg 600w, https:\/\/svetslik.si\/wp-content\/uploads\/2021\/09\/Energijske-slike-\u2013-Energija-privlacnosti-scaled-1200x2269.jpg 1200w\" sizes=\"(max-width: 1354px) 100vw, 1354px\" \/>\t\t\t\t<\/div>\n\t\t\t\t\t\t\t\t\t\t\t<\/div>\n\t<\/div>\n  [\/vc_column][\/vc_row][vc_row css=&#8221;.vc_custom_1773828988752{margin-bottom: 10px !important;}&#8221;][vc_column]\t<div class=\"et-image-808 et-image  full   et_image_link\">\n\t\t<div class=\"et-image-inner \">\n\t\t\t\t\t\t\t<div class=\"et-image-thumb \">\n\t\t\t\t\t<img decoding=\"async\" width=\"1319\" height=\"2560\" src=\"https:\/\/svetslik.si\/wp-content\/uploads\/2021\/09\/Energijske-slike-\u2013-Energija-privlacnosti-2-scaled.webp\" class=\"attachment-full\" alt=\"Energetikus k\u00e9pek - Vonzer\u0151 energia\" title=\"Energetikus k\u00e9pek - Vonzer\u0151 energia\" srcset=\"https:\/\/svetslik.si\/wp-content\/uploads\/2021\/09\/Energijske-slike-\u2013-Energija-privlacnosti-2-scaled.webp 1319w, https:\/\/svetslik.si\/wp-content\/uploads\/2021\/09\/Energijske-slike-\u2013-Energija-privlacnosti-2-155x300.webp 155w, https:\/\/svetslik.si\/wp-content\/uploads\/2021\/09\/Energijske-slike-\u2013-Energija-privlacnosti-2-527x1024.webp 527w, https:\/\/svetslik.si\/wp-content\/uploads\/2021\/09\/Energijske-slike-\u2013-Energija-privlacnosti-2-768x1491.webp 768w, https:\/\/svetslik.si\/wp-content\/uploads\/2021\/09\/Energijske-slike-\u2013-Energija-privlacnosti-2-791x1536.webp 791w, https:\/\/svetslik.si\/wp-content\/uploads\/2021\/09\/Energijske-slike-\u2013-Energija-privlacnosti-2-1055x2048.webp 1055w, https:\/\/svetslik.si\/wp-content\/uploads\/2021\/09\/Energijske-slike-\u2013-Energija-privlacnosti-2-77x150.webp 77w, https:\/\/svetslik.si\/wp-content\/uploads\/2021\/09\/Energijske-slike-\u2013-Energija-privlacnosti-2-600x1165.webp 600w, https:\/\/svetslik.si\/wp-content\/uploads\/2021\/09\/Energijske-slike-\u2013-Energija-privlacnosti-2-1200x2330.webp 1200w\" sizes=\"(max-width: 1319px) 100vw, 1319px\" \/>\t\t\t\t<\/div>\n\t\t\t\t\t\t\t\t\t\t\t<\/div>\n\t<\/div>\n  [\/vc_column][\/vc_row][vc_row css=&#8221;.vc_custom_1773828988752{margin-bottom: 10px !important;}&#8221;][vc_column]\t<div class=\"et-image-311 et-image  full   et_image_link\">\n\t\t<div class=\"et-image-inner \">\n\t\t\t\t\t\t\t<div class=\"et-image-thumb \">\n\t\t\t\t\t<img decoding=\"async\" width=\"1500\" height=\"2000\" src=\"https:\/\/svetslik.si\/wp-content\/uploads\/2021\/09\/Energijske-slike-\u2013-Energija-privlacnosti.webp\" class=\"attachment-full\" alt=\"Energetikus k\u00e9pek - Vonzer\u0151 energia\" title=\"Energetikus k\u00e9pek - Vonzer\u0151 energia\" srcset=\"https:\/\/svetslik.si\/wp-content\/uploads\/2021\/09\/Energijske-slike-\u2013-Energija-privlacnosti.webp 1500w, https:\/\/svetslik.si\/wp-content\/uploads\/2021\/09\/Energijske-slike-\u2013-Energija-privlacnosti-225x300.webp 225w, https:\/\/svetslik.si\/wp-content\/uploads\/2021\/09\/Energijske-slike-\u2013-Energija-privlacnosti-768x1024.webp 768w, https:\/\/svetslik.si\/wp-content\/uploads\/2021\/09\/Energijske-slike-\u2013-Energija-privlacnosti-1152x1536.webp 1152w, https:\/\/svetslik.si\/wp-content\/uploads\/2021\/09\/Energijske-slike-\u2013-Energija-privlacnosti-113x150.webp 113w, https:\/\/svetslik.si\/wp-content\/uploads\/2021\/09\/Energijske-slike-\u2013-Energija-privlacnosti-600x800.webp 600w, https:\/\/svetslik.si\/wp-content\/uploads\/2021\/09\/Energijske-slike-\u2013-Energija-privlacnosti-1200x1600.webp 1200w\" sizes=\"(max-width: 1500px) 100vw, 1500px\" \/>\t\t\t\t<\/div>\n\t\t\t\t\t\t\t\t\t\t\t<\/div>\n\t<\/div>\n  [\/vc_column][\/vc_row]\n<\/div>","protected":false},"excerpt":{"rendered":"<p>[vc_row][vc_column][vc_column_text css=&#8221;&#8221;] Az energikus festm\u00e9ny v\u00e1sznon olyan energi\u00e1kat k\u00e9pvisel, amelyek k\u00e9pesek \u00e1tir\u00e1ny\u00edtani azokat az esem\u00e9nyeket, amelyek cs\u00f6kkenthetn\u00e9k a szeretetet \u00e9s a boldogs\u00e1got az \u00e9let\u00e9ben. Ez a k\u00e9p az \u00d6n jav\u00e1ra m\u0171k\u00f6dik, \u00e9s legy\u0151zhetetlen v\u00e9d\u0151pajzsot hoz l\u00e9tre mindenf\u00e9le megt\u00e9veszt\u00e9ssel szemben. A festm\u00e9ny birtokl\u00e1sa er\u0151s\u00edti azt az energi\u00e1t, amely lehet\u0151v\u00e9 teszi, hogy [&hellip;]<\/p>\n","protected":false},"featured_media":49576,"template":"","meta":{"_acf_changed":false},"product_brand":[],"product_cat":[7121,7122],"product_tag":[7168],"class_list":{"0":"post-56539","1":"product","2":"type-product","3":"status-publish","4":"has-post-thumbnail","6":"product_cat-energiakepek","7":"product_cat-energiafestmenyek-1","8":"product_tag-energiafestmenyek","9":"pa_dimenzija-40-x-80-cm-hu","10":"pa_dimenzija-50-x-100-cm-hu","11":"pa_dimenzija-75-x-150-cm-hu","12":"pa_oblika-fuggoleges","13":"pa_okvir-nincs-keret","14":"pa_podokvir-igen","15":"pa_podokvir-nem","17":"first","18":"onbackorder","19":"purchasable","20":"product-type-variable","21":"has-default-attributes"},"acf":[],"yoast_head":"<!-- This site is optimized with the Yoast SEO Premium plugin v26.0 (Yoast SEO v27.2) - https:\/\/yoast.com\/product\/yoast-seo-premium-wordpress\/ -->\n<title>Energetikus k\u00e9pek - Vonzer\u0151 energia - SVETSLIK.SI - 100% k\u00e9zzel festett<\/title>\n<meta name=\"description\" content=\"K\u00e9zzel festett energiak\u00e9p v\u00e1sznon - Energetikus k\u00e9pek - Vonzer\u0151 energia -. A k\u00e9pet egyedi alkalmaz\u00e1sunk seg\u00edts\u00e9g\u00e9vel keretezheti be az oldalon.\" \/>\n<meta name=\"robots\" content=\"index, follow, max-snippet:-1, max-image-preview:large, max-video-preview:-1\" \/>\n<link rel=\"canonical\" href=\"https:\/\/svetslik.si\/hu\/energiafestmenyek-1\/energetikus-kepek-vonzero-energia\/\" \/>\n<meta property=\"og:locale\" content=\"hu_HU\" \/>\n<meta property=\"og:type\" content=\"article\" \/>\n<meta property=\"og:title\" content=\"Energetikus k\u00e9pek - Vonzer\u0151 energia\" \/>\n<meta property=\"og:description\" content=\"100% ro\u010dno naslikane slike na platnu, reprodukcije znanih slikarjev in umetni\u0161ke slike po naro\u010dilu.\" \/>\n<meta property=\"og:url\" content=\"https:\/\/svetslik.si\/hu\/energiafestmenyek-1\/energetikus-kepek-vonzero-energia\/\" \/>\n<meta property=\"og:site_name\" content=\"SVETSLIK.SI\" \/>\n<meta property=\"article:publisher\" content=\"https:\/\/www.facebook.com\/svetslik.si\" \/>\n<meta property=\"article:modified_time\" content=\"2026-03-22T21:59:50+00:00\" \/>\n<meta property=\"og:image\" content=\"https:\/\/svetslik.si\/wp-content\/uploads\/2021\/08\/image_energija-privlacnosti_680.jpg\" \/>\n\t<meta property=\"og:image:width\" content=\"345\" \/>\n\t<meta property=\"og:image:height\" content=\"680\" \/>\n\t<meta property=\"og:image:type\" content=\"image\/jpeg\" \/>\n<meta name=\"twitter:card\" content=\"summary_large_image\" \/>\n<meta name=\"twitter:site\" content=\"@svetslik\" \/>\n<meta name=\"twitter:label1\" content=\"El\u00e9rhet\u0151s\u00e9g\" \/>\n\t<meta name=\"twitter:data1\" content=\"Beszerz\u00e9s alatt\" \/>\n<script type=\"application\/ld+json\" class=\"yoast-schema-graph\">{\"@context\":\"https:\/\/schema.org\",\"@graph\":[{\"@type\":[\"WebPage\",\"ItemPage\"],\"@id\":\"https:\/\/svetslik.si\/hu\/energiafestmenyek-1\/energetikus-kepek-vonzero-energia\/\",\"url\":\"https:\/\/svetslik.si\/hu\/energiafestmenyek-1\/energetikus-kepek-vonzero-energia\/\",\"name\":\"Energetikus k\u00e9pek - Vonzer\u0151 energia - SVETSLIK.SI - 100% k\u00e9zzel festett\",\"isPartOf\":{\"@id\":\"https:\/\/svetslik.si\/hu\/#website\"},\"primaryImageOfPage\":{\"@id\":\"https:\/\/svetslik.si\/hu\/energiafestmenyek-1\/energetikus-kepek-vonzero-energia\/#primaryimage\"},\"image\":{\"@id\":\"https:\/\/svetslik.si\/hu\/energiafestmenyek-1\/energetikus-kepek-vonzero-energia\/#primaryimage\"},\"thumbnailUrl\":\"https:\/\/svetslik.si\/wp-content\/uploads\/2021\/08\/image_energija-privlacnosti_680.jpg\",\"datePublished\":\"2021-09-02T16:37:31+00:00\",\"dateModified\":\"2026-03-22T21:59:50+00:00\",\"description\":\"K\u00e9zzel festett energiak\u00e9p v\u00e1sznon - Energetikus k\u00e9pek - Vonzer\u0151 energia -. A k\u00e9pet egyedi alkalmaz\u00e1sunk seg\u00edts\u00e9g\u00e9vel keretezheti be az oldalon.\",\"breadcrumb\":{\"@id\":\"https:\/\/svetslik.si\/hu\/energiafestmenyek-1\/energetikus-kepek-vonzero-energia\/#breadcrumb\"},\"inLanguage\":\"hu\",\"potentialAction\":[{\"@type\":\"ReadAction\",\"target\":[\"https:\/\/svetslik.si\/hu\/energiafestmenyek-1\/energetikus-kepek-vonzero-energia\/\"]}]},{\"@type\":\"ImageObject\",\"inLanguage\":\"hu\",\"@id\":\"https:\/\/svetslik.si\/hu\/energiafestmenyek-1\/energetikus-kepek-vonzero-energia\/#primaryimage\",\"url\":\"https:\/\/svetslik.si\/wp-content\/uploads\/2021\/08\/image_energija-privlacnosti_680.jpg\",\"contentUrl\":\"https:\/\/svetslik.si\/wp-content\/uploads\/2021\/08\/image_energija-privlacnosti_680.jpg\",\"width\":345,\"height\":680,\"caption\":\"Energia falfestm\u00e9nyek v\u00e1szonra - Vonz\u00e1s energi\u00e1ja - M\u0171v\u00e9szi fest\u00e9szet - modern festm\u00e9nyek, ambient falfestm\u00e9nyek, absztrakt festm\u00e9nyek, dekorat\u00edv falfestm\u00e9nyek, festm\u00e9nyek ad\u00e1sv\u00e9tele\"},{\"@type\":\"BreadcrumbList\",\"@id\":\"https:\/\/svetslik.si\/hu\/energiafestmenyek-1\/energetikus-kepek-vonzero-energia\/#breadcrumb\",\"itemListElement\":[{\"@type\":\"ListItem\",\"position\":1,\"name\":\"Wall art and paintings on canvas\",\"item\":\"https:\/\/svetslik.si\/hu\/\"},{\"@type\":\"ListItem\",\"position\":2,\"name\":\"Festm\u00e9nyek elad\u00e1sa\",\"item\":\"https:\/\/svetslik.si\/prodaja-slik\/\"},{\"@type\":\"ListItem\",\"position\":3,\"name\":\"Energetikus k\u00e9pek &#8211; Vonzer\u0151 energia\"}]},{\"@type\":\"WebSite\",\"@id\":\"https:\/\/svetslik.si\/hu\/#website\",\"url\":\"https:\/\/svetslik.si\/hu\/\",\"name\":\"SVETSLIK.SI\",\"description\":\"100%-ban k\u00e9zzel festett reprodukci\u00f3k h\u00edres fest\u0151k festm\u00e9nyeir\u0151l \u00e9s festm\u00e9nyekr\u0151l v\u00e1szonra.\",\"publisher\":{\"@id\":\"https:\/\/svetslik.si\/hu\/#organization\"},\"potentialAction\":[{\"@type\":\"SearchAction\",\"target\":{\"@type\":\"EntryPoint\",\"urlTemplate\":\"https:\/\/svetslik.si\/hu\/?s={search_term_string}\"},\"query-input\":{\"@type\":\"PropertyValueSpecification\",\"valueRequired\":true,\"valueName\":\"search_term_string\"}}],\"inLanguage\":\"hu\"},{\"@type\":\"Organization\",\"@id\":\"https:\/\/svetslik.si\/hu\/#organization\",\"name\":\"SvetSlik.si\",\"url\":\"https:\/\/svetslik.si\/hu\/\",\"logo\":{\"@type\":\"ImageObject\",\"inLanguage\":\"hu\",\"@id\":\"https:\/\/svetslik.si\/hu\/#\/schema\/logo\/image\/\",\"url\":\"https:\/\/svetslik.si\/wp-content\/uploads\/2020\/12\/logo-512.png\",\"contentUrl\":\"https:\/\/svetslik.si\/wp-content\/uploads\/2020\/12\/logo-512.png\",\"width\":512,\"height\":512,\"caption\":\"SvetSlik.si\"},\"image\":{\"@id\":\"https:\/\/svetslik.si\/hu\/#\/schema\/logo\/image\/\"},\"sameAs\":[\"https:\/\/www.facebook.com\/svetslik.si\",\"https:\/\/x.com\/svetslik\",\"https:\/\/www.instagram.com\/svetslik.si\/\",\"https:\/\/www.linkedin.com\/company\/svetslik-si\"]}]}<\/script>\n<meta property=\"og:availability\" content=\"backorder\" \/>\n<meta property=\"product:availability\" content=\"available for order\" \/>\n<meta property=\"product:retailer_item_id\" content=\"662__\" \/>\n<meta property=\"product:condition\" content=\"new\" \/>\n<!-- \/ Yoast SEO Premium plugin. -->","yoast_head_json":{"title":"Energetikus k\u00e9pek - Vonzer\u0151 energia - SVETSLIK.SI - 100% k\u00e9zzel festett","description":"K\u00e9zzel festett energiak\u00e9p v\u00e1sznon - Energetikus k\u00e9pek - Vonzer\u0151 energia -. A k\u00e9pet egyedi alkalmaz\u00e1sunk seg\u00edts\u00e9g\u00e9vel keretezheti be az oldalon.","robots":{"index":"index","follow":"follow","max-snippet":"max-snippet:-1","max-image-preview":"max-image-preview:large","max-video-preview":"max-video-preview:-1"},"canonical":"https:\/\/svetslik.si\/hu\/energiafestmenyek-1\/energetikus-kepek-vonzero-energia\/","og_locale":"hu_HU","og_type":"article","og_title":"Energetikus k\u00e9pek - Vonzer\u0151 energia","og_description":"100% ro\u010dno naslikane slike na platnu, reprodukcije znanih slikarjev in umetni\u0161ke slike po naro\u010dilu.","og_url":"https:\/\/svetslik.si\/hu\/energiafestmenyek-1\/energetikus-kepek-vonzero-energia\/","og_site_name":"SVETSLIK.SI","article_publisher":"https:\/\/www.facebook.com\/svetslik.si","article_modified_time":"2026-03-22T21:59:50+00:00","og_image":[{"width":345,"height":680,"url":"https:\/\/svetslik.si\/wp-content\/uploads\/2021\/08\/image_energija-privlacnosti_680.jpg","type":"image\/jpeg"}],"twitter_card":"summary_large_image","twitter_site":"@svetslik","twitter_misc":{"El\u00e9rhet\u0151s\u00e9g":"Beszerz\u00e9s alatt"},"schema":{"@context":"https:\/\/schema.org","@graph":[{"@type":["WebPage","ItemPage"],"@id":"https:\/\/svetslik.si\/hu\/energiafestmenyek-1\/energetikus-kepek-vonzero-energia\/","url":"https:\/\/svetslik.si\/hu\/energiafestmenyek-1\/energetikus-kepek-vonzero-energia\/","name":"Energetikus k\u00e9pek - Vonzer\u0151 energia - SVETSLIK.SI - 100% k\u00e9zzel festett","isPartOf":{"@id":"https:\/\/svetslik.si\/hu\/#website"},"primaryImageOfPage":{"@id":"https:\/\/svetslik.si\/hu\/energiafestmenyek-1\/energetikus-kepek-vonzero-energia\/#primaryimage"},"image":{"@id":"https:\/\/svetslik.si\/hu\/energiafestmenyek-1\/energetikus-kepek-vonzero-energia\/#primaryimage"},"thumbnailUrl":"https:\/\/svetslik.si\/wp-content\/uploads\/2021\/08\/image_energija-privlacnosti_680.jpg","datePublished":"2021-09-02T16:37:31+00:00","dateModified":"2026-03-22T21:59:50+00:00","description":"K\u00e9zzel festett energiak\u00e9p v\u00e1sznon - Energetikus k\u00e9pek - Vonzer\u0151 energia -. A k\u00e9pet egyedi alkalmaz\u00e1sunk seg\u00edts\u00e9g\u00e9vel keretezheti be az oldalon.","breadcrumb":{"@id":"https:\/\/svetslik.si\/hu\/energiafestmenyek-1\/energetikus-kepek-vonzero-energia\/#breadcrumb"},"inLanguage":"hu","potentialAction":[{"@type":"ReadAction","target":["https:\/\/svetslik.si\/hu\/energiafestmenyek-1\/energetikus-kepek-vonzero-energia\/"]}]},{"@type":"ImageObject","inLanguage":"hu","@id":"https:\/\/svetslik.si\/hu\/energiafestmenyek-1\/energetikus-kepek-vonzero-energia\/#primaryimage","url":"https:\/\/svetslik.si\/wp-content\/uploads\/2021\/08\/image_energija-privlacnosti_680.jpg","contentUrl":"https:\/\/svetslik.si\/wp-content\/uploads\/2021\/08\/image_energija-privlacnosti_680.jpg","width":345,"height":680,"caption":"Energia falfestm\u00e9nyek v\u00e1szonra - Vonz\u00e1s energi\u00e1ja - M\u0171v\u00e9szi fest\u00e9szet - modern festm\u00e9nyek, ambient falfestm\u00e9nyek, absztrakt festm\u00e9nyek, dekorat\u00edv falfestm\u00e9nyek, festm\u00e9nyek ad\u00e1sv\u00e9tele"},{"@type":"BreadcrumbList","@id":"https:\/\/svetslik.si\/hu\/energiafestmenyek-1\/energetikus-kepek-vonzero-energia\/#breadcrumb","itemListElement":[{"@type":"ListItem","position":1,"name":"Wall art and paintings on canvas","item":"https:\/\/svetslik.si\/hu\/"},{"@type":"ListItem","position":2,"name":"Festm\u00e9nyek elad\u00e1sa","item":"https:\/\/svetslik.si\/prodaja-slik\/"},{"@type":"ListItem","position":3,"name":"Energetikus k\u00e9pek &#8211; Vonzer\u0151 energia"}]},{"@type":"WebSite","@id":"https:\/\/svetslik.si\/hu\/#website","url":"https:\/\/svetslik.si\/hu\/","name":"SVETSLIK.SI","description":"100%-ban k\u00e9zzel festett reprodukci\u00f3k h\u00edres fest\u0151k festm\u00e9nyeir\u0151l \u00e9s festm\u00e9nyekr\u0151l v\u00e1szonra.","publisher":{"@id":"https:\/\/svetslik.si\/hu\/#organization"},"potentialAction":[{"@type":"SearchAction","target":{"@type":"EntryPoint","urlTemplate":"https:\/\/svetslik.si\/hu\/?s={search_term_string}"},"query-input":{"@type":"PropertyValueSpecification","valueRequired":true,"valueName":"search_term_string"}}],"inLanguage":"hu"},{"@type":"Organization","@id":"https:\/\/svetslik.si\/hu\/#organization","name":"SvetSlik.si","url":"https:\/\/svetslik.si\/hu\/","logo":{"@type":"ImageObject","inLanguage":"hu","@id":"https:\/\/svetslik.si\/hu\/#\/schema\/logo\/image\/","url":"https:\/\/svetslik.si\/wp-content\/uploads\/2020\/12\/logo-512.png","contentUrl":"https:\/\/svetslik.si\/wp-content\/uploads\/2020\/12\/logo-512.png","width":512,"height":512,"caption":"SvetSlik.si"},"image":{"@id":"https:\/\/svetslik.si\/hu\/#\/schema\/logo\/image\/"},"sameAs":["https:\/\/www.facebook.com\/svetslik.si","https:\/\/x.com\/svetslik","https:\/\/www.instagram.com\/svetslik.si\/","https:\/\/www.linkedin.com\/company\/svetslik-si"]}]},"og_availability":"backorder","product_availability":"available for order","product_retailer_item_id":"662__","product_condition":"new"},"jetpack_sharing_enabled":true,"_links":{"self":[{"href":"https:\/\/svetslik.si\/hu\/wp-json\/wp\/v2\/product\/56539","targetHints":{"allow":["GET"]}}],"collection":[{"href":"https:\/\/svetslik.si\/hu\/wp-json\/wp\/v2\/product"}],"about":[{"href":"https:\/\/svetslik.si\/hu\/wp-json\/wp\/v2\/types\/product"}],"wp:featuredmedia":[{"embeddable":true,"href":"https:\/\/svetslik.si\/hu\/wp-json\/wp\/v2\/media\/49576"}],"wp:attachment":[{"href":"https:\/\/svetslik.si\/hu\/wp-json\/wp\/v2\/media?parent=56539"}],"wp:term":[{"taxonomy":"product_brand","embeddable":true,"href":"https:\/\/svetslik.si\/hu\/wp-json\/wp\/v2\/product_brand?post=56539"},{"taxonomy":"product_cat","embeddable":true,"href":"https:\/\/svetslik.si\/hu\/wp-json\/wp\/v2\/product_cat?post=56539"},{"taxonomy":"product_tag","embeddable":true,"href":"https:\/\/svetslik.si\/hu\/wp-json\/wp\/v2\/product_tag?post=56539"}],"curies":[{"name":"wp","href":"https:\/\/api.w.org\/{rel}","templated":true}]}}