{"id":56559,"date":"2021-09-02T18:37:52","date_gmt":"2021-09-02T16:37:52","guid":{"rendered":"https:\/\/svetslik.si\/nem-kategorizalt\/energija-osebne-moci\/"},"modified":"2026-03-22T23:00:27","modified_gmt":"2026-03-22T22:00:27","slug":"energetikus-kepek-szemelyes-ero-energia","status":"publish","type":"product","link":"https:\/\/svetslik.si\/hu\/energiafestmenyek-1\/energetikus-kepek-szemelyes-ero-energia\/","title":{"rendered":"Energetikus k\u00e9pek &#8211; Szem\u00e9lyes er\u0151 energia"},"content":{"rendered":"<div class=\"wpb-content-wrapper\">[vc_row css=&#8221;.vc_custom_1748084941676{margin-bottom: 10px !important;}&#8221;][vc_column]\t<div class=\"et-image-750 et-image     et_image_link\">\n\t\t<div class=\"et-image-inner \">\n\t\t\t\t\t\t\t<div class=\"et-image-thumb \">\n\t\t\t\t\t<img decoding=\"async\" width=\"1500\" height=\"2363\" src=\"https:\/\/svetslik.si\/wp-content\/uploads\/2021\/09\/Energijske-slike-\u2013-Energija-osebne-moci-4.jpg\" class=\"attachment-full\" alt=\"Energijske slike \u2013 Energija osebne mo\u010di\" title=\"Energetikus k\u00e9pek - Szem\u00e9lyes er\u0151 energia\" srcset=\"https:\/\/svetslik.si\/wp-content\/uploads\/2021\/09\/Energijske-slike-\u2013-Energija-osebne-moci-4.jpg 1500w, https:\/\/svetslik.si\/wp-content\/uploads\/2021\/09\/Energijske-slike-\u2013-Energija-osebne-moci-4-600x945.jpg 600w, https:\/\/svetslik.si\/wp-content\/uploads\/2021\/09\/Energijske-slike-\u2013-Energija-osebne-moci-4-1200x1890.jpg 1200w, https:\/\/svetslik.si\/wp-content\/uploads\/2021\/09\/Energijske-slike-\u2013-Energija-osebne-moci-4-190x300.jpg 190w, https:\/\/svetslik.si\/wp-content\/uploads\/2021\/09\/Energijske-slike-\u2013-Energija-osebne-moci-4-650x1024.jpg 650w, https:\/\/svetslik.si\/wp-content\/uploads\/2021\/09\/Energijske-slike-\u2013-Energija-osebne-moci-4-768x1210.jpg 768w, https:\/\/svetslik.si\/wp-content\/uploads\/2021\/09\/Energijske-slike-\u2013-Energija-osebne-moci-4-975x1536.jpg 975w, https:\/\/svetslik.si\/wp-content\/uploads\/2021\/09\/Energijske-slike-\u2013-Energija-osebne-moci-4-1300x2048.jpg 1300w, https:\/\/svetslik.si\/wp-content\/uploads\/2021\/09\/Energijske-slike-\u2013-Energija-osebne-moci-4-95x150.jpg 95w\" sizes=\"(max-width: 1500px) 100vw, 1500px\" \/>\t\t\t\t<\/div>\n\t\t\t\t\t\t\t\t\t\t\t<\/div>\n\t<\/div>\n  [\/vc_column][\/vc_row][vc_row css=&#8221;.vc_custom_1748084941676{margin-bottom: 10px !important;}&#8221;][vc_column]\t<div class=\"et-image-87 et-image     et_image_link\">\n\t\t<div class=\"et-image-inner \">\n\t\t\t\t\t\t\t<div class=\"et-image-thumb \">\n\t\t\t\t\t<img decoding=\"async\" width=\"1284\" height=\"2560\" src=\"https:\/\/svetslik.si\/wp-content\/uploads\/2021\/09\/Energijske-slike-\u2013-Energija-osebne-moci-3-scaled.jpg\" class=\"attachment-full\" alt=\"Energijske slike \u2013 Energija osebne mo\u010di\" title=\"Energetikus k\u00e9pek - Szem\u00e9lyes er\u0151 energia\" srcset=\"https:\/\/svetslik.si\/wp-content\/uploads\/2021\/09\/Energijske-slike-\u2013-Energija-osebne-moci-3-scaled.jpg 1284w, https:\/\/svetslik.si\/wp-content\/uploads\/2021\/09\/Energijske-slike-\u2013-Energija-osebne-moci-3-scaled-600x1196.jpg 600w, https:\/\/svetslik.si\/wp-content\/uploads\/2021\/09\/Energijske-slike-\u2013-Energija-osebne-moci-3-scaled-1200x2393.jpg 1200w, https:\/\/svetslik.si\/wp-content\/uploads\/2021\/09\/Energijske-slike-\u2013-Energija-osebne-moci-3-150x300.jpg 150w, https:\/\/svetslik.si\/wp-content\/uploads\/2021\/09\/Energijske-slike-\u2013-Energija-osebne-moci-3-513x1024.jpg 513w, https:\/\/svetslik.si\/wp-content\/uploads\/2021\/09\/Energijske-slike-\u2013-Energija-osebne-moci-3-768x1532.jpg 768w, https:\/\/svetslik.si\/wp-content\/uploads\/2021\/09\/Energijske-slike-\u2013-Energija-osebne-moci-3-770x1536.jpg 770w, https:\/\/svetslik.si\/wp-content\/uploads\/2021\/09\/Energijske-slike-\u2013-Energija-osebne-moci-3-1027x2048.jpg 1027w, https:\/\/svetslik.si\/wp-content\/uploads\/2021\/09\/Energijske-slike-\u2013-Energija-osebne-moci-3-75x150.jpg 75w\" sizes=\"(max-width: 1284px) 100vw, 1284px\" \/>\t\t\t\t<\/div>\n\t\t\t\t\t\t\t\t\t\t\t<\/div>\n\t<\/div>\n  [\/vc_column][\/vc_row][vc_row css=&#8221;.vc_custom_1748084941676{margin-bottom: 10px !important;}&#8221;][vc_column]\t<div class=\"et-image-735 et-image     et_image_link\">\n\t\t<div class=\"et-image-inner \">\n\t\t\t\t\t\t\t<div class=\"et-image-thumb \">\n\t\t\t\t\t<img decoding=\"async\" width=\"1354\" height=\"2560\" src=\"https:\/\/svetslik.si\/wp-content\/uploads\/2021\/09\/Energijske-slike-\u2013-Energija-osebne-moci-2-scaled.jpg\" class=\"attachment-full\" alt=\"Energijske slike \u2013 Energija osebne mo\u010di\" title=\"Energetikus k\u00e9pek - Szem\u00e9lyes er\u0151 energia\" srcset=\"https:\/\/svetslik.si\/wp-content\/uploads\/2021\/09\/Energijske-slike-\u2013-Energija-osebne-moci-2-scaled.jpg 1354w, https:\/\/svetslik.si\/wp-content\/uploads\/2021\/09\/Energijske-slike-\u2013-Energija-osebne-moci-2-scaled-600x1134.jpg 600w, https:\/\/svetslik.si\/wp-content\/uploads\/2021\/09\/Energijske-slike-\u2013-Energija-osebne-moci-2-scaled-1200x2269.jpg 1200w, https:\/\/svetslik.si\/wp-content\/uploads\/2021\/09\/Energijske-slike-\u2013-Energija-osebne-moci-2-159x300.jpg 159w, https:\/\/svetslik.si\/wp-content\/uploads\/2021\/09\/Energijske-slike-\u2013-Energija-osebne-moci-2-542x1024.jpg 542w, https:\/\/svetslik.si\/wp-content\/uploads\/2021\/09\/Energijske-slike-\u2013-Energija-osebne-moci-2-768x1452.jpg 768w, https:\/\/svetslik.si\/wp-content\/uploads\/2021\/09\/Energijske-slike-\u2013-Energija-osebne-moci-2-812x1536.jpg 812w, https:\/\/svetslik.si\/wp-content\/uploads\/2021\/09\/Energijske-slike-\u2013-Energija-osebne-moci-2-1083x2048.jpg 1083w, https:\/\/svetslik.si\/wp-content\/uploads\/2021\/09\/Energijske-slike-\u2013-Energija-osebne-moci-2-79x150.jpg 79w\" sizes=\"(max-width: 1354px) 100vw, 1354px\" \/>\t\t\t\t<\/div>\n\t\t\t\t\t\t\t\t\t\t\t<\/div>\n\t<\/div>\n  [\/vc_column][\/vc_row][vc_row css=&#8221;.vc_custom_1748084996538{margin-bottom: 10px !important;}&#8221;][vc_column]\t<div class=\"et-image-222 et-image     et_image_link\">\n\t\t<div class=\"et-image-inner \">\n\t\t\t\t\t\t\t<div class=\"et-image-thumb \">\n\t\t\t\t\t<img decoding=\"async\" width=\"1500\" height=\"1125\" src=\"https:\/\/svetslik.si\/wp-content\/uploads\/2021\/09\/Energijske-slike-\u2013-Energija-osebne-moci-1.jpg\" class=\"attachment-full\" alt=\"Energijske slike \u2013 Energija osebne mo\u010di\" title=\"Energetikus k\u00e9pek - Szem\u00e9lyes er\u0151 energia\" srcset=\"https:\/\/svetslik.si\/wp-content\/uploads\/2021\/09\/Energijske-slike-\u2013-Energija-osebne-moci-1.jpg 1500w, https:\/\/svetslik.si\/wp-content\/uploads\/2021\/09\/Energijske-slike-\u2013-Energija-osebne-moci-1-600x450.jpg 600w, https:\/\/svetslik.si\/wp-content\/uploads\/2021\/09\/Energijske-slike-\u2013-Energija-osebne-moci-1-1200x900.jpg 1200w, https:\/\/svetslik.si\/wp-content\/uploads\/2021\/09\/Energijske-slike-\u2013-Energija-osebne-moci-1-300x225.jpg 300w, https:\/\/svetslik.si\/wp-content\/uploads\/2021\/09\/Energijske-slike-\u2013-Energija-osebne-moci-1-1024x768.jpg 1024w, https:\/\/svetslik.si\/wp-content\/uploads\/2021\/09\/Energijske-slike-\u2013-Energija-osebne-moci-1-768x576.jpg 768w, https:\/\/svetslik.si\/wp-content\/uploads\/2021\/09\/Energijske-slike-\u2013-Energija-osebne-moci-1-150x113.jpg 150w\" sizes=\"(max-width: 1500px) 100vw, 1500px\" \/>\t\t\t\t<\/div>\n\t\t\t\t\t\t\t\t\t\t\t<\/div>\n\t<\/div>\n  [\/vc_column][\/vc_row][vc_row css=&#8221;.vc_custom_1748084996538{margin-bottom: 10px !important;}&#8221;][vc_column]\t<div class=\"et-image-778 et-image     et_image_link\">\n\t\t<div class=\"et-image-inner \">\n\t\t\t\t\t\t\t<div class=\"et-image-thumb \">\n\t\t\t\t\t<img decoding=\"async\" width=\"1500\" height=\"1125\" src=\"https:\/\/svetslik.si\/wp-content\/uploads\/2021\/09\/Energijske-slike-\u2013-Energija-osebne-moci-5.jpg\" class=\"attachment-full\" alt=\"Energijske slike \u2013 Energija osebne mo\u010di\" title=\"Energetikus k\u00e9pek - Szem\u00e9lyes er\u0151 energia\" srcset=\"https:\/\/svetslik.si\/wp-content\/uploads\/2021\/09\/Energijske-slike-\u2013-Energija-osebne-moci-5.jpg 1500w, https:\/\/svetslik.si\/wp-content\/uploads\/2021\/09\/Energijske-slike-\u2013-Energija-osebne-moci-5-600x450.jpg 600w, https:\/\/svetslik.si\/wp-content\/uploads\/2021\/09\/Energijske-slike-\u2013-Energija-osebne-moci-5-1200x900.jpg 1200w, https:\/\/svetslik.si\/wp-content\/uploads\/2021\/09\/Energijske-slike-\u2013-Energija-osebne-moci-5-300x225.jpg 300w, https:\/\/svetslik.si\/wp-content\/uploads\/2021\/09\/Energijske-slike-\u2013-Energija-osebne-moci-5-1024x768.jpg 1024w, https:\/\/svetslik.si\/wp-content\/uploads\/2021\/09\/Energijske-slike-\u2013-Energija-osebne-moci-5-768x576.jpg 768w, https:\/\/svetslik.si\/wp-content\/uploads\/2021\/09\/Energijske-slike-\u2013-Energija-osebne-moci-5-150x113.jpg 150w\" sizes=\"(max-width: 1500px) 100vw, 1500px\" \/>\t\t\t\t<\/div>\n\t\t\t\t\t\t\t\t\t\t\t<\/div>\n\t<\/div>\n  [\/vc_column][\/vc_row][vc_row][vc_column][vc_column_text]\n<h1>Energiak\u00e9pek \u2013 A szem\u00e9lyes er\u0151 energi\u00e1ja<\/h1>\n<p>A &#8220;Szem\u00e9lyes er\u0151 energi\u00e1ja&#8221; nev\u0171 energiafest\u00e9s egy k\u00fcl\u00f6nleges m\u0171v\u00e9szeti term\u00e9k, amelyet szeretettel hoztak l\u00e9tre, \u00e9s arra tervezt\u00e9k, hogy er\u0151s\u00edtse az \u00e9letedben a pozit\u00edv energi\u00e1t. Ezt az egyedi k\u00e9pet \u00fagy tervezt\u00e9k, hogy t\u00e1mogassa bels\u0151 erej\u00e9t, \u00e9s seg\u00edtsen olyan energikus k\u00f6rnyezet megteremt\u00e9s\u00e9ben, amely a legjobban t\u00e1mogatja \u201esz\u00edv\u00fatj\u00e1t\u201d.<\/p>\n<p>A &#8220;Szem\u00e9lyes Er\u0151 energi\u00e1ja&#8221; inspir\u00e1ci\u00f3k\u00e9nt \u00e9s \u00f6szt\u00f6nz\u0151k\u00e9nt hat egy er\u0151s bels\u0151 \u00e9s k\u00fcls\u0151 energiamez\u0151 fel\u00e9p\u00edt\u00e9s\u00e9hez. Ez a k\u00e9p sok szinten m\u0171k\u00f6dik, \u00e9s a f\u00e9lelmek, aggodalmak \u00e9s probl\u00e9m\u00e1k szor\u00edt\u00e1s\u00e1b\u00f3l val\u00f3 megszabadul\u00e1sra \u00f6sszpontos\u00edt. Ha ott van a teredben, az energi\u00e1ja dolgozni fog rajtad, \u00e9s arra \u00f6szt\u00f6n\u00f6z, hogy b\u00edzz magadban, \u00e9s k\u00f6vesd \u00e1lmaidat \u00e9s c\u00e9ljaidat.<\/p>\n<p>Ez az energiak\u00e9p er\u0151sen befoly\u00e1solja az \u00f6tletek megval\u00f3sul\u00e1s\u00e1t is. Sz\u00edneivel, mint\u00e1ival \u00e9s szimb\u00f3lumaival aktiv\u00e1lja az er\u0151 \u00e9s az \u00f6nbizalom rejtett lehet\u0151s\u00e9geit, amelyeket magadban hordozol. Ha rendszeres kapcsolatba l\u00e9psz ezzel a k\u00e9ppel, \u00e9rezni fogod, hogy bels\u0151 er\u0151d n\u00f6vekszik, az \u00f6tletek kezdenek megval\u00f3sulni, \u00e9s \u00faj lehet\u0151s\u00e9gek ny\u00edlnak meg.<\/p>\n<p>E energikus festm\u00e9ny minden ecsetvon\u00e1sa az alkot\u00f3 m\u0171v\u00e9sz sz\u00e1nd\u00e9k\u00e1t \u00e9s energi\u00e1j\u00e1t hordozza mag\u00e1ban. K\u00e9zzel rajzolt \u00e9s festett, minden r\u00e9szlet gondosan \u00e1tgondolt, hogy a legjobb rezg\u00e9st \u00e9s energia\u00e1raml\u00e1st hozza l\u00e9tre. Ez egy olyan m\u0171alkot\u00e1s, amely pozit\u00edv energi\u00e1t hordoz mag\u00e1ban, amely egyed\u00fcl\u00e1ll\u00f3 m\u00f3don befoly\u00e1solja az \u00e9letedet.<\/p>\n<p>A \u201eSzem\u00e9lyes er\u0151 energi\u00e1ja\u201d v\u00e1s\u00e1rl\u00e1sa t\u00f6bb, mint egy m\u0171alkot\u00e1s megszerz\u00e9se. Ez egy befektet\u00e9s az \u00d6n j\u00f3l\u00e9t\u00e9be, n\u00f6veked\u00e9s\u00e9be \u00e9s fejl\u0151d\u00e9s\u00e9be. Ha ez a k\u00e9p otthon\u00e1ban vagy irod\u00e1j\u00e1ban van, sz\u00f6vets\u00e9gese \u00e9s inspir\u00e1ci\u00f3forr\u00e1sa lesz. Minden r\u00e1n\u00e9z\u00e9s seg\u00edt eml\u00e9kezni arra, hogy benned van a c\u00e9ljaid el\u00e9r\u00e9s\u00e9hez sz\u00fcks\u00e9ges er\u0151, \u00e9s te vagy a saj\u00e1t sorsod alkot\u00f3ja.<\/p>\n<p>Ne v\u00e1rjon tov\u00e1bb, hogy felemelje energi\u00e1j\u00e1t \u00e9s felfedezze rejtett lehet\u0151s\u00e9geit. A &#8220;Szem\u00e9lyes Er\u0151 energi\u00e1ja&#8221; seg\u00edts\u00e9g\u00e9vel harm\u00f3ni\u00e1t teremt bels\u0151 ereje \u00e9s k\u00f6rnyezete k\u00f6z\u00f6tt, \u00e9s megteremti a sikerhez \u00e9s az el\u00e9gedetts\u00e9ghez sz\u00fcks\u00e9ges t\u00e1mogat\u00e1st. V\u00e1lassza ezt az energiak\u00e9pet, \u00e9s hagyja, hogy pozit\u00edv energi\u00e1ja seg\u00edtsen megval\u00f3s\u00edtani \u00e1lmait, \u00e9s teljes \u00e9letet \u00e9lni.[\/vc_column_text][\/vc_column][\/vc_row]\n<\/div>","protected":false},"excerpt":{"rendered":"<p>[vc_row css=&#8221;.vc_custom_1748084941676{margin-bottom: 10px !important;}&#8221;][vc_column][\/vc_column][\/vc_row][vc_row css=&#8221;.vc_custom_1748084941676{margin-bottom: 10px !important;}&#8221;][vc_column][\/vc_column][\/vc_row][vc_row css=&#8221;.vc_custom_1748084941676{margin-bottom: 10px !important;}&#8221;][vc_column][\/vc_column][\/vc_row][vc_row css=&#8221;.vc_custom_1748084996538{margin-bottom: 10px !important;}&#8221;][vc_column][\/vc_column][\/vc_row][vc_row css=&#8221;.vc_custom_1748084996538{margin-bottom: 10px !important;}&#8221;][vc_column][\/vc_column][\/vc_row][vc_row][vc_column][vc_column_text] Energiak\u00e9pek \u2013 A szem\u00e9lyes er\u0151 energi\u00e1ja A &#8220;Szem\u00e9lyes er\u0151 energi\u00e1ja&#8221; nev\u0171 energiafest\u00e9s egy k\u00fcl\u00f6nleges m\u0171v\u00e9szeti term\u00e9k, amelyet szeretettel hoztak l\u00e9tre, \u00e9s arra tervezt\u00e9k, hogy er\u0151s\u00edtse az \u00e9letedben a pozit\u00edv energi\u00e1t. Ezt az egyedi k\u00e9pet [&hellip;]<\/p>\n","protected":false},"featured_media":50095,"template":"","meta":{"_acf_changed":false},"product_brand":[],"product_cat":[7121,7122],"product_tag":[7168],"class_list":{"0":"post-56559","1":"product","2":"type-product","3":"status-publish","4":"has-post-thumbnail","6":"product_cat-energiakepek","7":"product_cat-energiafestmenyek-1","8":"product_tag-energiafestmenyek","9":"pa_dimenzija-100-x-100-cm-hu","10":"pa_dimenzija-40-x-80-cm-hu","11":"pa_dimenzija-50-x-100-cm-hu","12":"pa_dimenzija-60-x-120-cm-hu","13":"pa_dimenzija-75-x-150-cm-hu","14":"pa_oblika-negyzet","15":"pa_okvir-nincs-keret","16":"pa_podokvir-igen","17":"pa_podokvir-nem","19":"first","20":"instock","21":"purchasable","22":"product-type-variable","23":"has-default-attributes"},"acf":[],"yoast_head":"<!-- This site is optimized with the Yoast SEO Premium plugin v26.0 (Yoast SEO v27.2) - https:\/\/yoast.com\/product\/yoast-seo-premium-wordpress\/ -->\n<title>Energetikus k\u00e9pek - Szem\u00e9lyes er\u0151 energia - SVETSLIK.SI - 100% k\u00e9zzel festett<\/title>\n<meta name=\"description\" content=\"K\u00e9zzel festett energiak\u00e9p v\u00e1sznon - Energetikus k\u00e9pek - Szem\u00e9lyes er\u0151 energia -. A k\u00e9pet egyedi alkalmaz\u00e1sunk seg\u00edts\u00e9g\u00e9vel keretezheti be az oldalon.\" \/>\n<meta name=\"robots\" content=\"index, follow, max-snippet:-1, max-image-preview:large, max-video-preview:-1\" \/>\n<link rel=\"canonical\" href=\"https:\/\/svetslik.si\/hu\/energiafestmenyek-1\/energetikus-kepek-szemelyes-ero-energia\/\" \/>\n<meta property=\"og:locale\" content=\"hu_HU\" \/>\n<meta property=\"og:type\" content=\"article\" \/>\n<meta property=\"og:title\" content=\"Energetikus k\u00e9pek - Szem\u00e9lyes er\u0151 energia\" \/>\n<meta property=\"og:description\" content=\"100% ro\u010dno naslikane slike na platnu, reprodukcije znanih slikarjev in umetni\u0161ke slike po naro\u010dilu.\" \/>\n<meta property=\"og:url\" content=\"https:\/\/svetslik.si\/hu\/energiafestmenyek-1\/energetikus-kepek-szemelyes-ero-energia\/\" \/>\n<meta property=\"og:site_name\" content=\"SVETSLIK.SI\" \/>\n<meta property=\"article:publisher\" content=\"https:\/\/www.facebook.com\/svetslik.si\" \/>\n<meta property=\"article:modified_time\" content=\"2026-03-22T22:00:27+00:00\" \/>\n<meta property=\"og:image\" content=\"https:\/\/svetslik.si\/wp-content\/uploads\/2021\/08\/image_svetslik-35_680.jpg\" \/>\n\t<meta property=\"og:image:width\" content=\"347\" \/>\n\t<meta property=\"og:image:height\" content=\"680\" \/>\n\t<meta property=\"og:image:type\" content=\"image\/jpeg\" \/>\n<meta name=\"twitter:card\" content=\"summary_large_image\" \/>\n<meta name=\"twitter:site\" content=\"@svetslik\" \/>\n<meta name=\"twitter:label1\" content=\"El\u00e9rhet\u0151s\u00e9g\" \/>\n\t<meta name=\"twitter:data1\" content=\"K\u00e9szleten\" \/>\n<script type=\"application\/ld+json\" class=\"yoast-schema-graph\">{\"@context\":\"https:\/\/schema.org\",\"@graph\":[{\"@type\":[\"WebPage\",\"ItemPage\"],\"@id\":\"https:\/\/svetslik.si\/hu\/energiafestmenyek-1\/energetikus-kepek-szemelyes-ero-energia\/\",\"url\":\"https:\/\/svetslik.si\/hu\/energiafestmenyek-1\/energetikus-kepek-szemelyes-ero-energia\/\",\"name\":\"Energetikus k\u00e9pek - Szem\u00e9lyes er\u0151 energia - SVETSLIK.SI - 100% k\u00e9zzel festett\",\"isPartOf\":{\"@id\":\"https:\/\/svetslik.si\/hu\/#website\"},\"primaryImageOfPage\":{\"@id\":\"https:\/\/svetslik.si\/hu\/energiafestmenyek-1\/energetikus-kepek-szemelyes-ero-energia\/#primaryimage\"},\"image\":{\"@id\":\"https:\/\/svetslik.si\/hu\/energiafestmenyek-1\/energetikus-kepek-szemelyes-ero-energia\/#primaryimage\"},\"thumbnailUrl\":\"https:\/\/svetslik.si\/wp-content\/uploads\/2021\/08\/image_svetslik-35_680.jpg\",\"datePublished\":\"2021-09-02T16:37:52+00:00\",\"dateModified\":\"2026-03-22T22:00:27+00:00\",\"description\":\"K\u00e9zzel festett energiak\u00e9p v\u00e1sznon - Energetikus k\u00e9pek - Szem\u00e9lyes er\u0151 energia -. A k\u00e9pet egyedi alkalmaz\u00e1sunk seg\u00edts\u00e9g\u00e9vel keretezheti be az oldalon.\",\"breadcrumb\":{\"@id\":\"https:\/\/svetslik.si\/hu\/energiafestmenyek-1\/energetikus-kepek-szemelyes-ero-energia\/#breadcrumb\"},\"inLanguage\":\"hu\",\"potentialAction\":[{\"@type\":\"ReadAction\",\"target\":[\"https:\/\/svetslik.si\/hu\/energiafestmenyek-1\/energetikus-kepek-szemelyes-ero-energia\/\"]}]},{\"@type\":\"ImageObject\",\"inLanguage\":\"hu\",\"@id\":\"https:\/\/svetslik.si\/hu\/energiafestmenyek-1\/energetikus-kepek-szemelyes-ero-energia\/#primaryimage\",\"url\":\"https:\/\/svetslik.si\/wp-content\/uploads\/2021\/08\/image_svetslik-35_680.jpg\",\"contentUrl\":\"https:\/\/svetslik.si\/wp-content\/uploads\/2021\/08\/image_svetslik-35_680.jpg\",\"width\":347,\"height\":680,\"caption\":\"Energetikus k\u00e9pek - Szem\u00e9lyes er\u0151 energia\"},{\"@type\":\"BreadcrumbList\",\"@id\":\"https:\/\/svetslik.si\/hu\/energiafestmenyek-1\/energetikus-kepek-szemelyes-ero-energia\/#breadcrumb\",\"itemListElement\":[{\"@type\":\"ListItem\",\"position\":1,\"name\":\"Wall art and paintings on canvas\",\"item\":\"https:\/\/svetslik.si\/hu\/\"},{\"@type\":\"ListItem\",\"position\":2,\"name\":\"Festm\u00e9nyek elad\u00e1sa\",\"item\":\"https:\/\/svetslik.si\/prodaja-slik\/\"},{\"@type\":\"ListItem\",\"position\":3,\"name\":\"Energetikus k\u00e9pek &#8211; Szem\u00e9lyes er\u0151 energia\"}]},{\"@type\":\"WebSite\",\"@id\":\"https:\/\/svetslik.si\/hu\/#website\",\"url\":\"https:\/\/svetslik.si\/hu\/\",\"name\":\"SVETSLIK.SI\",\"description\":\"100%-ban k\u00e9zzel festett reprodukci\u00f3k h\u00edres fest\u0151k festm\u00e9nyeir\u0151l \u00e9s festm\u00e9nyekr\u0151l v\u00e1szonra.\",\"publisher\":{\"@id\":\"https:\/\/svetslik.si\/hu\/#organization\"},\"potentialAction\":[{\"@type\":\"SearchAction\",\"target\":{\"@type\":\"EntryPoint\",\"urlTemplate\":\"https:\/\/svetslik.si\/hu\/?s={search_term_string}\"},\"query-input\":{\"@type\":\"PropertyValueSpecification\",\"valueRequired\":true,\"valueName\":\"search_term_string\"}}],\"inLanguage\":\"hu\"},{\"@type\":\"Organization\",\"@id\":\"https:\/\/svetslik.si\/hu\/#organization\",\"name\":\"SvetSlik.si\",\"url\":\"https:\/\/svetslik.si\/hu\/\",\"logo\":{\"@type\":\"ImageObject\",\"inLanguage\":\"hu\",\"@id\":\"https:\/\/svetslik.si\/hu\/#\/schema\/logo\/image\/\",\"url\":\"https:\/\/svetslik.si\/wp-content\/uploads\/2020\/12\/logo-512.png\",\"contentUrl\":\"https:\/\/svetslik.si\/wp-content\/uploads\/2020\/12\/logo-512.png\",\"width\":512,\"height\":512,\"caption\":\"SvetSlik.si\"},\"image\":{\"@id\":\"https:\/\/svetslik.si\/hu\/#\/schema\/logo\/image\/\"},\"sameAs\":[\"https:\/\/www.facebook.com\/svetslik.si\",\"https:\/\/x.com\/svetslik\",\"https:\/\/www.instagram.com\/svetslik.si\/\",\"https:\/\/www.linkedin.com\/company\/svetslik-si\"]}]}<\/script>\n<meta property=\"og:availability\" content=\"instock\" \/>\n<meta property=\"product:availability\" content=\"instock\" \/>\n<meta property=\"product:retailer_item_id\" content=\"667__\" \/>\n<meta property=\"product:condition\" content=\"new\" \/>\n<!-- \/ Yoast SEO Premium plugin. -->","yoast_head_json":{"title":"Energetikus k\u00e9pek - Szem\u00e9lyes er\u0151 energia - SVETSLIK.SI - 100% k\u00e9zzel festett","description":"K\u00e9zzel festett energiak\u00e9p v\u00e1sznon - Energetikus k\u00e9pek - Szem\u00e9lyes er\u0151 energia -. A k\u00e9pet egyedi alkalmaz\u00e1sunk seg\u00edts\u00e9g\u00e9vel keretezheti be az oldalon.","robots":{"index":"index","follow":"follow","max-snippet":"max-snippet:-1","max-image-preview":"max-image-preview:large","max-video-preview":"max-video-preview:-1"},"canonical":"https:\/\/svetslik.si\/hu\/energiafestmenyek-1\/energetikus-kepek-szemelyes-ero-energia\/","og_locale":"hu_HU","og_type":"article","og_title":"Energetikus k\u00e9pek - Szem\u00e9lyes er\u0151 energia","og_description":"100% ro\u010dno naslikane slike na platnu, reprodukcije znanih slikarjev in umetni\u0161ke slike po naro\u010dilu.","og_url":"https:\/\/svetslik.si\/hu\/energiafestmenyek-1\/energetikus-kepek-szemelyes-ero-energia\/","og_site_name":"SVETSLIK.SI","article_publisher":"https:\/\/www.facebook.com\/svetslik.si","article_modified_time":"2026-03-22T22:00:27+00:00","og_image":[{"width":347,"height":680,"url":"https:\/\/svetslik.si\/wp-content\/uploads\/2021\/08\/image_svetslik-35_680.jpg","type":"image\/jpeg"}],"twitter_card":"summary_large_image","twitter_site":"@svetslik","twitter_misc":{"El\u00e9rhet\u0151s\u00e9g":"K\u00e9szleten"},"schema":{"@context":"https:\/\/schema.org","@graph":[{"@type":["WebPage","ItemPage"],"@id":"https:\/\/svetslik.si\/hu\/energiafestmenyek-1\/energetikus-kepek-szemelyes-ero-energia\/","url":"https:\/\/svetslik.si\/hu\/energiafestmenyek-1\/energetikus-kepek-szemelyes-ero-energia\/","name":"Energetikus k\u00e9pek - Szem\u00e9lyes er\u0151 energia - SVETSLIK.SI - 100% k\u00e9zzel festett","isPartOf":{"@id":"https:\/\/svetslik.si\/hu\/#website"},"primaryImageOfPage":{"@id":"https:\/\/svetslik.si\/hu\/energiafestmenyek-1\/energetikus-kepek-szemelyes-ero-energia\/#primaryimage"},"image":{"@id":"https:\/\/svetslik.si\/hu\/energiafestmenyek-1\/energetikus-kepek-szemelyes-ero-energia\/#primaryimage"},"thumbnailUrl":"https:\/\/svetslik.si\/wp-content\/uploads\/2021\/08\/image_svetslik-35_680.jpg","datePublished":"2021-09-02T16:37:52+00:00","dateModified":"2026-03-22T22:00:27+00:00","description":"K\u00e9zzel festett energiak\u00e9p v\u00e1sznon - Energetikus k\u00e9pek - Szem\u00e9lyes er\u0151 energia -. A k\u00e9pet egyedi alkalmaz\u00e1sunk seg\u00edts\u00e9g\u00e9vel keretezheti be az oldalon.","breadcrumb":{"@id":"https:\/\/svetslik.si\/hu\/energiafestmenyek-1\/energetikus-kepek-szemelyes-ero-energia\/#breadcrumb"},"inLanguage":"hu","potentialAction":[{"@type":"ReadAction","target":["https:\/\/svetslik.si\/hu\/energiafestmenyek-1\/energetikus-kepek-szemelyes-ero-energia\/"]}]},{"@type":"ImageObject","inLanguage":"hu","@id":"https:\/\/svetslik.si\/hu\/energiafestmenyek-1\/energetikus-kepek-szemelyes-ero-energia\/#primaryimage","url":"https:\/\/svetslik.si\/wp-content\/uploads\/2021\/08\/image_svetslik-35_680.jpg","contentUrl":"https:\/\/svetslik.si\/wp-content\/uploads\/2021\/08\/image_svetslik-35_680.jpg","width":347,"height":680,"caption":"Energetikus k\u00e9pek - Szem\u00e9lyes er\u0151 energia"},{"@type":"BreadcrumbList","@id":"https:\/\/svetslik.si\/hu\/energiafestmenyek-1\/energetikus-kepek-szemelyes-ero-energia\/#breadcrumb","itemListElement":[{"@type":"ListItem","position":1,"name":"Wall art and paintings on canvas","item":"https:\/\/svetslik.si\/hu\/"},{"@type":"ListItem","position":2,"name":"Festm\u00e9nyek elad\u00e1sa","item":"https:\/\/svetslik.si\/prodaja-slik\/"},{"@type":"ListItem","position":3,"name":"Energetikus k\u00e9pek &#8211; Szem\u00e9lyes er\u0151 energia"}]},{"@type":"WebSite","@id":"https:\/\/svetslik.si\/hu\/#website","url":"https:\/\/svetslik.si\/hu\/","name":"SVETSLIK.SI","description":"100%-ban k\u00e9zzel festett reprodukci\u00f3k h\u00edres fest\u0151k festm\u00e9nyeir\u0151l \u00e9s festm\u00e9nyekr\u0151l v\u00e1szonra.","publisher":{"@id":"https:\/\/svetslik.si\/hu\/#organization"},"potentialAction":[{"@type":"SearchAction","target":{"@type":"EntryPoint","urlTemplate":"https:\/\/svetslik.si\/hu\/?s={search_term_string}"},"query-input":{"@type":"PropertyValueSpecification","valueRequired":true,"valueName":"search_term_string"}}],"inLanguage":"hu"},{"@type":"Organization","@id":"https:\/\/svetslik.si\/hu\/#organization","name":"SvetSlik.si","url":"https:\/\/svetslik.si\/hu\/","logo":{"@type":"ImageObject","inLanguage":"hu","@id":"https:\/\/svetslik.si\/hu\/#\/schema\/logo\/image\/","url":"https:\/\/svetslik.si\/wp-content\/uploads\/2020\/12\/logo-512.png","contentUrl":"https:\/\/svetslik.si\/wp-content\/uploads\/2020\/12\/logo-512.png","width":512,"height":512,"caption":"SvetSlik.si"},"image":{"@id":"https:\/\/svetslik.si\/hu\/#\/schema\/logo\/image\/"},"sameAs":["https:\/\/www.facebook.com\/svetslik.si","https:\/\/x.com\/svetslik","https:\/\/www.instagram.com\/svetslik.si\/","https:\/\/www.linkedin.com\/company\/svetslik-si"]}]},"og_availability":"instock","product_availability":"instock","product_retailer_item_id":"667__","product_condition":"new"},"jetpack_sharing_enabled":true,"_links":{"self":[{"href":"https:\/\/svetslik.si\/hu\/wp-json\/wp\/v2\/product\/56559","targetHints":{"allow":["GET"]}}],"collection":[{"href":"https:\/\/svetslik.si\/hu\/wp-json\/wp\/v2\/product"}],"about":[{"href":"https:\/\/svetslik.si\/hu\/wp-json\/wp\/v2\/types\/product"}],"wp:featuredmedia":[{"embeddable":true,"href":"https:\/\/svetslik.si\/hu\/wp-json\/wp\/v2\/media\/50095"}],"wp:attachment":[{"href":"https:\/\/svetslik.si\/hu\/wp-json\/wp\/v2\/media?parent=56559"}],"wp:term":[{"taxonomy":"product_brand","embeddable":true,"href":"https:\/\/svetslik.si\/hu\/wp-json\/wp\/v2\/product_brand?post=56559"},{"taxonomy":"product_cat","embeddable":true,"href":"https:\/\/svetslik.si\/hu\/wp-json\/wp\/v2\/product_cat?post=56559"},{"taxonomy":"product_tag","embeddable":true,"href":"https:\/\/svetslik.si\/hu\/wp-json\/wp\/v2\/product_tag?post=56559"}],"curies":[{"name":"wp","href":"https:\/\/api.w.org\/{rel}","templated":true}]}}