{"id":56568,"date":"2021-09-02T18:38:14","date_gmt":"2021-09-02T16:38:14","guid":{"rendered":"https:\/\/svetslik.si\/nem-kategorizalt\/uspeh-pri-studiju\/"},"modified":"2026-03-22T23:01:05","modified_gmt":"2026-03-22T22:01:05","slug":"energetikus-kepek-sikeres-tanulas","status":"publish","type":"product","link":"https:\/\/svetslik.si\/hu\/energiafestmenyek-1\/energetikus-kepek-sikeres-tanulas\/","title":{"rendered":"Energetikus k\u00e9pek &#8211; Sikeres tanul\u00e1s"},"content":{"rendered":"<h1>Energiak\u00e9pek \u2013 Tanulm\u00e1nyi siker<\/h1>\n<p>A &#8220;Siker a tanulm\u00e1nyokban&#8221; k\u00e9p egy rendk\u00edv\u00fcli energiak\u00e9p, amelynek c\u00e9lja a tanulm\u00e1nyi siker \u00e9s el\u0151rehalad\u00e1s el\u0151seg\u00edt\u00e9se. Ez az egyed\u00fcl\u00e1ll\u00f3 m\u0171alkot\u00e1s er\u0151t \u00e9s energi\u00e1t k\u00e9pvisel, hogy seg\u00edtsen lek\u00fczdeni az olyan kih\u00edv\u00e1sokat, mint a koncentr\u00e1ci\u00f3 \u00e9s a t\u00fcrelem hi\u00e1nya.<\/p>\n<p>A &#8220;Siker a tanul\u00e1sban&#8221; energiak\u00e9p a k\u00edv\u00e1ncsis\u00e1g \u00e9s a k\u00edv\u00e1ncsis\u00e1g energi\u00e1j\u00e1t hivatott n\u00f6velni. \u00c9l\u00e9nk sz\u00edneivel \u00e9s dinamikus mint\u00e1zataival felkelti az \u00e9rdekl\u0151d\u00e9st \u00e9s \u00f6szt\u00f6nzi a tanul\u00e1si v\u00e1gyat. Ez a k\u00e9p k\u00e9pes feloldani a fesz\u00fclts\u00e9get a gondolkod\u00e1si mint\u00e1kban, amelyek gyakran h\u00e1tr\u00e1ltatj\u00e1k a tanul\u00e1si folyamatot. Ezen akad\u00e1lyok kik\u00fcsz\u00f6b\u00f6l\u00e9se megk\u00f6nny\u00edti az inform\u00e1ci\u00f3felv\u00e9tel folyamat\u00e1t, \u00e9s lehet\u0151v\u00e9 teszi a tananyag jobb meg\u00e9rt\u00e9s\u00e9t \u00e9s memoriz\u00e1l\u00e1s\u00e1t.<\/p>\n<p>A &#8220;Siker a tanulm\u00e1nyaiban&#8221; k\u00e9p szeretettel \u00e9s k\u00e9zzel k\u00e9sz\u00fclt. Minden mozdulat el\u0151seg\u00edti a k\u00f6rnyezetre \u00e9s az egy\u00e9nre hat\u00f3 energia\u00e1raml\u00e1s kialak\u00edt\u00e1s\u00e1t. Jelenl\u00e9t\u00e9vel ez a k\u00e9p harmonikus l\u00e9gk\u00f6rt teremt, pozit\u00edv hangulatot \u00e9s tanul\u00e1si motiv\u00e1ci\u00f3t \u00e9breszt.<\/p>\n<p>Helyezze el a \u201eTanulm\u00e1nyi siker\u201d energiak\u00e9pet j\u00f3l l\u00e1that\u00f3an a tanulm\u00e1nyi hely\u00e9n vagy a munkahelyi k\u00f6rnyezet\u00e9ben. Hat\u00e1sa hamarosan \u00e9rezhet\u0151 lesz, hiszen n\u00f6veli energi\u00e1j\u00e1t, \u00f6sszpontos\u00edt\u00e1s\u00e1t \u00e9s kitart\u00e1s\u00e1t. Ez a m\u0171v\u00e9szi alkot\u00e1s h\u0171s\u00e9ges t\u00e1rsa lesz a tanulm\u00e1nyai siker\u00e9hez vezet\u0151 \u00faton.<\/p>\n<p>Ne hagyja, hogy a koncentr\u00e1ci\u00f3 vagy a t\u00fcrelem hi\u00e1nya akad\u00e1lyozza tanulm\u00e1nyi el\u0151rehalad\u00e1s\u00e1t. A &#8220;Siker a tanulm\u00e1nyaiban&#8221; energiak\u00e9ppel tov\u00e1bbi er\u0151re tesz szert, amely seg\u00edt az akad\u00e1lyok lek\u00fczd\u00e9s\u00e9ben, tud\u00e1s\u00e1nak b\u0151v\u00edt\u00e9s\u00e9ben \u00e9s cs\u00facseredm\u00e9nyek el\u00e9r\u00e9s\u00e9ben.<\/p>\n<p>Fektessen be ebbe az egyed\u00fcl\u00e1ll\u00f3 energiaim\u00e1zsba, \u00e9s biztos\u00edtson t\u00e1mogat\u00e1st, motiv\u00e1ci\u00f3t \u00e9s pozit\u00edv energi\u00e1t tanulm\u00e1nyai sor\u00e1n. A &#8220;Study Success&#8221; t\u00f6bb, mint egy k\u00e9p, ez egy inspir\u00e1ci\u00f3, amely seg\u00edt el\u00e9rni c\u00e9ljait \u00e9s val\u00f3ra v\u00e1ltani \u00e1lmait.<\/p>\n","protected":false},"excerpt":{"rendered":"<p>Energiak\u00e9pek \u2013 Tanulm\u00e1nyi siker A &#8220;Siker a tanulm\u00e1nyokban&#8221; k\u00e9p egy rendk\u00edv\u00fcli energiak\u00e9p, amelynek c\u00e9lja a tanulm\u00e1nyi siker \u00e9s el\u0151rehalad\u00e1s el\u0151seg\u00edt\u00e9se. Ez az egyed\u00fcl\u00e1ll\u00f3 m\u0171alkot\u00e1s er\u0151t \u00e9s energi\u00e1t k\u00e9pvisel, hogy seg\u00edtsen lek\u00fczdeni az olyan kih\u00edv\u00e1sokat, mint a koncentr\u00e1ci\u00f3 \u00e9s a t\u00fcrelem hi\u00e1nya. A &#8220;Siker a tanul\u00e1sban&#8221; energiak\u00e9p a k\u00edv\u00e1ncsis\u00e1g \u00e9s a [&hellip;]<\/p>\n","protected":false},"featured_media":50270,"template":"","meta":{"_acf_changed":false},"product_brand":[],"product_cat":[7121,7122],"product_tag":[7168],"class_list":{"0":"post-56568","1":"product","2":"type-product","3":"status-publish","4":"has-post-thumbnail","6":"product_cat-energiakepek","7":"product_cat-energiafestmenyek-1","8":"product_tag-energiafestmenyek","9":"pa_dimenzija-40-x-80-cm","10":"pa_dimenzija-50-x-100-cm","11":"pa_dimenzija-75-x-150-cm","12":"pa_oblika-fuggoleges","13":"pa_okvir-nincs-keret","14":"pa_podokvir-igen","15":"pa_podokvir-nem","17":"first","18":"instock","19":"purchasable","20":"product-type-variable","21":"has-default-attributes"},"acf":[],"yoast_head":"<!-- This site is optimized with the Yoast SEO Premium plugin v26.0 (Yoast SEO v27.2) - https:\/\/yoast.com\/product\/yoast-seo-premium-wordpress\/ -->\n<title>Energetikus k\u00e9pek - Sikeres tanul\u00e1s - SVETSLIK.SI - 100% k\u00e9zzel festett<\/title>\n<meta name=\"description\" content=\"K\u00e9zzel festett energiak\u00e9p v\u00e1sznon - Energetikus k\u00e9pek - Sikeres tanul\u00e1s -. A k\u00e9pet egyedi alkalmaz\u00e1sunk seg\u00edts\u00e9g\u00e9vel keretezheti be az oldalon.\" \/>\n<meta name=\"robots\" content=\"index, follow, max-snippet:-1, max-image-preview:large, max-video-preview:-1\" \/>\n<link rel=\"canonical\" href=\"https:\/\/svetslik.si\/hu\/energiafestmenyek-1\/energetikus-kepek-sikeres-tanulas\/\" \/>\n<meta property=\"og:locale\" content=\"hu_HU\" \/>\n<meta property=\"og:type\" content=\"article\" \/>\n<meta property=\"og:title\" content=\"Energetikus k\u00e9pek - Sikeres tanul\u00e1s\" \/>\n<meta property=\"og:description\" content=\"100% ro\u010dno naslikane slike na platnu, reprodukcije znanih slikarjev in umetni\u0161ke slike po naro\u010dilu.\" \/>\n<meta property=\"og:url\" content=\"https:\/\/svetslik.si\/hu\/energiafestmenyek-1\/energetikus-kepek-sikeres-tanulas\/\" \/>\n<meta property=\"og:site_name\" content=\"SVETSLIK.SI\" \/>\n<meta property=\"article:publisher\" content=\"https:\/\/www.facebook.com\/svetslik.si\" \/>\n<meta property=\"article:modified_time\" content=\"2026-03-22T22:01:05+00:00\" \/>\n<meta property=\"og:image\" content=\"https:\/\/svetslik.si\/wp-content\/uploads\/2021\/08\/image_uspeh-pri-studiju_680.jpg\" \/>\n\t<meta property=\"og:image:width\" content=\"347\" \/>\n\t<meta property=\"og:image:height\" content=\"680\" \/>\n\t<meta property=\"og:image:type\" content=\"image\/jpeg\" \/>\n<meta name=\"twitter:card\" content=\"summary_large_image\" \/>\n<meta name=\"twitter:site\" content=\"@svetslik\" \/>\n<meta name=\"twitter:label1\" content=\"El\u00e9rhet\u0151s\u00e9g\" \/>\n\t<meta name=\"twitter:data1\" content=\"K\u00e9szleten\" \/>\n<script type=\"application\/ld+json\" class=\"yoast-schema-graph\">{\"@context\":\"https:\/\/schema.org\",\"@graph\":[{\"@type\":[\"WebPage\",\"ItemPage\"],\"@id\":\"https:\/\/svetslik.si\/hu\/energiafestmenyek-1\/energetikus-kepek-sikeres-tanulas\/\",\"url\":\"https:\/\/svetslik.si\/hu\/energiafestmenyek-1\/energetikus-kepek-sikeres-tanulas\/\",\"name\":\"Energetikus k\u00e9pek - Sikeres tanul\u00e1s - SVETSLIK.SI - 100% k\u00e9zzel festett\",\"isPartOf\":{\"@id\":\"https:\/\/svetslik.si\/hu\/#website\"},\"primaryImageOfPage\":{\"@id\":\"https:\/\/svetslik.si\/hu\/energiafestmenyek-1\/energetikus-kepek-sikeres-tanulas\/#primaryimage\"},\"image\":{\"@id\":\"https:\/\/svetslik.si\/hu\/energiafestmenyek-1\/energetikus-kepek-sikeres-tanulas\/#primaryimage\"},\"thumbnailUrl\":\"https:\/\/svetslik.si\/wp-content\/uploads\/2021\/08\/image_uspeh-pri-studiju_680.jpg\",\"datePublished\":\"2021-09-02T16:38:14+00:00\",\"dateModified\":\"2026-03-22T22:01:05+00:00\",\"description\":\"K\u00e9zzel festett energiak\u00e9p v\u00e1sznon - Energetikus k\u00e9pek - Sikeres tanul\u00e1s -. A k\u00e9pet egyedi alkalmaz\u00e1sunk seg\u00edts\u00e9g\u00e9vel keretezheti be az oldalon.\",\"breadcrumb\":{\"@id\":\"https:\/\/svetslik.si\/hu\/energiafestmenyek-1\/energetikus-kepek-sikeres-tanulas\/#breadcrumb\"},\"inLanguage\":\"hu\",\"potentialAction\":[{\"@type\":\"ReadAction\",\"target\":[\"https:\/\/svetslik.si\/hu\/energiafestmenyek-1\/energetikus-kepek-sikeres-tanulas\/\"]}]},{\"@type\":\"ImageObject\",\"inLanguage\":\"hu\",\"@id\":\"https:\/\/svetslik.si\/hu\/energiafestmenyek-1\/energetikus-kepek-sikeres-tanulas\/#primaryimage\",\"url\":\"https:\/\/svetslik.si\/wp-content\/uploads\/2021\/08\/image_uspeh-pri-studiju_680.jpg\",\"contentUrl\":\"https:\/\/svetslik.si\/wp-content\/uploads\/2021\/08\/image_uspeh-pri-studiju_680.jpg\",\"width\":347,\"height\":680,\"caption\":\"siker a st\u00fadi\u00f3ban H\u00edres fest\u0151k k\u00e9zzel festett reprodukci\u00f3i, modern falfestm\u00e9nyek, falfestm\u00e9nyek\"},{\"@type\":\"BreadcrumbList\",\"@id\":\"https:\/\/svetslik.si\/hu\/energiafestmenyek-1\/energetikus-kepek-sikeres-tanulas\/#breadcrumb\",\"itemListElement\":[{\"@type\":\"ListItem\",\"position\":1,\"name\":\"Wall art and paintings on canvas\",\"item\":\"https:\/\/svetslik.si\/hu\/\"},{\"@type\":\"ListItem\",\"position\":2,\"name\":\"Festm\u00e9nyek elad\u00e1sa\",\"item\":\"https:\/\/svetslik.si\/prodaja-slik\/\"},{\"@type\":\"ListItem\",\"position\":3,\"name\":\"Energetikus k\u00e9pek &#8211; Sikeres tanul\u00e1s\"}]},{\"@type\":\"WebSite\",\"@id\":\"https:\/\/svetslik.si\/hu\/#website\",\"url\":\"https:\/\/svetslik.si\/hu\/\",\"name\":\"SVETSLIK.SI\",\"description\":\"100%-ban k\u00e9zzel festett reprodukci\u00f3k h\u00edres fest\u0151k festm\u00e9nyeir\u0151l \u00e9s festm\u00e9nyekr\u0151l v\u00e1szonra.\",\"publisher\":{\"@id\":\"https:\/\/svetslik.si\/hu\/#organization\"},\"potentialAction\":[{\"@type\":\"SearchAction\",\"target\":{\"@type\":\"EntryPoint\",\"urlTemplate\":\"https:\/\/svetslik.si\/hu\/?s={search_term_string}\"},\"query-input\":{\"@type\":\"PropertyValueSpecification\",\"valueRequired\":true,\"valueName\":\"search_term_string\"}}],\"inLanguage\":\"hu\"},{\"@type\":\"Organization\",\"@id\":\"https:\/\/svetslik.si\/hu\/#organization\",\"name\":\"SvetSlik.si\",\"url\":\"https:\/\/svetslik.si\/hu\/\",\"logo\":{\"@type\":\"ImageObject\",\"inLanguage\":\"hu\",\"@id\":\"https:\/\/svetslik.si\/hu\/#\/schema\/logo\/image\/\",\"url\":\"https:\/\/svetslik.si\/wp-content\/uploads\/2020\/12\/logo-512.png\",\"contentUrl\":\"https:\/\/svetslik.si\/wp-content\/uploads\/2020\/12\/logo-512.png\",\"width\":512,\"height\":512,\"caption\":\"SvetSlik.si\"},\"image\":{\"@id\":\"https:\/\/svetslik.si\/hu\/#\/schema\/logo\/image\/\"},\"sameAs\":[\"https:\/\/www.facebook.com\/svetslik.si\",\"https:\/\/x.com\/svetslik\",\"https:\/\/www.instagram.com\/svetslik.si\/\",\"https:\/\/www.linkedin.com\/company\/svetslik-si\"]}]}<\/script>\n<meta property=\"og:availability\" content=\"instock\" \/>\n<meta property=\"product:availability\" content=\"instock\" \/>\n<meta property=\"product:retailer_item_id\" content=\"669__\" \/>\n<meta property=\"product:condition\" content=\"new\" \/>\n<!-- \/ Yoast SEO Premium plugin. -->","yoast_head_json":{"title":"Energetikus k\u00e9pek - Sikeres tanul\u00e1s - SVETSLIK.SI - 100% k\u00e9zzel festett","description":"K\u00e9zzel festett energiak\u00e9p v\u00e1sznon - Energetikus k\u00e9pek - Sikeres tanul\u00e1s -. A k\u00e9pet egyedi alkalmaz\u00e1sunk seg\u00edts\u00e9g\u00e9vel keretezheti be az oldalon.","robots":{"index":"index","follow":"follow","max-snippet":"max-snippet:-1","max-image-preview":"max-image-preview:large","max-video-preview":"max-video-preview:-1"},"canonical":"https:\/\/svetslik.si\/hu\/energiafestmenyek-1\/energetikus-kepek-sikeres-tanulas\/","og_locale":"hu_HU","og_type":"article","og_title":"Energetikus k\u00e9pek - Sikeres tanul\u00e1s","og_description":"100% ro\u010dno naslikane slike na platnu, reprodukcije znanih slikarjev in umetni\u0161ke slike po naro\u010dilu.","og_url":"https:\/\/svetslik.si\/hu\/energiafestmenyek-1\/energetikus-kepek-sikeres-tanulas\/","og_site_name":"SVETSLIK.SI","article_publisher":"https:\/\/www.facebook.com\/svetslik.si","article_modified_time":"2026-03-22T22:01:05+00:00","og_image":[{"width":347,"height":680,"url":"https:\/\/svetslik.si\/wp-content\/uploads\/2021\/08\/image_uspeh-pri-studiju_680.jpg","type":"image\/jpeg"}],"twitter_card":"summary_large_image","twitter_site":"@svetslik","twitter_misc":{"El\u00e9rhet\u0151s\u00e9g":"K\u00e9szleten"},"schema":{"@context":"https:\/\/schema.org","@graph":[{"@type":["WebPage","ItemPage"],"@id":"https:\/\/svetslik.si\/hu\/energiafestmenyek-1\/energetikus-kepek-sikeres-tanulas\/","url":"https:\/\/svetslik.si\/hu\/energiafestmenyek-1\/energetikus-kepek-sikeres-tanulas\/","name":"Energetikus k\u00e9pek - Sikeres tanul\u00e1s - SVETSLIK.SI - 100% k\u00e9zzel festett","isPartOf":{"@id":"https:\/\/svetslik.si\/hu\/#website"},"primaryImageOfPage":{"@id":"https:\/\/svetslik.si\/hu\/energiafestmenyek-1\/energetikus-kepek-sikeres-tanulas\/#primaryimage"},"image":{"@id":"https:\/\/svetslik.si\/hu\/energiafestmenyek-1\/energetikus-kepek-sikeres-tanulas\/#primaryimage"},"thumbnailUrl":"https:\/\/svetslik.si\/wp-content\/uploads\/2021\/08\/image_uspeh-pri-studiju_680.jpg","datePublished":"2021-09-02T16:38:14+00:00","dateModified":"2026-03-22T22:01:05+00:00","description":"K\u00e9zzel festett energiak\u00e9p v\u00e1sznon - Energetikus k\u00e9pek - Sikeres tanul\u00e1s -. A k\u00e9pet egyedi alkalmaz\u00e1sunk seg\u00edts\u00e9g\u00e9vel keretezheti be az oldalon.","breadcrumb":{"@id":"https:\/\/svetslik.si\/hu\/energiafestmenyek-1\/energetikus-kepek-sikeres-tanulas\/#breadcrumb"},"inLanguage":"hu","potentialAction":[{"@type":"ReadAction","target":["https:\/\/svetslik.si\/hu\/energiafestmenyek-1\/energetikus-kepek-sikeres-tanulas\/"]}]},{"@type":"ImageObject","inLanguage":"hu","@id":"https:\/\/svetslik.si\/hu\/energiafestmenyek-1\/energetikus-kepek-sikeres-tanulas\/#primaryimage","url":"https:\/\/svetslik.si\/wp-content\/uploads\/2021\/08\/image_uspeh-pri-studiju_680.jpg","contentUrl":"https:\/\/svetslik.si\/wp-content\/uploads\/2021\/08\/image_uspeh-pri-studiju_680.jpg","width":347,"height":680,"caption":"siker a st\u00fadi\u00f3ban H\u00edres fest\u0151k k\u00e9zzel festett reprodukci\u00f3i, modern falfestm\u00e9nyek, falfestm\u00e9nyek"},{"@type":"BreadcrumbList","@id":"https:\/\/svetslik.si\/hu\/energiafestmenyek-1\/energetikus-kepek-sikeres-tanulas\/#breadcrumb","itemListElement":[{"@type":"ListItem","position":1,"name":"Wall art and paintings on canvas","item":"https:\/\/svetslik.si\/hu\/"},{"@type":"ListItem","position":2,"name":"Festm\u00e9nyek elad\u00e1sa","item":"https:\/\/svetslik.si\/prodaja-slik\/"},{"@type":"ListItem","position":3,"name":"Energetikus k\u00e9pek &#8211; Sikeres tanul\u00e1s"}]},{"@type":"WebSite","@id":"https:\/\/svetslik.si\/hu\/#website","url":"https:\/\/svetslik.si\/hu\/","name":"SVETSLIK.SI","description":"100%-ban k\u00e9zzel festett reprodukci\u00f3k h\u00edres fest\u0151k festm\u00e9nyeir\u0151l \u00e9s festm\u00e9nyekr\u0151l v\u00e1szonra.","publisher":{"@id":"https:\/\/svetslik.si\/hu\/#organization"},"potentialAction":[{"@type":"SearchAction","target":{"@type":"EntryPoint","urlTemplate":"https:\/\/svetslik.si\/hu\/?s={search_term_string}"},"query-input":{"@type":"PropertyValueSpecification","valueRequired":true,"valueName":"search_term_string"}}],"inLanguage":"hu"},{"@type":"Organization","@id":"https:\/\/svetslik.si\/hu\/#organization","name":"SvetSlik.si","url":"https:\/\/svetslik.si\/hu\/","logo":{"@type":"ImageObject","inLanguage":"hu","@id":"https:\/\/svetslik.si\/hu\/#\/schema\/logo\/image\/","url":"https:\/\/svetslik.si\/wp-content\/uploads\/2020\/12\/logo-512.png","contentUrl":"https:\/\/svetslik.si\/wp-content\/uploads\/2020\/12\/logo-512.png","width":512,"height":512,"caption":"SvetSlik.si"},"image":{"@id":"https:\/\/svetslik.si\/hu\/#\/schema\/logo\/image\/"},"sameAs":["https:\/\/www.facebook.com\/svetslik.si","https:\/\/x.com\/svetslik","https:\/\/www.instagram.com\/svetslik.si\/","https:\/\/www.linkedin.com\/company\/svetslik-si"]}]},"og_availability":"instock","product_availability":"instock","product_retailer_item_id":"669__","product_condition":"new"},"jetpack_sharing_enabled":true,"_links":{"self":[{"href":"https:\/\/svetslik.si\/hu\/wp-json\/wp\/v2\/product\/56568","targetHints":{"allow":["GET"]}}],"collection":[{"href":"https:\/\/svetslik.si\/hu\/wp-json\/wp\/v2\/product"}],"about":[{"href":"https:\/\/svetslik.si\/hu\/wp-json\/wp\/v2\/types\/product"}],"wp:featuredmedia":[{"embeddable":true,"href":"https:\/\/svetslik.si\/hu\/wp-json\/wp\/v2\/media\/50270"}],"wp:attachment":[{"href":"https:\/\/svetslik.si\/hu\/wp-json\/wp\/v2\/media?parent=56568"}],"wp:term":[{"taxonomy":"product_brand","embeddable":true,"href":"https:\/\/svetslik.si\/hu\/wp-json\/wp\/v2\/product_brand?post=56568"},{"taxonomy":"product_cat","embeddable":true,"href":"https:\/\/svetslik.si\/hu\/wp-json\/wp\/v2\/product_cat?post=56568"},{"taxonomy":"product_tag","embeddable":true,"href":"https:\/\/svetslik.si\/hu\/wp-json\/wp\/v2\/product_tag?post=56568"}],"curies":[{"name":"wp","href":"https:\/\/api.w.org\/{rel}","templated":true}]}}