{"id":56572,"date":"2021-09-02T18:38:14","date_gmt":"2021-09-02T16:38:14","guid":{"rendered":"https:\/\/svetslik.si\/nem-kategorizalt\/dobri-odnosi\/"},"modified":"2026-03-22T23:01:05","modified_gmt":"2026-03-22T22:01:05","slug":"energetikus-kepek-jo-kapcsolatok","status":"publish","type":"product","link":"https:\/\/svetslik.si\/hu\/energiafestmenyek-1\/energetikus-kepek-jo-kapcsolatok\/","title":{"rendered":"Energetikus k\u00e9pek &#8211; J\u00f3 kapcsolatok"},"content":{"rendered":"<div class=\"wpb-content-wrapper\">[vc_row css=&#8221;.vc_custom_1727271412531{margin-bottom: 10px !important;}&#8221;][vc_column]\t<div class=\"et-image-606 et-image     et_image_link\">\n\t\t<div class=\"et-image-inner \">\n\t\t\t\t\t\t\t<div class=\"et-image-thumb \">\n\t\t\t\t\t<img decoding=\"async\" width=\"1000\" height=\"1519\" src=\"https:\/\/svetslik.si\/wp-content\/uploads\/2021\/09\/Energijske-slike-\u2013-Dobri-odnosi-3.jpg\" class=\"attachment-full\" alt=\"Energijske slike \u2013 Dobri odnosi\" title=\"Energetikus k\u00e9pek - J\u00f3 kapcsolatok\" srcset=\"https:\/\/svetslik.si\/wp-content\/uploads\/2021\/09\/Energijske-slike-\u2013-Dobri-odnosi-3.jpg 1000w, https:\/\/svetslik.si\/wp-content\/uploads\/2021\/09\/Energijske-slike-\u2013-Dobri-odnosi-3-600x911.jpg 600w, https:\/\/svetslik.si\/wp-content\/uploads\/2021\/09\/Energijske-slike-\u2013-Dobri-odnosi-3-197x300.jpg 197w, https:\/\/svetslik.si\/wp-content\/uploads\/2021\/09\/Energijske-slike-\u2013-Dobri-odnosi-3-674x1024.jpg 674w, https:\/\/svetslik.si\/wp-content\/uploads\/2021\/09\/Energijske-slike-\u2013-Dobri-odnosi-3-768x1167.jpg 768w, https:\/\/svetslik.si\/wp-content\/uploads\/2021\/09\/Energijske-slike-\u2013-Dobri-odnosi-3-99x150.jpg 99w, https:\/\/svetslik.si\/wp-content\/uploads\/2021\/09\/Energijske-slike-\u2013-Dobri-odnosi-3-900x1367.jpg 900w\" sizes=\"(max-width: 1000px) 100vw, 1000px\" \/>\t\t\t\t<\/div>\n\t\t\t\t\t\t\t\t\t\t\t<\/div>\n\t<\/div>\n  [\/vc_column][\/vc_row][vc_row css=&#8221;.vc_custom_1727271412531{margin-bottom: 10px !important;}&#8221;][vc_column]\t<div class=\"et-image-321 et-image     et_image_link\">\n\t\t<div class=\"et-image-inner \">\n\t\t\t\t\t\t\t<div class=\"et-image-thumb \">\n\t\t\t\t\t<img decoding=\"async\" width=\"1000\" height=\"1800\" src=\"https:\/\/svetslik.si\/wp-content\/uploads\/2021\/09\/Energijske-slike-\u2013-Dobri-odnosi-2.jpg\" class=\"attachment-full\" alt=\"Energijske slike \u2013 Dobri odnosi\" title=\"Energetikus k\u00e9pek - J\u00f3 kapcsolatok\" srcset=\"https:\/\/svetslik.si\/wp-content\/uploads\/2021\/09\/Energijske-slike-\u2013-Dobri-odnosi-2.jpg 1000w, https:\/\/svetslik.si\/wp-content\/uploads\/2021\/09\/Energijske-slike-\u2013-Dobri-odnosi-2-600x1080.jpg 600w, https:\/\/svetslik.si\/wp-content\/uploads\/2021\/09\/Energijske-slike-\u2013-Dobri-odnosi-2-167x300.jpg 167w, https:\/\/svetslik.si\/wp-content\/uploads\/2021\/09\/Energijske-slike-\u2013-Dobri-odnosi-2-569x1024.jpg 569w, https:\/\/svetslik.si\/wp-content\/uploads\/2021\/09\/Energijske-slike-\u2013-Dobri-odnosi-2-768x1382.jpg 768w, https:\/\/svetslik.si\/wp-content\/uploads\/2021\/09\/Energijske-slike-\u2013-Dobri-odnosi-2-853x1536.jpg 853w, https:\/\/svetslik.si\/wp-content\/uploads\/2021\/09\/Energijske-slike-\u2013-Dobri-odnosi-2-83x150.jpg 83w, https:\/\/svetslik.si\/wp-content\/uploads\/2021\/09\/Energijske-slike-\u2013-Dobri-odnosi-2-900x1620.jpg 900w\" sizes=\"(max-width: 1000px) 100vw, 1000px\" \/>\t\t\t\t<\/div>\n\t\t\t\t\t\t\t\t\t\t\t<\/div>\n\t<\/div>\n  [\/vc_column][\/vc_row][vc_row css=&#8221;.vc_custom_1727271412531{margin-bottom: 10px !important;}&#8221;][vc_column]\t<div class=\"et-image-646 et-image     et_image_link\">\n\t\t<div class=\"et-image-inner \">\n\t\t\t\t\t\t\t<div class=\"et-image-thumb \">\n\t\t\t\t\t<img decoding=\"async\" width=\"1000\" height=\"563\" src=\"https:\/\/svetslik.si\/wp-content\/uploads\/2021\/09\/Energijske-slike-\u2013-Dobri-odnosi.jpg\" class=\"attachment-full\" alt=\"Energijske slike \u2013 Dobri odnosi\" title=\"Energetikus k\u00e9pek - J\u00f3 kapcsolatok\" srcset=\"https:\/\/svetslik.si\/wp-content\/uploads\/2021\/09\/Energijske-slike-\u2013-Dobri-odnosi.jpg 1000w, https:\/\/svetslik.si\/wp-content\/uploads\/2021\/09\/Energijske-slike-\u2013-Dobri-odnosi-600x338.jpg 600w, https:\/\/svetslik.si\/wp-content\/uploads\/2021\/09\/Energijske-slike-\u2013-Dobri-odnosi-300x169.jpg 300w, https:\/\/svetslik.si\/wp-content\/uploads\/2021\/09\/Energijske-slike-\u2013-Dobri-odnosi-768x432.jpg 768w, https:\/\/svetslik.si\/wp-content\/uploads\/2021\/09\/Energijske-slike-\u2013-Dobri-odnosi-150x84.jpg 150w, https:\/\/svetslik.si\/wp-content\/uploads\/2021\/09\/Energijske-slike-\u2013-Dobri-odnosi-900x507.jpg 900w\" sizes=\"(max-width: 1000px) 100vw, 1000px\" \/>\t\t\t\t<\/div>\n\t\t\t\t\t\t\t\t\t\t\t<\/div>\n\t<\/div>\n  [\/vc_column][\/vc_row][vc_row][vc_column][vc_column_text]\n<h1>Energiak\u00e9pek \u2013 J\u00f3 kapcsolatok<\/h1>\n<p>Az<strong>Energiafestm\u00e9ny &#8220;J\u00f3 kapcsolatok&#8221;<\/strong> egy rendk\u00edv\u00fcli m\u0171v\u00e9szi alkot\u00e1s, amelynek c\u00e9lja az egyens\u00faly megteremt\u00e9se a kapcsolatok, a partners\u00e9g \u00e9s a kommunik\u00e1ci\u00f3 ter\u00fclet\u00e9n. Ez a k\u00e9p v\u00e9delmet \u00e9s er\u0151s energi\u00e1t hordoz mag\u00e1ban, amely k\u00e9pes harmoniz\u00e1lni a kapcsolatokat \u00e9s el\u0151seg\u00edteni az emberek k\u00f6z\u00f6tti kapcsolatot.<\/p>\n<p>A mai rohan\u00f3 \u00e9lettemp\u00f3ban gyakran megfeledkez\u00fcnk a min\u0151s\u00e9gi kapcsolatok fontoss\u00e1g\u00e1r\u00f3l. A <strong>\u201eJ\u00f3 kapcsolatok\u201d energiak\u00e9p<\/strong> arra eml\u00e9keztet benn\u00fcnket, hogy a p\u00e1rkapcsolati harm\u00f3nia megteremt\u00e9se kulcsfontoss\u00e1g\u00fa a j\u00f3l\u00e9t\u00fcnk \u00e9s az el\u00e9gedetts\u00e9g\u00fcnk szempontj\u00e1b\u00f3l. Ez az energiak\u00e9p \u00fatmutat\u00e1sul szolg\u00e1l, amely eg\u00e9szs\u00e9ges, szeretetteljes \u00e9s kiteljesed\u0151 kapcsolatok kialak\u00edt\u00e1s\u00e1ra ir\u00e1ny\u00edt benn\u00fcnket.<\/p>\n<p><strong>A \u201eJ\u00f3 kapcsolatok\u201d energiak\u00e9p<\/strong> er\u0151s hat\u00e1st gyakorol energiamez\u0151nkre, hiszen csatornak\u00e9nt m\u0171k\u00f6dik a kapcsolatok ter\u00e9n az esetleges elakad\u00e1sok vagy hom\u00e1lyok okainak harmoniz\u00e1l\u00e1s\u00e1ban \u00e9s tudatos\u00edt\u00e1s\u00e1ban. Ez a k\u00e9p sz\u00ednei, vonalai \u00e9s szimbolik\u00e1j\u00e1n kereszt\u00fcl lehet\u0151v\u00e9 teszi, hogy m\u00e9lyebbre \u00e1ssuk magunkat, azonos\u00edtsuk a lehets\u00e9ges bels\u0151 akad\u00e1lyokat \u00e9s fokozatosan elt\u00e1vol\u00edtsuk azokat. Ez megnyitja az utat a jobb meg\u00e9rt\u00e9s, tisztelet \u00e9s szeretet fel\u00e9 interperszon\u00e1lis kapcsolatainkban.<\/p>\n<p>Az <strong>A \u201eJ\u00f3 kapcsolatok\u201d energiak\u00e9p<\/strong> arra h\u00edv minket, hogy sz\u00e1njunk id\u0151t a reflexi\u00f3ra \u00e9s az \u00f6nvizsg\u00e1latra. Amikor elm\u00e9ly\u00fcl\u00fcnk ebben a m\u0171alkot\u00e1sban, megvizsg\u00e1lhatjuk kapcsolatainkat, azonos\u00edthatjuk azok gy\u00f6kereit, \u00e9s r\u00e1vil\u00e1g\u00edthatunk az esetleges negat\u00edv mint\u00e1kra vagy k\u00f6vetkezetlens\u00e9gekre. Ez\u00e1ltal olyan betekint\u00e9st nyer\u00fcnk, amely lehet\u0151v\u00e9 teszi sz\u00e1munkra, hogy el\u0151rel\u00e9pj\u00fcnk, \u00e9s szil\u00e1rd alapot teremts\u00fcnk a szeretetteljes, tiszteletteljes \u00e9s teljes k\u00f6r\u0171 kapcsolatokhoz.<\/p>\n<p>A &#8220;J\u00f3 kapcsolatok&#8221; energiafestm\u00e9ny k\u00e9zzel rajzolt \u00e9s szeretettel \u00e9s c\u00e9llal k\u00e9sz\u00fclt, hogy pozit\u00edv \u00e1talakul\u00e1st hozzon \u00e9let\u00fcnkbe. Rezg\u00e9sei t\u00e1mogatnak benn\u00fcnket az eg\u00e9szs\u00e9ges, kiegyens\u00falyozott \u00e9s szeretetteljes kapcsolatok fel\u00e9 vezet\u0151 \u00faton, amelyek l\u00e9tfontoss\u00e1g\u00faak j\u00f3l\u00e9t\u00fcnk szempontj\u00e1b\u00f3l.<\/p>\n<p>Ak\u00e1r jelenlegi p\u00e1rkapcsolatodban szeretn\u00e9l jav\u00edtani, ak\u00e1r meg akarod er\u0151s\u00edteni a kommunik\u00e1ci\u00f3t a csal\u00e1doddal, vagy harm\u00f3ni\u00e1t szeretn\u00e9l kialak\u00edtani bar\u00e1ts\u00e1godban, a &#8220;J\u00f3 kapcsolatok&#8221; energiak\u00e9p a sz\u00f6vets\u00e9gesed. Add meg magad a hatalm\u00e1nak, \u00e9s engedd, hogy vezessen a t\u00f6k\u00e9letes kapcsolatok fel\u00e9 vezet\u0151 \u00faton, amelyek a boldog \u00e9s teljes \u00e9let alapj\u00e1t k\u00e9pezik.<\/p>\n<p>Hozd l\u00e9tre a &#8220;J\u00f3 kapcsolatok&#8221; energiak\u00e9pet, \u00e9s nyisd meg az ajt\u00f3t a harm\u00f3nia, a szeretet \u00e9s a megel\u00e9gedetts\u00e9g fel\u00e9 interperszon\u00e1lis kapcsolataidban.<\/p>\n<\/div>","protected":false},"excerpt":{"rendered":"<p>[vc_row css=&#8221;.vc_custom_1727271412531{margin-bottom: 10px !important;}&#8221;][vc_column][\/vc_column][\/vc_row][vc_row css=&#8221;.vc_custom_1727271412531{margin-bottom: 10px !important;}&#8221;][vc_column][\/vc_column][\/vc_row][vc_row css=&#8221;.vc_custom_1727271412531{margin-bottom: 10px !important;}&#8221;][vc_column][\/vc_column][\/vc_row][vc_row][vc_column][vc_column_text] Energiak\u00e9pek \u2013 J\u00f3 kapcsolatok AzEnergiafestm\u00e9ny &#8220;J\u00f3 kapcsolatok&#8221; egy rendk\u00edv\u00fcli m\u0171v\u00e9szi alkot\u00e1s, amelynek c\u00e9lja az egyens\u00faly megteremt\u00e9se a kapcsolatok, a partners\u00e9g \u00e9s a kommunik\u00e1ci\u00f3 ter\u00fclet\u00e9n. Ez a k\u00e9p v\u00e9delmet \u00e9s er\u0151s energi\u00e1t hordoz mag\u00e1ban, amely k\u00e9pes harmoniz\u00e1lni a kapcsolatokat \u00e9s el\u0151seg\u00edteni [&hellip;]<\/p>\n","protected":false},"featured_media":50097,"template":"","meta":{"_acf_changed":false},"product_brand":[],"product_cat":[7121,7122],"product_tag":[7168],"class_list":{"0":"post-56572","1":"product","2":"type-product","3":"status-publish","4":"has-post-thumbnail","6":"product_cat-energiakepek","7":"product_cat-energiafestmenyek-1","8":"product_tag-energiafestmenyek","9":"pa_dimenzija-40-x-80-cm-hu","10":"pa_dimenzija-50-x-100-cm-hu","11":"pa_dimenzija-75-x-150-cm-hu","12":"pa_oblika-fuggoleges","13":"pa_okvir-nincs-keret","14":"pa_podokvir-igen","15":"pa_podokvir-nem","17":"first","18":"onbackorder","19":"purchasable","20":"product-type-variable","21":"has-default-attributes"},"acf":[],"yoast_head":"<!-- This site is optimized with the Yoast SEO Premium plugin v26.0 (Yoast SEO v27.2) - https:\/\/yoast.com\/product\/yoast-seo-premium-wordpress\/ -->\n<title>Energetikus k\u00e9pek - J\u00f3 kapcsolatok - SVETSLIK.SI - 100% k\u00e9zzel festett<\/title>\n<meta name=\"description\" content=\"K\u00e9zzel festett energiak\u00e9p v\u00e1sznon - Energetikus k\u00e9pek - J\u00f3 kapcsolatok -. A k\u00e9pet egyedi alkalmaz\u00e1sunk seg\u00edts\u00e9g\u00e9vel keretezheti be az oldalon.\" \/>\n<meta name=\"robots\" content=\"index, follow, max-snippet:-1, max-image-preview:large, max-video-preview:-1\" \/>\n<link rel=\"canonical\" href=\"https:\/\/svetslik.si\/hu\/energiafestmenyek-1\/energetikus-kepek-jo-kapcsolatok\/\" \/>\n<meta property=\"og:locale\" content=\"hu_HU\" \/>\n<meta property=\"og:type\" content=\"article\" \/>\n<meta property=\"og:title\" content=\"Energetikus k\u00e9pek - J\u00f3 kapcsolatok\" \/>\n<meta property=\"og:description\" content=\"100% ro\u010dno naslikane slike na platnu, reprodukcije znanih slikarjev in umetni\u0161ke slike po naro\u010dilu.\" \/>\n<meta property=\"og:url\" content=\"https:\/\/svetslik.si\/hu\/energiafestmenyek-1\/energetikus-kepek-jo-kapcsolatok\/\" \/>\n<meta property=\"og:site_name\" content=\"SVETSLIK.SI\" \/>\n<meta property=\"article:publisher\" content=\"https:\/\/www.facebook.com\/svetslik.si\" \/>\n<meta property=\"article:modified_time\" content=\"2026-03-22T22:01:05+00:00\" \/>\n<meta property=\"og:image\" content=\"https:\/\/svetslik.si\/wp-content\/uploads\/2021\/08\/image_svetslik-38_680.jpg\" \/>\n\t<meta property=\"og:image:width\" content=\"346\" \/>\n\t<meta property=\"og:image:height\" content=\"680\" \/>\n\t<meta property=\"og:image:type\" content=\"image\/jpeg\" \/>\n<meta name=\"twitter:card\" content=\"summary_large_image\" \/>\n<meta name=\"twitter:site\" content=\"@svetslik\" \/>\n<meta name=\"twitter:label1\" content=\"El\u00e9rhet\u0151s\u00e9g\" \/>\n\t<meta name=\"twitter:data1\" content=\"Beszerz\u00e9s alatt\" \/>\n<script type=\"application\/ld+json\" class=\"yoast-schema-graph\">{\"@context\":\"https:\/\/schema.org\",\"@graph\":[{\"@type\":[\"WebPage\",\"ItemPage\"],\"@id\":\"https:\/\/svetslik.si\/hu\/energiafestmenyek-1\/energetikus-kepek-jo-kapcsolatok\/\",\"url\":\"https:\/\/svetslik.si\/hu\/energiafestmenyek-1\/energetikus-kepek-jo-kapcsolatok\/\",\"name\":\"Energetikus k\u00e9pek - J\u00f3 kapcsolatok - SVETSLIK.SI - 100% k\u00e9zzel festett\",\"isPartOf\":{\"@id\":\"https:\/\/svetslik.si\/hu\/#website\"},\"primaryImageOfPage\":{\"@id\":\"https:\/\/svetslik.si\/hu\/energiafestmenyek-1\/energetikus-kepek-jo-kapcsolatok\/#primaryimage\"},\"image\":{\"@id\":\"https:\/\/svetslik.si\/hu\/energiafestmenyek-1\/energetikus-kepek-jo-kapcsolatok\/#primaryimage\"},\"thumbnailUrl\":\"https:\/\/svetslik.si\/wp-content\/uploads\/2021\/08\/image_svetslik-38_680.jpg\",\"datePublished\":\"2021-09-02T16:38:14+00:00\",\"dateModified\":\"2026-03-22T22:01:05+00:00\",\"description\":\"K\u00e9zzel festett energiak\u00e9p v\u00e1sznon - Energetikus k\u00e9pek - J\u00f3 kapcsolatok -. A k\u00e9pet egyedi alkalmaz\u00e1sunk seg\u00edts\u00e9g\u00e9vel keretezheti be az oldalon.\",\"breadcrumb\":{\"@id\":\"https:\/\/svetslik.si\/hu\/energiafestmenyek-1\/energetikus-kepek-jo-kapcsolatok\/#breadcrumb\"},\"inLanguage\":\"hu\",\"potentialAction\":[{\"@type\":\"ReadAction\",\"target\":[\"https:\/\/svetslik.si\/hu\/energiafestmenyek-1\/energetikus-kepek-jo-kapcsolatok\/\"]}]},{\"@type\":\"ImageObject\",\"inLanguage\":\"hu\",\"@id\":\"https:\/\/svetslik.si\/hu\/energiafestmenyek-1\/energetikus-kepek-jo-kapcsolatok\/#primaryimage\",\"url\":\"https:\/\/svetslik.si\/wp-content\/uploads\/2021\/08\/image_svetslik-38_680.jpg\",\"contentUrl\":\"https:\/\/svetslik.si\/wp-content\/uploads\/2021\/08\/image_svetslik-38_680.jpg\",\"width\":346,\"height\":680,\"caption\":\"Energetikus k\u00e9pek - J\u00f3 kapcsolatok\"},{\"@type\":\"BreadcrumbList\",\"@id\":\"https:\/\/svetslik.si\/hu\/energiafestmenyek-1\/energetikus-kepek-jo-kapcsolatok\/#breadcrumb\",\"itemListElement\":[{\"@type\":\"ListItem\",\"position\":1,\"name\":\"Wall art and paintings on canvas\",\"item\":\"https:\/\/svetslik.si\/hu\/\"},{\"@type\":\"ListItem\",\"position\":2,\"name\":\"Festm\u00e9nyek elad\u00e1sa\",\"item\":\"https:\/\/svetslik.si\/prodaja-slik\/\"},{\"@type\":\"ListItem\",\"position\":3,\"name\":\"Energetikus k\u00e9pek &#8211; J\u00f3 kapcsolatok\"}]},{\"@type\":\"WebSite\",\"@id\":\"https:\/\/svetslik.si\/hu\/#website\",\"url\":\"https:\/\/svetslik.si\/hu\/\",\"name\":\"SVETSLIK.SI\",\"description\":\"100%-ban k\u00e9zzel festett reprodukci\u00f3k h\u00edres fest\u0151k festm\u00e9nyeir\u0151l \u00e9s festm\u00e9nyekr\u0151l v\u00e1szonra.\",\"publisher\":{\"@id\":\"https:\/\/svetslik.si\/hu\/#organization\"},\"potentialAction\":[{\"@type\":\"SearchAction\",\"target\":{\"@type\":\"EntryPoint\",\"urlTemplate\":\"https:\/\/svetslik.si\/hu\/?s={search_term_string}\"},\"query-input\":{\"@type\":\"PropertyValueSpecification\",\"valueRequired\":true,\"valueName\":\"search_term_string\"}}],\"inLanguage\":\"hu\"},{\"@type\":\"Organization\",\"@id\":\"https:\/\/svetslik.si\/hu\/#organization\",\"name\":\"SvetSlik.si\",\"url\":\"https:\/\/svetslik.si\/hu\/\",\"logo\":{\"@type\":\"ImageObject\",\"inLanguage\":\"hu\",\"@id\":\"https:\/\/svetslik.si\/hu\/#\/schema\/logo\/image\/\",\"url\":\"https:\/\/svetslik.si\/wp-content\/uploads\/2020\/12\/logo-512.png\",\"contentUrl\":\"https:\/\/svetslik.si\/wp-content\/uploads\/2020\/12\/logo-512.png\",\"width\":512,\"height\":512,\"caption\":\"SvetSlik.si\"},\"image\":{\"@id\":\"https:\/\/svetslik.si\/hu\/#\/schema\/logo\/image\/\"},\"sameAs\":[\"https:\/\/www.facebook.com\/svetslik.si\",\"https:\/\/x.com\/svetslik\",\"https:\/\/www.instagram.com\/svetslik.si\/\",\"https:\/\/www.linkedin.com\/company\/svetslik-si\"]}]}<\/script>\n<meta property=\"og:availability\" content=\"backorder\" \/>\n<meta property=\"product:availability\" content=\"available for order\" \/>\n<meta property=\"product:retailer_item_id\" content=\"670__\" \/>\n<meta property=\"product:condition\" content=\"new\" \/>\n<!-- \/ Yoast SEO Premium plugin. -->","yoast_head_json":{"title":"Energetikus k\u00e9pek - J\u00f3 kapcsolatok - SVETSLIK.SI - 100% k\u00e9zzel festett","description":"K\u00e9zzel festett energiak\u00e9p v\u00e1sznon - Energetikus k\u00e9pek - J\u00f3 kapcsolatok -. A k\u00e9pet egyedi alkalmaz\u00e1sunk seg\u00edts\u00e9g\u00e9vel keretezheti be az oldalon.","robots":{"index":"index","follow":"follow","max-snippet":"max-snippet:-1","max-image-preview":"max-image-preview:large","max-video-preview":"max-video-preview:-1"},"canonical":"https:\/\/svetslik.si\/hu\/energiafestmenyek-1\/energetikus-kepek-jo-kapcsolatok\/","og_locale":"hu_HU","og_type":"article","og_title":"Energetikus k\u00e9pek - J\u00f3 kapcsolatok","og_description":"100% ro\u010dno naslikane slike na platnu, reprodukcije znanih slikarjev in umetni\u0161ke slike po naro\u010dilu.","og_url":"https:\/\/svetslik.si\/hu\/energiafestmenyek-1\/energetikus-kepek-jo-kapcsolatok\/","og_site_name":"SVETSLIK.SI","article_publisher":"https:\/\/www.facebook.com\/svetslik.si","article_modified_time":"2026-03-22T22:01:05+00:00","og_image":[{"width":346,"height":680,"url":"https:\/\/svetslik.si\/wp-content\/uploads\/2021\/08\/image_svetslik-38_680.jpg","type":"image\/jpeg"}],"twitter_card":"summary_large_image","twitter_site":"@svetslik","twitter_misc":{"El\u00e9rhet\u0151s\u00e9g":"Beszerz\u00e9s alatt"},"schema":{"@context":"https:\/\/schema.org","@graph":[{"@type":["WebPage","ItemPage"],"@id":"https:\/\/svetslik.si\/hu\/energiafestmenyek-1\/energetikus-kepek-jo-kapcsolatok\/","url":"https:\/\/svetslik.si\/hu\/energiafestmenyek-1\/energetikus-kepek-jo-kapcsolatok\/","name":"Energetikus k\u00e9pek - J\u00f3 kapcsolatok - SVETSLIK.SI - 100% k\u00e9zzel festett","isPartOf":{"@id":"https:\/\/svetslik.si\/hu\/#website"},"primaryImageOfPage":{"@id":"https:\/\/svetslik.si\/hu\/energiafestmenyek-1\/energetikus-kepek-jo-kapcsolatok\/#primaryimage"},"image":{"@id":"https:\/\/svetslik.si\/hu\/energiafestmenyek-1\/energetikus-kepek-jo-kapcsolatok\/#primaryimage"},"thumbnailUrl":"https:\/\/svetslik.si\/wp-content\/uploads\/2021\/08\/image_svetslik-38_680.jpg","datePublished":"2021-09-02T16:38:14+00:00","dateModified":"2026-03-22T22:01:05+00:00","description":"K\u00e9zzel festett energiak\u00e9p v\u00e1sznon - Energetikus k\u00e9pek - J\u00f3 kapcsolatok -. A k\u00e9pet egyedi alkalmaz\u00e1sunk seg\u00edts\u00e9g\u00e9vel keretezheti be az oldalon.","breadcrumb":{"@id":"https:\/\/svetslik.si\/hu\/energiafestmenyek-1\/energetikus-kepek-jo-kapcsolatok\/#breadcrumb"},"inLanguage":"hu","potentialAction":[{"@type":"ReadAction","target":["https:\/\/svetslik.si\/hu\/energiafestmenyek-1\/energetikus-kepek-jo-kapcsolatok\/"]}]},{"@type":"ImageObject","inLanguage":"hu","@id":"https:\/\/svetslik.si\/hu\/energiafestmenyek-1\/energetikus-kepek-jo-kapcsolatok\/#primaryimage","url":"https:\/\/svetslik.si\/wp-content\/uploads\/2021\/08\/image_svetslik-38_680.jpg","contentUrl":"https:\/\/svetslik.si\/wp-content\/uploads\/2021\/08\/image_svetslik-38_680.jpg","width":346,"height":680,"caption":"Energetikus k\u00e9pek - J\u00f3 kapcsolatok"},{"@type":"BreadcrumbList","@id":"https:\/\/svetslik.si\/hu\/energiafestmenyek-1\/energetikus-kepek-jo-kapcsolatok\/#breadcrumb","itemListElement":[{"@type":"ListItem","position":1,"name":"Wall art and paintings on canvas","item":"https:\/\/svetslik.si\/hu\/"},{"@type":"ListItem","position":2,"name":"Festm\u00e9nyek elad\u00e1sa","item":"https:\/\/svetslik.si\/prodaja-slik\/"},{"@type":"ListItem","position":3,"name":"Energetikus k\u00e9pek &#8211; J\u00f3 kapcsolatok"}]},{"@type":"WebSite","@id":"https:\/\/svetslik.si\/hu\/#website","url":"https:\/\/svetslik.si\/hu\/","name":"SVETSLIK.SI","description":"100%-ban k\u00e9zzel festett reprodukci\u00f3k h\u00edres fest\u0151k festm\u00e9nyeir\u0151l \u00e9s festm\u00e9nyekr\u0151l v\u00e1szonra.","publisher":{"@id":"https:\/\/svetslik.si\/hu\/#organization"},"potentialAction":[{"@type":"SearchAction","target":{"@type":"EntryPoint","urlTemplate":"https:\/\/svetslik.si\/hu\/?s={search_term_string}"},"query-input":{"@type":"PropertyValueSpecification","valueRequired":true,"valueName":"search_term_string"}}],"inLanguage":"hu"},{"@type":"Organization","@id":"https:\/\/svetslik.si\/hu\/#organization","name":"SvetSlik.si","url":"https:\/\/svetslik.si\/hu\/","logo":{"@type":"ImageObject","inLanguage":"hu","@id":"https:\/\/svetslik.si\/hu\/#\/schema\/logo\/image\/","url":"https:\/\/svetslik.si\/wp-content\/uploads\/2020\/12\/logo-512.png","contentUrl":"https:\/\/svetslik.si\/wp-content\/uploads\/2020\/12\/logo-512.png","width":512,"height":512,"caption":"SvetSlik.si"},"image":{"@id":"https:\/\/svetslik.si\/hu\/#\/schema\/logo\/image\/"},"sameAs":["https:\/\/www.facebook.com\/svetslik.si","https:\/\/x.com\/svetslik","https:\/\/www.instagram.com\/svetslik.si\/","https:\/\/www.linkedin.com\/company\/svetslik-si"]}]},"og_availability":"backorder","product_availability":"available for order","product_retailer_item_id":"670__","product_condition":"new"},"jetpack_sharing_enabled":true,"_links":{"self":[{"href":"https:\/\/svetslik.si\/hu\/wp-json\/wp\/v2\/product\/56572","targetHints":{"allow":["GET"]}}],"collection":[{"href":"https:\/\/svetslik.si\/hu\/wp-json\/wp\/v2\/product"}],"about":[{"href":"https:\/\/svetslik.si\/hu\/wp-json\/wp\/v2\/types\/product"}],"wp:featuredmedia":[{"embeddable":true,"href":"https:\/\/svetslik.si\/hu\/wp-json\/wp\/v2\/media\/50097"}],"wp:attachment":[{"href":"https:\/\/svetslik.si\/hu\/wp-json\/wp\/v2\/media?parent=56572"}],"wp:term":[{"taxonomy":"product_brand","embeddable":true,"href":"https:\/\/svetslik.si\/hu\/wp-json\/wp\/v2\/product_brand?post=56572"},{"taxonomy":"product_cat","embeddable":true,"href":"https:\/\/svetslik.si\/hu\/wp-json\/wp\/v2\/product_cat?post=56572"},{"taxonomy":"product_tag","embeddable":true,"href":"https:\/\/svetslik.si\/hu\/wp-json\/wp\/v2\/product_tag?post=56572"}],"curies":[{"name":"wp","href":"https:\/\/api.w.org\/{rel}","templated":true}]}}