{"id":56604,"date":"2021-09-02T18:38:36","date_gmt":"2021-09-02T16:38:36","guid":{"rendered":"https:\/\/svetslik.si\/nem-kategorizalt\/beethoven-frieze-ii-detail\/"},"modified":"2026-03-22T23:01:05","modified_gmt":"2026-03-22T22:01:05","slug":"beethoven-frieze-ii-detail","status":"publish","type":"product","link":"https:\/\/svetslik.si\/hu\/gustav-klimt-hu\/beethoven-frieze-ii-detail\/","title":{"rendered":"Gustav Klimt &#8211; Beethoven frieze-II (detail)"},"content":{"rendered":"<div class=\"wpb-content-wrapper\">[vc_row][vc_column][vc_column_text]\n<h1>Gustav Klimt \u2013 Beethoven fr\u00edz-II (r\u00e9szlet)<\/h1>\n<p>&nbsp;<\/p>\n<table style=\"width: 593px\" border=\"0\" width=\"593\" cellpadding=\"0\">\n<tbody>\n<tr>\n<td style=\"width: 155px;height: 21px\" height=\"21\">L\u00e9trehoz\u00e1s \u00e9ve:<\/td>\n<td style=\"width: 439px\">1902<\/td>\n<\/tr>\n<tr>\n<td style=\"width: 155px;height: 21px\" height=\"21\">Eredeti m\u00e9ret:<\/td>\n<td style=\"width: 439px\">636 cm x 220 cm<\/td>\n<\/tr>\n<tr>\n<td style=\"width: 155px;height: 21px\" height=\"21\">Fest\u00e9si st\u00edlus:<\/td>\n<td style=\"width: 439px\">Elszakad\u00e1s<\/td>\n<\/tr>\n<tr>\n<td style=\"width: 155px;height: 21px\" height=\"21\">Eredeti technika:<\/td>\n<td style=\"width: 439px\">Olaj, v\u00e1szon<\/td>\n<\/tr>\n<tr>\n<td style=\"width: 155px;height: 21px\" height=\"21\">Helysz\u00edn:<\/td>\n<td style=\"width: 439px\">Szecesszi\u00f3s Palota, B\u00e9cs<\/td>\n<\/tr>\n<\/tbody>\n<colgroup>\n<col \/> <\/colgroup>\n<\/table>\n<p>1902-ben Klimt megalkotta egyik legh\u00edresebb m\u0171v\u00e9t, a <em>Beethoven-fr\u00edzt<\/em> a szecesszi\u00f3s mozgalom b\u00e9csi ki\u00e1ll\u00edt\u00e1s\u00e1ra. A teljes ki\u00e1ll\u00edt\u00e1st Ludwig van Beethoven zeneszerz\u0151nek szentelt\u00e9k, a bej\u00e1rati csarnok fal\u00e1t Klimt \u00f3ri\u00e1si fr\u00edze d\u00edsz\u00edtette. Ez a d\u00edsz\u00edt\u0151 szimf\u00f3nia 34 m\u00e9ter sz\u00e9les \u00e9s 2 m\u00e9ter magas volt. Klimt Beethoven Kilencedik szimf\u00f3ni\u00e1j\u00e1t Wagner tolm\u00e1csol\u00e1sa szerint akarta megmutatni \u00e9s meg\u00f6r\u00f6k\u00edteni.<\/p>\n<p>A Gustav Klimt osztr\u00e1k m\u0171v\u00e9sz \u00e1ltal 1902-ben festett &#8220;Beethoven Frieze II (r\u00e9szlet)&#8221; a m\u0171v\u00e9sz egyik legfontosabb \u00e9s legambici\u00f3zusabb alkot\u00e1sa. A festm\u00e9ny a 14. b\u00e9csi szecesszi\u00f3s ki\u00e1ll\u00edt\u00e1sra k\u00e9sz\u00fclt, Beethoven-fr\u00edz n\u00e9ven ismert nagyobb m\u0171alkot\u00e1si ciklus r\u00e9sze. A Beethoven-fr\u00edz Ludwig van Beethoven zeneszerz\u0151 el\u0151tt tisztelg\u00e9s volt, \u00e9s a kilencedik szimf\u00f3ni\u00e1j\u00e1nak jeleneteit \u00e1br\u00e1zolja, Friedrich Schiller \u201e\u00d6r\u00f6m \u00f3d\u00e1ja\u201d alapj\u00e1n.<\/p>\n<p>A festm\u00e9ny kiv\u00e1l\u00f3 p\u00e9ld\u00e1ja Klimt szecesszi\u00f3s st\u00edlus\u00e1nak, amelyet a d\u00edszes mint\u00e1k, a mer\u00e9sz sz\u00ednek \u00e9s az \u00e9rz\u00e9ki tematika jellemez. A festm\u00e9ny figur\u00e1i er\u0151sen stiliz\u00e1ltan, megny\u00falt v\u00e9gtagokkal \u00e9s leegyszer\u0171s\u00edtett arcvon\u00e1sokkal vannak \u00e1br\u00e1zolva, ami f\u00f6ld\u00f6nt\u00fali \u00e9s \u00e1lomszer\u0171 min\u0151s\u00e9get ad a festm\u00e9nynek.<\/p>\n<p>A &#8220;Beethoven Frieze II (r\u00e9szlet)&#8221; egyik legszembet\u0171n\u0151bb jellemz\u0151je a mer\u00e9sz sz\u00ednek \u00e9s a bonyolult mint\u00e1k haszn\u00e1lata. A festm\u00e9ny sz\u00ednfoltja, a figur\u00e1k, a h\u00e1tt\u00e9r \u00e9s a d\u00edsz\u00edt\u0151elemek kavarg\u00f3, \u00e1tlapolt mint\u00e1kb\u00f3l \u00e1llnak. A sz\u00edn- \u00e9s mintahaszn\u00e1lat a festm\u00e9ny, a zene \u00e9s az \u00fcnnepl\u00e9s t\u00e9m\u00e1j\u00e1hoz ill\u0151 mozg\u00e1s- \u00e9s g\u00f6rd\u00fcl\u00e9kenys\u00e9g \u00e9rzetet kelt.<\/p>\n<p>A festm\u00e9ny szimbolik\u00e1ja is gazdag. A k\u00e9pen l\u00e1that\u00f3 figur\u00e1kat gyakran az emberis\u00e9g, az egys\u00e9g \u00e9s az \u00e9let \u00fcnnep\u00e9nek szimb\u00f3lumaik\u00e9nt tekintik. A festm\u00e9ny d\u00edsz\u00edt\u0151elemei a zene \u00e9s a term\u00e9szet, valamint a m\u0171v\u00e9szet \u00e9s az \u00e9let kapcsolat\u00e1t k\u00e9pviselhetik. A k\u00e9p h\u00e1tter\u00e9t is kit\u00f6ltik a term\u00e9szet szimb\u00f3lumai, p\u00e9ld\u00e1ul vir\u00e1gok, amelyek szint\u00e9n m\u00e9ly szimbolikus jelent\u00e9ssel b\u00edrnak a k\u00e9pen.<\/p>\n<p>A kritikusok j\u00f3l fogadt\u00e1k a festm\u00e9nyt az els\u0151 ki\u00e1ll\u00edt\u00e1son, \u00e9s a szecesszi\u00f3 remekm\u0171v\u00e9nek sz\u00e1m\u00edtott. A Beethoven-fr\u00edz Klimt legambici\u00f3zusabb \u00e9s legfontosabb alkot\u00e1s\u00e1nak sz\u00e1m\u00edtott, \u00e9s a b\u00e9csi szecesszi\u00f3s mozgalom egyik legfontosabb alkot\u00e1sak\u00e9nt tartj\u00e1k sz\u00e1mon. Sajnos a festm\u00e9ny 1945-ben, B\u00e9cs bomb\u00e1z\u00e1sakor megsemmis\u00fclt, de reprodukci\u00f3k \u00e9s f\u00e9nyk\u00e9pek l\u00e9teznek r\u00f3la.[\/vc_column_text][\/vc_column][\/vc_row]\n<\/div>","protected":false},"excerpt":{"rendered":"<p>[vc_row][vc_column][vc_column_text] Gustav Klimt \u2013 Beethoven fr\u00edz-II (r\u00e9szlet) &nbsp; L\u00e9trehoz\u00e1s \u00e9ve: 1902 Eredeti m\u00e9ret: 636 cm x 220 cm Fest\u00e9si st\u00edlus: Elszakad\u00e1s Eredeti technika: Olaj, v\u00e1szon Helysz\u00edn: Szecesszi\u00f3s Palota, B\u00e9cs 1902-ben Klimt megalkotta egyik legh\u00edresebb m\u0171v\u00e9t, a Beethoven-fr\u00edzt a szecesszi\u00f3s mozgalom b\u00e9csi ki\u00e1ll\u00edt\u00e1s\u00e1ra. A teljes ki\u00e1ll\u00edt\u00e1st Ludwig van Beethoven zeneszerz\u0151nek szentelt\u00e9k, [&hellip;]<\/p>\n","protected":false},"featured_media":49376,"template":"","meta":{"_acf_changed":false},"product_brand":[],"product_cat":[7143],"product_tag":[7170,7174,11885,11886,11887],"class_list":{"0":"post-56604","1":"product","2":"type-product","3":"status-publish","4":"has-post-thumbnail","6":"product_cat-gustav-klimt-hu","7":"product_tag-gustav-klimt-hu","8":"product_tag-klimt-hu","9":"product_tag-painter-hu","10":"product_tag-reproduction","11":"product_tag-reproductions-hu","12":"pa_dimenzija-100-x-120-cm","13":"pa_dimenzija-120-x-150-cm","14":"pa_dimenzija-150-x-190-cm","15":"pa_dimenzija-50-x-60-cm","16":"pa_dimenzija-60-x-75-cm","17":"pa_dimenzija-70-x-90-cm","18":"pa_dimenzija-80-x-100-cm","19":"pa_dimenzija-90-x-110-cm","20":"pa_oblika-fuggoleges","21":"pa_okvir-nincs-keret","22":"pa_podokvir-igen","23":"pa_podokvir-nem","25":"first","26":"onbackorder","27":"purchasable","28":"product-type-variable","29":"has-default-attributes"},"acf":[],"yoast_head":"<!-- This site is optimized with the Yoast SEO Premium plugin v26.0 (Yoast SEO v27.2) - https:\/\/yoast.com\/product\/yoast-seo-premium-wordpress\/ -->\n<title>Gustav Klimt - Beethoven frieze-II (detail) - SVETSLIK.SI - 100% k\u00e9zzel festett<\/title>\n<meta name=\"description\" content=\"Gustav Klimt - Beethoven frieze-II (detail) - 100% k\u00e9zzel festett h\u00edres festm\u00e9nyek reprodukci\u00f3i. Festm\u00e9nyek keretez\u00e9se, elad\u00e1sa \u00e9s egyedi rendel\u00e9sre t\u00f6rt\u00e9n\u0151 v\u00e1szonk\u00e9pek k\u00e9sz\u00edt\u00e9se.\" \/>\n<meta name=\"robots\" content=\"index, follow, max-snippet:-1, max-image-preview:large, max-video-preview:-1\" \/>\n<link rel=\"canonical\" href=\"https:\/\/svetslik.si\/hu\/gustav-klimt-hu\/beethoven-frieze-ii-detail\/\" \/>\n<meta property=\"og:locale\" content=\"hu_HU\" \/>\n<meta property=\"og:type\" content=\"article\" \/>\n<meta property=\"og:title\" content=\"Gustav Klimt - Beethoven frieze-II (detail)\" \/>\n<meta property=\"og:description\" content=\"100% ro\u010dno naslikane slike na platnu, reprodukcije znanih slikarjev in umetni\u0161ke slike po naro\u010dilu.\" \/>\n<meta property=\"og:url\" content=\"https:\/\/svetslik.si\/hu\/gustav-klimt-hu\/beethoven-frieze-ii-detail\/\" \/>\n<meta property=\"og:site_name\" content=\"SVETSLIK.SI\" \/>\n<meta property=\"article:publisher\" content=\"https:\/\/www.facebook.com\/svetslik.si\" \/>\n<meta property=\"article:modified_time\" content=\"2026-03-22T22:01:05+00:00\" \/>\n<meta property=\"og:image\" content=\"https:\/\/svetslik.si\/wp-content\/uploads\/2021\/08\/image_Beethoven-frieze-detail-II-Gustav-Klimt_680.jpg\" \/>\n\t<meta property=\"og:image:width\" content=\"551\" \/>\n\t<meta property=\"og:image:height\" content=\"680\" \/>\n\t<meta property=\"og:image:type\" content=\"image\/jpeg\" \/>\n<meta name=\"twitter:card\" content=\"summary_large_image\" \/>\n<meta name=\"twitter:site\" content=\"@svetslik\" \/>\n<meta name=\"twitter:label1\" content=\"El\u00e9rhet\u0151s\u00e9g\" \/>\n\t<meta name=\"twitter:data1\" content=\"Beszerz\u00e9s alatt\" \/>\n<script type=\"application\/ld+json\" class=\"yoast-schema-graph\">{\"@context\":\"https:\/\/schema.org\",\"@graph\":[{\"@type\":[\"WebPage\",\"ItemPage\"],\"@id\":\"https:\/\/svetslik.si\/hu\/gustav-klimt-hu\/beethoven-frieze-ii-detail\/\",\"url\":\"https:\/\/svetslik.si\/hu\/gustav-klimt-hu\/beethoven-frieze-ii-detail\/\",\"name\":\"Gustav Klimt - Beethoven frieze-II (detail) - SVETSLIK.SI - 100% k\u00e9zzel festett\",\"isPartOf\":{\"@id\":\"https:\/\/svetslik.si\/hu\/#website\"},\"primaryImageOfPage\":{\"@id\":\"https:\/\/svetslik.si\/hu\/gustav-klimt-hu\/beethoven-frieze-ii-detail\/#primaryimage\"},\"image\":{\"@id\":\"https:\/\/svetslik.si\/hu\/gustav-klimt-hu\/beethoven-frieze-ii-detail\/#primaryimage\"},\"thumbnailUrl\":\"https:\/\/svetslik.si\/wp-content\/uploads\/2021\/08\/image_Beethoven-frieze-detail-II-Gustav-Klimt_680.jpg\",\"datePublished\":\"2021-09-02T16:38:36+00:00\",\"dateModified\":\"2026-03-22T22:01:05+00:00\",\"description\":\"Gustav Klimt - Beethoven frieze-II (detail) - 100% k\u00e9zzel festett h\u00edres festm\u00e9nyek reprodukci\u00f3i. Festm\u00e9nyek keretez\u00e9se, elad\u00e1sa \u00e9s egyedi rendel\u00e9sre t\u00f6rt\u00e9n\u0151 v\u00e1szonk\u00e9pek k\u00e9sz\u00edt\u00e9se.\",\"breadcrumb\":{\"@id\":\"https:\/\/svetslik.si\/hu\/gustav-klimt-hu\/beethoven-frieze-ii-detail\/#breadcrumb\"},\"inLanguage\":\"hu\",\"potentialAction\":[{\"@type\":\"ReadAction\",\"target\":[\"https:\/\/svetslik.si\/hu\/gustav-klimt-hu\/beethoven-frieze-ii-detail\/\"]}]},{\"@type\":\"ImageObject\",\"inLanguage\":\"hu\",\"@id\":\"https:\/\/svetslik.si\/hu\/gustav-klimt-hu\/beethoven-frieze-ii-detail\/#primaryimage\",\"url\":\"https:\/\/svetslik.si\/wp-content\/uploads\/2021\/08\/image_Beethoven-frieze-detail-II-Gustav-Klimt_680.jpg\",\"contentUrl\":\"https:\/\/svetslik.si\/wp-content\/uploads\/2021\/08\/image_Beethoven-frieze-detail-II-Gustav-Klimt_680.jpg\",\"width\":551,\"height\":680,\"caption\":\"Gustav Klimt - Beethoven Frieze I (detail) - Beethoven f\u00fcz\u00e9r I (r\u00e9szlet) - Gustav Klimt - Beethoven Frieze I (detail) - Festm\u00e9nyek reprodukci\u00f3i - V\u00e1szonk\u00e9p - Festm\u00e9nyek reprodukci\u00f3i - Absztrakt Festm\u00e9ny - Modern Festm\u00e9ny - Realisztikus Festm\u00e9ny - Olajfestm\u00e9ny - Falik\u00e9p\"},{\"@type\":\"BreadcrumbList\",\"@id\":\"https:\/\/svetslik.si\/hu\/gustav-klimt-hu\/beethoven-frieze-ii-detail\/#breadcrumb\",\"itemListElement\":[{\"@type\":\"ListItem\",\"position\":1,\"name\":\"Wall art and paintings on canvas\",\"item\":\"https:\/\/svetslik.si\/hu\/\"},{\"@type\":\"ListItem\",\"position\":2,\"name\":\"Festm\u00e9nyek elad\u00e1sa\",\"item\":\"https:\/\/svetslik.si\/prodaja-slik\/\"},{\"@type\":\"ListItem\",\"position\":3,\"name\":\"Gustav Klimt &#8211; Beethoven frieze-II (detail)\"}]},{\"@type\":\"WebSite\",\"@id\":\"https:\/\/svetslik.si\/hu\/#website\",\"url\":\"https:\/\/svetslik.si\/hu\/\",\"name\":\"SVETSLIK.SI\",\"description\":\"100%-ban k\u00e9zzel festett reprodukci\u00f3k h\u00edres fest\u0151k festm\u00e9nyeir\u0151l \u00e9s festm\u00e9nyekr\u0151l v\u00e1szonra.\",\"publisher\":{\"@id\":\"https:\/\/svetslik.si\/hu\/#organization\"},\"potentialAction\":[{\"@type\":\"SearchAction\",\"target\":{\"@type\":\"EntryPoint\",\"urlTemplate\":\"https:\/\/svetslik.si\/hu\/?s={search_term_string}\"},\"query-input\":{\"@type\":\"PropertyValueSpecification\",\"valueRequired\":true,\"valueName\":\"search_term_string\"}}],\"inLanguage\":\"hu\"},{\"@type\":\"Organization\",\"@id\":\"https:\/\/svetslik.si\/hu\/#organization\",\"name\":\"SvetSlik.si\",\"url\":\"https:\/\/svetslik.si\/hu\/\",\"logo\":{\"@type\":\"ImageObject\",\"inLanguage\":\"hu\",\"@id\":\"https:\/\/svetslik.si\/hu\/#\/schema\/logo\/image\/\",\"url\":\"https:\/\/svetslik.si\/wp-content\/uploads\/2020\/12\/logo-512.png\",\"contentUrl\":\"https:\/\/svetslik.si\/wp-content\/uploads\/2020\/12\/logo-512.png\",\"width\":512,\"height\":512,\"caption\":\"SvetSlik.si\"},\"image\":{\"@id\":\"https:\/\/svetslik.si\/hu\/#\/schema\/logo\/image\/\"},\"sameAs\":[\"https:\/\/www.facebook.com\/svetslik.si\",\"https:\/\/x.com\/svetslik\",\"https:\/\/www.instagram.com\/svetslik.si\/\",\"https:\/\/www.linkedin.com\/company\/svetslik-si\"]}]}<\/script>\n<meta property=\"og:availability\" content=\"backorder\" \/>\n<meta property=\"product:availability\" content=\"available for order\" \/>\n<meta property=\"product:retailer_item_id\" content=\"678__\" \/>\n<meta property=\"product:condition\" content=\"new\" \/>\n<!-- \/ Yoast SEO Premium plugin. -->","yoast_head_json":{"title":"Gustav Klimt - Beethoven frieze-II (detail) - SVETSLIK.SI - 100% k\u00e9zzel festett","description":"Gustav Klimt - Beethoven frieze-II (detail) - 100% k\u00e9zzel festett h\u00edres festm\u00e9nyek reprodukci\u00f3i. Festm\u00e9nyek keretez\u00e9se, elad\u00e1sa \u00e9s egyedi rendel\u00e9sre t\u00f6rt\u00e9n\u0151 v\u00e1szonk\u00e9pek k\u00e9sz\u00edt\u00e9se.","robots":{"index":"index","follow":"follow","max-snippet":"max-snippet:-1","max-image-preview":"max-image-preview:large","max-video-preview":"max-video-preview:-1"},"canonical":"https:\/\/svetslik.si\/hu\/gustav-klimt-hu\/beethoven-frieze-ii-detail\/","og_locale":"hu_HU","og_type":"article","og_title":"Gustav Klimt - Beethoven frieze-II (detail)","og_description":"100% ro\u010dno naslikane slike na platnu, reprodukcije znanih slikarjev in umetni\u0161ke slike po naro\u010dilu.","og_url":"https:\/\/svetslik.si\/hu\/gustav-klimt-hu\/beethoven-frieze-ii-detail\/","og_site_name":"SVETSLIK.SI","article_publisher":"https:\/\/www.facebook.com\/svetslik.si","article_modified_time":"2026-03-22T22:01:05+00:00","og_image":[{"width":551,"height":680,"url":"https:\/\/svetslik.si\/wp-content\/uploads\/2021\/08\/image_Beethoven-frieze-detail-II-Gustav-Klimt_680.jpg","type":"image\/jpeg"}],"twitter_card":"summary_large_image","twitter_site":"@svetslik","twitter_misc":{"El\u00e9rhet\u0151s\u00e9g":"Beszerz\u00e9s alatt"},"schema":{"@context":"https:\/\/schema.org","@graph":[{"@type":["WebPage","ItemPage"],"@id":"https:\/\/svetslik.si\/hu\/gustav-klimt-hu\/beethoven-frieze-ii-detail\/","url":"https:\/\/svetslik.si\/hu\/gustav-klimt-hu\/beethoven-frieze-ii-detail\/","name":"Gustav Klimt - Beethoven frieze-II (detail) - SVETSLIK.SI - 100% k\u00e9zzel festett","isPartOf":{"@id":"https:\/\/svetslik.si\/hu\/#website"},"primaryImageOfPage":{"@id":"https:\/\/svetslik.si\/hu\/gustav-klimt-hu\/beethoven-frieze-ii-detail\/#primaryimage"},"image":{"@id":"https:\/\/svetslik.si\/hu\/gustav-klimt-hu\/beethoven-frieze-ii-detail\/#primaryimage"},"thumbnailUrl":"https:\/\/svetslik.si\/wp-content\/uploads\/2021\/08\/image_Beethoven-frieze-detail-II-Gustav-Klimt_680.jpg","datePublished":"2021-09-02T16:38:36+00:00","dateModified":"2026-03-22T22:01:05+00:00","description":"Gustav Klimt - Beethoven frieze-II (detail) - 100% k\u00e9zzel festett h\u00edres festm\u00e9nyek reprodukci\u00f3i. Festm\u00e9nyek keretez\u00e9se, elad\u00e1sa \u00e9s egyedi rendel\u00e9sre t\u00f6rt\u00e9n\u0151 v\u00e1szonk\u00e9pek k\u00e9sz\u00edt\u00e9se.","breadcrumb":{"@id":"https:\/\/svetslik.si\/hu\/gustav-klimt-hu\/beethoven-frieze-ii-detail\/#breadcrumb"},"inLanguage":"hu","potentialAction":[{"@type":"ReadAction","target":["https:\/\/svetslik.si\/hu\/gustav-klimt-hu\/beethoven-frieze-ii-detail\/"]}]},{"@type":"ImageObject","inLanguage":"hu","@id":"https:\/\/svetslik.si\/hu\/gustav-klimt-hu\/beethoven-frieze-ii-detail\/#primaryimage","url":"https:\/\/svetslik.si\/wp-content\/uploads\/2021\/08\/image_Beethoven-frieze-detail-II-Gustav-Klimt_680.jpg","contentUrl":"https:\/\/svetslik.si\/wp-content\/uploads\/2021\/08\/image_Beethoven-frieze-detail-II-Gustav-Klimt_680.jpg","width":551,"height":680,"caption":"Gustav Klimt - Beethoven Frieze I (detail) - Beethoven f\u00fcz\u00e9r I (r\u00e9szlet) - Gustav Klimt - Beethoven Frieze I (detail) - Festm\u00e9nyek reprodukci\u00f3i - V\u00e1szonk\u00e9p - Festm\u00e9nyek reprodukci\u00f3i - Absztrakt Festm\u00e9ny - Modern Festm\u00e9ny - Realisztikus Festm\u00e9ny - Olajfestm\u00e9ny - Falik\u00e9p"},{"@type":"BreadcrumbList","@id":"https:\/\/svetslik.si\/hu\/gustav-klimt-hu\/beethoven-frieze-ii-detail\/#breadcrumb","itemListElement":[{"@type":"ListItem","position":1,"name":"Wall art and paintings on canvas","item":"https:\/\/svetslik.si\/hu\/"},{"@type":"ListItem","position":2,"name":"Festm\u00e9nyek elad\u00e1sa","item":"https:\/\/svetslik.si\/prodaja-slik\/"},{"@type":"ListItem","position":3,"name":"Gustav Klimt &#8211; Beethoven frieze-II (detail)"}]},{"@type":"WebSite","@id":"https:\/\/svetslik.si\/hu\/#website","url":"https:\/\/svetslik.si\/hu\/","name":"SVETSLIK.SI","description":"100%-ban k\u00e9zzel festett reprodukci\u00f3k h\u00edres fest\u0151k festm\u00e9nyeir\u0151l \u00e9s festm\u00e9nyekr\u0151l v\u00e1szonra.","publisher":{"@id":"https:\/\/svetslik.si\/hu\/#organization"},"potentialAction":[{"@type":"SearchAction","target":{"@type":"EntryPoint","urlTemplate":"https:\/\/svetslik.si\/hu\/?s={search_term_string}"},"query-input":{"@type":"PropertyValueSpecification","valueRequired":true,"valueName":"search_term_string"}}],"inLanguage":"hu"},{"@type":"Organization","@id":"https:\/\/svetslik.si\/hu\/#organization","name":"SvetSlik.si","url":"https:\/\/svetslik.si\/hu\/","logo":{"@type":"ImageObject","inLanguage":"hu","@id":"https:\/\/svetslik.si\/hu\/#\/schema\/logo\/image\/","url":"https:\/\/svetslik.si\/wp-content\/uploads\/2020\/12\/logo-512.png","contentUrl":"https:\/\/svetslik.si\/wp-content\/uploads\/2020\/12\/logo-512.png","width":512,"height":512,"caption":"SvetSlik.si"},"image":{"@id":"https:\/\/svetslik.si\/hu\/#\/schema\/logo\/image\/"},"sameAs":["https:\/\/www.facebook.com\/svetslik.si","https:\/\/x.com\/svetslik","https:\/\/www.instagram.com\/svetslik.si\/","https:\/\/www.linkedin.com\/company\/svetslik-si"]}]},"og_availability":"backorder","product_availability":"available for order","product_retailer_item_id":"678__","product_condition":"new"},"jetpack_sharing_enabled":true,"_links":{"self":[{"href":"https:\/\/svetslik.si\/hu\/wp-json\/wp\/v2\/product\/56604","targetHints":{"allow":["GET"]}}],"collection":[{"href":"https:\/\/svetslik.si\/hu\/wp-json\/wp\/v2\/product"}],"about":[{"href":"https:\/\/svetslik.si\/hu\/wp-json\/wp\/v2\/types\/product"}],"wp:featuredmedia":[{"embeddable":true,"href":"https:\/\/svetslik.si\/hu\/wp-json\/wp\/v2\/media\/49376"}],"wp:attachment":[{"href":"https:\/\/svetslik.si\/hu\/wp-json\/wp\/v2\/media?parent=56604"}],"wp:term":[{"taxonomy":"product_brand","embeddable":true,"href":"https:\/\/svetslik.si\/hu\/wp-json\/wp\/v2\/product_brand?post=56604"},{"taxonomy":"product_cat","embeddable":true,"href":"https:\/\/svetslik.si\/hu\/wp-json\/wp\/v2\/product_cat?post=56604"},{"taxonomy":"product_tag","embeddable":true,"href":"https:\/\/svetslik.si\/hu\/wp-json\/wp\/v2\/product_tag?post=56604"}],"curies":[{"name":"wp","href":"https:\/\/api.w.org\/{rel}","templated":true}]}}