{"id":56883,"date":"2021-09-02T18:44:25","date_gmt":"2021-09-02T16:44:25","guid":{"rendered":"https:\/\/svetslik.si\/nem-kategorizalt\/number-1-1952\/"},"modified":"2026-03-22T23:06:05","modified_gmt":"2026-03-22T22:06:05","slug":"number-1-1952","status":"publish","type":"product","link":"https:\/\/svetslik.si\/hu\/jackson-pollock-hu\/number-1-1952\/","title":{"rendered":"Jackson Pollock &#8211; Number 1, 1952"},"content":{"rendered":"<div class=\"wpb-content-wrapper\">[vc_row][vc_column][vc_column_text]\n<h1>Jackson Pollock \u2013 1. sz\u00e1m, 1952<\/h1>\n<p>&nbsp;<\/p>\n<table style=\"width: 673px;\" border=\"0\" width=\"673\" cellpadding=\"0\">\n<tbody>\n<tr>\n<td style=\"width: 180px; height: 21px;\" height=\"21\">L\u00e9trehoz\u00e1s \u00e9ve:<\/td>\n<td style=\"width: 493px;\">1952<\/td>\n<\/tr>\n<tr>\n<td style=\"width: 180px; height: 21px;\" height=\"21\">Eredeti m\u00e9ret:<\/td>\n<td style=\"width: 493px;\">269,2 cm x 66 cm<\/td>\n<\/tr>\n<tr>\n<td style=\"width: 180px; height: 21px;\" height=\"21\">Fest\u00e9si st\u00edlus:<\/td>\n<td style=\"width: 493px;\">Absztrakt expresszionizmus<\/td>\n<\/tr>\n<tr>\n<td style=\"width: 180px; height: 21px;\" height=\"21\">Eredeti technika:<\/td>\n<td>Olaj, v\u00e1szon<\/td>\n<\/tr>\n<tr>\n<td style=\"width: 180px; height: 21px;\" height=\"21\">Helysz\u00edn:<\/td>\n<td>Mag\u00e1ngy\u0171jtem\u00e9ny<\/td>\n<\/tr>\n<\/tbody>\n<colgroup>\n<col \/>\n<col \/> <\/colgroup>\n<\/table>\n[\/vc_column_text][\/vc_column][\/vc_row][vc_row css=&#8221;.vc_custom_1727353463660{margin-bottom: 5px !important;}&#8221;][vc_column]\t<div class=\"et-image-466 et-image  full   et_image_link\">\n\t\t<div class=\"et-image-inner \">\n\t\t\t\t\t\t\t<a  class=\"mfp-image et-lightbox\" data-mfp-type=\"image\" data-mfp-src=\"https:\/\/svetslik.si\/wp-content\/uploads\/2021\/09\/Jackson-Pollock-rocno-naslikana-reprodukcija-umetniske-slike-na-platnu-2-scaled.jpg\"  title=\"Jackson Pollock &#8211; k\u00e9zzel festett m\u0171v\u00e9szeti reprodukci\u00f3 v\u00e1sznon 2\">\n\t\t\t\t\t\t\t<div class=\"et-image-thumb \">\n\t\t\t\t\t<img decoding=\"async\" width=\"2560\" height=\"1920\" src=\"https:\/\/svetslik.si\/wp-content\/uploads\/2021\/09\/Jackson-Pollock-rocno-naslikana-reprodukcija-umetniske-slike-na-platnu-2-scaled.jpg\" class=\"attachment-full\" alt=\"Jackson Pollock - k\u00e9zzel festett m\u0171v\u00e9szeti reprodukci\u00f3 v\u00e1sznon 2\" title=\"Jackson Pollock - k\u00e9zzel festett m\u0171v\u00e9szeti reprodukci\u00f3 v\u00e1sznon 2\" srcset=\"https:\/\/svetslik.si\/wp-content\/uploads\/2021\/09\/Jackson-Pollock-rocno-naslikana-reprodukcija-umetniske-slike-na-platnu-2-scaled.jpg 2560w, https:\/\/svetslik.si\/wp-content\/uploads\/2021\/09\/Jackson-Pollock-rocno-naslikana-reprodukcija-umetniske-slike-na-platnu-2-600x450.jpg 600w, https:\/\/svetslik.si\/wp-content\/uploads\/2021\/09\/Jackson-Pollock-rocno-naslikana-reprodukcija-umetniske-slike-na-platnu-2-scaled-1200x900.jpg 1200w, https:\/\/svetslik.si\/wp-content\/uploads\/2021\/09\/Jackson-Pollock-rocno-naslikana-reprodukcija-umetniske-slike-na-platnu-2-300x225.jpg 300w, https:\/\/svetslik.si\/wp-content\/uploads\/2021\/09\/Jackson-Pollock-rocno-naslikana-reprodukcija-umetniske-slike-na-platnu-2-1024x768.jpg 1024w, https:\/\/svetslik.si\/wp-content\/uploads\/2021\/09\/Jackson-Pollock-rocno-naslikana-reprodukcija-umetniske-slike-na-platnu-2-768x576.jpg 768w, https:\/\/svetslik.si\/wp-content\/uploads\/2021\/09\/Jackson-Pollock-rocno-naslikana-reprodukcija-umetniske-slike-na-platnu-2-1536x1152.jpg 1536w, https:\/\/svetslik.si\/wp-content\/uploads\/2021\/09\/Jackson-Pollock-rocno-naslikana-reprodukcija-umetniske-slike-na-platnu-2-2048x1536.jpg 2048w, https:\/\/svetslik.si\/wp-content\/uploads\/2021\/09\/Jackson-Pollock-rocno-naslikana-reprodukcija-umetniske-slike-na-platnu-2-150x113.jpg 150w, https:\/\/svetslik.si\/wp-content\/uploads\/2021\/09\/Jackson-Pollock-rocno-naslikana-reprodukcija-umetniske-slike-na-platnu-2-1320x990.jpg 1320w, https:\/\/svetslik.si\/wp-content\/uploads\/2021\/09\/Jackson-Pollock-rocno-naslikana-reprodukcija-umetniske-slike-na-platnu-2-900x675.jpg 900w\" sizes=\"(max-width: 2560px) 100vw, 2560px\" \/>\t\t\t\t<\/div>\n\t\t\t\t\t\t\t<\/a>\n\t\t\t\t\t\t\t\t\t\t<div class=\"wp-caption-text\">Jackson Pollock - k\u00e9zzel festett m\u0171v\u00e9szeti reprodukci\u00f3 v\u00e1sznon 2<\/div>\n\t\t\t\t\t\t\t\t<\/div>\n\t<\/div>\n  [\/vc_column][\/vc_row][vc_row css=&#8221;.vc_custom_1727353463660{margin-bottom: 5px !important;}&#8221;][vc_column]\t<div class=\"et-image-254 et-image  full   et_image_link\">\n\t\t<div class=\"et-image-inner \">\n\t\t\t\t\t\t\t<a  class=\"mfp-image et-lightbox\" data-mfp-type=\"image\" data-mfp-src=\"https:\/\/svetslik.si\/wp-content\/uploads\/2021\/09\/Jackson-Pollock-\u2013-Number-1-1952.jpg\"  title=\"Jackson Pollock &#8211; Number 1, 1952\">\n\t\t\t\t\t\t\t<div class=\"et-image-thumb \">\n\t\t\t\t\t<img decoding=\"async\" width=\"1000\" height=\"358\" src=\"https:\/\/svetslik.si\/wp-content\/uploads\/2021\/09\/Jackson-Pollock-\u2013-Number-1-1952.jpg\" class=\"attachment-full\" alt=\"Jackson Pollock \u2013 Number 1, 1952\" title=\"Jackson Pollock - Number 1, 1952\" srcset=\"https:\/\/svetslik.si\/wp-content\/uploads\/2021\/09\/Jackson-Pollock-\u2013-Number-1-1952.jpg 1000w, https:\/\/svetslik.si\/wp-content\/uploads\/2021\/09\/Jackson-Pollock-\u2013-Number-1-1952-600x215.jpg 600w, https:\/\/svetslik.si\/wp-content\/uploads\/2021\/09\/Jackson-Pollock-\u2013-Number-1-1952-300x107.jpg 300w, https:\/\/svetslik.si\/wp-content\/uploads\/2021\/09\/Jackson-Pollock-\u2013-Number-1-1952-768x275.jpg 768w, https:\/\/svetslik.si\/wp-content\/uploads\/2021\/09\/Jackson-Pollock-\u2013-Number-1-1952-150x54.jpg 150w, https:\/\/svetslik.si\/wp-content\/uploads\/2021\/09\/Jackson-Pollock-\u2013-Number-1-1952-900x322.jpg 900w\" sizes=\"(max-width: 1000px) 100vw, 1000px\" \/>\t\t\t\t<\/div>\n\t\t\t\t\t\t\t<\/a>\n\t\t\t\t\t\t\t\t\t\t<div class=\"wp-caption-text\">Jackson Pollock - Number 1, 1952<\/div>\n\t\t\t\t\t\t\t\t<\/div>\n\t<\/div>\n  [\/vc_column][\/vc_row][vc_row css=&#8221;.vc_custom_1727353463660{margin-bottom: 5px !important;}&#8221;][vc_column]\t<div class=\"et-image-417 et-image  full   et_image_link\">\n\t\t<div class=\"et-image-inner \">\n\t\t\t\t\t\t\t<a  class=\"mfp-image et-lightbox\" data-mfp-type=\"image\" data-mfp-src=\"https:\/\/svetslik.si\/wp-content\/uploads\/2021\/09\/Jackson-Pollock-\u2013-Number-1-1952-3.jpg\"  title=\"Jackson Pollock &#8211; Number 1, 1952\">\n\t\t\t\t\t\t\t<div class=\"et-image-thumb \">\n\t\t\t\t\t<img decoding=\"async\" width=\"1000\" height=\"598\" src=\"https:\/\/svetslik.si\/wp-content\/uploads\/2021\/09\/Jackson-Pollock-\u2013-Number-1-1952-3.jpg\" class=\"attachment-full\" alt=\"Jackson Pollock \u2013 Number 1, 1952\" title=\"Jackson Pollock - Number 1, 1952\" srcset=\"https:\/\/svetslik.si\/wp-content\/uploads\/2021\/09\/Jackson-Pollock-\u2013-Number-1-1952-3.jpg 1000w, https:\/\/svetslik.si\/wp-content\/uploads\/2021\/09\/Jackson-Pollock-\u2013-Number-1-1952-3-600x359.jpg 600w, https:\/\/svetslik.si\/wp-content\/uploads\/2021\/09\/Jackson-Pollock-\u2013-Number-1-1952-3-300x179.jpg 300w, https:\/\/svetslik.si\/wp-content\/uploads\/2021\/09\/Jackson-Pollock-\u2013-Number-1-1952-3-768x459.jpg 768w, https:\/\/svetslik.si\/wp-content\/uploads\/2021\/09\/Jackson-Pollock-\u2013-Number-1-1952-3-150x90.jpg 150w, https:\/\/svetslik.si\/wp-content\/uploads\/2021\/09\/Jackson-Pollock-\u2013-Number-1-1952-3-900x538.jpg 900w\" sizes=\"(max-width: 1000px) 100vw, 1000px\" \/>\t\t\t\t<\/div>\n\t\t\t\t\t\t\t<\/a>\n\t\t\t\t\t\t\t\t\t\t<div class=\"wp-caption-text\">Jackson Pollock - Number 1, 1952<\/div>\n\t\t\t\t\t\t\t\t<\/div>\n\t<\/div>\n  [\/vc_column][\/vc_row][vc_row css=&#8221;.vc_custom_1727353463660{margin-bottom: 5px !important;}&#8221;][vc_column]\t<div class=\"et-image-875 et-image  full   et_image_link\">\n\t\t<div class=\"et-image-inner \">\n\t\t\t\t\t\t\t<a  class=\"mfp-image et-lightbox\" data-mfp-type=\"image\" data-mfp-src=\"https:\/\/svetslik.si\/wp-content\/uploads\/2021\/09\/Jackson-Pollock-\u2013-Number-1-1952-1.jpg\"  title=\"Jackson Pollock &#8211; Number 1, 1952\">\n\t\t\t\t\t\t\t<div class=\"et-image-thumb \">\n\t\t\t\t\t<img decoding=\"async\" width=\"1000\" height=\"563\" src=\"https:\/\/svetslik.si\/wp-content\/uploads\/2021\/09\/Jackson-Pollock-\u2013-Number-1-1952-1.jpg\" class=\"attachment-full\" alt=\"Jackson Pollock \u2013 Number 1, 1952\" title=\"Jackson Pollock - Number 1, 1952\" srcset=\"https:\/\/svetslik.si\/wp-content\/uploads\/2021\/09\/Jackson-Pollock-\u2013-Number-1-1952-1.jpg 1000w, https:\/\/svetslik.si\/wp-content\/uploads\/2021\/09\/Jackson-Pollock-\u2013-Number-1-1952-1-600x338.jpg 600w, https:\/\/svetslik.si\/wp-content\/uploads\/2021\/09\/Jackson-Pollock-\u2013-Number-1-1952-1-300x169.jpg 300w, https:\/\/svetslik.si\/wp-content\/uploads\/2021\/09\/Jackson-Pollock-\u2013-Number-1-1952-1-768x432.jpg 768w, https:\/\/svetslik.si\/wp-content\/uploads\/2021\/09\/Jackson-Pollock-\u2013-Number-1-1952-1-150x84.jpg 150w, https:\/\/svetslik.si\/wp-content\/uploads\/2021\/09\/Jackson-Pollock-\u2013-Number-1-1952-1-900x507.jpg 900w\" sizes=\"(max-width: 1000px) 100vw, 1000px\" \/>\t\t\t\t<\/div>\n\t\t\t\t\t\t\t<\/a>\n\t\t\t\t\t\t\t\t\t\t<div class=\"wp-caption-text\">Jackson Pollock - Number 1, 1952<\/div>\n\t\t\t\t\t\t\t\t<\/div>\n\t<\/div>\n  [\/vc_column][\/vc_row]\n<\/div>","protected":false},"excerpt":{"rendered":"<p>[vc_row][vc_column][vc_column_text] Jackson Pollock \u2013 1. sz\u00e1m, 1952 &nbsp; L\u00e9trehoz\u00e1s \u00e9ve: 1952 Eredeti m\u00e9ret: 269,2 cm x 66 cm Fest\u00e9si st\u00edlus: Absztrakt expresszionizmus Eredeti technika: Olaj, v\u00e1szon Helysz\u00edn: Mag\u00e1ngy\u0171jtem\u00e9ny [\/vc_column_text][\/vc_column][\/vc_row][vc_row css=&#8221;.vc_custom_1727353463660{margin-bottom: 5px !important;}&#8221;][vc_column][\/vc_column][\/vc_row][vc_row css=&#8221;.vc_custom_1727353463660{margin-bottom: 5px !important;}&#8221;][vc_column][\/vc_column][\/vc_row][vc_row css=&#8221;.vc_custom_1727353463660{margin-bottom: 5px !important;}&#8221;][vc_column][\/vc_column][\/vc_row][vc_row css=&#8221;.vc_custom_1727353463660{margin-bottom: 5px !important;}&#8221;][vc_column][\/vc_column][\/vc_row]<\/p>\n","protected":false},"featured_media":49851,"template":"","meta":{"_acf_changed":false},"product_brand":[],"product_cat":[7130],"product_tag":[11885,7191,11886,11887],"class_list":{"0":"post-56883","1":"product","2":"type-product","3":"status-publish","4":"has-post-thumbnail","6":"product_cat-jackson-pollock-hu","7":"product_tag-painter-hu","8":"product_tag-pollock-hu","9":"product_tag-reproduction","10":"product_tag-reproductions-hu","11":"pa_dimenzija-130-x-30-cm","12":"pa_dimenzija-150-x-35-cm","13":"pa_dimenzija-170-x-40-cm","14":"pa_dimenzija-190-x-45-cm","15":"pa_dimenzija-210-x-50-cm","16":"pa_dimenzija-230-x-55-cm","17":"pa_dimenzija-269-x-66-cm","18":"pa_oblika-vizszintes","19":"pa_okvir-nincs-keret","20":"pa_podokvir-igen","21":"pa_podokvir-nem","23":"first","24":"onbackorder","25":"purchasable","26":"product-type-variable","27":"has-default-attributes"},"acf":[],"yoast_head":"<!-- This site is optimized with the Yoast SEO Premium plugin v26.0 (Yoast SEO v27.2) - https:\/\/yoast.com\/product\/yoast-seo-premium-wordpress\/ -->\n<title>Jackson Pollock - Number 1, 1952 - SVETSLIK.SI - 100% k\u00e9zzel festett<\/title>\n<meta name=\"description\" content=\"Jackson Pollock - Number 1, 1952 - 100% k\u00e9zzel festett h\u00edres festm\u00e9nyek reprodukci\u00f3i. Festm\u00e9nyek keretez\u00e9se, elad\u00e1sa \u00e9s egyedi rendel\u00e9sre t\u00f6rt\u00e9n\u0151 v\u00e1szonk\u00e9pek k\u00e9sz\u00edt\u00e9se.\" \/>\n<meta name=\"robots\" content=\"index, follow, max-snippet:-1, max-image-preview:large, max-video-preview:-1\" \/>\n<link rel=\"canonical\" href=\"https:\/\/svetslik.si\/hu\/jackson-pollock-hu\/number-1-1952\/\" \/>\n<meta property=\"og:locale\" content=\"hu_HU\" \/>\n<meta property=\"og:type\" content=\"article\" \/>\n<meta property=\"og:title\" content=\"Jackson Pollock - Number 1, 1952\" \/>\n<meta property=\"og:description\" content=\"100% ro\u010dno naslikane slike na platnu, reprodukcije znanih slikarjev in umetni\u0161ke slike po naro\u010dilu.\" \/>\n<meta property=\"og:url\" content=\"https:\/\/svetslik.si\/hu\/jackson-pollock-hu\/number-1-1952\/\" \/>\n<meta property=\"og:site_name\" content=\"SVETSLIK.SI\" \/>\n<meta property=\"article:publisher\" content=\"https:\/\/www.facebook.com\/svetslik.si\" \/>\n<meta property=\"article:modified_time\" content=\"2026-03-22T22:06:05+00:00\" \/>\n<meta property=\"og:image\" content=\"https:\/\/svetslik.si\/wp-content\/uploads\/2021\/08\/image_Number-1-1952_680.jpg\" \/>\n\t<meta property=\"og:image:width\" content=\"680\" \/>\n\t<meta property=\"og:image:height\" content=\"145\" \/>\n\t<meta property=\"og:image:type\" content=\"image\/jpeg\" \/>\n<meta name=\"twitter:card\" content=\"summary_large_image\" \/>\n<meta name=\"twitter:site\" content=\"@svetslik\" \/>\n<meta name=\"twitter:label1\" content=\"El\u00e9rhet\u0151s\u00e9g\" \/>\n\t<meta name=\"twitter:data1\" content=\"Beszerz\u00e9s alatt\" \/>\n<script type=\"application\/ld+json\" class=\"yoast-schema-graph\">{\"@context\":\"https:\/\/schema.org\",\"@graph\":[{\"@type\":[\"WebPage\",\"ItemPage\"],\"@id\":\"https:\/\/svetslik.si\/hu\/jackson-pollock-hu\/number-1-1952\/\",\"url\":\"https:\/\/svetslik.si\/hu\/jackson-pollock-hu\/number-1-1952\/\",\"name\":\"Jackson Pollock - Number 1, 1952 - SVETSLIK.SI - 100% k\u00e9zzel festett\",\"isPartOf\":{\"@id\":\"https:\/\/svetslik.si\/hu\/#website\"},\"primaryImageOfPage\":{\"@id\":\"https:\/\/svetslik.si\/hu\/jackson-pollock-hu\/number-1-1952\/#primaryimage\"},\"image\":{\"@id\":\"https:\/\/svetslik.si\/hu\/jackson-pollock-hu\/number-1-1952\/#primaryimage\"},\"thumbnailUrl\":\"https:\/\/svetslik.si\/wp-content\/uploads\/2021\/08\/image_Number-1-1952_680.jpg\",\"datePublished\":\"2021-09-02T16:44:25+00:00\",\"dateModified\":\"2026-03-22T22:06:05+00:00\",\"description\":\"Jackson Pollock - Number 1, 1952 - 100% k\u00e9zzel festett h\u00edres festm\u00e9nyek reprodukci\u00f3i. Festm\u00e9nyek keretez\u00e9se, elad\u00e1sa \u00e9s egyedi rendel\u00e9sre t\u00f6rt\u00e9n\u0151 v\u00e1szonk\u00e9pek k\u00e9sz\u00edt\u00e9se.\",\"breadcrumb\":{\"@id\":\"https:\/\/svetslik.si\/hu\/jackson-pollock-hu\/number-1-1952\/#breadcrumb\"},\"inLanguage\":\"hu\",\"potentialAction\":[{\"@type\":\"ReadAction\",\"target\":[\"https:\/\/svetslik.si\/hu\/jackson-pollock-hu\/number-1-1952\/\"]}]},{\"@type\":\"ImageObject\",\"inLanguage\":\"hu\",\"@id\":\"https:\/\/svetslik.si\/hu\/jackson-pollock-hu\/number-1-1952\/#primaryimage\",\"url\":\"https:\/\/svetslik.si\/wp-content\/uploads\/2021\/08\/image_Number-1-1952_680.jpg\",\"contentUrl\":\"https:\/\/svetslik.si\/wp-content\/uploads\/2021\/08\/image_Number-1-1952_680.jpg\",\"width\":680,\"height\":145,\"caption\":\"Jackson Pollock - Number 1, 1952 - Jackson Pollock - 1. sz\u00e1m, 1952 - REPRODUKCI\u00d3I - V\u00e1szonk\u00e9p - Festm\u00e9nyek reprodukci\u00f3i - Absztrakt Festm\u00e9ny - Modern Festm\u00e9ny - Realisztikus Festm\u00e9ny - Olajfestm\u00e9ny - Falik\u00e9p\"},{\"@type\":\"BreadcrumbList\",\"@id\":\"https:\/\/svetslik.si\/hu\/jackson-pollock-hu\/number-1-1952\/#breadcrumb\",\"itemListElement\":[{\"@type\":\"ListItem\",\"position\":1,\"name\":\"Wall art and paintings on canvas\",\"item\":\"https:\/\/svetslik.si\/hu\/\"},{\"@type\":\"ListItem\",\"position\":2,\"name\":\"Festm\u00e9nyek elad\u00e1sa\",\"item\":\"https:\/\/svetslik.si\/prodaja-slik\/\"},{\"@type\":\"ListItem\",\"position\":3,\"name\":\"Jackson Pollock &#8211; Number 1, 1952\"}]},{\"@type\":\"WebSite\",\"@id\":\"https:\/\/svetslik.si\/hu\/#website\",\"url\":\"https:\/\/svetslik.si\/hu\/\",\"name\":\"SVETSLIK.SI\",\"description\":\"100%-ban k\u00e9zzel festett reprodukci\u00f3k h\u00edres fest\u0151k festm\u00e9nyeir\u0151l \u00e9s festm\u00e9nyekr\u0151l v\u00e1szonra.\",\"publisher\":{\"@id\":\"https:\/\/svetslik.si\/hu\/#organization\"},\"potentialAction\":[{\"@type\":\"SearchAction\",\"target\":{\"@type\":\"EntryPoint\",\"urlTemplate\":\"https:\/\/svetslik.si\/hu\/?s={search_term_string}\"},\"query-input\":{\"@type\":\"PropertyValueSpecification\",\"valueRequired\":true,\"valueName\":\"search_term_string\"}}],\"inLanguage\":\"hu\"},{\"@type\":\"Organization\",\"@id\":\"https:\/\/svetslik.si\/hu\/#organization\",\"name\":\"SvetSlik.si\",\"url\":\"https:\/\/svetslik.si\/hu\/\",\"logo\":{\"@type\":\"ImageObject\",\"inLanguage\":\"hu\",\"@id\":\"https:\/\/svetslik.si\/hu\/#\/schema\/logo\/image\/\",\"url\":\"https:\/\/svetslik.si\/wp-content\/uploads\/2020\/12\/logo-512.png\",\"contentUrl\":\"https:\/\/svetslik.si\/wp-content\/uploads\/2020\/12\/logo-512.png\",\"width\":512,\"height\":512,\"caption\":\"SvetSlik.si\"},\"image\":{\"@id\":\"https:\/\/svetslik.si\/hu\/#\/schema\/logo\/image\/\"},\"sameAs\":[\"https:\/\/www.facebook.com\/svetslik.si\",\"https:\/\/x.com\/svetslik\",\"https:\/\/www.instagram.com\/svetslik.si\/\",\"https:\/\/www.linkedin.com\/company\/svetslik-si\"]}]}<\/script>\n<meta property=\"og:availability\" content=\"backorder\" \/>\n<meta property=\"product:availability\" content=\"available for order\" \/>\n<meta property=\"product:retailer_item_id\" content=\"713__\" \/>\n<meta property=\"product:condition\" content=\"new\" \/>\n<!-- \/ Yoast SEO Premium plugin. -->","yoast_head_json":{"title":"Jackson Pollock - Number 1, 1952 - SVETSLIK.SI - 100% k\u00e9zzel festett","description":"Jackson Pollock - Number 1, 1952 - 100% k\u00e9zzel festett h\u00edres festm\u00e9nyek reprodukci\u00f3i. Festm\u00e9nyek keretez\u00e9se, elad\u00e1sa \u00e9s egyedi rendel\u00e9sre t\u00f6rt\u00e9n\u0151 v\u00e1szonk\u00e9pek k\u00e9sz\u00edt\u00e9se.","robots":{"index":"index","follow":"follow","max-snippet":"max-snippet:-1","max-image-preview":"max-image-preview:large","max-video-preview":"max-video-preview:-1"},"canonical":"https:\/\/svetslik.si\/hu\/jackson-pollock-hu\/number-1-1952\/","og_locale":"hu_HU","og_type":"article","og_title":"Jackson Pollock - Number 1, 1952","og_description":"100% ro\u010dno naslikane slike na platnu, reprodukcije znanih slikarjev in umetni\u0161ke slike po naro\u010dilu.","og_url":"https:\/\/svetslik.si\/hu\/jackson-pollock-hu\/number-1-1952\/","og_site_name":"SVETSLIK.SI","article_publisher":"https:\/\/www.facebook.com\/svetslik.si","article_modified_time":"2026-03-22T22:06:05+00:00","og_image":[{"width":680,"height":145,"url":"https:\/\/svetslik.si\/wp-content\/uploads\/2021\/08\/image_Number-1-1952_680.jpg","type":"image\/jpeg"}],"twitter_card":"summary_large_image","twitter_site":"@svetslik","twitter_misc":{"El\u00e9rhet\u0151s\u00e9g":"Beszerz\u00e9s alatt"},"schema":{"@context":"https:\/\/schema.org","@graph":[{"@type":["WebPage","ItemPage"],"@id":"https:\/\/svetslik.si\/hu\/jackson-pollock-hu\/number-1-1952\/","url":"https:\/\/svetslik.si\/hu\/jackson-pollock-hu\/number-1-1952\/","name":"Jackson Pollock - Number 1, 1952 - SVETSLIK.SI - 100% k\u00e9zzel festett","isPartOf":{"@id":"https:\/\/svetslik.si\/hu\/#website"},"primaryImageOfPage":{"@id":"https:\/\/svetslik.si\/hu\/jackson-pollock-hu\/number-1-1952\/#primaryimage"},"image":{"@id":"https:\/\/svetslik.si\/hu\/jackson-pollock-hu\/number-1-1952\/#primaryimage"},"thumbnailUrl":"https:\/\/svetslik.si\/wp-content\/uploads\/2021\/08\/image_Number-1-1952_680.jpg","datePublished":"2021-09-02T16:44:25+00:00","dateModified":"2026-03-22T22:06:05+00:00","description":"Jackson Pollock - Number 1, 1952 - 100% k\u00e9zzel festett h\u00edres festm\u00e9nyek reprodukci\u00f3i. Festm\u00e9nyek keretez\u00e9se, elad\u00e1sa \u00e9s egyedi rendel\u00e9sre t\u00f6rt\u00e9n\u0151 v\u00e1szonk\u00e9pek k\u00e9sz\u00edt\u00e9se.","breadcrumb":{"@id":"https:\/\/svetslik.si\/hu\/jackson-pollock-hu\/number-1-1952\/#breadcrumb"},"inLanguage":"hu","potentialAction":[{"@type":"ReadAction","target":["https:\/\/svetslik.si\/hu\/jackson-pollock-hu\/number-1-1952\/"]}]},{"@type":"ImageObject","inLanguage":"hu","@id":"https:\/\/svetslik.si\/hu\/jackson-pollock-hu\/number-1-1952\/#primaryimage","url":"https:\/\/svetslik.si\/wp-content\/uploads\/2021\/08\/image_Number-1-1952_680.jpg","contentUrl":"https:\/\/svetslik.si\/wp-content\/uploads\/2021\/08\/image_Number-1-1952_680.jpg","width":680,"height":145,"caption":"Jackson Pollock - Number 1, 1952 - Jackson Pollock - 1. sz\u00e1m, 1952 - REPRODUKCI\u00d3I - V\u00e1szonk\u00e9p - Festm\u00e9nyek reprodukci\u00f3i - Absztrakt Festm\u00e9ny - Modern Festm\u00e9ny - Realisztikus Festm\u00e9ny - Olajfestm\u00e9ny - Falik\u00e9p"},{"@type":"BreadcrumbList","@id":"https:\/\/svetslik.si\/hu\/jackson-pollock-hu\/number-1-1952\/#breadcrumb","itemListElement":[{"@type":"ListItem","position":1,"name":"Wall art and paintings on canvas","item":"https:\/\/svetslik.si\/hu\/"},{"@type":"ListItem","position":2,"name":"Festm\u00e9nyek elad\u00e1sa","item":"https:\/\/svetslik.si\/prodaja-slik\/"},{"@type":"ListItem","position":3,"name":"Jackson Pollock &#8211; Number 1, 1952"}]},{"@type":"WebSite","@id":"https:\/\/svetslik.si\/hu\/#website","url":"https:\/\/svetslik.si\/hu\/","name":"SVETSLIK.SI","description":"100%-ban k\u00e9zzel festett reprodukci\u00f3k h\u00edres fest\u0151k festm\u00e9nyeir\u0151l \u00e9s festm\u00e9nyekr\u0151l v\u00e1szonra.","publisher":{"@id":"https:\/\/svetslik.si\/hu\/#organization"},"potentialAction":[{"@type":"SearchAction","target":{"@type":"EntryPoint","urlTemplate":"https:\/\/svetslik.si\/hu\/?s={search_term_string}"},"query-input":{"@type":"PropertyValueSpecification","valueRequired":true,"valueName":"search_term_string"}}],"inLanguage":"hu"},{"@type":"Organization","@id":"https:\/\/svetslik.si\/hu\/#organization","name":"SvetSlik.si","url":"https:\/\/svetslik.si\/hu\/","logo":{"@type":"ImageObject","inLanguage":"hu","@id":"https:\/\/svetslik.si\/hu\/#\/schema\/logo\/image\/","url":"https:\/\/svetslik.si\/wp-content\/uploads\/2020\/12\/logo-512.png","contentUrl":"https:\/\/svetslik.si\/wp-content\/uploads\/2020\/12\/logo-512.png","width":512,"height":512,"caption":"SvetSlik.si"},"image":{"@id":"https:\/\/svetslik.si\/hu\/#\/schema\/logo\/image\/"},"sameAs":["https:\/\/www.facebook.com\/svetslik.si","https:\/\/x.com\/svetslik","https:\/\/www.instagram.com\/svetslik.si\/","https:\/\/www.linkedin.com\/company\/svetslik-si"]}]},"og_availability":"backorder","product_availability":"available for order","product_retailer_item_id":"713__","product_condition":"new"},"jetpack_sharing_enabled":true,"_links":{"self":[{"href":"https:\/\/svetslik.si\/hu\/wp-json\/wp\/v2\/product\/56883","targetHints":{"allow":["GET"]}}],"collection":[{"href":"https:\/\/svetslik.si\/hu\/wp-json\/wp\/v2\/product"}],"about":[{"href":"https:\/\/svetslik.si\/hu\/wp-json\/wp\/v2\/types\/product"}],"wp:featuredmedia":[{"embeddable":true,"href":"https:\/\/svetslik.si\/hu\/wp-json\/wp\/v2\/media\/49851"}],"wp:attachment":[{"href":"https:\/\/svetslik.si\/hu\/wp-json\/wp\/v2\/media?parent=56883"}],"wp:term":[{"taxonomy":"product_brand","embeddable":true,"href":"https:\/\/svetslik.si\/hu\/wp-json\/wp\/v2\/product_brand?post=56883"},{"taxonomy":"product_cat","embeddable":true,"href":"https:\/\/svetslik.si\/hu\/wp-json\/wp\/v2\/product_cat?post=56883"},{"taxonomy":"product_tag","embeddable":true,"href":"https:\/\/svetslik.si\/hu\/wp-json\/wp\/v2\/product_tag?post=56883"}],"curies":[{"name":"wp","href":"https:\/\/api.w.org\/{rel}","templated":true}]}}