{"id":57182,"date":"2021-09-02T18:51:44","date_gmt":"2021-09-02T16:51:44","guid":{"rendered":"https:\/\/svetslik.si\/nem-kategorizalt\/energija-za-polno-ljubezensko-zivljenje\/"},"modified":"2026-03-22T14:22:22","modified_gmt":"2026-03-22T13:22:22","slug":"energetikus-kepek-energia-a-teljes-szerelmi-elethez","status":"publish","type":"product","link":"https:\/\/svetslik.si\/hu\/energiafestmenyek-1\/energetikus-kepek-energia-a-teljes-szerelmi-elethez\/","title":{"rendered":"Energetikus k\u00e9pek &#8211; Energia a teljes szerelmi \u00e9lethez"},"content":{"rendered":"<h1>Energia k\u00e9pek \u2013 Energia a teljes szerelmi \u00e9lethez<\/h1>\n<p>Az \u00e1ltalunk bemutatott k\u00e9p er\u0151teljes \u00fczenetet hordoz, \u00e9s azzal a sz\u00e1nd\u00e9kkal k\u00e9sz\u00fclt, hogy a szeretet b\u0151s\u00e9g\u00e9t hozza az \u00e9letedbe, \u00e9s teljesen el\u00e1rasztson egy isteni rezg\u00e9ssel. A szeretet energi\u00e1ja \u00f3ri\u00e1si hat\u00e1ssal van fizikai l\u00e9t\u00fcnkre, \u00e9s \u00faj \u00e9rtelmet \u00e9s val\u00f3di \u00e9rt\u00e9ket ad neki.<\/p>\n<p>Ez az egyed\u00fcl\u00e1ll\u00f3 festm\u00e9ny olyan k\u00fcl\u00f6nleges technik\u00e1val k\u00e9sz\u00fclt, amely a szeretethez \u00e9s az energi\u00e1hoz kapcsol\u00f3d\u00f3 sz\u00edneket, form\u00e1kat \u00e9s szimb\u00f3lumokat \u00f6tv\u00f6zi. Az ecset minden egyes von\u00e1sa gondosan kiv\u00e1lasztott, hogy kifejezze \u00e9s ir\u00e1ny\u00edtsa a szeretet pozit\u00edv energi\u00e1j\u00e1t, amely olyan er\u0151s, hogy megv\u00e1ltoztathatja \u00e9let\u00fcnket.<\/p>\n<p>Csod\u00e1lja meg ezt a gy\u00f6ny\u00f6r\u0171 m\u0171alkot\u00e1st, \u00e9s figyelje, ahogy a szeretet energi\u00e1ja ki\u00e1rad a festm\u00e9nyb\u0151l, bet\u00f6lti a teret \u00e9s be\u00e1ramlik a tudat\u00e1ba. Az ilyen t\u00edpus\u00fa k\u00e9pek hihetetlen\u00fcl k\u00e9pesek nemes\u00edteni minket \u00e9s fel\u00e9breszteni bels\u0151 szeretet\u00fcnket. Amikor kapcsolatba l\u00e9p\u00fcnk ezzel a benn\u00fcnk l\u00e9v\u0151 legm\u00e9lyebb esszenci\u00e1val, elkezd\u00fcnk ragyogni \u00e9s vir\u00e1gozni teljes sz\u00e9ps\u00e9g\u00fcnkben.<\/p>\n<p>Ez az energiak\u00e9p a teljes szerelmi \u00e9lethez t\u00f6k\u00e9letes azok sz\u00e1m\u00e1ra, akik szeretn\u00e9k meger\u0151s\u00edteni kapcsolataikat, szeret\u0151 partnert vonzani, vagy egyszer\u0171en csak t\u00f6bb szeretetet \u00e9s boldogs\u00e1got szeretn\u00e9nek megtapasztalni mindennapi \u00e9let\u00fckben. Helyezze j\u00f3l l\u00e1that\u00f3an otthon\u00e1ban vagy munkahely\u00e9n, \u00e9s hagyja, hogy szeretettel t\u00f6lts\u00f6n el, \u00e9s harm\u00f3ni\u00e1t \u00e9s pozit\u00edv hangulatot teremtsen a k\u00f6rnyezet\u00e9ben.<\/p>\n<p>Ne hagyja ki a lehet\u0151s\u00e9get, hogy ezt a rendk\u00edv\u00fcli, energikus k\u00e9pet adhassa mag\u00e1nak, amely szeretet teljess\u00e9g\u00e9vel gazdag\u00edtja az \u00e9let\u00e9t. Nyisd meg sz\u00edvedet az ebb\u0151l a k\u00e9pb\u0151l \u00e1rad\u00f3 isteni rezg\u00e9snek, \u00e9s engedd, hogy a szeretet teljesen elmos\u00f3djon. \u00c9ld azt a teljes \u00e9s szeretetteljes \u00e9letet, amit meg\u00e9rdemelsz!<\/p>\n","protected":false},"excerpt":{"rendered":"<p>Energia k\u00e9pek \u2013 Energia a teljes szerelmi \u00e9lethez Az \u00e1ltalunk bemutatott k\u00e9p er\u0151teljes \u00fczenetet hordoz, \u00e9s azzal a sz\u00e1nd\u00e9kkal k\u00e9sz\u00fclt, hogy a szeretet b\u0151s\u00e9g\u00e9t hozza az \u00e9letedbe, \u00e9s teljesen el\u00e1rasztson egy isteni rezg\u00e9ssel. A szeretet energi\u00e1ja \u00f3ri\u00e1si hat\u00e1ssal van fizikai l\u00e9t\u00fcnkre, \u00e9s \u00faj \u00e9rtelmet \u00e9s val\u00f3di \u00e9rt\u00e9ket ad neki. Ez [&hellip;]<\/p>\n","protected":false},"featured_media":49580,"template":"","meta":{"_acf_changed":false},"product_brand":[],"product_cat":[7121,7122],"product_tag":[7168],"class_list":{"0":"post-57182","1":"product","2":"type-product","3":"status-publish","4":"has-post-thumbnail","6":"product_cat-energiakepek","7":"product_cat-energiafestmenyek-1","8":"product_tag-energiafestmenyek","9":"pa_dimenzija-100-x-100-cm-hu","10":"pa_dimenzija-120-x-120-cm-hu","11":"pa_dimenzija-50-x-50-cm-hu","12":"pa_dimenzija-80-x-80-cm-hu","13":"pa_oblika-negyzet","14":"pa_okvir-nincs-keret","15":"pa_podokvir-igen","16":"pa_podokvir-nem","18":"first","19":"instock","20":"purchasable","21":"product-type-variable","22":"has-default-attributes"},"acf":[],"yoast_head":"<!-- This site is optimized with the Yoast SEO Premium plugin v26.0 (Yoast SEO v27.2) - https:\/\/yoast.com\/product\/yoast-seo-premium-wordpress\/ -->\n<title>Energetikus k\u00e9pek - Energia a teljes szerelmi \u00e9lethez - SVETSLIK.SI - 100% k\u00e9zzel festett<\/title>\n<meta name=\"description\" content=\"K\u00e9zzel festett energiak\u00e9p v\u00e1sznon - Energetikus k\u00e9pek - Energia a teljes szerelmi \u00e9lethez -. A k\u00e9pet egyedi alkalmaz\u00e1sunk seg\u00edts\u00e9g\u00e9vel keretezheti be az oldalon.\" \/>\n<meta name=\"robots\" content=\"index, follow, max-snippet:-1, max-image-preview:large, max-video-preview:-1\" \/>\n<link rel=\"canonical\" href=\"https:\/\/svetslik.si\/hu\/energiafestmenyek-1\/energetikus-kepek-energia-a-teljes-szerelmi-elethez\/\" \/>\n<meta property=\"og:locale\" content=\"hu_HU\" \/>\n<meta property=\"og:type\" content=\"article\" \/>\n<meta property=\"og:title\" content=\"Energetikus k\u00e9pek - Energia a teljes szerelmi \u00e9lethez\" \/>\n<meta property=\"og:description\" content=\"100% ro\u010dno naslikane slike na platnu, reprodukcije znanih slikarjev in umetni\u0161ke slike po naro\u010dilu.\" \/>\n<meta property=\"og:url\" content=\"https:\/\/svetslik.si\/hu\/energiafestmenyek-1\/energetikus-kepek-energia-a-teljes-szerelmi-elethez\/\" \/>\n<meta property=\"og:site_name\" content=\"SVETSLIK.SI\" \/>\n<meta property=\"article:publisher\" content=\"https:\/\/www.facebook.com\/svetslik.si\" \/>\n<meta property=\"article:modified_time\" content=\"2026-03-22T13:22:22+00:00\" \/>\n<meta property=\"og:image\" content=\"https:\/\/svetslik.si\/wp-content\/uploads\/2021\/08\/image_energijska-1_680.jpg\" \/>\n\t<meta property=\"og:image:width\" content=\"680\" \/>\n\t<meta property=\"og:image:height\" content=\"680\" \/>\n\t<meta property=\"og:image:type\" content=\"image\/jpeg\" \/>\n<meta name=\"twitter:card\" content=\"summary_large_image\" \/>\n<meta name=\"twitter:site\" content=\"@svetslik\" \/>\n<meta name=\"twitter:label1\" content=\"El\u00e9rhet\u0151s\u00e9g\" \/>\n\t<meta name=\"twitter:data1\" content=\"K\u00e9szleten\" \/>\n<script type=\"application\/ld+json\" class=\"yoast-schema-graph\">{\"@context\":\"https:\/\/schema.org\",\"@graph\":[{\"@type\":[\"WebPage\",\"ItemPage\"],\"@id\":\"https:\/\/svetslik.si\/hu\/energiafestmenyek-1\/energetikus-kepek-energia-a-teljes-szerelmi-elethez\/\",\"url\":\"https:\/\/svetslik.si\/hu\/energiafestmenyek-1\/energetikus-kepek-energia-a-teljes-szerelmi-elethez\/\",\"name\":\"Energetikus k\u00e9pek - Energia a teljes szerelmi \u00e9lethez - SVETSLIK.SI - 100% k\u00e9zzel festett\",\"isPartOf\":{\"@id\":\"https:\/\/svetslik.si\/hu\/#website\"},\"primaryImageOfPage\":{\"@id\":\"https:\/\/svetslik.si\/hu\/energiafestmenyek-1\/energetikus-kepek-energia-a-teljes-szerelmi-elethez\/#primaryimage\"},\"image\":{\"@id\":\"https:\/\/svetslik.si\/hu\/energiafestmenyek-1\/energetikus-kepek-energia-a-teljes-szerelmi-elethez\/#primaryimage\"},\"thumbnailUrl\":\"https:\/\/svetslik.si\/wp-content\/uploads\/2021\/08\/image_energijska-1_680.jpg\",\"datePublished\":\"2021-09-02T16:51:44+00:00\",\"dateModified\":\"2026-03-22T13:22:22+00:00\",\"description\":\"K\u00e9zzel festett energiak\u00e9p v\u00e1sznon - Energetikus k\u00e9pek - Energia a teljes szerelmi \u00e9lethez -. A k\u00e9pet egyedi alkalmaz\u00e1sunk seg\u00edts\u00e9g\u00e9vel keretezheti be az oldalon.\",\"breadcrumb\":{\"@id\":\"https:\/\/svetslik.si\/hu\/energiafestmenyek-1\/energetikus-kepek-energia-a-teljes-szerelmi-elethez\/#breadcrumb\"},\"inLanguage\":\"hu\",\"potentialAction\":[{\"@type\":\"ReadAction\",\"target\":[\"https:\/\/svetslik.si\/hu\/energiafestmenyek-1\/energetikus-kepek-energia-a-teljes-szerelmi-elethez\/\"]}]},{\"@type\":\"ImageObject\",\"inLanguage\":\"hu\",\"@id\":\"https:\/\/svetslik.si\/hu\/energiafestmenyek-1\/energetikus-kepek-energia-a-teljes-szerelmi-elethez\/#primaryimage\",\"url\":\"https:\/\/svetslik.si\/wp-content\/uploads\/2021\/08\/image_energijska-1_680.jpg\",\"contentUrl\":\"https:\/\/svetslik.si\/wp-content\/uploads\/2021\/08\/image_energijska-1_680.jpg\",\"width\":680,\"height\":680,\"caption\":\"Energia falfestm\u00e9nyek v\u00e1szonra - Energia a teljes szerelmi \u00e9lethez - M\u0171v\u00e9szi fest\u00e9szet - modern festm\u00e9nyek, ambient falfestm\u00e9nyek, absztrakt festm\u00e9nyek, dekorat\u00edv falfestm\u00e9nyek, festm\u00e9nyek v\u00e9tele \u00e9s elad\u00e1sa\"},{\"@type\":\"BreadcrumbList\",\"@id\":\"https:\/\/svetslik.si\/hu\/energiafestmenyek-1\/energetikus-kepek-energia-a-teljes-szerelmi-elethez\/#breadcrumb\",\"itemListElement\":[{\"@type\":\"ListItem\",\"position\":1,\"name\":\"Wall art and paintings on canvas\",\"item\":\"https:\/\/svetslik.si\/hu\/\"},{\"@type\":\"ListItem\",\"position\":2,\"name\":\"Festm\u00e9nyek elad\u00e1sa\",\"item\":\"https:\/\/svetslik.si\/prodaja-slik\/\"},{\"@type\":\"ListItem\",\"position\":3,\"name\":\"Energetikus k\u00e9pek &#8211; Energia a teljes szerelmi \u00e9lethez\"}]},{\"@type\":\"WebSite\",\"@id\":\"https:\/\/svetslik.si\/hu\/#website\",\"url\":\"https:\/\/svetslik.si\/hu\/\",\"name\":\"SVETSLIK.SI\",\"description\":\"100%-ban k\u00e9zzel festett reprodukci\u00f3k h\u00edres fest\u0151k festm\u00e9nyeir\u0151l \u00e9s festm\u00e9nyekr\u0151l v\u00e1szonra.\",\"publisher\":{\"@id\":\"https:\/\/svetslik.si\/hu\/#organization\"},\"potentialAction\":[{\"@type\":\"SearchAction\",\"target\":{\"@type\":\"EntryPoint\",\"urlTemplate\":\"https:\/\/svetslik.si\/hu\/?s={search_term_string}\"},\"query-input\":{\"@type\":\"PropertyValueSpecification\",\"valueRequired\":true,\"valueName\":\"search_term_string\"}}],\"inLanguage\":\"hu\"},{\"@type\":\"Organization\",\"@id\":\"https:\/\/svetslik.si\/hu\/#organization\",\"name\":\"SvetSlik.si\",\"url\":\"https:\/\/svetslik.si\/hu\/\",\"logo\":{\"@type\":\"ImageObject\",\"inLanguage\":\"hu\",\"@id\":\"https:\/\/svetslik.si\/hu\/#\/schema\/logo\/image\/\",\"url\":\"https:\/\/svetslik.si\/wp-content\/uploads\/2020\/12\/logo-512.png\",\"contentUrl\":\"https:\/\/svetslik.si\/wp-content\/uploads\/2020\/12\/logo-512.png\",\"width\":512,\"height\":512,\"caption\":\"SvetSlik.si\"},\"image\":{\"@id\":\"https:\/\/svetslik.si\/hu\/#\/schema\/logo\/image\/\"},\"sameAs\":[\"https:\/\/www.facebook.com\/svetslik.si\",\"https:\/\/x.com\/svetslik\",\"https:\/\/www.instagram.com\/svetslik.si\/\",\"https:\/\/www.linkedin.com\/company\/svetslik-si\"]}]}<\/script>\n<meta property=\"og:availability\" content=\"instock\" \/>\n<meta property=\"product:availability\" content=\"instock\" \/>\n<meta property=\"product:retailer_item_id\" content=\"786__\" \/>\n<meta property=\"product:condition\" content=\"new\" \/>\n<!-- \/ Yoast SEO Premium plugin. -->","yoast_head_json":{"title":"Energetikus k\u00e9pek - Energia a teljes szerelmi \u00e9lethez - SVETSLIK.SI - 100% k\u00e9zzel festett","description":"K\u00e9zzel festett energiak\u00e9p v\u00e1sznon - Energetikus k\u00e9pek - Energia a teljes szerelmi \u00e9lethez -. A k\u00e9pet egyedi alkalmaz\u00e1sunk seg\u00edts\u00e9g\u00e9vel keretezheti be az oldalon.","robots":{"index":"index","follow":"follow","max-snippet":"max-snippet:-1","max-image-preview":"max-image-preview:large","max-video-preview":"max-video-preview:-1"},"canonical":"https:\/\/svetslik.si\/hu\/energiafestmenyek-1\/energetikus-kepek-energia-a-teljes-szerelmi-elethez\/","og_locale":"hu_HU","og_type":"article","og_title":"Energetikus k\u00e9pek - Energia a teljes szerelmi \u00e9lethez","og_description":"100% ro\u010dno naslikane slike na platnu, reprodukcije znanih slikarjev in umetni\u0161ke slike po naro\u010dilu.","og_url":"https:\/\/svetslik.si\/hu\/energiafestmenyek-1\/energetikus-kepek-energia-a-teljes-szerelmi-elethez\/","og_site_name":"SVETSLIK.SI","article_publisher":"https:\/\/www.facebook.com\/svetslik.si","article_modified_time":"2026-03-22T13:22:22+00:00","og_image":[{"width":680,"height":680,"url":"https:\/\/svetslik.si\/wp-content\/uploads\/2021\/08\/image_energijska-1_680.jpg","type":"image\/jpeg"}],"twitter_card":"summary_large_image","twitter_site":"@svetslik","twitter_misc":{"El\u00e9rhet\u0151s\u00e9g":"K\u00e9szleten"},"schema":{"@context":"https:\/\/schema.org","@graph":[{"@type":["WebPage","ItemPage"],"@id":"https:\/\/svetslik.si\/hu\/energiafestmenyek-1\/energetikus-kepek-energia-a-teljes-szerelmi-elethez\/","url":"https:\/\/svetslik.si\/hu\/energiafestmenyek-1\/energetikus-kepek-energia-a-teljes-szerelmi-elethez\/","name":"Energetikus k\u00e9pek - Energia a teljes szerelmi \u00e9lethez - SVETSLIK.SI - 100% k\u00e9zzel festett","isPartOf":{"@id":"https:\/\/svetslik.si\/hu\/#website"},"primaryImageOfPage":{"@id":"https:\/\/svetslik.si\/hu\/energiafestmenyek-1\/energetikus-kepek-energia-a-teljes-szerelmi-elethez\/#primaryimage"},"image":{"@id":"https:\/\/svetslik.si\/hu\/energiafestmenyek-1\/energetikus-kepek-energia-a-teljes-szerelmi-elethez\/#primaryimage"},"thumbnailUrl":"https:\/\/svetslik.si\/wp-content\/uploads\/2021\/08\/image_energijska-1_680.jpg","datePublished":"2021-09-02T16:51:44+00:00","dateModified":"2026-03-22T13:22:22+00:00","description":"K\u00e9zzel festett energiak\u00e9p v\u00e1sznon - Energetikus k\u00e9pek - Energia a teljes szerelmi \u00e9lethez -. A k\u00e9pet egyedi alkalmaz\u00e1sunk seg\u00edts\u00e9g\u00e9vel keretezheti be az oldalon.","breadcrumb":{"@id":"https:\/\/svetslik.si\/hu\/energiafestmenyek-1\/energetikus-kepek-energia-a-teljes-szerelmi-elethez\/#breadcrumb"},"inLanguage":"hu","potentialAction":[{"@type":"ReadAction","target":["https:\/\/svetslik.si\/hu\/energiafestmenyek-1\/energetikus-kepek-energia-a-teljes-szerelmi-elethez\/"]}]},{"@type":"ImageObject","inLanguage":"hu","@id":"https:\/\/svetslik.si\/hu\/energiafestmenyek-1\/energetikus-kepek-energia-a-teljes-szerelmi-elethez\/#primaryimage","url":"https:\/\/svetslik.si\/wp-content\/uploads\/2021\/08\/image_energijska-1_680.jpg","contentUrl":"https:\/\/svetslik.si\/wp-content\/uploads\/2021\/08\/image_energijska-1_680.jpg","width":680,"height":680,"caption":"Energia falfestm\u00e9nyek v\u00e1szonra - Energia a teljes szerelmi \u00e9lethez - M\u0171v\u00e9szi fest\u00e9szet - modern festm\u00e9nyek, ambient falfestm\u00e9nyek, absztrakt festm\u00e9nyek, dekorat\u00edv falfestm\u00e9nyek, festm\u00e9nyek v\u00e9tele \u00e9s elad\u00e1sa"},{"@type":"BreadcrumbList","@id":"https:\/\/svetslik.si\/hu\/energiafestmenyek-1\/energetikus-kepek-energia-a-teljes-szerelmi-elethez\/#breadcrumb","itemListElement":[{"@type":"ListItem","position":1,"name":"Wall art and paintings on canvas","item":"https:\/\/svetslik.si\/hu\/"},{"@type":"ListItem","position":2,"name":"Festm\u00e9nyek elad\u00e1sa","item":"https:\/\/svetslik.si\/prodaja-slik\/"},{"@type":"ListItem","position":3,"name":"Energetikus k\u00e9pek &#8211; Energia a teljes szerelmi \u00e9lethez"}]},{"@type":"WebSite","@id":"https:\/\/svetslik.si\/hu\/#website","url":"https:\/\/svetslik.si\/hu\/","name":"SVETSLIK.SI","description":"100%-ban k\u00e9zzel festett reprodukci\u00f3k h\u00edres fest\u0151k festm\u00e9nyeir\u0151l \u00e9s festm\u00e9nyekr\u0151l v\u00e1szonra.","publisher":{"@id":"https:\/\/svetslik.si\/hu\/#organization"},"potentialAction":[{"@type":"SearchAction","target":{"@type":"EntryPoint","urlTemplate":"https:\/\/svetslik.si\/hu\/?s={search_term_string}"},"query-input":{"@type":"PropertyValueSpecification","valueRequired":true,"valueName":"search_term_string"}}],"inLanguage":"hu"},{"@type":"Organization","@id":"https:\/\/svetslik.si\/hu\/#organization","name":"SvetSlik.si","url":"https:\/\/svetslik.si\/hu\/","logo":{"@type":"ImageObject","inLanguage":"hu","@id":"https:\/\/svetslik.si\/hu\/#\/schema\/logo\/image\/","url":"https:\/\/svetslik.si\/wp-content\/uploads\/2020\/12\/logo-512.png","contentUrl":"https:\/\/svetslik.si\/wp-content\/uploads\/2020\/12\/logo-512.png","width":512,"height":512,"caption":"SvetSlik.si"},"image":{"@id":"https:\/\/svetslik.si\/hu\/#\/schema\/logo\/image\/"},"sameAs":["https:\/\/www.facebook.com\/svetslik.si","https:\/\/x.com\/svetslik","https:\/\/www.instagram.com\/svetslik.si\/","https:\/\/www.linkedin.com\/company\/svetslik-si"]}]},"og_availability":"instock","product_availability":"instock","product_retailer_item_id":"786__","product_condition":"new"},"jetpack_sharing_enabled":true,"_links":{"self":[{"href":"https:\/\/svetslik.si\/hu\/wp-json\/wp\/v2\/product\/57182","targetHints":{"allow":["GET"]}}],"collection":[{"href":"https:\/\/svetslik.si\/hu\/wp-json\/wp\/v2\/product"}],"about":[{"href":"https:\/\/svetslik.si\/hu\/wp-json\/wp\/v2\/types\/product"}],"wp:featuredmedia":[{"embeddable":true,"href":"https:\/\/svetslik.si\/hu\/wp-json\/wp\/v2\/media\/49580"}],"wp:attachment":[{"href":"https:\/\/svetslik.si\/hu\/wp-json\/wp\/v2\/media?parent=57182"}],"wp:term":[{"taxonomy":"product_brand","embeddable":true,"href":"https:\/\/svetslik.si\/hu\/wp-json\/wp\/v2\/product_brand?post=57182"},{"taxonomy":"product_cat","embeddable":true,"href":"https:\/\/svetslik.si\/hu\/wp-json\/wp\/v2\/product_cat?post=57182"},{"taxonomy":"product_tag","embeddable":true,"href":"https:\/\/svetslik.si\/hu\/wp-json\/wp\/v2\/product_tag?post=57182"}],"curies":[{"name":"wp","href":"https:\/\/api.w.org\/{rel}","templated":true}]}}