{"id":57192,"date":"2021-09-02T18:52:08","date_gmt":"2021-09-02T16:52:08","guid":{"rendered":"https:\/\/svetslik.si\/nem-kategorizalt\/obvladovanje-zivljenskih-poti-in-vzorcev\/"},"modified":"2026-03-22T14:23:13","modified_gmt":"2026-03-22T13:23:13","slug":"energetikus-kepek-az-eletutak-es-mintak-kezelese","status":"publish","type":"product","link":"https:\/\/svetslik.si\/hu\/energiafestmenyek-1\/energetikus-kepek-az-eletutak-es-mintak-kezelese\/","title":{"rendered":"Energetikus k\u00e9pek &#8211; Az \u00e9letutak \u00e9s mint\u00e1k kezel\u00e9se"},"content":{"rendered":"<h1>Energiak\u00e9pek \u2013 \u00c9letutak \u00e9s -mint\u00e1k elsaj\u00e1t\u00edt\u00e1sa<\/h1>\n<p>Az el\u0151tted l\u00e9v\u0151 k\u00e9p rendk\u00edv\u00fcli, \u00e9s m\u00e9ly \u00fczenetet hordoz az \u00e9let\u00fatvonalak \u00e9s -mint\u00e1k elsaj\u00e1t\u00edt\u00e1s\u00e1r\u00f3l. Az ehhez hasonl\u00f3 energiak\u00e9pek seg\u00edtenek nek\u00fcnk az er\u0151t \u00e9s az energi\u00e1t \u00e1tvezetni, amely lehet\u0151v\u00e9 teszi sz\u00e1munkra, hogy lek\u00fczdj\u00fck az \u00e9let\u00fcnk sor\u00e1n felmer\u00fcl\u0151 sokf\u00e9le kih\u00edv\u00e1st. Minden helyzet megk\u00f6veteli a saj\u00e1t id\u0151t \u00e9s a megfelel\u0151 eszk\u00f6z\u00f6ket, de kiegyens\u00falyozott energia\u00e1raml\u00e1ssal sikeresen tudjuk hasznos\u00edtani a benn\u00fcnk \u00e9s k\u00f6r\u00fcl\u00f6tt\u00fcnk l\u00e9v\u0151 energiaforr\u00e1sokat.<\/p>\n<p>Ennek a k\u00e9pnek az a c\u00e9lja, hogy harmonikus energia\u00e1raml\u00e1st hozzon l\u00e9tre az \u00e9let\u00e9ben. Sz\u00edneivel \u00e9s mint\u00e1ival kiegyens\u00falyozotts\u00e1got \u00e9breszt, aminek k\u00f6sz\u00f6nhet\u0151en r\u00f6vid id\u0151n bel\u00fcl v\u00e1ltoztathatunk, jav\u00edthatunk \u00e9let\u00fcnk k\u00fcl\u00f6nb\u00f6z\u0151 ter\u00fcletein. A k\u00e9p \u00e1ltal kibocs\u00e1tott energia t\u00e1mogat benn\u00fcnket az akad\u00e1lyok lek\u00fczd\u00e9s\u00e9ben, er\u0151s\u00edti bels\u0151 er\u0151nket, harm\u00f3ni\u00e1t teremt l\u00e9lek \u00e9s test k\u00f6z\u00f6tt.<\/p>\n<p>Amellett, hogy az energiak\u00e9p seg\u00edt szemben\u00e9zni az \u00e9let kih\u00edv\u00e1saival, azt is lehet\u0151v\u00e9 teszi, hogy meg\u0151rizz\u00fck azt, ami j\u00f3 \u00e9s pozit\u00edv az \u00e9let\u00fcnkben. Ez a k\u00e9p egyfajta energiapajzsk\u00e9nt m\u0171k\u00f6dik, megv\u00e9d minket a negativit\u00e1st\u00f3l, \u00e9s seg\u00edt fenntartani a magas rezg\u00e9st. Minden alkalommal, amikor r\u00e1n\u00e9z\u00fcnk, eml\u00e9keztet benn\u00fcnket, hogy az \u00e9let tele van lehet\u0151s\u00e9gekkel, hogy n\u00f6vekedj\u00fcnk, fejl\u0151dj\u00fcnk \u00e9s fel\u00fclm\u00faljuk \u00f6nmagunkat.<\/p>\n<p>Minden energiak\u00e9p egyedi \u00e9s hordozza a saj\u00e1t rezg\u00e9s\u00e9t. Ezt a k\u00e9pet k\u00e9zzel hozt\u00e1k l\u00e9tre azzal a konkr\u00e9t sz\u00e1nd\u00e9kkal, hogy pozit\u00edv v\u00e1ltoz\u00e1st hozzon az \u00e9let\u00e9be. Ezzel er\u0151s kapcsolatot l\u00e9tes\u00edthetsz az univerzum energi\u00e1ival, \u00e9s felfedezheted azt a potenci\u00e1lt, amit magadban hordozol.<\/p>\n<p>L\u00e9gy nyitott, \u00e9s engedd, hogy ez az energiak\u00e9p az \u00f6nfelfedez\u00e9s, a n\u00f6veked\u00e9s \u00e9s a bels\u0151 fejl\u0151d\u00e9s \u00fatj\u00e1ra vigyen. \u00d6leld \u00e1t az erej\u00e9t, \u00e9s add \u00e1t magad az energi\u00e1j\u00e1nak. Seg\u00edtsen elt\u00e1vol\u00edtani az akad\u00e1lyokat \u00e9let\u00fatj\u00e1n, \u00e9s inspir\u00e1ljon arra, hogy olyan \u00e9letet teremtsen, amelyet szeretne \u00e9s meg\u00e9rdemel.<\/p>\n<p>Ez az energiafestm\u00e9ny t\u00f6bb, mint egy fest\u0151v\u00e1szon \u2013 ez egy csatorna az univerz\u00e1lis energia \u00e1tvitel\u00e9hez, amely t\u00e1mogatni fogja \u00d6nt a bels\u0151 egyens\u00faly \u00e9s a siker fel\u00e9 vezet\u0151 \u00faton. Adja \u00e1t mag\u00e1t a hat\u00e1s\u00e1nak, \u00e9s \u00e9rezze, hogyan kezd kibontakozni az \u00e9lete a k\u00edv\u00e1nt ir\u00e1nyba.<\/p>\n","protected":false},"excerpt":{"rendered":"<p>Energiak\u00e9pek \u2013 \u00c9letutak \u00e9s -mint\u00e1k elsaj\u00e1t\u00edt\u00e1sa Az el\u0151tted l\u00e9v\u0151 k\u00e9p rendk\u00edv\u00fcli, \u00e9s m\u00e9ly \u00fczenetet hordoz az \u00e9let\u00fatvonalak \u00e9s -mint\u00e1k elsaj\u00e1t\u00edt\u00e1s\u00e1r\u00f3l. Az ehhez hasonl\u00f3 energiak\u00e9pek seg\u00edtenek nek\u00fcnk az er\u0151t \u00e9s az energi\u00e1t \u00e1tvezetni, amely lehet\u0151v\u00e9 teszi sz\u00e1munkra, hogy lek\u00fczdj\u00fck az \u00e9let\u00fcnk sor\u00e1n felmer\u00fcl\u0151 sokf\u00e9le kih\u00edv\u00e1st. Minden helyzet megk\u00f6veteli a saj\u00e1t id\u0151t [&hellip;]<\/p>\n","protected":false},"featured_media":49862,"template":"","meta":{"_acf_changed":false},"product_brand":[],"product_cat":[7121,7122],"product_tag":[7168],"class_list":{"0":"post-57192","1":"product","2":"type-product","3":"status-publish","4":"has-post-thumbnail","6":"product_cat-energiakepek","7":"product_cat-energiafestmenyek-1","8":"product_tag-energiafestmenyek","9":"pa_dimenzija-100-x-140-cm","10":"pa_dimenzija-50-x-70-cm","11":"pa_dimenzija-65-x-90-cm","12":"pa_dimenzija-80-x-110-cm","13":"pa_oblika-fuggoleges","14":"pa_okvir-nincs-keret","15":"pa_podokvir-igen","16":"pa_podokvir-nem","18":"first","19":"onbackorder","20":"purchasable","21":"product-type-variable","22":"has-default-attributes"},"acf":[],"yoast_head":"<!-- This site is optimized with the Yoast SEO Premium plugin v26.0 (Yoast SEO v27.2) - https:\/\/yoast.com\/product\/yoast-seo-premium-wordpress\/ -->\n<title>Energetikus k\u00e9pek - Az \u00e9letutak \u00e9s mint\u00e1k kezel\u00e9se - SVETSLIK.SI - 100% k\u00e9zzel festett<\/title>\n<meta name=\"description\" content=\"K\u00e9zzel festett energiak\u00e9p v\u00e1sznon - Energetikus k\u00e9pek - Az \u00e9letutak \u00e9s mint\u00e1k kezel\u00e9se -. A k\u00e9pet egyedi alkalmaz\u00e1sunk seg\u00edts\u00e9g\u00e9vel keretezheti be az oldalon.\" \/>\n<meta name=\"robots\" content=\"index, follow, max-snippet:-1, max-image-preview:large, max-video-preview:-1\" \/>\n<link rel=\"canonical\" href=\"https:\/\/svetslik.si\/hu\/energiafestmenyek-1\/energetikus-kepek-az-eletutak-es-mintak-kezelese\/\" \/>\n<meta property=\"og:locale\" content=\"hu_HU\" \/>\n<meta property=\"og:type\" content=\"article\" \/>\n<meta property=\"og:title\" content=\"Energetikus k\u00e9pek - Az \u00e9letutak \u00e9s mint\u00e1k kezel\u00e9se\" \/>\n<meta property=\"og:description\" content=\"100% ro\u010dno naslikane slike na platnu, reprodukcije znanih slikarjev in umetni\u0161ke slike po naro\u010dilu.\" \/>\n<meta property=\"og:url\" content=\"https:\/\/svetslik.si\/hu\/energiafestmenyek-1\/energetikus-kepek-az-eletutak-es-mintak-kezelese\/\" \/>\n<meta property=\"og:site_name\" content=\"SVETSLIK.SI\" \/>\n<meta property=\"article:publisher\" content=\"https:\/\/www.facebook.com\/svetslik.si\" \/>\n<meta property=\"article:modified_time\" content=\"2026-03-22T13:23:13+00:00\" \/>\n<meta property=\"og:image\" content=\"https:\/\/svetslik.si\/wp-content\/uploads\/2021\/08\/image_Obvladovanje-zivljenskih-poti-in-vzorcev_680.jpg\" \/>\n\t<meta property=\"og:image:width\" content=\"487\" \/>\n\t<meta property=\"og:image:height\" content=\"680\" \/>\n\t<meta property=\"og:image:type\" content=\"image\/jpeg\" \/>\n<meta name=\"twitter:card\" content=\"summary_large_image\" \/>\n<meta name=\"twitter:site\" content=\"@svetslik\" \/>\n<meta name=\"twitter:label1\" content=\"El\u00e9rhet\u0151s\u00e9g\" \/>\n\t<meta name=\"twitter:data1\" content=\"Beszerz\u00e9s alatt\" \/>\n<script type=\"application\/ld+json\" class=\"yoast-schema-graph\">{\"@context\":\"https:\/\/schema.org\",\"@graph\":[{\"@type\":[\"WebPage\",\"ItemPage\"],\"@id\":\"https:\/\/svetslik.si\/hu\/energiafestmenyek-1\/energetikus-kepek-az-eletutak-es-mintak-kezelese\/\",\"url\":\"https:\/\/svetslik.si\/hu\/energiafestmenyek-1\/energetikus-kepek-az-eletutak-es-mintak-kezelese\/\",\"name\":\"Energetikus k\u00e9pek - Az \u00e9letutak \u00e9s mint\u00e1k kezel\u00e9se - SVETSLIK.SI - 100% k\u00e9zzel festett\",\"isPartOf\":{\"@id\":\"https:\/\/svetslik.si\/hu\/#website\"},\"primaryImageOfPage\":{\"@id\":\"https:\/\/svetslik.si\/hu\/energiafestmenyek-1\/energetikus-kepek-az-eletutak-es-mintak-kezelese\/#primaryimage\"},\"image\":{\"@id\":\"https:\/\/svetslik.si\/hu\/energiafestmenyek-1\/energetikus-kepek-az-eletutak-es-mintak-kezelese\/#primaryimage\"},\"thumbnailUrl\":\"https:\/\/svetslik.si\/wp-content\/uploads\/2021\/08\/image_Obvladovanje-zivljenskih-poti-in-vzorcev_680.jpg\",\"datePublished\":\"2021-09-02T16:52:08+00:00\",\"dateModified\":\"2026-03-22T13:23:13+00:00\",\"description\":\"K\u00e9zzel festett energiak\u00e9p v\u00e1sznon - Energetikus k\u00e9pek - Az \u00e9letutak \u00e9s mint\u00e1k kezel\u00e9se -. A k\u00e9pet egyedi alkalmaz\u00e1sunk seg\u00edts\u00e9g\u00e9vel keretezheti be az oldalon.\",\"breadcrumb\":{\"@id\":\"https:\/\/svetslik.si\/hu\/energiafestmenyek-1\/energetikus-kepek-az-eletutak-es-mintak-kezelese\/#breadcrumb\"},\"inLanguage\":\"hu\",\"potentialAction\":[{\"@type\":\"ReadAction\",\"target\":[\"https:\/\/svetslik.si\/hu\/energiafestmenyek-1\/energetikus-kepek-az-eletutak-es-mintak-kezelese\/\"]}]},{\"@type\":\"ImageObject\",\"inLanguage\":\"hu\",\"@id\":\"https:\/\/svetslik.si\/hu\/energiafestmenyek-1\/energetikus-kepek-az-eletutak-es-mintak-kezelese\/#primaryimage\",\"url\":\"https:\/\/svetslik.si\/wp-content\/uploads\/2021\/08\/image_Obvladovanje-zivljenskih-poti-in-vzorcev_680.jpg\",\"contentUrl\":\"https:\/\/svetslik.si\/wp-content\/uploads\/2021\/08\/image_Obvladovanje-zivljenskih-poti-in-vzorcev_680.jpg\",\"width\":487,\"height\":680,\"caption\":\"Festm\u00e9nyek v\u00e1szonra - \u00c9letutak \u00e9s mint\u00e1k elsaj\u00e1t\u00edt\u00e1sa - Energiafestm\u00e9nyek, modern, ambient, absztrakt, dekorat\u00edv falfestm\u00e9nyek\"},{\"@type\":\"BreadcrumbList\",\"@id\":\"https:\/\/svetslik.si\/hu\/energiafestmenyek-1\/energetikus-kepek-az-eletutak-es-mintak-kezelese\/#breadcrumb\",\"itemListElement\":[{\"@type\":\"ListItem\",\"position\":1,\"name\":\"Wall art and paintings on canvas\",\"item\":\"https:\/\/svetslik.si\/hu\/\"},{\"@type\":\"ListItem\",\"position\":2,\"name\":\"Festm\u00e9nyek elad\u00e1sa\",\"item\":\"https:\/\/svetslik.si\/prodaja-slik\/\"},{\"@type\":\"ListItem\",\"position\":3,\"name\":\"Energetikus k\u00e9pek &#8211; Az \u00e9letutak \u00e9s mint\u00e1k kezel\u00e9se\"}]},{\"@type\":\"WebSite\",\"@id\":\"https:\/\/svetslik.si\/hu\/#website\",\"url\":\"https:\/\/svetslik.si\/hu\/\",\"name\":\"SVETSLIK.SI\",\"description\":\"100%-ban k\u00e9zzel festett reprodukci\u00f3k h\u00edres fest\u0151k festm\u00e9nyeir\u0151l \u00e9s festm\u00e9nyekr\u0151l v\u00e1szonra.\",\"publisher\":{\"@id\":\"https:\/\/svetslik.si\/hu\/#organization\"},\"potentialAction\":[{\"@type\":\"SearchAction\",\"target\":{\"@type\":\"EntryPoint\",\"urlTemplate\":\"https:\/\/svetslik.si\/hu\/?s={search_term_string}\"},\"query-input\":{\"@type\":\"PropertyValueSpecification\",\"valueRequired\":true,\"valueName\":\"search_term_string\"}}],\"inLanguage\":\"hu\"},{\"@type\":\"Organization\",\"@id\":\"https:\/\/svetslik.si\/hu\/#organization\",\"name\":\"SvetSlik.si\",\"url\":\"https:\/\/svetslik.si\/hu\/\",\"logo\":{\"@type\":\"ImageObject\",\"inLanguage\":\"hu\",\"@id\":\"https:\/\/svetslik.si\/hu\/#\/schema\/logo\/image\/\",\"url\":\"https:\/\/svetslik.si\/wp-content\/uploads\/2020\/12\/logo-512.png\",\"contentUrl\":\"https:\/\/svetslik.si\/wp-content\/uploads\/2020\/12\/logo-512.png\",\"width\":512,\"height\":512,\"caption\":\"SvetSlik.si\"},\"image\":{\"@id\":\"https:\/\/svetslik.si\/hu\/#\/schema\/logo\/image\/\"},\"sameAs\":[\"https:\/\/www.facebook.com\/svetslik.si\",\"https:\/\/x.com\/svetslik\",\"https:\/\/www.instagram.com\/svetslik.si\/\",\"https:\/\/www.linkedin.com\/company\/svetslik-si\"]}]}<\/script>\n<meta property=\"og:availability\" content=\"backorder\" \/>\n<meta property=\"product:availability\" content=\"available for order\" \/>\n<meta property=\"product:retailer_item_id\" content=\"788__\" \/>\n<meta property=\"product:condition\" content=\"new\" \/>\n<!-- \/ Yoast SEO Premium plugin. -->","yoast_head_json":{"title":"Energetikus k\u00e9pek - Az \u00e9letutak \u00e9s mint\u00e1k kezel\u00e9se - SVETSLIK.SI - 100% k\u00e9zzel festett","description":"K\u00e9zzel festett energiak\u00e9p v\u00e1sznon - Energetikus k\u00e9pek - Az \u00e9letutak \u00e9s mint\u00e1k kezel\u00e9se -. A k\u00e9pet egyedi alkalmaz\u00e1sunk seg\u00edts\u00e9g\u00e9vel keretezheti be az oldalon.","robots":{"index":"index","follow":"follow","max-snippet":"max-snippet:-1","max-image-preview":"max-image-preview:large","max-video-preview":"max-video-preview:-1"},"canonical":"https:\/\/svetslik.si\/hu\/energiafestmenyek-1\/energetikus-kepek-az-eletutak-es-mintak-kezelese\/","og_locale":"hu_HU","og_type":"article","og_title":"Energetikus k\u00e9pek - Az \u00e9letutak \u00e9s mint\u00e1k kezel\u00e9se","og_description":"100% ro\u010dno naslikane slike na platnu, reprodukcije znanih slikarjev in umetni\u0161ke slike po naro\u010dilu.","og_url":"https:\/\/svetslik.si\/hu\/energiafestmenyek-1\/energetikus-kepek-az-eletutak-es-mintak-kezelese\/","og_site_name":"SVETSLIK.SI","article_publisher":"https:\/\/www.facebook.com\/svetslik.si","article_modified_time":"2026-03-22T13:23:13+00:00","og_image":[{"width":487,"height":680,"url":"https:\/\/svetslik.si\/wp-content\/uploads\/2021\/08\/image_Obvladovanje-zivljenskih-poti-in-vzorcev_680.jpg","type":"image\/jpeg"}],"twitter_card":"summary_large_image","twitter_site":"@svetslik","twitter_misc":{"El\u00e9rhet\u0151s\u00e9g":"Beszerz\u00e9s alatt"},"schema":{"@context":"https:\/\/schema.org","@graph":[{"@type":["WebPage","ItemPage"],"@id":"https:\/\/svetslik.si\/hu\/energiafestmenyek-1\/energetikus-kepek-az-eletutak-es-mintak-kezelese\/","url":"https:\/\/svetslik.si\/hu\/energiafestmenyek-1\/energetikus-kepek-az-eletutak-es-mintak-kezelese\/","name":"Energetikus k\u00e9pek - Az \u00e9letutak \u00e9s mint\u00e1k kezel\u00e9se - SVETSLIK.SI - 100% k\u00e9zzel festett","isPartOf":{"@id":"https:\/\/svetslik.si\/hu\/#website"},"primaryImageOfPage":{"@id":"https:\/\/svetslik.si\/hu\/energiafestmenyek-1\/energetikus-kepek-az-eletutak-es-mintak-kezelese\/#primaryimage"},"image":{"@id":"https:\/\/svetslik.si\/hu\/energiafestmenyek-1\/energetikus-kepek-az-eletutak-es-mintak-kezelese\/#primaryimage"},"thumbnailUrl":"https:\/\/svetslik.si\/wp-content\/uploads\/2021\/08\/image_Obvladovanje-zivljenskih-poti-in-vzorcev_680.jpg","datePublished":"2021-09-02T16:52:08+00:00","dateModified":"2026-03-22T13:23:13+00:00","description":"K\u00e9zzel festett energiak\u00e9p v\u00e1sznon - Energetikus k\u00e9pek - Az \u00e9letutak \u00e9s mint\u00e1k kezel\u00e9se -. A k\u00e9pet egyedi alkalmaz\u00e1sunk seg\u00edts\u00e9g\u00e9vel keretezheti be az oldalon.","breadcrumb":{"@id":"https:\/\/svetslik.si\/hu\/energiafestmenyek-1\/energetikus-kepek-az-eletutak-es-mintak-kezelese\/#breadcrumb"},"inLanguage":"hu","potentialAction":[{"@type":"ReadAction","target":["https:\/\/svetslik.si\/hu\/energiafestmenyek-1\/energetikus-kepek-az-eletutak-es-mintak-kezelese\/"]}]},{"@type":"ImageObject","inLanguage":"hu","@id":"https:\/\/svetslik.si\/hu\/energiafestmenyek-1\/energetikus-kepek-az-eletutak-es-mintak-kezelese\/#primaryimage","url":"https:\/\/svetslik.si\/wp-content\/uploads\/2021\/08\/image_Obvladovanje-zivljenskih-poti-in-vzorcev_680.jpg","contentUrl":"https:\/\/svetslik.si\/wp-content\/uploads\/2021\/08\/image_Obvladovanje-zivljenskih-poti-in-vzorcev_680.jpg","width":487,"height":680,"caption":"Festm\u00e9nyek v\u00e1szonra - \u00c9letutak \u00e9s mint\u00e1k elsaj\u00e1t\u00edt\u00e1sa - Energiafestm\u00e9nyek, modern, ambient, absztrakt, dekorat\u00edv falfestm\u00e9nyek"},{"@type":"BreadcrumbList","@id":"https:\/\/svetslik.si\/hu\/energiafestmenyek-1\/energetikus-kepek-az-eletutak-es-mintak-kezelese\/#breadcrumb","itemListElement":[{"@type":"ListItem","position":1,"name":"Wall art and paintings on canvas","item":"https:\/\/svetslik.si\/hu\/"},{"@type":"ListItem","position":2,"name":"Festm\u00e9nyek elad\u00e1sa","item":"https:\/\/svetslik.si\/prodaja-slik\/"},{"@type":"ListItem","position":3,"name":"Energetikus k\u00e9pek &#8211; Az \u00e9letutak \u00e9s mint\u00e1k kezel\u00e9se"}]},{"@type":"WebSite","@id":"https:\/\/svetslik.si\/hu\/#website","url":"https:\/\/svetslik.si\/hu\/","name":"SVETSLIK.SI","description":"100%-ban k\u00e9zzel festett reprodukci\u00f3k h\u00edres fest\u0151k festm\u00e9nyeir\u0151l \u00e9s festm\u00e9nyekr\u0151l v\u00e1szonra.","publisher":{"@id":"https:\/\/svetslik.si\/hu\/#organization"},"potentialAction":[{"@type":"SearchAction","target":{"@type":"EntryPoint","urlTemplate":"https:\/\/svetslik.si\/hu\/?s={search_term_string}"},"query-input":{"@type":"PropertyValueSpecification","valueRequired":true,"valueName":"search_term_string"}}],"inLanguage":"hu"},{"@type":"Organization","@id":"https:\/\/svetslik.si\/hu\/#organization","name":"SvetSlik.si","url":"https:\/\/svetslik.si\/hu\/","logo":{"@type":"ImageObject","inLanguage":"hu","@id":"https:\/\/svetslik.si\/hu\/#\/schema\/logo\/image\/","url":"https:\/\/svetslik.si\/wp-content\/uploads\/2020\/12\/logo-512.png","contentUrl":"https:\/\/svetslik.si\/wp-content\/uploads\/2020\/12\/logo-512.png","width":512,"height":512,"caption":"SvetSlik.si"},"image":{"@id":"https:\/\/svetslik.si\/hu\/#\/schema\/logo\/image\/"},"sameAs":["https:\/\/www.facebook.com\/svetslik.si","https:\/\/x.com\/svetslik","https:\/\/www.instagram.com\/svetslik.si\/","https:\/\/www.linkedin.com\/company\/svetslik-si"]}]},"og_availability":"backorder","product_availability":"available for order","product_retailer_item_id":"788__","product_condition":"new"},"jetpack_sharing_enabled":true,"_links":{"self":[{"href":"https:\/\/svetslik.si\/hu\/wp-json\/wp\/v2\/product\/57192","targetHints":{"allow":["GET"]}}],"collection":[{"href":"https:\/\/svetslik.si\/hu\/wp-json\/wp\/v2\/product"}],"about":[{"href":"https:\/\/svetslik.si\/hu\/wp-json\/wp\/v2\/types\/product"}],"wp:featuredmedia":[{"embeddable":true,"href":"https:\/\/svetslik.si\/hu\/wp-json\/wp\/v2\/media\/49862"}],"wp:attachment":[{"href":"https:\/\/svetslik.si\/hu\/wp-json\/wp\/v2\/media?parent=57192"}],"wp:term":[{"taxonomy":"product_brand","embeddable":true,"href":"https:\/\/svetslik.si\/hu\/wp-json\/wp\/v2\/product_brand?post=57192"},{"taxonomy":"product_cat","embeddable":true,"href":"https:\/\/svetslik.si\/hu\/wp-json\/wp\/v2\/product_cat?post=57192"},{"taxonomy":"product_tag","embeddable":true,"href":"https:\/\/svetslik.si\/hu\/wp-json\/wp\/v2\/product_tag?post=57192"}],"curies":[{"name":"wp","href":"https:\/\/api.w.org\/{rel}","templated":true}]}}