{"id":57313,"date":"2021-09-02T18:54:42","date_gmt":"2021-09-02T16:54:42","guid":{"rendered":"https:\/\/svetslik.si\/nem-kategorizalt\/nadangel-haniel\/"},"modified":"2026-03-22T14:28:14","modified_gmt":"2026-03-22T13:28:14","slug":"energetikus-kepek-arkangyal-haniel","status":"publish","type":"product","link":"https:\/\/svetslik.si\/hu\/szellemi-festmenyek\/energetikus-kepek-arkangyal-haniel\/","title":{"rendered":"Energetikus k\u00e9pek &#8211; Arkangyal Haniel"},"content":{"rendered":"<p>Haniel gy\u00f3gy\u00edtja a n\u0151i ciklusokat \u00e9s seg\u00edt a tiszt\u00e1nl\u00e1t\u00e1sban. A holdistenn\u0151 energi\u00e1j\u00e1t hordozza, \u00e9s seg\u00edt \u00fajra felfedezni sz\u00e1mos term\u00e9szetes gy\u00f3gym\u00f3d elveszett titkait \u00e9s b\u00f6lcsess\u00e9g\u00e9t, bele\u00e9rtve a krist\u00e1lygy\u00f3gy\u00edt\u00e1st is. Seg\u00edt abban, hogy t\u00f6bb kecsess\u00e9get, sz\u00e9ps\u00e9get, harm\u00f3ni\u00e1t \u00e9s j\u00f3 bar\u00e1tokat vigy\u00fcnk az \u00e9let\u00fcnkbe. Tulajdons\u00e1gai az \u00c9letf\u00e1n \u200b\u200bNeca 7. szf\u00e9r\u00e1j\u00e1n kereszt\u00fcl terjednek el, az \u00e9rz\u00e9sek, \u00e9rzelmek \u00e9s szeret\u0151 teremt\u0151 energi\u00e1k szf\u00e9r\u00e1j\u00e1n kereszt\u00fcl.<\/p>\n","protected":false},"excerpt":{"rendered":"<p>Haniel gy\u00f3gy\u00edtja a n\u0151i ciklusokat \u00e9s seg\u00edt a tiszt\u00e1nl\u00e1t\u00e1sban. A holdistenn\u0151 energi\u00e1j\u00e1t hordozza, \u00e9s seg\u00edt \u00fajra felfedezni sz\u00e1mos term\u00e9szetes gy\u00f3gym\u00f3d elveszett titkait \u00e9s b\u00f6lcsess\u00e9g\u00e9t, bele\u00e9rtve a krist\u00e1lygy\u00f3gy\u00edt\u00e1st is. Seg\u00edt abban, hogy t\u00f6bb kecsess\u00e9get, sz\u00e9ps\u00e9get, harm\u00f3ni\u00e1t \u00e9s j\u00f3 bar\u00e1tokat vigy\u00fcnk az \u00e9let\u00fcnkbe. Tulajdons\u00e1gai az \u00c9letf\u00e1n \u200b\u200bNeca 7. szf\u00e9r\u00e1j\u00e1n kereszt\u00fcl terjednek el, [&hellip;]<\/p>\n","protected":false},"featured_media":49284,"template":"","meta":{"_acf_changed":false},"product_brand":[],"product_cat":[7121,7123],"product_tag":[7168],"class_list":{"0":"post-57313","1":"product","2":"type-product","3":"status-publish","4":"has-post-thumbnail","6":"product_cat-energiakepek","7":"product_cat-szellemi-festmenyek","8":"product_tag-energiafestmenyek","9":"pa_dimenzija-20-x-25-cm","10":"pa_dimenzija-30-x-40-cm","11":"pa_dimenzija-40-x-60-cm","12":"pa_dimenzija-90-x-120-cm","13":"pa_oblika-fuggoleges","14":"pa_okvir-nincs-keret","15":"pa_podokvir-igen","16":"pa_podokvir-nem","18":"first","19":"instock","20":"purchasable","21":"product-type-variable","22":"has-default-attributes"},"acf":[],"yoast_head":"<!-- This site is optimized with the Yoast SEO Premium plugin v26.0 (Yoast SEO v27.2) - https:\/\/yoast.com\/product\/yoast-seo-premium-wordpress\/ -->\n<title>Energetikus k\u00e9pek - Arkangyal Haniel - SVETSLIK.SI - 100% k\u00e9zzel festett<\/title>\n<meta name=\"description\" content=\"K\u00e9zzel festett energiak\u00e9p v\u00e1sznon - Energetikus k\u00e9pek - Arkangyal Haniel -. A k\u00e9pet egyedi alkalmaz\u00e1sunk seg\u00edts\u00e9g\u00e9vel keretezheti be az oldalon.\" \/>\n<meta name=\"robots\" content=\"index, follow, max-snippet:-1, max-image-preview:large, max-video-preview:-1\" \/>\n<link rel=\"canonical\" href=\"https:\/\/svetslik.si\/hu\/szellemi-festmenyek\/energetikus-kepek-arkangyal-haniel\/\" \/>\n<meta property=\"og:locale\" content=\"hu_HU\" \/>\n<meta property=\"og:type\" content=\"article\" \/>\n<meta property=\"og:title\" content=\"Energetikus k\u00e9pek - Arkangyal Haniel\" \/>\n<meta property=\"og:description\" content=\"100% ro\u010dno naslikane slike na platnu, reprodukcije znanih slikarjev in umetni\u0161ke slike po naro\u010dilu.\" \/>\n<meta property=\"og:url\" content=\"https:\/\/svetslik.si\/hu\/szellemi-festmenyek\/energetikus-kepek-arkangyal-haniel\/\" \/>\n<meta property=\"og:site_name\" content=\"SVETSLIK.SI\" \/>\n<meta property=\"article:publisher\" content=\"https:\/\/www.facebook.com\/svetslik.si\" \/>\n<meta property=\"article:modified_time\" content=\"2026-03-22T13:28:14+00:00\" \/>\n<meta property=\"og:image\" content=\"https:\/\/svetslik.si\/wp-content\/uploads\/2021\/08\/image_1_680.jpg\" \/>\n\t<meta property=\"og:image:width\" content=\"537\" \/>\n\t<meta property=\"og:image:height\" content=\"680\" \/>\n\t<meta property=\"og:image:type\" content=\"image\/jpeg\" \/>\n<meta name=\"twitter:card\" content=\"summary_large_image\" \/>\n<meta name=\"twitter:site\" content=\"@svetslik\" \/>\n<meta name=\"twitter:label1\" content=\"El\u00e9rhet\u0151s\u00e9g\" \/>\n\t<meta name=\"twitter:data1\" content=\"K\u00e9szleten\" \/>\n<script type=\"application\/ld+json\" class=\"yoast-schema-graph\">{\"@context\":\"https:\/\/schema.org\",\"@graph\":[{\"@type\":[\"WebPage\",\"ItemPage\"],\"@id\":\"https:\/\/svetslik.si\/hu\/szellemi-festmenyek\/energetikus-kepek-arkangyal-haniel\/\",\"url\":\"https:\/\/svetslik.si\/hu\/szellemi-festmenyek\/energetikus-kepek-arkangyal-haniel\/\",\"name\":\"Energetikus k\u00e9pek - Arkangyal Haniel - SVETSLIK.SI - 100% k\u00e9zzel festett\",\"isPartOf\":{\"@id\":\"https:\/\/svetslik.si\/hu\/#website\"},\"primaryImageOfPage\":{\"@id\":\"https:\/\/svetslik.si\/hu\/szellemi-festmenyek\/energetikus-kepek-arkangyal-haniel\/#primaryimage\"},\"image\":{\"@id\":\"https:\/\/svetslik.si\/hu\/szellemi-festmenyek\/energetikus-kepek-arkangyal-haniel\/#primaryimage\"},\"thumbnailUrl\":\"https:\/\/svetslik.si\/wp-content\/uploads\/2021\/08\/image_1_680.jpg\",\"datePublished\":\"2021-09-02T16:54:42+00:00\",\"dateModified\":\"2026-03-22T13:28:14+00:00\",\"description\":\"K\u00e9zzel festett energiak\u00e9p v\u00e1sznon - Energetikus k\u00e9pek - Arkangyal Haniel -. A k\u00e9pet egyedi alkalmaz\u00e1sunk seg\u00edts\u00e9g\u00e9vel keretezheti be az oldalon.\",\"breadcrumb\":{\"@id\":\"https:\/\/svetslik.si\/hu\/szellemi-festmenyek\/energetikus-kepek-arkangyal-haniel\/#breadcrumb\"},\"inLanguage\":\"hu\",\"potentialAction\":[{\"@type\":\"ReadAction\",\"target\":[\"https:\/\/svetslik.si\/hu\/szellemi-festmenyek\/energetikus-kepek-arkangyal-haniel\/\"]}]},{\"@type\":\"ImageObject\",\"inLanguage\":\"hu\",\"@id\":\"https:\/\/svetslik.si\/hu\/szellemi-festmenyek\/energetikus-kepek-arkangyal-haniel\/#primaryimage\",\"url\":\"https:\/\/svetslik.si\/wp-content\/uploads\/2021\/08\/image_1_680.jpg\",\"contentUrl\":\"https:\/\/svetslik.si\/wp-content\/uploads\/2021\/08\/image_1_680.jpg\",\"width\":537,\"height\":680,\"caption\":\"Energia falfestm\u00e9nyek v\u00e1szonra, falfestm\u00e9nyek, m\u0171v\u00e9szeti festm\u00e9nyek, modern festm\u00e9nyek, ambient festm\u00e9nyek, absztrakt festm\u00e9nyek, dekorat\u00edv falfestm\u00e9nyek, festm\u00e9nyek v\u00e9tele \u00e9s elad\u00e1sa - Nadangel Haniel\"},{\"@type\":\"BreadcrumbList\",\"@id\":\"https:\/\/svetslik.si\/hu\/szellemi-festmenyek\/energetikus-kepek-arkangyal-haniel\/#breadcrumb\",\"itemListElement\":[{\"@type\":\"ListItem\",\"position\":1,\"name\":\"Wall art and paintings on canvas\",\"item\":\"https:\/\/svetslik.si\/hu\/\"},{\"@type\":\"ListItem\",\"position\":2,\"name\":\"Festm\u00e9nyek elad\u00e1sa\",\"item\":\"https:\/\/svetslik.si\/prodaja-slik\/\"},{\"@type\":\"ListItem\",\"position\":3,\"name\":\"Energetikus k\u00e9pek &#8211; Arkangyal Haniel\"}]},{\"@type\":\"WebSite\",\"@id\":\"https:\/\/svetslik.si\/hu\/#website\",\"url\":\"https:\/\/svetslik.si\/hu\/\",\"name\":\"SVETSLIK.SI\",\"description\":\"100%-ban k\u00e9zzel festett reprodukci\u00f3k h\u00edres fest\u0151k festm\u00e9nyeir\u0151l \u00e9s festm\u00e9nyekr\u0151l v\u00e1szonra.\",\"publisher\":{\"@id\":\"https:\/\/svetslik.si\/hu\/#organization\"},\"potentialAction\":[{\"@type\":\"SearchAction\",\"target\":{\"@type\":\"EntryPoint\",\"urlTemplate\":\"https:\/\/svetslik.si\/hu\/?s={search_term_string}\"},\"query-input\":{\"@type\":\"PropertyValueSpecification\",\"valueRequired\":true,\"valueName\":\"search_term_string\"}}],\"inLanguage\":\"hu\"},{\"@type\":\"Organization\",\"@id\":\"https:\/\/svetslik.si\/hu\/#organization\",\"name\":\"SvetSlik.si\",\"url\":\"https:\/\/svetslik.si\/hu\/\",\"logo\":{\"@type\":\"ImageObject\",\"inLanguage\":\"hu\",\"@id\":\"https:\/\/svetslik.si\/hu\/#\/schema\/logo\/image\/\",\"url\":\"https:\/\/svetslik.si\/wp-content\/uploads\/2020\/12\/logo-512.png\",\"contentUrl\":\"https:\/\/svetslik.si\/wp-content\/uploads\/2020\/12\/logo-512.png\",\"width\":512,\"height\":512,\"caption\":\"SvetSlik.si\"},\"image\":{\"@id\":\"https:\/\/svetslik.si\/hu\/#\/schema\/logo\/image\/\"},\"sameAs\":[\"https:\/\/www.facebook.com\/svetslik.si\",\"https:\/\/x.com\/svetslik\",\"https:\/\/www.instagram.com\/svetslik.si\/\",\"https:\/\/www.linkedin.com\/company\/svetslik-si\"]}]}<\/script>\n<meta property=\"og:availability\" content=\"instock\" \/>\n<meta property=\"product:availability\" content=\"instock\" \/>\n<meta property=\"product:retailer_item_id\" content=\"822__\" \/>\n<meta property=\"product:condition\" content=\"new\" \/>\n<!-- \/ Yoast SEO Premium plugin. -->","yoast_head_json":{"title":"Energetikus k\u00e9pek - Arkangyal Haniel - SVETSLIK.SI - 100% k\u00e9zzel festett","description":"K\u00e9zzel festett energiak\u00e9p v\u00e1sznon - Energetikus k\u00e9pek - Arkangyal Haniel -. A k\u00e9pet egyedi alkalmaz\u00e1sunk seg\u00edts\u00e9g\u00e9vel keretezheti be az oldalon.","robots":{"index":"index","follow":"follow","max-snippet":"max-snippet:-1","max-image-preview":"max-image-preview:large","max-video-preview":"max-video-preview:-1"},"canonical":"https:\/\/svetslik.si\/hu\/szellemi-festmenyek\/energetikus-kepek-arkangyal-haniel\/","og_locale":"hu_HU","og_type":"article","og_title":"Energetikus k\u00e9pek - Arkangyal Haniel","og_description":"100% ro\u010dno naslikane slike na platnu, reprodukcije znanih slikarjev in umetni\u0161ke slike po naro\u010dilu.","og_url":"https:\/\/svetslik.si\/hu\/szellemi-festmenyek\/energetikus-kepek-arkangyal-haniel\/","og_site_name":"SVETSLIK.SI","article_publisher":"https:\/\/www.facebook.com\/svetslik.si","article_modified_time":"2026-03-22T13:28:14+00:00","og_image":[{"width":537,"height":680,"url":"https:\/\/svetslik.si\/wp-content\/uploads\/2021\/08\/image_1_680.jpg","type":"image\/jpeg"}],"twitter_card":"summary_large_image","twitter_site":"@svetslik","twitter_misc":{"El\u00e9rhet\u0151s\u00e9g":"K\u00e9szleten"},"schema":{"@context":"https:\/\/schema.org","@graph":[{"@type":["WebPage","ItemPage"],"@id":"https:\/\/svetslik.si\/hu\/szellemi-festmenyek\/energetikus-kepek-arkangyal-haniel\/","url":"https:\/\/svetslik.si\/hu\/szellemi-festmenyek\/energetikus-kepek-arkangyal-haniel\/","name":"Energetikus k\u00e9pek - Arkangyal Haniel - SVETSLIK.SI - 100% k\u00e9zzel festett","isPartOf":{"@id":"https:\/\/svetslik.si\/hu\/#website"},"primaryImageOfPage":{"@id":"https:\/\/svetslik.si\/hu\/szellemi-festmenyek\/energetikus-kepek-arkangyal-haniel\/#primaryimage"},"image":{"@id":"https:\/\/svetslik.si\/hu\/szellemi-festmenyek\/energetikus-kepek-arkangyal-haniel\/#primaryimage"},"thumbnailUrl":"https:\/\/svetslik.si\/wp-content\/uploads\/2021\/08\/image_1_680.jpg","datePublished":"2021-09-02T16:54:42+00:00","dateModified":"2026-03-22T13:28:14+00:00","description":"K\u00e9zzel festett energiak\u00e9p v\u00e1sznon - Energetikus k\u00e9pek - Arkangyal Haniel -. A k\u00e9pet egyedi alkalmaz\u00e1sunk seg\u00edts\u00e9g\u00e9vel keretezheti be az oldalon.","breadcrumb":{"@id":"https:\/\/svetslik.si\/hu\/szellemi-festmenyek\/energetikus-kepek-arkangyal-haniel\/#breadcrumb"},"inLanguage":"hu","potentialAction":[{"@type":"ReadAction","target":["https:\/\/svetslik.si\/hu\/szellemi-festmenyek\/energetikus-kepek-arkangyal-haniel\/"]}]},{"@type":"ImageObject","inLanguage":"hu","@id":"https:\/\/svetslik.si\/hu\/szellemi-festmenyek\/energetikus-kepek-arkangyal-haniel\/#primaryimage","url":"https:\/\/svetslik.si\/wp-content\/uploads\/2021\/08\/image_1_680.jpg","contentUrl":"https:\/\/svetslik.si\/wp-content\/uploads\/2021\/08\/image_1_680.jpg","width":537,"height":680,"caption":"Energia falfestm\u00e9nyek v\u00e1szonra, falfestm\u00e9nyek, m\u0171v\u00e9szeti festm\u00e9nyek, modern festm\u00e9nyek, ambient festm\u00e9nyek, absztrakt festm\u00e9nyek, dekorat\u00edv falfestm\u00e9nyek, festm\u00e9nyek v\u00e9tele \u00e9s elad\u00e1sa - Nadangel Haniel"},{"@type":"BreadcrumbList","@id":"https:\/\/svetslik.si\/hu\/szellemi-festmenyek\/energetikus-kepek-arkangyal-haniel\/#breadcrumb","itemListElement":[{"@type":"ListItem","position":1,"name":"Wall art and paintings on canvas","item":"https:\/\/svetslik.si\/hu\/"},{"@type":"ListItem","position":2,"name":"Festm\u00e9nyek elad\u00e1sa","item":"https:\/\/svetslik.si\/prodaja-slik\/"},{"@type":"ListItem","position":3,"name":"Energetikus k\u00e9pek &#8211; Arkangyal Haniel"}]},{"@type":"WebSite","@id":"https:\/\/svetslik.si\/hu\/#website","url":"https:\/\/svetslik.si\/hu\/","name":"SVETSLIK.SI","description":"100%-ban k\u00e9zzel festett reprodukci\u00f3k h\u00edres fest\u0151k festm\u00e9nyeir\u0151l \u00e9s festm\u00e9nyekr\u0151l v\u00e1szonra.","publisher":{"@id":"https:\/\/svetslik.si\/hu\/#organization"},"potentialAction":[{"@type":"SearchAction","target":{"@type":"EntryPoint","urlTemplate":"https:\/\/svetslik.si\/hu\/?s={search_term_string}"},"query-input":{"@type":"PropertyValueSpecification","valueRequired":true,"valueName":"search_term_string"}}],"inLanguage":"hu"},{"@type":"Organization","@id":"https:\/\/svetslik.si\/hu\/#organization","name":"SvetSlik.si","url":"https:\/\/svetslik.si\/hu\/","logo":{"@type":"ImageObject","inLanguage":"hu","@id":"https:\/\/svetslik.si\/hu\/#\/schema\/logo\/image\/","url":"https:\/\/svetslik.si\/wp-content\/uploads\/2020\/12\/logo-512.png","contentUrl":"https:\/\/svetslik.si\/wp-content\/uploads\/2020\/12\/logo-512.png","width":512,"height":512,"caption":"SvetSlik.si"},"image":{"@id":"https:\/\/svetslik.si\/hu\/#\/schema\/logo\/image\/"},"sameAs":["https:\/\/www.facebook.com\/svetslik.si","https:\/\/x.com\/svetslik","https:\/\/www.instagram.com\/svetslik.si\/","https:\/\/www.linkedin.com\/company\/svetslik-si"]}]},"og_availability":"instock","product_availability":"instock","product_retailer_item_id":"822__","product_condition":"new"},"jetpack_sharing_enabled":true,"_links":{"self":[{"href":"https:\/\/svetslik.si\/hu\/wp-json\/wp\/v2\/product\/57313","targetHints":{"allow":["GET"]}}],"collection":[{"href":"https:\/\/svetslik.si\/hu\/wp-json\/wp\/v2\/product"}],"about":[{"href":"https:\/\/svetslik.si\/hu\/wp-json\/wp\/v2\/types\/product"}],"wp:featuredmedia":[{"embeddable":true,"href":"https:\/\/svetslik.si\/hu\/wp-json\/wp\/v2\/media\/49284"}],"wp:attachment":[{"href":"https:\/\/svetslik.si\/hu\/wp-json\/wp\/v2\/media?parent=57313"}],"wp:term":[{"taxonomy":"product_brand","embeddable":true,"href":"https:\/\/svetslik.si\/hu\/wp-json\/wp\/v2\/product_brand?post=57313"},{"taxonomy":"product_cat","embeddable":true,"href":"https:\/\/svetslik.si\/hu\/wp-json\/wp\/v2\/product_cat?post=57313"},{"taxonomy":"product_tag","embeddable":true,"href":"https:\/\/svetslik.si\/hu\/wp-json\/wp\/v2\/product_tag?post=57313"}],"curies":[{"name":"wp","href":"https:\/\/api.w.org\/{rel}","templated":true}]}}