{"id":57456,"date":"2021-09-02T18:57:46","date_gmt":"2021-09-02T16:57:46","guid":{"rendered":"https:\/\/svetslik.si\/nem-kategorizalt\/sreca\/"},"modified":"2026-03-22T14:33:56","modified_gmt":"2026-03-22T13:33:56","slug":"gyermekfestmenyek-boldogsag","status":"publish","type":"product","link":"https:\/\/svetslik.si\/hu\/gyermekfestmenyek\/gyermekfestmenyek-boldogsag\/","title":{"rendered":"Gyermekfestm\u00e9nyek &#8211; Boldogs\u00e1g"},"content":{"rendered":"","protected":false},"excerpt":{"rendered":"","protected":false},"featured_media":50050,"template":"","meta":{"_acf_changed":false},"product_brand":[],"product_cat":[7125],"product_tag":[7186],"class_list":{"0":"post-57456","1":"product","2":"type-product","3":"status-publish","4":"has-post-thumbnail","6":"product_cat-gyermekfestmenyek","7":"product_tag-gyermekfestmenyek","8":"pa_dimenzija-30-x-40-cm","9":"pa_dimenzija-45-x-60-cm","10":"pa_dimenzija-60-x-80-cm","11":"pa_oblika-fuggoleges","12":"pa_okvir-nincs-keret","13":"pa_podokvir-igen","14":"pa_podokvir-nem","16":"first","17":"instock","18":"purchasable","19":"product-type-variable","20":"has-default-attributes"},"acf":[],"yoast_head":"<!-- This site is optimized with the Yoast SEO Premium plugin v26.0 (Yoast SEO v27.2) - https:\/\/yoast.com\/product\/yoast-seo-premium-wordpress\/ -->\n<title>Gyermekfestm\u00e9nyek - Boldogs\u00e1g - SVETSLIK.SI - 100% k\u00e9zzel festett<\/title>\n<meta name=\"description\" content=\"Gyermekfestm\u00e9nyek - Boldogs\u00e1g - 100% k\u00e9zzel festett v\u00e1szon falik\u00e9pek. K\u00e9pek elad\u00e1sa. Egyedi k\u00e9pek k\u00e9sz\u00edt\u00e9se megrendel\u00e9sre \u00e9s k\u00e9pek keretez\u00e9se.\" \/>\n<meta name=\"robots\" content=\"index, follow, max-snippet:-1, max-image-preview:large, max-video-preview:-1\" \/>\n<link rel=\"canonical\" href=\"https:\/\/svetslik.si\/hu\/gyermekfestmenyek\/gyermekfestmenyek-boldogsag\/\" \/>\n<meta property=\"og:locale\" content=\"hu_HU\" \/>\n<meta property=\"og:type\" content=\"article\" \/>\n<meta property=\"og:title\" content=\"Gyermekfestm\u00e9nyek - Boldogs\u00e1g\" \/>\n<meta property=\"og:description\" content=\"100% ro\u010dno naslikane slike na platnu, reprodukcije znanih slikarjev in umetni\u0161ke slike po naro\u010dilu.\" \/>\n<meta property=\"og:url\" content=\"https:\/\/svetslik.si\/hu\/gyermekfestmenyek\/gyermekfestmenyek-boldogsag\/\" \/>\n<meta property=\"og:site_name\" content=\"SVETSLIK.SI\" \/>\n<meta property=\"article:publisher\" content=\"https:\/\/www.facebook.com\/svetslik.si\" \/>\n<meta property=\"article:modified_time\" content=\"2026-03-22T13:33:56+00:00\" \/>\n<meta property=\"og:image\" content=\"https:\/\/svetslik.si\/wp-content\/uploads\/2021\/08\/image_Sreca_680.jpg\" \/>\n\t<meta property=\"og:image:width\" content=\"514\" \/>\n\t<meta property=\"og:image:height\" content=\"680\" \/>\n\t<meta property=\"og:image:type\" content=\"image\/jpeg\" \/>\n<meta name=\"twitter:card\" content=\"summary_large_image\" \/>\n<meta name=\"twitter:site\" content=\"@svetslik\" \/>\n<meta name=\"twitter:label1\" content=\"El\u00e9rhet\u0151s\u00e9g\" \/>\n\t<meta name=\"twitter:data1\" content=\"K\u00e9szleten\" \/>\n<script type=\"application\/ld+json\" class=\"yoast-schema-graph\">{\"@context\":\"https:\/\/schema.org\",\"@graph\":[{\"@type\":[\"WebPage\",\"ItemPage\"],\"@id\":\"https:\/\/svetslik.si\/hu\/gyermekfestmenyek\/gyermekfestmenyek-boldogsag\/\",\"url\":\"https:\/\/svetslik.si\/hu\/gyermekfestmenyek\/gyermekfestmenyek-boldogsag\/\",\"name\":\"Gyermekfestm\u00e9nyek - Boldogs\u00e1g - SVETSLIK.SI - 100% k\u00e9zzel festett\",\"isPartOf\":{\"@id\":\"https:\/\/svetslik.si\/hu\/#website\"},\"primaryImageOfPage\":{\"@id\":\"https:\/\/svetslik.si\/hu\/gyermekfestmenyek\/gyermekfestmenyek-boldogsag\/#primaryimage\"},\"image\":{\"@id\":\"https:\/\/svetslik.si\/hu\/gyermekfestmenyek\/gyermekfestmenyek-boldogsag\/#primaryimage\"},\"thumbnailUrl\":\"https:\/\/svetslik.si\/wp-content\/uploads\/2021\/08\/image_Sreca_680.jpg\",\"datePublished\":\"2021-09-02T16:57:46+00:00\",\"dateModified\":\"2026-03-22T13:33:56+00:00\",\"description\":\"Gyermekfestm\u00e9nyek - Boldogs\u00e1g - 100% k\u00e9zzel festett v\u00e1szon falik\u00e9pek. K\u00e9pek elad\u00e1sa. Egyedi k\u00e9pek k\u00e9sz\u00edt\u00e9se megrendel\u00e9sre \u00e9s k\u00e9pek keretez\u00e9se.\",\"breadcrumb\":{\"@id\":\"https:\/\/svetslik.si\/hu\/gyermekfestmenyek\/gyermekfestmenyek-boldogsag\/#breadcrumb\"},\"inLanguage\":\"hu\",\"potentialAction\":[{\"@type\":\"ReadAction\",\"target\":[\"https:\/\/svetslik.si\/hu\/gyermekfestmenyek\/gyermekfestmenyek-boldogsag\/\"]}]},{\"@type\":\"ImageObject\",\"inLanguage\":\"hu\",\"@id\":\"https:\/\/svetslik.si\/hu\/gyermekfestmenyek\/gyermekfestmenyek-boldogsag\/#primaryimage\",\"url\":\"https:\/\/svetslik.si\/wp-content\/uploads\/2021\/08\/image_Sreca_680.jpg\",\"contentUrl\":\"https:\/\/svetslik.si\/wp-content\/uploads\/2021\/08\/image_Sreca_680.jpg\",\"width\":514,\"height\":680,\"caption\":\"Boldog gyermekkori v\u00e1szonfestm\u00e9nyek\"},{\"@type\":\"BreadcrumbList\",\"@id\":\"https:\/\/svetslik.si\/hu\/gyermekfestmenyek\/gyermekfestmenyek-boldogsag\/#breadcrumb\",\"itemListElement\":[{\"@type\":\"ListItem\",\"position\":1,\"name\":\"Wall art and paintings on canvas\",\"item\":\"https:\/\/svetslik.si\/hu\/\"},{\"@type\":\"ListItem\",\"position\":2,\"name\":\"Festm\u00e9nyek elad\u00e1sa\",\"item\":\"https:\/\/svetslik.si\/prodaja-slik\/\"},{\"@type\":\"ListItem\",\"position\":3,\"name\":\"Gyermekfestm\u00e9nyek &#8211; Boldogs\u00e1g\"}]},{\"@type\":\"WebSite\",\"@id\":\"https:\/\/svetslik.si\/hu\/#website\",\"url\":\"https:\/\/svetslik.si\/hu\/\",\"name\":\"SVETSLIK.SI\",\"description\":\"100%-ban k\u00e9zzel festett reprodukci\u00f3k h\u00edres fest\u0151k festm\u00e9nyeir\u0151l \u00e9s festm\u00e9nyekr\u0151l v\u00e1szonra.\",\"publisher\":{\"@id\":\"https:\/\/svetslik.si\/hu\/#organization\"},\"potentialAction\":[{\"@type\":\"SearchAction\",\"target\":{\"@type\":\"EntryPoint\",\"urlTemplate\":\"https:\/\/svetslik.si\/hu\/?s={search_term_string}\"},\"query-input\":{\"@type\":\"PropertyValueSpecification\",\"valueRequired\":true,\"valueName\":\"search_term_string\"}}],\"inLanguage\":\"hu\"},{\"@type\":\"Organization\",\"@id\":\"https:\/\/svetslik.si\/hu\/#organization\",\"name\":\"SvetSlik.si\",\"url\":\"https:\/\/svetslik.si\/hu\/\",\"logo\":{\"@type\":\"ImageObject\",\"inLanguage\":\"hu\",\"@id\":\"https:\/\/svetslik.si\/hu\/#\/schema\/logo\/image\/\",\"url\":\"https:\/\/svetslik.si\/wp-content\/uploads\/2020\/12\/logo-512.png\",\"contentUrl\":\"https:\/\/svetslik.si\/wp-content\/uploads\/2020\/12\/logo-512.png\",\"width\":512,\"height\":512,\"caption\":\"SvetSlik.si\"},\"image\":{\"@id\":\"https:\/\/svetslik.si\/hu\/#\/schema\/logo\/image\/\"},\"sameAs\":[\"https:\/\/www.facebook.com\/svetslik.si\",\"https:\/\/x.com\/svetslik\",\"https:\/\/www.instagram.com\/svetslik.si\/\",\"https:\/\/www.linkedin.com\/company\/svetslik-si\"]}]}<\/script>\n<meta property=\"og:availability\" content=\"instock\" \/>\n<meta property=\"product:availability\" content=\"instock\" \/>\n<meta property=\"product:retailer_item_id\" content=\"865__\" \/>\n<meta property=\"product:condition\" content=\"new\" \/>\n<!-- \/ Yoast SEO Premium plugin. -->","yoast_head_json":{"title":"Gyermekfestm\u00e9nyek - Boldogs\u00e1g - SVETSLIK.SI - 100% k\u00e9zzel festett","description":"Gyermekfestm\u00e9nyek - Boldogs\u00e1g - 100% k\u00e9zzel festett v\u00e1szon falik\u00e9pek. K\u00e9pek elad\u00e1sa. Egyedi k\u00e9pek k\u00e9sz\u00edt\u00e9se megrendel\u00e9sre \u00e9s k\u00e9pek keretez\u00e9se.","robots":{"index":"index","follow":"follow","max-snippet":"max-snippet:-1","max-image-preview":"max-image-preview:large","max-video-preview":"max-video-preview:-1"},"canonical":"https:\/\/svetslik.si\/hu\/gyermekfestmenyek\/gyermekfestmenyek-boldogsag\/","og_locale":"hu_HU","og_type":"article","og_title":"Gyermekfestm\u00e9nyek - Boldogs\u00e1g","og_description":"100% ro\u010dno naslikane slike na platnu, reprodukcije znanih slikarjev in umetni\u0161ke slike po naro\u010dilu.","og_url":"https:\/\/svetslik.si\/hu\/gyermekfestmenyek\/gyermekfestmenyek-boldogsag\/","og_site_name":"SVETSLIK.SI","article_publisher":"https:\/\/www.facebook.com\/svetslik.si","article_modified_time":"2026-03-22T13:33:56+00:00","og_image":[{"width":514,"height":680,"url":"https:\/\/svetslik.si\/wp-content\/uploads\/2021\/08\/image_Sreca_680.jpg","type":"image\/jpeg"}],"twitter_card":"summary_large_image","twitter_site":"@svetslik","twitter_misc":{"El\u00e9rhet\u0151s\u00e9g":"K\u00e9szleten"},"schema":{"@context":"https:\/\/schema.org","@graph":[{"@type":["WebPage","ItemPage"],"@id":"https:\/\/svetslik.si\/hu\/gyermekfestmenyek\/gyermekfestmenyek-boldogsag\/","url":"https:\/\/svetslik.si\/hu\/gyermekfestmenyek\/gyermekfestmenyek-boldogsag\/","name":"Gyermekfestm\u00e9nyek - Boldogs\u00e1g - SVETSLIK.SI - 100% k\u00e9zzel festett","isPartOf":{"@id":"https:\/\/svetslik.si\/hu\/#website"},"primaryImageOfPage":{"@id":"https:\/\/svetslik.si\/hu\/gyermekfestmenyek\/gyermekfestmenyek-boldogsag\/#primaryimage"},"image":{"@id":"https:\/\/svetslik.si\/hu\/gyermekfestmenyek\/gyermekfestmenyek-boldogsag\/#primaryimage"},"thumbnailUrl":"https:\/\/svetslik.si\/wp-content\/uploads\/2021\/08\/image_Sreca_680.jpg","datePublished":"2021-09-02T16:57:46+00:00","dateModified":"2026-03-22T13:33:56+00:00","description":"Gyermekfestm\u00e9nyek - Boldogs\u00e1g - 100% k\u00e9zzel festett v\u00e1szon falik\u00e9pek. K\u00e9pek elad\u00e1sa. Egyedi k\u00e9pek k\u00e9sz\u00edt\u00e9se megrendel\u00e9sre \u00e9s k\u00e9pek keretez\u00e9se.","breadcrumb":{"@id":"https:\/\/svetslik.si\/hu\/gyermekfestmenyek\/gyermekfestmenyek-boldogsag\/#breadcrumb"},"inLanguage":"hu","potentialAction":[{"@type":"ReadAction","target":["https:\/\/svetslik.si\/hu\/gyermekfestmenyek\/gyermekfestmenyek-boldogsag\/"]}]},{"@type":"ImageObject","inLanguage":"hu","@id":"https:\/\/svetslik.si\/hu\/gyermekfestmenyek\/gyermekfestmenyek-boldogsag\/#primaryimage","url":"https:\/\/svetslik.si\/wp-content\/uploads\/2021\/08\/image_Sreca_680.jpg","contentUrl":"https:\/\/svetslik.si\/wp-content\/uploads\/2021\/08\/image_Sreca_680.jpg","width":514,"height":680,"caption":"Boldog gyermekkori v\u00e1szonfestm\u00e9nyek"},{"@type":"BreadcrumbList","@id":"https:\/\/svetslik.si\/hu\/gyermekfestmenyek\/gyermekfestmenyek-boldogsag\/#breadcrumb","itemListElement":[{"@type":"ListItem","position":1,"name":"Wall art and paintings on canvas","item":"https:\/\/svetslik.si\/hu\/"},{"@type":"ListItem","position":2,"name":"Festm\u00e9nyek elad\u00e1sa","item":"https:\/\/svetslik.si\/prodaja-slik\/"},{"@type":"ListItem","position":3,"name":"Gyermekfestm\u00e9nyek &#8211; Boldogs\u00e1g"}]},{"@type":"WebSite","@id":"https:\/\/svetslik.si\/hu\/#website","url":"https:\/\/svetslik.si\/hu\/","name":"SVETSLIK.SI","description":"100%-ban k\u00e9zzel festett reprodukci\u00f3k h\u00edres fest\u0151k festm\u00e9nyeir\u0151l \u00e9s festm\u00e9nyekr\u0151l v\u00e1szonra.","publisher":{"@id":"https:\/\/svetslik.si\/hu\/#organization"},"potentialAction":[{"@type":"SearchAction","target":{"@type":"EntryPoint","urlTemplate":"https:\/\/svetslik.si\/hu\/?s={search_term_string}"},"query-input":{"@type":"PropertyValueSpecification","valueRequired":true,"valueName":"search_term_string"}}],"inLanguage":"hu"},{"@type":"Organization","@id":"https:\/\/svetslik.si\/hu\/#organization","name":"SvetSlik.si","url":"https:\/\/svetslik.si\/hu\/","logo":{"@type":"ImageObject","inLanguage":"hu","@id":"https:\/\/svetslik.si\/hu\/#\/schema\/logo\/image\/","url":"https:\/\/svetslik.si\/wp-content\/uploads\/2020\/12\/logo-512.png","contentUrl":"https:\/\/svetslik.si\/wp-content\/uploads\/2020\/12\/logo-512.png","width":512,"height":512,"caption":"SvetSlik.si"},"image":{"@id":"https:\/\/svetslik.si\/hu\/#\/schema\/logo\/image\/"},"sameAs":["https:\/\/www.facebook.com\/svetslik.si","https:\/\/x.com\/svetslik","https:\/\/www.instagram.com\/svetslik.si\/","https:\/\/www.linkedin.com\/company\/svetslik-si"]}]},"og_availability":"instock","product_availability":"instock","product_retailer_item_id":"865__","product_condition":"new"},"jetpack_sharing_enabled":true,"_links":{"self":[{"href":"https:\/\/svetslik.si\/hu\/wp-json\/wp\/v2\/product\/57456","targetHints":{"allow":["GET"]}}],"collection":[{"href":"https:\/\/svetslik.si\/hu\/wp-json\/wp\/v2\/product"}],"about":[{"href":"https:\/\/svetslik.si\/hu\/wp-json\/wp\/v2\/types\/product"}],"wp:featuredmedia":[{"embeddable":true,"href":"https:\/\/svetslik.si\/hu\/wp-json\/wp\/v2\/media\/50050"}],"wp:attachment":[{"href":"https:\/\/svetslik.si\/hu\/wp-json\/wp\/v2\/media?parent=57456"}],"wp:term":[{"taxonomy":"product_brand","embeddable":true,"href":"https:\/\/svetslik.si\/hu\/wp-json\/wp\/v2\/product_brand?post=57456"},{"taxonomy":"product_cat","embeddable":true,"href":"https:\/\/svetslik.si\/hu\/wp-json\/wp\/v2\/product_cat?post=57456"},{"taxonomy":"product_tag","embeddable":true,"href":"https:\/\/svetslik.si\/hu\/wp-json\/wp\/v2\/product_tag?post=57456"}],"curies":[{"name":"wp","href":"https:\/\/api.w.org\/{rel}","templated":true}]}}