{"id":57504,"date":"2021-09-02T18:59:00","date_gmt":"2021-09-02T16:59:00","guid":{"rendered":"https:\/\/svetslik.si\/nem-kategorizalt\/moderna-slika-rdece-sonce\/"},"modified":"2026-03-22T14:36:26","modified_gmt":"2026-03-22T13:36:26","slug":"modern-festmenyek-voros-nap","status":"publish","type":"product","link":"https:\/\/svetslik.si\/hu\/tobbreszes-vaszonfalikepek\/modern-festmenyek-voros-nap\/","title":{"rendered":"Modern festm\u00e9nyek &#8211; V\u00f6r\u00f6s nap"},"content":{"rendered":"<div class=\"wpb-content-wrapper\">[vc_row css=&#8221;.vc_custom_1678998353519{margin-bottom: 10px !important;}&#8221;][vc_column]\t<div class=\"et-image-321 et-image     et_image_link\">\n\t\t<div class=\"et-image-inner \">\n\t\t\t\t\t\t\t<div class=\"et-image-thumb \">\n\t\t\t\t\t<img decoding=\"async\" width=\"1000\" height=\"601\" src=\"https:\/\/svetslik.si\/wp-content\/uploads\/2021\/09\/moderne-slike-rdece-sonce-1.jpg\" class=\"attachment-full\" alt=\"Modern festm\u00e9nyek - V\u00f6r\u00f6s nap\" title=\"Modern festm\u00e9nyek - V\u00f6r\u00f6s nap\" srcset=\"https:\/\/svetslik.si\/wp-content\/uploads\/2021\/09\/moderne-slike-rdece-sonce-1.jpg 1000w, https:\/\/svetslik.si\/wp-content\/uploads\/2021\/09\/moderne-slike-rdece-sonce-1-600x361.jpg 600w, https:\/\/svetslik.si\/wp-content\/uploads\/2021\/09\/moderne-slike-rdece-sonce-1-300x180.jpg 300w, https:\/\/svetslik.si\/wp-content\/uploads\/2021\/09\/moderne-slike-rdece-sonce-1-768x462.jpg 768w, https:\/\/svetslik.si\/wp-content\/uploads\/2021\/09\/moderne-slike-rdece-sonce-1-18x12.jpg 18w, https:\/\/svetslik.si\/wp-content\/uploads\/2021\/09\/moderne-slike-rdece-sonce-1-150x90.jpg 150w, https:\/\/svetslik.si\/wp-content\/uploads\/2021\/09\/moderne-slike-rdece-sonce-1-900x541.jpg 900w\" sizes=\"(max-width: 1000px) 100vw, 1000px\" \/>\t\t\t\t<\/div>\n\t\t\t\t\t\t\t\t\t\t\t<\/div>\n\t<\/div>\n  [\/vc_column][\/vc_row][vc_row css=&#8221;.vc_custom_1678998353519{margin-bottom: 10px !important;}&#8221;][vc_column]\t<div class=\"et-image-145 et-image     et_image_link\">\n\t\t<div class=\"et-image-inner \">\n\t\t\t\t\t\t\t<div class=\"et-image-thumb \">\n\t\t\t\t\t<img decoding=\"async\" width=\"1000\" height=\"1776\" src=\"https:\/\/svetslik.si\/wp-content\/uploads\/2021\/09\/moderne-slike-rdece-sonce.jpg\" class=\"attachment-full\" alt=\"Modern festm\u00e9nyek - V\u00f6r\u00f6s nap\" title=\"Modern festm\u00e9nyek - V\u00f6r\u00f6s nap\" srcset=\"https:\/\/svetslik.si\/wp-content\/uploads\/2021\/09\/moderne-slike-rdece-sonce.jpg 1000w, https:\/\/svetslik.si\/wp-content\/uploads\/2021\/09\/moderne-slike-rdece-sonce-600x1066.jpg 600w, https:\/\/svetslik.si\/wp-content\/uploads\/2021\/09\/moderne-slike-rdece-sonce-169x300.jpg 169w, https:\/\/svetslik.si\/wp-content\/uploads\/2021\/09\/moderne-slike-rdece-sonce-577x1024.jpg 577w, https:\/\/svetslik.si\/wp-content\/uploads\/2021\/09\/moderne-slike-rdece-sonce-768x1364.jpg 768w, https:\/\/svetslik.si\/wp-content\/uploads\/2021\/09\/moderne-slike-rdece-sonce-865x1536.jpg 865w, https:\/\/svetslik.si\/wp-content\/uploads\/2021\/09\/moderne-slike-rdece-sonce-7x12.jpg 7w, https:\/\/svetslik.si\/wp-content\/uploads\/2021\/09\/moderne-slike-rdece-sonce-84x150.jpg 84w, https:\/\/svetslik.si\/wp-content\/uploads\/2021\/09\/moderne-slike-rdece-sonce-900x1598.jpg 900w\" sizes=\"(max-width: 1000px) 100vw, 1000px\" \/>\t\t\t\t<\/div>\n\t\t\t\t\t\t\t\t\t\t\t<\/div>\n\t<\/div>\n  [\/vc_column][\/vc_row][vc_row][vc_column][vc_column_text]\nFestm\u00e9nyek m\u00e9rete:<br \/>\n80 cm x 70 cm (2 x 30 cm x 60 cm + 20 cm x 70 cm)<br \/>\n110 cm x 90 cm (2 x 40 cm x 60 cm + 30 cm x 90 cm)<br \/>\n170 cm x 150 cm (2 x 60 cm x 120 cm +\u00a050 cm x\u00a0150 cm)<\/p>\n<\/div>","protected":false},"excerpt":{"rendered":"<p>[vc_row css=&#8221;.vc_custom_1678998353519{margin-bottom: 10px !important;}&#8221;][vc_column][\/vc_column][\/vc_row][vc_row css=&#8221;.vc_custom_1678998353519{margin-bottom: 10px !important;}&#8221;][vc_column][\/vc_column][\/vc_row][vc_row][vc_column][vc_column_text] Festm\u00e9nyek m\u00e9rete: 80 cm x 70 cm (2 x 30 cm x 60 cm + 20 cm x 70 cm) 110 cm x 90 cm (2 x 40 cm x 60 cm + 30 cm x 90 cm) 170 cm x 150 cm [&hellip;]<\/p>\n","protected":false},"featured_media":49941,"template":"","meta":{"_acf_changed":false},"product_brand":[],"product_cat":[7154],"product_tag":[11945,11952,11950,11955,11951,11949,11947,7217],"class_list":{"0":"post-57504","1":"product","2":"type-product","3":"status-publish","4":"has-post-thumbnail","6":"product_cat-tobbreszes-vaszonfalikepek","7":"product_tag-abstraktne-slike-hu","8":"product_tag-moderne-slike-hu","9":"product_tag-prodaja-slik-hu","10":"product_tag-slike-na-platnu-hu","11":"product_tag-slike-za-dnevno-sobo-hu","12":"product_tag-slike-za-v-dnevno-sobo-hu","13":"product_tag-stenske-slike-hu","14":"product_tag-tobbreszes-festmenyek","15":"pa_dimenzija-110-x-90-cm","16":"pa_dimenzija-170-x-150-cm","17":"pa_dimenzija-80-x-70-cm","18":"pa_oblika-vizszintes","19":"pa_pod-okvir-arban-benne","20":"pa_podokvir-igen","21":"pa_podokvir-nem","23":"first","24":"onbackorder","25":"purchasable","26":"product-type-variable","27":"has-default-attributes"},"acf":[],"yoast_head":"<!-- This site is optimized with the Yoast SEO Premium plugin v26.0 (Yoast SEO v27.2) - https:\/\/yoast.com\/product\/yoast-seo-premium-wordpress\/ -->\n<title>Modern festm\u00e9nyek - V\u00f6r\u00f6s nap - SVETSLIK.SI - 100% k\u00e9zzel festett<\/title>\n<meta name=\"description\" content=\"Modern festm\u00e9nyek - V\u00f6r\u00f6s nap - 100% k\u00e9zzel festett v\u00e1szonfestm\u00e9nyek. Festm\u00e9nyek elad\u00e1sa - moderne festm\u00e9nyek, absztrakt festm\u00e9nyek, olajfestm\u00e9nyek, egyedi rendel\u00e9sre k\u00e9sz\u00edtett festm\u00e9nyek \u00e9s k\u00e9pkeretez\u00e9s.\" \/>\n<meta name=\"robots\" content=\"index, follow, max-snippet:-1, max-image-preview:large, max-video-preview:-1\" \/>\n<link rel=\"canonical\" href=\"https:\/\/svetslik.si\/hu\/tobbreszes-vaszonfalikepek\/modern-festmenyek-voros-nap\/\" \/>\n<meta property=\"og:locale\" content=\"hu_HU\" \/>\n<meta property=\"og:type\" content=\"article\" \/>\n<meta property=\"og:title\" content=\"Modern festm\u00e9nyek - V\u00f6r\u00f6s nap\" \/>\n<meta property=\"og:description\" content=\"100% ro\u010dno naslikane slike na platnu, reprodukcije znanih slikarjev in umetni\u0161ke slike po naro\u010dilu.\" \/>\n<meta property=\"og:url\" content=\"https:\/\/svetslik.si\/hu\/tobbreszes-vaszonfalikepek\/modern-festmenyek-voros-nap\/\" \/>\n<meta property=\"og:site_name\" content=\"SVETSLIK.SI\" \/>\n<meta property=\"article:publisher\" content=\"https:\/\/www.facebook.com\/svetslik.si\" \/>\n<meta property=\"article:modified_time\" content=\"2026-03-22T13:36:26+00:00\" \/>\n<meta property=\"og:image\" content=\"https:\/\/svetslik.si\/wp-content\/uploads\/2021\/08\/image_Rdece-sonce-moderna-slika-stenska-slika_680.png\" \/>\n\t<meta property=\"og:image:width\" content=\"680\" \/>\n\t<meta property=\"og:image:height\" content=\"526\" \/>\n\t<meta property=\"og:image:type\" content=\"image\/png\" \/>\n<meta name=\"twitter:card\" content=\"summary_large_image\" \/>\n<meta name=\"twitter:site\" content=\"@svetslik\" \/>\n<meta name=\"twitter:label1\" content=\"El\u00e9rhet\u0151s\u00e9g\" \/>\n\t<meta name=\"twitter:data1\" content=\"Beszerz\u00e9s alatt\" \/>\n<script type=\"application\/ld+json\" class=\"yoast-schema-graph\">{\"@context\":\"https:\/\/schema.org\",\"@graph\":[{\"@type\":[\"WebPage\",\"ItemPage\"],\"@id\":\"https:\/\/svetslik.si\/hu\/tobbreszes-vaszonfalikepek\/modern-festmenyek-voros-nap\/\",\"url\":\"https:\/\/svetslik.si\/hu\/tobbreszes-vaszonfalikepek\/modern-festmenyek-voros-nap\/\",\"name\":\"Modern festm\u00e9nyek - V\u00f6r\u00f6s nap - SVETSLIK.SI - 100% k\u00e9zzel festett\",\"isPartOf\":{\"@id\":\"https:\/\/svetslik.si\/hu\/#website\"},\"primaryImageOfPage\":{\"@id\":\"https:\/\/svetslik.si\/hu\/tobbreszes-vaszonfalikepek\/modern-festmenyek-voros-nap\/#primaryimage\"},\"image\":{\"@id\":\"https:\/\/svetslik.si\/hu\/tobbreszes-vaszonfalikepek\/modern-festmenyek-voros-nap\/#primaryimage\"},\"thumbnailUrl\":\"https:\/\/svetslik.si\/wp-content\/uploads\/2021\/08\/image_Rdece-sonce-moderna-slika-stenska-slika_680.png\",\"datePublished\":\"2021-09-02T16:59:00+00:00\",\"dateModified\":\"2026-03-22T13:36:26+00:00\",\"description\":\"Modern festm\u00e9nyek - V\u00f6r\u00f6s nap - 100% k\u00e9zzel festett v\u00e1szonfestm\u00e9nyek. Festm\u00e9nyek elad\u00e1sa - moderne festm\u00e9nyek, absztrakt festm\u00e9nyek, olajfestm\u00e9nyek, egyedi rendel\u00e9sre k\u00e9sz\u00edtett festm\u00e9nyek \u00e9s k\u00e9pkeretez\u00e9s.\",\"breadcrumb\":{\"@id\":\"https:\/\/svetslik.si\/hu\/tobbreszes-vaszonfalikepek\/modern-festmenyek-voros-nap\/#breadcrumb\"},\"inLanguage\":\"hu\",\"potentialAction\":[{\"@type\":\"ReadAction\",\"target\":[\"https:\/\/svetslik.si\/hu\/tobbreszes-vaszonfalikepek\/modern-festmenyek-voros-nap\/\"]}]},{\"@type\":\"ImageObject\",\"inLanguage\":\"hu\",\"@id\":\"https:\/\/svetslik.si\/hu\/tobbreszes-vaszonfalikepek\/modern-festmenyek-voros-nap\/#primaryimage\",\"url\":\"https:\/\/svetslik.si\/wp-content\/uploads\/2021\/08\/image_Rdece-sonce-moderna-slika-stenska-slika_680.png\",\"contentUrl\":\"https:\/\/svetslik.si\/wp-content\/uploads\/2021\/08\/image_Rdece-sonce-moderna-slika-stenska-slika_680.png\",\"width\":680,\"height\":526,\"caption\":\"Piros nap - Modern fali k\u00e9p. Ambient\u00e1lis, absztrakt, dekorat\u00edv festm\u00e9nyek v\u00e1sznon, falik\u00e9pek.\"},{\"@type\":\"BreadcrumbList\",\"@id\":\"https:\/\/svetslik.si\/hu\/tobbreszes-vaszonfalikepek\/modern-festmenyek-voros-nap\/#breadcrumb\",\"itemListElement\":[{\"@type\":\"ListItem\",\"position\":1,\"name\":\"Wall art and paintings on canvas\",\"item\":\"https:\/\/svetslik.si\/hu\/\"},{\"@type\":\"ListItem\",\"position\":2,\"name\":\"Festm\u00e9nyek elad\u00e1sa\",\"item\":\"https:\/\/svetslik.si\/prodaja-slik\/\"},{\"@type\":\"ListItem\",\"position\":3,\"name\":\"Modern festm\u00e9nyek &#8211; V\u00f6r\u00f6s nap\"}]},{\"@type\":\"WebSite\",\"@id\":\"https:\/\/svetslik.si\/hu\/#website\",\"url\":\"https:\/\/svetslik.si\/hu\/\",\"name\":\"SVETSLIK.SI\",\"description\":\"100%-ban k\u00e9zzel festett reprodukci\u00f3k h\u00edres fest\u0151k festm\u00e9nyeir\u0151l \u00e9s festm\u00e9nyekr\u0151l v\u00e1szonra.\",\"publisher\":{\"@id\":\"https:\/\/svetslik.si\/hu\/#organization\"},\"potentialAction\":[{\"@type\":\"SearchAction\",\"target\":{\"@type\":\"EntryPoint\",\"urlTemplate\":\"https:\/\/svetslik.si\/hu\/?s={search_term_string}\"},\"query-input\":{\"@type\":\"PropertyValueSpecification\",\"valueRequired\":true,\"valueName\":\"search_term_string\"}}],\"inLanguage\":\"hu\"},{\"@type\":\"Organization\",\"@id\":\"https:\/\/svetslik.si\/hu\/#organization\",\"name\":\"SvetSlik.si\",\"url\":\"https:\/\/svetslik.si\/hu\/\",\"logo\":{\"@type\":\"ImageObject\",\"inLanguage\":\"hu\",\"@id\":\"https:\/\/svetslik.si\/hu\/#\/schema\/logo\/image\/\",\"url\":\"https:\/\/svetslik.si\/wp-content\/uploads\/2020\/12\/logo-512.png\",\"contentUrl\":\"https:\/\/svetslik.si\/wp-content\/uploads\/2020\/12\/logo-512.png\",\"width\":512,\"height\":512,\"caption\":\"SvetSlik.si\"},\"image\":{\"@id\":\"https:\/\/svetslik.si\/hu\/#\/schema\/logo\/image\/\"},\"sameAs\":[\"https:\/\/www.facebook.com\/svetslik.si\",\"https:\/\/x.com\/svetslik\",\"https:\/\/www.instagram.com\/svetslik.si\/\",\"https:\/\/www.linkedin.com\/company\/svetslik-si\"]}]}<\/script>\n<meta property=\"og:availability\" content=\"backorder\" \/>\n<meta property=\"product:availability\" content=\"available for order\" \/>\n<meta property=\"product:retailer_item_id\" content=\"879__\" \/>\n<meta property=\"product:condition\" content=\"new\" \/>\n<!-- \/ Yoast SEO Premium plugin. -->","yoast_head_json":{"title":"Modern festm\u00e9nyek - V\u00f6r\u00f6s nap - SVETSLIK.SI - 100% k\u00e9zzel festett","description":"Modern festm\u00e9nyek - V\u00f6r\u00f6s nap - 100% k\u00e9zzel festett v\u00e1szonfestm\u00e9nyek. Festm\u00e9nyek elad\u00e1sa - moderne festm\u00e9nyek, absztrakt festm\u00e9nyek, olajfestm\u00e9nyek, egyedi rendel\u00e9sre k\u00e9sz\u00edtett festm\u00e9nyek \u00e9s k\u00e9pkeretez\u00e9s.","robots":{"index":"index","follow":"follow","max-snippet":"max-snippet:-1","max-image-preview":"max-image-preview:large","max-video-preview":"max-video-preview:-1"},"canonical":"https:\/\/svetslik.si\/hu\/tobbreszes-vaszonfalikepek\/modern-festmenyek-voros-nap\/","og_locale":"hu_HU","og_type":"article","og_title":"Modern festm\u00e9nyek - V\u00f6r\u00f6s nap","og_description":"100% ro\u010dno naslikane slike na platnu, reprodukcije znanih slikarjev in umetni\u0161ke slike po naro\u010dilu.","og_url":"https:\/\/svetslik.si\/hu\/tobbreszes-vaszonfalikepek\/modern-festmenyek-voros-nap\/","og_site_name":"SVETSLIK.SI","article_publisher":"https:\/\/www.facebook.com\/svetslik.si","article_modified_time":"2026-03-22T13:36:26+00:00","og_image":[{"width":680,"height":526,"url":"https:\/\/svetslik.si\/wp-content\/uploads\/2021\/08\/image_Rdece-sonce-moderna-slika-stenska-slika_680.png","type":"image\/png"}],"twitter_card":"summary_large_image","twitter_site":"@svetslik","twitter_misc":{"El\u00e9rhet\u0151s\u00e9g":"Beszerz\u00e9s alatt"},"schema":{"@context":"https:\/\/schema.org","@graph":[{"@type":["WebPage","ItemPage"],"@id":"https:\/\/svetslik.si\/hu\/tobbreszes-vaszonfalikepek\/modern-festmenyek-voros-nap\/","url":"https:\/\/svetslik.si\/hu\/tobbreszes-vaszonfalikepek\/modern-festmenyek-voros-nap\/","name":"Modern festm\u00e9nyek - V\u00f6r\u00f6s nap - SVETSLIK.SI - 100% k\u00e9zzel festett","isPartOf":{"@id":"https:\/\/svetslik.si\/hu\/#website"},"primaryImageOfPage":{"@id":"https:\/\/svetslik.si\/hu\/tobbreszes-vaszonfalikepek\/modern-festmenyek-voros-nap\/#primaryimage"},"image":{"@id":"https:\/\/svetslik.si\/hu\/tobbreszes-vaszonfalikepek\/modern-festmenyek-voros-nap\/#primaryimage"},"thumbnailUrl":"https:\/\/svetslik.si\/wp-content\/uploads\/2021\/08\/image_Rdece-sonce-moderna-slika-stenska-slika_680.png","datePublished":"2021-09-02T16:59:00+00:00","dateModified":"2026-03-22T13:36:26+00:00","description":"Modern festm\u00e9nyek - V\u00f6r\u00f6s nap - 100% k\u00e9zzel festett v\u00e1szonfestm\u00e9nyek. Festm\u00e9nyek elad\u00e1sa - moderne festm\u00e9nyek, absztrakt festm\u00e9nyek, olajfestm\u00e9nyek, egyedi rendel\u00e9sre k\u00e9sz\u00edtett festm\u00e9nyek \u00e9s k\u00e9pkeretez\u00e9s.","breadcrumb":{"@id":"https:\/\/svetslik.si\/hu\/tobbreszes-vaszonfalikepek\/modern-festmenyek-voros-nap\/#breadcrumb"},"inLanguage":"hu","potentialAction":[{"@type":"ReadAction","target":["https:\/\/svetslik.si\/hu\/tobbreszes-vaszonfalikepek\/modern-festmenyek-voros-nap\/"]}]},{"@type":"ImageObject","inLanguage":"hu","@id":"https:\/\/svetslik.si\/hu\/tobbreszes-vaszonfalikepek\/modern-festmenyek-voros-nap\/#primaryimage","url":"https:\/\/svetslik.si\/wp-content\/uploads\/2021\/08\/image_Rdece-sonce-moderna-slika-stenska-slika_680.png","contentUrl":"https:\/\/svetslik.si\/wp-content\/uploads\/2021\/08\/image_Rdece-sonce-moderna-slika-stenska-slika_680.png","width":680,"height":526,"caption":"Piros nap - Modern fali k\u00e9p. Ambient\u00e1lis, absztrakt, dekorat\u00edv festm\u00e9nyek v\u00e1sznon, falik\u00e9pek."},{"@type":"BreadcrumbList","@id":"https:\/\/svetslik.si\/hu\/tobbreszes-vaszonfalikepek\/modern-festmenyek-voros-nap\/#breadcrumb","itemListElement":[{"@type":"ListItem","position":1,"name":"Wall art and paintings on canvas","item":"https:\/\/svetslik.si\/hu\/"},{"@type":"ListItem","position":2,"name":"Festm\u00e9nyek elad\u00e1sa","item":"https:\/\/svetslik.si\/prodaja-slik\/"},{"@type":"ListItem","position":3,"name":"Modern festm\u00e9nyek &#8211; V\u00f6r\u00f6s nap"}]},{"@type":"WebSite","@id":"https:\/\/svetslik.si\/hu\/#website","url":"https:\/\/svetslik.si\/hu\/","name":"SVETSLIK.SI","description":"100%-ban k\u00e9zzel festett reprodukci\u00f3k h\u00edres fest\u0151k festm\u00e9nyeir\u0151l \u00e9s festm\u00e9nyekr\u0151l v\u00e1szonra.","publisher":{"@id":"https:\/\/svetslik.si\/hu\/#organization"},"potentialAction":[{"@type":"SearchAction","target":{"@type":"EntryPoint","urlTemplate":"https:\/\/svetslik.si\/hu\/?s={search_term_string}"},"query-input":{"@type":"PropertyValueSpecification","valueRequired":true,"valueName":"search_term_string"}}],"inLanguage":"hu"},{"@type":"Organization","@id":"https:\/\/svetslik.si\/hu\/#organization","name":"SvetSlik.si","url":"https:\/\/svetslik.si\/hu\/","logo":{"@type":"ImageObject","inLanguage":"hu","@id":"https:\/\/svetslik.si\/hu\/#\/schema\/logo\/image\/","url":"https:\/\/svetslik.si\/wp-content\/uploads\/2020\/12\/logo-512.png","contentUrl":"https:\/\/svetslik.si\/wp-content\/uploads\/2020\/12\/logo-512.png","width":512,"height":512,"caption":"SvetSlik.si"},"image":{"@id":"https:\/\/svetslik.si\/hu\/#\/schema\/logo\/image\/"},"sameAs":["https:\/\/www.facebook.com\/svetslik.si","https:\/\/x.com\/svetslik","https:\/\/www.instagram.com\/svetslik.si\/","https:\/\/www.linkedin.com\/company\/svetslik-si"]}]},"og_availability":"backorder","product_availability":"available for order","product_retailer_item_id":"879__","product_condition":"new"},"jetpack_sharing_enabled":true,"_links":{"self":[{"href":"https:\/\/svetslik.si\/hu\/wp-json\/wp\/v2\/product\/57504","targetHints":{"allow":["GET"]}}],"collection":[{"href":"https:\/\/svetslik.si\/hu\/wp-json\/wp\/v2\/product"}],"about":[{"href":"https:\/\/svetslik.si\/hu\/wp-json\/wp\/v2\/types\/product"}],"wp:featuredmedia":[{"embeddable":true,"href":"https:\/\/svetslik.si\/hu\/wp-json\/wp\/v2\/media\/49941"}],"wp:attachment":[{"href":"https:\/\/svetslik.si\/hu\/wp-json\/wp\/v2\/media?parent=57504"}],"wp:term":[{"taxonomy":"product_brand","embeddable":true,"href":"https:\/\/svetslik.si\/hu\/wp-json\/wp\/v2\/product_brand?post=57504"},{"taxonomy":"product_cat","embeddable":true,"href":"https:\/\/svetslik.si\/hu\/wp-json\/wp\/v2\/product_cat?post=57504"},{"taxonomy":"product_tag","embeddable":true,"href":"https:\/\/svetslik.si\/hu\/wp-json\/wp\/v2\/product_tag?post=57504"}],"curies":[{"name":"wp","href":"https:\/\/api.w.org\/{rel}","templated":true}]}}