{"id":57642,"date":"2021-09-02T19:02:13","date_gmt":"2021-09-02T17:02:13","guid":{"rendered":"https:\/\/svetslik.si\/nem-kategorizalt\/dekorativna-slika-panorama\/"},"modified":"2024-07-04T18:03:28","modified_gmt":"2024-07-04T16:03:28","slug":"vaszonfestmenyek-panorama","status":"publish","type":"product","link":"https:\/\/svetslik.si\/hu\/vaszonkepek-egyseges\/vaszonfestmenyek-panorama\/","title":{"rendered":"V\u00e1szonfestm\u00e9nyek &#8211; Panor\u00e1ma"},"content":{"rendered":"","protected":false},"excerpt":{"rendered":"","protected":false},"featured_media":49504,"template":"","meta":{"_acf_changed":false},"product_brand":[],"product_cat":[7153],"product_tag":[11945,11944,11952,11950,11955,11951,11948,11949,11954,11946,11947,11953],"class_list":{"0":"post-57642","1":"product","2":"type-product","3":"status-publish","4":"has-post-thumbnail","6":"product_cat-vaszonkepek-egyseges","7":"product_tag-abstraktne-slike-hu","8":"product_tag-dekorativne-slike-hu","9":"product_tag-moderne-slike-hu","10":"product_tag-prodaja-slik-hu","11":"product_tag-slike-na-platnu-hu","12":"product_tag-slike-za-dnevno-sobo-hu","13":"product_tag-slike-za-na-steno-hu","14":"product_tag-slike-za-v-dnevno-sobo-hu","15":"product_tag-spletna-galerija-hu","16":"product_tag-stenska-dekoracija-hu","17":"product_tag-stenske-slike-hu","18":"product_tag-umetniske-slike-hu","19":"pa_dimenzija-110-x-110-cm-hu","20":"pa_dimenzija-60-x-60-cm-hu","21":"pa_dimenzija-70-x-70-cm-hu","22":"pa_dimenzija-80-x-80-cm-hu","23":"pa_dimenzija-90-x-90-cm-hu","24":"pa_oblika-negyzet","25":"pa_okvir-nincs-keret","26":"pa_podokvir-igen","27":"pa_podokvir-nem","29":"first","30":"onbackorder","31":"purchasable","32":"product-type-variable","33":"has-default-attributes"},"acf":[],"yoast_head":"<!-- This site is optimized with the Yoast SEO Premium plugin v26.0 (Yoast SEO v27.2) - https:\/\/yoast.com\/product\/yoast-seo-premium-wordpress\/ -->\n<title>V\u00e1szonfestm\u00e9nyek - Panor\u00e1ma - SVETSLIK.SI - 100% k\u00e9zzel festett<\/title>\n<meta name=\"description\" content=\"V\u00e1szonfestm\u00e9nyek - Panor\u00e1ma - 100% k\u00e9zzel festett v\u00e1szonfestm\u00e9nyek. Festm\u00e9nyek elad\u00e1sa - moderne festm\u00e9nyek, absztrakt festm\u00e9nyek, olajfestm\u00e9nyek, egyedi rendel\u00e9sre k\u00e9sz\u00edtett festm\u00e9nyek \u00e9s k\u00e9pkeretez\u00e9s.\" \/>\n<meta name=\"robots\" content=\"index, follow, max-snippet:-1, max-image-preview:large, max-video-preview:-1\" \/>\n<link rel=\"canonical\" href=\"https:\/\/svetslik.si\/hu\/vaszonkepek-egyseges\/vaszonfestmenyek-panorama\/\" \/>\n<meta property=\"og:locale\" content=\"hu_HU\" \/>\n<meta property=\"og:type\" content=\"article\" \/>\n<meta property=\"og:title\" content=\"V\u00e1szonfestm\u00e9nyek - Panor\u00e1ma\" \/>\n<meta property=\"og:description\" content=\"100% ro\u010dno naslikane slike na platnu, reprodukcije znanih slikarjev in umetni\u0161ke slike po naro\u010dilu.\" \/>\n<meta property=\"og:url\" content=\"https:\/\/svetslik.si\/hu\/vaszonkepek-egyseges\/vaszonfestmenyek-panorama\/\" \/>\n<meta property=\"og:site_name\" content=\"SVETSLIK.SI\" \/>\n<meta property=\"article:publisher\" content=\"https:\/\/www.facebook.com\/svetslik.si\" \/>\n<meta property=\"article:modified_time\" content=\"2024-07-04T16:03:28+00:00\" \/>\n<meta property=\"og:image\" content=\"https:\/\/svetslik.si\/wp-content\/uploads\/2021\/08\/image_Dekorativna-slika-Panorama_680.jpg\" \/>\n\t<meta property=\"og:image:width\" content=\"680\" \/>\n\t<meta property=\"og:image:height\" content=\"680\" \/>\n\t<meta property=\"og:image:type\" content=\"image\/jpeg\" \/>\n<meta name=\"twitter:card\" content=\"summary_large_image\" \/>\n<meta name=\"twitter:site\" content=\"@svetslik\" \/>\n<meta name=\"twitter:label1\" content=\"El\u00e9rhet\u0151s\u00e9g\" \/>\n\t<meta name=\"twitter:data1\" content=\"Beszerz\u00e9s alatt\" \/>\n<script type=\"application\/ld+json\" class=\"yoast-schema-graph\">{\"@context\":\"https:\/\/schema.org\",\"@graph\":[{\"@type\":[\"WebPage\",\"ItemPage\"],\"@id\":\"https:\/\/svetslik.si\/hu\/vaszonkepek-egyseges\/vaszonfestmenyek-panorama\/\",\"url\":\"https:\/\/svetslik.si\/hu\/vaszonkepek-egyseges\/vaszonfestmenyek-panorama\/\",\"name\":\"V\u00e1szonfestm\u00e9nyek - Panor\u00e1ma - SVETSLIK.SI - 100% k\u00e9zzel festett\",\"isPartOf\":{\"@id\":\"https:\/\/svetslik.si\/hu\/#website\"},\"primaryImageOfPage\":{\"@id\":\"https:\/\/svetslik.si\/hu\/vaszonkepek-egyseges\/vaszonfestmenyek-panorama\/#primaryimage\"},\"image\":{\"@id\":\"https:\/\/svetslik.si\/hu\/vaszonkepek-egyseges\/vaszonfestmenyek-panorama\/#primaryimage\"},\"thumbnailUrl\":\"https:\/\/svetslik.si\/wp-content\/uploads\/2021\/08\/image_Dekorativna-slika-Panorama_680.jpg\",\"datePublished\":\"2021-09-02T17:02:13+00:00\",\"dateModified\":\"2024-07-04T16:03:28+00:00\",\"description\":\"V\u00e1szonfestm\u00e9nyek - Panor\u00e1ma - 100% k\u00e9zzel festett v\u00e1szonfestm\u00e9nyek. Festm\u00e9nyek elad\u00e1sa - moderne festm\u00e9nyek, absztrakt festm\u00e9nyek, olajfestm\u00e9nyek, egyedi rendel\u00e9sre k\u00e9sz\u00edtett festm\u00e9nyek \u00e9s k\u00e9pkeretez\u00e9s.\",\"breadcrumb\":{\"@id\":\"https:\/\/svetslik.si\/hu\/vaszonkepek-egyseges\/vaszonfestmenyek-panorama\/#breadcrumb\"},\"inLanguage\":\"hu\",\"potentialAction\":[{\"@type\":\"ReadAction\",\"target\":[\"https:\/\/svetslik.si\/hu\/vaszonkepek-egyseges\/vaszonfestmenyek-panorama\/\"]}]},{\"@type\":\"ImageObject\",\"inLanguage\":\"hu\",\"@id\":\"https:\/\/svetslik.si\/hu\/vaszonkepek-egyseges\/vaszonfestmenyek-panorama\/#primaryimage\",\"url\":\"https:\/\/svetslik.si\/wp-content\/uploads\/2021\/08\/image_Dekorativna-slika-Panorama_680.jpg\",\"contentUrl\":\"https:\/\/svetslik.si\/wp-content\/uploads\/2021\/08\/image_Dekorativna-slika-Panorama_680.jpg\",\"width\":680,\"height\":680,\"caption\":\"falfestm\u00e9nyek v\u00e1szonra, art festm\u00e9nyek - modern festm\u00e9nyek, ambient festm\u00e9nyek falra, absztrakt festm\u00e9nyek, dekorat\u00edv falfestm\u00e9nyek, festm\u00e9nyek ad\u00e1sv\u00e9tele - Dekorat\u00edv fest\u00e9szet Panor\u00e1ma\"},{\"@type\":\"BreadcrumbList\",\"@id\":\"https:\/\/svetslik.si\/hu\/vaszonkepek-egyseges\/vaszonfestmenyek-panorama\/#breadcrumb\",\"itemListElement\":[{\"@type\":\"ListItem\",\"position\":1,\"name\":\"Wall art and paintings on canvas\",\"item\":\"https:\/\/svetslik.si\/hu\/\"},{\"@type\":\"ListItem\",\"position\":2,\"name\":\"Festm\u00e9nyek elad\u00e1sa\",\"item\":\"https:\/\/svetslik.si\/prodaja-slik\/\"},{\"@type\":\"ListItem\",\"position\":3,\"name\":\"V\u00e1szonfestm\u00e9nyek &#8211; Panor\u00e1ma\"}]},{\"@type\":\"WebSite\",\"@id\":\"https:\/\/svetslik.si\/hu\/#website\",\"url\":\"https:\/\/svetslik.si\/hu\/\",\"name\":\"SVETSLIK.SI\",\"description\":\"100%-ban k\u00e9zzel festett reprodukci\u00f3k h\u00edres fest\u0151k festm\u00e9nyeir\u0151l \u00e9s festm\u00e9nyekr\u0151l v\u00e1szonra.\",\"publisher\":{\"@id\":\"https:\/\/svetslik.si\/hu\/#organization\"},\"potentialAction\":[{\"@type\":\"SearchAction\",\"target\":{\"@type\":\"EntryPoint\",\"urlTemplate\":\"https:\/\/svetslik.si\/hu\/?s={search_term_string}\"},\"query-input\":{\"@type\":\"PropertyValueSpecification\",\"valueRequired\":true,\"valueName\":\"search_term_string\"}}],\"inLanguage\":\"hu\"},{\"@type\":\"Organization\",\"@id\":\"https:\/\/svetslik.si\/hu\/#organization\",\"name\":\"SvetSlik.si\",\"url\":\"https:\/\/svetslik.si\/hu\/\",\"logo\":{\"@type\":\"ImageObject\",\"inLanguage\":\"hu\",\"@id\":\"https:\/\/svetslik.si\/hu\/#\/schema\/logo\/image\/\",\"url\":\"https:\/\/svetslik.si\/wp-content\/uploads\/2020\/12\/logo-512.png\",\"contentUrl\":\"https:\/\/svetslik.si\/wp-content\/uploads\/2020\/12\/logo-512.png\",\"width\":512,\"height\":512,\"caption\":\"SvetSlik.si\"},\"image\":{\"@id\":\"https:\/\/svetslik.si\/hu\/#\/schema\/logo\/image\/\"},\"sameAs\":[\"https:\/\/www.facebook.com\/svetslik.si\",\"https:\/\/x.com\/svetslik\",\"https:\/\/www.instagram.com\/svetslik.si\/\",\"https:\/\/www.linkedin.com\/company\/svetslik-si\"]}]}<\/script>\n<meta property=\"og:availability\" content=\"backorder\" \/>\n<meta property=\"product:availability\" content=\"available for order\" \/>\n<meta property=\"product:retailer_item_id\" content=\"913__\" \/>\n<meta property=\"product:condition\" content=\"new\" \/>\n<!-- \/ Yoast SEO Premium plugin. -->","yoast_head_json":{"title":"V\u00e1szonfestm\u00e9nyek - Panor\u00e1ma - SVETSLIK.SI - 100% k\u00e9zzel festett","description":"V\u00e1szonfestm\u00e9nyek - Panor\u00e1ma - 100% k\u00e9zzel festett v\u00e1szonfestm\u00e9nyek. Festm\u00e9nyek elad\u00e1sa - moderne festm\u00e9nyek, absztrakt festm\u00e9nyek, olajfestm\u00e9nyek, egyedi rendel\u00e9sre k\u00e9sz\u00edtett festm\u00e9nyek \u00e9s k\u00e9pkeretez\u00e9s.","robots":{"index":"index","follow":"follow","max-snippet":"max-snippet:-1","max-image-preview":"max-image-preview:large","max-video-preview":"max-video-preview:-1"},"canonical":"https:\/\/svetslik.si\/hu\/vaszonkepek-egyseges\/vaszonfestmenyek-panorama\/","og_locale":"hu_HU","og_type":"article","og_title":"V\u00e1szonfestm\u00e9nyek - Panor\u00e1ma","og_description":"100% ro\u010dno naslikane slike na platnu, reprodukcije znanih slikarjev in umetni\u0161ke slike po naro\u010dilu.","og_url":"https:\/\/svetslik.si\/hu\/vaszonkepek-egyseges\/vaszonfestmenyek-panorama\/","og_site_name":"SVETSLIK.SI","article_publisher":"https:\/\/www.facebook.com\/svetslik.si","article_modified_time":"2024-07-04T16:03:28+00:00","og_image":[{"width":680,"height":680,"url":"https:\/\/svetslik.si\/wp-content\/uploads\/2021\/08\/image_Dekorativna-slika-Panorama_680.jpg","type":"image\/jpeg"}],"twitter_card":"summary_large_image","twitter_site":"@svetslik","twitter_misc":{"El\u00e9rhet\u0151s\u00e9g":"Beszerz\u00e9s alatt"},"schema":{"@context":"https:\/\/schema.org","@graph":[{"@type":["WebPage","ItemPage"],"@id":"https:\/\/svetslik.si\/hu\/vaszonkepek-egyseges\/vaszonfestmenyek-panorama\/","url":"https:\/\/svetslik.si\/hu\/vaszonkepek-egyseges\/vaszonfestmenyek-panorama\/","name":"V\u00e1szonfestm\u00e9nyek - Panor\u00e1ma - SVETSLIK.SI - 100% k\u00e9zzel festett","isPartOf":{"@id":"https:\/\/svetslik.si\/hu\/#website"},"primaryImageOfPage":{"@id":"https:\/\/svetslik.si\/hu\/vaszonkepek-egyseges\/vaszonfestmenyek-panorama\/#primaryimage"},"image":{"@id":"https:\/\/svetslik.si\/hu\/vaszonkepek-egyseges\/vaszonfestmenyek-panorama\/#primaryimage"},"thumbnailUrl":"https:\/\/svetslik.si\/wp-content\/uploads\/2021\/08\/image_Dekorativna-slika-Panorama_680.jpg","datePublished":"2021-09-02T17:02:13+00:00","dateModified":"2024-07-04T16:03:28+00:00","description":"V\u00e1szonfestm\u00e9nyek - Panor\u00e1ma - 100% k\u00e9zzel festett v\u00e1szonfestm\u00e9nyek. Festm\u00e9nyek elad\u00e1sa - moderne festm\u00e9nyek, absztrakt festm\u00e9nyek, olajfestm\u00e9nyek, egyedi rendel\u00e9sre k\u00e9sz\u00edtett festm\u00e9nyek \u00e9s k\u00e9pkeretez\u00e9s.","breadcrumb":{"@id":"https:\/\/svetslik.si\/hu\/vaszonkepek-egyseges\/vaszonfestmenyek-panorama\/#breadcrumb"},"inLanguage":"hu","potentialAction":[{"@type":"ReadAction","target":["https:\/\/svetslik.si\/hu\/vaszonkepek-egyseges\/vaszonfestmenyek-panorama\/"]}]},{"@type":"ImageObject","inLanguage":"hu","@id":"https:\/\/svetslik.si\/hu\/vaszonkepek-egyseges\/vaszonfestmenyek-panorama\/#primaryimage","url":"https:\/\/svetslik.si\/wp-content\/uploads\/2021\/08\/image_Dekorativna-slika-Panorama_680.jpg","contentUrl":"https:\/\/svetslik.si\/wp-content\/uploads\/2021\/08\/image_Dekorativna-slika-Panorama_680.jpg","width":680,"height":680,"caption":"falfestm\u00e9nyek v\u00e1szonra, art festm\u00e9nyek - modern festm\u00e9nyek, ambient festm\u00e9nyek falra, absztrakt festm\u00e9nyek, dekorat\u00edv falfestm\u00e9nyek, festm\u00e9nyek ad\u00e1sv\u00e9tele - Dekorat\u00edv fest\u00e9szet Panor\u00e1ma"},{"@type":"BreadcrumbList","@id":"https:\/\/svetslik.si\/hu\/vaszonkepek-egyseges\/vaszonfestmenyek-panorama\/#breadcrumb","itemListElement":[{"@type":"ListItem","position":1,"name":"Wall art and paintings on canvas","item":"https:\/\/svetslik.si\/hu\/"},{"@type":"ListItem","position":2,"name":"Festm\u00e9nyek elad\u00e1sa","item":"https:\/\/svetslik.si\/prodaja-slik\/"},{"@type":"ListItem","position":3,"name":"V\u00e1szonfestm\u00e9nyek &#8211; Panor\u00e1ma"}]},{"@type":"WebSite","@id":"https:\/\/svetslik.si\/hu\/#website","url":"https:\/\/svetslik.si\/hu\/","name":"SVETSLIK.SI","description":"100%-ban k\u00e9zzel festett reprodukci\u00f3k h\u00edres fest\u0151k festm\u00e9nyeir\u0151l \u00e9s festm\u00e9nyekr\u0151l v\u00e1szonra.","publisher":{"@id":"https:\/\/svetslik.si\/hu\/#organization"},"potentialAction":[{"@type":"SearchAction","target":{"@type":"EntryPoint","urlTemplate":"https:\/\/svetslik.si\/hu\/?s={search_term_string}"},"query-input":{"@type":"PropertyValueSpecification","valueRequired":true,"valueName":"search_term_string"}}],"inLanguage":"hu"},{"@type":"Organization","@id":"https:\/\/svetslik.si\/hu\/#organization","name":"SvetSlik.si","url":"https:\/\/svetslik.si\/hu\/","logo":{"@type":"ImageObject","inLanguage":"hu","@id":"https:\/\/svetslik.si\/hu\/#\/schema\/logo\/image\/","url":"https:\/\/svetslik.si\/wp-content\/uploads\/2020\/12\/logo-512.png","contentUrl":"https:\/\/svetslik.si\/wp-content\/uploads\/2020\/12\/logo-512.png","width":512,"height":512,"caption":"SvetSlik.si"},"image":{"@id":"https:\/\/svetslik.si\/hu\/#\/schema\/logo\/image\/"},"sameAs":["https:\/\/www.facebook.com\/svetslik.si","https:\/\/x.com\/svetslik","https:\/\/www.instagram.com\/svetslik.si\/","https:\/\/www.linkedin.com\/company\/svetslik-si"]}]},"og_availability":"backorder","product_availability":"available for order","product_retailer_item_id":"913__","product_condition":"new"},"jetpack_sharing_enabled":true,"_links":{"self":[{"href":"https:\/\/svetslik.si\/hu\/wp-json\/wp\/v2\/product\/57642","targetHints":{"allow":["GET"]}}],"collection":[{"href":"https:\/\/svetslik.si\/hu\/wp-json\/wp\/v2\/product"}],"about":[{"href":"https:\/\/svetslik.si\/hu\/wp-json\/wp\/v2\/types\/product"}],"wp:featuredmedia":[{"embeddable":true,"href":"https:\/\/svetslik.si\/hu\/wp-json\/wp\/v2\/media\/49504"}],"wp:attachment":[{"href":"https:\/\/svetslik.si\/hu\/wp-json\/wp\/v2\/media?parent=57642"}],"wp:term":[{"taxonomy":"product_brand","embeddable":true,"href":"https:\/\/svetslik.si\/hu\/wp-json\/wp\/v2\/product_brand?post=57642"},{"taxonomy":"product_cat","embeddable":true,"href":"https:\/\/svetslik.si\/hu\/wp-json\/wp\/v2\/product_cat?post=57642"},{"taxonomy":"product_tag","embeddable":true,"href":"https:\/\/svetslik.si\/hu\/wp-json\/wp\/v2\/product_tag?post=57642"}],"curies":[{"name":"wp","href":"https:\/\/api.w.org\/{rel}","templated":true}]}}