{"id":58207,"date":"2021-09-02T19:15:37","date_gmt":"2021-09-02T17:15:37","guid":{"rendered":"https:\/\/svetslik.si\/nem-kategorizalt\/moderna-slika-jesen-1\/"},"modified":"2024-07-04T18:06:42","modified_gmt":"2024-07-04T16:06:42","slug":"modern-festmeny-osz-1","status":"publish","type":"product","link":"https:\/\/svetslik.si\/hu\/vaszonkepek-egyseges\/modern-festmeny-osz-1\/","title":{"rendered":"Modern festm\u00e9ny &#8211; \u0150sz 1"},"content":{"rendered":"<div class=\"wpb-content-wrapper\">[vc_row css=&#8221;.vc_custom_1680543151594{margin-bottom: 10px !important;}&#8221;][vc_column]\t<div class=\"et-image-886 et-image     et_image_link\">\n\t\t<div class=\"et-image-inner \">\n\t\t\t\t\t\t\t<div class=\"et-image-thumb \">\n\t\t\t\t\t<img decoding=\"async\" width=\"2560\" height=\"1371\" src=\"https:\/\/svetslik.si\/wp-content\/uploads\/2021\/09\/stenske-slike-Jesen-3-scaled.jpg\" class=\"attachment-full\" alt=\"Modern festm\u00e9ny - \u0150sz 1\" title=\"Modern festm\u00e9ny - \u0150sz 1\" srcset=\"https:\/\/svetslik.si\/wp-content\/uploads\/2021\/09\/stenske-slike-Jesen-3-scaled.jpg 2560w, https:\/\/svetslik.si\/wp-content\/uploads\/2021\/09\/stenske-slike-Jesen-3-scaled-600x321.jpg 600w, https:\/\/svetslik.si\/wp-content\/uploads\/2021\/09\/stenske-slike-Jesen-3-scaled-1200x643.jpg 1200w, https:\/\/svetslik.si\/wp-content\/uploads\/2021\/09\/stenske-slike-Jesen-3-300x161.jpg 300w, https:\/\/svetslik.si\/wp-content\/uploads\/2021\/09\/stenske-slike-Jesen-3-1024x548.jpg 1024w, https:\/\/svetslik.si\/wp-content\/uploads\/2021\/09\/stenske-slike-Jesen-3-768x411.jpg 768w, https:\/\/svetslik.si\/wp-content\/uploads\/2021\/09\/stenske-slike-Jesen-3-1536x823.jpg 1536w, https:\/\/svetslik.si\/wp-content\/uploads\/2021\/09\/stenske-slike-Jesen-3-2048x1097.jpg 2048w, https:\/\/svetslik.si\/wp-content\/uploads\/2021\/09\/stenske-slike-Jesen-3-18x10.jpg 18w, https:\/\/svetslik.si\/wp-content\/uploads\/2021\/09\/stenske-slike-Jesen-3-150x80.jpg 150w\" sizes=\"(max-width: 2560px) 100vw, 2560px\" \/>\t\t\t\t<\/div>\n\t\t\t\t\t\t\t\t\t\t\t<\/div>\n\t<\/div>\n  [\/vc_column][\/vc_row][vc_row css=&#8221;.vc_custom_1680543151594{margin-bottom: 10px !important;}&#8221;][vc_column]\t<div class=\"et-image-143 et-image     et_image_link\">\n\t\t<div class=\"et-image-inner \">\n\t\t\t\t\t\t\t<div class=\"et-image-thumb \">\n\t\t\t\t\t<img decoding=\"async\" width=\"2160\" height=\"1908\" src=\"https:\/\/svetslik.si\/wp-content\/uploads\/2021\/09\/stenske-slike-Jesen-2.jpg\" class=\"attachment-full\" alt=\"Modern festm\u00e9ny - \u0150sz 1\" title=\"Modern festm\u00e9ny - \u0150sz 1\" srcset=\"https:\/\/svetslik.si\/wp-content\/uploads\/2021\/09\/stenske-slike-Jesen-2.jpg 2160w, https:\/\/svetslik.si\/wp-content\/uploads\/2021\/09\/stenske-slike-Jesen-2-600x530.jpg 600w, https:\/\/svetslik.si\/wp-content\/uploads\/2021\/09\/stenske-slike-Jesen-2-1200x1060.jpg 1200w, https:\/\/svetslik.si\/wp-content\/uploads\/2021\/09\/stenske-slike-Jesen-2-300x265.jpg 300w, https:\/\/svetslik.si\/wp-content\/uploads\/2021\/09\/stenske-slike-Jesen-2-1024x905.jpg 1024w, https:\/\/svetslik.si\/wp-content\/uploads\/2021\/09\/stenske-slike-Jesen-2-768x678.jpg 768w, https:\/\/svetslik.si\/wp-content\/uploads\/2021\/09\/stenske-slike-Jesen-2-1536x1357.jpg 1536w, https:\/\/svetslik.si\/wp-content\/uploads\/2021\/09\/stenske-slike-Jesen-2-2048x1809.jpg 2048w, https:\/\/svetslik.si\/wp-content\/uploads\/2021\/09\/stenske-slike-Jesen-2-14x12.jpg 14w, https:\/\/svetslik.si\/wp-content\/uploads\/2021\/09\/stenske-slike-Jesen-2-150x133.jpg 150w\" sizes=\"(max-width: 2160px) 100vw, 2160px\" \/>\t\t\t\t<\/div>\n\t\t\t\t\t\t\t\t\t\t\t<\/div>\n\t<\/div>\n  [\/vc_column][\/vc_row][vc_row css=&#8221;.vc_custom_1680543151594{margin-bottom: 10px !important;}&#8221;][vc_column]\t<div class=\"et-image-816 et-image     et_image_link\">\n\t\t<div class=\"et-image-inner \">\n\t\t\t\t\t\t\t<div class=\"et-image-thumb \">\n\t\t\t\t\t<img decoding=\"async\" width=\"2560\" height=\"1371\" src=\"https:\/\/svetslik.si\/wp-content\/uploads\/2021\/09\/stenske-slike-Jesen-4-scaled.jpg\" class=\"attachment-full\" alt=\"Modern festm\u00e9ny - \u0150sz 1\" title=\"Modern festm\u00e9ny - \u0150sz 1\" srcset=\"https:\/\/svetslik.si\/wp-content\/uploads\/2021\/09\/stenske-slike-Jesen-4-scaled.jpg 2560w, https:\/\/svetslik.si\/wp-content\/uploads\/2021\/09\/stenske-slike-Jesen-4-scaled-600x321.jpg 600w, https:\/\/svetslik.si\/wp-content\/uploads\/2021\/09\/stenske-slike-Jesen-4-scaled-1200x643.jpg 1200w, https:\/\/svetslik.si\/wp-content\/uploads\/2021\/09\/stenske-slike-Jesen-4-300x161.jpg 300w, https:\/\/svetslik.si\/wp-content\/uploads\/2021\/09\/stenske-slike-Jesen-4-1024x548.jpg 1024w, https:\/\/svetslik.si\/wp-content\/uploads\/2021\/09\/stenske-slike-Jesen-4-768x411.jpg 768w, https:\/\/svetslik.si\/wp-content\/uploads\/2021\/09\/stenske-slike-Jesen-4-1536x823.jpg 1536w, https:\/\/svetslik.si\/wp-content\/uploads\/2021\/09\/stenske-slike-Jesen-4-2048x1097.jpg 2048w, https:\/\/svetslik.si\/wp-content\/uploads\/2021\/09\/stenske-slike-Jesen-4-18x10.jpg 18w, https:\/\/svetslik.si\/wp-content\/uploads\/2021\/09\/stenske-slike-Jesen-4-150x80.jpg 150w\" sizes=\"(max-width: 2560px) 100vw, 2560px\" \/>\t\t\t\t<\/div>\n\t\t\t\t\t\t\t\t\t\t\t<\/div>\n\t<\/div>\n  [\/vc_column][\/vc_row]\n<\/div>","protected":false},"excerpt":{"rendered":"<p>[vc_row css=&#8221;.vc_custom_1680543151594{margin-bottom: 10px !important;}&#8221;][vc_column][\/vc_column][\/vc_row][vc_row css=&#8221;.vc_custom_1680543151594{margin-bottom: 10px !important;}&#8221;][vc_column][\/vc_column][\/vc_row][vc_row css=&#8221;.vc_custom_1680543151594{margin-bottom: 10px !important;}&#8221;][vc_column][\/vc_column][\/vc_row]<\/p>\n","protected":false},"featured_media":49763,"template":"","meta":{"_acf_changed":false},"product_brand":[],"product_cat":[7153],"product_tag":[11945,11944,11952,11950,11955,11951,11948,11949,11954,11946,11947,11953],"class_list":{"0":"post-58207","1":"product","2":"type-product","3":"status-publish","4":"has-post-thumbnail","6":"product_cat-vaszonkepek-egyseges","7":"product_tag-abstraktne-slike-hu","8":"product_tag-dekorativne-slike-hu","9":"product_tag-moderne-slike-hu","10":"product_tag-prodaja-slik-hu","11":"product_tag-slike-na-platnu-hu","12":"product_tag-slike-za-dnevno-sobo-hu","13":"product_tag-slike-za-na-steno-hu","14":"product_tag-slike-za-v-dnevno-sobo-hu","15":"product_tag-spletna-galerija-hu","16":"product_tag-stenska-dekoracija-hu","17":"product_tag-stenske-slike-hu","18":"product_tag-umetniske-slike-hu","19":"pa_dimenzija-100-x-50-cm","20":"pa_dimenzija-120-x-60-cm","21":"pa_dimenzija-150-x-100-cm","22":"pa_dimenzija-60-x-30-cm","23":"pa_dimenzija-80-x-40-cm","24":"pa_oblika-vizszintes","25":"pa_okvir-nincs-keret","26":"pa_podokvir-igen","27":"pa_podokvir-nem","29":"first","30":"onbackorder","31":"purchasable","32":"product-type-variable","33":"has-default-attributes"},"acf":[],"yoast_head":"<!-- This site is optimized with the Yoast SEO Premium plugin v26.0 (Yoast SEO v27.2) - https:\/\/yoast.com\/product\/yoast-seo-premium-wordpress\/ -->\n<title>Modern festm\u00e9ny - \u0150sz 1 - SVETSLIK.SI - 100% k\u00e9zzel festett<\/title>\n<meta name=\"description\" content=\"Modern festm\u00e9ny - \u0150sz 1 - 100% k\u00e9zzel festett v\u00e1szonfestm\u00e9nyek. Festm\u00e9nyek elad\u00e1sa - moderne festm\u00e9nyek, absztrakt festm\u00e9nyek, olajfestm\u00e9nyek, egyedi rendel\u00e9sre k\u00e9sz\u00edtett festm\u00e9nyek \u00e9s k\u00e9pkeretez\u00e9s.\" \/>\n<meta name=\"robots\" content=\"index, follow, max-snippet:-1, max-image-preview:large, max-video-preview:-1\" \/>\n<link rel=\"canonical\" href=\"https:\/\/svetslik.si\/hu\/vaszonkepek-egyseges\/modern-festmeny-osz-1\/\" \/>\n<meta property=\"og:locale\" content=\"hu_HU\" \/>\n<meta property=\"og:type\" content=\"article\" \/>\n<meta property=\"og:title\" content=\"Modern festm\u00e9ny - \u0150sz 1\" \/>\n<meta property=\"og:description\" content=\"100% ro\u010dno naslikane slike na platnu, reprodukcije znanih slikarjev in umetni\u0161ke slike po naro\u010dilu.\" \/>\n<meta property=\"og:url\" content=\"https:\/\/svetslik.si\/hu\/vaszonkepek-egyseges\/modern-festmeny-osz-1\/\" \/>\n<meta property=\"og:site_name\" content=\"SVETSLIK.SI\" \/>\n<meta property=\"article:publisher\" content=\"https:\/\/www.facebook.com\/svetslik.si\" \/>\n<meta property=\"article:modified_time\" content=\"2024-07-04T16:06:42+00:00\" \/>\n<meta property=\"og:image\" content=\"https:\/\/svetslik.si\/wp-content\/uploads\/2021\/08\/image_Moderna-slika-jesen-1_680.jpg\" \/>\n\t<meta property=\"og:image:width\" content=\"680\" \/>\n\t<meta property=\"og:image:height\" content=\"384\" \/>\n\t<meta property=\"og:image:type\" content=\"image\/jpeg\" \/>\n<meta name=\"twitter:card\" content=\"summary_large_image\" \/>\n<meta name=\"twitter:site\" content=\"@svetslik\" \/>\n<meta name=\"twitter:label1\" content=\"El\u00e9rhet\u0151s\u00e9g\" \/>\n\t<meta name=\"twitter:data1\" content=\"Beszerz\u00e9s alatt\" \/>\n<script type=\"application\/ld+json\" class=\"yoast-schema-graph\">{\"@context\":\"https:\/\/schema.org\",\"@graph\":[{\"@type\":[\"WebPage\",\"ItemPage\"],\"@id\":\"https:\/\/svetslik.si\/hu\/vaszonkepek-egyseges\/modern-festmeny-osz-1\/\",\"url\":\"https:\/\/svetslik.si\/hu\/vaszonkepek-egyseges\/modern-festmeny-osz-1\/\",\"name\":\"Modern festm\u00e9ny - \u0150sz 1 - SVETSLIK.SI - 100% k\u00e9zzel festett\",\"isPartOf\":{\"@id\":\"https:\/\/svetslik.si\/hu\/#website\"},\"primaryImageOfPage\":{\"@id\":\"https:\/\/svetslik.si\/hu\/vaszonkepek-egyseges\/modern-festmeny-osz-1\/#primaryimage\"},\"image\":{\"@id\":\"https:\/\/svetslik.si\/hu\/vaszonkepek-egyseges\/modern-festmeny-osz-1\/#primaryimage\"},\"thumbnailUrl\":\"https:\/\/svetslik.si\/wp-content\/uploads\/2021\/08\/image_Moderna-slika-jesen-1_680.jpg\",\"datePublished\":\"2021-09-02T17:15:37+00:00\",\"dateModified\":\"2024-07-04T16:06:42+00:00\",\"description\":\"Modern festm\u00e9ny - \u0150sz 1 - 100% k\u00e9zzel festett v\u00e1szonfestm\u00e9nyek. Festm\u00e9nyek elad\u00e1sa - moderne festm\u00e9nyek, absztrakt festm\u00e9nyek, olajfestm\u00e9nyek, egyedi rendel\u00e9sre k\u00e9sz\u00edtett festm\u00e9nyek \u00e9s k\u00e9pkeretez\u00e9s.\",\"breadcrumb\":{\"@id\":\"https:\/\/svetslik.si\/hu\/vaszonkepek-egyseges\/modern-festmeny-osz-1\/#breadcrumb\"},\"inLanguage\":\"hu\",\"potentialAction\":[{\"@type\":\"ReadAction\",\"target\":[\"https:\/\/svetslik.si\/hu\/vaszonkepek-egyseges\/modern-festmeny-osz-1\/\"]}]},{\"@type\":\"ImageObject\",\"inLanguage\":\"hu\",\"@id\":\"https:\/\/svetslik.si\/hu\/vaszonkepek-egyseges\/modern-festmeny-osz-1\/#primaryimage\",\"url\":\"https:\/\/svetslik.si\/wp-content\/uploads\/2021\/08\/image_Moderna-slika-jesen-1_680.jpg\",\"contentUrl\":\"https:\/\/svetslik.si\/wp-content\/uploads\/2021\/08\/image_Moderna-slika-jesen-1_680.jpg\",\"width\":680,\"height\":384,\"caption\":\"Falfestm\u00e9nyek v\u00e1szonra - Modern fest\u00e9szet \u0151sz 1 - modern festm\u00e9nyek, ambient festm\u00e9nyek falra, absztrakt festm\u00e9nyek, dekorat\u00edv falfestm\u00e9nyek, festm\u00e9nyek ad\u00e1sv\u00e9tele\"},{\"@type\":\"BreadcrumbList\",\"@id\":\"https:\/\/svetslik.si\/hu\/vaszonkepek-egyseges\/modern-festmeny-osz-1\/#breadcrumb\",\"itemListElement\":[{\"@type\":\"ListItem\",\"position\":1,\"name\":\"Wall art and paintings on canvas\",\"item\":\"https:\/\/svetslik.si\/hu\/\"},{\"@type\":\"ListItem\",\"position\":2,\"name\":\"Festm\u00e9nyek elad\u00e1sa\",\"item\":\"https:\/\/svetslik.si\/prodaja-slik\/\"},{\"@type\":\"ListItem\",\"position\":3,\"name\":\"Modern festm\u00e9ny &#8211; \u0150sz 1\"}]},{\"@type\":\"WebSite\",\"@id\":\"https:\/\/svetslik.si\/hu\/#website\",\"url\":\"https:\/\/svetslik.si\/hu\/\",\"name\":\"SVETSLIK.SI\",\"description\":\"100%-ban k\u00e9zzel festett reprodukci\u00f3k h\u00edres fest\u0151k festm\u00e9nyeir\u0151l \u00e9s festm\u00e9nyekr\u0151l v\u00e1szonra.\",\"publisher\":{\"@id\":\"https:\/\/svetslik.si\/hu\/#organization\"},\"potentialAction\":[{\"@type\":\"SearchAction\",\"target\":{\"@type\":\"EntryPoint\",\"urlTemplate\":\"https:\/\/svetslik.si\/hu\/?s={search_term_string}\"},\"query-input\":{\"@type\":\"PropertyValueSpecification\",\"valueRequired\":true,\"valueName\":\"search_term_string\"}}],\"inLanguage\":\"hu\"},{\"@type\":\"Organization\",\"@id\":\"https:\/\/svetslik.si\/hu\/#organization\",\"name\":\"SvetSlik.si\",\"url\":\"https:\/\/svetslik.si\/hu\/\",\"logo\":{\"@type\":\"ImageObject\",\"inLanguage\":\"hu\",\"@id\":\"https:\/\/svetslik.si\/hu\/#\/schema\/logo\/image\/\",\"url\":\"https:\/\/svetslik.si\/wp-content\/uploads\/2020\/12\/logo-512.png\",\"contentUrl\":\"https:\/\/svetslik.si\/wp-content\/uploads\/2020\/12\/logo-512.png\",\"width\":512,\"height\":512,\"caption\":\"SvetSlik.si\"},\"image\":{\"@id\":\"https:\/\/svetslik.si\/hu\/#\/schema\/logo\/image\/\"},\"sameAs\":[\"https:\/\/www.facebook.com\/svetslik.si\",\"https:\/\/x.com\/svetslik\",\"https:\/\/www.instagram.com\/svetslik.si\/\",\"https:\/\/www.linkedin.com\/company\/svetslik-si\"]}]}<\/script>\n<meta property=\"og:availability\" content=\"backorder\" \/>\n<meta property=\"product:availability\" content=\"available for order\" \/>\n<meta property=\"product:retailer_item_id\" content=\"1041__\" \/>\n<meta property=\"product:condition\" content=\"new\" \/>\n<!-- \/ Yoast SEO Premium plugin. -->","yoast_head_json":{"title":"Modern festm\u00e9ny - \u0150sz 1 - SVETSLIK.SI - 100% k\u00e9zzel festett","description":"Modern festm\u00e9ny - \u0150sz 1 - 100% k\u00e9zzel festett v\u00e1szonfestm\u00e9nyek. Festm\u00e9nyek elad\u00e1sa - moderne festm\u00e9nyek, absztrakt festm\u00e9nyek, olajfestm\u00e9nyek, egyedi rendel\u00e9sre k\u00e9sz\u00edtett festm\u00e9nyek \u00e9s k\u00e9pkeretez\u00e9s.","robots":{"index":"index","follow":"follow","max-snippet":"max-snippet:-1","max-image-preview":"max-image-preview:large","max-video-preview":"max-video-preview:-1"},"canonical":"https:\/\/svetslik.si\/hu\/vaszonkepek-egyseges\/modern-festmeny-osz-1\/","og_locale":"hu_HU","og_type":"article","og_title":"Modern festm\u00e9ny - \u0150sz 1","og_description":"100% ro\u010dno naslikane slike na platnu, reprodukcije znanih slikarjev in umetni\u0161ke slike po naro\u010dilu.","og_url":"https:\/\/svetslik.si\/hu\/vaszonkepek-egyseges\/modern-festmeny-osz-1\/","og_site_name":"SVETSLIK.SI","article_publisher":"https:\/\/www.facebook.com\/svetslik.si","article_modified_time":"2024-07-04T16:06:42+00:00","og_image":[{"width":680,"height":384,"url":"https:\/\/svetslik.si\/wp-content\/uploads\/2021\/08\/image_Moderna-slika-jesen-1_680.jpg","type":"image\/jpeg"}],"twitter_card":"summary_large_image","twitter_site":"@svetslik","twitter_misc":{"El\u00e9rhet\u0151s\u00e9g":"Beszerz\u00e9s alatt"},"schema":{"@context":"https:\/\/schema.org","@graph":[{"@type":["WebPage","ItemPage"],"@id":"https:\/\/svetslik.si\/hu\/vaszonkepek-egyseges\/modern-festmeny-osz-1\/","url":"https:\/\/svetslik.si\/hu\/vaszonkepek-egyseges\/modern-festmeny-osz-1\/","name":"Modern festm\u00e9ny - \u0150sz 1 - SVETSLIK.SI - 100% k\u00e9zzel festett","isPartOf":{"@id":"https:\/\/svetslik.si\/hu\/#website"},"primaryImageOfPage":{"@id":"https:\/\/svetslik.si\/hu\/vaszonkepek-egyseges\/modern-festmeny-osz-1\/#primaryimage"},"image":{"@id":"https:\/\/svetslik.si\/hu\/vaszonkepek-egyseges\/modern-festmeny-osz-1\/#primaryimage"},"thumbnailUrl":"https:\/\/svetslik.si\/wp-content\/uploads\/2021\/08\/image_Moderna-slika-jesen-1_680.jpg","datePublished":"2021-09-02T17:15:37+00:00","dateModified":"2024-07-04T16:06:42+00:00","description":"Modern festm\u00e9ny - \u0150sz 1 - 100% k\u00e9zzel festett v\u00e1szonfestm\u00e9nyek. Festm\u00e9nyek elad\u00e1sa - moderne festm\u00e9nyek, absztrakt festm\u00e9nyek, olajfestm\u00e9nyek, egyedi rendel\u00e9sre k\u00e9sz\u00edtett festm\u00e9nyek \u00e9s k\u00e9pkeretez\u00e9s.","breadcrumb":{"@id":"https:\/\/svetslik.si\/hu\/vaszonkepek-egyseges\/modern-festmeny-osz-1\/#breadcrumb"},"inLanguage":"hu","potentialAction":[{"@type":"ReadAction","target":["https:\/\/svetslik.si\/hu\/vaszonkepek-egyseges\/modern-festmeny-osz-1\/"]}]},{"@type":"ImageObject","inLanguage":"hu","@id":"https:\/\/svetslik.si\/hu\/vaszonkepek-egyseges\/modern-festmeny-osz-1\/#primaryimage","url":"https:\/\/svetslik.si\/wp-content\/uploads\/2021\/08\/image_Moderna-slika-jesen-1_680.jpg","contentUrl":"https:\/\/svetslik.si\/wp-content\/uploads\/2021\/08\/image_Moderna-slika-jesen-1_680.jpg","width":680,"height":384,"caption":"Falfestm\u00e9nyek v\u00e1szonra - Modern fest\u00e9szet \u0151sz 1 - modern festm\u00e9nyek, ambient festm\u00e9nyek falra, absztrakt festm\u00e9nyek, dekorat\u00edv falfestm\u00e9nyek, festm\u00e9nyek ad\u00e1sv\u00e9tele"},{"@type":"BreadcrumbList","@id":"https:\/\/svetslik.si\/hu\/vaszonkepek-egyseges\/modern-festmeny-osz-1\/#breadcrumb","itemListElement":[{"@type":"ListItem","position":1,"name":"Wall art and paintings on canvas","item":"https:\/\/svetslik.si\/hu\/"},{"@type":"ListItem","position":2,"name":"Festm\u00e9nyek elad\u00e1sa","item":"https:\/\/svetslik.si\/prodaja-slik\/"},{"@type":"ListItem","position":3,"name":"Modern festm\u00e9ny &#8211; \u0150sz 1"}]},{"@type":"WebSite","@id":"https:\/\/svetslik.si\/hu\/#website","url":"https:\/\/svetslik.si\/hu\/","name":"SVETSLIK.SI","description":"100%-ban k\u00e9zzel festett reprodukci\u00f3k h\u00edres fest\u0151k festm\u00e9nyeir\u0151l \u00e9s festm\u00e9nyekr\u0151l v\u00e1szonra.","publisher":{"@id":"https:\/\/svetslik.si\/hu\/#organization"},"potentialAction":[{"@type":"SearchAction","target":{"@type":"EntryPoint","urlTemplate":"https:\/\/svetslik.si\/hu\/?s={search_term_string}"},"query-input":{"@type":"PropertyValueSpecification","valueRequired":true,"valueName":"search_term_string"}}],"inLanguage":"hu"},{"@type":"Organization","@id":"https:\/\/svetslik.si\/hu\/#organization","name":"SvetSlik.si","url":"https:\/\/svetslik.si\/hu\/","logo":{"@type":"ImageObject","inLanguage":"hu","@id":"https:\/\/svetslik.si\/hu\/#\/schema\/logo\/image\/","url":"https:\/\/svetslik.si\/wp-content\/uploads\/2020\/12\/logo-512.png","contentUrl":"https:\/\/svetslik.si\/wp-content\/uploads\/2020\/12\/logo-512.png","width":512,"height":512,"caption":"SvetSlik.si"},"image":{"@id":"https:\/\/svetslik.si\/hu\/#\/schema\/logo\/image\/"},"sameAs":["https:\/\/www.facebook.com\/svetslik.si","https:\/\/x.com\/svetslik","https:\/\/www.instagram.com\/svetslik.si\/","https:\/\/www.linkedin.com\/company\/svetslik-si"]}]},"og_availability":"backorder","product_availability":"available for order","product_retailer_item_id":"1041__","product_condition":"new"},"jetpack_sharing_enabled":true,"_links":{"self":[{"href":"https:\/\/svetslik.si\/hu\/wp-json\/wp\/v2\/product\/58207","targetHints":{"allow":["GET"]}}],"collection":[{"href":"https:\/\/svetslik.si\/hu\/wp-json\/wp\/v2\/product"}],"about":[{"href":"https:\/\/svetslik.si\/hu\/wp-json\/wp\/v2\/types\/product"}],"wp:featuredmedia":[{"embeddable":true,"href":"https:\/\/svetslik.si\/hu\/wp-json\/wp\/v2\/media\/49763"}],"wp:attachment":[{"href":"https:\/\/svetslik.si\/hu\/wp-json\/wp\/v2\/media?parent=58207"}],"wp:term":[{"taxonomy":"product_brand","embeddable":true,"href":"https:\/\/svetslik.si\/hu\/wp-json\/wp\/v2\/product_brand?post=58207"},{"taxonomy":"product_cat","embeddable":true,"href":"https:\/\/svetslik.si\/hu\/wp-json\/wp\/v2\/product_cat?post=58207"},{"taxonomy":"product_tag","embeddable":true,"href":"https:\/\/svetslik.si\/hu\/wp-json\/wp\/v2\/product_tag?post=58207"}],"curies":[{"name":"wp","href":"https:\/\/api.w.org\/{rel}","templated":true}]}}