{"id":58755,"date":"2021-09-02T19:30:19","date_gmt":"2021-09-02T17:30:19","guid":{"rendered":"https:\/\/svetslik.si\/nem-kategorizalt\/moderna-slika-obala\/"},"modified":"2026-03-22T14:54:04","modified_gmt":"2026-03-22T13:54:04","slug":"modern-kepek-part","status":"publish","type":"product","link":"https:\/\/svetslik.si\/hu\/tobbreszes-vaszonfalikepek\/modern-kepek-part\/","title":{"rendered":"Modern k\u00e9pek &#8211; Part"},"content":{"rendered":"<div class=\"wpb-content-wrapper\">[vc_row][vc_column][vc_column_text]Festm\u00e9nyek m\u00e9rete:<br \/>\n200 x 90 cm = 3x50x50 + 2x90x25<\/p>\n[\/vc_column_text][\/vc_column][\/vc_row][vc_row][vc_column]\t<div class=\"et-image-157 et-image     et_image_link\">\n\t\t<div class=\"et-image-inner \">\n\t\t\t\t\t\t\t<div class=\"et-image-thumb \">\n\t\t\t\t\t<img decoding=\"async\" width=\"1500\" height=\"864\" src=\"https:\/\/svetslik.si\/wp-content\/uploads\/2021\/09\/abstraktna-slika-obala.jpg\" class=\"attachment-full\" alt=\"Modern k\u00e9pek - Part\" title=\"Modern k\u00e9pek - Part\" srcset=\"https:\/\/svetslik.si\/wp-content\/uploads\/2021\/09\/abstraktna-slika-obala.jpg 1500w, https:\/\/svetslik.si\/wp-content\/uploads\/2021\/09\/abstraktna-slika-obala-300x173.jpg 300w, https:\/\/svetslik.si\/wp-content\/uploads\/2021\/09\/abstraktna-slika-obala-1024x590.jpg 1024w, https:\/\/svetslik.si\/wp-content\/uploads\/2021\/09\/abstraktna-slika-obala-768x442.jpg 768w, https:\/\/svetslik.si\/wp-content\/uploads\/2021\/09\/abstraktna-slika-obala-150x86.jpg 150w, https:\/\/svetslik.si\/wp-content\/uploads\/2021\/09\/abstraktna-slika-obala-600x346.jpg 600w, https:\/\/svetslik.si\/wp-content\/uploads\/2021\/09\/abstraktna-slika-obala-1200x691.jpg 1200w\" sizes=\"(max-width: 1500px) 100vw, 1500px\" \/>\t\t\t\t<\/div>\n\t\t\t\t\t\t\t\t\t\t\t<\/div>\n\t<\/div>\n  [\/vc_column][\/vc_row]\n<\/div>","protected":false},"excerpt":{"rendered":"<p>[vc_row][vc_column][vc_column_text]Festm\u00e9nyek m\u00e9rete: 200 x 90 cm = 3x50x50 + 2x90x25 [\/vc_column_text][\/vc_column][\/vc_row][vc_row][vc_column][\/vc_column][\/vc_row]<\/p>\n","protected":false},"featured_media":49774,"template":"","meta":{"_acf_changed":false},"product_brand":[],"product_cat":[7154],"product_tag":[11945,11952,11950,11955,11951,11949,11947,7217,11953],"class_list":{"0":"post-58755","1":"product","2":"type-product","3":"status-publish","4":"has-post-thumbnail","6":"product_cat-tobbreszes-vaszonfalikepek","7":"product_tag-abstraktne-slike-hu","8":"product_tag-moderne-slike-hu","9":"product_tag-prodaja-slik-hu","10":"product_tag-slike-na-platnu-hu","11":"product_tag-slike-za-dnevno-sobo-hu","12":"product_tag-slike-za-v-dnevno-sobo-hu","13":"product_tag-stenske-slike-hu","14":"product_tag-tobbreszes-festmenyek","15":"product_tag-umetniske-slike-hu","16":"pa_dimenzija-120-x-55-cm-hu","17":"pa_dimenzija-160-x-70-cm-hu","18":"pa_dimenzija-200-x-90-cm-hu","19":"pa_dimenzija-240-x-110-cm-hu","20":"pa_dimenzija-280-x-130-cm-hu","21":"pa_oblika-vizszintes","22":"pa_okvir-nincs-keret","23":"pa_pod-okvir-arban-benne","24":"pa_podokvir-igen","25":"pa_podokvir-nem","27":"first","28":"onbackorder","29":"purchasable","30":"product-type-variable","31":"has-default-attributes"},"acf":[],"yoast_head":"<!-- This site is optimized with the Yoast SEO Premium plugin v26.0 (Yoast SEO v27.2) - https:\/\/yoast.com\/product\/yoast-seo-premium-wordpress\/ -->\n<title>Modern k\u00e9pek - Part - SVETSLIK.SI - 100% k\u00e9zzel festett<\/title>\n<meta name=\"description\" content=\"Modern k\u00e9pek - Part - 100% k\u00e9zzel festett v\u00e1szonfestm\u00e9nyek. Festm\u00e9nyek elad\u00e1sa - moderne festm\u00e9nyek, absztrakt festm\u00e9nyek, olajfestm\u00e9nyek, egyedi rendel\u00e9sre k\u00e9sz\u00edtett festm\u00e9nyek \u00e9s k\u00e9pkeretez\u00e9s.\" \/>\n<meta name=\"robots\" content=\"index, follow, max-snippet:-1, max-image-preview:large, max-video-preview:-1\" \/>\n<link rel=\"canonical\" href=\"https:\/\/svetslik.si\/hu\/tobbreszes-vaszonfalikepek\/modern-kepek-part\/\" \/>\n<meta property=\"og:locale\" content=\"hu_HU\" \/>\n<meta property=\"og:type\" content=\"article\" \/>\n<meta property=\"og:title\" content=\"Modern k\u00e9pek - Part\" \/>\n<meta property=\"og:description\" content=\"100% ro\u010dno naslikane slike na platnu, reprodukcije znanih slikarjev in umetni\u0161ke slike po naro\u010dilu.\" \/>\n<meta property=\"og:url\" content=\"https:\/\/svetslik.si\/hu\/tobbreszes-vaszonfalikepek\/modern-kepek-part\/\" \/>\n<meta property=\"og:site_name\" content=\"SVETSLIK.SI\" \/>\n<meta property=\"article:publisher\" content=\"https:\/\/www.facebook.com\/svetslik.si\" \/>\n<meta property=\"article:modified_time\" content=\"2026-03-22T13:54:04+00:00\" \/>\n<meta property=\"og:image\" content=\"https:\/\/svetslik.si\/wp-content\/uploads\/2021\/08\/image_Moderna-slika-Obala_680.png\" \/>\n\t<meta property=\"og:image:width\" content=\"680\" \/>\n\t<meta property=\"og:image:height\" content=\"402\" \/>\n\t<meta property=\"og:image:type\" content=\"image\/png\" \/>\n<meta name=\"twitter:card\" content=\"summary_large_image\" \/>\n<meta name=\"twitter:site\" content=\"@svetslik\" \/>\n<meta name=\"twitter:label1\" content=\"El\u00e9rhet\u0151s\u00e9g\" \/>\n\t<meta name=\"twitter:data1\" content=\"Beszerz\u00e9s alatt\" \/>\n<script type=\"application\/ld+json\" class=\"yoast-schema-graph\">{\"@context\":\"https:\/\/schema.org\",\"@graph\":[{\"@type\":[\"WebPage\",\"ItemPage\"],\"@id\":\"https:\/\/svetslik.si\/hu\/tobbreszes-vaszonfalikepek\/modern-kepek-part\/\",\"url\":\"https:\/\/svetslik.si\/hu\/tobbreszes-vaszonfalikepek\/modern-kepek-part\/\",\"name\":\"Modern k\u00e9pek - Part - SVETSLIK.SI - 100% k\u00e9zzel festett\",\"isPartOf\":{\"@id\":\"https:\/\/svetslik.si\/hu\/#website\"},\"primaryImageOfPage\":{\"@id\":\"https:\/\/svetslik.si\/hu\/tobbreszes-vaszonfalikepek\/modern-kepek-part\/#primaryimage\"},\"image\":{\"@id\":\"https:\/\/svetslik.si\/hu\/tobbreszes-vaszonfalikepek\/modern-kepek-part\/#primaryimage\"},\"thumbnailUrl\":\"https:\/\/svetslik.si\/wp-content\/uploads\/2021\/08\/image_Moderna-slika-Obala_680.png\",\"datePublished\":\"2021-09-02T17:30:19+00:00\",\"dateModified\":\"2026-03-22T13:54:04+00:00\",\"description\":\"Modern k\u00e9pek - Part - 100% k\u00e9zzel festett v\u00e1szonfestm\u00e9nyek. Festm\u00e9nyek elad\u00e1sa - moderne festm\u00e9nyek, absztrakt festm\u00e9nyek, olajfestm\u00e9nyek, egyedi rendel\u00e9sre k\u00e9sz\u00edtett festm\u00e9nyek \u00e9s k\u00e9pkeretez\u00e9s.\",\"breadcrumb\":{\"@id\":\"https:\/\/svetslik.si\/hu\/tobbreszes-vaszonfalikepek\/modern-kepek-part\/#breadcrumb\"},\"inLanguage\":\"hu\",\"potentialAction\":[{\"@type\":\"ReadAction\",\"target\":[\"https:\/\/svetslik.si\/hu\/tobbreszes-vaszonfalikepek\/modern-kepek-part\/\"]}]},{\"@type\":\"ImageObject\",\"inLanguage\":\"hu\",\"@id\":\"https:\/\/svetslik.si\/hu\/tobbreszes-vaszonfalikepek\/modern-kepek-part\/#primaryimage\",\"url\":\"https:\/\/svetslik.si\/wp-content\/uploads\/2021\/08\/image_Moderna-slika-Obala_680.png\",\"contentUrl\":\"https:\/\/svetslik.si\/wp-content\/uploads\/2021\/08\/image_Moderna-slika-Obala_680.png\",\"width\":680,\"height\":402,\"caption\":\"Falfestm\u00e9nyek v\u00e1szonra - Modern fest\u00e9szet Coastline - modern festm\u00e9nyek, ambient festm\u00e9nyek falra, absztrakt festm\u00e9nyek, dekorat\u00edv falfestm\u00e9nyek, festm\u00e9nyek ad\u00e1sv\u00e9tele\"},{\"@type\":\"BreadcrumbList\",\"@id\":\"https:\/\/svetslik.si\/hu\/tobbreszes-vaszonfalikepek\/modern-kepek-part\/#breadcrumb\",\"itemListElement\":[{\"@type\":\"ListItem\",\"position\":1,\"name\":\"Wall art and paintings on canvas\",\"item\":\"https:\/\/svetslik.si\/hu\/\"},{\"@type\":\"ListItem\",\"position\":2,\"name\":\"Festm\u00e9nyek elad\u00e1sa\",\"item\":\"https:\/\/svetslik.si\/prodaja-slik\/\"},{\"@type\":\"ListItem\",\"position\":3,\"name\":\"Modern k\u00e9pek &#8211; Part\"}]},{\"@type\":\"WebSite\",\"@id\":\"https:\/\/svetslik.si\/hu\/#website\",\"url\":\"https:\/\/svetslik.si\/hu\/\",\"name\":\"SVETSLIK.SI\",\"description\":\"100%-ban k\u00e9zzel festett reprodukci\u00f3k h\u00edres fest\u0151k festm\u00e9nyeir\u0151l \u00e9s festm\u00e9nyekr\u0151l v\u00e1szonra.\",\"publisher\":{\"@id\":\"https:\/\/svetslik.si\/hu\/#organization\"},\"potentialAction\":[{\"@type\":\"SearchAction\",\"target\":{\"@type\":\"EntryPoint\",\"urlTemplate\":\"https:\/\/svetslik.si\/hu\/?s={search_term_string}\"},\"query-input\":{\"@type\":\"PropertyValueSpecification\",\"valueRequired\":true,\"valueName\":\"search_term_string\"}}],\"inLanguage\":\"hu\"},{\"@type\":\"Organization\",\"@id\":\"https:\/\/svetslik.si\/hu\/#organization\",\"name\":\"SvetSlik.si\",\"url\":\"https:\/\/svetslik.si\/hu\/\",\"logo\":{\"@type\":\"ImageObject\",\"inLanguage\":\"hu\",\"@id\":\"https:\/\/svetslik.si\/hu\/#\/schema\/logo\/image\/\",\"url\":\"https:\/\/svetslik.si\/wp-content\/uploads\/2020\/12\/logo-512.png\",\"contentUrl\":\"https:\/\/svetslik.si\/wp-content\/uploads\/2020\/12\/logo-512.png\",\"width\":512,\"height\":512,\"caption\":\"SvetSlik.si\"},\"image\":{\"@id\":\"https:\/\/svetslik.si\/hu\/#\/schema\/logo\/image\/\"},\"sameAs\":[\"https:\/\/www.facebook.com\/svetslik.si\",\"https:\/\/x.com\/svetslik\",\"https:\/\/www.instagram.com\/svetslik.si\/\",\"https:\/\/www.linkedin.com\/company\/svetslik-si\"]}]}<\/script>\n<meta property=\"og:availability\" content=\"backorder\" \/>\n<meta property=\"product:availability\" content=\"available for order\" \/>\n<meta property=\"product:retailer_item_id\" content=\"1151__\" \/>\n<meta property=\"product:condition\" content=\"new\" \/>\n<!-- \/ Yoast SEO Premium plugin. -->","yoast_head_json":{"title":"Modern k\u00e9pek - Part - SVETSLIK.SI - 100% k\u00e9zzel festett","description":"Modern k\u00e9pek - Part - 100% k\u00e9zzel festett v\u00e1szonfestm\u00e9nyek. Festm\u00e9nyek elad\u00e1sa - moderne festm\u00e9nyek, absztrakt festm\u00e9nyek, olajfestm\u00e9nyek, egyedi rendel\u00e9sre k\u00e9sz\u00edtett festm\u00e9nyek \u00e9s k\u00e9pkeretez\u00e9s.","robots":{"index":"index","follow":"follow","max-snippet":"max-snippet:-1","max-image-preview":"max-image-preview:large","max-video-preview":"max-video-preview:-1"},"canonical":"https:\/\/svetslik.si\/hu\/tobbreszes-vaszonfalikepek\/modern-kepek-part\/","og_locale":"hu_HU","og_type":"article","og_title":"Modern k\u00e9pek - Part","og_description":"100% ro\u010dno naslikane slike na platnu, reprodukcije znanih slikarjev in umetni\u0161ke slike po naro\u010dilu.","og_url":"https:\/\/svetslik.si\/hu\/tobbreszes-vaszonfalikepek\/modern-kepek-part\/","og_site_name":"SVETSLIK.SI","article_publisher":"https:\/\/www.facebook.com\/svetslik.si","article_modified_time":"2026-03-22T13:54:04+00:00","og_image":[{"width":680,"height":402,"url":"https:\/\/svetslik.si\/wp-content\/uploads\/2021\/08\/image_Moderna-slika-Obala_680.png","type":"image\/png"}],"twitter_card":"summary_large_image","twitter_site":"@svetslik","twitter_misc":{"El\u00e9rhet\u0151s\u00e9g":"Beszerz\u00e9s alatt"},"schema":{"@context":"https:\/\/schema.org","@graph":[{"@type":["WebPage","ItemPage"],"@id":"https:\/\/svetslik.si\/hu\/tobbreszes-vaszonfalikepek\/modern-kepek-part\/","url":"https:\/\/svetslik.si\/hu\/tobbreszes-vaszonfalikepek\/modern-kepek-part\/","name":"Modern k\u00e9pek - Part - SVETSLIK.SI - 100% k\u00e9zzel festett","isPartOf":{"@id":"https:\/\/svetslik.si\/hu\/#website"},"primaryImageOfPage":{"@id":"https:\/\/svetslik.si\/hu\/tobbreszes-vaszonfalikepek\/modern-kepek-part\/#primaryimage"},"image":{"@id":"https:\/\/svetslik.si\/hu\/tobbreszes-vaszonfalikepek\/modern-kepek-part\/#primaryimage"},"thumbnailUrl":"https:\/\/svetslik.si\/wp-content\/uploads\/2021\/08\/image_Moderna-slika-Obala_680.png","datePublished":"2021-09-02T17:30:19+00:00","dateModified":"2026-03-22T13:54:04+00:00","description":"Modern k\u00e9pek - Part - 100% k\u00e9zzel festett v\u00e1szonfestm\u00e9nyek. Festm\u00e9nyek elad\u00e1sa - moderne festm\u00e9nyek, absztrakt festm\u00e9nyek, olajfestm\u00e9nyek, egyedi rendel\u00e9sre k\u00e9sz\u00edtett festm\u00e9nyek \u00e9s k\u00e9pkeretez\u00e9s.","breadcrumb":{"@id":"https:\/\/svetslik.si\/hu\/tobbreszes-vaszonfalikepek\/modern-kepek-part\/#breadcrumb"},"inLanguage":"hu","potentialAction":[{"@type":"ReadAction","target":["https:\/\/svetslik.si\/hu\/tobbreszes-vaszonfalikepek\/modern-kepek-part\/"]}]},{"@type":"ImageObject","inLanguage":"hu","@id":"https:\/\/svetslik.si\/hu\/tobbreszes-vaszonfalikepek\/modern-kepek-part\/#primaryimage","url":"https:\/\/svetslik.si\/wp-content\/uploads\/2021\/08\/image_Moderna-slika-Obala_680.png","contentUrl":"https:\/\/svetslik.si\/wp-content\/uploads\/2021\/08\/image_Moderna-slika-Obala_680.png","width":680,"height":402,"caption":"Falfestm\u00e9nyek v\u00e1szonra - Modern fest\u00e9szet Coastline - modern festm\u00e9nyek, ambient festm\u00e9nyek falra, absztrakt festm\u00e9nyek, dekorat\u00edv falfestm\u00e9nyek, festm\u00e9nyek ad\u00e1sv\u00e9tele"},{"@type":"BreadcrumbList","@id":"https:\/\/svetslik.si\/hu\/tobbreszes-vaszonfalikepek\/modern-kepek-part\/#breadcrumb","itemListElement":[{"@type":"ListItem","position":1,"name":"Wall art and paintings on canvas","item":"https:\/\/svetslik.si\/hu\/"},{"@type":"ListItem","position":2,"name":"Festm\u00e9nyek elad\u00e1sa","item":"https:\/\/svetslik.si\/prodaja-slik\/"},{"@type":"ListItem","position":3,"name":"Modern k\u00e9pek &#8211; Part"}]},{"@type":"WebSite","@id":"https:\/\/svetslik.si\/hu\/#website","url":"https:\/\/svetslik.si\/hu\/","name":"SVETSLIK.SI","description":"100%-ban k\u00e9zzel festett reprodukci\u00f3k h\u00edres fest\u0151k festm\u00e9nyeir\u0151l \u00e9s festm\u00e9nyekr\u0151l v\u00e1szonra.","publisher":{"@id":"https:\/\/svetslik.si\/hu\/#organization"},"potentialAction":[{"@type":"SearchAction","target":{"@type":"EntryPoint","urlTemplate":"https:\/\/svetslik.si\/hu\/?s={search_term_string}"},"query-input":{"@type":"PropertyValueSpecification","valueRequired":true,"valueName":"search_term_string"}}],"inLanguage":"hu"},{"@type":"Organization","@id":"https:\/\/svetslik.si\/hu\/#organization","name":"SvetSlik.si","url":"https:\/\/svetslik.si\/hu\/","logo":{"@type":"ImageObject","inLanguage":"hu","@id":"https:\/\/svetslik.si\/hu\/#\/schema\/logo\/image\/","url":"https:\/\/svetslik.si\/wp-content\/uploads\/2020\/12\/logo-512.png","contentUrl":"https:\/\/svetslik.si\/wp-content\/uploads\/2020\/12\/logo-512.png","width":512,"height":512,"caption":"SvetSlik.si"},"image":{"@id":"https:\/\/svetslik.si\/hu\/#\/schema\/logo\/image\/"},"sameAs":["https:\/\/www.facebook.com\/svetslik.si","https:\/\/x.com\/svetslik","https:\/\/www.instagram.com\/svetslik.si\/","https:\/\/www.linkedin.com\/company\/svetslik-si"]}]},"og_availability":"backorder","product_availability":"available for order","product_retailer_item_id":"1151__","product_condition":"new"},"jetpack_sharing_enabled":true,"_links":{"self":[{"href":"https:\/\/svetslik.si\/hu\/wp-json\/wp\/v2\/product\/58755","targetHints":{"allow":["GET"]}}],"collection":[{"href":"https:\/\/svetslik.si\/hu\/wp-json\/wp\/v2\/product"}],"about":[{"href":"https:\/\/svetslik.si\/hu\/wp-json\/wp\/v2\/types\/product"}],"wp:featuredmedia":[{"embeddable":true,"href":"https:\/\/svetslik.si\/hu\/wp-json\/wp\/v2\/media\/49774"}],"wp:attachment":[{"href":"https:\/\/svetslik.si\/hu\/wp-json\/wp\/v2\/media?parent=58755"}],"wp:term":[{"taxonomy":"product_brand","embeddable":true,"href":"https:\/\/svetslik.si\/hu\/wp-json\/wp\/v2\/product_brand?post=58755"},{"taxonomy":"product_cat","embeddable":true,"href":"https:\/\/svetslik.si\/hu\/wp-json\/wp\/v2\/product_cat?post=58755"},{"taxonomy":"product_tag","embeddable":true,"href":"https:\/\/svetslik.si\/hu\/wp-json\/wp\/v2\/product_tag?post=58755"}],"curies":[{"name":"wp","href":"https:\/\/api.w.org\/{rel}","templated":true}]}}