{"id":58909,"date":"2021-09-03T14:23:04","date_gmt":"2021-09-03T12:23:04","guid":{"rendered":"https:\/\/svetslik.si\/nem-kategorizalt\/kline-1\/"},"modified":"2026-03-22T14:59:42","modified_gmt":"2026-03-22T13:59:42","slug":"kline-1-festmeny","status":"publish","type":"product","link":"https:\/\/svetslik.si\/hu\/festmenyek-rendelesre\/kline-1-festmeny\/","title":{"rendered":"Kline 1 festm\u00e9ny"},"content":{"rendered":"<p><a href=\"https:\/\/svetslik.si\/wp-content\/uploads\/2021\/09\/IMG_20190629_145756-1-scaled.jpg\"><img decoding=\"async\" title=\"Modern falfestm\u00e9nyek v\u00e1szonra\"  src=\"https:\/\/svetslik.si\/wp-content\/uploads\/2021\/09\/IMG_20190629_145756-1-169x300.jpg\" alt=\"Modern falfestm\u00e9nyek v\u00e1szonra\" width=\"169\" height=\"300\" class=\"alignnone size-medium wp-image-12217\" srcset=\"https:\/\/svetslik.si\/wp-content\/uploads\/2021\/09\/IMG_20190629_145756-1-169x300.jpg 169w, https:\/\/svetslik.si\/wp-content\/uploads\/2021\/09\/IMG_20190629_145756-1-600x1067.jpg 600w, https:\/\/svetslik.si\/wp-content\/uploads\/2021\/09\/IMG_20190629_145756-1-scaled-1200x2133.jpg 1200w, https:\/\/svetslik.si\/wp-content\/uploads\/2021\/09\/IMG_20190629_145756-1-576x1024.jpg 576w, https:\/\/svetslik.si\/wp-content\/uploads\/2021\/09\/IMG_20190629_145756-1-768x1365.jpg 768w, https:\/\/svetslik.si\/wp-content\/uploads\/2021\/09\/IMG_20190629_145756-1-864x1536.jpg 864w, https:\/\/svetslik.si\/wp-content\/uploads\/2021\/09\/IMG_20190629_145756-1-1152x2048.jpg 1152w, https:\/\/svetslik.si\/wp-content\/uploads\/2021\/09\/IMG_20190629_145756-1-84x150.jpg 84w, https:\/\/svetslik.si\/wp-content\/uploads\/2021\/09\/IMG_20190629_145756-1-900x1600.jpg 900w, https:\/\/svetslik.si\/wp-content\/uploads\/2021\/09\/IMG_20190629_145756-1-scaled.jpg 1440w\" sizes=\"(max-width: 169px) 100vw, 169px\" \/><\/a><\/p>\n","protected":false},"excerpt":{"rendered":"","protected":false},"featured_media":49686,"template":"","meta":{"_acf_changed":false},"product_brand":[],"product_cat":[7155],"product_tag":[],"class_list":{"0":"post-58909","1":"product","2":"type-product","3":"status-publish","4":"has-post-thumbnail","6":"product_cat-festmenyek-rendelesre","7":"pa_dimenzija-120-x-170-cm","8":"pa_oblika-fuggoleges","9":"pa_okvir-nincs-keret","10":"pa_podokvir-igen","11":"pa_podokvir-nem","13":"first","14":"onbackorder","15":"purchasable","16":"product-type-variable","17":"has-default-attributes"},"acf":[],"yoast_head":"<!-- This site is optimized with the Yoast SEO Premium plugin v26.0 (Yoast SEO v27.2) - https:\/\/yoast.com\/product\/yoast-seo-premium-wordpress\/ -->\n<title>Kline 1 festm\u00e9ny - SVETSLIK.SI - 100% k\u00e9zzel festett<\/title>\n<meta name=\"description\" content=\"Kline 1 festm\u00e9ny - 100% k\u00e9zzel festett h\u00edres festm\u00e9nyek reprodukci\u00f3i. Festm\u00e9nyek keretez\u00e9se, elad\u00e1sa \u00e9s egyedi rendel\u00e9sre t\u00f6rt\u00e9n\u0151 v\u00e1szonk\u00e9pek k\u00e9sz\u00edt\u00e9se.\" \/>\n<meta name=\"robots\" content=\"index, follow, max-snippet:-1, max-image-preview:large, max-video-preview:-1\" \/>\n<link rel=\"canonical\" href=\"https:\/\/svetslik.si\/hu\/festmenyek-rendelesre\/kline-1-festmeny\/\" \/>\n<meta property=\"og:locale\" content=\"hu_HU\" \/>\n<meta property=\"og:type\" content=\"article\" \/>\n<meta property=\"og:title\" content=\"Kline 1 festm\u00e9ny\" \/>\n<meta property=\"og:description\" content=\"100% ro\u010dno naslikane slike na platnu, reprodukcije znanih slikarjev in umetni\u0161ke slike po naro\u010dilu.\" \/>\n<meta property=\"og:url\" content=\"https:\/\/svetslik.si\/hu\/festmenyek-rendelesre\/kline-1-festmeny\/\" \/>\n<meta property=\"og:site_name\" content=\"SVETSLIK.SI\" \/>\n<meta property=\"article:publisher\" content=\"https:\/\/www.facebook.com\/svetslik.si\" \/>\n<meta property=\"article:modified_time\" content=\"2026-03-22T13:59:42+00:00\" \/>\n<meta property=\"og:image\" content=\"https:\/\/svetslik.si\/wp-content\/uploads\/2021\/08\/image_Kline-1_680.jpg\" \/>\n\t<meta property=\"og:image:width\" content=\"498\" \/>\n\t<meta property=\"og:image:height\" content=\"680\" \/>\n\t<meta property=\"og:image:type\" content=\"image\/jpeg\" \/>\n<meta name=\"twitter:card\" content=\"summary_large_image\" \/>\n<meta name=\"twitter:site\" content=\"@svetslik\" \/>\n<meta name=\"twitter:label1\" content=\"El\u00e9rhet\u0151s\u00e9g\" \/>\n\t<meta name=\"twitter:data1\" content=\"Beszerz\u00e9s alatt\" \/>\n<script type=\"application\/ld+json\" class=\"yoast-schema-graph\">{\"@context\":\"https:\/\/schema.org\",\"@graph\":[{\"@type\":[\"WebPage\",\"ItemPage\"],\"@id\":\"https:\/\/svetslik.si\/hu\/festmenyek-rendelesre\/kline-1-festmeny\/\",\"url\":\"https:\/\/svetslik.si\/hu\/festmenyek-rendelesre\/kline-1-festmeny\/\",\"name\":\"Kline 1 festm\u00e9ny - SVETSLIK.SI - 100% k\u00e9zzel festett\",\"isPartOf\":{\"@id\":\"https:\/\/svetslik.si\/hu\/#website\"},\"primaryImageOfPage\":{\"@id\":\"https:\/\/svetslik.si\/hu\/festmenyek-rendelesre\/kline-1-festmeny\/#primaryimage\"},\"image\":{\"@id\":\"https:\/\/svetslik.si\/hu\/festmenyek-rendelesre\/kline-1-festmeny\/#primaryimage\"},\"thumbnailUrl\":\"https:\/\/svetslik.si\/wp-content\/uploads\/2021\/08\/image_Kline-1_680.jpg\",\"datePublished\":\"2021-09-03T12:23:04+00:00\",\"dateModified\":\"2026-03-22T13:59:42+00:00\",\"description\":\"Kline 1 festm\u00e9ny - 100% k\u00e9zzel festett h\u00edres festm\u00e9nyek reprodukci\u00f3i. Festm\u00e9nyek keretez\u00e9se, elad\u00e1sa \u00e9s egyedi rendel\u00e9sre t\u00f6rt\u00e9n\u0151 v\u00e1szonk\u00e9pek k\u00e9sz\u00edt\u00e9se.\",\"breadcrumb\":{\"@id\":\"https:\/\/svetslik.si\/hu\/festmenyek-rendelesre\/kline-1-festmeny\/#breadcrumb\"},\"inLanguage\":\"hu\",\"potentialAction\":[{\"@type\":\"ReadAction\",\"target\":[\"https:\/\/svetslik.si\/hu\/festmenyek-rendelesre\/kline-1-festmeny\/\"]}]},{\"@type\":\"ImageObject\",\"inLanguage\":\"hu\",\"@id\":\"https:\/\/svetslik.si\/hu\/festmenyek-rendelesre\/kline-1-festmeny\/#primaryimage\",\"url\":\"https:\/\/svetslik.si\/wp-content\/uploads\/2021\/08\/image_Kline-1_680.jpg\",\"contentUrl\":\"https:\/\/svetslik.si\/wp-content\/uploads\/2021\/08\/image_Kline-1_680.jpg\",\"width\":498,\"height\":680,\"caption\":\"falfestm\u00e9nyek v\u00e1szonra - Kline - M\u0171v\u00e9szet fest\u00e9szet - modern festm\u00e9nyek, ambient festm\u00e9nyek falra, absztrakt festm\u00e9nyek, dekorat\u00edv falfestm\u00e9nyek, festm\u00e9nyek ad\u00e1sv\u00e9tele\"},{\"@type\":\"BreadcrumbList\",\"@id\":\"https:\/\/svetslik.si\/hu\/festmenyek-rendelesre\/kline-1-festmeny\/#breadcrumb\",\"itemListElement\":[{\"@type\":\"ListItem\",\"position\":1,\"name\":\"Wall art and paintings on canvas\",\"item\":\"https:\/\/svetslik.si\/hu\/\"},{\"@type\":\"ListItem\",\"position\":2,\"name\":\"Festm\u00e9nyek elad\u00e1sa\",\"item\":\"https:\/\/svetslik.si\/prodaja-slik\/\"},{\"@type\":\"ListItem\",\"position\":3,\"name\":\"Kline 1 festm\u00e9ny\"}]},{\"@type\":\"WebSite\",\"@id\":\"https:\/\/svetslik.si\/hu\/#website\",\"url\":\"https:\/\/svetslik.si\/hu\/\",\"name\":\"SVETSLIK.SI\",\"description\":\"100%-ban k\u00e9zzel festett reprodukci\u00f3k h\u00edres fest\u0151k festm\u00e9nyeir\u0151l \u00e9s festm\u00e9nyekr\u0151l v\u00e1szonra.\",\"publisher\":{\"@id\":\"https:\/\/svetslik.si\/hu\/#organization\"},\"potentialAction\":[{\"@type\":\"SearchAction\",\"target\":{\"@type\":\"EntryPoint\",\"urlTemplate\":\"https:\/\/svetslik.si\/hu\/?s={search_term_string}\"},\"query-input\":{\"@type\":\"PropertyValueSpecification\",\"valueRequired\":true,\"valueName\":\"search_term_string\"}}],\"inLanguage\":\"hu\"},{\"@type\":\"Organization\",\"@id\":\"https:\/\/svetslik.si\/hu\/#organization\",\"name\":\"SvetSlik.si\",\"url\":\"https:\/\/svetslik.si\/hu\/\",\"logo\":{\"@type\":\"ImageObject\",\"inLanguage\":\"hu\",\"@id\":\"https:\/\/svetslik.si\/hu\/#\/schema\/logo\/image\/\",\"url\":\"https:\/\/svetslik.si\/wp-content\/uploads\/2020\/12\/logo-512.png\",\"contentUrl\":\"https:\/\/svetslik.si\/wp-content\/uploads\/2020\/12\/logo-512.png\",\"width\":512,\"height\":512,\"caption\":\"SvetSlik.si\"},\"image\":{\"@id\":\"https:\/\/svetslik.si\/hu\/#\/schema\/logo\/image\/\"},\"sameAs\":[\"https:\/\/www.facebook.com\/svetslik.si\",\"https:\/\/x.com\/svetslik\",\"https:\/\/www.instagram.com\/svetslik.si\/\",\"https:\/\/www.linkedin.com\/company\/svetslik-si\"]}]}<\/script>\n<meta property=\"og:availability\" content=\"backorder\" \/>\n<meta property=\"product:availability\" content=\"available for order\" \/>\n<meta property=\"product:retailer_item_id\" content=\"1166__\" \/>\n<meta property=\"product:condition\" content=\"new\" \/>\n<!-- \/ Yoast SEO Premium plugin. -->","yoast_head_json":{"title":"Kline 1 festm\u00e9ny - SVETSLIK.SI - 100% k\u00e9zzel festett","description":"Kline 1 festm\u00e9ny - 100% k\u00e9zzel festett h\u00edres festm\u00e9nyek reprodukci\u00f3i. Festm\u00e9nyek keretez\u00e9se, elad\u00e1sa \u00e9s egyedi rendel\u00e9sre t\u00f6rt\u00e9n\u0151 v\u00e1szonk\u00e9pek k\u00e9sz\u00edt\u00e9se.","robots":{"index":"index","follow":"follow","max-snippet":"max-snippet:-1","max-image-preview":"max-image-preview:large","max-video-preview":"max-video-preview:-1"},"canonical":"https:\/\/svetslik.si\/hu\/festmenyek-rendelesre\/kline-1-festmeny\/","og_locale":"hu_HU","og_type":"article","og_title":"Kline 1 festm\u00e9ny","og_description":"100% ro\u010dno naslikane slike na platnu, reprodukcije znanih slikarjev in umetni\u0161ke slike po naro\u010dilu.","og_url":"https:\/\/svetslik.si\/hu\/festmenyek-rendelesre\/kline-1-festmeny\/","og_site_name":"SVETSLIK.SI","article_publisher":"https:\/\/www.facebook.com\/svetslik.si","article_modified_time":"2026-03-22T13:59:42+00:00","og_image":[{"width":498,"height":680,"url":"https:\/\/svetslik.si\/wp-content\/uploads\/2021\/08\/image_Kline-1_680.jpg","type":"image\/jpeg"}],"twitter_card":"summary_large_image","twitter_site":"@svetslik","twitter_misc":{"El\u00e9rhet\u0151s\u00e9g":"Beszerz\u00e9s alatt"},"schema":{"@context":"https:\/\/schema.org","@graph":[{"@type":["WebPage","ItemPage"],"@id":"https:\/\/svetslik.si\/hu\/festmenyek-rendelesre\/kline-1-festmeny\/","url":"https:\/\/svetslik.si\/hu\/festmenyek-rendelesre\/kline-1-festmeny\/","name":"Kline 1 festm\u00e9ny - SVETSLIK.SI - 100% k\u00e9zzel festett","isPartOf":{"@id":"https:\/\/svetslik.si\/hu\/#website"},"primaryImageOfPage":{"@id":"https:\/\/svetslik.si\/hu\/festmenyek-rendelesre\/kline-1-festmeny\/#primaryimage"},"image":{"@id":"https:\/\/svetslik.si\/hu\/festmenyek-rendelesre\/kline-1-festmeny\/#primaryimage"},"thumbnailUrl":"https:\/\/svetslik.si\/wp-content\/uploads\/2021\/08\/image_Kline-1_680.jpg","datePublished":"2021-09-03T12:23:04+00:00","dateModified":"2026-03-22T13:59:42+00:00","description":"Kline 1 festm\u00e9ny - 100% k\u00e9zzel festett h\u00edres festm\u00e9nyek reprodukci\u00f3i. Festm\u00e9nyek keretez\u00e9se, elad\u00e1sa \u00e9s egyedi rendel\u00e9sre t\u00f6rt\u00e9n\u0151 v\u00e1szonk\u00e9pek k\u00e9sz\u00edt\u00e9se.","breadcrumb":{"@id":"https:\/\/svetslik.si\/hu\/festmenyek-rendelesre\/kline-1-festmeny\/#breadcrumb"},"inLanguage":"hu","potentialAction":[{"@type":"ReadAction","target":["https:\/\/svetslik.si\/hu\/festmenyek-rendelesre\/kline-1-festmeny\/"]}]},{"@type":"ImageObject","inLanguage":"hu","@id":"https:\/\/svetslik.si\/hu\/festmenyek-rendelesre\/kline-1-festmeny\/#primaryimage","url":"https:\/\/svetslik.si\/wp-content\/uploads\/2021\/08\/image_Kline-1_680.jpg","contentUrl":"https:\/\/svetslik.si\/wp-content\/uploads\/2021\/08\/image_Kline-1_680.jpg","width":498,"height":680,"caption":"falfestm\u00e9nyek v\u00e1szonra - Kline - M\u0171v\u00e9szet fest\u00e9szet - modern festm\u00e9nyek, ambient festm\u00e9nyek falra, absztrakt festm\u00e9nyek, dekorat\u00edv falfestm\u00e9nyek, festm\u00e9nyek ad\u00e1sv\u00e9tele"},{"@type":"BreadcrumbList","@id":"https:\/\/svetslik.si\/hu\/festmenyek-rendelesre\/kline-1-festmeny\/#breadcrumb","itemListElement":[{"@type":"ListItem","position":1,"name":"Wall art and paintings on canvas","item":"https:\/\/svetslik.si\/hu\/"},{"@type":"ListItem","position":2,"name":"Festm\u00e9nyek elad\u00e1sa","item":"https:\/\/svetslik.si\/prodaja-slik\/"},{"@type":"ListItem","position":3,"name":"Kline 1 festm\u00e9ny"}]},{"@type":"WebSite","@id":"https:\/\/svetslik.si\/hu\/#website","url":"https:\/\/svetslik.si\/hu\/","name":"SVETSLIK.SI","description":"100%-ban k\u00e9zzel festett reprodukci\u00f3k h\u00edres fest\u0151k festm\u00e9nyeir\u0151l \u00e9s festm\u00e9nyekr\u0151l v\u00e1szonra.","publisher":{"@id":"https:\/\/svetslik.si\/hu\/#organization"},"potentialAction":[{"@type":"SearchAction","target":{"@type":"EntryPoint","urlTemplate":"https:\/\/svetslik.si\/hu\/?s={search_term_string}"},"query-input":{"@type":"PropertyValueSpecification","valueRequired":true,"valueName":"search_term_string"}}],"inLanguage":"hu"},{"@type":"Organization","@id":"https:\/\/svetslik.si\/hu\/#organization","name":"SvetSlik.si","url":"https:\/\/svetslik.si\/hu\/","logo":{"@type":"ImageObject","inLanguage":"hu","@id":"https:\/\/svetslik.si\/hu\/#\/schema\/logo\/image\/","url":"https:\/\/svetslik.si\/wp-content\/uploads\/2020\/12\/logo-512.png","contentUrl":"https:\/\/svetslik.si\/wp-content\/uploads\/2020\/12\/logo-512.png","width":512,"height":512,"caption":"SvetSlik.si"},"image":{"@id":"https:\/\/svetslik.si\/hu\/#\/schema\/logo\/image\/"},"sameAs":["https:\/\/www.facebook.com\/svetslik.si","https:\/\/x.com\/svetslik","https:\/\/www.instagram.com\/svetslik.si\/","https:\/\/www.linkedin.com\/company\/svetslik-si"]}]},"og_availability":"backorder","product_availability":"available for order","product_retailer_item_id":"1166__","product_condition":"new"},"jetpack_sharing_enabled":true,"_links":{"self":[{"href":"https:\/\/svetslik.si\/hu\/wp-json\/wp\/v2\/product\/58909","targetHints":{"allow":["GET"]}}],"collection":[{"href":"https:\/\/svetslik.si\/hu\/wp-json\/wp\/v2\/product"}],"about":[{"href":"https:\/\/svetslik.si\/hu\/wp-json\/wp\/v2\/types\/product"}],"wp:featuredmedia":[{"embeddable":true,"href":"https:\/\/svetslik.si\/hu\/wp-json\/wp\/v2\/media\/49686"}],"wp:attachment":[{"href":"https:\/\/svetslik.si\/hu\/wp-json\/wp\/v2\/media?parent=58909"}],"wp:term":[{"taxonomy":"product_brand","embeddable":true,"href":"https:\/\/svetslik.si\/hu\/wp-json\/wp\/v2\/product_brand?post=58909"},{"taxonomy":"product_cat","embeddable":true,"href":"https:\/\/svetslik.si\/hu\/wp-json\/wp\/v2\/product_cat?post=58909"},{"taxonomy":"product_tag","embeddable":true,"href":"https:\/\/svetslik.si\/hu\/wp-json\/wp\/v2\/product_tag?post=58909"}],"curies":[{"name":"wp","href":"https:\/\/api.w.org\/{rel}","templated":true}]}}