{"id":58924,"date":"2021-09-20T15:12:00","date_gmt":"2021-09-20T13:12:00","guid":{"rendered":"https:\/\/svetslik.si\/nem-kategorizalt\/christ\/"},"modified":"2024-07-11T14:14:46","modified_gmt":"2024-07-11T12:14:46","slug":"christ","status":"publish","type":"product","link":"https:\/\/svetslik.si\/hu\/salvador-dali-hu\/christ\/","title":{"rendered":"Salvador Dali &#8211; Christ"},"content":{"rendered":"<div class=\"wpb-content-wrapper\">[vc_row][vc_column][vc_column_text]\n<h1>Salvador Dali \u2013 Krisztus<\/h1>\n[\/vc_column_text][\/vc_column][\/vc_row][vc_row css=&#8221;.vc_custom_1640127370226{margin-bottom: 20px !important;}&#8221;][vc_column][vc_row_inner][vc_column_inner] true&#8221; 50557&#8243; border_radius=&#8221;20px&#8221;][\/et_image][\/vc_column_inner][\/vc_row_inner][\/vc_column][\/vc_row][vc_row css=&#8221;.vc_custom_1640127167167{border-bottom-width]! [ vc_column][vc_row_inner][vc_column_inner]\t<div class=\"et-image-937 et-image  full   et_image_link\">\n\t\t<div class=\"et-image-inner \">\n\t\t\t\t\t\t\t<div class=\"et-image-thumb \">\n\t\t\t\t\t<img decoding=\"async\" width=\"1920\" height=\"2560\" src=\"https:\/\/svetslik.si\/wp-content\/uploads\/2021\/12\/salvador-dali-Christ-Jezus-scaled.jpg\" class=\"attachment-full\" alt=\"salvador dali - Krisztus - J\u00e9zus - festm\u00e9ny - k\u00e9zzel festett falik\u00e9p reprodukci\u00f3ja\" title=\"salvador dali - Krisztus - J\u00e9zus - festm\u00e9ny - k\u00e9zzel festett falik\u00e9p reprodukci\u00f3ja\" srcset=\"https:\/\/svetslik.si\/wp-content\/uploads\/2021\/12\/salvador-dali-Christ-Jezus-scaled.jpg 1920w, https:\/\/svetslik.si\/wp-content\/uploads\/2021\/12\/salvador-dali-Christ-Jezus-600x800.jpg 600w, https:\/\/svetslik.si\/wp-content\/uploads\/2021\/12\/salvador-dali-Christ-Jezus-scaled-1200x1600.jpg 1200w, https:\/\/svetslik.si\/wp-content\/uploads\/2021\/12\/salvador-dali-Christ-Jezus-225x300.jpg 225w, https:\/\/svetslik.si\/wp-content\/uploads\/2021\/12\/salvador-dali-Christ-Jezus-768x1024.jpg 768w, https:\/\/svetslik.si\/wp-content\/uploads\/2021\/12\/salvador-dali-Christ-Jezus-1152x1536.jpg 1152w, https:\/\/svetslik.si\/wp-content\/uploads\/2021\/12\/salvador-dali-Christ-Jezus-1536x2048.jpg 1536w, https:\/\/svetslik.si\/wp-content\/uploads\/2021\/12\/salvador-dali-Christ-Jezus-112x150.jpg 112w, https:\/\/svetslik.si\/wp-content\/uploads\/2021\/12\/salvador-dali-Christ-Jezus-1320x1760.jpg 1320w, https:\/\/svetslik.si\/wp-content\/uploads\/2021\/12\/salvador-dali-Christ-Jezus-900x1200.jpg 900w\" sizes=\"(max-width: 1920px) 100vw, 1920px\" \/>\t\t\t\t<\/div>\n\t\t\t\t\t\t\t\t\t\t\t<\/div>\n\t<\/div>\n  [\/vc_column_inner][\/vc_row_inner][\/vc_column][\/vcrow_] [ vc_column][vc_column_text]Salvador Dal\u00ed \u201eKrisztus\u201d festm\u00e9nye egyed\u00fcl\u00e1ll\u00f3 \u00e9s felt\u0171n\u0151 m\u0171alkot\u00e1s, amely a m\u0171v\u00e9sz egyedi st\u00edlus\u00e1t \u00e9s l\u00e1t\u00e1sm\u00f3dj\u00e1t mutatja be. A festm\u00e9ny 1951-ben k\u00e9sz\u00fclt, \u00e9s a megfesz\u00edtett Krisztust \u00e1br\u00e1zolja sz\u00fcrrealista \u00e9s \u00e1lomszer\u0171 k\u00f6rnyezetben.<\/p>\n<p>A festm\u00e9nyt Dal\u00ed jellegzetes sz\u00fcrrealista elemek \u00e9s szimbolizmus haszn\u00e1lata, valamint a m\u00e9lys\u00e9g- \u00e9s mozg\u00e1s\u00e9rz\u00e9kel\u00e9s mesteri technik\u00e1ja jellemzi. Krisztus alakj\u00e1t kicsavarva, megny\u00falva, kiny\u00fajtott karokkal, keresztben \u00e1br\u00e1zolj\u00e1k. A festm\u00e9ny h\u00e1tter\u00e9ben \u00e1lomk\u00e9p olvad\u00f3 \u00f3r\u00e1val \u00e9s furcsa, organikus form\u00e1kkal.<\/p>\n<p>A festm\u00e9ny egyik legszembet\u0171n\u0151bb eleme a sz\u00ednhaszn\u00e1lat. Dali a z\u00f6ldek, k\u00e9kek \u00e9s sz\u00fcrk\u00e9k visszafogott palett\u00e1j\u00e1t haszn\u00e1lja, ami melankolikus \u00e9s t\u00falvil\u00e1gi hangulatot k\u00f6lcs\u00f6n\u00f6z a festm\u00e9nynek. A sz\u00edneket a m\u00e9lys\u00e9g \u00e9s a mozg\u00e1s \u00e9rzet\u00e9nek megteremt\u00e9s\u00e9re is haszn\u00e1lj\u00e1k, mivel a h\u00e1tt\u00e9r t\u00e1volodni l\u00e1tszik.<\/p>\n<p>A \u201eKrisztus\u201d k\u00e9pnek a technikai \u00e9s eszt\u00e9tikai adotts\u00e1gok mellett m\u00e9lyebb \u00e9rtelme \u00e9s jelent\u0151s\u00e9ge is van. Dali h\u00edv\u0151 katolikus volt, \u00e9s m\u0171veiben gyakran foglalkozott vall\u00e1si t\u00e9m\u00e1kkal \u00e9s szimb\u00f3lumokkal. Ezen a festm\u00e9nyen Krisztus alakja az \u00e1ldozat \u00e9s az \u00fcdv\u00f6ss\u00e9g szimb\u00f3lumak\u00e9nt, az \u00f3ra olvad\u00e1sa pedig az id\u0151 \u00e9s az eml\u00e9kezet muland\u00f3s\u00e1g\u00e1nak megjegyz\u00e9sek\u00e9nt foghat\u00f3 fel.<\/p>\n<p>\u00d6sszess\u00e9g\u00e9ben Salvador Dal\u00ed &#8220;Krisztus&#8221; c\u00edm\u0171 festm\u00e9nye er\u0151teljes \u00e9s \u00f6szt\u00f6nz\u0151 m\u0171alkot\u00e1s, amely bemutatja a m\u0171v\u00e9sz egyedi l\u00e1t\u00e1sm\u00f3dj\u00e1t \u00e9s technik\u00e1j\u00e1t. M\u00e9g mindig n\u00e9pszer\u0171 \u00e9s nagyra \u00e9rt\u00e9kelt m\u0171alkot\u00e1s, \u00e9s a 20. sz\u00e1zad sz\u00fcrrealista m\u0171v\u00e9szet\u00e9nek remekm\u0171vek\u00e9nt tartj\u00e1k sz\u00e1mon.[\/vc_column_text][\/vc_column][\/vc_row]\n<\/div>","protected":false},"excerpt":{"rendered":"<p>[vc_row][vc_column][vc_column_text] Salvador Dali \u2013 Krisztus [\/vc_column_text][\/vc_column][\/vc_row][vc_row css=&#8221;.vc_custom_1640127370226{margin-bottom: 20px !important;}&#8221;][vc_column][vc_row_inner][vc_column_inner] true&#8221; 50557&#8243; border_radius=&#8221;20px&#8221;][\/et_image][\/vc_column_inner][\/vc_row_inner][\/vc_column][\/vc_row][vc_row css=&#8221;.vc_custom_1640127167167{border-bottom-width]! [ vc_column][vc_row_inner][vc_column_inner][\/vc_column_inner][\/vc_row_inner][\/vc_column][\/vcrow_] [ vc_column][vc_column_text]Salvador Dal\u00ed \u201eKrisztus\u201d festm\u00e9nye egyed\u00fcl\u00e1ll\u00f3 \u00e9s felt\u0171n\u0151 m\u0171alkot\u00e1s, amely a m\u0171v\u00e9sz egyedi st\u00edlus\u00e1t \u00e9s l\u00e1t\u00e1sm\u00f3dj\u00e1t mutatja be. A festm\u00e9ny 1951-ben k\u00e9sz\u00fclt, \u00e9s a megfesz\u00edtett Krisztust \u00e1br\u00e1zolja sz\u00fcrrealista \u00e9s \u00e1lomszer\u0171 k\u00f6rnyezetben. A festm\u00e9nyt Dal\u00ed jellegzetes [&hellip;]<\/p>\n","protected":false},"featured_media":49420,"template":"","meta":{"_acf_changed":false},"product_brand":[],"product_cat":[7134],"product_tag":[7163,11885,11886,11887,7201],"class_list":{"0":"post-58924","1":"product","2":"type-product","3":"status-publish","4":"has-post-thumbnail","6":"product_cat-salvador-dali-hu","7":"product_tag-dali-hu","8":"product_tag-painter-hu","9":"product_tag-reproduction","10":"product_tag-reproductions-hu","11":"product_tag-salvador-dali-hu","12":"pa_dimenzija-116-x-205-cm","13":"pa_dimenzija-120-x-210-cm","14":"pa_dimenzija-40-x-70-cm","15":"pa_dimenzija-50-x-90-cm","16":"pa_dimenzija-60-x-100-cm","17":"pa_dimenzija-70-x-120-cm","18":"pa_dimenzija-80-x-140-cm","19":"pa_dimenzija-90-x-160-cm","20":"pa_oblika-fuggoleges","21":"pa_okvir-nincs-keret","22":"pa_podokvir-igen","23":"pa_podokvir-nem","25":"first","26":"onbackorder","27":"purchasable","28":"product-type-variable","29":"has-default-attributes"},"acf":[],"yoast_head":"<!-- This site is optimized with the Yoast SEO Premium plugin v26.0 (Yoast SEO v27.2) - https:\/\/yoast.com\/product\/yoast-seo-premium-wordpress\/ -->\n<title>Salvador Dali - Christ - SVETSLIK.SI - 100% k\u00e9zzel festett<\/title>\n<meta name=\"description\" content=\"Salvador Dali - Christ - 100% k\u00e9zzel festett h\u00edres festm\u00e9nyek reprodukci\u00f3i. Festm\u00e9nyek keretez\u00e9se, elad\u00e1sa \u00e9s egyedi rendel\u00e9sre t\u00f6rt\u00e9n\u0151 v\u00e1szonk\u00e9pek k\u00e9sz\u00edt\u00e9se.\" \/>\n<meta name=\"robots\" content=\"index, follow, max-snippet:-1, max-image-preview:large, max-video-preview:-1\" \/>\n<link rel=\"canonical\" href=\"https:\/\/svetslik.si\/hu\/salvador-dali-hu\/christ\/\" \/>\n<meta property=\"og:locale\" content=\"hu_HU\" \/>\n<meta property=\"og:type\" content=\"article\" \/>\n<meta property=\"og:title\" content=\"Salvador Dali - Christ\" \/>\n<meta property=\"og:description\" content=\"100% ro\u010dno naslikane slike na platnu, reprodukcije znanih slikarjev in umetni\u0161ke slike po naro\u010dilu.\" \/>\n<meta property=\"og:url\" content=\"https:\/\/svetslik.si\/hu\/salvador-dali-hu\/christ\/\" \/>\n<meta property=\"og:site_name\" content=\"SVETSLIK.SI\" \/>\n<meta property=\"article:publisher\" content=\"https:\/\/www.facebook.com\/svetslik.si\" \/>\n<meta property=\"article:modified_time\" content=\"2024-07-11T12:14:46+00:00\" \/>\n<meta property=\"og:image\" content=\"https:\/\/svetslik.si\/wp-content\/uploads\/2021\/08\/image_Christ_680.jpg\" \/>\n\t<meta property=\"og:image:width\" content=\"1000\" \/>\n\t<meta property=\"og:image:height\" content=\"1783\" \/>\n\t<meta property=\"og:image:type\" content=\"image\/jpeg\" \/>\n<meta name=\"twitter:card\" content=\"summary_large_image\" \/>\n<meta name=\"twitter:site\" content=\"@svetslik\" \/>\n<meta name=\"twitter:label1\" content=\"El\u00e9rhet\u0151s\u00e9g\" \/>\n\t<meta name=\"twitter:data1\" content=\"Beszerz\u00e9s alatt\" \/>\n<script type=\"application\/ld+json\" class=\"yoast-schema-graph\">{\"@context\":\"https:\/\/schema.org\",\"@graph\":[{\"@type\":[\"WebPage\",\"ItemPage\"],\"@id\":\"https:\/\/svetslik.si\/hu\/salvador-dali-hu\/christ\/\",\"url\":\"https:\/\/svetslik.si\/hu\/salvador-dali-hu\/christ\/\",\"name\":\"Salvador Dali - Christ - SVETSLIK.SI - 100% k\u00e9zzel festett\",\"isPartOf\":{\"@id\":\"https:\/\/svetslik.si\/hu\/#website\"},\"primaryImageOfPage\":{\"@id\":\"https:\/\/svetslik.si\/hu\/salvador-dali-hu\/christ\/#primaryimage\"},\"image\":{\"@id\":\"https:\/\/svetslik.si\/hu\/salvador-dali-hu\/christ\/#primaryimage\"},\"thumbnailUrl\":\"https:\/\/svetslik.si\/wp-content\/uploads\/2021\/08\/image_Christ_680.jpg\",\"datePublished\":\"2021-09-20T13:12:00+00:00\",\"dateModified\":\"2024-07-11T12:14:46+00:00\",\"description\":\"Salvador Dali - Christ - 100% k\u00e9zzel festett h\u00edres festm\u00e9nyek reprodukci\u00f3i. Festm\u00e9nyek keretez\u00e9se, elad\u00e1sa \u00e9s egyedi rendel\u00e9sre t\u00f6rt\u00e9n\u0151 v\u00e1szonk\u00e9pek k\u00e9sz\u00edt\u00e9se.\",\"breadcrumb\":{\"@id\":\"https:\/\/svetslik.si\/hu\/salvador-dali-hu\/christ\/#breadcrumb\"},\"inLanguage\":\"hu\",\"potentialAction\":[{\"@type\":\"ReadAction\",\"target\":[\"https:\/\/svetslik.si\/hu\/salvador-dali-hu\/christ\/\"]}]},{\"@type\":\"ImageObject\",\"inLanguage\":\"hu\",\"@id\":\"https:\/\/svetslik.si\/hu\/salvador-dali-hu\/christ\/#primaryimage\",\"url\":\"https:\/\/svetslik.si\/wp-content\/uploads\/2021\/08\/image_Christ_680.jpg\",\"contentUrl\":\"https:\/\/svetslik.si\/wp-content\/uploads\/2021\/08\/image_Christ_680.jpg\",\"width\":1000,\"height\":1783,\"caption\":\"Salvador Dali - Christ - Krisztus - Salvador Dali - Christ - J\u00e9zus - Festm\u00e9nyek reprodukci\u00f3i - V\u00e1szonk\u00e9p - Festm\u00e9nyek reprodukci\u00f3i - Absztrakt Festm\u00e9ny - Modern Festm\u00e9ny - Realisztikus Festm\u00e9ny - Olajfestm\u00e9ny - Falik\u00e9p\"},{\"@type\":\"BreadcrumbList\",\"@id\":\"https:\/\/svetslik.si\/hu\/salvador-dali-hu\/christ\/#breadcrumb\",\"itemListElement\":[{\"@type\":\"ListItem\",\"position\":1,\"name\":\"Wall art and paintings on canvas\",\"item\":\"https:\/\/svetslik.si\/hu\/\"},{\"@type\":\"ListItem\",\"position\":2,\"name\":\"Festm\u00e9nyek elad\u00e1sa\",\"item\":\"https:\/\/svetslik.si\/prodaja-slik\/\"},{\"@type\":\"ListItem\",\"position\":3,\"name\":\"Salvador Dali &#8211; Christ\"}]},{\"@type\":\"WebSite\",\"@id\":\"https:\/\/svetslik.si\/hu\/#website\",\"url\":\"https:\/\/svetslik.si\/hu\/\",\"name\":\"SVETSLIK.SI\",\"description\":\"100%-ban k\u00e9zzel festett reprodukci\u00f3k h\u00edres fest\u0151k festm\u00e9nyeir\u0151l \u00e9s festm\u00e9nyekr\u0151l v\u00e1szonra.\",\"publisher\":{\"@id\":\"https:\/\/svetslik.si\/hu\/#organization\"},\"potentialAction\":[{\"@type\":\"SearchAction\",\"target\":{\"@type\":\"EntryPoint\",\"urlTemplate\":\"https:\/\/svetslik.si\/hu\/?s={search_term_string}\"},\"query-input\":{\"@type\":\"PropertyValueSpecification\",\"valueRequired\":true,\"valueName\":\"search_term_string\"}}],\"inLanguage\":\"hu\"},{\"@type\":\"Organization\",\"@id\":\"https:\/\/svetslik.si\/hu\/#organization\",\"name\":\"SvetSlik.si\",\"url\":\"https:\/\/svetslik.si\/hu\/\",\"logo\":{\"@type\":\"ImageObject\",\"inLanguage\":\"hu\",\"@id\":\"https:\/\/svetslik.si\/hu\/#\/schema\/logo\/image\/\",\"url\":\"https:\/\/svetslik.si\/wp-content\/uploads\/2020\/12\/logo-512.png\",\"contentUrl\":\"https:\/\/svetslik.si\/wp-content\/uploads\/2020\/12\/logo-512.png\",\"width\":512,\"height\":512,\"caption\":\"SvetSlik.si\"},\"image\":{\"@id\":\"https:\/\/svetslik.si\/hu\/#\/schema\/logo\/image\/\"},\"sameAs\":[\"https:\/\/www.facebook.com\/svetslik.si\",\"https:\/\/x.com\/svetslik\",\"https:\/\/www.instagram.com\/svetslik.si\/\",\"https:\/\/www.linkedin.com\/company\/svetslik-si\"]}]}<\/script>\n<meta property=\"og:availability\" content=\"backorder\" \/>\n<meta property=\"product:availability\" content=\"available for order\" \/>\n<meta property=\"product:retailer_item_id\" content=\"135__\" \/>\n<meta property=\"product:condition\" content=\"new\" \/>\n<!-- \/ Yoast SEO Premium plugin. -->","yoast_head_json":{"title":"Salvador Dali - Christ - SVETSLIK.SI - 100% k\u00e9zzel festett","description":"Salvador Dali - Christ - 100% k\u00e9zzel festett h\u00edres festm\u00e9nyek reprodukci\u00f3i. Festm\u00e9nyek keretez\u00e9se, elad\u00e1sa \u00e9s egyedi rendel\u00e9sre t\u00f6rt\u00e9n\u0151 v\u00e1szonk\u00e9pek k\u00e9sz\u00edt\u00e9se.","robots":{"index":"index","follow":"follow","max-snippet":"max-snippet:-1","max-image-preview":"max-image-preview:large","max-video-preview":"max-video-preview:-1"},"canonical":"https:\/\/svetslik.si\/hu\/salvador-dali-hu\/christ\/","og_locale":"hu_HU","og_type":"article","og_title":"Salvador Dali - Christ","og_description":"100% ro\u010dno naslikane slike na platnu, reprodukcije znanih slikarjev in umetni\u0161ke slike po naro\u010dilu.","og_url":"https:\/\/svetslik.si\/hu\/salvador-dali-hu\/christ\/","og_site_name":"SVETSLIK.SI","article_publisher":"https:\/\/www.facebook.com\/svetslik.si","article_modified_time":"2024-07-11T12:14:46+00:00","og_image":[{"width":1000,"height":1783,"url":"https:\/\/svetslik.si\/wp-content\/uploads\/2021\/08\/image_Christ_680.jpg","type":"image\/jpeg"}],"twitter_card":"summary_large_image","twitter_site":"@svetslik","twitter_misc":{"El\u00e9rhet\u0151s\u00e9g":"Beszerz\u00e9s alatt"},"schema":{"@context":"https:\/\/schema.org","@graph":[{"@type":["WebPage","ItemPage"],"@id":"https:\/\/svetslik.si\/hu\/salvador-dali-hu\/christ\/","url":"https:\/\/svetslik.si\/hu\/salvador-dali-hu\/christ\/","name":"Salvador Dali - Christ - SVETSLIK.SI - 100% k\u00e9zzel festett","isPartOf":{"@id":"https:\/\/svetslik.si\/hu\/#website"},"primaryImageOfPage":{"@id":"https:\/\/svetslik.si\/hu\/salvador-dali-hu\/christ\/#primaryimage"},"image":{"@id":"https:\/\/svetslik.si\/hu\/salvador-dali-hu\/christ\/#primaryimage"},"thumbnailUrl":"https:\/\/svetslik.si\/wp-content\/uploads\/2021\/08\/image_Christ_680.jpg","datePublished":"2021-09-20T13:12:00+00:00","dateModified":"2024-07-11T12:14:46+00:00","description":"Salvador Dali - Christ - 100% k\u00e9zzel festett h\u00edres festm\u00e9nyek reprodukci\u00f3i. Festm\u00e9nyek keretez\u00e9se, elad\u00e1sa \u00e9s egyedi rendel\u00e9sre t\u00f6rt\u00e9n\u0151 v\u00e1szonk\u00e9pek k\u00e9sz\u00edt\u00e9se.","breadcrumb":{"@id":"https:\/\/svetslik.si\/hu\/salvador-dali-hu\/christ\/#breadcrumb"},"inLanguage":"hu","potentialAction":[{"@type":"ReadAction","target":["https:\/\/svetslik.si\/hu\/salvador-dali-hu\/christ\/"]}]},{"@type":"ImageObject","inLanguage":"hu","@id":"https:\/\/svetslik.si\/hu\/salvador-dali-hu\/christ\/#primaryimage","url":"https:\/\/svetslik.si\/wp-content\/uploads\/2021\/08\/image_Christ_680.jpg","contentUrl":"https:\/\/svetslik.si\/wp-content\/uploads\/2021\/08\/image_Christ_680.jpg","width":1000,"height":1783,"caption":"Salvador Dali - Christ - Krisztus - Salvador Dali - Christ - J\u00e9zus - Festm\u00e9nyek reprodukci\u00f3i - V\u00e1szonk\u00e9p - Festm\u00e9nyek reprodukci\u00f3i - Absztrakt Festm\u00e9ny - Modern Festm\u00e9ny - Realisztikus Festm\u00e9ny - Olajfestm\u00e9ny - Falik\u00e9p"},{"@type":"BreadcrumbList","@id":"https:\/\/svetslik.si\/hu\/salvador-dali-hu\/christ\/#breadcrumb","itemListElement":[{"@type":"ListItem","position":1,"name":"Wall art and paintings on canvas","item":"https:\/\/svetslik.si\/hu\/"},{"@type":"ListItem","position":2,"name":"Festm\u00e9nyek elad\u00e1sa","item":"https:\/\/svetslik.si\/prodaja-slik\/"},{"@type":"ListItem","position":3,"name":"Salvador Dali &#8211; Christ"}]},{"@type":"WebSite","@id":"https:\/\/svetslik.si\/hu\/#website","url":"https:\/\/svetslik.si\/hu\/","name":"SVETSLIK.SI","description":"100%-ban k\u00e9zzel festett reprodukci\u00f3k h\u00edres fest\u0151k festm\u00e9nyeir\u0151l \u00e9s festm\u00e9nyekr\u0151l v\u00e1szonra.","publisher":{"@id":"https:\/\/svetslik.si\/hu\/#organization"},"potentialAction":[{"@type":"SearchAction","target":{"@type":"EntryPoint","urlTemplate":"https:\/\/svetslik.si\/hu\/?s={search_term_string}"},"query-input":{"@type":"PropertyValueSpecification","valueRequired":true,"valueName":"search_term_string"}}],"inLanguage":"hu"},{"@type":"Organization","@id":"https:\/\/svetslik.si\/hu\/#organization","name":"SvetSlik.si","url":"https:\/\/svetslik.si\/hu\/","logo":{"@type":"ImageObject","inLanguage":"hu","@id":"https:\/\/svetslik.si\/hu\/#\/schema\/logo\/image\/","url":"https:\/\/svetslik.si\/wp-content\/uploads\/2020\/12\/logo-512.png","contentUrl":"https:\/\/svetslik.si\/wp-content\/uploads\/2020\/12\/logo-512.png","width":512,"height":512,"caption":"SvetSlik.si"},"image":{"@id":"https:\/\/svetslik.si\/hu\/#\/schema\/logo\/image\/"},"sameAs":["https:\/\/www.facebook.com\/svetslik.si","https:\/\/x.com\/svetslik","https:\/\/www.instagram.com\/svetslik.si\/","https:\/\/www.linkedin.com\/company\/svetslik-si"]}]},"og_availability":"backorder","product_availability":"available for order","product_retailer_item_id":"135__","product_condition":"new"},"jetpack_sharing_enabled":true,"_links":{"self":[{"href":"https:\/\/svetslik.si\/hu\/wp-json\/wp\/v2\/product\/58924","targetHints":{"allow":["GET"]}}],"collection":[{"href":"https:\/\/svetslik.si\/hu\/wp-json\/wp\/v2\/product"}],"about":[{"href":"https:\/\/svetslik.si\/hu\/wp-json\/wp\/v2\/types\/product"}],"wp:featuredmedia":[{"embeddable":true,"href":"https:\/\/svetslik.si\/hu\/wp-json\/wp\/v2\/media\/49420"}],"wp:attachment":[{"href":"https:\/\/svetslik.si\/hu\/wp-json\/wp\/v2\/media?parent=58924"}],"wp:term":[{"taxonomy":"product_brand","embeddable":true,"href":"https:\/\/svetslik.si\/hu\/wp-json\/wp\/v2\/product_brand?post=58924"},{"taxonomy":"product_cat","embeddable":true,"href":"https:\/\/svetslik.si\/hu\/wp-json\/wp\/v2\/product_cat?post=58924"},{"taxonomy":"product_tag","embeddable":true,"href":"https:\/\/svetslik.si\/hu\/wp-json\/wp\/v2\/product_tag?post=58924"}],"curies":[{"name":"wp","href":"https:\/\/api.w.org\/{rel}","templated":true}]}}