{"id":59120,"date":"2021-12-20T14:58:03","date_gmt":"2021-12-20T13:58:03","guid":{"rendered":"https:\/\/svetslik.si\/nem-kategorizalt\/nu-couche\/"},"modified":"2026-03-22T15:04:34","modified_gmt":"2026-03-22T14:04:34","slug":"nu-couche","status":"publish","type":"product","link":"https:\/\/svetslik.si\/hu\/amedeo-modigliani-hu\/nu-couche\/","title":{"rendered":"Amedeo Modigliani &#8211; Nu Couche"},"content":{"rendered":"<div class=\"wpb-content-wrapper\">[vc_row][vc_column][vc_column_text]\n<h1>Amedeo Modigliani \u2013 Nu Couche<\/h1>\n<p>&nbsp;<\/p>\n<table style=\"width: 632px;\" border=\"0\" width=\"632\" cellpadding=\"0\">\n<tbody>\n<tr>\n<td style=\"width: 180px; height: 21px;\" height=\"21\">L\u00e9trehoz\u00e1s \u00e9ve:<\/td>\n<td style=\"width: 452px;\">1917<\/td>\n<\/tr>\n<tr>\n<td style=\"width: 180px; height: 21px;\" height=\"21\">Eredeti m\u00e9ret:<\/td>\n<td style=\"width: 452px;\">116 cm x 73 cm<\/td>\n<\/tr>\n<tr>\n<td style=\"width: 180px; height: 21px;\" height=\"21\">Fest\u00e9si st\u00edlus:<\/td>\n<td style=\"width: 452px;\">Expresszionizmus<\/td>\n<\/tr>\n<tr>\n<td style=\"width: 180px; height: 21px;\" height=\"21\">Eredeti technika:<\/td>\n<td>Olaj, v\u00e1szon<\/td>\n<\/tr>\n<tr>\n<td style=\"width: 180px; height: 21px;\" height=\"21\">Helysz\u00edn:<\/td>\n<td style=\"width: 452px;\">Guggenheim M\u00fazeum, New York<\/td>\n<\/tr>\n<\/tbody>\n<colgroup>\n<col \/>\n<col \/> <\/colgroup>\n<\/table>\n<p>A festm\u00e9ny egy rendk\u00edv\u00fcl \u00e9rt\u00e9kes, meztelen n\u0151k mot\u00edvum\u00fa festm\u00e9nysorozat\u00e1hoz tartozik, \u00e9s ezeken az alkot\u00e1sokon a fest\u0151 folytatja a V\u00e9nusz egy kicsit m\u00e1sfajta \u00e1br\u00e1zol\u00e1s\u00e1nak hagyom\u00e1ny\u00e1t &#8211; a festm\u00e9nyek korai alakjainak erotik\u00e1ja mindig mitol\u00f3giailag foglal mag\u00e1ban. vagy komikus kontextusban, m\u00edg Modigliani ezzel nem foglalkozik \u2013 n\u0151i a k\u00e9perny\u0151n egyenesen \u0151szint\u00e9k \u00e9s provokat\u00edvak. Ebben a sorozatban a m\u0171v\u00e9sz modelleket \u00e1br\u00e1zolt, de soha nem bar\u00e1tokat vagy szerelmeseket \u2013 a figur\u00e1k s\u00f6t\u00e9t \u00e1gytakar\u00f3n fekszenek, amely kiemeli b\u0151r\u00fck t\u00f3nus\u00e1t; k\u00f6zelr\u0151l \u00e9s \u00e1ltal\u00e1ban fel\u00fclr\u0151l l\u00e1tjuk \u0151ket. Stiliz\u00e1lt test\u00fck szinte a teljes v\u00e1sznat elfoglalja, kez\u00fck \u00e9s l\u00e1buk gyakran k\u00edv\u00fcl esik a k\u00e9p keret\u00e9n. N\u00e9ha a figur\u00e1kat alv\u00f3 \u00e1llapotban mutatj\u00e1k be, de gyakran a n\u00e9z\u0151 fel\u00e9 is n\u00e9znek.<\/p>\n<p>&nbsp;<\/p>\n[\/vc_column_text][vc_row_inner css=&#8221;.vc_custom_1640009136732{margin-bottom: 30px !important;}&#8221;][vc_column_inner]\t<div class=\"et-image-564 et-image  full   et_image_link\">\n\t\t<div class=\"et-image-inner \">\n\t\t\t\t\t\t\t<a  class=\"mfp-image et-lightbox\" data-mfp-type=\"image\" data-mfp-src=\"https:\/\/svetslik.si\/wp-content\/uploads\/2021\/12\/Amadeo-Modigliani-Nu-Couche-reprodukcija-2-scaled.jpg\"  title=\"Amedeo Modigliani &#8211; Nu Couche &#8211; Fekv\u0151 akt &#8211; v\u00e1szonk\u00e9p &#8211; k\u00e9zzel festett fali k\u00e9p reprodukci\u00f3\">\n\t\t\t\t\t\t\t<div class=\"et-image-thumb \">\n\t\t\t\t\t<img decoding=\"async\" width=\"2560\" height=\"1920\" src=\"https:\/\/svetslik.si\/wp-content\/uploads\/2021\/12\/Amadeo-Modigliani-Nu-Couche-reprodukcija-2-scaled.jpg\" class=\"attachment-full\" alt=\"Amedeo Modigliani - Nu Couche - Fekv\u0151 akt - v\u00e1szonk\u00e9p - k\u00e9zzel festett fali k\u00e9p reprodukci\u00f3\" title=\"Amedeo Modigliani - Nu Couche - Fekv\u0151 akt - v\u00e1szonk\u00e9p - k\u00e9zzel festett fali k\u00e9p reprodukci\u00f3\" srcset=\"https:\/\/svetslik.si\/wp-content\/uploads\/2021\/12\/Amadeo-Modigliani-Nu-Couche-reprodukcija-2-scaled.jpg 2560w, https:\/\/svetslik.si\/wp-content\/uploads\/2021\/12\/Amadeo-Modigliani-Nu-Couche-reprodukcija-2-600x450.jpg 600w, https:\/\/svetslik.si\/wp-content\/uploads\/2021\/12\/Amadeo-Modigliani-Nu-Couche-reprodukcija-2-scaled-1200x900.jpg 1200w, https:\/\/svetslik.si\/wp-content\/uploads\/2021\/12\/Amadeo-Modigliani-Nu-Couche-reprodukcija-2-300x225.jpg 300w, https:\/\/svetslik.si\/wp-content\/uploads\/2021\/12\/Amadeo-Modigliani-Nu-Couche-reprodukcija-2-1024x768.jpg 1024w, https:\/\/svetslik.si\/wp-content\/uploads\/2021\/12\/Amadeo-Modigliani-Nu-Couche-reprodukcija-2-768x576.jpg 768w, https:\/\/svetslik.si\/wp-content\/uploads\/2021\/12\/Amadeo-Modigliani-Nu-Couche-reprodukcija-2-1536x1152.jpg 1536w, https:\/\/svetslik.si\/wp-content\/uploads\/2021\/12\/Amadeo-Modigliani-Nu-Couche-reprodukcija-2-2048x1536.jpg 2048w, https:\/\/svetslik.si\/wp-content\/uploads\/2021\/12\/Amadeo-Modigliani-Nu-Couche-reprodukcija-2-150x113.jpg 150w, https:\/\/svetslik.si\/wp-content\/uploads\/2021\/12\/Amadeo-Modigliani-Nu-Couche-reprodukcija-2-1320x990.jpg 1320w, https:\/\/svetslik.si\/wp-content\/uploads\/2021\/12\/Amadeo-Modigliani-Nu-Couche-reprodukcija-2-900x675.jpg 900w\" sizes=\"(max-width: 2560px) 100vw, 2560px\" \/>\t\t\t\t<\/div>\n\t\t\t\t\t\t\t<\/a>\n\t\t\t\t\t\t\t\t\t\t<div class=\"wp-caption-text\">Amedeo Modigliani - Nu Couche - Fekv\u0151 akt - v\u00e1szonk\u00e9p - k\u00e9zzel festett fali k\u00e9p reprodukci\u00f3<\/div>\n\t\t\t\t\t\t\t\t<\/div>\n\t<\/div>\n  [\/vc_column_inner][\/vc_row_inner][vc_row_inner][vc_column_inner]\t<div class=\"et-image-128 et-image  full   et_image_link\">\n\t\t<div class=\"et-image-inner \">\n\t\t\t\t\t\t\t<a  class=\"mfp-image et-lightbox\" data-mfp-type=\"image\" data-mfp-src=\"https:\/\/svetslik.si\/wp-content\/uploads\/2021\/12\/Amedeo-Modigliani-Nu-Couche-slika-na-platnu.jpg\"  title=\"Amedeo Modigliani &#8211; Nu Couche &#8211; v\u00e1szonfestm\u00e9ny &#8211; k\u00e9zzel festett festm\u00e9nyreprodukci\u00f3k &#8211; v\u00e1szonra festett falfestm\u00e9nyek\">\n\t\t\t\t\t\t\t<div class=\"et-image-thumb \">\n\t\t\t\t\t<img decoding=\"async\" width=\"2500\" height=\"1667\" src=\"https:\/\/svetslik.si\/wp-content\/uploads\/2021\/12\/Amedeo-Modigliani-Nu-Couche-slika-na-platnu.jpg\" class=\"attachment-full\" alt=\"Amedeo Modigliani - Nu Couche - v\u00e1szonfestm\u00e9ny - k\u00e9zzel festett festm\u00e9nyreprodukci\u00f3k - v\u00e1szonra festett falfestm\u00e9nyek\" title=\"Amedeo Modigliani - Nu Couche - v\u00e1szonfestm\u00e9ny - k\u00e9zzel festett festm\u00e9nyreprodukci\u00f3k - v\u00e1szonra festett falfestm\u00e9nyek\" srcset=\"https:\/\/svetslik.si\/wp-content\/uploads\/2021\/12\/Amedeo-Modigliani-Nu-Couche-slika-na-platnu.jpg 2500w, https:\/\/svetslik.si\/wp-content\/uploads\/2021\/12\/Amedeo-Modigliani-Nu-Couche-slika-na-platnu-600x400.jpg 600w, https:\/\/svetslik.si\/wp-content\/uploads\/2021\/12\/Amedeo-Modigliani-Nu-Couche-slika-na-platnu-1200x800.jpg 1200w, https:\/\/svetslik.si\/wp-content\/uploads\/2021\/12\/Amedeo-Modigliani-Nu-Couche-slika-na-platnu-300x200.jpg 300w, https:\/\/svetslik.si\/wp-content\/uploads\/2021\/12\/Amedeo-Modigliani-Nu-Couche-slika-na-platnu-1024x683.jpg 1024w, https:\/\/svetslik.si\/wp-content\/uploads\/2021\/12\/Amedeo-Modigliani-Nu-Couche-slika-na-platnu-768x512.jpg 768w, https:\/\/svetslik.si\/wp-content\/uploads\/2021\/12\/Amedeo-Modigliani-Nu-Couche-slika-na-platnu-1536x1024.jpg 1536w, https:\/\/svetslik.si\/wp-content\/uploads\/2021\/12\/Amedeo-Modigliani-Nu-Couche-slika-na-platnu-2048x1366.jpg 2048w, https:\/\/svetslik.si\/wp-content\/uploads\/2021\/12\/Amedeo-Modigliani-Nu-Couche-slika-na-platnu-150x100.jpg 150w, https:\/\/svetslik.si\/wp-content\/uploads\/2021\/12\/Amedeo-Modigliani-Nu-Couche-slika-na-platnu-1320x880.jpg 1320w, https:\/\/svetslik.si\/wp-content\/uploads\/2021\/12\/Amedeo-Modigliani-Nu-Couche-slika-na-platnu-900x600.jpg 900w\" sizes=\"(max-width: 2500px) 100vw, 2500px\" \/>\t\t\t\t<\/div>\n\t\t\t\t\t\t\t<\/a>\n\t\t\t\t\t\t\t\t\t\t\t<\/div>\n\t<\/div>\n  [\/vc_column_inner][\/vc_row_inner][\/vc_column][\/vc_row]\n<\/div>","protected":false},"excerpt":{"rendered":"<p>[vc_row][vc_column][vc_column_text] Amedeo Modigliani \u2013 Nu Couche &nbsp; L\u00e9trehoz\u00e1s \u00e9ve: 1917 Eredeti m\u00e9ret: 116 cm x 73 cm Fest\u00e9si st\u00edlus: Expresszionizmus Eredeti technika: Olaj, v\u00e1szon Helysz\u00edn: Guggenheim M\u00fazeum, New York A festm\u00e9ny egy rendk\u00edv\u00fcl \u00e9rt\u00e9kes, meztelen n\u0151k mot\u00edvum\u00fa festm\u00e9nysorozat\u00e1hoz tartozik, \u00e9s ezeken az alkot\u00e1sokon a fest\u0151 folytatja a V\u00e9nusz egy kicsit [&hellip;]<\/p>\n","protected":false},"featured_media":94400,"template":"","meta":{"_acf_changed":false},"product_brand":[],"product_cat":[7137],"product_tag":[7181,11885,11886,11887],"class_list":{"0":"post-59120","1":"product","2":"type-product","3":"status-publish","4":"has-post-thumbnail","6":"product_cat-amedeo-modigliani-hu","7":"product_tag-modigliani-hu","8":"product_tag-painter-hu","9":"product_tag-reproduction","10":"product_tag-reproductions-hu","11":"pa_dimenzija-100-x-65-cm-hu","12":"pa_dimenzija-110-x-70-cm-hu","13":"pa_dimenzija-116-x-73-cm-hu","14":"pa_dimenzija-150-x-100-cm-hu","15":"pa_dimenzija-180-x-110-cm-hu","16":"pa_dimenzija-70-x-45-cm-hu","17":"pa_dimenzija-80-x-50-cm-hu","18":"pa_dimenzija-90-x-60-cm-hu","19":"pa_oblika-vizszintes","20":"pa_okvir-nincs-keret","21":"pa_podokvir-igen","22":"pa_podokvir-nem","24":"first","25":"onbackorder","26":"purchasable","27":"product-type-variable","28":"has-default-attributes"},"acf":[],"yoast_head":"<!-- This site is optimized with the Yoast SEO Premium plugin v26.0 (Yoast SEO v27.2) - https:\/\/yoast.com\/product\/yoast-seo-premium-wordpress\/ -->\n<title>Amedeo Modigliani - Nu Couche - SVETSLIK.SI - 100% k\u00e9zzel festett<\/title>\n<meta name=\"description\" content=\"Amedeo Modigliani - Nu Couche - 100% k\u00e9zzel festett h\u00edres festm\u00e9nyek reprodukci\u00f3i. Festm\u00e9nyek keretez\u00e9se, elad\u00e1sa \u00e9s egyedi rendel\u00e9sre t\u00f6rt\u00e9n\u0151 v\u00e1szonk\u00e9pek k\u00e9sz\u00edt\u00e9se.\" \/>\n<meta name=\"robots\" content=\"index, follow, max-snippet:-1, max-image-preview:large, max-video-preview:-1\" \/>\n<link rel=\"canonical\" href=\"https:\/\/svetslik.si\/hu\/amedeo-modigliani-hu\/nu-couche\/\" \/>\n<meta property=\"og:locale\" content=\"hu_HU\" \/>\n<meta property=\"og:type\" content=\"article\" \/>\n<meta property=\"og:title\" content=\"Amedeo Modigliani - Nu Couche\" \/>\n<meta property=\"og:description\" content=\"100% ro\u010dno naslikane slike na platnu, reprodukcije znanih slikarjev in umetni\u0161ke slike po naro\u010dilu.\" \/>\n<meta property=\"og:url\" content=\"https:\/\/svetslik.si\/hu\/amedeo-modigliani-hu\/nu-couche\/\" \/>\n<meta property=\"og:site_name\" content=\"SVETSLIK.SI\" \/>\n<meta property=\"article:publisher\" content=\"https:\/\/www.facebook.com\/svetslik.si\" \/>\n<meta property=\"article:modified_time\" content=\"2026-03-22T14:04:34+00:00\" \/>\n<meta property=\"og:image\" content=\"https:\/\/svetslik.si\/wp-content\/uploads\/2021\/12\/Amedeo-Modigliani-\u2013-Nu-Couche-scaled.jpg\" \/>\n\t<meta property=\"og:image:width\" content=\"2560\" \/>\n\t<meta property=\"og:image:height\" content=\"1549\" \/>\n\t<meta property=\"og:image:type\" content=\"image\/jpeg\" \/>\n<meta name=\"twitter:card\" content=\"summary_large_image\" \/>\n<meta name=\"twitter:site\" content=\"@svetslik\" \/>\n<meta name=\"twitter:label1\" content=\"El\u00e9rhet\u0151s\u00e9g\" \/>\n\t<meta name=\"twitter:data1\" content=\"Beszerz\u00e9s alatt\" \/>\n<script type=\"application\/ld+json\" class=\"yoast-schema-graph\">{\"@context\":\"https:\/\/schema.org\",\"@graph\":[{\"@type\":[\"WebPage\",\"ItemPage\"],\"@id\":\"https:\/\/svetslik.si\/hu\/amedeo-modigliani-hu\/nu-couche\/\",\"url\":\"https:\/\/svetslik.si\/hu\/amedeo-modigliani-hu\/nu-couche\/\",\"name\":\"Amedeo Modigliani - Nu Couche - SVETSLIK.SI - 100% k\u00e9zzel festett\",\"isPartOf\":{\"@id\":\"https:\/\/svetslik.si\/hu\/#website\"},\"primaryImageOfPage\":{\"@id\":\"https:\/\/svetslik.si\/hu\/amedeo-modigliani-hu\/nu-couche\/#primaryimage\"},\"image\":{\"@id\":\"https:\/\/svetslik.si\/hu\/amedeo-modigliani-hu\/nu-couche\/#primaryimage\"},\"thumbnailUrl\":\"https:\/\/svetslik.si\/wp-content\/uploads\/2021\/12\/Amedeo-Modigliani-\u2013-Nu-Couche-scaled.jpg\",\"datePublished\":\"2021-12-20T13:58:03+00:00\",\"dateModified\":\"2026-03-22T14:04:34+00:00\",\"description\":\"Amedeo Modigliani - Nu Couche - 100% k\u00e9zzel festett h\u00edres festm\u00e9nyek reprodukci\u00f3i. Festm\u00e9nyek keretez\u00e9se, elad\u00e1sa \u00e9s egyedi rendel\u00e9sre t\u00f6rt\u00e9n\u0151 v\u00e1szonk\u00e9pek k\u00e9sz\u00edt\u00e9se.\",\"breadcrumb\":{\"@id\":\"https:\/\/svetslik.si\/hu\/amedeo-modigliani-hu\/nu-couche\/#breadcrumb\"},\"inLanguage\":\"hu\",\"potentialAction\":[{\"@type\":\"ReadAction\",\"target\":[\"https:\/\/svetslik.si\/hu\/amedeo-modigliani-hu\/nu-couche\/\"]}]},{\"@type\":\"ImageObject\",\"inLanguage\":\"hu\",\"@id\":\"https:\/\/svetslik.si\/hu\/amedeo-modigliani-hu\/nu-couche\/#primaryimage\",\"url\":\"https:\/\/svetslik.si\/wp-content\/uploads\/2021\/12\/Amedeo-Modigliani-\u2013-Nu-Couche-scaled.jpg\",\"contentUrl\":\"https:\/\/svetslik.si\/wp-content\/uploads\/2021\/12\/Amedeo-Modigliani-\u2013-Nu-Couche-scaled.jpg\",\"width\":2560,\"height\":1549,\"caption\":\"Amedeo Modigliani \u2013 Nu Couche\"},{\"@type\":\"BreadcrumbList\",\"@id\":\"https:\/\/svetslik.si\/hu\/amedeo-modigliani-hu\/nu-couche\/#breadcrumb\",\"itemListElement\":[{\"@type\":\"ListItem\",\"position\":1,\"name\":\"Wall art and paintings on canvas\",\"item\":\"https:\/\/svetslik.si\/hu\/\"},{\"@type\":\"ListItem\",\"position\":2,\"name\":\"Festm\u00e9nyek elad\u00e1sa\",\"item\":\"https:\/\/svetslik.si\/prodaja-slik\/\"},{\"@type\":\"ListItem\",\"position\":3,\"name\":\"Amedeo Modigliani &#8211; Nu Couche\"}]},{\"@type\":\"WebSite\",\"@id\":\"https:\/\/svetslik.si\/hu\/#website\",\"url\":\"https:\/\/svetslik.si\/hu\/\",\"name\":\"SVETSLIK.SI\",\"description\":\"100%-ban k\u00e9zzel festett reprodukci\u00f3k h\u00edres fest\u0151k festm\u00e9nyeir\u0151l \u00e9s festm\u00e9nyekr\u0151l v\u00e1szonra.\",\"publisher\":{\"@id\":\"https:\/\/svetslik.si\/hu\/#organization\"},\"potentialAction\":[{\"@type\":\"SearchAction\",\"target\":{\"@type\":\"EntryPoint\",\"urlTemplate\":\"https:\/\/svetslik.si\/hu\/?s={search_term_string}\"},\"query-input\":{\"@type\":\"PropertyValueSpecification\",\"valueRequired\":true,\"valueName\":\"search_term_string\"}}],\"inLanguage\":\"hu\"},{\"@type\":\"Organization\",\"@id\":\"https:\/\/svetslik.si\/hu\/#organization\",\"name\":\"SvetSlik.si\",\"url\":\"https:\/\/svetslik.si\/hu\/\",\"logo\":{\"@type\":\"ImageObject\",\"inLanguage\":\"hu\",\"@id\":\"https:\/\/svetslik.si\/hu\/#\/schema\/logo\/image\/\",\"url\":\"https:\/\/svetslik.si\/wp-content\/uploads\/2020\/12\/logo-512.png\",\"contentUrl\":\"https:\/\/svetslik.si\/wp-content\/uploads\/2020\/12\/logo-512.png\",\"width\":512,\"height\":512,\"caption\":\"SvetSlik.si\"},\"image\":{\"@id\":\"https:\/\/svetslik.si\/hu\/#\/schema\/logo\/image\/\"},\"sameAs\":[\"https:\/\/www.facebook.com\/svetslik.si\",\"https:\/\/x.com\/svetslik\",\"https:\/\/www.instagram.com\/svetslik.si\/\",\"https:\/\/www.linkedin.com\/company\/svetslik-si\"]}]}<\/script>\n<meta property=\"og:availability\" content=\"backorder\" \/>\n<meta property=\"product:availability\" content=\"available for order\" \/>\n<meta property=\"product:retailer_item_id\" content=\"385__-1\" \/>\n<meta property=\"product:condition\" content=\"new\" \/>\n<!-- \/ Yoast SEO Premium plugin. -->","yoast_head_json":{"title":"Amedeo Modigliani - Nu Couche - SVETSLIK.SI - 100% k\u00e9zzel festett","description":"Amedeo Modigliani - Nu Couche - 100% k\u00e9zzel festett h\u00edres festm\u00e9nyek reprodukci\u00f3i. Festm\u00e9nyek keretez\u00e9se, elad\u00e1sa \u00e9s egyedi rendel\u00e9sre t\u00f6rt\u00e9n\u0151 v\u00e1szonk\u00e9pek k\u00e9sz\u00edt\u00e9se.","robots":{"index":"index","follow":"follow","max-snippet":"max-snippet:-1","max-image-preview":"max-image-preview:large","max-video-preview":"max-video-preview:-1"},"canonical":"https:\/\/svetslik.si\/hu\/amedeo-modigliani-hu\/nu-couche\/","og_locale":"hu_HU","og_type":"article","og_title":"Amedeo Modigliani - Nu Couche","og_description":"100% ro\u010dno naslikane slike na platnu, reprodukcije znanih slikarjev in umetni\u0161ke slike po naro\u010dilu.","og_url":"https:\/\/svetslik.si\/hu\/amedeo-modigliani-hu\/nu-couche\/","og_site_name":"SVETSLIK.SI","article_publisher":"https:\/\/www.facebook.com\/svetslik.si","article_modified_time":"2026-03-22T14:04:34+00:00","og_image":[{"width":2560,"height":1549,"url":"https:\/\/svetslik.si\/wp-content\/uploads\/2021\/12\/Amedeo-Modigliani-\u2013-Nu-Couche-scaled.jpg","type":"image\/jpeg"}],"twitter_card":"summary_large_image","twitter_site":"@svetslik","twitter_misc":{"El\u00e9rhet\u0151s\u00e9g":"Beszerz\u00e9s alatt"},"schema":{"@context":"https:\/\/schema.org","@graph":[{"@type":["WebPage","ItemPage"],"@id":"https:\/\/svetslik.si\/hu\/amedeo-modigliani-hu\/nu-couche\/","url":"https:\/\/svetslik.si\/hu\/amedeo-modigliani-hu\/nu-couche\/","name":"Amedeo Modigliani - Nu Couche - SVETSLIK.SI - 100% k\u00e9zzel festett","isPartOf":{"@id":"https:\/\/svetslik.si\/hu\/#website"},"primaryImageOfPage":{"@id":"https:\/\/svetslik.si\/hu\/amedeo-modigliani-hu\/nu-couche\/#primaryimage"},"image":{"@id":"https:\/\/svetslik.si\/hu\/amedeo-modigliani-hu\/nu-couche\/#primaryimage"},"thumbnailUrl":"https:\/\/svetslik.si\/wp-content\/uploads\/2021\/12\/Amedeo-Modigliani-\u2013-Nu-Couche-scaled.jpg","datePublished":"2021-12-20T13:58:03+00:00","dateModified":"2026-03-22T14:04:34+00:00","description":"Amedeo Modigliani - Nu Couche - 100% k\u00e9zzel festett h\u00edres festm\u00e9nyek reprodukci\u00f3i. Festm\u00e9nyek keretez\u00e9se, elad\u00e1sa \u00e9s egyedi rendel\u00e9sre t\u00f6rt\u00e9n\u0151 v\u00e1szonk\u00e9pek k\u00e9sz\u00edt\u00e9se.","breadcrumb":{"@id":"https:\/\/svetslik.si\/hu\/amedeo-modigliani-hu\/nu-couche\/#breadcrumb"},"inLanguage":"hu","potentialAction":[{"@type":"ReadAction","target":["https:\/\/svetslik.si\/hu\/amedeo-modigliani-hu\/nu-couche\/"]}]},{"@type":"ImageObject","inLanguage":"hu","@id":"https:\/\/svetslik.si\/hu\/amedeo-modigliani-hu\/nu-couche\/#primaryimage","url":"https:\/\/svetslik.si\/wp-content\/uploads\/2021\/12\/Amedeo-Modigliani-\u2013-Nu-Couche-scaled.jpg","contentUrl":"https:\/\/svetslik.si\/wp-content\/uploads\/2021\/12\/Amedeo-Modigliani-\u2013-Nu-Couche-scaled.jpg","width":2560,"height":1549,"caption":"Amedeo Modigliani \u2013 Nu Couche"},{"@type":"BreadcrumbList","@id":"https:\/\/svetslik.si\/hu\/amedeo-modigliani-hu\/nu-couche\/#breadcrumb","itemListElement":[{"@type":"ListItem","position":1,"name":"Wall art and paintings on canvas","item":"https:\/\/svetslik.si\/hu\/"},{"@type":"ListItem","position":2,"name":"Festm\u00e9nyek elad\u00e1sa","item":"https:\/\/svetslik.si\/prodaja-slik\/"},{"@type":"ListItem","position":3,"name":"Amedeo Modigliani &#8211; Nu Couche"}]},{"@type":"WebSite","@id":"https:\/\/svetslik.si\/hu\/#website","url":"https:\/\/svetslik.si\/hu\/","name":"SVETSLIK.SI","description":"100%-ban k\u00e9zzel festett reprodukci\u00f3k h\u00edres fest\u0151k festm\u00e9nyeir\u0151l \u00e9s festm\u00e9nyekr\u0151l v\u00e1szonra.","publisher":{"@id":"https:\/\/svetslik.si\/hu\/#organization"},"potentialAction":[{"@type":"SearchAction","target":{"@type":"EntryPoint","urlTemplate":"https:\/\/svetslik.si\/hu\/?s={search_term_string}"},"query-input":{"@type":"PropertyValueSpecification","valueRequired":true,"valueName":"search_term_string"}}],"inLanguage":"hu"},{"@type":"Organization","@id":"https:\/\/svetslik.si\/hu\/#organization","name":"SvetSlik.si","url":"https:\/\/svetslik.si\/hu\/","logo":{"@type":"ImageObject","inLanguage":"hu","@id":"https:\/\/svetslik.si\/hu\/#\/schema\/logo\/image\/","url":"https:\/\/svetslik.si\/wp-content\/uploads\/2020\/12\/logo-512.png","contentUrl":"https:\/\/svetslik.si\/wp-content\/uploads\/2020\/12\/logo-512.png","width":512,"height":512,"caption":"SvetSlik.si"},"image":{"@id":"https:\/\/svetslik.si\/hu\/#\/schema\/logo\/image\/"},"sameAs":["https:\/\/www.facebook.com\/svetslik.si","https:\/\/x.com\/svetslik","https:\/\/www.instagram.com\/svetslik.si\/","https:\/\/www.linkedin.com\/company\/svetslik-si"]}]},"og_availability":"backorder","product_availability":"available for order","product_retailer_item_id":"385__-1","product_condition":"new"},"jetpack_sharing_enabled":true,"_links":{"self":[{"href":"https:\/\/svetslik.si\/hu\/wp-json\/wp\/v2\/product\/59120","targetHints":{"allow":["GET"]}}],"collection":[{"href":"https:\/\/svetslik.si\/hu\/wp-json\/wp\/v2\/product"}],"about":[{"href":"https:\/\/svetslik.si\/hu\/wp-json\/wp\/v2\/types\/product"}],"wp:featuredmedia":[{"embeddable":true,"href":"https:\/\/svetslik.si\/hu\/wp-json\/wp\/v2\/media\/94400"}],"wp:attachment":[{"href":"https:\/\/svetslik.si\/hu\/wp-json\/wp\/v2\/media?parent=59120"}],"wp:term":[{"taxonomy":"product_brand","embeddable":true,"href":"https:\/\/svetslik.si\/hu\/wp-json\/wp\/v2\/product_brand?post=59120"},{"taxonomy":"product_cat","embeddable":true,"href":"https:\/\/svetslik.si\/hu\/wp-json\/wp\/v2\/product_cat?post=59120"},{"taxonomy":"product_tag","embeddable":true,"href":"https:\/\/svetslik.si\/hu\/wp-json\/wp\/v2\/product_tag?post=59120"}],"curies":[{"name":"wp","href":"https:\/\/api.w.org\/{rel}","templated":true}]}}