{"id":59161,"date":"2021-12-26T11:58:36","date_gmt":"2021-12-26T10:58:36","guid":{"rendered":"https:\/\/svetslik.si\/nem-kategorizalt\/judith-ii-salome\/"},"modified":"2026-03-22T15:05:20","modified_gmt":"2026-03-22T14:05:20","slug":"judith-ii-salome","status":"publish","type":"product","link":"https:\/\/svetslik.si\/hu\/gustav-klimt-hu\/judith-ii-salome\/","title":{"rendered":"Gustav Klimt &#8211; Judith II Salom\u00e8"},"content":{"rendered":"<div class=\"wpb-content-wrapper\">[vc_row][vc_column][vc_column_text]\n<h1>Gustav Klimt \u2013 Judit II Salom\u00e8<\/h1>\n<p>A Gustav Klimt osztr\u00e1k m\u0171v\u00e9sz \u00e1ltal 1909-ben festett &#8220;II. Judit (Salome)&#8221; a m\u0171v\u00e9sz egyik legvitatottabb \u00e9s legprovokat\u00edvabb alkot\u00e1sa. A festm\u00e9ny Judit bibliai alakj\u00e1t \u00e1br\u00e1zolja Holofern\u00e9sz lefejez\u00e9sekor, amely jelenet a kereszt\u00e9ny \u00e9s a zsid\u00f3 hagyom\u00e1nyban Salamonnal, Her\u00f3di\u00e1s l\u00e1ny\u00e1val is kapcsolatba ker\u00fcl.<\/p>\n<p>A festm\u00e9ny kiv\u00e1l\u00f3 p\u00e9ld\u00e1ja Klimt szecesszi\u00f3s st\u00edlus\u00e1nak, amelyet a d\u00edszes mint\u00e1k, a mer\u00e9sz sz\u00ednek \u00e9s az \u00e9rz\u00e9ki tematika jellemez. Juditot er\u0151sen stiliz\u00e1ltan, megny\u00falt v\u00e9gtagokkal \u00e9s leegyszer\u0171s\u00edtett arcvon\u00e1sokkal \u00e1br\u00e1zolj\u00e1k, ami t\u00falvil\u00e1gi \u00e9s \u00e1lomszer\u0171 min\u0151s\u00e9get ad a k\u00e9pnek.<\/p>\n<p>A &#8220;Judith II (Salome)&#8221; egyik legszembet\u0171n\u0151bb jellemz\u0151je a mer\u00e9sz sz\u00ednek \u00e9s a bonyolult mint\u00e1k haszn\u00e1lata. A festm\u00e9ny sz\u00ednfoltja, Judittal, Holofern\u00e9szszel \u00e9s kavarg\u00f3, egym\u00e1sba fon\u00f3d\u00f3 mint\u00e1kb\u00f3l \u00e1ll\u00f3 h\u00e1tt\u00e9rrel. A sz\u00ednek \u00e9s mint\u00e1k haszn\u00e1lata a mozg\u00e1s \u00e9s a g\u00f6rd\u00fcl\u00e9kenys\u00e9g \u00e9rzet\u00e9t kelti, ami megfelel\u0151 a k\u00e9p er\u0151szak \u00e9s hal\u00e1l t\u00e9m\u00e1j\u00e1hoz k\u00e9pest.<\/p>\n<p>A festm\u00e9ny szimbolik\u00e1ja is gazdag. Juditot gyakran a b\u00e1tors\u00e1g, az er\u0151 \u00e9s a felszabadul\u00e1s szimb\u00f3lum\u00e1nak tekintik, m\u00edg Holofern\u00e9szt a zsarnoks\u00e1g \u00e9s az elnyom\u00e1s szimb\u00f3lum\u00e1nak tekintik. A festm\u00e9nyen a lefejez\u00e9s a j\u00f3 diadal\u00e1t jelentheti a gonosz felett \u00e9s az elnyomottak gy\u0151zelm\u00e9t az elnyom\u00f3 felett.<\/p>\n<p>A k\u00e9pet a kritikusok nem fogadt\u00e1k j\u00f3l, amikor el\u0151sz\u00f6r ki\u00e1ll\u00edtott\u00e1k, \u00e9s erotikus \u00e9s er\u0151szakos term\u00e9szete miatt t\u00fals\u00e1gosan ellentmond\u00e1sosnak tartott\u00e1k. Er\u0151sen kritiz\u00e1lt\u00e1k az\u00e9rt is, mert egy bibliai figur\u00e1t ilyen \u00e9rz\u00e9ki \u00e9s provokat\u00edv m\u00f3don \u00e1br\u00e1zolt. A vita ellen\u00e9re a festm\u00e9ny az\u00f3ta Klimt egyik legismertebb \u00e9s leg\u00fcnnepeltebb alkot\u00e1sa lett. Jelenleg az \u00d6sterreichische Galerie Belvedere-ben tal\u00e1lhat\u00f3 B\u00e9csben, Ausztri\u00e1ban.<\/p>\n<p>R\u00f6viden: &#8220;Judith II (Salome)&#8221; egy ellentmond\u00e1sos \u00e9s provokat\u00edv festm\u00e9ny, amely Gustav Klimt szecesszi\u00f3s st\u00edlus\u00e1t f\u00e9mjelzi d\u00edszes mint\u00e1kat, mer\u00e9sz sz\u00edneket \u00e9s \u00e9rz\u00e9ki t\u00e9m\u00e1t. A festm\u00e9ny sz\u00edn- \u00e9s mintahaszn\u00e1lata a mozg\u00e1s \u00e9s a g\u00f6rd\u00fcl\u00e9kenys\u00e9g \u00e9rzet\u00e9t kelt, m\u00edg a lefejez\u00e9si jelenet a j\u00f3 diadal\u00e1t a gonosz felett \u00e9s az elnyomottak gy\u0151zelm\u00e9t az elnyom\u00f3 felett. A vita ellen\u00e9re a festm\u00e9ny az\u00f3ta Klimt egyik legismertebb \u00e9s leg\u00fcnnepeltebb alkot\u00e1sa lett, \u00e9s jelenleg a b\u00e9csi \u00d6sterreichische Galerie Belvedere-ben tal\u00e1lhat\u00f3, Ausztri\u00e1ban.<\/p>\n[\/vc_column_text][\/vc_column][\/vc_row]\n<\/div>","protected":false},"excerpt":{"rendered":"<p>[vc_row][vc_column][vc_column_text] Gustav Klimt \u2013 Judit II Salom\u00e8 A Gustav Klimt osztr\u00e1k m\u0171v\u00e9sz \u00e1ltal 1909-ben festett &#8220;II. Judit (Salome)&#8221; a m\u0171v\u00e9sz egyik legvitatottabb \u00e9s legprovokat\u00edvabb alkot\u00e1sa. A festm\u00e9ny Judit bibliai alakj\u00e1t \u00e1br\u00e1zolja Holofern\u00e9sz lefejez\u00e9sekor, amely jelenet a kereszt\u00e9ny \u00e9s a zsid\u00f3 hagyom\u00e1nyban Salamonnal, Her\u00f3di\u00e1s l\u00e1ny\u00e1val is kapcsolatba ker\u00fcl. A festm\u00e9ny kiv\u00e1l\u00f3 [&hellip;]<\/p>\n","protected":false},"featured_media":49681,"template":"","meta":{"_acf_changed":false},"product_brand":[],"product_cat":[7143],"product_tag":[7170,7174,11885,11886,11887],"class_list":{"0":"post-59161","1":"product","2":"type-product","3":"status-publish","4":"has-post-thumbnail","6":"product_cat-gustav-klimt-hu","7":"product_tag-gustav-klimt-hu","8":"product_tag-klimt-hu","9":"product_tag-painter-hu","10":"product_tag-reproduction","11":"product_tag-reproductions-hu","12":"pa_dimenzija-100-x-270-cm","13":"pa_dimenzija-30-x-80-cm","14":"pa_dimenzija-40-x-110-cm","15":"pa_dimenzija-50-x-140-cm","16":"pa_dimenzija-60-x-165-cm","17":"pa_dimenzija-66-x-181-cm","18":"pa_dimenzija-80-x-220-cm","19":"pa_dimenzija-90-x-250-cm","20":"pa_oblika-fuggoleges","21":"pa_okvir-nincs-keret","22":"pa_podokvir-igen","23":"pa_podokvir-nem","25":"first","26":"instock","27":"purchasable","28":"product-type-variable","29":"has-default-attributes"},"acf":[],"yoast_head":"<!-- This site is optimized with the Yoast SEO Premium plugin v26.0 (Yoast SEO v27.2) - https:\/\/yoast.com\/product\/yoast-seo-premium-wordpress\/ -->\n<title>Gustav Klimt - Judith II Salom\u00e8 - SVETSLIK.SI - 100% k\u00e9zzel festett<\/title>\n<meta name=\"description\" content=\"Gustav Klimt - Judith II Salom\u00e8 - 100% k\u00e9zzel festett h\u00edres festm\u00e9nyek reprodukci\u00f3i. Festm\u00e9nyek keretez\u00e9se, elad\u00e1sa \u00e9s egyedi rendel\u00e9sre t\u00f6rt\u00e9n\u0151 v\u00e1szonk\u00e9pek k\u00e9sz\u00edt\u00e9se.\" \/>\n<meta name=\"robots\" content=\"index, follow, max-snippet:-1, max-image-preview:large, max-video-preview:-1\" \/>\n<link rel=\"canonical\" href=\"https:\/\/svetslik.si\/hu\/gustav-klimt-hu\/judith-ii-salome\/\" \/>\n<meta property=\"og:locale\" content=\"hu_HU\" \/>\n<meta property=\"og:type\" content=\"article\" \/>\n<meta property=\"og:title\" content=\"Gustav Klimt - Judith II Salom\u00e8\" \/>\n<meta property=\"og:description\" content=\"100% ro\u010dno naslikane slike na platnu, reprodukcije znanih slikarjev in umetni\u0161ke slike po naro\u010dilu.\" \/>\n<meta property=\"og:url\" content=\"https:\/\/svetslik.si\/hu\/gustav-klimt-hu\/judith-ii-salome\/\" \/>\n<meta property=\"og:site_name\" content=\"SVETSLIK.SI\" \/>\n<meta property=\"article:publisher\" content=\"https:\/\/www.facebook.com\/svetslik.si\" \/>\n<meta property=\"article:modified_time\" content=\"2026-03-22T14:05:20+00:00\" \/>\n<meta property=\"og:image\" content=\"https:\/\/svetslik.si\/wp-content\/uploads\/2021\/08\/image_Judith-II-Salome_680-e1640515975286.jpg\" \/>\n\t<meta property=\"og:image:width\" content=\"297\" \/>\n\t<meta property=\"og:image:height\" content=\"1143\" \/>\n\t<meta property=\"og:image:type\" content=\"image\/jpeg\" \/>\n<meta name=\"twitter:card\" content=\"summary_large_image\" \/>\n<meta name=\"twitter:site\" content=\"@svetslik\" \/>\n<meta name=\"twitter:label1\" content=\"El\u00e9rhet\u0151s\u00e9g\" \/>\n\t<meta name=\"twitter:data1\" content=\"K\u00e9szleten\" \/>\n<script type=\"application\/ld+json\" class=\"yoast-schema-graph\">{\"@context\":\"https:\/\/schema.org\",\"@graph\":[{\"@type\":[\"WebPage\",\"ItemPage\"],\"@id\":\"https:\/\/svetslik.si\/hu\/gustav-klimt-hu\/judith-ii-salome\/\",\"url\":\"https:\/\/svetslik.si\/hu\/gustav-klimt-hu\/judith-ii-salome\/\",\"name\":\"Gustav Klimt - Judith II Salom\u00e8 - SVETSLIK.SI - 100% k\u00e9zzel festett\",\"isPartOf\":{\"@id\":\"https:\/\/svetslik.si\/hu\/#website\"},\"primaryImageOfPage\":{\"@id\":\"https:\/\/svetslik.si\/hu\/gustav-klimt-hu\/judith-ii-salome\/#primaryimage\"},\"image\":{\"@id\":\"https:\/\/svetslik.si\/hu\/gustav-klimt-hu\/judith-ii-salome\/#primaryimage\"},\"thumbnailUrl\":\"https:\/\/svetslik.si\/wp-content\/uploads\/2021\/08\/image_Judith-II-Salome_680-e1640515975286.jpg\",\"datePublished\":\"2021-12-26T10:58:36+00:00\",\"dateModified\":\"2026-03-22T14:05:20+00:00\",\"description\":\"Gustav Klimt - Judith II Salom\u00e8 - 100% k\u00e9zzel festett h\u00edres festm\u00e9nyek reprodukci\u00f3i. Festm\u00e9nyek keretez\u00e9se, elad\u00e1sa \u00e9s egyedi rendel\u00e9sre t\u00f6rt\u00e9n\u0151 v\u00e1szonk\u00e9pek k\u00e9sz\u00edt\u00e9se.\",\"breadcrumb\":{\"@id\":\"https:\/\/svetslik.si\/hu\/gustav-klimt-hu\/judith-ii-salome\/#breadcrumb\"},\"inLanguage\":\"hu\",\"potentialAction\":[{\"@type\":\"ReadAction\",\"target\":[\"https:\/\/svetslik.si\/hu\/gustav-klimt-hu\/judith-ii-salome\/\"]}]},{\"@type\":\"ImageObject\",\"inLanguage\":\"hu\",\"@id\":\"https:\/\/svetslik.si\/hu\/gustav-klimt-hu\/judith-ii-salome\/#primaryimage\",\"url\":\"https:\/\/svetslik.si\/wp-content\/uploads\/2021\/08\/image_Judith-II-Salome_680-e1640515975286.jpg\",\"contentUrl\":\"https:\/\/svetslik.si\/wp-content\/uploads\/2021\/08\/image_Judith-II-Salome_680-e1640515975286.jpg\",\"width\":297,\"height\":1143,\"caption\":\"Gustav Klimt - Judith-II-Salome - Judith-II-Salome - REPRODUKCI\u00d3I - V\u00e1szonk\u00e9p - Festm\u00e9nyek reprodukci\u00f3i - Absztrakt Festm\u00e9ny - Modern Festm\u00e9ny - Realisztikus Festm\u00e9ny - Olajfestm\u00e9ny - Falik\u00e9p\"},{\"@type\":\"BreadcrumbList\",\"@id\":\"https:\/\/svetslik.si\/hu\/gustav-klimt-hu\/judith-ii-salome\/#breadcrumb\",\"itemListElement\":[{\"@type\":\"ListItem\",\"position\":1,\"name\":\"Wall art and paintings on canvas\",\"item\":\"https:\/\/svetslik.si\/hu\/\"},{\"@type\":\"ListItem\",\"position\":2,\"name\":\"Festm\u00e9nyek elad\u00e1sa\",\"item\":\"https:\/\/svetslik.si\/prodaja-slik\/\"},{\"@type\":\"ListItem\",\"position\":3,\"name\":\"Gustav Klimt &#8211; Judith II Salom\u00e8\"}]},{\"@type\":\"WebSite\",\"@id\":\"https:\/\/svetslik.si\/hu\/#website\",\"url\":\"https:\/\/svetslik.si\/hu\/\",\"name\":\"SVETSLIK.SI\",\"description\":\"100%-ban k\u00e9zzel festett reprodukci\u00f3k h\u00edres fest\u0151k festm\u00e9nyeir\u0151l \u00e9s festm\u00e9nyekr\u0151l v\u00e1szonra.\",\"publisher\":{\"@id\":\"https:\/\/svetslik.si\/hu\/#organization\"},\"potentialAction\":[{\"@type\":\"SearchAction\",\"target\":{\"@type\":\"EntryPoint\",\"urlTemplate\":\"https:\/\/svetslik.si\/hu\/?s={search_term_string}\"},\"query-input\":{\"@type\":\"PropertyValueSpecification\",\"valueRequired\":true,\"valueName\":\"search_term_string\"}}],\"inLanguage\":\"hu\"},{\"@type\":\"Organization\",\"@id\":\"https:\/\/svetslik.si\/hu\/#organization\",\"name\":\"SvetSlik.si\",\"url\":\"https:\/\/svetslik.si\/hu\/\",\"logo\":{\"@type\":\"ImageObject\",\"inLanguage\":\"hu\",\"@id\":\"https:\/\/svetslik.si\/hu\/#\/schema\/logo\/image\/\",\"url\":\"https:\/\/svetslik.si\/wp-content\/uploads\/2020\/12\/logo-512.png\",\"contentUrl\":\"https:\/\/svetslik.si\/wp-content\/uploads\/2020\/12\/logo-512.png\",\"width\":512,\"height\":512,\"caption\":\"SvetSlik.si\"},\"image\":{\"@id\":\"https:\/\/svetslik.si\/hu\/#\/schema\/logo\/image\/\"},\"sameAs\":[\"https:\/\/www.facebook.com\/svetslik.si\",\"https:\/\/x.com\/svetslik\",\"https:\/\/www.instagram.com\/svetslik.si\/\",\"https:\/\/www.linkedin.com\/company\/svetslik-si\"]}]}<\/script>\n<meta property=\"og:availability\" content=\"instock\" \/>\n<meta property=\"product:availability\" content=\"instock\" \/>\n<meta property=\"product:retailer_item_id\" content=\"558__-1\" \/>\n<meta property=\"product:condition\" content=\"new\" \/>\n<!-- \/ Yoast SEO Premium plugin. -->","yoast_head_json":{"title":"Gustav Klimt - Judith II Salom\u00e8 - SVETSLIK.SI - 100% k\u00e9zzel festett","description":"Gustav Klimt - Judith II Salom\u00e8 - 100% k\u00e9zzel festett h\u00edres festm\u00e9nyek reprodukci\u00f3i. Festm\u00e9nyek keretez\u00e9se, elad\u00e1sa \u00e9s egyedi rendel\u00e9sre t\u00f6rt\u00e9n\u0151 v\u00e1szonk\u00e9pek k\u00e9sz\u00edt\u00e9se.","robots":{"index":"index","follow":"follow","max-snippet":"max-snippet:-1","max-image-preview":"max-image-preview:large","max-video-preview":"max-video-preview:-1"},"canonical":"https:\/\/svetslik.si\/hu\/gustav-klimt-hu\/judith-ii-salome\/","og_locale":"hu_HU","og_type":"article","og_title":"Gustav Klimt - Judith II Salom\u00e8","og_description":"100% ro\u010dno naslikane slike na platnu, reprodukcije znanih slikarjev in umetni\u0161ke slike po naro\u010dilu.","og_url":"https:\/\/svetslik.si\/hu\/gustav-klimt-hu\/judith-ii-salome\/","og_site_name":"SVETSLIK.SI","article_publisher":"https:\/\/www.facebook.com\/svetslik.si","article_modified_time":"2026-03-22T14:05:20+00:00","og_image":[{"width":297,"height":1143,"url":"https:\/\/svetslik.si\/wp-content\/uploads\/2021\/08\/image_Judith-II-Salome_680-e1640515975286.jpg","type":"image\/jpeg"}],"twitter_card":"summary_large_image","twitter_site":"@svetslik","twitter_misc":{"El\u00e9rhet\u0151s\u00e9g":"K\u00e9szleten"},"schema":{"@context":"https:\/\/schema.org","@graph":[{"@type":["WebPage","ItemPage"],"@id":"https:\/\/svetslik.si\/hu\/gustav-klimt-hu\/judith-ii-salome\/","url":"https:\/\/svetslik.si\/hu\/gustav-klimt-hu\/judith-ii-salome\/","name":"Gustav Klimt - Judith II Salom\u00e8 - SVETSLIK.SI - 100% k\u00e9zzel festett","isPartOf":{"@id":"https:\/\/svetslik.si\/hu\/#website"},"primaryImageOfPage":{"@id":"https:\/\/svetslik.si\/hu\/gustav-klimt-hu\/judith-ii-salome\/#primaryimage"},"image":{"@id":"https:\/\/svetslik.si\/hu\/gustav-klimt-hu\/judith-ii-salome\/#primaryimage"},"thumbnailUrl":"https:\/\/svetslik.si\/wp-content\/uploads\/2021\/08\/image_Judith-II-Salome_680-e1640515975286.jpg","datePublished":"2021-12-26T10:58:36+00:00","dateModified":"2026-03-22T14:05:20+00:00","description":"Gustav Klimt - Judith II Salom\u00e8 - 100% k\u00e9zzel festett h\u00edres festm\u00e9nyek reprodukci\u00f3i. Festm\u00e9nyek keretez\u00e9se, elad\u00e1sa \u00e9s egyedi rendel\u00e9sre t\u00f6rt\u00e9n\u0151 v\u00e1szonk\u00e9pek k\u00e9sz\u00edt\u00e9se.","breadcrumb":{"@id":"https:\/\/svetslik.si\/hu\/gustav-klimt-hu\/judith-ii-salome\/#breadcrumb"},"inLanguage":"hu","potentialAction":[{"@type":"ReadAction","target":["https:\/\/svetslik.si\/hu\/gustav-klimt-hu\/judith-ii-salome\/"]}]},{"@type":"ImageObject","inLanguage":"hu","@id":"https:\/\/svetslik.si\/hu\/gustav-klimt-hu\/judith-ii-salome\/#primaryimage","url":"https:\/\/svetslik.si\/wp-content\/uploads\/2021\/08\/image_Judith-II-Salome_680-e1640515975286.jpg","contentUrl":"https:\/\/svetslik.si\/wp-content\/uploads\/2021\/08\/image_Judith-II-Salome_680-e1640515975286.jpg","width":297,"height":1143,"caption":"Gustav Klimt - Judith-II-Salome - Judith-II-Salome - REPRODUKCI\u00d3I - V\u00e1szonk\u00e9p - Festm\u00e9nyek reprodukci\u00f3i - Absztrakt Festm\u00e9ny - Modern Festm\u00e9ny - Realisztikus Festm\u00e9ny - Olajfestm\u00e9ny - Falik\u00e9p"},{"@type":"BreadcrumbList","@id":"https:\/\/svetslik.si\/hu\/gustav-klimt-hu\/judith-ii-salome\/#breadcrumb","itemListElement":[{"@type":"ListItem","position":1,"name":"Wall art and paintings on canvas","item":"https:\/\/svetslik.si\/hu\/"},{"@type":"ListItem","position":2,"name":"Festm\u00e9nyek elad\u00e1sa","item":"https:\/\/svetslik.si\/prodaja-slik\/"},{"@type":"ListItem","position":3,"name":"Gustav Klimt &#8211; Judith II Salom\u00e8"}]},{"@type":"WebSite","@id":"https:\/\/svetslik.si\/hu\/#website","url":"https:\/\/svetslik.si\/hu\/","name":"SVETSLIK.SI","description":"100%-ban k\u00e9zzel festett reprodukci\u00f3k h\u00edres fest\u0151k festm\u00e9nyeir\u0151l \u00e9s festm\u00e9nyekr\u0151l v\u00e1szonra.","publisher":{"@id":"https:\/\/svetslik.si\/hu\/#organization"},"potentialAction":[{"@type":"SearchAction","target":{"@type":"EntryPoint","urlTemplate":"https:\/\/svetslik.si\/hu\/?s={search_term_string}"},"query-input":{"@type":"PropertyValueSpecification","valueRequired":true,"valueName":"search_term_string"}}],"inLanguage":"hu"},{"@type":"Organization","@id":"https:\/\/svetslik.si\/hu\/#organization","name":"SvetSlik.si","url":"https:\/\/svetslik.si\/hu\/","logo":{"@type":"ImageObject","inLanguage":"hu","@id":"https:\/\/svetslik.si\/hu\/#\/schema\/logo\/image\/","url":"https:\/\/svetslik.si\/wp-content\/uploads\/2020\/12\/logo-512.png","contentUrl":"https:\/\/svetslik.si\/wp-content\/uploads\/2020\/12\/logo-512.png","width":512,"height":512,"caption":"SvetSlik.si"},"image":{"@id":"https:\/\/svetslik.si\/hu\/#\/schema\/logo\/image\/"},"sameAs":["https:\/\/www.facebook.com\/svetslik.si","https:\/\/x.com\/svetslik","https:\/\/www.instagram.com\/svetslik.si\/","https:\/\/www.linkedin.com\/company\/svetslik-si"]}]},"og_availability":"instock","product_availability":"instock","product_retailer_item_id":"558__-1","product_condition":"new"},"jetpack_sharing_enabled":true,"_links":{"self":[{"href":"https:\/\/svetslik.si\/hu\/wp-json\/wp\/v2\/product\/59161","targetHints":{"allow":["GET"]}}],"collection":[{"href":"https:\/\/svetslik.si\/hu\/wp-json\/wp\/v2\/product"}],"about":[{"href":"https:\/\/svetslik.si\/hu\/wp-json\/wp\/v2\/types\/product"}],"wp:featuredmedia":[{"embeddable":true,"href":"https:\/\/svetslik.si\/hu\/wp-json\/wp\/v2\/media\/49681"}],"wp:attachment":[{"href":"https:\/\/svetslik.si\/hu\/wp-json\/wp\/v2\/media?parent=59161"}],"wp:term":[{"taxonomy":"product_brand","embeddable":true,"href":"https:\/\/svetslik.si\/hu\/wp-json\/wp\/v2\/product_brand?post=59161"},{"taxonomy":"product_cat","embeddable":true,"href":"https:\/\/svetslik.si\/hu\/wp-json\/wp\/v2\/product_cat?post=59161"},{"taxonomy":"product_tag","embeddable":true,"href":"https:\/\/svetslik.si\/hu\/wp-json\/wp\/v2\/product_tag?post=59161"}],"curies":[{"name":"wp","href":"https:\/\/api.w.org\/{rel}","templated":true}]}}