{"id":59322,"date":"2022-08-23T12:09:25","date_gmt":"2022-08-23T10:09:25","guid":{"rendered":"https:\/\/svetslik.si\/nem-kategorizalt\/darilni-bon\/"},"modified":"2026-03-22T15:06:02","modified_gmt":"2026-03-22T14:06:02","slug":"ajandekutalvany","status":"publish","type":"product","link":"https:\/\/svetslik.si\/hu\/ajandekutalvany\/ajandekutalvany\/","title":{"rendered":"Aj\u00e1nd\u00e9kutalv\u00e1ny"},"content":{"rendered":"<div class=\"wpb-content-wrapper\">[vc_row][vc_column][vc_column_text]\n<h3>AJ\u00c1ND\u00c9K UTALV\u00c1NY \u00e9s \u00c9RT\u00c9K UTALV\u00c1NY<\/h3>\n<p>Lehet\u0151s\u00e9get k\u00edn\u00e1lunk k\u00e9t f\u00e9le utalv\u00e1ny k\u00e9sz\u00edt\u00e9s\u00e9re:<\/p>\n<h4>\u00c9RT\u00c9K UTALV\u00c1NY M\u0170K\u00d6D\u00c9SI K\u00c9P V\u00c1S\u00c1RL\u00c1S\u00c1RA<\/h4>\n<p>Ha szeretn\u00e9, hogy az aj\u00e1nd\u00e9kozottnak v\u00e1lassza ki a k\u00e9pet, adja \u00e1t az <strong>\u00c9RT\u00c9K UTALV\u00c1NYT A K\u00c9PHEZ<\/strong>, amely tartalmazza a k\u00edv\u00e1nt \u00f6sszeget \u00e9s az <strong><em>utalv\u00e1ny \u00e9rt\u00e9k\u00e9nek k\u00f3dj\u00e1t<\/em><\/strong>.<br \/>\nAz \u00e9rt\u00e9k utalv\u00e1nyt ezen a webhelyen rendelheti meg. V\u00e1lasszon egy utalv\u00e1ny \u00e9rt\u00e9ket, majd fejezze be a rendel\u00e9st. Ha szeretne tov\u00e1bbi \u00fczenetet a h\u00e1toldalon, \u00edrja be a megjegyz\u00e9sbe a rendel\u00e9s befejez\u00e9sekor. Az utalv\u00e1nyt bor\u00edt\u00e9kban post\u00e1n kapja meg.<\/p>\n<p>Az utalv\u00e1ny a k\u00f6vetkez\u0151k\u00e9ppen fog kin\u00e9zni:[\/vc_column_text][\/vc_column][\/vc_row][vc_row][vc_column]\t<div id=\"et-image-slider-692\" class=\"et-image-slider slick slick-slider slick-dotted slick-dots-centered centered   \" data-adaptive-height=\"false\" variable-width=\"true\" data-pagination=\"true\" data-navigation=\"true\" data-center=\"\" data-fade=\"\" data-columns=\"1\" data-infinite=\"false\" data-autoplay=\"true\" data-autoplay-speed=\"\" data-pause=\"true\">\n\t\t\n\t\t\t\t\t<div class=\"gallery-item\">\n\t\t\t\t\t\t\t\t\t\t\t\t\t<div class=\"et-image-inner\">\n\t\t\t\t\t\t\t\t<div class=\"et_image_slider-wrapper\"><img decoding=\"async\" width=\"1240\" height=\"585\" src=\"https:\/\/svetslik.si\/wp-content\/uploads\/2023\/06\/ERTEKJEGY2.jpg\" class=\"et_image_slider-img attachment-full\" alt=\"M\u0171v\u00e9szeti festm\u00e9ny utalv\u00e1ny\" title=\"M\u0171v\u00e9szeti festm\u00e9ny utalv\u00e1ny\" srcset=\"https:\/\/svetslik.si\/wp-content\/uploads\/2023\/06\/ERTEKJEGY2.jpg 1240w, https:\/\/svetslik.si\/wp-content\/uploads\/2023\/06\/ERTEKJEGY2-600x283.jpg 600w, https:\/\/svetslik.si\/wp-content\/uploads\/2023\/06\/ERTEKJEGY2-1200x566.jpg 1200w, https:\/\/svetslik.si\/wp-content\/uploads\/2023\/06\/ERTEKJEGY2-300x142.jpg 300w, https:\/\/svetslik.si\/wp-content\/uploads\/2023\/06\/ERTEKJEGY2-1024x483.jpg 1024w, https:\/\/svetslik.si\/wp-content\/uploads\/2023\/06\/ERTEKJEGY2-768x362.jpg 768w, https:\/\/svetslik.si\/wp-content\/uploads\/2023\/06\/ERTEKJEGY2-150x71.jpg 150w\" sizes=\"(max-width: 1240px) 100vw, 1240px\" \/><\/div>\t\t\t\t\t\t\t\t\t\t\t\t\t\t\t\t\t\t\t\t\t\t\t<\/div>\n\t\t\t\t\t\t\t\t\t\t\t<\/div>\n\t\t\t\t\n\t\t\t\t\n\t\t\t\t\t<div class=\"gallery-item\">\n\t\t\t\t\t\t\t\t\t\t\t\t\t<div class=\"et-image-inner\">\n\t\t\t\t\t\t\t\t<div class=\"et_image_slider-wrapper\"><img decoding=\"async\" width=\"1240\" height=\"585\" src=\"https:\/\/svetslik.si\/wp-content\/uploads\/2023\/06\/BUONO-VALORE-1.jpg\" class=\"et_image_slider-img attachment-full\" alt=\"M\u0171v\u00e9szeti festm\u00e9ny utalv\u00e1ny\" title=\"M\u0171v\u00e9szeti festm\u00e9ny utalv\u00e1ny\" srcset=\"https:\/\/svetslik.si\/wp-content\/uploads\/2023\/06\/BUONO-VALORE-1.jpg 1240w, https:\/\/svetslik.si\/wp-content\/uploads\/2023\/06\/BUONO-VALORE-1-600x283.jpg 600w, https:\/\/svetslik.si\/wp-content\/uploads\/2023\/06\/BUONO-VALORE-1-1200x566.jpg 1200w, https:\/\/svetslik.si\/wp-content\/uploads\/2023\/06\/BUONO-VALORE-1-300x142.jpg 300w, https:\/\/svetslik.si\/wp-content\/uploads\/2023\/06\/BUONO-VALORE-1-1024x483.jpg 1024w, https:\/\/svetslik.si\/wp-content\/uploads\/2023\/06\/BUONO-VALORE-1-768x362.jpg 768w, https:\/\/svetslik.si\/wp-content\/uploads\/2023\/06\/BUONO-VALORE-1-150x71.jpg 150w\" sizes=\"(max-width: 1240px) 100vw, 1240px\" \/><\/div>\t\t\t\t\t\t\t\t\t\t\t\t\t\t\t\t\t\t\t\t\t\t\t<\/div>\n\t\t\t\t\t\t\t\t\t\t\t<\/div>\n\t\t\t\t\n\t\t\t\t\t<\/div>\n\t[\/vc_column][\/vc_row][vc_row][vc_column][vc_column_text]\n<h4>AJ\u00c1ND\u00c9K UTALV\u00c1NY M\u0170K\u00d6D\u00c9SI K\u00c9PHEZ<\/h4>\n<p>Szeretne egy k\u00e9pet aj\u00e1nd\u00e9kozni, de a k\u00e9p k\u00e9zbes\u00edt\u00e9se nem lehets\u00e9ges a sz\u00fclet\u00e9snap d\u00e1tum\u00e1ig? Van egy megold\u00e1s&#8230;<br \/>\nKinyomtatunk \u00e9s post\u00e1zzuk \u00d6nnek az <strong>egyedi AJ\u00c1ND\u00c9K UTALV\u00c1NYT<\/strong>, amely tartalmazhat egy szem\u00e9lyes <strong><em>\u00fczenetet<\/em><\/strong> \u00e9s a megrendelt k\u00e9p <strong><em>fot\u00f3j\u00e1t<\/em><\/strong>.<\/p>\n<p>Adja \u00e1t az aj\u00e1nd\u00e9k utalv\u00e1nyt, a k\u00e9p pedig meg\u00e9rkezik, amikor elk\u00e9sz\u00fcl.<\/p>\n<p>A bon elk\u00e9sz\u00edt\u00e9s\u00e9hez l\u00e9pjen kapcsolatba vel\u00fcnk az info@svetslik.si e-mail c\u00edmen vagy h\u00edvja a +386 51 675 637 telefonsz\u00e1mot, \u00e9s k\u00f6z\u00f6lje vel\u00fcnk a k\u00f6vetkez\u0151ket:<\/p>\n<ol>\n<li>milyen k\u00e9pet szeretne aj\u00e1nd\u00e9kozni (festhet\u00fcnk olyan k\u00e9peket is, amelyek nincsenek a k\u00edn\u00e1latunkban)<\/li>\n<li>a megrendelt k\u00e9p m\u00e9rete<\/li>\n<li>esetleges keret (az aj\u00e1nd\u00e9kot kap\u00f3 szem\u00e9ly k\u00e9s\u0151bb v\u00e1laszthat keretet, amir\u0151l \u00e9rtes\u00edtj\u00fck, amikor a k\u00e9p elk\u00e9sz\u00fclt)<\/li>\n<li>a sz\u00f6veg a \u00fczenethez<\/li>\n<li>az aj\u00e1nd\u00e9k utalv\u00e1ny sz\u00e1ll\u00edt\u00e1si c\u00edme<\/li>\n<li>az aj\u00e1nd\u00e9kot kap\u00f3 szem\u00e9ly k\u00e9zbes\u00edt\u00e9si c\u00edme a k\u00e9p sz\u00e1m\u00e1ra<\/li>\n<li>kapcsolattart\u00f3 az aj\u00e1nd\u00e9kot kap\u00f3 szem\u00e9lyrel a keret kiv\u00e1laszt\u00e1s\u00e1val kapcsolatos esetleges meg\u00e1llapod\u00e1sokhoz<\/li>\n<\/ol>\n<p>V\u00e1laszban aj\u00e1nlatot kap a k\u00e9pre. Az egyedi aj\u00e1nd\u00e9k utalv\u00e1nyt bor\u00edt\u00e9kban post\u00e1n kapja meg, a k\u00e9p pedig akkor ker\u00fcl elk\u00fcld\u00e9sre az aj\u00e1nd\u00e9kot kap\u00f3 szem\u00e9lynek, amikor elk\u00e9sz\u00fcl \u00e9s bekeretez\u00e9sre ker\u00fcl.<br \/>\nA fizet\u00e9st el\u0151re banki \u00e1tutal\u00e1ssal vagy a k\u00e9p sz\u00e1ll\u00edt\u00e1sa el\u0151tt k\u00fcld\u00f6tt v\u00e9g\u00f6sszeg fizet\u00e9s\u00e9vel v\u00e9gezheti el.<\/p>\n<p>A bon a k\u00f6vetkez\u0151k\u00e9ppen fog kin\u00e9zni:[\/vc_column_text][\/vc_column][\/vc_row][vc_row][vc_column]\t<div id=\"et-image-slider-484\" class=\"et-image-slider slick slick-slider slick-dotted slick-dots-centered centered   \" data-adaptive-height=\"false\" variable-width=\"true\" data-pagination=\"true\" data-navigation=\"true\" data-center=\"\" data-fade=\"\" data-columns=\"1\" data-infinite=\"false\" data-autoplay=\"true\" data-autoplay-speed=\"\" data-pause=\"true\">\n\t\t\n\t\t\t\t\t<div class=\"gallery-item\">\n\t\t\t\t\t\t\t\t\t\t\t\t\t<div class=\"et-image-inner\">\n\t\t\t\t\t\t\t\t<div class=\"et_image_slider-wrapper\"><img decoding=\"async\" width=\"1240\" height=\"585\" src=\"https:\/\/svetslik.si\/wp-content\/uploads\/2023\/06\/AJANDEKKUPON12.jpg\" class=\"et_image_slider-img attachment-full\" alt=\"Aj\u00e1nd\u00e9kutalv\u00e1ny\" title=\"Aj\u00e1nd\u00e9kutalv\u00e1ny\" srcset=\"https:\/\/svetslik.si\/wp-content\/uploads\/2023\/06\/AJANDEKKUPON12.jpg 1240w, https:\/\/svetslik.si\/wp-content\/uploads\/2023\/06\/AJANDEKKUPON12-600x283.jpg 600w, https:\/\/svetslik.si\/wp-content\/uploads\/2023\/06\/AJANDEKKUPON12-1200x566.jpg 1200w, https:\/\/svetslik.si\/wp-content\/uploads\/2023\/06\/AJANDEKKUPON12-300x142.jpg 300w, https:\/\/svetslik.si\/wp-content\/uploads\/2023\/06\/AJANDEKKUPON12-1024x483.jpg 1024w, https:\/\/svetslik.si\/wp-content\/uploads\/2023\/06\/AJANDEKKUPON12-768x362.jpg 768w, https:\/\/svetslik.si\/wp-content\/uploads\/2023\/06\/AJANDEKKUPON12-150x71.jpg 150w\" sizes=\"(max-width: 1240px) 100vw, 1240px\" \/><\/div>\t\t\t\t\t\t\t\t\t\t\t\t\t\t\t\t\t\t\t\t\t\t\t<\/div>\n\t\t\t\t\t\t\t\t\t\t\t<\/div>\n\t\t\t\t\n\t\t\t\t\n\t\t\t\t\t<div class=\"gallery-item\">\n\t\t\t\t\t\t\t\t\t\t\t\t\t<div class=\"et-image-inner\">\n\t\t\t\t\t\t\t\t<div class=\"et_image_slider-wrapper\"><img decoding=\"async\" width=\"1240\" height=\"585\" src=\"https:\/\/svetslik.si\/wp-content\/uploads\/2023\/06\/AJANDEKKUPON1.jpg\" class=\"et_image_slider-img attachment-full\" alt=\"Aj\u00e1nd\u00e9kutalv\u00e1ny\" title=\"Aj\u00e1nd\u00e9kutalv\u00e1ny\" srcset=\"https:\/\/svetslik.si\/wp-content\/uploads\/2023\/06\/AJANDEKKUPON1.jpg 1240w, https:\/\/svetslik.si\/wp-content\/uploads\/2023\/06\/AJANDEKKUPON1-600x283.jpg 600w, https:\/\/svetslik.si\/wp-content\/uploads\/2023\/06\/AJANDEKKUPON1-1200x566.jpg 1200w, https:\/\/svetslik.si\/wp-content\/uploads\/2023\/06\/AJANDEKKUPON1-300x142.jpg 300w, https:\/\/svetslik.si\/wp-content\/uploads\/2023\/06\/AJANDEKKUPON1-1024x483.jpg 1024w, https:\/\/svetslik.si\/wp-content\/uploads\/2023\/06\/AJANDEKKUPON1-768x362.jpg 768w, https:\/\/svetslik.si\/wp-content\/uploads\/2023\/06\/AJANDEKKUPON1-150x71.jpg 150w\" sizes=\"(max-width: 1240px) 100vw, 1240px\" \/><\/div>\t\t\t\t\t\t\t\t\t\t\t\t\t\t\t\t\t\t\t\t\t\t\t<\/div>\n\t\t\t\t\t\t\t\t\t\t\t<\/div>\n\t\t\t\t\n\t\t\t\t\t<\/div>\n\t[\/vc_column][\/vc_row][vc_row][vc_column][\/vc_column][\/vc_row]\n<\/div>","protected":false},"excerpt":{"rendered":"<p>[vc_row][vc_column][vc_column_text] AJ\u00c1ND\u00c9K UTALV\u00c1NY \u00e9s \u00c9RT\u00c9K UTALV\u00c1NY Lehet\u0151s\u00e9get k\u00edn\u00e1lunk k\u00e9t f\u00e9le utalv\u00e1ny k\u00e9sz\u00edt\u00e9s\u00e9re: \u00c9RT\u00c9K UTALV\u00c1NY M\u0170K\u00d6D\u00c9SI K\u00c9P V\u00c1S\u00c1RL\u00c1S\u00c1RA Ha szeretn\u00e9, hogy az aj\u00e1nd\u00e9kozottnak v\u00e1lassza ki a k\u00e9pet, adja \u00e1t az \u00c9RT\u00c9K UTALV\u00c1NYT A K\u00c9PHEZ, amely tartalmazza a k\u00edv\u00e1nt \u00f6sszeget \u00e9s az utalv\u00e1ny \u00e9rt\u00e9k\u00e9nek k\u00f3dj\u00e1t. Az \u00e9rt\u00e9k utalv\u00e1nyt ezen a webhelyen rendelheti [&hellip;]<\/p>\n","protected":false},"featured_media":50912,"template":"","meta":{"_acf_changed":false},"product_brand":[],"product_cat":[7120],"product_tag":[],"class_list":{"0":"post-59322","1":"product","2":"type-product","3":"status-publish","4":"has-post-thumbnail","6":"product_cat-ajandekutalvany","7":"product_shipping_class-posiljanje-za-darilni-bon-hu","8":"pa_dimenzija-20-x-25-cm","9":"pa_dimenzija-30-x-40-cm","10":"pa_dimenzija-40-x-60-cm","11":"pa_dimenzija-90-x-120-cm","12":"pa_oblika-vizszintes","14":"first","15":"instock","16":"purchasable","17":"product-type-variable","18":"has-default-attributes"},"acf":[],"yoast_head":"<!-- This site is optimized with the Yoast SEO Premium plugin v26.0 (Yoast SEO v27.2) - https:\/\/yoast.com\/product\/yoast-seo-premium-wordpress\/ -->\n<title>Aj\u00e1nd\u00e9kutalv\u00e1ny - SVETSLIK.SI - 100% k\u00e9zzel festett<\/title>\n<meta name=\"description\" content=\"Aj\u00e1nd\u00e9kutalv\u00e1ny a k\u00e9zzel festett v\u00e1szonk\u00e9pekhez. Ide\u00e1lis megold\u00e1s mindazoknak, akik elfelejtett\u00e9k a sz\u00fclet\u00e9snapot :) vagy nem lehets\u00e9ges a k\u00e9p sz\u00e1ll\u00edt\u00e1sa a megadott id\u0151pontra.\" \/>\n<meta name=\"robots\" content=\"index, follow, max-snippet:-1, max-image-preview:large, max-video-preview:-1\" \/>\n<link rel=\"canonical\" href=\"https:\/\/svetslik.si\/hu\/ajandekutalvany\/ajandekutalvany\/\" \/>\n<meta property=\"og:locale\" content=\"hu_HU\" \/>\n<meta property=\"og:type\" content=\"article\" \/>\n<meta property=\"og:title\" content=\"Aj\u00e1nd\u00e9kutalv\u00e1ny\" \/>\n<meta property=\"og:description\" content=\"100% ro\u010dno naslikane slike na platnu, reprodukcije znanih slikarjev in umetni\u0161ke slike po naro\u010dilu.\" \/>\n<meta property=\"og:url\" content=\"https:\/\/svetslik.si\/hu\/ajandekutalvany\/ajandekutalvany\/\" \/>\n<meta property=\"og:site_name\" content=\"SVETSLIK.SI\" \/>\n<meta property=\"article:publisher\" content=\"https:\/\/www.facebook.com\/svetslik.si\" \/>\n<meta property=\"article:modified_time\" content=\"2026-03-22T14:06:02+00:00\" \/>\n<meta property=\"og:image\" content=\"https:\/\/svetslik.si\/wp-content\/uploads\/2023\/06\/ERTEKJEGY2.jpg\" \/>\n\t<meta property=\"og:image:width\" content=\"1240\" \/>\n\t<meta property=\"og:image:height\" content=\"585\" \/>\n\t<meta property=\"og:image:type\" content=\"image\/jpeg\" \/>\n<meta name=\"twitter:card\" content=\"summary_large_image\" \/>\n<meta name=\"twitter:site\" content=\"@svetslik\" \/>\n<meta name=\"twitter:label1\" content=\"El\u00e9rhet\u0151s\u00e9g\" \/>\n\t<meta name=\"twitter:data1\" content=\"K\u00e9szleten\" \/>\n<script type=\"application\/ld+json\" class=\"yoast-schema-graph\">{\"@context\":\"https:\/\/schema.org\",\"@graph\":[{\"@type\":[\"WebPage\",\"ItemPage\"],\"@id\":\"https:\/\/svetslik.si\/hu\/ajandekutalvany\/ajandekutalvany\/\",\"url\":\"https:\/\/svetslik.si\/hu\/ajandekutalvany\/ajandekutalvany\/\",\"name\":\"Aj\u00e1nd\u00e9kutalv\u00e1ny - SVETSLIK.SI - 100% k\u00e9zzel festett\",\"isPartOf\":{\"@id\":\"https:\/\/svetslik.si\/hu\/#website\"},\"primaryImageOfPage\":{\"@id\":\"https:\/\/svetslik.si\/hu\/ajandekutalvany\/ajandekutalvany\/#primaryimage\"},\"image\":{\"@id\":\"https:\/\/svetslik.si\/hu\/ajandekutalvany\/ajandekutalvany\/#primaryimage\"},\"thumbnailUrl\":\"https:\/\/svetslik.si\/wp-content\/uploads\/2023\/06\/ERTEKJEGY2.jpg\",\"datePublished\":\"2022-08-23T10:09:25+00:00\",\"dateModified\":\"2026-03-22T14:06:02+00:00\",\"description\":\"Aj\u00e1nd\u00e9kutalv\u00e1ny a k\u00e9zzel festett v\u00e1szonk\u00e9pekhez. Ide\u00e1lis megold\u00e1s mindazoknak, akik elfelejtett\u00e9k a sz\u00fclet\u00e9snapot :) vagy nem lehets\u00e9ges a k\u00e9p sz\u00e1ll\u00edt\u00e1sa a megadott id\u0151pontra.\",\"breadcrumb\":{\"@id\":\"https:\/\/svetslik.si\/hu\/ajandekutalvany\/ajandekutalvany\/#breadcrumb\"},\"inLanguage\":\"hu\",\"potentialAction\":[{\"@type\":\"ReadAction\",\"target\":[\"https:\/\/svetslik.si\/hu\/ajandekutalvany\/ajandekutalvany\/\"]}]},{\"@type\":\"ImageObject\",\"inLanguage\":\"hu\",\"@id\":\"https:\/\/svetslik.si\/hu\/ajandekutalvany\/ajandekutalvany\/#primaryimage\",\"url\":\"https:\/\/svetslik.si\/wp-content\/uploads\/2023\/06\/ERTEKJEGY2.jpg\",\"contentUrl\":\"https:\/\/svetslik.si\/wp-content\/uploads\/2023\/06\/ERTEKJEGY2.jpg\",\"width\":1240,\"height\":585,\"caption\":\"M\u0171v\u00e9szeti festm\u00e9ny utalv\u00e1ny\"},{\"@type\":\"BreadcrumbList\",\"@id\":\"https:\/\/svetslik.si\/hu\/ajandekutalvany\/ajandekutalvany\/#breadcrumb\",\"itemListElement\":[{\"@type\":\"ListItem\",\"position\":1,\"name\":\"Wall art and paintings on canvas\",\"item\":\"https:\/\/svetslik.si\/hu\/\"},{\"@type\":\"ListItem\",\"position\":2,\"name\":\"Festm\u00e9nyek elad\u00e1sa\",\"item\":\"https:\/\/svetslik.si\/prodaja-slik\/\"},{\"@type\":\"ListItem\",\"position\":3,\"name\":\"Aj\u00e1nd\u00e9kutalv\u00e1ny\"}]},{\"@type\":\"WebSite\",\"@id\":\"https:\/\/svetslik.si\/hu\/#website\",\"url\":\"https:\/\/svetslik.si\/hu\/\",\"name\":\"SVETSLIK.SI\",\"description\":\"100%-ban k\u00e9zzel festett reprodukci\u00f3k h\u00edres fest\u0151k festm\u00e9nyeir\u0151l \u00e9s festm\u00e9nyekr\u0151l v\u00e1szonra.\",\"publisher\":{\"@id\":\"https:\/\/svetslik.si\/hu\/#organization\"},\"potentialAction\":[{\"@type\":\"SearchAction\",\"target\":{\"@type\":\"EntryPoint\",\"urlTemplate\":\"https:\/\/svetslik.si\/hu\/?s={search_term_string}\"},\"query-input\":{\"@type\":\"PropertyValueSpecification\",\"valueRequired\":true,\"valueName\":\"search_term_string\"}}],\"inLanguage\":\"hu\"},{\"@type\":\"Organization\",\"@id\":\"https:\/\/svetslik.si\/hu\/#organization\",\"name\":\"SvetSlik.si\",\"url\":\"https:\/\/svetslik.si\/hu\/\",\"logo\":{\"@type\":\"ImageObject\",\"inLanguage\":\"hu\",\"@id\":\"https:\/\/svetslik.si\/hu\/#\/schema\/logo\/image\/\",\"url\":\"https:\/\/svetslik.si\/wp-content\/uploads\/2020\/12\/logo-512.png\",\"contentUrl\":\"https:\/\/svetslik.si\/wp-content\/uploads\/2020\/12\/logo-512.png\",\"width\":512,\"height\":512,\"caption\":\"SvetSlik.si\"},\"image\":{\"@id\":\"https:\/\/svetslik.si\/hu\/#\/schema\/logo\/image\/\"},\"sameAs\":[\"https:\/\/www.facebook.com\/svetslik.si\",\"https:\/\/x.com\/svetslik\",\"https:\/\/www.instagram.com\/svetslik.si\/\",\"https:\/\/www.linkedin.com\/company\/svetslik-si\"]}]}<\/script>\n<meta property=\"og:availability\" content=\"instock\" \/>\n<meta property=\"product:availability\" content=\"instock\" \/>\n<meta property=\"product:retailer_item_id\" content=\"824__-1\" \/>\n<meta property=\"product:condition\" content=\"new\" \/>\n<!-- \/ Yoast SEO Premium plugin. -->","yoast_head_json":{"title":"Aj\u00e1nd\u00e9kutalv\u00e1ny - SVETSLIK.SI - 100% k\u00e9zzel festett","description":"Aj\u00e1nd\u00e9kutalv\u00e1ny a k\u00e9zzel festett v\u00e1szonk\u00e9pekhez. Ide\u00e1lis megold\u00e1s mindazoknak, akik elfelejtett\u00e9k a sz\u00fclet\u00e9snapot :) vagy nem lehets\u00e9ges a k\u00e9p sz\u00e1ll\u00edt\u00e1sa a megadott id\u0151pontra.","robots":{"index":"index","follow":"follow","max-snippet":"max-snippet:-1","max-image-preview":"max-image-preview:large","max-video-preview":"max-video-preview:-1"},"canonical":"https:\/\/svetslik.si\/hu\/ajandekutalvany\/ajandekutalvany\/","og_locale":"hu_HU","og_type":"article","og_title":"Aj\u00e1nd\u00e9kutalv\u00e1ny","og_description":"100% ro\u010dno naslikane slike na platnu, reprodukcije znanih slikarjev in umetni\u0161ke slike po naro\u010dilu.","og_url":"https:\/\/svetslik.si\/hu\/ajandekutalvany\/ajandekutalvany\/","og_site_name":"SVETSLIK.SI","article_publisher":"https:\/\/www.facebook.com\/svetslik.si","article_modified_time":"2026-03-22T14:06:02+00:00","og_image":[{"width":1240,"height":585,"url":"https:\/\/svetslik.si\/wp-content\/uploads\/2023\/06\/ERTEKJEGY2.jpg","type":"image\/jpeg"}],"twitter_card":"summary_large_image","twitter_site":"@svetslik","twitter_misc":{"El\u00e9rhet\u0151s\u00e9g":"K\u00e9szleten"},"schema":{"@context":"https:\/\/schema.org","@graph":[{"@type":["WebPage","ItemPage"],"@id":"https:\/\/svetslik.si\/hu\/ajandekutalvany\/ajandekutalvany\/","url":"https:\/\/svetslik.si\/hu\/ajandekutalvany\/ajandekutalvany\/","name":"Aj\u00e1nd\u00e9kutalv\u00e1ny - SVETSLIK.SI - 100% k\u00e9zzel festett","isPartOf":{"@id":"https:\/\/svetslik.si\/hu\/#website"},"primaryImageOfPage":{"@id":"https:\/\/svetslik.si\/hu\/ajandekutalvany\/ajandekutalvany\/#primaryimage"},"image":{"@id":"https:\/\/svetslik.si\/hu\/ajandekutalvany\/ajandekutalvany\/#primaryimage"},"thumbnailUrl":"https:\/\/svetslik.si\/wp-content\/uploads\/2023\/06\/ERTEKJEGY2.jpg","datePublished":"2022-08-23T10:09:25+00:00","dateModified":"2026-03-22T14:06:02+00:00","description":"Aj\u00e1nd\u00e9kutalv\u00e1ny a k\u00e9zzel festett v\u00e1szonk\u00e9pekhez. Ide\u00e1lis megold\u00e1s mindazoknak, akik elfelejtett\u00e9k a sz\u00fclet\u00e9snapot :) vagy nem lehets\u00e9ges a k\u00e9p sz\u00e1ll\u00edt\u00e1sa a megadott id\u0151pontra.","breadcrumb":{"@id":"https:\/\/svetslik.si\/hu\/ajandekutalvany\/ajandekutalvany\/#breadcrumb"},"inLanguage":"hu","potentialAction":[{"@type":"ReadAction","target":["https:\/\/svetslik.si\/hu\/ajandekutalvany\/ajandekutalvany\/"]}]},{"@type":"ImageObject","inLanguage":"hu","@id":"https:\/\/svetslik.si\/hu\/ajandekutalvany\/ajandekutalvany\/#primaryimage","url":"https:\/\/svetslik.si\/wp-content\/uploads\/2023\/06\/ERTEKJEGY2.jpg","contentUrl":"https:\/\/svetslik.si\/wp-content\/uploads\/2023\/06\/ERTEKJEGY2.jpg","width":1240,"height":585,"caption":"M\u0171v\u00e9szeti festm\u00e9ny utalv\u00e1ny"},{"@type":"BreadcrumbList","@id":"https:\/\/svetslik.si\/hu\/ajandekutalvany\/ajandekutalvany\/#breadcrumb","itemListElement":[{"@type":"ListItem","position":1,"name":"Wall art and paintings on canvas","item":"https:\/\/svetslik.si\/hu\/"},{"@type":"ListItem","position":2,"name":"Festm\u00e9nyek elad\u00e1sa","item":"https:\/\/svetslik.si\/prodaja-slik\/"},{"@type":"ListItem","position":3,"name":"Aj\u00e1nd\u00e9kutalv\u00e1ny"}]},{"@type":"WebSite","@id":"https:\/\/svetslik.si\/hu\/#website","url":"https:\/\/svetslik.si\/hu\/","name":"SVETSLIK.SI","description":"100%-ban k\u00e9zzel festett reprodukci\u00f3k h\u00edres fest\u0151k festm\u00e9nyeir\u0151l \u00e9s festm\u00e9nyekr\u0151l v\u00e1szonra.","publisher":{"@id":"https:\/\/svetslik.si\/hu\/#organization"},"potentialAction":[{"@type":"SearchAction","target":{"@type":"EntryPoint","urlTemplate":"https:\/\/svetslik.si\/hu\/?s={search_term_string}"},"query-input":{"@type":"PropertyValueSpecification","valueRequired":true,"valueName":"search_term_string"}}],"inLanguage":"hu"},{"@type":"Organization","@id":"https:\/\/svetslik.si\/hu\/#organization","name":"SvetSlik.si","url":"https:\/\/svetslik.si\/hu\/","logo":{"@type":"ImageObject","inLanguage":"hu","@id":"https:\/\/svetslik.si\/hu\/#\/schema\/logo\/image\/","url":"https:\/\/svetslik.si\/wp-content\/uploads\/2020\/12\/logo-512.png","contentUrl":"https:\/\/svetslik.si\/wp-content\/uploads\/2020\/12\/logo-512.png","width":512,"height":512,"caption":"SvetSlik.si"},"image":{"@id":"https:\/\/svetslik.si\/hu\/#\/schema\/logo\/image\/"},"sameAs":["https:\/\/www.facebook.com\/svetslik.si","https:\/\/x.com\/svetslik","https:\/\/www.instagram.com\/svetslik.si\/","https:\/\/www.linkedin.com\/company\/svetslik-si"]}]},"og_availability":"instock","product_availability":"instock","product_retailer_item_id":"824__-1","product_condition":"new"},"jetpack_sharing_enabled":true,"_links":{"self":[{"href":"https:\/\/svetslik.si\/hu\/wp-json\/wp\/v2\/product\/59322","targetHints":{"allow":["GET"]}}],"collection":[{"href":"https:\/\/svetslik.si\/hu\/wp-json\/wp\/v2\/product"}],"about":[{"href":"https:\/\/svetslik.si\/hu\/wp-json\/wp\/v2\/types\/product"}],"wp:featuredmedia":[{"embeddable":true,"href":"https:\/\/svetslik.si\/hu\/wp-json\/wp\/v2\/media\/50912"}],"wp:attachment":[{"href":"https:\/\/svetslik.si\/hu\/wp-json\/wp\/v2\/media?parent=59322"}],"wp:term":[{"taxonomy":"product_brand","embeddable":true,"href":"https:\/\/svetslik.si\/hu\/wp-json\/wp\/v2\/product_brand?post=59322"},{"taxonomy":"product_cat","embeddable":true,"href":"https:\/\/svetslik.si\/hu\/wp-json\/wp\/v2\/product_cat?post=59322"},{"taxonomy":"product_tag","embeddable":true,"href":"https:\/\/svetslik.si\/hu\/wp-json\/wp\/v2\/product_tag?post=59322"}],"curies":[{"name":"wp","href":"https:\/\/api.w.org\/{rel}","templated":true}]}}