{"id":59766,"date":"2022-10-20T17:21:54","date_gmt":"2022-10-20T15:21:54","guid":{"rendered":"https:\/\/svetslik.si\/nem-kategorizalt\/mark-ruthko-black-in-deep-red\/"},"modified":"2024-07-04T18:12:29","modified_gmt":"2024-07-04T16:12:29","slug":"mark-ruthko-black-in-deep-red","status":"publish","type":"product","link":"https:\/\/svetslik.si\/hu\/mark-rothko-hu\/mark-ruthko-black-in-deep-red\/","title":{"rendered":"Mark Rothko &#8211; Black in Deep Red"},"content":{"rendered":"<h1>Mark Rothko \u2013 fekete \u00e9s m\u00e9lyv\u00f6r\u00f6s<\/h1>\n<p>&nbsp;<\/p>\n<table style=\"width: 673px\" border=\"0\" width=\"673\" cellpadding=\"0\">\n<tbody>\n<tr>\n<td style=\"width: 180px;height: 21px\" height=\"21\">L\u00e9trehoz\u00e1s \u00e9ve:<\/td>\n<td style=\"width: 493px\">1958<\/td>\n<\/tr>\n<tr>\n<td style=\"width: 180px;height: 21px\" height=\"21\">Eredeti m\u00e9ret:<\/td>\n<td style=\"width: 493px\">276 cm x 136 cm<\/td>\n<\/tr>\n<tr>\n<td style=\"width: 180px;height: 21px\" height=\"21\">Fest\u00e9si st\u00edlus:<\/td>\n<td style=\"width: 493px\">Absztrakci\u00f3<\/td>\n<\/tr>\n<tr>\n<td style=\"width: 180px;height: 21px\" height=\"21\">Eredeti technika:<\/td>\n<td>Olaj, v\u00e1szon<\/td>\n<\/tr>\n<tr>\n<td style=\"width: 180px;height: 21px\" height=\"21\">Helysz\u00edn:<\/td>\n<td><em>Mag\u00e1ngy\u0171jtem\u00e9ny<\/em><\/td>\n<\/tr>\n<\/tbody>\n<colgroup>\n<col \/>\n<col \/> <\/colgroup>\n<\/table>\n<p>&#8220;Black in Deep Red&#8221;, m\u00e1s n\u00e9ven sz. 61.<\/p>\n<p>A \u201eBlack in Dark Red\u201d k\u00e9p egy s\u00f6t\u00e9tv\u00f6r\u00f6s k\u00f6z\u00e9ps\u0151 t\u00e9glalappal, amelyet v\u00e9kony fekete szeg\u00e9ly vesz k\u00f6r\u00fcl. A m\u00e9lyv\u00f6r\u00f6s sz\u00edn uralja a kompoz\u00edci\u00f3t, \u00e9s a v\u00e1szon nagy r\u00e9sz\u00e9t kit\u00f6lti gazdag, tel\u00edtett \u00e1rnyalat\u00e1val. A fekete keret a piros t\u00e9glalap keretez\u00e9s\u00e9re szolg\u00e1l, \u00e9s kontrasztot \u00e9s fesz\u00fclts\u00e9get kelt a k\u00e9pen.<\/p>\n<p>A festm\u00e9ny 1958-ban k\u00e9sz\u00fclt, \u00e9s Rothko egyik leger\u0151sebb \u00e9s legszembet\u0171n\u0151bb alkot\u00e1s\u00e1nak tartj\u00e1k. Leny\u0171g\u00f6z\u0151 munka, amely bemutatja Rothko azon k\u00e9pess\u00e9g\u00e9t, hogy sz\u00edneket haszn\u00e1ljon a k\u00e9p m\u00e9lys\u00e9g\u00e9nek \u00e9s mozg\u00e1s\u00e1nak \u00e9rzet\u00e9re. A s\u00f6t\u00e9tv\u00f6r\u00f6s sz\u00edn \u00e9s a fekete szeg\u00e9ly haszn\u00e1lata dr\u00e1mai \u00e9rzetet \u00e9s \u00e9rzelmi intenzit\u00e1st kelt a k\u00e9pen.<\/p>\n<p>Rothko m\u0171vei \u00e9rzelmi hat\u00e1sukr\u00f3l \u00e9s a szeml\u00e9l\u0151d\u00e9s \u00e9rzet\u00e9t kelt\u0151 k\u00e9pess\u00e9g\u00fckr\u0151l ismertek a n\u00e9z\u0151ben. Ez al\u00f3l a &#8220;Fekete m\u00e9lyv\u00f6r\u00f6sben&#8221; festm\u00e9ny sem kiv\u00e9tel, a kompoz\u00edci\u00f3 egyszer\u0171s\u00e9ge \u00e9s a mind\u00f6ssze k\u00e9t sz\u00edn, a v\u00f6r\u00f6s \u00e9s a fekete haszn\u00e1lata miatt er\u0151s \u00e9s szuggeszt\u00edv.<\/p>\n<p>A &#8220;Fekete m\u00e9lyv\u00f6r\u00f6sben&#8221; c\u00edm\u0171 festm\u00e9ny jelenleg a washingtoni National Gallery gy\u0171jtem\u00e9ny\u00e9ben tal\u00e1lhat\u00f3, \u00e9s Rothko p\u00e1lyafut\u00e1s\u00e1nak egyik legfontosabb alkot\u00e1sak\u00e9nt tartj\u00e1k sz\u00e1mon. M\u00e9g mindig \u00fcnneplik \u00e9s csod\u00e1lj\u00e1k a m\u0171v\u00e9szet szerelmesei \u00e9s kritikusai egyar\u00e1nt.<\/p>\n<p>\u00d6sszefoglalva, a &#8220;Black in Deep Red&#8221; Mark Rothko festm\u00e9nye, egy amerikai fest\u0151, aki a Color Field mozgalom egyik vezet\u0151 k\u00e9pvisel\u0151je volt. Ez az egyik legh\u00edresebb m\u0171ve, amely er\u0151teljes \u00e9s szuggeszt\u00edv kompoz\u00edci\u00f3j\u00e1r\u00f3l ismert. Bemutatja Rothko azon k\u00e9pess\u00e9g\u00e9t, hogy a sz\u00ednekkel m\u00e9lys\u00e9g- \u00e9s mozg\u00e1s\u00e9rz\u00e9ket kelt a festm\u00e9nyen, \u00e9s a m\u0171v\u00e9szet szerelmesei \u00e9s kritikusai egyar\u00e1nt \u00fcnneplik \u00e9s csod\u00e1lj\u00e1k. Rothko p\u00e1lyafut\u00e1s\u00e1nak egyik legfontosabb alkot\u00e1sak\u00e9nt tartj\u00e1k sz\u00e1mon.<\/p>\n","protected":false},"excerpt":{"rendered":"<p>Mark Rothko \u2013 fekete \u00e9s m\u00e9lyv\u00f6r\u00f6s &nbsp; L\u00e9trehoz\u00e1s \u00e9ve: 1958 Eredeti m\u00e9ret: 276 cm x 136 cm Fest\u00e9si st\u00edlus: Absztrakci\u00f3 Eredeti technika: Olaj, v\u00e1szon Helysz\u00edn: Mag\u00e1ngy\u0171jtem\u00e9ny &#8220;Black in Deep Red&#8221;, m\u00e1s n\u00e9ven sz. 61. A \u201eBlack in Dark Red\u201d k\u00e9p egy s\u00f6t\u00e9tv\u00f6r\u00f6s k\u00f6z\u00e9ps\u0151 t\u00e9glalappal, amelyet v\u00e9kony fekete szeg\u00e9ly vesz k\u00f6r\u00fcl. [&hellip;]<\/p>\n","protected":false},"featured_media":51137,"template":"","meta":{"_acf_changed":false},"product_brand":[],"product_cat":[7132],"product_tag":[11885,11886,11887,7198],"class_list":{"0":"post-59766","1":"product","2":"type-product","3":"status-publish","4":"has-post-thumbnail","6":"product_cat-mark-rothko-hu","7":"product_tag-painter-hu","8":"product_tag-reproduction","9":"product_tag-reproductions-hu","10":"product_tag-rothko-hu","11":"pa_dimenzija-100-cm-x-51-cm","12":"pa_dimenzija-110-cm-x-56-cm","13":"pa_dimenzija-120-cm-x-61-cm","14":"pa_dimenzija-130-cm-x-66-cm","15":"pa_dimenzija-150-cm-x-76-cm","16":"pa_dimenzija-175-cm-x-88-cm","17":"pa_dimenzija-200-cm-x-100-cm","18":"pa_dimenzija-250-cm-x-124-cm","19":"pa_dimenzija-276-cm-x-136-cm","20":"pa_dimenzija-40-cm-x-21-cm","21":"pa_dimenzija-50-cm-x-26-cm","22":"pa_dimenzija-60-cm-x-31-cm","23":"pa_dimenzija-70-cm-x-36-cm","24":"pa_dimenzija-80-cm-x-41-cm","25":"pa_dimenzija-90-cm-x-46-cm","26":"pa_oblika-fuggoleges","27":"pa_okvir-nincs-keret","28":"pa_podokvir-igen","29":"pa_podokvir-nem","31":"first","32":"onbackorder","33":"purchasable","34":"product-type-variable","35":"has-default-attributes"},"acf":[],"yoast_head":"<!-- This site is optimized with the Yoast SEO Premium plugin v26.0 (Yoast SEO v27.2) - https:\/\/yoast.com\/product\/yoast-seo-premium-wordpress\/ -->\n<title>Mark Rothko - Black in Deep Red - SVETSLIK.SI - 100% k\u00e9zzel festett<\/title>\n<meta name=\"description\" content=\"Mark Rothko - Black in Deep Red - 100% k\u00e9zzel festett h\u00edres festm\u00e9nyek reprodukci\u00f3i. Festm\u00e9nyek keretez\u00e9se, elad\u00e1sa \u00e9s egyedi rendel\u00e9sre t\u00f6rt\u00e9n\u0151 v\u00e1szonk\u00e9pek k\u00e9sz\u00edt\u00e9se.\" \/>\n<meta name=\"robots\" content=\"index, follow, max-snippet:-1, max-image-preview:large, max-video-preview:-1\" \/>\n<link rel=\"canonical\" href=\"https:\/\/svetslik.si\/hu\/mark-rothko-hu\/mark-ruthko-black-in-deep-red\/\" \/>\n<meta property=\"og:locale\" content=\"hu_HU\" \/>\n<meta property=\"og:type\" content=\"article\" \/>\n<meta property=\"og:title\" content=\"Mark Rothko - Black in Deep Red\" \/>\n<meta property=\"og:description\" content=\"100% ro\u010dno naslikane slike na platnu, reprodukcije znanih slikarjev in umetni\u0161ke slike po naro\u010dilu.\" \/>\n<meta property=\"og:url\" content=\"https:\/\/svetslik.si\/hu\/mark-rothko-hu\/mark-ruthko-black-in-deep-red\/\" \/>\n<meta property=\"og:site_name\" content=\"SVETSLIK.SI\" \/>\n<meta property=\"article:publisher\" content=\"https:\/\/www.facebook.com\/svetslik.si\" \/>\n<meta property=\"article:modified_time\" content=\"2024-07-04T16:12:29+00:00\" \/>\n<meta property=\"og:image\" content=\"https:\/\/svetslik.si\/wp-content\/uploads\/2022\/10\/Black-in-Deep-Red.webp\" \/>\n\t<meta property=\"og:image:width\" content=\"1995\" \/>\n\t<meta property=\"og:image:height\" content=\"2560\" \/>\n\t<meta property=\"og:image:type\" content=\"image\/webp\" \/>\n<meta name=\"twitter:card\" content=\"summary_large_image\" \/>\n<meta name=\"twitter:site\" content=\"@svetslik\" \/>\n<meta name=\"twitter:label1\" content=\"El\u00e9rhet\u0151s\u00e9g\" \/>\n\t<meta name=\"twitter:data1\" content=\"Beszerz\u00e9s alatt\" \/>\n<script type=\"application\/ld+json\" class=\"yoast-schema-graph\">{\"@context\":\"https:\/\/schema.org\",\"@graph\":[{\"@type\":[\"WebPage\",\"ItemPage\"],\"@id\":\"https:\/\/svetslik.si\/hu\/mark-rothko-hu\/mark-ruthko-black-in-deep-red\/\",\"url\":\"https:\/\/svetslik.si\/hu\/mark-rothko-hu\/mark-ruthko-black-in-deep-red\/\",\"name\":\"Mark Rothko - Black in Deep Red - SVETSLIK.SI - 100% k\u00e9zzel festett\",\"isPartOf\":{\"@id\":\"https:\/\/svetslik.si\/hu\/#website\"},\"primaryImageOfPage\":{\"@id\":\"https:\/\/svetslik.si\/hu\/mark-rothko-hu\/mark-ruthko-black-in-deep-red\/#primaryimage\"},\"image\":{\"@id\":\"https:\/\/svetslik.si\/hu\/mark-rothko-hu\/mark-ruthko-black-in-deep-red\/#primaryimage\"},\"thumbnailUrl\":\"https:\/\/svetslik.si\/wp-content\/uploads\/2022\/10\/Black-in-Deep-Red.webp\",\"datePublished\":\"2022-10-20T15:21:54+00:00\",\"dateModified\":\"2024-07-04T16:12:29+00:00\",\"description\":\"Mark Rothko - Black in Deep Red - 100% k\u00e9zzel festett h\u00edres festm\u00e9nyek reprodukci\u00f3i. Festm\u00e9nyek keretez\u00e9se, elad\u00e1sa \u00e9s egyedi rendel\u00e9sre t\u00f6rt\u00e9n\u0151 v\u00e1szonk\u00e9pek k\u00e9sz\u00edt\u00e9se.\",\"breadcrumb\":{\"@id\":\"https:\/\/svetslik.si\/hu\/mark-rothko-hu\/mark-ruthko-black-in-deep-red\/#breadcrumb\"},\"inLanguage\":\"hu\",\"potentialAction\":[{\"@type\":\"ReadAction\",\"target\":[\"https:\/\/svetslik.si\/hu\/mark-rothko-hu\/mark-ruthko-black-in-deep-red\/\"]}]},{\"@type\":\"ImageObject\",\"inLanguage\":\"hu\",\"@id\":\"https:\/\/svetslik.si\/hu\/mark-rothko-hu\/mark-ruthko-black-in-deep-red\/#primaryimage\",\"url\":\"https:\/\/svetslik.si\/wp-content\/uploads\/2022\/10\/Black-in-Deep-Red.webp\",\"contentUrl\":\"https:\/\/svetslik.si\/wp-content\/uploads\/2022\/10\/Black-in-Deep-Red.webp\",\"width\":1995,\"height\":2560,\"caption\":\"Mark Ruthko - Black in Deep Red - Mark Rothko - Fekete m\u00e9lyv\u00f6r\u00f6sben festm\u00e9nyek\"},{\"@type\":\"BreadcrumbList\",\"@id\":\"https:\/\/svetslik.si\/hu\/mark-rothko-hu\/mark-ruthko-black-in-deep-red\/#breadcrumb\",\"itemListElement\":[{\"@type\":\"ListItem\",\"position\":1,\"name\":\"Wall art and paintings on canvas\",\"item\":\"https:\/\/svetslik.si\/hu\/\"},{\"@type\":\"ListItem\",\"position\":2,\"name\":\"Festm\u00e9nyek elad\u00e1sa\",\"item\":\"https:\/\/svetslik.si\/prodaja-slik\/\"},{\"@type\":\"ListItem\",\"position\":3,\"name\":\"Mark Rothko &#8211; Black in Deep Red\"}]},{\"@type\":\"WebSite\",\"@id\":\"https:\/\/svetslik.si\/hu\/#website\",\"url\":\"https:\/\/svetslik.si\/hu\/\",\"name\":\"SVETSLIK.SI\",\"description\":\"100%-ban k\u00e9zzel festett reprodukci\u00f3k h\u00edres fest\u0151k festm\u00e9nyeir\u0151l \u00e9s festm\u00e9nyekr\u0151l v\u00e1szonra.\",\"publisher\":{\"@id\":\"https:\/\/svetslik.si\/hu\/#organization\"},\"potentialAction\":[{\"@type\":\"SearchAction\",\"target\":{\"@type\":\"EntryPoint\",\"urlTemplate\":\"https:\/\/svetslik.si\/hu\/?s={search_term_string}\"},\"query-input\":{\"@type\":\"PropertyValueSpecification\",\"valueRequired\":true,\"valueName\":\"search_term_string\"}}],\"inLanguage\":\"hu\"},{\"@type\":\"Organization\",\"@id\":\"https:\/\/svetslik.si\/hu\/#organization\",\"name\":\"SvetSlik.si\",\"url\":\"https:\/\/svetslik.si\/hu\/\",\"logo\":{\"@type\":\"ImageObject\",\"inLanguage\":\"hu\",\"@id\":\"https:\/\/svetslik.si\/hu\/#\/schema\/logo\/image\/\",\"url\":\"https:\/\/svetslik.si\/wp-content\/uploads\/2020\/12\/logo-512.png\",\"contentUrl\":\"https:\/\/svetslik.si\/wp-content\/uploads\/2020\/12\/logo-512.png\",\"width\":512,\"height\":512,\"caption\":\"SvetSlik.si\"},\"image\":{\"@id\":\"https:\/\/svetslik.si\/hu\/#\/schema\/logo\/image\/\"},\"sameAs\":[\"https:\/\/www.facebook.com\/svetslik.si\",\"https:\/\/x.com\/svetslik\",\"https:\/\/www.instagram.com\/svetslik.si\/\",\"https:\/\/www.linkedin.com\/company\/svetslik-si\"]}]}<\/script>\n<meta property=\"og:availability\" content=\"backorder\" \/>\n<meta property=\"product:availability\" content=\"available for order\" \/>\n<meta property=\"product:retailer_item_id\" content=\"405_1_-2\" \/>\n<meta property=\"product:condition\" content=\"new\" \/>\n<!-- \/ Yoast SEO Premium plugin. -->","yoast_head_json":{"title":"Mark Rothko - Black in Deep Red - SVETSLIK.SI - 100% k\u00e9zzel festett","description":"Mark Rothko - Black in Deep Red - 100% k\u00e9zzel festett h\u00edres festm\u00e9nyek reprodukci\u00f3i. Festm\u00e9nyek keretez\u00e9se, elad\u00e1sa \u00e9s egyedi rendel\u00e9sre t\u00f6rt\u00e9n\u0151 v\u00e1szonk\u00e9pek k\u00e9sz\u00edt\u00e9se.","robots":{"index":"index","follow":"follow","max-snippet":"max-snippet:-1","max-image-preview":"max-image-preview:large","max-video-preview":"max-video-preview:-1"},"canonical":"https:\/\/svetslik.si\/hu\/mark-rothko-hu\/mark-ruthko-black-in-deep-red\/","og_locale":"hu_HU","og_type":"article","og_title":"Mark Rothko - Black in Deep Red","og_description":"100% ro\u010dno naslikane slike na platnu, reprodukcije znanih slikarjev in umetni\u0161ke slike po naro\u010dilu.","og_url":"https:\/\/svetslik.si\/hu\/mark-rothko-hu\/mark-ruthko-black-in-deep-red\/","og_site_name":"SVETSLIK.SI","article_publisher":"https:\/\/www.facebook.com\/svetslik.si","article_modified_time":"2024-07-04T16:12:29+00:00","og_image":[{"width":1995,"height":2560,"url":"https:\/\/svetslik.si\/wp-content\/uploads\/2022\/10\/Black-in-Deep-Red.webp","type":"image\/webp"}],"twitter_card":"summary_large_image","twitter_site":"@svetslik","twitter_misc":{"El\u00e9rhet\u0151s\u00e9g":"Beszerz\u00e9s alatt"},"schema":{"@context":"https:\/\/schema.org","@graph":[{"@type":["WebPage","ItemPage"],"@id":"https:\/\/svetslik.si\/hu\/mark-rothko-hu\/mark-ruthko-black-in-deep-red\/","url":"https:\/\/svetslik.si\/hu\/mark-rothko-hu\/mark-ruthko-black-in-deep-red\/","name":"Mark Rothko - Black in Deep Red - SVETSLIK.SI - 100% k\u00e9zzel festett","isPartOf":{"@id":"https:\/\/svetslik.si\/hu\/#website"},"primaryImageOfPage":{"@id":"https:\/\/svetslik.si\/hu\/mark-rothko-hu\/mark-ruthko-black-in-deep-red\/#primaryimage"},"image":{"@id":"https:\/\/svetslik.si\/hu\/mark-rothko-hu\/mark-ruthko-black-in-deep-red\/#primaryimage"},"thumbnailUrl":"https:\/\/svetslik.si\/wp-content\/uploads\/2022\/10\/Black-in-Deep-Red.webp","datePublished":"2022-10-20T15:21:54+00:00","dateModified":"2024-07-04T16:12:29+00:00","description":"Mark Rothko - Black in Deep Red - 100% k\u00e9zzel festett h\u00edres festm\u00e9nyek reprodukci\u00f3i. Festm\u00e9nyek keretez\u00e9se, elad\u00e1sa \u00e9s egyedi rendel\u00e9sre t\u00f6rt\u00e9n\u0151 v\u00e1szonk\u00e9pek k\u00e9sz\u00edt\u00e9se.","breadcrumb":{"@id":"https:\/\/svetslik.si\/hu\/mark-rothko-hu\/mark-ruthko-black-in-deep-red\/#breadcrumb"},"inLanguage":"hu","potentialAction":[{"@type":"ReadAction","target":["https:\/\/svetslik.si\/hu\/mark-rothko-hu\/mark-ruthko-black-in-deep-red\/"]}]},{"@type":"ImageObject","inLanguage":"hu","@id":"https:\/\/svetslik.si\/hu\/mark-rothko-hu\/mark-ruthko-black-in-deep-red\/#primaryimage","url":"https:\/\/svetslik.si\/wp-content\/uploads\/2022\/10\/Black-in-Deep-Red.webp","contentUrl":"https:\/\/svetslik.si\/wp-content\/uploads\/2022\/10\/Black-in-Deep-Red.webp","width":1995,"height":2560,"caption":"Mark Ruthko - Black in Deep Red - Mark Rothko - Fekete m\u00e9lyv\u00f6r\u00f6sben festm\u00e9nyek"},{"@type":"BreadcrumbList","@id":"https:\/\/svetslik.si\/hu\/mark-rothko-hu\/mark-ruthko-black-in-deep-red\/#breadcrumb","itemListElement":[{"@type":"ListItem","position":1,"name":"Wall art and paintings on canvas","item":"https:\/\/svetslik.si\/hu\/"},{"@type":"ListItem","position":2,"name":"Festm\u00e9nyek elad\u00e1sa","item":"https:\/\/svetslik.si\/prodaja-slik\/"},{"@type":"ListItem","position":3,"name":"Mark Rothko &#8211; Black in Deep Red"}]},{"@type":"WebSite","@id":"https:\/\/svetslik.si\/hu\/#website","url":"https:\/\/svetslik.si\/hu\/","name":"SVETSLIK.SI","description":"100%-ban k\u00e9zzel festett reprodukci\u00f3k h\u00edres fest\u0151k festm\u00e9nyeir\u0151l \u00e9s festm\u00e9nyekr\u0151l v\u00e1szonra.","publisher":{"@id":"https:\/\/svetslik.si\/hu\/#organization"},"potentialAction":[{"@type":"SearchAction","target":{"@type":"EntryPoint","urlTemplate":"https:\/\/svetslik.si\/hu\/?s={search_term_string}"},"query-input":{"@type":"PropertyValueSpecification","valueRequired":true,"valueName":"search_term_string"}}],"inLanguage":"hu"},{"@type":"Organization","@id":"https:\/\/svetslik.si\/hu\/#organization","name":"SvetSlik.si","url":"https:\/\/svetslik.si\/hu\/","logo":{"@type":"ImageObject","inLanguage":"hu","@id":"https:\/\/svetslik.si\/hu\/#\/schema\/logo\/image\/","url":"https:\/\/svetslik.si\/wp-content\/uploads\/2020\/12\/logo-512.png","contentUrl":"https:\/\/svetslik.si\/wp-content\/uploads\/2020\/12\/logo-512.png","width":512,"height":512,"caption":"SvetSlik.si"},"image":{"@id":"https:\/\/svetslik.si\/hu\/#\/schema\/logo\/image\/"},"sameAs":["https:\/\/www.facebook.com\/svetslik.si","https:\/\/x.com\/svetslik","https:\/\/www.instagram.com\/svetslik.si\/","https:\/\/www.linkedin.com\/company\/svetslik-si"]}]},"og_availability":"backorder","product_availability":"available for order","product_retailer_item_id":"405_1_-2","product_condition":"new"},"jetpack_sharing_enabled":true,"_links":{"self":[{"href":"https:\/\/svetslik.si\/hu\/wp-json\/wp\/v2\/product\/59766","targetHints":{"allow":["GET"]}}],"collection":[{"href":"https:\/\/svetslik.si\/hu\/wp-json\/wp\/v2\/product"}],"about":[{"href":"https:\/\/svetslik.si\/hu\/wp-json\/wp\/v2\/types\/product"}],"wp:featuredmedia":[{"embeddable":true,"href":"https:\/\/svetslik.si\/hu\/wp-json\/wp\/v2\/media\/51137"}],"wp:attachment":[{"href":"https:\/\/svetslik.si\/hu\/wp-json\/wp\/v2\/media?parent=59766"}],"wp:term":[{"taxonomy":"product_brand","embeddable":true,"href":"https:\/\/svetslik.si\/hu\/wp-json\/wp\/v2\/product_brand?post=59766"},{"taxonomy":"product_cat","embeddable":true,"href":"https:\/\/svetslik.si\/hu\/wp-json\/wp\/v2\/product_cat?post=59766"},{"taxonomy":"product_tag","embeddable":true,"href":"https:\/\/svetslik.si\/hu\/wp-json\/wp\/v2\/product_tag?post=59766"}],"curies":[{"name":"wp","href":"https:\/\/api.w.org\/{rel}","templated":true}]}}