{"id":59798,"date":"2022-10-20T17:58:30","date_gmt":"2022-10-20T15:58:30","guid":{"rendered":"https:\/\/svetslik.si\/nem-kategorizalt\/mark-rothko-no-10\/"},"modified":"2025-12-19T15:21:25","modified_gmt":"2025-12-19T14:21:25","slug":"mark-rothko-no-10","status":"publish","type":"product","link":"https:\/\/svetslik.si\/hu\/mark-rothko-hu\/mark-rothko-no-10\/","title":{"rendered":"Mark Rothko &#8211; No.10"},"content":{"rendered":"<div class=\"wpb-content-wrapper\">[vc_row css=&#8221;.vc_custom_1766153241844{margin-bottom: 5px !important;}&#8221;][vc_column]\t<div class=\"et-image-269 et-image     et_image_link\">\n\t\t<div class=\"et-image-inner \">\n\t\t\t\t\t\t\t<div class=\"et-image-thumb \">\n\t\t\t\t\t<img decoding=\"async\" width=\"1500\" height=\"1671\" src=\"https:\/\/svetslik.si\/wp-content\/uploads\/2022\/10\/Mark-Rothko-\u2013-No.10-umetniske-slike-na-platnu.webp\" class=\"attachment-full\" alt=\"Mark Rothko \u2013 No.10 - umetni\u0161ke slike na platnu\" title=\"Mark Rothko - No.10\" srcset=\"https:\/\/svetslik.si\/wp-content\/uploads\/2022\/10\/Mark-Rothko-\u2013-No.10-umetniske-slike-na-platnu.webp 1500w, https:\/\/svetslik.si\/wp-content\/uploads\/2022\/10\/Mark-Rothko-\u2013-No.10-umetniske-slike-na-platnu-269x300.webp 269w, https:\/\/svetslik.si\/wp-content\/uploads\/2022\/10\/Mark-Rothko-\u2013-No.10-umetniske-slike-na-platnu-919x1024.webp 919w, https:\/\/svetslik.si\/wp-content\/uploads\/2022\/10\/Mark-Rothko-\u2013-No.10-umetniske-slike-na-platnu-768x856.webp 768w, https:\/\/svetslik.si\/wp-content\/uploads\/2022\/10\/Mark-Rothko-\u2013-No.10-umetniske-slike-na-platnu-1379x1536.webp 1379w, https:\/\/svetslik.si\/wp-content\/uploads\/2022\/10\/Mark-Rothko-\u2013-No.10-umetniske-slike-na-platnu-135x150.webp 135w, https:\/\/svetslik.si\/wp-content\/uploads\/2022\/10\/Mark-Rothko-\u2013-No.10-umetniske-slike-na-platnu-600x668.webp 600w, https:\/\/svetslik.si\/wp-content\/uploads\/2022\/10\/Mark-Rothko-\u2013-No.10-umetniske-slike-na-platnu-1200x1337.webp 1200w\" sizes=\"(max-width: 1500px) 100vw, 1500px\" \/>\t\t\t\t<\/div>\n\t\t\t\t\t\t\t\t\t\t\t<\/div>\n\t<\/div>\n  [\/vc_column][\/vc_row][vc_row css=&#8221;.vc_custom_1766153241844{margin-bottom: 5px !important;}&#8221;][vc_column]\t<div class=\"et-image-510 et-image     et_image_link\">\n\t\t<div class=\"et-image-inner \">\n\t\t\t\t\t\t\t<div class=\"et-image-thumb \">\n\t\t\t\t\t<img decoding=\"async\" width=\"1500\" height=\"1784\" src=\"https:\/\/svetslik.si\/wp-content\/uploads\/2022\/10\/Mark-Rothko-\u2013-No.10-umetniske-slike-na-platnu-2.webp\" class=\"attachment-full\" alt=\"Mark Rothko \u2013 No.10 - umetni\u0161ke slike na platnu\" title=\"Mark Rothko - No.10\" srcset=\"https:\/\/svetslik.si\/wp-content\/uploads\/2022\/10\/Mark-Rothko-\u2013-No.10-umetniske-slike-na-platnu-2.webp 1500w, https:\/\/svetslik.si\/wp-content\/uploads\/2022\/10\/Mark-Rothko-\u2013-No.10-umetniske-slike-na-platnu-2-252x300.webp 252w, https:\/\/svetslik.si\/wp-content\/uploads\/2022\/10\/Mark-Rothko-\u2013-No.10-umetniske-slike-na-platnu-2-861x1024.webp 861w, https:\/\/svetslik.si\/wp-content\/uploads\/2022\/10\/Mark-Rothko-\u2013-No.10-umetniske-slike-na-platnu-2-768x913.webp 768w, https:\/\/svetslik.si\/wp-content\/uploads\/2022\/10\/Mark-Rothko-\u2013-No.10-umetniske-slike-na-platnu-2-1291x1536.webp 1291w, https:\/\/svetslik.si\/wp-content\/uploads\/2022\/10\/Mark-Rothko-\u2013-No.10-umetniske-slike-na-platnu-2-126x150.webp 126w, https:\/\/svetslik.si\/wp-content\/uploads\/2022\/10\/Mark-Rothko-\u2013-No.10-umetniske-slike-na-platnu-2-600x714.webp 600w, https:\/\/svetslik.si\/wp-content\/uploads\/2022\/10\/Mark-Rothko-\u2013-No.10-umetniske-slike-na-platnu-2-1200x1427.webp 1200w\" sizes=\"(max-width: 1500px) 100vw, 1500px\" \/>\t\t\t\t<\/div>\n\t\t\t\t\t\t\t\t\t\t\t<\/div>\n\t<\/div>\n  [\/vc_column][\/vc_row][vc_row css=&#8221;.vc_custom_1766153241844{margin-bottom: 5px !important;}&#8221;][vc_column]\t<div class=\"et-image-527 et-image     et_image_link\">\n\t\t<div class=\"et-image-inner \">\n\t\t\t\t\t\t\t<div class=\"et-image-thumb \">\n\t\t\t\t\t<img decoding=\"async\" width=\"1500\" height=\"1650\" src=\"https:\/\/svetslik.si\/wp-content\/uploads\/2022\/10\/Mark-Rothko-\u2013-No.10-umetniske-slike-na-platnu-3.jpg\" class=\"attachment-full\" alt=\"Mark Rothko \u2013 No.10 - umetni\u0161ke slike na platnu\" title=\"Mark Rothko - No.10\" srcset=\"https:\/\/svetslik.si\/wp-content\/uploads\/2022\/10\/Mark-Rothko-\u2013-No.10-umetniske-slike-na-platnu-3.jpg 1500w, https:\/\/svetslik.si\/wp-content\/uploads\/2022\/10\/Mark-Rothko-\u2013-No.10-umetniske-slike-na-platnu-3-273x300.jpg 273w, https:\/\/svetslik.si\/wp-content\/uploads\/2022\/10\/Mark-Rothko-\u2013-No.10-umetniske-slike-na-platnu-3-931x1024.jpg 931w, https:\/\/svetslik.si\/wp-content\/uploads\/2022\/10\/Mark-Rothko-\u2013-No.10-umetniske-slike-na-platnu-3-768x845.jpg 768w, https:\/\/svetslik.si\/wp-content\/uploads\/2022\/10\/Mark-Rothko-\u2013-No.10-umetniske-slike-na-platnu-3-1396x1536.jpg 1396w, https:\/\/svetslik.si\/wp-content\/uploads\/2022\/10\/Mark-Rothko-\u2013-No.10-umetniske-slike-na-platnu-3-136x150.jpg 136w, https:\/\/svetslik.si\/wp-content\/uploads\/2022\/10\/Mark-Rothko-\u2013-No.10-umetniske-slike-na-platnu-3-600x660.jpg 600w, https:\/\/svetslik.si\/wp-content\/uploads\/2022\/10\/Mark-Rothko-\u2013-No.10-umetniske-slike-na-platnu-3-1200x1320.jpg 1200w\" sizes=\"(max-width: 1500px) 100vw, 1500px\" \/>\t\t\t\t<\/div>\n\t\t\t\t\t\t\t\t\t\t\t<\/div>\n\t<\/div>\n  [\/vc_column][\/vc_row][vc_row css=&#8221;.vc_custom_1766153241844{margin-bottom: 5px !important;}&#8221;][vc_column]\t<div class=\"et-image-352 et-image     et_image_link\">\n\t\t<div class=\"et-image-inner \">\n\t\t\t\t\t\t\t<div class=\"et-image-thumb \">\n\t\t\t\t\t<img decoding=\"async\" width=\"1500\" height=\"1125\" src=\"https:\/\/svetslik.si\/wp-content\/uploads\/2022\/10\/Mark-Rothko-\u2013-No.10-umetniske-slike-na-platnu-4.jpg\" class=\"attachment-full\" alt=\"Mark Rothko \u2013 No.10 - umetni\u0161ke slike na platnu\" title=\"Mark Rothko - No.10\" srcset=\"https:\/\/svetslik.si\/wp-content\/uploads\/2022\/10\/Mark-Rothko-\u2013-No.10-umetniske-slike-na-platnu-4.jpg 1500w, https:\/\/svetslik.si\/wp-content\/uploads\/2022\/10\/Mark-Rothko-\u2013-No.10-umetniske-slike-na-platnu-4-300x225.jpg 300w, https:\/\/svetslik.si\/wp-content\/uploads\/2022\/10\/Mark-Rothko-\u2013-No.10-umetniske-slike-na-platnu-4-1024x768.jpg 1024w, https:\/\/svetslik.si\/wp-content\/uploads\/2022\/10\/Mark-Rothko-\u2013-No.10-umetniske-slike-na-platnu-4-768x576.jpg 768w, https:\/\/svetslik.si\/wp-content\/uploads\/2022\/10\/Mark-Rothko-\u2013-No.10-umetniske-slike-na-platnu-4-150x113.jpg 150w, https:\/\/svetslik.si\/wp-content\/uploads\/2022\/10\/Mark-Rothko-\u2013-No.10-umetniske-slike-na-platnu-4-600x450.jpg 600w, https:\/\/svetslik.si\/wp-content\/uploads\/2022\/10\/Mark-Rothko-\u2013-No.10-umetniske-slike-na-platnu-4-1200x900.jpg 1200w\" sizes=\"(max-width: 1500px) 100vw, 1500px\" \/>\t\t\t\t<\/div>\n\t\t\t\t\t\t\t\t\t\t\t<\/div>\n\t<\/div>\n  [\/vc_column][\/vc_row][vc_row][vc_column][vc_column_text]\n<h1>Mark Rothko \u2013 10. sz.<\/h1>\n<p>&nbsp;<\/p>\n<table style=\"width: 673px;\" border=\"0\" width=\"673\" cellpadding=\"0\">\n<tbody>\n<tr>\n<td style=\"width: 180px; height: 21px;\" height=\"21\">L\u00e9trehoz\u00e1s \u00e9ve:<\/td>\n<td style=\"width: 493px;\">1950<\/td>\n<\/tr>\n<tr>\n<td style=\"width: 180px; height: 21px;\" height=\"21\">Eredeti m\u00e9ret:<\/td>\n<td style=\"width: 493px;\">229,6 cm x 145,1 cm<\/td>\n<\/tr>\n<tr>\n<td style=\"width: 180px; height: 21px;\" height=\"21\">Fest\u00e9si st\u00edlus:<\/td>\n<td style=\"width: 493px;\">Absztrakci\u00f3<\/td>\n<\/tr>\n<tr>\n<td style=\"width: 180px; height: 21px;\" height=\"21\">Eredeti technika:<\/td>\n<td>Olaj, v\u00e1szon<\/td>\n<\/tr>\n<tr>\n<td style=\"width: 180px; height: 21px;\" height=\"21\">Helysz\u00edn:<\/td>\n<td><em>New York<\/em><\/td>\n<\/tr>\n<\/tbody>\n<colgroup>\n<col \/>\n<col \/> <\/colgroup>\n<\/table>\n<p>K\u00e9p sz. A 10 egy nagy k\u00f6z\u00e9ps\u0151 fekete t\u00e9glalappal rendelkez\u0151 k\u00e9p, amelyet kisebb feh\u00e9r \u00e9s sz\u00fcrke t\u00e9glalapok vesznek k\u00f6r\u00fcl. A k\u00f6z\u00e9ps\u0151 fekete t\u00e9glalapot bal \u00e9s jobb oldalon v\u00e9kony feh\u00e9r t\u00e9glalap, fel\u00fcl \u00e9s alul v\u00e9kony sz\u00fcrke t\u00e9glalap hat\u00e1rolja. A k\u00e9pet az egyszer\u0171s\u00e9g jellemzi, ahol kiz\u00e1r\u00f3lag h\u00e1rom sz\u00edn \u00f6sszefon\u00f3d\u00e1s\u00e1n van a hangs\u00faly.<\/p>\n<p>A festm\u00e9ny 1958-ban k\u00e9sz\u00fclt, \u00e9s Rothko egyik leger\u0151sebb \u00e9s legszembet\u0171n\u0151bb alkot\u00e1s\u00e1nak tartj\u00e1k. Leny\u0171g\u00f6z\u0151 munka, amely bemutatja Rothko azon k\u00e9pess\u00e9g\u00e9t, hogy sz\u00edneket haszn\u00e1ljon a k\u00e9p m\u00e9lys\u00e9g\u00e9nek \u00e9s mozg\u00e1s\u00e1nak \u00e9rzet\u00e9re. A feh\u00e9r \u00e9s sz\u00fcrke t\u00e9glalapokkal k\u00f6r\u00fclvett k\u00f6zponti fekete t\u00e9glalap haszn\u00e1lata fesz\u00fclts\u00e9get \u00e9s dr\u00e1mai \u00e9rzetet kelt a k\u00e9pen.<\/p>\n<p>Rothko m\u0171vei \u00e9rzelmi hat\u00e1sukr\u00f3l \u00e9s a szeml\u00e9l\u0151d\u00e9s \u00e9rzet\u00e9t kelt\u0151 k\u00e9pess\u00e9g\u00fckr\u0151l ismertek a n\u00e9z\u0151ben. K\u00e9p sz. A 10 sem kiv\u00e9tel, hiszen a kompoz\u00edci\u00f3 egyszer\u0171s\u00e9ge \u00e9s a mind\u00f6ssze h\u00e1rom sz\u00edn, a fekete, a feh\u00e9r \u00e9s a sz\u00fcrke haszn\u00e1lata miatt er\u0151s \u00e9s szuggeszt\u00edv.<\/p>\n<p>K\u00e9p sz. 10 jelenleg a washingtoni National Gallery of Art gy\u0171jtem\u00e9ny\u00e9ben tal\u00e1lhat\u00f3, \u00e9s Rothko p\u00e1lyafut\u00e1s\u00e1nak egyik legfontosabb alkot\u00e1sak\u00e9nt tartj\u00e1k sz\u00e1mon. M\u00e9g mindig \u00fcnneplik \u00e9s csod\u00e1lj\u00e1k a m\u0171v\u00e9szet szerelmesei \u00e9s kritikusai egyar\u00e1nt.<\/p>\n<p>R\u00f6viden, Mark Rothko amerikai fest\u0151 volt, aki a Color Field mozgalom egyik vezet\u0151 k\u00e9pvisel\u0151je volt. Egyik legh\u00edresebb munk\u00e1ja a 2. sz. 10, m\u00e1s n\u00e9ven &#8220;fekete, feh\u00e9r \u00e9s sz\u00fcrke&#8221;. Ez a festm\u00e9ny egy er\u0151teljes \u00e9s hangulatos alkot\u00e1s, amely bemutatja Rothko k\u00e9pess\u00e9g\u00e9t, hogy sz\u00edneket haszn\u00e1ljon a k\u00e9p m\u00e9lys\u00e9g\u00e9nek \u00e9s mozg\u00e1s\u00e1nak \u00e9rzet\u00e9nek megteremt\u00e9s\u00e9re. M\u00e1ig \u00fcnneplik \u00e9s csod\u00e1lj\u00e1k a m\u0171kedvel\u0151k \u00e9s a kritikusok egyar\u00e1nt, \u00e9s Rothko p\u00e1lyafut\u00e1s\u00e1nak egyik legfontosabb alkot\u00e1sak\u00e9nt tartj\u00e1k sz\u00e1mon.<\/p>\n<\/div>","protected":false},"excerpt":{"rendered":"<p>[vc_row css=&#8221;.vc_custom_1766153241844{margin-bottom: 5px !important;}&#8221;][vc_column][\/vc_column][\/vc_row][vc_row css=&#8221;.vc_custom_1766153241844{margin-bottom: 5px !important;}&#8221;][vc_column][\/vc_column][\/vc_row][vc_row css=&#8221;.vc_custom_1766153241844{margin-bottom: 5px !important;}&#8221;][vc_column][\/vc_column][\/vc_row][vc_row css=&#8221;.vc_custom_1766153241844{margin-bottom: 5px !important;}&#8221;][vc_column][\/vc_column][\/vc_row][vc_row][vc_column][vc_column_text] Mark Rothko \u2013 10. sz. &nbsp; L\u00e9trehoz\u00e1s \u00e9ve: 1950 Eredeti m\u00e9ret: 229,6 cm x 145,1 cm Fest\u00e9si st\u00edlus: Absztrakci\u00f3 Eredeti technika: Olaj, v\u00e1szon Helysz\u00edn: New York K\u00e9p sz. A 10 egy nagy k\u00f6z\u00e9ps\u0151 fekete t\u00e9glalappal rendelkez\u0151 k\u00e9p, [&hellip;]<\/p>\n","protected":false},"featured_media":51139,"template":"","meta":{"_acf_changed":false},"product_brand":[],"product_cat":[7132],"product_tag":[11885,11886,11887,7198],"class_list":{"0":"post-59798","1":"product","2":"type-product","3":"status-publish","4":"has-post-thumbnail","6":"product_cat-mark-rothko-hu","7":"product_tag-painter-hu","8":"product_tag-reproduction","9":"product_tag-reproductions-hu","10":"product_tag-rothko-hu","11":"pa_dimenzija-100-cm-x-66-cm","12":"pa_dimenzija-110-cm-x-72-cm","13":"pa_dimenzija-120-cm-x-78-cm","14":"pa_dimenzija-130-cm-x-84-cm","15":"pa_dimenzija-150-cm-x-96-cm","16":"pa_dimenzija-175-cm-x-112-cm","17":"pa_dimenzija-200-cm-x-128-cm","18":"pa_dimenzija-230-cm-x-145-cm","19":"pa_dimenzija-250-cm-x-159-cm","20":"pa_dimenzija-40-cm-x-28-cm","21":"pa_dimenzija-50-cm-x-35-cm","22":"pa_dimenzija-60-cm-x-42-cm","23":"pa_dimenzija-70-cm-x-48-cm","24":"pa_dimenzija-80-cm-x-54-cm","25":"pa_dimenzija-90-cm-x-60-cm","26":"pa_oblika-fuggoleges","27":"pa_okvir-nincs-keret","28":"pa_podokvir-igen","29":"pa_podokvir-nem","31":"first","32":"onbackorder","33":"purchasable","34":"product-type-variable","35":"has-default-attributes"},"acf":[],"yoast_head":"<!-- This site is optimized with the Yoast SEO Premium plugin v26.0 (Yoast SEO v27.2) - https:\/\/yoast.com\/product\/yoast-seo-premium-wordpress\/ -->\n<title>Mark Rothko - No.10 - SVETSLIK.SI - 100% k\u00e9zzel festett<\/title>\n<meta name=\"description\" content=\"Mark Rothko - No.10 - 100% k\u00e9zzel festett h\u00edres festm\u00e9nyek reprodukci\u00f3i. Festm\u00e9nyek keretez\u00e9se, elad\u00e1sa \u00e9s egyedi rendel\u00e9sre t\u00f6rt\u00e9n\u0151 v\u00e1szonk\u00e9pek k\u00e9sz\u00edt\u00e9se.\" \/>\n<meta name=\"robots\" content=\"index, follow, max-snippet:-1, max-image-preview:large, max-video-preview:-1\" \/>\n<link rel=\"canonical\" href=\"https:\/\/svetslik.si\/hu\/mark-rothko-hu\/mark-rothko-no-10\/\" \/>\n<meta property=\"og:locale\" content=\"hu_HU\" \/>\n<meta property=\"og:type\" content=\"article\" \/>\n<meta property=\"og:title\" content=\"Mark Rothko - No.10\" \/>\n<meta property=\"og:description\" content=\"100% ro\u010dno naslikane slike na platnu, reprodukcije znanih slikarjev in umetni\u0161ke slike po naro\u010dilu.\" \/>\n<meta property=\"og:url\" content=\"https:\/\/svetslik.si\/hu\/mark-rothko-hu\/mark-rothko-no-10\/\" \/>\n<meta property=\"og:site_name\" content=\"SVETSLIK.SI\" \/>\n<meta property=\"article:publisher\" content=\"https:\/\/www.facebook.com\/svetslik.si\" \/>\n<meta property=\"article:modified_time\" content=\"2025-12-19T14:21:25+00:00\" \/>\n<meta property=\"og:image\" content=\"https:\/\/svetslik.si\/wp-content\/uploads\/2022\/10\/Mark-Rothko-No.10.jpg\" \/>\n\t<meta property=\"og:image:width\" content=\"959\" \/>\n\t<meta property=\"og:image:height\" content=\"1500\" \/>\n\t<meta property=\"og:image:type\" content=\"image\/jpeg\" \/>\n<meta name=\"twitter:card\" content=\"summary_large_image\" \/>\n<meta name=\"twitter:site\" content=\"@svetslik\" \/>\n<meta name=\"twitter:label1\" content=\"El\u00e9rhet\u0151s\u00e9g\" \/>\n\t<meta name=\"twitter:data1\" content=\"Beszerz\u00e9s alatt\" \/>\n<script type=\"application\/ld+json\" class=\"yoast-schema-graph\">{\"@context\":\"https:\/\/schema.org\",\"@graph\":[{\"@type\":[\"WebPage\",\"ItemPage\"],\"@id\":\"https:\/\/svetslik.si\/hu\/mark-rothko-hu\/mark-rothko-no-10\/\",\"url\":\"https:\/\/svetslik.si\/hu\/mark-rothko-hu\/mark-rothko-no-10\/\",\"name\":\"Mark Rothko - No.10 - SVETSLIK.SI - 100% k\u00e9zzel festett\",\"isPartOf\":{\"@id\":\"https:\/\/svetslik.si\/hu\/#website\"},\"primaryImageOfPage\":{\"@id\":\"https:\/\/svetslik.si\/hu\/mark-rothko-hu\/mark-rothko-no-10\/#primaryimage\"},\"image\":{\"@id\":\"https:\/\/svetslik.si\/hu\/mark-rothko-hu\/mark-rothko-no-10\/#primaryimage\"},\"thumbnailUrl\":\"https:\/\/svetslik.si\/wp-content\/uploads\/2022\/10\/Mark-Rothko-No.10.jpg\",\"datePublished\":\"2022-10-20T15:58:30+00:00\",\"dateModified\":\"2025-12-19T14:21:25+00:00\",\"description\":\"Mark Rothko - No.10 - 100% k\u00e9zzel festett h\u00edres festm\u00e9nyek reprodukci\u00f3i. Festm\u00e9nyek keretez\u00e9se, elad\u00e1sa \u00e9s egyedi rendel\u00e9sre t\u00f6rt\u00e9n\u0151 v\u00e1szonk\u00e9pek k\u00e9sz\u00edt\u00e9se.\",\"breadcrumb\":{\"@id\":\"https:\/\/svetslik.si\/hu\/mark-rothko-hu\/mark-rothko-no-10\/#breadcrumb\"},\"inLanguage\":\"hu\",\"potentialAction\":[{\"@type\":\"ReadAction\",\"target\":[\"https:\/\/svetslik.si\/hu\/mark-rothko-hu\/mark-rothko-no-10\/\"]}]},{\"@type\":\"ImageObject\",\"inLanguage\":\"hu\",\"@id\":\"https:\/\/svetslik.si\/hu\/mark-rothko-hu\/mark-rothko-no-10\/#primaryimage\",\"url\":\"https:\/\/svetslik.si\/wp-content\/uploads\/2022\/10\/Mark-Rothko-No.10.jpg\",\"contentUrl\":\"https:\/\/svetslik.si\/wp-content\/uploads\/2022\/10\/Mark-Rothko-No.10.jpg\",\"width\":959,\"height\":1500,\"caption\":\"Mark-Rothko---No.10 - Mark Rothko - 10. festm\u00e9nyek\"},{\"@type\":\"BreadcrumbList\",\"@id\":\"https:\/\/svetslik.si\/hu\/mark-rothko-hu\/mark-rothko-no-10\/#breadcrumb\",\"itemListElement\":[{\"@type\":\"ListItem\",\"position\":1,\"name\":\"Wall art and paintings on canvas\",\"item\":\"https:\/\/svetslik.si\/hu\/\"},{\"@type\":\"ListItem\",\"position\":2,\"name\":\"Festm\u00e9nyek elad\u00e1sa\",\"item\":\"https:\/\/svetslik.si\/prodaja-slik\/\"},{\"@type\":\"ListItem\",\"position\":3,\"name\":\"Mark Rothko &#8211; No.10\"}]},{\"@type\":\"WebSite\",\"@id\":\"https:\/\/svetslik.si\/hu\/#website\",\"url\":\"https:\/\/svetslik.si\/hu\/\",\"name\":\"SVETSLIK.SI\",\"description\":\"100%-ban k\u00e9zzel festett reprodukci\u00f3k h\u00edres fest\u0151k festm\u00e9nyeir\u0151l \u00e9s festm\u00e9nyekr\u0151l v\u00e1szonra.\",\"publisher\":{\"@id\":\"https:\/\/svetslik.si\/hu\/#organization\"},\"potentialAction\":[{\"@type\":\"SearchAction\",\"target\":{\"@type\":\"EntryPoint\",\"urlTemplate\":\"https:\/\/svetslik.si\/hu\/?s={search_term_string}\"},\"query-input\":{\"@type\":\"PropertyValueSpecification\",\"valueRequired\":true,\"valueName\":\"search_term_string\"}}],\"inLanguage\":\"hu\"},{\"@type\":\"Organization\",\"@id\":\"https:\/\/svetslik.si\/hu\/#organization\",\"name\":\"SvetSlik.si\",\"url\":\"https:\/\/svetslik.si\/hu\/\",\"logo\":{\"@type\":\"ImageObject\",\"inLanguage\":\"hu\",\"@id\":\"https:\/\/svetslik.si\/hu\/#\/schema\/logo\/image\/\",\"url\":\"https:\/\/svetslik.si\/wp-content\/uploads\/2020\/12\/logo-512.png\",\"contentUrl\":\"https:\/\/svetslik.si\/wp-content\/uploads\/2020\/12\/logo-512.png\",\"width\":512,\"height\":512,\"caption\":\"SvetSlik.si\"},\"image\":{\"@id\":\"https:\/\/svetslik.si\/hu\/#\/schema\/logo\/image\/\"},\"sameAs\":[\"https:\/\/www.facebook.com\/svetslik.si\",\"https:\/\/x.com\/svetslik\",\"https:\/\/www.instagram.com\/svetslik.si\/\",\"https:\/\/www.linkedin.com\/company\/svetslik-si\"]}]}<\/script>\n<meta property=\"og:availability\" content=\"backorder\" \/>\n<meta property=\"product:availability\" content=\"available for order\" \/>\n<meta property=\"product:retailer_item_id\" content=\"405_1_-1-1-1\" \/>\n<meta property=\"product:condition\" content=\"new\" \/>\n<!-- \/ Yoast SEO Premium plugin. -->","yoast_head_json":{"title":"Mark Rothko - No.10 - SVETSLIK.SI - 100% k\u00e9zzel festett","description":"Mark Rothko - No.10 - 100% k\u00e9zzel festett h\u00edres festm\u00e9nyek reprodukci\u00f3i. Festm\u00e9nyek keretez\u00e9se, elad\u00e1sa \u00e9s egyedi rendel\u00e9sre t\u00f6rt\u00e9n\u0151 v\u00e1szonk\u00e9pek k\u00e9sz\u00edt\u00e9se.","robots":{"index":"index","follow":"follow","max-snippet":"max-snippet:-1","max-image-preview":"max-image-preview:large","max-video-preview":"max-video-preview:-1"},"canonical":"https:\/\/svetslik.si\/hu\/mark-rothko-hu\/mark-rothko-no-10\/","og_locale":"hu_HU","og_type":"article","og_title":"Mark Rothko - No.10","og_description":"100% ro\u010dno naslikane slike na platnu, reprodukcije znanih slikarjev in umetni\u0161ke slike po naro\u010dilu.","og_url":"https:\/\/svetslik.si\/hu\/mark-rothko-hu\/mark-rothko-no-10\/","og_site_name":"SVETSLIK.SI","article_publisher":"https:\/\/www.facebook.com\/svetslik.si","article_modified_time":"2025-12-19T14:21:25+00:00","og_image":[{"width":959,"height":1500,"url":"https:\/\/svetslik.si\/wp-content\/uploads\/2022\/10\/Mark-Rothko-No.10.jpg","type":"image\/jpeg"}],"twitter_card":"summary_large_image","twitter_site":"@svetslik","twitter_misc":{"El\u00e9rhet\u0151s\u00e9g":"Beszerz\u00e9s alatt"},"schema":{"@context":"https:\/\/schema.org","@graph":[{"@type":["WebPage","ItemPage"],"@id":"https:\/\/svetslik.si\/hu\/mark-rothko-hu\/mark-rothko-no-10\/","url":"https:\/\/svetslik.si\/hu\/mark-rothko-hu\/mark-rothko-no-10\/","name":"Mark Rothko - No.10 - SVETSLIK.SI - 100% k\u00e9zzel festett","isPartOf":{"@id":"https:\/\/svetslik.si\/hu\/#website"},"primaryImageOfPage":{"@id":"https:\/\/svetslik.si\/hu\/mark-rothko-hu\/mark-rothko-no-10\/#primaryimage"},"image":{"@id":"https:\/\/svetslik.si\/hu\/mark-rothko-hu\/mark-rothko-no-10\/#primaryimage"},"thumbnailUrl":"https:\/\/svetslik.si\/wp-content\/uploads\/2022\/10\/Mark-Rothko-No.10.jpg","datePublished":"2022-10-20T15:58:30+00:00","dateModified":"2025-12-19T14:21:25+00:00","description":"Mark Rothko - No.10 - 100% k\u00e9zzel festett h\u00edres festm\u00e9nyek reprodukci\u00f3i. Festm\u00e9nyek keretez\u00e9se, elad\u00e1sa \u00e9s egyedi rendel\u00e9sre t\u00f6rt\u00e9n\u0151 v\u00e1szonk\u00e9pek k\u00e9sz\u00edt\u00e9se.","breadcrumb":{"@id":"https:\/\/svetslik.si\/hu\/mark-rothko-hu\/mark-rothko-no-10\/#breadcrumb"},"inLanguage":"hu","potentialAction":[{"@type":"ReadAction","target":["https:\/\/svetslik.si\/hu\/mark-rothko-hu\/mark-rothko-no-10\/"]}]},{"@type":"ImageObject","inLanguage":"hu","@id":"https:\/\/svetslik.si\/hu\/mark-rothko-hu\/mark-rothko-no-10\/#primaryimage","url":"https:\/\/svetslik.si\/wp-content\/uploads\/2022\/10\/Mark-Rothko-No.10.jpg","contentUrl":"https:\/\/svetslik.si\/wp-content\/uploads\/2022\/10\/Mark-Rothko-No.10.jpg","width":959,"height":1500,"caption":"Mark-Rothko---No.10 - Mark Rothko - 10. festm\u00e9nyek"},{"@type":"BreadcrumbList","@id":"https:\/\/svetslik.si\/hu\/mark-rothko-hu\/mark-rothko-no-10\/#breadcrumb","itemListElement":[{"@type":"ListItem","position":1,"name":"Wall art and paintings on canvas","item":"https:\/\/svetslik.si\/hu\/"},{"@type":"ListItem","position":2,"name":"Festm\u00e9nyek elad\u00e1sa","item":"https:\/\/svetslik.si\/prodaja-slik\/"},{"@type":"ListItem","position":3,"name":"Mark Rothko &#8211; No.10"}]},{"@type":"WebSite","@id":"https:\/\/svetslik.si\/hu\/#website","url":"https:\/\/svetslik.si\/hu\/","name":"SVETSLIK.SI","description":"100%-ban k\u00e9zzel festett reprodukci\u00f3k h\u00edres fest\u0151k festm\u00e9nyeir\u0151l \u00e9s festm\u00e9nyekr\u0151l v\u00e1szonra.","publisher":{"@id":"https:\/\/svetslik.si\/hu\/#organization"},"potentialAction":[{"@type":"SearchAction","target":{"@type":"EntryPoint","urlTemplate":"https:\/\/svetslik.si\/hu\/?s={search_term_string}"},"query-input":{"@type":"PropertyValueSpecification","valueRequired":true,"valueName":"search_term_string"}}],"inLanguage":"hu"},{"@type":"Organization","@id":"https:\/\/svetslik.si\/hu\/#organization","name":"SvetSlik.si","url":"https:\/\/svetslik.si\/hu\/","logo":{"@type":"ImageObject","inLanguage":"hu","@id":"https:\/\/svetslik.si\/hu\/#\/schema\/logo\/image\/","url":"https:\/\/svetslik.si\/wp-content\/uploads\/2020\/12\/logo-512.png","contentUrl":"https:\/\/svetslik.si\/wp-content\/uploads\/2020\/12\/logo-512.png","width":512,"height":512,"caption":"SvetSlik.si"},"image":{"@id":"https:\/\/svetslik.si\/hu\/#\/schema\/logo\/image\/"},"sameAs":["https:\/\/www.facebook.com\/svetslik.si","https:\/\/x.com\/svetslik","https:\/\/www.instagram.com\/svetslik.si\/","https:\/\/www.linkedin.com\/company\/svetslik-si"]}]},"og_availability":"backorder","product_availability":"available for order","product_retailer_item_id":"405_1_-1-1-1","product_condition":"new"},"jetpack_sharing_enabled":true,"_links":{"self":[{"href":"https:\/\/svetslik.si\/hu\/wp-json\/wp\/v2\/product\/59798","targetHints":{"allow":["GET"]}}],"collection":[{"href":"https:\/\/svetslik.si\/hu\/wp-json\/wp\/v2\/product"}],"about":[{"href":"https:\/\/svetslik.si\/hu\/wp-json\/wp\/v2\/types\/product"}],"wp:featuredmedia":[{"embeddable":true,"href":"https:\/\/svetslik.si\/hu\/wp-json\/wp\/v2\/media\/51139"}],"wp:attachment":[{"href":"https:\/\/svetslik.si\/hu\/wp-json\/wp\/v2\/media?parent=59798"}],"wp:term":[{"taxonomy":"product_brand","embeddable":true,"href":"https:\/\/svetslik.si\/hu\/wp-json\/wp\/v2\/product_brand?post=59798"},{"taxonomy":"product_cat","embeddable":true,"href":"https:\/\/svetslik.si\/hu\/wp-json\/wp\/v2\/product_cat?post=59798"},{"taxonomy":"product_tag","embeddable":true,"href":"https:\/\/svetslik.si\/hu\/wp-json\/wp\/v2\/product_tag?post=59798"}],"curies":[{"name":"wp","href":"https:\/\/api.w.org\/{rel}","templated":true}]}}