{"id":59962,"date":"2022-10-27T16:35:42","date_gmt":"2022-10-27T14:35:42","guid":{"rendered":"https:\/\/svetslik.si\/nem-kategorizalt\/dvodelne-slike-na-platnu-d126\/"},"modified":"2025-11-02T20:54:11","modified_gmt":"2025-11-02T19:54:11","slug":"ketdarabos-vaszonkepek-d126","status":"publish","type":"product","link":"https:\/\/svetslik.si\/hu\/vaszonkepek-ket-reszes\/ketdarabos-vaszonkepek-d126\/","title":{"rendered":"K\u00e9tdarabos v\u00e1szonk\u00e9pek &#8211; D126"},"content":{"rendered":"<div class=\"wpb-content-wrapper\">[vc_row][vc_column][vc_column_text css=&#8221;&#8221;]\n<p data-pm-slice=\"1 1 []\"><div class=\"yt-lazy-video ratio-square\" data-id=\"5JTslQa2ppw\"><\/div>\n[\/vc_column][\/vc_row][vc_row css=&#8221;.vc_custom_1661420408540{margin-bottom: 10px !important;}&#8221;][vc_column]\t<div class=\"et-image-50 et-image     et_image_link\">\n\t\t<div class=\"et-image-inner \">\n\t\t\t\t\t\t\t<div class=\"et-image-thumb \">\n\t\t\t\t\t<img decoding=\"async\" width=\"1000\" height=\"485\" src=\"https:\/\/svetslik.si\/wp-content\/uploads\/2022\/10\/slike-na-platnu-D126-b.jpg\" class=\"attachment-full\" alt=\"K\u00e9pek v\u00e1sznon - D126-b\" title=\"K\u00e9pek v\u00e1sznon - D126-b\" srcset=\"https:\/\/svetslik.si\/wp-content\/uploads\/2022\/10\/slike-na-platnu-D126-b.jpg 1000w, https:\/\/svetslik.si\/wp-content\/uploads\/2022\/10\/slike-na-platnu-D126-b-600x291.jpg 600w, https:\/\/svetslik.si\/wp-content\/uploads\/2022\/10\/slike-na-platnu-D126-b-300x146.jpg 300w, https:\/\/svetslik.si\/wp-content\/uploads\/2022\/10\/slike-na-platnu-D126-b-768x372.jpg 768w, https:\/\/svetslik.si\/wp-content\/uploads\/2022\/10\/slike-na-platnu-D126-b-150x73.jpg 150w, https:\/\/svetslik.si\/wp-content\/uploads\/2022\/10\/slike-na-platnu-D126-b-900x437.jpg 900w\" sizes=\"(max-width: 1000px) 100vw, 1000px\" \/>\t\t\t\t<\/div>\n\t\t\t\t\t\t\t\t\t\t\t<\/div>\n\t<\/div>\n  [\/vc_column][\/vc_row][vc_row css=&#8221;.vc_custom_1661420408540{margin-bottom: 10px !important;}&#8221;][vc_column]\t<div class=\"et-image-877 et-image     et_image_link\">\n\t\t<div class=\"et-image-inner \">\n\t\t\t\t\t\t\t<div class=\"et-image-thumb \">\n\t\t\t\t\t<img decoding=\"async\" width=\"1000\" height=\"690\" src=\"https:\/\/svetslik.si\/wp-content\/uploads\/2022\/10\/slike-na-platnu-D126-c.jpg\" class=\"attachment-full\" alt=\"K\u00e9pek v\u00e1sznon - D126-c\" title=\"K\u00e9pek v\u00e1sznon - D126-c\" srcset=\"https:\/\/svetslik.si\/wp-content\/uploads\/2022\/10\/slike-na-platnu-D126-c.jpg 1000w, https:\/\/svetslik.si\/wp-content\/uploads\/2022\/10\/slike-na-platnu-D126-c-600x414.jpg 600w, https:\/\/svetslik.si\/wp-content\/uploads\/2022\/10\/slike-na-platnu-D126-c-300x207.jpg 300w, https:\/\/svetslik.si\/wp-content\/uploads\/2022\/10\/slike-na-platnu-D126-c-768x530.jpg 768w, https:\/\/svetslik.si\/wp-content\/uploads\/2022\/10\/slike-na-platnu-D126-c-150x104.jpg 150w, https:\/\/svetslik.si\/wp-content\/uploads\/2022\/10\/slike-na-platnu-D126-c-900x621.jpg 900w\" sizes=\"(max-width: 1000px) 100vw, 1000px\" \/>\t\t\t\t<\/div>\n\t\t\t\t\t\t\t\t\t\t\t<\/div>\n\t<\/div>\n  [\/vc_column][\/vc_row][vc_row css=&#8221;.vc_custom_1661420408540{margin-bottom: 10px !important;}&#8221;][vc_column]\t<div class=\"et-image-529 et-image     et_image_link\">\n\t\t<div class=\"et-image-inner \">\n\t\t\t\t\t\t\t<div class=\"et-image-thumb \">\n\t\t\t\t\t<img decoding=\"async\" width=\"1000\" height=\"1025\" src=\"https:\/\/svetslik.si\/wp-content\/uploads\/2022\/10\/slike-na-platnu-D126-1.jpg\" class=\"attachment-full\" alt=\"K\u00e9pek v\u00e1sznon - D126\" title=\"K\u00e9pek v\u00e1sznon - D126\" srcset=\"https:\/\/svetslik.si\/wp-content\/uploads\/2022\/10\/slike-na-platnu-D126-1.jpg 1000w, https:\/\/svetslik.si\/wp-content\/uploads\/2022\/10\/slike-na-platnu-D126-1-600x615.jpg 600w, https:\/\/svetslik.si\/wp-content\/uploads\/2022\/10\/slike-na-platnu-D126-1-293x300.jpg 293w, https:\/\/svetslik.si\/wp-content\/uploads\/2022\/10\/slike-na-platnu-D126-1-768x787.jpg 768w, https:\/\/svetslik.si\/wp-content\/uploads\/2022\/10\/slike-na-platnu-D126-1-146x150.jpg 146w, https:\/\/svetslik.si\/wp-content\/uploads\/2022\/10\/slike-na-platnu-D126-1-900x923.jpg 900w\" sizes=\"(max-width: 1000px) 100vw, 1000px\" \/>\t\t\t\t<\/div>\n\t\t\t\t\t\t\t\t\t\t\t<\/div>\n\t<\/div>\n  [\/vc_column][\/vc_row][vc_row css=&#8221;.vc_custom_1661420408540{margin-bottom: 10px !important;}&#8221;][vc_column]\t<div class=\"et-image-119 et-image     et_image_link\">\n\t\t<div class=\"et-image-inner \">\n\t\t\t\t\t\t\t<div class=\"et-image-thumb \">\n\t\t\t\t\t<img decoding=\"async\" width=\"1000\" height=\"703\" src=\"https:\/\/svetslik.si\/wp-content\/uploads\/2022\/10\/slike-na-platnu-D126.jpg\" class=\"attachment-full\" alt=\"K\u00e9pek v\u00e1sznon - D126\" title=\"K\u00e9pek v\u00e1sznon - D126\" srcset=\"https:\/\/svetslik.si\/wp-content\/uploads\/2022\/10\/slike-na-platnu-D126.jpg 1000w, https:\/\/svetslik.si\/wp-content\/uploads\/2022\/10\/slike-na-platnu-D126-600x422.jpg 600w, https:\/\/svetslik.si\/wp-content\/uploads\/2022\/10\/slike-na-platnu-D126-300x211.jpg 300w, https:\/\/svetslik.si\/wp-content\/uploads\/2022\/10\/slike-na-platnu-D126-768x540.jpg 768w, https:\/\/svetslik.si\/wp-content\/uploads\/2022\/10\/slike-na-platnu-D126-150x105.jpg 150w, https:\/\/svetslik.si\/wp-content\/uploads\/2022\/10\/slike-na-platnu-D126-900x633.jpg 900w\" sizes=\"(max-width: 1000px) 100vw, 1000px\" \/>\t\t\t\t<\/div>\n\t\t\t\t\t\t\t\t\t\t\t<\/div>\n\t<\/div>\n  [\/vc_column][\/vc_row][vc_row css=&#8221;.vc_custom_1661420408540{margin-bottom: 10px !important;}&#8221;][vc_column]\t<div class=\"et-image-429 et-image     et_image_link\">\n\t\t<div class=\"et-image-inner \">\n\t\t\t\t\t\t\t<div class=\"et-image-thumb \">\n\t\t\t\t\t<img decoding=\"async\" width=\"1000\" height=\"1177\" src=\"https:\/\/svetslik.si\/wp-content\/uploads\/2022\/10\/slike-na-platnu-D126-a.jpg\" class=\"attachment-full\" alt=\"K\u00e9pek v\u00e1sznon - D126-a\" title=\"K\u00e9pek v\u00e1sznon - D126-a\" srcset=\"https:\/\/svetslik.si\/wp-content\/uploads\/2022\/10\/slike-na-platnu-D126-a.jpg 1000w, https:\/\/svetslik.si\/wp-content\/uploads\/2022\/10\/slike-na-platnu-D126-a-600x706.jpg 600w, https:\/\/svetslik.si\/wp-content\/uploads\/2022\/10\/slike-na-platnu-D126-a-255x300.jpg 255w, https:\/\/svetslik.si\/wp-content\/uploads\/2022\/10\/slike-na-platnu-D126-a-870x1024.jpg 870w, https:\/\/svetslik.si\/wp-content\/uploads\/2022\/10\/slike-na-platnu-D126-a-768x904.jpg 768w, https:\/\/svetslik.si\/wp-content\/uploads\/2022\/10\/slike-na-platnu-D126-a-127x150.jpg 127w, https:\/\/svetslik.si\/wp-content\/uploads\/2022\/10\/slike-na-platnu-D126-a-900x1059.jpg 900w\" sizes=\"(max-width: 1000px) 100vw, 1000px\" \/>\t\t\t\t<\/div>\n\t\t\t\t\t\t\t\t\t\t\t<\/div>\n\t<\/div>\n  [\/vc_column][\/vc_row][vc_row css=&#8221;.vc_custom_1661420408540{margin-bottom: 10px !important;}&#8221;][vc_column]\t<div class=\"et-image-542 et-image     et_image_link\">\n\t\t<div class=\"et-image-inner \">\n\t\t\t\t\t\t\t<div class=\"et-image-thumb \">\n\t\t\t\t\t<img decoding=\"async\" width=\"1000\" height=\"563\" src=\"https:\/\/svetslik.si\/wp-content\/uploads\/2022\/10\/slike-na-platnu-D126-v.jpg\" class=\"attachment-full\" alt=\"K\u00e9pek v\u00e1sznon - D126-v\" title=\"K\u00e9pek v\u00e1sznon - D126-v\" srcset=\"https:\/\/svetslik.si\/wp-content\/uploads\/2022\/10\/slike-na-platnu-D126-v.jpg 1000w, https:\/\/svetslik.si\/wp-content\/uploads\/2022\/10\/slike-na-platnu-D126-v-600x338.jpg 600w, https:\/\/svetslik.si\/wp-content\/uploads\/2022\/10\/slike-na-platnu-D126-v-300x169.jpg 300w, https:\/\/svetslik.si\/wp-content\/uploads\/2022\/10\/slike-na-platnu-D126-v-768x432.jpg 768w, https:\/\/svetslik.si\/wp-content\/uploads\/2022\/10\/slike-na-platnu-D126-v-150x84.jpg 150w, https:\/\/svetslik.si\/wp-content\/uploads\/2022\/10\/slike-na-platnu-D126-v-900x507.jpg 900w\" sizes=\"(max-width: 1000px) 100vw, 1000px\" \/>\t\t\t\t<\/div>\n\t\t\t\t\t\t\t\t\t\t\t<\/div>\n\t<\/div>\n  [\/vc_column][\/vc_row][vc_row css=&#8221;.vc_custom_1661420408540{margin-bottom: 10px !important;}&#8221;][vc_column]\t<div class=\"et-image-776 et-image     et_image_link\">\n\t\t<div class=\"et-image-inner \">\n\t\t\t\t\t\t\t<div class=\"et-image-thumb \">\n\t\t\t\t\t<img decoding=\"async\" width=\"800\" height=\"800\" src=\"https:\/\/svetslik.si\/wp-content\/uploads\/2022\/10\/slike-na-platnu-D126-4.png\" class=\"attachment-full\" alt=\"K\u00e9tdarabos v\u00e1szonk\u00e9pek - D126\" title=\"K\u00e9tdarabos v\u00e1szonk\u00e9pek - D126\" srcset=\"https:\/\/svetslik.si\/wp-content\/uploads\/2022\/10\/slike-na-platnu-D126-4.png 800w, https:\/\/svetslik.si\/wp-content\/uploads\/2022\/10\/slike-na-platnu-D126-4-600x600.png 600w, https:\/\/svetslik.si\/wp-content\/uploads\/2022\/10\/slike-na-platnu-D126-4-100x100.png 100w, https:\/\/svetslik.si\/wp-content\/uploads\/2022\/10\/slike-na-platnu-D126-4-300x300.png 300w, https:\/\/svetslik.si\/wp-content\/uploads\/2022\/10\/slike-na-platnu-D126-4-150x150.png 150w, https:\/\/svetslik.si\/wp-content\/uploads\/2022\/10\/slike-na-platnu-D126-4-768x768.png 768w, https:\/\/svetslik.si\/wp-content\/uploads\/2022\/10\/slike-na-platnu-D126-4-12x12.png 12w\" sizes=\"(max-width: 800px) 100vw, 800px\" \/>\t\t\t\t<\/div>\n\t\t\t\t\t\t\t\t\t\t\t<\/div>\n\t<\/div>\n  [\/vc_column][\/vc_row][vc_row css=&#8221;.vc_custom_1661420408540{margin-bottom: 10px !important;}&#8221;][vc_column]\t<div class=\"et-image-750 et-image     et_image_link\">\n\t\t<div class=\"et-image-inner \">\n\t\t\t\t\t\t\t<div class=\"et-image-thumb \">\n\t\t\t\t\t<img decoding=\"async\" width=\"800\" height=\"800\" src=\"https:\/\/svetslik.si\/wp-content\/uploads\/2022\/10\/slike-na-platnu-D126-1.png\" class=\"attachment-full\" alt=\"K\u00e9tdarabos v\u00e1szonk\u00e9pek - D126\" title=\"K\u00e9tdarabos v\u00e1szonk\u00e9pek - D126\" srcset=\"https:\/\/svetslik.si\/wp-content\/uploads\/2022\/10\/slike-na-platnu-D126-1.png 800w, https:\/\/svetslik.si\/wp-content\/uploads\/2022\/10\/slike-na-platnu-D126-1-600x600.png 600w, https:\/\/svetslik.si\/wp-content\/uploads\/2022\/10\/slike-na-platnu-D126-1-100x100.png 100w, https:\/\/svetslik.si\/wp-content\/uploads\/2022\/10\/slike-na-platnu-D126-1-300x300.png 300w, https:\/\/svetslik.si\/wp-content\/uploads\/2022\/10\/slike-na-platnu-D126-1-150x150.png 150w, https:\/\/svetslik.si\/wp-content\/uploads\/2022\/10\/slike-na-platnu-D126-1-768x768.png 768w, https:\/\/svetslik.si\/wp-content\/uploads\/2022\/10\/slike-na-platnu-D126-1-12x12.png 12w\" sizes=\"(max-width: 800px) 100vw, 800px\" \/>\t\t\t\t<\/div>\n\t\t\t\t\t\t\t\t\t\t\t<\/div>\n\t<\/div>\n  [\/vc_column][\/vc_row][vc_row css=&#8221;.vc_custom_1661420408540{margin-bottom: 10px !important;}&#8221;][vc_column]\t<div class=\"et-image-668 et-image     et_image_link\">\n\t\t<div class=\"et-image-inner \">\n\t\t\t\t\t\t\t<div class=\"et-image-thumb \">\n\t\t\t\t\t<img decoding=\"async\" width=\"800\" height=\"800\" src=\"https:\/\/svetslik.si\/wp-content\/uploads\/2022\/10\/slike-na-platnu-D126-2.png\" class=\"attachment-full\" alt=\"K\u00e9tdarabos v\u00e1szonk\u00e9pek - D126\" title=\"K\u00e9tdarabos v\u00e1szonk\u00e9pek - D126\" srcset=\"https:\/\/svetslik.si\/wp-content\/uploads\/2022\/10\/slike-na-platnu-D126-2.png 800w, https:\/\/svetslik.si\/wp-content\/uploads\/2022\/10\/slike-na-platnu-D126-2-600x600.png 600w, https:\/\/svetslik.si\/wp-content\/uploads\/2022\/10\/slike-na-platnu-D126-2-100x100.png 100w, https:\/\/svetslik.si\/wp-content\/uploads\/2022\/10\/slike-na-platnu-D126-2-300x300.png 300w, https:\/\/svetslik.si\/wp-content\/uploads\/2022\/10\/slike-na-platnu-D126-2-150x150.png 150w, https:\/\/svetslik.si\/wp-content\/uploads\/2022\/10\/slike-na-platnu-D126-2-768x768.png 768w, https:\/\/svetslik.si\/wp-content\/uploads\/2022\/10\/slike-na-platnu-D126-2-12x12.png 12w\" sizes=\"(max-width: 800px) 100vw, 800px\" \/>\t\t\t\t<\/div>\n\t\t\t\t\t\t\t\t\t\t\t<\/div>\n\t<\/div>\n  [\/vc_column][\/vc_row]\n<\/div>","protected":false},"excerpt":{"rendered":"<p>[vc_row][vc_column][vc_column_text css=&#8221;&#8221;] [\/vc_column][\/vc_row][vc_row css=&#8221;.vc_custom_1661420408540{margin-bottom: 10px !important;}&#8221;][vc_column][\/vc_column][\/vc_row][vc_row css=&#8221;.vc_custom_1661420408540{margin-bottom: 10px !important;}&#8221;][vc_column][\/vc_column][\/vc_row][vc_row css=&#8221;.vc_custom_1661420408540{margin-bottom: 10px !important;}&#8221;][vc_column][\/vc_column][\/vc_row][vc_row css=&#8221;.vc_custom_1661420408540{margin-bottom: 10px !important;}&#8221;][vc_column][\/vc_column][\/vc_row][vc_row css=&#8221;.vc_custom_1661420408540{margin-bottom: 10px !important;}&#8221;][vc_column][\/vc_column][\/vc_row][vc_row css=&#8221;.vc_custom_1661420408540{margin-bottom: 10px !important;}&#8221;][vc_column][\/vc_column][\/vc_row][vc_row css=&#8221;.vc_custom_1661420408540{margin-bottom: 10px !important;}&#8221;][vc_column][\/vc_column][\/vc_row][vc_row css=&#8221;.vc_custom_1661420408540{margin-bottom: 10px !important;}&#8221;][vc_column][\/vc_column][\/vc_row][vc_row css=&#8221;.vc_custom_1661420408540{margin-bottom: 10px !important;}&#8221;][vc_column][\/vc_column][\/vc_row]<\/p>\n","protected":false},"featured_media":51195,"template":"","meta":{"_acf_changed":false},"product_brand":[],"product_cat":[7152],"product_tag":[11945,7167,11952,11955,11951,11949,11947,7217],"class_list":{"0":"post-59962","1":"product","2":"type-product","3":"status-publish","4":"has-post-thumbnail","6":"product_cat-vaszonkepek-ket-reszes","7":"product_tag-abstraktne-slike-hu","8":"product_tag-ket-reszes-festmenyek","9":"product_tag-moderne-slike-hu","10":"product_tag-slike-na-platnu-hu","11":"product_tag-slike-za-dnevno-sobo-hu","12":"product_tag-slike-za-v-dnevno-sobo-hu","13":"product_tag-stenske-slike-hu","14":"product_tag-tobbreszes-festmenyek","15":"pa_dimenzija-100-cm-x-140-cm-2-x-100-x-70-hu","16":"pa_dimenzija-70-cm-x-100-cm-2-x-70-x-50-hu","17":"pa_dimenzija-75-cm-x-110-cm-2-x-75-x-55-hu","18":"pa_dimenzija-85-cm-x-120-cm-2-x-85-x-60-hu","19":"pa_dimenzija-90-cm-x-130-cm-2-x-90-x-65-hu","20":"pa_oblika-vizszintes","21":"pa_okvir-nincs-keret","22":"pa_pod-okvir-arban-benne","23":"pa_podokvir-igen","24":"pa_podokvir-nem","26":"first","27":"onbackorder","28":"purchasable","29":"product-type-variable"},"acf":[],"yoast_head":"<!-- This site is optimized with the Yoast SEO Premium plugin v26.0 (Yoast SEO v27.2) - https:\/\/yoast.com\/product\/yoast-seo-premium-wordpress\/ -->\n<title>K\u00e9tdarabos v\u00e1szonk\u00e9pek - D126 - SVETSLIK.SI - 100% k\u00e9zzel festett<\/title>\n<meta name=\"description\" content=\"K\u00e9tdarabos v\u00e1szonk\u00e9pek - D126 - 100% k\u00e9zzel festett v\u00e1szonfestm\u00e9nyek. Festm\u00e9nyek elad\u00e1sa - moderne festm\u00e9nyek, absztrakt festm\u00e9nyek, olajfestm\u00e9nyek, egyedi rendel\u00e9sre k\u00e9sz\u00edtett festm\u00e9nyek \u00e9s k\u00e9pkeretez\u00e9s.\" \/>\n<meta name=\"robots\" content=\"index, follow, max-snippet:-1, max-image-preview:large, max-video-preview:-1\" \/>\n<link rel=\"canonical\" href=\"https:\/\/svetslik.si\/hu\/vaszonkepek-ket-reszes\/ketdarabos-vaszonkepek-d126\/\" \/>\n<meta property=\"og:locale\" content=\"hu_HU\" \/>\n<meta property=\"og:type\" content=\"article\" \/>\n<meta property=\"og:title\" content=\"K\u00e9tdarabos v\u00e1szonk\u00e9pek - D126\" \/>\n<meta property=\"og:description\" content=\"100% ro\u010dno naslikane slike na platnu, reprodukcije znanih slikarjev in umetni\u0161ke slike po naro\u010dilu.\" \/>\n<meta property=\"og:url\" content=\"https:\/\/svetslik.si\/hu\/vaszonkepek-ket-reszes\/ketdarabos-vaszonkepek-d126\/\" \/>\n<meta property=\"og:site_name\" content=\"SVETSLIK.SI\" \/>\n<meta property=\"article:publisher\" content=\"https:\/\/www.facebook.com\/svetslik.si\" \/>\n<meta property=\"article:modified_time\" content=\"2025-11-02T19:54:11+00:00\" \/>\n<meta property=\"og:image\" content=\"https:\/\/svetslik.si\/wp-content\/uploads\/2022\/10\/Slike-na-platnu-D126.png\" \/>\n\t<meta property=\"og:image:width\" content=\"800\" \/>\n\t<meta property=\"og:image:height\" content=\"578\" \/>\n\t<meta property=\"og:image:type\" content=\"image\/png\" \/>\n<meta name=\"twitter:card\" content=\"summary_large_image\" \/>\n<meta name=\"twitter:site\" content=\"@svetslik\" \/>\n<meta name=\"twitter:label1\" content=\"El\u00e9rhet\u0151s\u00e9g\" \/>\n\t<meta name=\"twitter:data1\" content=\"Beszerz\u00e9s alatt\" \/>\n<script type=\"application\/ld+json\" class=\"yoast-schema-graph\">{\"@context\":\"https:\/\/schema.org\",\"@graph\":[{\"@type\":[\"WebPage\",\"ItemPage\"],\"@id\":\"https:\/\/svetslik.si\/hu\/vaszonkepek-ket-reszes\/ketdarabos-vaszonkepek-d126\/\",\"url\":\"https:\/\/svetslik.si\/hu\/vaszonkepek-ket-reszes\/ketdarabos-vaszonkepek-d126\/\",\"name\":\"K\u00e9tdarabos v\u00e1szonk\u00e9pek - D126 - SVETSLIK.SI - 100% k\u00e9zzel festett\",\"isPartOf\":{\"@id\":\"https:\/\/svetslik.si\/hu\/#website\"},\"primaryImageOfPage\":{\"@id\":\"https:\/\/svetslik.si\/hu\/vaszonkepek-ket-reszes\/ketdarabos-vaszonkepek-d126\/#primaryimage\"},\"image\":{\"@id\":\"https:\/\/svetslik.si\/hu\/vaszonkepek-ket-reszes\/ketdarabos-vaszonkepek-d126\/#primaryimage\"},\"thumbnailUrl\":\"https:\/\/svetslik.si\/wp-content\/uploads\/2022\/10\/Slike-na-platnu-D126.png\",\"datePublished\":\"2022-10-27T14:35:42+00:00\",\"dateModified\":\"2025-11-02T19:54:11+00:00\",\"description\":\"K\u00e9tdarabos v\u00e1szonk\u00e9pek - D126 - 100% k\u00e9zzel festett v\u00e1szonfestm\u00e9nyek. Festm\u00e9nyek elad\u00e1sa - moderne festm\u00e9nyek, absztrakt festm\u00e9nyek, olajfestm\u00e9nyek, egyedi rendel\u00e9sre k\u00e9sz\u00edtett festm\u00e9nyek \u00e9s k\u00e9pkeretez\u00e9s.\",\"breadcrumb\":{\"@id\":\"https:\/\/svetslik.si\/hu\/vaszonkepek-ket-reszes\/ketdarabos-vaszonkepek-d126\/#breadcrumb\"},\"inLanguage\":\"hu\",\"potentialAction\":[{\"@type\":\"ReadAction\",\"target\":[\"https:\/\/svetslik.si\/hu\/vaszonkepek-ket-reszes\/ketdarabos-vaszonkepek-d126\/\"]}]},{\"@type\":\"ImageObject\",\"inLanguage\":\"hu\",\"@id\":\"https:\/\/svetslik.si\/hu\/vaszonkepek-ket-reszes\/ketdarabos-vaszonkepek-d126\/#primaryimage\",\"url\":\"https:\/\/svetslik.si\/wp-content\/uploads\/2022\/10\/Slike-na-platnu-D126.png\",\"contentUrl\":\"https:\/\/svetslik.si\/wp-content\/uploads\/2022\/10\/Slike-na-platnu-D126.png\",\"width\":800,\"height\":578,\"caption\":\"K\u00e9tdarabos v\u00e1szonk\u00e9pek - D126\"},{\"@type\":\"BreadcrumbList\",\"@id\":\"https:\/\/svetslik.si\/hu\/vaszonkepek-ket-reszes\/ketdarabos-vaszonkepek-d126\/#breadcrumb\",\"itemListElement\":[{\"@type\":\"ListItem\",\"position\":1,\"name\":\"Wall art and paintings on canvas\",\"item\":\"https:\/\/svetslik.si\/hu\/\"},{\"@type\":\"ListItem\",\"position\":2,\"name\":\"Festm\u00e9nyek elad\u00e1sa\",\"item\":\"https:\/\/svetslik.si\/prodaja-slik\/\"},{\"@type\":\"ListItem\",\"position\":3,\"name\":\"K\u00e9tdarabos v\u00e1szonk\u00e9pek &#8211; D126\"}]},{\"@type\":\"WebSite\",\"@id\":\"https:\/\/svetslik.si\/hu\/#website\",\"url\":\"https:\/\/svetslik.si\/hu\/\",\"name\":\"SVETSLIK.SI\",\"description\":\"100%-ban k\u00e9zzel festett reprodukci\u00f3k h\u00edres fest\u0151k festm\u00e9nyeir\u0151l \u00e9s festm\u00e9nyekr\u0151l v\u00e1szonra.\",\"publisher\":{\"@id\":\"https:\/\/svetslik.si\/hu\/#organization\"},\"potentialAction\":[{\"@type\":\"SearchAction\",\"target\":{\"@type\":\"EntryPoint\",\"urlTemplate\":\"https:\/\/svetslik.si\/hu\/?s={search_term_string}\"},\"query-input\":{\"@type\":\"PropertyValueSpecification\",\"valueRequired\":true,\"valueName\":\"search_term_string\"}}],\"inLanguage\":\"hu\"},{\"@type\":\"Organization\",\"@id\":\"https:\/\/svetslik.si\/hu\/#organization\",\"name\":\"SvetSlik.si\",\"url\":\"https:\/\/svetslik.si\/hu\/\",\"logo\":{\"@type\":\"ImageObject\",\"inLanguage\":\"hu\",\"@id\":\"https:\/\/svetslik.si\/hu\/#\/schema\/logo\/image\/\",\"url\":\"https:\/\/svetslik.si\/wp-content\/uploads\/2020\/12\/logo-512.png\",\"contentUrl\":\"https:\/\/svetslik.si\/wp-content\/uploads\/2020\/12\/logo-512.png\",\"width\":512,\"height\":512,\"caption\":\"SvetSlik.si\"},\"image\":{\"@id\":\"https:\/\/svetslik.si\/hu\/#\/schema\/logo\/image\/\"},\"sameAs\":[\"https:\/\/www.facebook.com\/svetslik.si\",\"https:\/\/x.com\/svetslik\",\"https:\/\/www.instagram.com\/svetslik.si\/\",\"https:\/\/www.linkedin.com\/company\/svetslik-si\"]}]}<\/script>\n<meta property=\"og:availability\" content=\"backorder\" \/>\n<meta property=\"product:availability\" content=\"available for order\" \/>\n<meta property=\"product:retailer_item_id\" content=\"979__-1-1-1\" \/>\n<meta property=\"product:condition\" content=\"new\" \/>\n<!-- \/ Yoast SEO Premium plugin. -->","yoast_head_json":{"title":"K\u00e9tdarabos v\u00e1szonk\u00e9pek - D126 - SVETSLIK.SI - 100% k\u00e9zzel festett","description":"K\u00e9tdarabos v\u00e1szonk\u00e9pek - D126 - 100% k\u00e9zzel festett v\u00e1szonfestm\u00e9nyek. Festm\u00e9nyek elad\u00e1sa - moderne festm\u00e9nyek, absztrakt festm\u00e9nyek, olajfestm\u00e9nyek, egyedi rendel\u00e9sre k\u00e9sz\u00edtett festm\u00e9nyek \u00e9s k\u00e9pkeretez\u00e9s.","robots":{"index":"index","follow":"follow","max-snippet":"max-snippet:-1","max-image-preview":"max-image-preview:large","max-video-preview":"max-video-preview:-1"},"canonical":"https:\/\/svetslik.si\/hu\/vaszonkepek-ket-reszes\/ketdarabos-vaszonkepek-d126\/","og_locale":"hu_HU","og_type":"article","og_title":"K\u00e9tdarabos v\u00e1szonk\u00e9pek - D126","og_description":"100% ro\u010dno naslikane slike na platnu, reprodukcije znanih slikarjev in umetni\u0161ke slike po naro\u010dilu.","og_url":"https:\/\/svetslik.si\/hu\/vaszonkepek-ket-reszes\/ketdarabos-vaszonkepek-d126\/","og_site_name":"SVETSLIK.SI","article_publisher":"https:\/\/www.facebook.com\/svetslik.si","article_modified_time":"2025-11-02T19:54:11+00:00","og_image":[{"width":800,"height":578,"url":"https:\/\/svetslik.si\/wp-content\/uploads\/2022\/10\/Slike-na-platnu-D126.png","type":"image\/png"}],"twitter_card":"summary_large_image","twitter_site":"@svetslik","twitter_misc":{"El\u00e9rhet\u0151s\u00e9g":"Beszerz\u00e9s alatt"},"schema":{"@context":"https:\/\/schema.org","@graph":[{"@type":["WebPage","ItemPage"],"@id":"https:\/\/svetslik.si\/hu\/vaszonkepek-ket-reszes\/ketdarabos-vaszonkepek-d126\/","url":"https:\/\/svetslik.si\/hu\/vaszonkepek-ket-reszes\/ketdarabos-vaszonkepek-d126\/","name":"K\u00e9tdarabos v\u00e1szonk\u00e9pek - D126 - SVETSLIK.SI - 100% k\u00e9zzel festett","isPartOf":{"@id":"https:\/\/svetslik.si\/hu\/#website"},"primaryImageOfPage":{"@id":"https:\/\/svetslik.si\/hu\/vaszonkepek-ket-reszes\/ketdarabos-vaszonkepek-d126\/#primaryimage"},"image":{"@id":"https:\/\/svetslik.si\/hu\/vaszonkepek-ket-reszes\/ketdarabos-vaszonkepek-d126\/#primaryimage"},"thumbnailUrl":"https:\/\/svetslik.si\/wp-content\/uploads\/2022\/10\/Slike-na-platnu-D126.png","datePublished":"2022-10-27T14:35:42+00:00","dateModified":"2025-11-02T19:54:11+00:00","description":"K\u00e9tdarabos v\u00e1szonk\u00e9pek - D126 - 100% k\u00e9zzel festett v\u00e1szonfestm\u00e9nyek. Festm\u00e9nyek elad\u00e1sa - moderne festm\u00e9nyek, absztrakt festm\u00e9nyek, olajfestm\u00e9nyek, egyedi rendel\u00e9sre k\u00e9sz\u00edtett festm\u00e9nyek \u00e9s k\u00e9pkeretez\u00e9s.","breadcrumb":{"@id":"https:\/\/svetslik.si\/hu\/vaszonkepek-ket-reszes\/ketdarabos-vaszonkepek-d126\/#breadcrumb"},"inLanguage":"hu","potentialAction":[{"@type":"ReadAction","target":["https:\/\/svetslik.si\/hu\/vaszonkepek-ket-reszes\/ketdarabos-vaszonkepek-d126\/"]}]},{"@type":"ImageObject","inLanguage":"hu","@id":"https:\/\/svetslik.si\/hu\/vaszonkepek-ket-reszes\/ketdarabos-vaszonkepek-d126\/#primaryimage","url":"https:\/\/svetslik.si\/wp-content\/uploads\/2022\/10\/Slike-na-platnu-D126.png","contentUrl":"https:\/\/svetslik.si\/wp-content\/uploads\/2022\/10\/Slike-na-platnu-D126.png","width":800,"height":578,"caption":"K\u00e9tdarabos v\u00e1szonk\u00e9pek - D126"},{"@type":"BreadcrumbList","@id":"https:\/\/svetslik.si\/hu\/vaszonkepek-ket-reszes\/ketdarabos-vaszonkepek-d126\/#breadcrumb","itemListElement":[{"@type":"ListItem","position":1,"name":"Wall art and paintings on canvas","item":"https:\/\/svetslik.si\/hu\/"},{"@type":"ListItem","position":2,"name":"Festm\u00e9nyek elad\u00e1sa","item":"https:\/\/svetslik.si\/prodaja-slik\/"},{"@type":"ListItem","position":3,"name":"K\u00e9tdarabos v\u00e1szonk\u00e9pek &#8211; D126"}]},{"@type":"WebSite","@id":"https:\/\/svetslik.si\/hu\/#website","url":"https:\/\/svetslik.si\/hu\/","name":"SVETSLIK.SI","description":"100%-ban k\u00e9zzel festett reprodukci\u00f3k h\u00edres fest\u0151k festm\u00e9nyeir\u0151l \u00e9s festm\u00e9nyekr\u0151l v\u00e1szonra.","publisher":{"@id":"https:\/\/svetslik.si\/hu\/#organization"},"potentialAction":[{"@type":"SearchAction","target":{"@type":"EntryPoint","urlTemplate":"https:\/\/svetslik.si\/hu\/?s={search_term_string}"},"query-input":{"@type":"PropertyValueSpecification","valueRequired":true,"valueName":"search_term_string"}}],"inLanguage":"hu"},{"@type":"Organization","@id":"https:\/\/svetslik.si\/hu\/#organization","name":"SvetSlik.si","url":"https:\/\/svetslik.si\/hu\/","logo":{"@type":"ImageObject","inLanguage":"hu","@id":"https:\/\/svetslik.si\/hu\/#\/schema\/logo\/image\/","url":"https:\/\/svetslik.si\/wp-content\/uploads\/2020\/12\/logo-512.png","contentUrl":"https:\/\/svetslik.si\/wp-content\/uploads\/2020\/12\/logo-512.png","width":512,"height":512,"caption":"SvetSlik.si"},"image":{"@id":"https:\/\/svetslik.si\/hu\/#\/schema\/logo\/image\/"},"sameAs":["https:\/\/www.facebook.com\/svetslik.si","https:\/\/x.com\/svetslik","https:\/\/www.instagram.com\/svetslik.si\/","https:\/\/www.linkedin.com\/company\/svetslik-si"]}]},"og_availability":"backorder","product_availability":"available for order","product_retailer_item_id":"979__-1-1-1","product_condition":"new"},"jetpack_sharing_enabled":true,"_links":{"self":[{"href":"https:\/\/svetslik.si\/hu\/wp-json\/wp\/v2\/product\/59962","targetHints":{"allow":["GET"]}}],"collection":[{"href":"https:\/\/svetslik.si\/hu\/wp-json\/wp\/v2\/product"}],"about":[{"href":"https:\/\/svetslik.si\/hu\/wp-json\/wp\/v2\/types\/product"}],"wp:featuredmedia":[{"embeddable":true,"href":"https:\/\/svetslik.si\/hu\/wp-json\/wp\/v2\/media\/51195"}],"wp:attachment":[{"href":"https:\/\/svetslik.si\/hu\/wp-json\/wp\/v2\/media?parent=59962"}],"wp:term":[{"taxonomy":"product_brand","embeddable":true,"href":"https:\/\/svetslik.si\/hu\/wp-json\/wp\/v2\/product_brand?post=59962"},{"taxonomy":"product_cat","embeddable":true,"href":"https:\/\/svetslik.si\/hu\/wp-json\/wp\/v2\/product_cat?post=59962"},{"taxonomy":"product_tag","embeddable":true,"href":"https:\/\/svetslik.si\/hu\/wp-json\/wp\/v2\/product_tag?post=59962"}],"curies":[{"name":"wp","href":"https:\/\/api.w.org\/{rel}","templated":true}]}}