{"id":60351,"date":"2023-02-23T09:00:40","date_gmt":"2023-02-23T08:00:40","guid":{"rendered":"https:\/\/svetslik.si\/nem-kategorizalt\/stenske-slike-d57\/"},"modified":"2023-05-28T20:11:52","modified_gmt":"2023-05-28T18:11:52","slug":"olajfestmenyek-d57","status":"publish","type":"product","link":"https:\/\/svetslik.si\/hu\/vaszonkepek-ket-reszes\/olajfestmenyek-d57\/","title":{"rendered":"Olajfestm\u00e9nyek &#8211; D57"},"content":{"rendered":"<div class=\"wpb-content-wrapper\">[vc_row css=&#8221;.vc_custom_1676892297018{margin-bottom: 10px !important;}&#8221;][vc_column]\t<div class=\"et-image-103 et-image     et_image_link\">\n\t\t<div class=\"et-image-inner \">\n\t\t\t\t\t\t\t<div class=\"et-image-thumb \">\n\t\t\t\t\t<img decoding=\"async\" width=\"1080\" height=\"1080\" src=\"https:\/\/svetslik.si\/wp-content\/uploads\/2023\/02\/stenske-slike-D57-1.webp\" class=\"attachment-full\" alt=\"Olajfestm\u00e9nyek - D57\" title=\"Olajfestm\u00e9nyek - D57\" srcset=\"https:\/\/svetslik.si\/wp-content\/uploads\/2023\/02\/stenske-slike-D57-1.webp 1080w, https:\/\/svetslik.si\/wp-content\/uploads\/2023\/02\/stenske-slike-D57-1-600x600.webp 600w, https:\/\/svetslik.si\/wp-content\/uploads\/2023\/02\/stenske-slike-D57-1-100x100.webp 100w, https:\/\/svetslik.si\/wp-content\/uploads\/2023\/02\/stenske-slike-D57-1-300x300.webp 300w, https:\/\/svetslik.si\/wp-content\/uploads\/2023\/02\/stenske-slike-D57-1-1024x1024.webp 1024w, https:\/\/svetslik.si\/wp-content\/uploads\/2023\/02\/stenske-slike-D57-1-150x150.webp 150w, https:\/\/svetslik.si\/wp-content\/uploads\/2023\/02\/stenske-slike-D57-1-768x768.webp 768w, https:\/\/svetslik.si\/wp-content\/uploads\/2023\/02\/stenske-slike-D57-1-12x12.webp 12w, https:\/\/svetslik.si\/wp-content\/uploads\/2023\/02\/stenske-slike-D57-1-900x900.webp 900w\" sizes=\"(max-width: 1080px) 100vw, 1080px\" \/>\t\t\t\t<\/div>\n\t\t\t\t\t\t\t\t\t\t\t<\/div>\n\t<\/div>\n  [\/vc_column][\/vc_row][vc_row css=&#8221;.vc_custom_1676892297018{margin-bottom: 10px !important;}&#8221;][vc_column]\t<div class=\"et-image-804 et-image     et_image_link\">\n\t\t<div class=\"et-image-inner \">\n\t\t\t\t\t\t\t<div class=\"et-image-thumb \">\n\t\t\t\t\t<img decoding=\"async\" width=\"1080\" height=\"1353\" src=\"https:\/\/svetslik.si\/wp-content\/uploads\/2023\/02\/stenske-slike-D57-2.webp\" class=\"attachment-full\" alt=\"Olajfestm\u00e9nyek - D57\" title=\"Olajfestm\u00e9nyek - D57\" srcset=\"https:\/\/svetslik.si\/wp-content\/uploads\/2023\/02\/stenske-slike-D57-2.webp 1080w, https:\/\/svetslik.si\/wp-content\/uploads\/2023\/02\/stenske-slike-D57-2-600x752.webp 600w, https:\/\/svetslik.si\/wp-content\/uploads\/2023\/02\/stenske-slike-D57-2-239x300.webp 239w, https:\/\/svetslik.si\/wp-content\/uploads\/2023\/02\/stenske-slike-D57-2-817x1024.webp 817w, https:\/\/svetslik.si\/wp-content\/uploads\/2023\/02\/stenske-slike-D57-2-768x962.webp 768w, https:\/\/svetslik.si\/wp-content\/uploads\/2023\/02\/stenske-slike-D57-2-10x12.webp 10w, https:\/\/svetslik.si\/wp-content\/uploads\/2023\/02\/stenske-slike-D57-2-120x150.webp 120w, https:\/\/svetslik.si\/wp-content\/uploads\/2023\/02\/stenske-slike-D57-2-900x1128.webp 900w\" sizes=\"(max-width: 1080px) 100vw, 1080px\" \/>\t\t\t\t<\/div>\n\t\t\t\t\t\t\t\t\t\t\t<\/div>\n\t<\/div>\n  [\/vc_column][\/vc_row]\n<\/div>","protected":false},"excerpt":{"rendered":"<p>[vc_row css=&#8221;.vc_custom_1676892297018{margin-bottom: 10px !important;}&#8221;][vc_column][\/vc_column][\/vc_row][vc_row css=&#8221;.vc_custom_1676892297018{margin-bottom: 10px !important;}&#8221;][vc_column][\/vc_column][\/vc_row]<\/p>\n","protected":false},"featured_media":51420,"template":"","meta":{"_acf_changed":false},"product_brand":[],"product_cat":[7152],"product_tag":[11945,7167,11952,11955,11951,11949,11947,7217],"class_list":{"0":"post-60351","1":"product","2":"type-product","3":"status-publish","4":"has-post-thumbnail","6":"product_cat-vaszonkepek-ket-reszes","7":"product_tag-abstraktne-slike-hu","8":"product_tag-ket-reszes-festmenyek","9":"product_tag-moderne-slike-hu","10":"product_tag-slike-na-platnu-hu","11":"product_tag-slike-za-dnevno-sobo-hu","12":"product_tag-slike-za-v-dnevno-sobo-hu","13":"product_tag-stenske-slike-hu","14":"product_tag-tobbreszes-festmenyek","15":"pa_dimenzija-100-x-160-cm-hu","16":"pa_dimenzija-120-x-190-cm-hu","17":"pa_dimenzija-140-x-220-cm-hu","18":"pa_dimenzija-160-x-250-cm-hu","19":"pa_dimenzija-180-x-290-cm-hu","20":"pa_dimenzija-200-x-320-cm-hu","21":"pa_dimenzija-50-x-80-cm-hu","22":"pa_dimenzija-60-x-100-cm-hu","23":"pa_dimenzija-70-x-110-cm-hu","24":"pa_dimenzija-80-x-130-cm-hu","25":"pa_dimenzija-90-x-140-cm-hu","26":"pa_oblika-vizszintes","27":"pa_pod-okvir-arban-benne","28":"pa_podokvir-igen","29":"pa_podokvir-nem","31":"first","32":"onbackorder","33":"purchasable","34":"product-type-variable"},"acf":[],"yoast_head":"<!-- This site is optimized with the Yoast SEO Premium plugin v26.0 (Yoast SEO v27.2) - https:\/\/yoast.com\/product\/yoast-seo-premium-wordpress\/ -->\n<title>Olajfestm\u00e9nyek - D57 - SVETSLIK.SI - 100% k\u00e9zzel festett<\/title>\n<meta name=\"description\" content=\"Olajfestm\u00e9nyek - D57 - 100% k\u00e9zzel festett v\u00e1szonfestm\u00e9nyek. Festm\u00e9nyek elad\u00e1sa - moderne festm\u00e9nyek, absztrakt festm\u00e9nyek, olajfestm\u00e9nyek, egyedi rendel\u00e9sre k\u00e9sz\u00edtett festm\u00e9nyek \u00e9s k\u00e9pkeretez\u00e9s.\" \/>\n<meta name=\"robots\" content=\"index, follow, max-snippet:-1, max-image-preview:large, max-video-preview:-1\" \/>\n<link rel=\"canonical\" href=\"https:\/\/svetslik.si\/hu\/vaszonkepek-ket-reszes\/olajfestmenyek-d57\/\" \/>\n<meta property=\"og:locale\" content=\"hu_HU\" \/>\n<meta property=\"og:type\" content=\"article\" \/>\n<meta property=\"og:title\" content=\"Olajfestm\u00e9nyek - D57\" \/>\n<meta property=\"og:description\" content=\"100% ro\u010dno naslikane slike na platnu, reprodukcije znanih slikarjev in umetni\u0161ke slike po naro\u010dilu.\" \/>\n<meta property=\"og:url\" content=\"https:\/\/svetslik.si\/hu\/vaszonkepek-ket-reszes\/olajfestmenyek-d57\/\" \/>\n<meta property=\"og:site_name\" content=\"SVETSLIK.SI\" \/>\n<meta property=\"article:publisher\" content=\"https:\/\/www.facebook.com\/svetslik.si\" \/>\n<meta property=\"article:modified_time\" content=\"2023-05-28T18:11:52+00:00\" \/>\n<meta property=\"og:image\" content=\"https:\/\/svetslik.si\/wp-content\/uploads\/2023\/02\/stenske-slike-D57.png\" \/>\n\t<meta property=\"og:image:width\" content=\"900\" \/>\n\t<meta property=\"og:image:height\" content=\"556\" \/>\n\t<meta property=\"og:image:type\" content=\"image\/png\" \/>\n<meta name=\"twitter:card\" content=\"summary_large_image\" \/>\n<meta name=\"twitter:site\" content=\"@svetslik\" \/>\n<meta name=\"twitter:label1\" content=\"El\u00e9rhet\u0151s\u00e9g\" \/>\n\t<meta name=\"twitter:data1\" content=\"Beszerz\u00e9s alatt\" \/>\n<script type=\"application\/ld+json\" class=\"yoast-schema-graph\">{\"@context\":\"https:\/\/schema.org\",\"@graph\":[{\"@type\":[\"WebPage\",\"ItemPage\"],\"@id\":\"https:\/\/svetslik.si\/hu\/vaszonkepek-ket-reszes\/olajfestmenyek-d57\/\",\"url\":\"https:\/\/svetslik.si\/hu\/vaszonkepek-ket-reszes\/olajfestmenyek-d57\/\",\"name\":\"Olajfestm\u00e9nyek - D57 - SVETSLIK.SI - 100% k\u00e9zzel festett\",\"isPartOf\":{\"@id\":\"https:\/\/svetslik.si\/hu\/#website\"},\"primaryImageOfPage\":{\"@id\":\"https:\/\/svetslik.si\/hu\/vaszonkepek-ket-reszes\/olajfestmenyek-d57\/#primaryimage\"},\"image\":{\"@id\":\"https:\/\/svetslik.si\/hu\/vaszonkepek-ket-reszes\/olajfestmenyek-d57\/#primaryimage\"},\"thumbnailUrl\":\"https:\/\/svetslik.si\/wp-content\/uploads\/2023\/02\/stenske-slike-D57.png\",\"datePublished\":\"2023-02-23T08:00:40+00:00\",\"dateModified\":\"2023-05-28T18:11:52+00:00\",\"description\":\"Olajfestm\u00e9nyek - D57 - 100% k\u00e9zzel festett v\u00e1szonfestm\u00e9nyek. Festm\u00e9nyek elad\u00e1sa - moderne festm\u00e9nyek, absztrakt festm\u00e9nyek, olajfestm\u00e9nyek, egyedi rendel\u00e9sre k\u00e9sz\u00edtett festm\u00e9nyek \u00e9s k\u00e9pkeretez\u00e9s.\",\"breadcrumb\":{\"@id\":\"https:\/\/svetslik.si\/hu\/vaszonkepek-ket-reszes\/olajfestmenyek-d57\/#breadcrumb\"},\"inLanguage\":\"hu\",\"potentialAction\":[{\"@type\":\"ReadAction\",\"target\":[\"https:\/\/svetslik.si\/hu\/vaszonkepek-ket-reszes\/olajfestmenyek-d57\/\"]}]},{\"@type\":\"ImageObject\",\"inLanguage\":\"hu\",\"@id\":\"https:\/\/svetslik.si\/hu\/vaszonkepek-ket-reszes\/olajfestmenyek-d57\/#primaryimage\",\"url\":\"https:\/\/svetslik.si\/wp-content\/uploads\/2023\/02\/stenske-slike-D57.png\",\"contentUrl\":\"https:\/\/svetslik.si\/wp-content\/uploads\/2023\/02\/stenske-slike-D57.png\",\"width\":900,\"height\":556,\"caption\":\"Olajfestm\u00e9nyek - D57\"},{\"@type\":\"BreadcrumbList\",\"@id\":\"https:\/\/svetslik.si\/hu\/vaszonkepek-ket-reszes\/olajfestmenyek-d57\/#breadcrumb\",\"itemListElement\":[{\"@type\":\"ListItem\",\"position\":1,\"name\":\"Wall art and paintings on canvas\",\"item\":\"https:\/\/svetslik.si\/hu\/\"},{\"@type\":\"ListItem\",\"position\":2,\"name\":\"Festm\u00e9nyek elad\u00e1sa\",\"item\":\"https:\/\/svetslik.si\/prodaja-slik\/\"},{\"@type\":\"ListItem\",\"position\":3,\"name\":\"Olajfestm\u00e9nyek &#8211; D57\"}]},{\"@type\":\"WebSite\",\"@id\":\"https:\/\/svetslik.si\/hu\/#website\",\"url\":\"https:\/\/svetslik.si\/hu\/\",\"name\":\"SVETSLIK.SI\",\"description\":\"100%-ban k\u00e9zzel festett reprodukci\u00f3k h\u00edres fest\u0151k festm\u00e9nyeir\u0151l \u00e9s festm\u00e9nyekr\u0151l v\u00e1szonra.\",\"publisher\":{\"@id\":\"https:\/\/svetslik.si\/hu\/#organization\"},\"potentialAction\":[{\"@type\":\"SearchAction\",\"target\":{\"@type\":\"EntryPoint\",\"urlTemplate\":\"https:\/\/svetslik.si\/hu\/?s={search_term_string}\"},\"query-input\":{\"@type\":\"PropertyValueSpecification\",\"valueRequired\":true,\"valueName\":\"search_term_string\"}}],\"inLanguage\":\"hu\"},{\"@type\":\"Organization\",\"@id\":\"https:\/\/svetslik.si\/hu\/#organization\",\"name\":\"SvetSlik.si\",\"url\":\"https:\/\/svetslik.si\/hu\/\",\"logo\":{\"@type\":\"ImageObject\",\"inLanguage\":\"hu\",\"@id\":\"https:\/\/svetslik.si\/hu\/#\/schema\/logo\/image\/\",\"url\":\"https:\/\/svetslik.si\/wp-content\/uploads\/2020\/12\/logo-512.png\",\"contentUrl\":\"https:\/\/svetslik.si\/wp-content\/uploads\/2020\/12\/logo-512.png\",\"width\":512,\"height\":512,\"caption\":\"SvetSlik.si\"},\"image\":{\"@id\":\"https:\/\/svetslik.si\/hu\/#\/schema\/logo\/image\/\"},\"sameAs\":[\"https:\/\/www.facebook.com\/svetslik.si\",\"https:\/\/x.com\/svetslik\",\"https:\/\/www.instagram.com\/svetslik.si\/\",\"https:\/\/www.linkedin.com\/company\/svetslik-si\"]}]}<\/script>\n<meta property=\"og:availability\" content=\"backorder\" \/>\n<meta property=\"product:availability\" content=\"available for order\" \/>\n<meta property=\"product:retailer_item_id\" content=\"979d-2-1\" \/>\n<meta property=\"product:condition\" content=\"new\" \/>\n<!-- \/ Yoast SEO Premium plugin. -->","yoast_head_json":{"title":"Olajfestm\u00e9nyek - D57 - SVETSLIK.SI - 100% k\u00e9zzel festett","description":"Olajfestm\u00e9nyek - D57 - 100% k\u00e9zzel festett v\u00e1szonfestm\u00e9nyek. Festm\u00e9nyek elad\u00e1sa - moderne festm\u00e9nyek, absztrakt festm\u00e9nyek, olajfestm\u00e9nyek, egyedi rendel\u00e9sre k\u00e9sz\u00edtett festm\u00e9nyek \u00e9s k\u00e9pkeretez\u00e9s.","robots":{"index":"index","follow":"follow","max-snippet":"max-snippet:-1","max-image-preview":"max-image-preview:large","max-video-preview":"max-video-preview:-1"},"canonical":"https:\/\/svetslik.si\/hu\/vaszonkepek-ket-reszes\/olajfestmenyek-d57\/","og_locale":"hu_HU","og_type":"article","og_title":"Olajfestm\u00e9nyek - D57","og_description":"100% ro\u010dno naslikane slike na platnu, reprodukcije znanih slikarjev in umetni\u0161ke slike po naro\u010dilu.","og_url":"https:\/\/svetslik.si\/hu\/vaszonkepek-ket-reszes\/olajfestmenyek-d57\/","og_site_name":"SVETSLIK.SI","article_publisher":"https:\/\/www.facebook.com\/svetslik.si","article_modified_time":"2023-05-28T18:11:52+00:00","og_image":[{"width":900,"height":556,"url":"https:\/\/svetslik.si\/wp-content\/uploads\/2023\/02\/stenske-slike-D57.png","type":"image\/png"}],"twitter_card":"summary_large_image","twitter_site":"@svetslik","twitter_misc":{"El\u00e9rhet\u0151s\u00e9g":"Beszerz\u00e9s alatt"},"schema":{"@context":"https:\/\/schema.org","@graph":[{"@type":["WebPage","ItemPage"],"@id":"https:\/\/svetslik.si\/hu\/vaszonkepek-ket-reszes\/olajfestmenyek-d57\/","url":"https:\/\/svetslik.si\/hu\/vaszonkepek-ket-reszes\/olajfestmenyek-d57\/","name":"Olajfestm\u00e9nyek - D57 - SVETSLIK.SI - 100% k\u00e9zzel festett","isPartOf":{"@id":"https:\/\/svetslik.si\/hu\/#website"},"primaryImageOfPage":{"@id":"https:\/\/svetslik.si\/hu\/vaszonkepek-ket-reszes\/olajfestmenyek-d57\/#primaryimage"},"image":{"@id":"https:\/\/svetslik.si\/hu\/vaszonkepek-ket-reszes\/olajfestmenyek-d57\/#primaryimage"},"thumbnailUrl":"https:\/\/svetslik.si\/wp-content\/uploads\/2023\/02\/stenske-slike-D57.png","datePublished":"2023-02-23T08:00:40+00:00","dateModified":"2023-05-28T18:11:52+00:00","description":"Olajfestm\u00e9nyek - D57 - 100% k\u00e9zzel festett v\u00e1szonfestm\u00e9nyek. Festm\u00e9nyek elad\u00e1sa - moderne festm\u00e9nyek, absztrakt festm\u00e9nyek, olajfestm\u00e9nyek, egyedi rendel\u00e9sre k\u00e9sz\u00edtett festm\u00e9nyek \u00e9s k\u00e9pkeretez\u00e9s.","breadcrumb":{"@id":"https:\/\/svetslik.si\/hu\/vaszonkepek-ket-reszes\/olajfestmenyek-d57\/#breadcrumb"},"inLanguage":"hu","potentialAction":[{"@type":"ReadAction","target":["https:\/\/svetslik.si\/hu\/vaszonkepek-ket-reszes\/olajfestmenyek-d57\/"]}]},{"@type":"ImageObject","inLanguage":"hu","@id":"https:\/\/svetslik.si\/hu\/vaszonkepek-ket-reszes\/olajfestmenyek-d57\/#primaryimage","url":"https:\/\/svetslik.si\/wp-content\/uploads\/2023\/02\/stenske-slike-D57.png","contentUrl":"https:\/\/svetslik.si\/wp-content\/uploads\/2023\/02\/stenske-slike-D57.png","width":900,"height":556,"caption":"Olajfestm\u00e9nyek - D57"},{"@type":"BreadcrumbList","@id":"https:\/\/svetslik.si\/hu\/vaszonkepek-ket-reszes\/olajfestmenyek-d57\/#breadcrumb","itemListElement":[{"@type":"ListItem","position":1,"name":"Wall art and paintings on canvas","item":"https:\/\/svetslik.si\/hu\/"},{"@type":"ListItem","position":2,"name":"Festm\u00e9nyek elad\u00e1sa","item":"https:\/\/svetslik.si\/prodaja-slik\/"},{"@type":"ListItem","position":3,"name":"Olajfestm\u00e9nyek &#8211; D57"}]},{"@type":"WebSite","@id":"https:\/\/svetslik.si\/hu\/#website","url":"https:\/\/svetslik.si\/hu\/","name":"SVETSLIK.SI","description":"100%-ban k\u00e9zzel festett reprodukci\u00f3k h\u00edres fest\u0151k festm\u00e9nyeir\u0151l \u00e9s festm\u00e9nyekr\u0151l v\u00e1szonra.","publisher":{"@id":"https:\/\/svetslik.si\/hu\/#organization"},"potentialAction":[{"@type":"SearchAction","target":{"@type":"EntryPoint","urlTemplate":"https:\/\/svetslik.si\/hu\/?s={search_term_string}"},"query-input":{"@type":"PropertyValueSpecification","valueRequired":true,"valueName":"search_term_string"}}],"inLanguage":"hu"},{"@type":"Organization","@id":"https:\/\/svetslik.si\/hu\/#organization","name":"SvetSlik.si","url":"https:\/\/svetslik.si\/hu\/","logo":{"@type":"ImageObject","inLanguage":"hu","@id":"https:\/\/svetslik.si\/hu\/#\/schema\/logo\/image\/","url":"https:\/\/svetslik.si\/wp-content\/uploads\/2020\/12\/logo-512.png","contentUrl":"https:\/\/svetslik.si\/wp-content\/uploads\/2020\/12\/logo-512.png","width":512,"height":512,"caption":"SvetSlik.si"},"image":{"@id":"https:\/\/svetslik.si\/hu\/#\/schema\/logo\/image\/"},"sameAs":["https:\/\/www.facebook.com\/svetslik.si","https:\/\/x.com\/svetslik","https:\/\/www.instagram.com\/svetslik.si\/","https:\/\/www.linkedin.com\/company\/svetslik-si"]}]},"og_availability":"backorder","product_availability":"available for order","product_retailer_item_id":"979d-2-1","product_condition":"new"},"jetpack_sharing_enabled":true,"_links":{"self":[{"href":"https:\/\/svetslik.si\/hu\/wp-json\/wp\/v2\/product\/60351","targetHints":{"allow":["GET"]}}],"collection":[{"href":"https:\/\/svetslik.si\/hu\/wp-json\/wp\/v2\/product"}],"about":[{"href":"https:\/\/svetslik.si\/hu\/wp-json\/wp\/v2\/types\/product"}],"wp:featuredmedia":[{"embeddable":true,"href":"https:\/\/svetslik.si\/hu\/wp-json\/wp\/v2\/media\/51420"}],"wp:attachment":[{"href":"https:\/\/svetslik.si\/hu\/wp-json\/wp\/v2\/media?parent=60351"}],"wp:term":[{"taxonomy":"product_brand","embeddable":true,"href":"https:\/\/svetslik.si\/hu\/wp-json\/wp\/v2\/product_brand?post=60351"},{"taxonomy":"product_cat","embeddable":true,"href":"https:\/\/svetslik.si\/hu\/wp-json\/wp\/v2\/product_cat?post=60351"},{"taxonomy":"product_tag","embeddable":true,"href":"https:\/\/svetslik.si\/hu\/wp-json\/wp\/v2\/product_tag?post=60351"}],"curies":[{"name":"wp","href":"https:\/\/api.w.org\/{rel}","templated":true}]}}