{"id":60399,"date":"2023-03-01T14:50:32","date_gmt":"2023-03-01T13:50:32","guid":{"rendered":"https:\/\/svetslik.si\/nem-kategorizalt\/stenska-slika-ho\/"},"modified":"2026-03-22T15:07:41","modified_gmt":"2026-03-22T14:07:41","slug":"slikomania-v1","status":"publish","type":"product","link":"https:\/\/svetslik.si\/hu\/tobbreszes-vaszonfalikepek\/slikomania-v1\/","title":{"rendered":"slikomania V1"},"content":{"rendered":"<div class=\"wpb-content-wrapper\">[\/vc_column_text][\/vc_column][\/vc_row][vc_row css=&#8221;.vc_custom_1677678963090{margin-bottom: 10px !important;}&#8221;][vc_column]\t<div class=\"et-image-987 et-image     et_image_link\">\n\t\t<div class=\"et-image-inner \">\n\t\t\t\t\t\t\t<div class=\"et-image-thumb \">\n\t\t\t\t\t<img decoding=\"async\" width=\"1000\" height=\"563\" src=\"https:\/\/svetslik.si\/wp-content\/uploads\/2023\/03\/20230301_145223.jpg\" class=\"attachment-full\" alt=\"slikomania V1\" title=\"slikomania V1\" srcset=\"https:\/\/svetslik.si\/wp-content\/uploads\/2023\/03\/20230301_145223.jpg 1000w, https:\/\/svetslik.si\/wp-content\/uploads\/2023\/03\/20230301_145223-600x338.jpg 600w, https:\/\/svetslik.si\/wp-content\/uploads\/2023\/03\/20230301_145223-300x169.jpg 300w, https:\/\/svetslik.si\/wp-content\/uploads\/2023\/03\/20230301_145223-768x432.jpg 768w, https:\/\/svetslik.si\/wp-content\/uploads\/2023\/03\/20230301_145223-18x10.jpg 18w, https:\/\/svetslik.si\/wp-content\/uploads\/2023\/03\/20230301_145223-150x84.jpg 150w, https:\/\/svetslik.si\/wp-content\/uploads\/2023\/03\/20230301_145223-900x507.jpg 900w\" sizes=\"(max-width: 1000px) 100vw, 1000px\" \/>\t\t\t\t<\/div>\n\t\t\t\t\t\t\t\t\t\t\t<\/div>\n\t<\/div>\n  [\/vc_column][\/vc_row][vc_row css=&#8221;.vc_custom_1677678963090{margin-bottom: 10px !important;}&#8221;][vc_column]\t<div class=\"et-image-87 et-image     et_image_link\">\n\t\t<div class=\"et-image-inner \">\n\t\t\t\t\t\t\t<div class=\"et-image-thumb \">\n\t\t\t\t\t<img decoding=\"async\" width=\"1000\" height=\"563\" src=\"https:\/\/svetslik.si\/wp-content\/uploads\/2023\/03\/20230301_145212.jpg\" class=\"attachment-full\" alt=\"slikomania V1\" title=\"slikomania V1\" srcset=\"https:\/\/svetslik.si\/wp-content\/uploads\/2023\/03\/20230301_145212.jpg 1000w, https:\/\/svetslik.si\/wp-content\/uploads\/2023\/03\/20230301_145212-600x338.jpg 600w, https:\/\/svetslik.si\/wp-content\/uploads\/2023\/03\/20230301_145212-300x169.jpg 300w, https:\/\/svetslik.si\/wp-content\/uploads\/2023\/03\/20230301_145212-768x432.jpg 768w, https:\/\/svetslik.si\/wp-content\/uploads\/2023\/03\/20230301_145212-18x10.jpg 18w, https:\/\/svetslik.si\/wp-content\/uploads\/2023\/03\/20230301_145212-150x84.jpg 150w, https:\/\/svetslik.si\/wp-content\/uploads\/2023\/03\/20230301_145212-900x507.jpg 900w\" sizes=\"(max-width: 1000px) 100vw, 1000px\" \/>\t\t\t\t<\/div>\n\t\t\t\t\t\t\t\t\t\t\t<\/div>\n\t<\/div>\n  [\/vc_column][\/vc_row]\n<\/div>","protected":false},"excerpt":{"rendered":"<p>[\/vc_column_text][\/vc_column][\/vc_row][vc_row css=&#8221;.vc_custom_1677678963090{margin-bottom: 10px !important;}&#8221;][vc_column][\/vc_column][\/vc_row][vc_row css=&#8221;.vc_custom_1677678963090{margin-bottom: 10px !important;}&#8221;][vc_column][\/vc_column][\/vc_row]<\/p>\n","protected":false},"featured_media":51464,"template":"","meta":{"_acf_changed":false},"product_brand":[],"product_cat":[7154],"product_tag":[11945,11952,11950,11955,11951,11949,11947,7217,11953],"class_list":{"0":"post-60399","1":"product","2":"type-product","3":"status-publish","4":"has-post-thumbnail","6":"product_cat-tobbreszes-vaszonfalikepek","7":"product_tag-abstraktne-slike-hu","8":"product_tag-moderne-slike-hu","9":"product_tag-prodaja-slik-hu","10":"product_tag-slike-na-platnu-hu","11":"product_tag-slike-za-dnevno-sobo-hu","12":"product_tag-slike-za-v-dnevno-sobo-hu","13":"product_tag-stenske-slike-hu","14":"product_tag-tobbreszes-festmenyek","15":"product_tag-umetniske-slike-hu","16":"pa_dimenzija-120-x-60-cm-hu","17":"pa_dimenzija-150-x-70-cm-hu","18":"pa_dimenzija-200-x-80-cm-hu","19":"pa_dimenzija-250-x-100-cm-hu","20":"pa_oblika-vizszintes","21":"pa_okvir-nincs-keret","22":"pa_pod-okvir-arban-benne","23":"pa_podokvir-nem","25":"first","26":"instock","27":"purchasable","28":"product-type-variable","29":"has-default-attributes"},"acf":[],"yoast_head":"<!-- This site is optimized with the Yoast SEO Premium plugin v26.0 (Yoast SEO v27.2) - https:\/\/yoast.com\/product\/yoast-seo-premium-wordpress\/ -->\n<title>slikomania V1 - SVETSLIK.SI - 100% k\u00e9zzel festett<\/title>\n<meta name=\"description\" content=\"slikomania V1 - 100% k\u00e9zzel festett v\u00e1szonfestm\u00e9nyek. Festm\u00e9nyek elad\u00e1sa - moderne festm\u00e9nyek, absztrakt festm\u00e9nyek, olajfestm\u00e9nyek, egyedi rendel\u00e9sre k\u00e9sz\u00edtett festm\u00e9nyek \u00e9s k\u00e9pkeretez\u00e9s.\" \/>\n<meta name=\"robots\" content=\"index, follow, max-snippet:-1, max-image-preview:large, max-video-preview:-1\" \/>\n<link rel=\"canonical\" href=\"https:\/\/svetslik.si\/hu\/tobbreszes-vaszonfalikepek\/slikomania-v1\/\" \/>\n<meta property=\"og:locale\" content=\"hu_HU\" \/>\n<meta property=\"og:type\" content=\"article\" \/>\n<meta property=\"og:title\" content=\"slikomania V1\" \/>\n<meta property=\"og:description\" content=\"100% ro\u010dno naslikane slike na platnu, reprodukcije znanih slikarjev in umetni\u0161ke slike po naro\u010dilu.\" \/>\n<meta property=\"og:url\" content=\"https:\/\/svetslik.si\/hu\/tobbreszes-vaszonfalikepek\/slikomania-v1\/\" \/>\n<meta property=\"og:site_name\" content=\"SVETSLIK.SI\" \/>\n<meta property=\"article:publisher\" content=\"https:\/\/www.facebook.com\/svetslik.si\" \/>\n<meta property=\"article:modified_time\" content=\"2026-03-22T14:07:41+00:00\" \/>\n<meta property=\"og:image\" content=\"https:\/\/svetslik.si\/wp-content\/uploads\/2023\/03\/stenska-slika-HO.png\" \/>\n\t<meta property=\"og:image:width\" content=\"1500\" \/>\n\t<meta property=\"og:image:height\" content=\"552\" \/>\n\t<meta property=\"og:image:type\" content=\"image\/png\" \/>\n<meta name=\"twitter:card\" content=\"summary_large_image\" \/>\n<meta name=\"twitter:site\" content=\"@svetslik\" \/>\n<meta name=\"twitter:label1\" content=\"El\u00e9rhet\u0151s\u00e9g\" \/>\n\t<meta name=\"twitter:data1\" content=\"K\u00e9szleten\" \/>\n<script type=\"application\/ld+json\" class=\"yoast-schema-graph\">{\"@context\":\"https:\/\/schema.org\",\"@graph\":[{\"@type\":[\"WebPage\",\"ItemPage\"],\"@id\":\"https:\/\/svetslik.si\/hu\/tobbreszes-vaszonfalikepek\/slikomania-v1\/\",\"url\":\"https:\/\/svetslik.si\/hu\/tobbreszes-vaszonfalikepek\/slikomania-v1\/\",\"name\":\"slikomania V1 - SVETSLIK.SI - 100% k\u00e9zzel festett\",\"isPartOf\":{\"@id\":\"https:\/\/svetslik.si\/hu\/#website\"},\"primaryImageOfPage\":{\"@id\":\"https:\/\/svetslik.si\/hu\/tobbreszes-vaszonfalikepek\/slikomania-v1\/#primaryimage\"},\"image\":{\"@id\":\"https:\/\/svetslik.si\/hu\/tobbreszes-vaszonfalikepek\/slikomania-v1\/#primaryimage\"},\"thumbnailUrl\":\"https:\/\/svetslik.si\/wp-content\/uploads\/2023\/03\/stenska-slika-HO.png\",\"datePublished\":\"2023-03-01T13:50:32+00:00\",\"dateModified\":\"2026-03-22T14:07:41+00:00\",\"description\":\"slikomania V1 - 100% k\u00e9zzel festett v\u00e1szonfestm\u00e9nyek. Festm\u00e9nyek elad\u00e1sa - moderne festm\u00e9nyek, absztrakt festm\u00e9nyek, olajfestm\u00e9nyek, egyedi rendel\u00e9sre k\u00e9sz\u00edtett festm\u00e9nyek \u00e9s k\u00e9pkeretez\u00e9s.\",\"breadcrumb\":{\"@id\":\"https:\/\/svetslik.si\/hu\/tobbreszes-vaszonfalikepek\/slikomania-v1\/#breadcrumb\"},\"inLanguage\":\"hu\",\"potentialAction\":[{\"@type\":\"ReadAction\",\"target\":[\"https:\/\/svetslik.si\/hu\/tobbreszes-vaszonfalikepek\/slikomania-v1\/\"]}]},{\"@type\":\"ImageObject\",\"inLanguage\":\"hu\",\"@id\":\"https:\/\/svetslik.si\/hu\/tobbreszes-vaszonfalikepek\/slikomania-v1\/#primaryimage\",\"url\":\"https:\/\/svetslik.si\/wp-content\/uploads\/2023\/03\/stenska-slika-HO.png\",\"contentUrl\":\"https:\/\/svetslik.si\/wp-content\/uploads\/2023\/03\/stenska-slika-HO.png\",\"width\":1500,\"height\":552,\"caption\":\"slikomania V1\"},{\"@type\":\"BreadcrumbList\",\"@id\":\"https:\/\/svetslik.si\/hu\/tobbreszes-vaszonfalikepek\/slikomania-v1\/#breadcrumb\",\"itemListElement\":[{\"@type\":\"ListItem\",\"position\":1,\"name\":\"Wall art and paintings on canvas\",\"item\":\"https:\/\/svetslik.si\/hu\/\"},{\"@type\":\"ListItem\",\"position\":2,\"name\":\"Festm\u00e9nyek elad\u00e1sa\",\"item\":\"https:\/\/svetslik.si\/prodaja-slik\/\"},{\"@type\":\"ListItem\",\"position\":3,\"name\":\"slikomania V1\"}]},{\"@type\":\"WebSite\",\"@id\":\"https:\/\/svetslik.si\/hu\/#website\",\"url\":\"https:\/\/svetslik.si\/hu\/\",\"name\":\"SVETSLIK.SI\",\"description\":\"100%-ban k\u00e9zzel festett reprodukci\u00f3k h\u00edres fest\u0151k festm\u00e9nyeir\u0151l \u00e9s festm\u00e9nyekr\u0151l v\u00e1szonra.\",\"publisher\":{\"@id\":\"https:\/\/svetslik.si\/hu\/#organization\"},\"potentialAction\":[{\"@type\":\"SearchAction\",\"target\":{\"@type\":\"EntryPoint\",\"urlTemplate\":\"https:\/\/svetslik.si\/hu\/?s={search_term_string}\"},\"query-input\":{\"@type\":\"PropertyValueSpecification\",\"valueRequired\":true,\"valueName\":\"search_term_string\"}}],\"inLanguage\":\"hu\"},{\"@type\":\"Organization\",\"@id\":\"https:\/\/svetslik.si\/hu\/#organization\",\"name\":\"SvetSlik.si\",\"url\":\"https:\/\/svetslik.si\/hu\/\",\"logo\":{\"@type\":\"ImageObject\",\"inLanguage\":\"hu\",\"@id\":\"https:\/\/svetslik.si\/hu\/#\/schema\/logo\/image\/\",\"url\":\"https:\/\/svetslik.si\/wp-content\/uploads\/2020\/12\/logo-512.png\",\"contentUrl\":\"https:\/\/svetslik.si\/wp-content\/uploads\/2020\/12\/logo-512.png\",\"width\":512,\"height\":512,\"caption\":\"SvetSlik.si\"},\"image\":{\"@id\":\"https:\/\/svetslik.si\/hu\/#\/schema\/logo\/image\/\"},\"sameAs\":[\"https:\/\/www.facebook.com\/svetslik.si\",\"https:\/\/x.com\/svetslik\",\"https:\/\/www.instagram.com\/svetslik.si\/\",\"https:\/\/www.linkedin.com\/company\/svetslik-si\"]}]}<\/script>\n<meta property=\"og:availability\" content=\"instock\" \/>\n<meta property=\"product:availability\" content=\"instock\" \/>\n<meta property=\"product:retailer_item_id\" content=\"1103__-1\" \/>\n<meta property=\"product:condition\" content=\"new\" \/>\n<!-- \/ Yoast SEO Premium plugin. -->","yoast_head_json":{"title":"slikomania V1 - SVETSLIK.SI - 100% k\u00e9zzel festett","description":"slikomania V1 - 100% k\u00e9zzel festett v\u00e1szonfestm\u00e9nyek. Festm\u00e9nyek elad\u00e1sa - moderne festm\u00e9nyek, absztrakt festm\u00e9nyek, olajfestm\u00e9nyek, egyedi rendel\u00e9sre k\u00e9sz\u00edtett festm\u00e9nyek \u00e9s k\u00e9pkeretez\u00e9s.","robots":{"index":"index","follow":"follow","max-snippet":"max-snippet:-1","max-image-preview":"max-image-preview:large","max-video-preview":"max-video-preview:-1"},"canonical":"https:\/\/svetslik.si\/hu\/tobbreszes-vaszonfalikepek\/slikomania-v1\/","og_locale":"hu_HU","og_type":"article","og_title":"slikomania V1","og_description":"100% ro\u010dno naslikane slike na platnu, reprodukcije znanih slikarjev in umetni\u0161ke slike po naro\u010dilu.","og_url":"https:\/\/svetslik.si\/hu\/tobbreszes-vaszonfalikepek\/slikomania-v1\/","og_site_name":"SVETSLIK.SI","article_publisher":"https:\/\/www.facebook.com\/svetslik.si","article_modified_time":"2026-03-22T14:07:41+00:00","og_image":[{"width":1500,"height":552,"url":"https:\/\/svetslik.si\/wp-content\/uploads\/2023\/03\/stenska-slika-HO.png","type":"image\/png"}],"twitter_card":"summary_large_image","twitter_site":"@svetslik","twitter_misc":{"El\u00e9rhet\u0151s\u00e9g":"K\u00e9szleten"},"schema":{"@context":"https:\/\/schema.org","@graph":[{"@type":["WebPage","ItemPage"],"@id":"https:\/\/svetslik.si\/hu\/tobbreszes-vaszonfalikepek\/slikomania-v1\/","url":"https:\/\/svetslik.si\/hu\/tobbreszes-vaszonfalikepek\/slikomania-v1\/","name":"slikomania V1 - SVETSLIK.SI - 100% k\u00e9zzel festett","isPartOf":{"@id":"https:\/\/svetslik.si\/hu\/#website"},"primaryImageOfPage":{"@id":"https:\/\/svetslik.si\/hu\/tobbreszes-vaszonfalikepek\/slikomania-v1\/#primaryimage"},"image":{"@id":"https:\/\/svetslik.si\/hu\/tobbreszes-vaszonfalikepek\/slikomania-v1\/#primaryimage"},"thumbnailUrl":"https:\/\/svetslik.si\/wp-content\/uploads\/2023\/03\/stenska-slika-HO.png","datePublished":"2023-03-01T13:50:32+00:00","dateModified":"2026-03-22T14:07:41+00:00","description":"slikomania V1 - 100% k\u00e9zzel festett v\u00e1szonfestm\u00e9nyek. Festm\u00e9nyek elad\u00e1sa - moderne festm\u00e9nyek, absztrakt festm\u00e9nyek, olajfestm\u00e9nyek, egyedi rendel\u00e9sre k\u00e9sz\u00edtett festm\u00e9nyek \u00e9s k\u00e9pkeretez\u00e9s.","breadcrumb":{"@id":"https:\/\/svetslik.si\/hu\/tobbreszes-vaszonfalikepek\/slikomania-v1\/#breadcrumb"},"inLanguage":"hu","potentialAction":[{"@type":"ReadAction","target":["https:\/\/svetslik.si\/hu\/tobbreszes-vaszonfalikepek\/slikomania-v1\/"]}]},{"@type":"ImageObject","inLanguage":"hu","@id":"https:\/\/svetslik.si\/hu\/tobbreszes-vaszonfalikepek\/slikomania-v1\/#primaryimage","url":"https:\/\/svetslik.si\/wp-content\/uploads\/2023\/03\/stenska-slika-HO.png","contentUrl":"https:\/\/svetslik.si\/wp-content\/uploads\/2023\/03\/stenska-slika-HO.png","width":1500,"height":552,"caption":"slikomania V1"},{"@type":"BreadcrumbList","@id":"https:\/\/svetslik.si\/hu\/tobbreszes-vaszonfalikepek\/slikomania-v1\/#breadcrumb","itemListElement":[{"@type":"ListItem","position":1,"name":"Wall art and paintings on canvas","item":"https:\/\/svetslik.si\/hu\/"},{"@type":"ListItem","position":2,"name":"Festm\u00e9nyek elad\u00e1sa","item":"https:\/\/svetslik.si\/prodaja-slik\/"},{"@type":"ListItem","position":3,"name":"slikomania V1"}]},{"@type":"WebSite","@id":"https:\/\/svetslik.si\/hu\/#website","url":"https:\/\/svetslik.si\/hu\/","name":"SVETSLIK.SI","description":"100%-ban k\u00e9zzel festett reprodukci\u00f3k h\u00edres fest\u0151k festm\u00e9nyeir\u0151l \u00e9s festm\u00e9nyekr\u0151l v\u00e1szonra.","publisher":{"@id":"https:\/\/svetslik.si\/hu\/#organization"},"potentialAction":[{"@type":"SearchAction","target":{"@type":"EntryPoint","urlTemplate":"https:\/\/svetslik.si\/hu\/?s={search_term_string}"},"query-input":{"@type":"PropertyValueSpecification","valueRequired":true,"valueName":"search_term_string"}}],"inLanguage":"hu"},{"@type":"Organization","@id":"https:\/\/svetslik.si\/hu\/#organization","name":"SvetSlik.si","url":"https:\/\/svetslik.si\/hu\/","logo":{"@type":"ImageObject","inLanguage":"hu","@id":"https:\/\/svetslik.si\/hu\/#\/schema\/logo\/image\/","url":"https:\/\/svetslik.si\/wp-content\/uploads\/2020\/12\/logo-512.png","contentUrl":"https:\/\/svetslik.si\/wp-content\/uploads\/2020\/12\/logo-512.png","width":512,"height":512,"caption":"SvetSlik.si"},"image":{"@id":"https:\/\/svetslik.si\/hu\/#\/schema\/logo\/image\/"},"sameAs":["https:\/\/www.facebook.com\/svetslik.si","https:\/\/x.com\/svetslik","https:\/\/www.instagram.com\/svetslik.si\/","https:\/\/www.linkedin.com\/company\/svetslik-si"]}]},"og_availability":"instock","product_availability":"instock","product_retailer_item_id":"1103__-1","product_condition":"new"},"jetpack_sharing_enabled":true,"_links":{"self":[{"href":"https:\/\/svetslik.si\/hu\/wp-json\/wp\/v2\/product\/60399","targetHints":{"allow":["GET"]}}],"collection":[{"href":"https:\/\/svetslik.si\/hu\/wp-json\/wp\/v2\/product"}],"about":[{"href":"https:\/\/svetslik.si\/hu\/wp-json\/wp\/v2\/types\/product"}],"wp:featuredmedia":[{"embeddable":true,"href":"https:\/\/svetslik.si\/hu\/wp-json\/wp\/v2\/media\/51464"}],"wp:attachment":[{"href":"https:\/\/svetslik.si\/hu\/wp-json\/wp\/v2\/media?parent=60399"}],"wp:term":[{"taxonomy":"product_brand","embeddable":true,"href":"https:\/\/svetslik.si\/hu\/wp-json\/wp\/v2\/product_brand?post=60399"},{"taxonomy":"product_cat","embeddable":true,"href":"https:\/\/svetslik.si\/hu\/wp-json\/wp\/v2\/product_cat?post=60399"},{"taxonomy":"product_tag","embeddable":true,"href":"https:\/\/svetslik.si\/hu\/wp-json\/wp\/v2\/product_tag?post=60399"}],"curies":[{"name":"wp","href":"https:\/\/api.w.org\/{rel}","templated":true}]}}