{"id":61831,"date":"2023-03-07T08:17:50","date_gmt":"2023-03-07T07:17:50","guid":{"rendered":"https:\/\/svetslik.si\/nem-kategorizalt\/moderne-slike-e128\/"},"modified":"2025-11-02T20:37:41","modified_gmt":"2025-11-02T19:37:41","slug":"modern-festmeny-e128","status":"publish","type":"product","link":"https:\/\/svetslik.si\/hu\/vaszonkepek-egyseges\/modern-festmeny-e128\/","title":{"rendered":"Modern festm\u00e9ny &#8211; E128"},"content":{"rendered":"<div class=\"wpb-content-wrapper\">[vc_row][vc_column][vc_column_text css=&#8221;&#8221;]\n<p data-pm-slice=\"1 1 []\"><div class=\"yt-lazy-video ratio-square\" data-id=\"W2fc4mbirUc\"><\/div>\n[\/vc_column][\/vc_row][vc_row css=&#8221;.vc_custom_1678174099911{margin-bottom: 10px !important;}&#8221;][vc_column]\t<div class=\"et-image-871 et-image     et_image_link\">\n\t\t<div class=\"et-image-inner \">\n\t\t\t\t\t\t\t<div class=\"et-image-thumb \">\n\t\t\t\t\t<img decoding=\"async\" width=\"1000\" height=\"560\" src=\"https:\/\/svetslik.si\/wp-content\/uploads\/2023\/03\/Moderna-slika-\u2013-E1285.jpg\" class=\"attachment-full\" alt=\"Modern k\u00e9p E128\" title=\"Modern k\u00e9p E128\" srcset=\"https:\/\/svetslik.si\/wp-content\/uploads\/2023\/03\/Moderna-slika-\u2013-E1285.jpg 1000w, https:\/\/svetslik.si\/wp-content\/uploads\/2023\/03\/Moderna-slika-\u2013-E1285-600x336.jpg 600w, https:\/\/svetslik.si\/wp-content\/uploads\/2023\/03\/Moderna-slika-\u2013-E1285-300x168.jpg 300w, https:\/\/svetslik.si\/wp-content\/uploads\/2023\/03\/Moderna-slika-\u2013-E1285-768x430.jpg 768w, https:\/\/svetslik.si\/wp-content\/uploads\/2023\/03\/Moderna-slika-\u2013-E1285-150x84.jpg 150w, https:\/\/svetslik.si\/wp-content\/uploads\/2023\/03\/Moderna-slika-\u2013-E1285-900x504.jpg 900w\" sizes=\"(max-width: 1000px) 100vw, 1000px\" \/>\t\t\t\t<\/div>\n\t\t\t\t\t\t\t\t\t\t\t<\/div>\n\t<\/div>\n  [\/vc_column][\/vc_row][vc_row css=&#8221;.vc_custom_1678174099911{margin-bottom: 10px !important;}&#8221;][vc_column]\t<div class=\"et-image-601 et-image     et_image_link\">\n\t\t<div class=\"et-image-inner \">\n\t\t\t\t\t\t\t<div class=\"et-image-thumb \">\n\t\t\t\t\t<img decoding=\"async\" width=\"1000\" height=\"782\" src=\"https:\/\/svetslik.si\/wp-content\/uploads\/2023\/03\/Moderna-slika-\u2013-E1282.jpg\" class=\"attachment-full\" alt=\"Modern k\u00e9p E128\" title=\"Modern k\u00e9p E128\" srcset=\"https:\/\/svetslik.si\/wp-content\/uploads\/2023\/03\/Moderna-slika-\u2013-E1282.jpg 1000w, https:\/\/svetslik.si\/wp-content\/uploads\/2023\/03\/Moderna-slika-\u2013-E1282-600x469.jpg 600w, https:\/\/svetslik.si\/wp-content\/uploads\/2023\/03\/Moderna-slika-\u2013-E1282-300x235.jpg 300w, https:\/\/svetslik.si\/wp-content\/uploads\/2023\/03\/Moderna-slika-\u2013-E1282-768x601.jpg 768w, https:\/\/svetslik.si\/wp-content\/uploads\/2023\/03\/Moderna-slika-\u2013-E1282-150x117.jpg 150w, https:\/\/svetslik.si\/wp-content\/uploads\/2023\/03\/Moderna-slika-\u2013-E1282-900x704.jpg 900w\" sizes=\"(max-width: 1000px) 100vw, 1000px\" \/>\t\t\t\t<\/div>\n\t\t\t\t\t\t\t\t\t\t\t<\/div>\n\t<\/div>\n  [\/vc_column][\/vc_row][vc_row css=&#8221;.vc_custom_1678174099911{margin-bottom: 10px !important;}&#8221;][vc_column]\t<div class=\"et-image-408 et-image     et_image_link\">\n\t\t<div class=\"et-image-inner \">\n\t\t\t\t\t\t\t<div class=\"et-image-thumb \">\n\t\t\t\t\t<img decoding=\"async\" width=\"1000\" height=\"563\" src=\"https:\/\/svetslik.si\/wp-content\/uploads\/2023\/03\/Moderna-slika-\u2013-E1281.jpg\" class=\"attachment-full\" alt=\"Modern k\u00e9p E128\" title=\"Modern k\u00e9p E128\" srcset=\"https:\/\/svetslik.si\/wp-content\/uploads\/2023\/03\/Moderna-slika-\u2013-E1281.jpg 1000w, https:\/\/svetslik.si\/wp-content\/uploads\/2023\/03\/Moderna-slika-\u2013-E1281-600x338.jpg 600w, https:\/\/svetslik.si\/wp-content\/uploads\/2023\/03\/Moderna-slika-\u2013-E1281-300x169.jpg 300w, https:\/\/svetslik.si\/wp-content\/uploads\/2023\/03\/Moderna-slika-\u2013-E1281-768x432.jpg 768w, https:\/\/svetslik.si\/wp-content\/uploads\/2023\/03\/Moderna-slika-\u2013-E1281-150x84.jpg 150w, https:\/\/svetslik.si\/wp-content\/uploads\/2023\/03\/Moderna-slika-\u2013-E1281-900x507.jpg 900w\" sizes=\"(max-width: 1000px) 100vw, 1000px\" \/>\t\t\t\t<\/div>\n\t\t\t\t\t\t\t\t\t\t\t<\/div>\n\t<\/div>\n  [\/vc_column][\/vc_row][vc_row css=&#8221;.vc_custom_1678174099911{margin-bottom: 10px !important;}&#8221;][vc_column]\t<div class=\"et-image-628 et-image     et_image_link\">\n\t\t<div class=\"et-image-inner \">\n\t\t\t\t\t\t\t<div class=\"et-image-thumb \">\n\t\t\t\t\t<img decoding=\"async\" width=\"1000\" height=\"563\" src=\"https:\/\/svetslik.si\/wp-content\/uploads\/2023\/03\/Moderna-slika-\u2013-E128.jpg\" class=\"attachment-full\" alt=\"Modern k\u00e9p E128\" title=\"Modern k\u00e9p E128\" srcset=\"https:\/\/svetslik.si\/wp-content\/uploads\/2023\/03\/Moderna-slika-\u2013-E128.jpg 1000w, https:\/\/svetslik.si\/wp-content\/uploads\/2023\/03\/Moderna-slika-\u2013-E128-600x338.jpg 600w, https:\/\/svetslik.si\/wp-content\/uploads\/2023\/03\/Moderna-slika-\u2013-E128-300x169.jpg 300w, https:\/\/svetslik.si\/wp-content\/uploads\/2023\/03\/Moderna-slika-\u2013-E128-768x432.jpg 768w, https:\/\/svetslik.si\/wp-content\/uploads\/2023\/03\/Moderna-slika-\u2013-E128-150x84.jpg 150w, https:\/\/svetslik.si\/wp-content\/uploads\/2023\/03\/Moderna-slika-\u2013-E128-900x507.jpg 900w\" sizes=\"(max-width: 1000px) 100vw, 1000px\" \/>\t\t\t\t<\/div>\n\t\t\t\t\t\t\t\t\t\t\t<\/div>\n\t<\/div>\n  [\/vc_column][\/vc_row][vc_row css=&#8221;.vc_custom_1678174099911{margin-bottom: 10px !important;}&#8221;][vc_column]\t<div class=\"et-image-752 et-image     et_image_link\">\n\t\t<div class=\"et-image-inner \">\n\t\t\t\t\t\t\t<div class=\"et-image-thumb \">\n\t\t\t\t\t<img decoding=\"async\" width=\"1000\" height=\"983\" src=\"https:\/\/svetslik.si\/wp-content\/uploads\/2023\/03\/slike-na-platnu-E128.jpg\" class=\"attachment-full\" alt=\"v\u00e1szonfestm\u00e9nyek E128\" title=\"v\u00e1szonfestm\u00e9nyek E128\" srcset=\"https:\/\/svetslik.si\/wp-content\/uploads\/2023\/03\/slike-na-platnu-E128.jpg 1000w, https:\/\/svetslik.si\/wp-content\/uploads\/2023\/03\/slike-na-platnu-E128-600x590.jpg 600w, https:\/\/svetslik.si\/wp-content\/uploads\/2023\/03\/slike-na-platnu-E128-300x295.jpg 300w, https:\/\/svetslik.si\/wp-content\/uploads\/2023\/03\/slike-na-platnu-E128-768x755.jpg 768w, https:\/\/svetslik.si\/wp-content\/uploads\/2023\/03\/slike-na-platnu-E128-150x147.jpg 150w, https:\/\/svetslik.si\/wp-content\/uploads\/2023\/03\/slike-na-platnu-E128-900x885.jpg 900w\" sizes=\"(max-width: 1000px) 100vw, 1000px\" \/>\t\t\t\t<\/div>\n\t\t\t\t\t\t\t\t\t\t\t<\/div>\n\t<\/div>\n  [\/vc_column][\/vc_row][vc_row css=&#8221;.vc_custom_1678174099911{margin-bottom: 10px !important;}&#8221;][vc_column]\t<div class=\"et-image-902 et-image     et_image_link\">\n\t\t<div class=\"et-image-inner \">\n\t\t\t\t\t\t\t<div class=\"et-image-thumb \">\n\t\t\t\t\t<img decoding=\"async\" width=\"1000\" height=\"801\" src=\"https:\/\/svetslik.si\/wp-content\/uploads\/2023\/03\/slike-na-platnu-E128-1.jpg\" class=\"attachment-full\" alt=\"v\u00e1szonfestm\u00e9nyek E128 1\" title=\"v\u00e1szonfestm\u00e9nyek E128 1\" srcset=\"https:\/\/svetslik.si\/wp-content\/uploads\/2023\/03\/slike-na-platnu-E128-1.jpg 1000w, https:\/\/svetslik.si\/wp-content\/uploads\/2023\/03\/slike-na-platnu-E128-1-600x481.jpg 600w, https:\/\/svetslik.si\/wp-content\/uploads\/2023\/03\/slike-na-platnu-E128-1-300x240.jpg 300w, https:\/\/svetslik.si\/wp-content\/uploads\/2023\/03\/slike-na-platnu-E128-1-768x615.jpg 768w, https:\/\/svetslik.si\/wp-content\/uploads\/2023\/03\/slike-na-platnu-E128-1-150x120.jpg 150w, https:\/\/svetslik.si\/wp-content\/uploads\/2023\/03\/slike-na-platnu-E128-1-900x721.jpg 900w\" sizes=\"(max-width: 1000px) 100vw, 1000px\" \/>\t\t\t\t<\/div>\n\t\t\t\t\t\t\t\t\t\t\t<\/div>\n\t<\/div>\n  [\/vc_column][\/vc_row][vc_row css=&#8221;.vc_custom_1678174099911{margin-bottom: 10px !important;}&#8221;][vc_column]\t<div class=\"et-image-775 et-image     et_image_link\">\n\t\t<div class=\"et-image-inner \">\n\t\t\t\t\t\t\t<div class=\"et-image-thumb \">\n\t\t\t\t\t<img decoding=\"async\" width=\"1440\" height=\"1027\" src=\"https:\/\/svetslik.si\/wp-content\/uploads\/2023\/03\/abstraktna-slika-E128-1.jpg\" class=\"attachment-full\" alt=\"Modern festm\u00e9ny - E128\" title=\"Modern festm\u00e9ny - E128\" srcset=\"https:\/\/svetslik.si\/wp-content\/uploads\/2023\/03\/abstraktna-slika-E128-1.jpg 1440w, https:\/\/svetslik.si\/wp-content\/uploads\/2023\/03\/abstraktna-slika-E128-1-600x428.jpg 600w, https:\/\/svetslik.si\/wp-content\/uploads\/2023\/03\/abstraktna-slika-E128-1-1200x856.jpg 1200w, https:\/\/svetslik.si\/wp-content\/uploads\/2023\/03\/abstraktna-slika-E128-1-300x214.jpg 300w, https:\/\/svetslik.si\/wp-content\/uploads\/2023\/03\/abstraktna-slika-E128-1-1024x730.jpg 1024w, https:\/\/svetslik.si\/wp-content\/uploads\/2023\/03\/abstraktna-slika-E128-1-768x548.jpg 768w, https:\/\/svetslik.si\/wp-content\/uploads\/2023\/03\/abstraktna-slika-E128-1-18x12.jpg 18w, https:\/\/svetslik.si\/wp-content\/uploads\/2023\/03\/abstraktna-slika-E128-1-150x107.jpg 150w\" sizes=\"(max-width: 1440px) 100vw, 1440px\" \/>\t\t\t\t<\/div>\n\t\t\t\t\t\t\t\t\t\t\t<\/div>\n\t<\/div>\n  [\/vc_column][\/vc_row][vc_row css=&#8221;.vc_custom_1678174099911{margin-bottom: 10px !important;}&#8221;][vc_column]\t<div class=\"et-image-737 et-image     et_image_link\">\n\t\t<div class=\"et-image-inner \">\n\t\t\t\t\t\t\t<div class=\"et-image-thumb \">\n\t\t\t\t\t<img decoding=\"async\" width=\"1440\" height=\"1027\" src=\"https:\/\/svetslik.si\/wp-content\/uploads\/2023\/03\/abstraktne-slika-E128.jpg\" class=\"attachment-full\" alt=\"Modern festm\u00e9ny - E128\" title=\"Modern festm\u00e9ny - E128\" srcset=\"https:\/\/svetslik.si\/wp-content\/uploads\/2023\/03\/abstraktne-slika-E128.jpg 1440w, https:\/\/svetslik.si\/wp-content\/uploads\/2023\/03\/abstraktne-slika-E128-600x428.jpg 600w, https:\/\/svetslik.si\/wp-content\/uploads\/2023\/03\/abstraktne-slika-E128-1200x856.jpg 1200w, https:\/\/svetslik.si\/wp-content\/uploads\/2023\/03\/abstraktne-slika-E128-300x214.jpg 300w, https:\/\/svetslik.si\/wp-content\/uploads\/2023\/03\/abstraktne-slika-E128-1024x730.jpg 1024w, https:\/\/svetslik.si\/wp-content\/uploads\/2023\/03\/abstraktne-slika-E128-768x548.jpg 768w, https:\/\/svetslik.si\/wp-content\/uploads\/2023\/03\/abstraktne-slika-E128-18x12.jpg 18w, https:\/\/svetslik.si\/wp-content\/uploads\/2023\/03\/abstraktne-slika-E128-150x107.jpg 150w\" sizes=\"(max-width: 1440px) 100vw, 1440px\" \/>\t\t\t\t<\/div>\n\t\t\t\t\t\t\t\t\t\t\t<\/div>\n\t<\/div>\n  [\/vc_column][\/vc_row]\n<\/div>","protected":false},"excerpt":{"rendered":"<p>[vc_row][vc_column][vc_column_text css=&#8221;&#8221;] [\/vc_column][\/vc_row][vc_row css=&#8221;.vc_custom_1678174099911{margin-bottom: 10px !important;}&#8221;][vc_column][\/vc_column][\/vc_row][vc_row css=&#8221;.vc_custom_1678174099911{margin-bottom: 10px !important;}&#8221;][vc_column][\/vc_column][\/vc_row][vc_row css=&#8221;.vc_custom_1678174099911{margin-bottom: 10px !important;}&#8221;][vc_column][\/vc_column][\/vc_row][vc_row css=&#8221;.vc_custom_1678174099911{margin-bottom: 10px !important;}&#8221;][vc_column][\/vc_column][\/vc_row][vc_row css=&#8221;.vc_custom_1678174099911{margin-bottom: 10px !important;}&#8221;][vc_column][\/vc_column][\/vc_row][vc_row css=&#8221;.vc_custom_1678174099911{margin-bottom: 10px !important;}&#8221;][vc_column][\/vc_column][\/vc_row][vc_row css=&#8221;.vc_custom_1678174099911{margin-bottom: 10px !important;}&#8221;][vc_column][\/vc_column][\/vc_row][vc_row css=&#8221;.vc_custom_1678174099911{margin-bottom: 10px !important;}&#8221;][vc_column][\/vc_column][\/vc_row]<\/p>\n","protected":false},"featured_media":51690,"template":"","meta":{"_acf_changed":false},"product_brand":[],"product_cat":[7153],"product_tag":[11945,11944,11952,11950,11955,11951,11948,11949,11954,11946,11947,11953],"class_list":{"0":"post-61831","1":"product","2":"type-product","3":"status-publish","4":"has-post-thumbnail","6":"product_cat-vaszonkepek-egyseges","7":"product_tag-abstraktne-slike-hu","8":"product_tag-dekorativne-slike-hu","9":"product_tag-moderne-slike-hu","10":"product_tag-prodaja-slik-hu","11":"product_tag-slike-na-platnu-hu","12":"product_tag-slike-za-dnevno-sobo-hu","13":"product_tag-slike-za-na-steno-hu","14":"product_tag-slike-za-v-dnevno-sobo-hu","15":"product_tag-spletna-galerija-hu","16":"product_tag-stenska-dekoracija-hu","17":"product_tag-stenske-slike-hu","18":"product_tag-umetniske-slike-hu","19":"pa_dimenzija-120-x-40-cm-hu","20":"pa_dimenzija-150-x-50-cm-hu","21":"pa_dimenzija-210-x-70-cm-hu","22":"pa_dimenzija-60-x-20-cm-hu","23":"pa_dimenzija-90-x-270-cm-hu","24":"pa_dimenzija-90-x-30-cm-hu","25":"pa_oblika-vizszintes","26":"pa_okvir-nincs-keret","27":"pa_podokvir-igen","28":"pa_podokvir-nem","30":"first","31":"onbackorder","32":"purchasable","33":"product-type-variable","34":"has-default-attributes"},"acf":[],"yoast_head":"<!-- This site is optimized with the Yoast SEO Premium plugin v26.0 (Yoast SEO v27.2) - https:\/\/yoast.com\/product\/yoast-seo-premium-wordpress\/ -->\n<title>Modern festm\u00e9ny - E128 - SVETSLIK.SI - 100% k\u00e9zzel festett<\/title>\n<meta name=\"description\" content=\"Modern festm\u00e9ny - E128 - 100% k\u00e9zzel festett v\u00e1szonfestm\u00e9nyek. Festm\u00e9nyek elad\u00e1sa - moderne festm\u00e9nyek, absztrakt festm\u00e9nyek, olajfestm\u00e9nyek, egyedi rendel\u00e9sre k\u00e9sz\u00edtett festm\u00e9nyek \u00e9s k\u00e9pkeretez\u00e9s.\" \/>\n<meta name=\"robots\" content=\"index, follow, max-snippet:-1, max-image-preview:large, max-video-preview:-1\" \/>\n<link rel=\"canonical\" href=\"https:\/\/svetslik.si\/hu\/vaszonkepek-egyseges\/modern-festmeny-e128\/\" \/>\n<meta property=\"og:locale\" content=\"hu_HU\" \/>\n<meta property=\"og:type\" content=\"article\" \/>\n<meta property=\"og:title\" content=\"Modern festm\u00e9ny - E128\" \/>\n<meta property=\"og:description\" content=\"100% ro\u010dno naslikane slike na platnu, reprodukcije znanih slikarjev in umetni\u0161ke slike po naro\u010dilu.\" \/>\n<meta property=\"og:url\" content=\"https:\/\/svetslik.si\/hu\/vaszonkepek-egyseges\/modern-festmeny-e128\/\" \/>\n<meta property=\"og:site_name\" content=\"SVETSLIK.SI\" \/>\n<meta property=\"article:publisher\" content=\"https:\/\/www.facebook.com\/svetslik.si\" \/>\n<meta property=\"article:modified_time\" content=\"2025-11-02T19:37:41+00:00\" \/>\n<meta property=\"og:image\" content=\"https:\/\/svetslik.si\/wp-content\/uploads\/2023\/03\/abstraktna-slika-E128.jpg\" \/>\n\t<meta property=\"og:image:width\" content=\"1440\" \/>\n\t<meta property=\"og:image:height\" content=\"472\" \/>\n\t<meta property=\"og:image:type\" content=\"image\/jpeg\" \/>\n<meta name=\"twitter:card\" content=\"summary_large_image\" \/>\n<meta name=\"twitter:site\" content=\"@svetslik\" \/>\n<meta name=\"twitter:label1\" content=\"El\u00e9rhet\u0151s\u00e9g\" \/>\n\t<meta name=\"twitter:data1\" content=\"Beszerz\u00e9s alatt\" \/>\n<script type=\"application\/ld+json\" class=\"yoast-schema-graph\">{\"@context\":\"https:\/\/schema.org\",\"@graph\":[{\"@type\":[\"WebPage\",\"ItemPage\"],\"@id\":\"https:\/\/svetslik.si\/hu\/vaszonkepek-egyseges\/modern-festmeny-e128\/\",\"url\":\"https:\/\/svetslik.si\/hu\/vaszonkepek-egyseges\/modern-festmeny-e128\/\",\"name\":\"Modern festm\u00e9ny - E128 - SVETSLIK.SI - 100% k\u00e9zzel festett\",\"isPartOf\":{\"@id\":\"https:\/\/svetslik.si\/hu\/#website\"},\"primaryImageOfPage\":{\"@id\":\"https:\/\/svetslik.si\/hu\/vaszonkepek-egyseges\/modern-festmeny-e128\/#primaryimage\"},\"image\":{\"@id\":\"https:\/\/svetslik.si\/hu\/vaszonkepek-egyseges\/modern-festmeny-e128\/#primaryimage\"},\"thumbnailUrl\":\"https:\/\/svetslik.si\/wp-content\/uploads\/2023\/03\/abstraktna-slika-E128.jpg\",\"datePublished\":\"2023-03-07T07:17:50+00:00\",\"dateModified\":\"2025-11-02T19:37:41+00:00\",\"description\":\"Modern festm\u00e9ny - E128 - 100% k\u00e9zzel festett v\u00e1szonfestm\u00e9nyek. Festm\u00e9nyek elad\u00e1sa - moderne festm\u00e9nyek, absztrakt festm\u00e9nyek, olajfestm\u00e9nyek, egyedi rendel\u00e9sre k\u00e9sz\u00edtett festm\u00e9nyek \u00e9s k\u00e9pkeretez\u00e9s.\",\"breadcrumb\":{\"@id\":\"https:\/\/svetslik.si\/hu\/vaszonkepek-egyseges\/modern-festmeny-e128\/#breadcrumb\"},\"inLanguage\":\"hu\",\"potentialAction\":[{\"@type\":\"ReadAction\",\"target\":[\"https:\/\/svetslik.si\/hu\/vaszonkepek-egyseges\/modern-festmeny-e128\/\"]}]},{\"@type\":\"ImageObject\",\"inLanguage\":\"hu\",\"@id\":\"https:\/\/svetslik.si\/hu\/vaszonkepek-egyseges\/modern-festmeny-e128\/#primaryimage\",\"url\":\"https:\/\/svetslik.si\/wp-content\/uploads\/2023\/03\/abstraktna-slika-E128.jpg\",\"contentUrl\":\"https:\/\/svetslik.si\/wp-content\/uploads\/2023\/03\/abstraktna-slika-E128.jpg\",\"width\":1440,\"height\":472,\"caption\":\"Modern festm\u00e9ny - E128\"},{\"@type\":\"BreadcrumbList\",\"@id\":\"https:\/\/svetslik.si\/hu\/vaszonkepek-egyseges\/modern-festmeny-e128\/#breadcrumb\",\"itemListElement\":[{\"@type\":\"ListItem\",\"position\":1,\"name\":\"Wall art and paintings on canvas\",\"item\":\"https:\/\/svetslik.si\/hu\/\"},{\"@type\":\"ListItem\",\"position\":2,\"name\":\"Festm\u00e9nyek elad\u00e1sa\",\"item\":\"https:\/\/svetslik.si\/prodaja-slik\/\"},{\"@type\":\"ListItem\",\"position\":3,\"name\":\"Modern festm\u00e9ny &#8211; E128\"}]},{\"@type\":\"WebSite\",\"@id\":\"https:\/\/svetslik.si\/hu\/#website\",\"url\":\"https:\/\/svetslik.si\/hu\/\",\"name\":\"SVETSLIK.SI\",\"description\":\"100%-ban k\u00e9zzel festett reprodukci\u00f3k h\u00edres fest\u0151k festm\u00e9nyeir\u0151l \u00e9s festm\u00e9nyekr\u0151l v\u00e1szonra.\",\"publisher\":{\"@id\":\"https:\/\/svetslik.si\/hu\/#organization\"},\"potentialAction\":[{\"@type\":\"SearchAction\",\"target\":{\"@type\":\"EntryPoint\",\"urlTemplate\":\"https:\/\/svetslik.si\/hu\/?s={search_term_string}\"},\"query-input\":{\"@type\":\"PropertyValueSpecification\",\"valueRequired\":true,\"valueName\":\"search_term_string\"}}],\"inLanguage\":\"hu\"},{\"@type\":\"Organization\",\"@id\":\"https:\/\/svetslik.si\/hu\/#organization\",\"name\":\"SvetSlik.si\",\"url\":\"https:\/\/svetslik.si\/hu\/\",\"logo\":{\"@type\":\"ImageObject\",\"inLanguage\":\"hu\",\"@id\":\"https:\/\/svetslik.si\/hu\/#\/schema\/logo\/image\/\",\"url\":\"https:\/\/svetslik.si\/wp-content\/uploads\/2020\/12\/logo-512.png\",\"contentUrl\":\"https:\/\/svetslik.si\/wp-content\/uploads\/2020\/12\/logo-512.png\",\"width\":512,\"height\":512,\"caption\":\"SvetSlik.si\"},\"image\":{\"@id\":\"https:\/\/svetslik.si\/hu\/#\/schema\/logo\/image\/\"},\"sameAs\":[\"https:\/\/www.facebook.com\/svetslik.si\",\"https:\/\/x.com\/svetslik\",\"https:\/\/www.instagram.com\/svetslik.si\/\",\"https:\/\/www.linkedin.com\/company\/svetslik-si\"]}]}<\/script>\n<meta property=\"og:availability\" content=\"backorder\" \/>\n<meta property=\"product:availability\" content=\"available for order\" \/>\n<meta property=\"product:retailer_item_id\" content=\"1017__-1\" \/>\n<meta property=\"product:condition\" content=\"new\" \/>\n<!-- \/ Yoast SEO Premium plugin. -->","yoast_head_json":{"title":"Modern festm\u00e9ny - E128 - SVETSLIK.SI - 100% k\u00e9zzel festett","description":"Modern festm\u00e9ny - E128 - 100% k\u00e9zzel festett v\u00e1szonfestm\u00e9nyek. Festm\u00e9nyek elad\u00e1sa - moderne festm\u00e9nyek, absztrakt festm\u00e9nyek, olajfestm\u00e9nyek, egyedi rendel\u00e9sre k\u00e9sz\u00edtett festm\u00e9nyek \u00e9s k\u00e9pkeretez\u00e9s.","robots":{"index":"index","follow":"follow","max-snippet":"max-snippet:-1","max-image-preview":"max-image-preview:large","max-video-preview":"max-video-preview:-1"},"canonical":"https:\/\/svetslik.si\/hu\/vaszonkepek-egyseges\/modern-festmeny-e128\/","og_locale":"hu_HU","og_type":"article","og_title":"Modern festm\u00e9ny - E128","og_description":"100% ro\u010dno naslikane slike na platnu, reprodukcije znanih slikarjev in umetni\u0161ke slike po naro\u010dilu.","og_url":"https:\/\/svetslik.si\/hu\/vaszonkepek-egyseges\/modern-festmeny-e128\/","og_site_name":"SVETSLIK.SI","article_publisher":"https:\/\/www.facebook.com\/svetslik.si","article_modified_time":"2025-11-02T19:37:41+00:00","og_image":[{"width":1440,"height":472,"url":"https:\/\/svetslik.si\/wp-content\/uploads\/2023\/03\/abstraktna-slika-E128.jpg","type":"image\/jpeg"}],"twitter_card":"summary_large_image","twitter_site":"@svetslik","twitter_misc":{"El\u00e9rhet\u0151s\u00e9g":"Beszerz\u00e9s alatt"},"schema":{"@context":"https:\/\/schema.org","@graph":[{"@type":["WebPage","ItemPage"],"@id":"https:\/\/svetslik.si\/hu\/vaszonkepek-egyseges\/modern-festmeny-e128\/","url":"https:\/\/svetslik.si\/hu\/vaszonkepek-egyseges\/modern-festmeny-e128\/","name":"Modern festm\u00e9ny - E128 - SVETSLIK.SI - 100% k\u00e9zzel festett","isPartOf":{"@id":"https:\/\/svetslik.si\/hu\/#website"},"primaryImageOfPage":{"@id":"https:\/\/svetslik.si\/hu\/vaszonkepek-egyseges\/modern-festmeny-e128\/#primaryimage"},"image":{"@id":"https:\/\/svetslik.si\/hu\/vaszonkepek-egyseges\/modern-festmeny-e128\/#primaryimage"},"thumbnailUrl":"https:\/\/svetslik.si\/wp-content\/uploads\/2023\/03\/abstraktna-slika-E128.jpg","datePublished":"2023-03-07T07:17:50+00:00","dateModified":"2025-11-02T19:37:41+00:00","description":"Modern festm\u00e9ny - E128 - 100% k\u00e9zzel festett v\u00e1szonfestm\u00e9nyek. Festm\u00e9nyek elad\u00e1sa - moderne festm\u00e9nyek, absztrakt festm\u00e9nyek, olajfestm\u00e9nyek, egyedi rendel\u00e9sre k\u00e9sz\u00edtett festm\u00e9nyek \u00e9s k\u00e9pkeretez\u00e9s.","breadcrumb":{"@id":"https:\/\/svetslik.si\/hu\/vaszonkepek-egyseges\/modern-festmeny-e128\/#breadcrumb"},"inLanguage":"hu","potentialAction":[{"@type":"ReadAction","target":["https:\/\/svetslik.si\/hu\/vaszonkepek-egyseges\/modern-festmeny-e128\/"]}]},{"@type":"ImageObject","inLanguage":"hu","@id":"https:\/\/svetslik.si\/hu\/vaszonkepek-egyseges\/modern-festmeny-e128\/#primaryimage","url":"https:\/\/svetslik.si\/wp-content\/uploads\/2023\/03\/abstraktna-slika-E128.jpg","contentUrl":"https:\/\/svetslik.si\/wp-content\/uploads\/2023\/03\/abstraktna-slika-E128.jpg","width":1440,"height":472,"caption":"Modern festm\u00e9ny - E128"},{"@type":"BreadcrumbList","@id":"https:\/\/svetslik.si\/hu\/vaszonkepek-egyseges\/modern-festmeny-e128\/#breadcrumb","itemListElement":[{"@type":"ListItem","position":1,"name":"Wall art and paintings on canvas","item":"https:\/\/svetslik.si\/hu\/"},{"@type":"ListItem","position":2,"name":"Festm\u00e9nyek elad\u00e1sa","item":"https:\/\/svetslik.si\/prodaja-slik\/"},{"@type":"ListItem","position":3,"name":"Modern festm\u00e9ny &#8211; E128"}]},{"@type":"WebSite","@id":"https:\/\/svetslik.si\/hu\/#website","url":"https:\/\/svetslik.si\/hu\/","name":"SVETSLIK.SI","description":"100%-ban k\u00e9zzel festett reprodukci\u00f3k h\u00edres fest\u0151k festm\u00e9nyeir\u0151l \u00e9s festm\u00e9nyekr\u0151l v\u00e1szonra.","publisher":{"@id":"https:\/\/svetslik.si\/hu\/#organization"},"potentialAction":[{"@type":"SearchAction","target":{"@type":"EntryPoint","urlTemplate":"https:\/\/svetslik.si\/hu\/?s={search_term_string}"},"query-input":{"@type":"PropertyValueSpecification","valueRequired":true,"valueName":"search_term_string"}}],"inLanguage":"hu"},{"@type":"Organization","@id":"https:\/\/svetslik.si\/hu\/#organization","name":"SvetSlik.si","url":"https:\/\/svetslik.si\/hu\/","logo":{"@type":"ImageObject","inLanguage":"hu","@id":"https:\/\/svetslik.si\/hu\/#\/schema\/logo\/image\/","url":"https:\/\/svetslik.si\/wp-content\/uploads\/2020\/12\/logo-512.png","contentUrl":"https:\/\/svetslik.si\/wp-content\/uploads\/2020\/12\/logo-512.png","width":512,"height":512,"caption":"SvetSlik.si"},"image":{"@id":"https:\/\/svetslik.si\/hu\/#\/schema\/logo\/image\/"},"sameAs":["https:\/\/www.facebook.com\/svetslik.si","https:\/\/x.com\/svetslik","https:\/\/www.instagram.com\/svetslik.si\/","https:\/\/www.linkedin.com\/company\/svetslik-si"]}]},"og_availability":"backorder","product_availability":"available for order","product_retailer_item_id":"1017__-1","product_condition":"new"},"jetpack_sharing_enabled":true,"_links":{"self":[{"href":"https:\/\/svetslik.si\/hu\/wp-json\/wp\/v2\/product\/61831","targetHints":{"allow":["GET"]}}],"collection":[{"href":"https:\/\/svetslik.si\/hu\/wp-json\/wp\/v2\/product"}],"about":[{"href":"https:\/\/svetslik.si\/hu\/wp-json\/wp\/v2\/types\/product"}],"wp:featuredmedia":[{"embeddable":true,"href":"https:\/\/svetslik.si\/hu\/wp-json\/wp\/v2\/media\/51690"}],"wp:attachment":[{"href":"https:\/\/svetslik.si\/hu\/wp-json\/wp\/v2\/media?parent=61831"}],"wp:term":[{"taxonomy":"product_brand","embeddable":true,"href":"https:\/\/svetslik.si\/hu\/wp-json\/wp\/v2\/product_brand?post=61831"},{"taxonomy":"product_cat","embeddable":true,"href":"https:\/\/svetslik.si\/hu\/wp-json\/wp\/v2\/product_cat?post=61831"},{"taxonomy":"product_tag","embeddable":true,"href":"https:\/\/svetslik.si\/hu\/wp-json\/wp\/v2\/product_tag?post=61831"}],"curies":[{"name":"wp","href":"https:\/\/api.w.org\/{rel}","templated":true}]}}