{"id":61936,"date":"2023-03-07T14:25:49","date_gmt":"2023-03-07T13:25:49","guid":{"rendered":"https:\/\/svetslik.si\/nem-kategorizalt\/abstraktne-slike-e110\/"},"modified":"2026-03-22T15:13:28","modified_gmt":"2026-03-22T14:13:28","slug":"absztrakt-festmeny-e110","status":"publish","type":"product","link":"https:\/\/svetslik.si\/hu\/vaszonkepek-egyseges\/absztrakt-festmeny-e110\/","title":{"rendered":"Absztrakt festm\u00e9ny &#8211; E110"},"content":{"rendered":"<div class=\"wpb-content-wrapper\">[vc_row css=&#8221;.vc_custom_1731404768258{margin-bottom: 5px !important;}&#8221;][vc_column]\t<div class=\"et-image-341 et-image     et_image_link\">\n\t\t<div class=\"et-image-inner \">\n\t\t\t\t\t\t\t<div class=\"et-image-thumb \">\n\t\t\t\t\t<img decoding=\"async\" width=\"1000\" height=\"1411\" src=\"https:\/\/svetslik.si\/wp-content\/uploads\/2023\/03\/Abstraktna-slika-\u2013-E110-3.jpg\" class=\"attachment-full\" alt=\"Absztrakt festm\u00e9ny - E110\" title=\"Absztrakt festm\u00e9ny - E110\" srcset=\"https:\/\/svetslik.si\/wp-content\/uploads\/2023\/03\/Abstraktna-slika-\u2013-E110-3.jpg 1000w, https:\/\/svetslik.si\/wp-content\/uploads\/2023\/03\/Abstraktna-slika-\u2013-E110-3-600x847.jpg 600w, https:\/\/svetslik.si\/wp-content\/uploads\/2023\/03\/Abstraktna-slika-\u2013-E110-3-213x300.jpg 213w, https:\/\/svetslik.si\/wp-content\/uploads\/2023\/03\/Abstraktna-slika-\u2013-E110-3-726x1024.jpg 726w, https:\/\/svetslik.si\/wp-content\/uploads\/2023\/03\/Abstraktna-slika-\u2013-E110-3-768x1084.jpg 768w, https:\/\/svetslik.si\/wp-content\/uploads\/2023\/03\/Abstraktna-slika-\u2013-E110-3-106x150.jpg 106w, https:\/\/svetslik.si\/wp-content\/uploads\/2023\/03\/Abstraktna-slika-\u2013-E110-3-900x1270.jpg 900w\" sizes=\"(max-width: 1000px) 100vw, 1000px\" \/>\t\t\t\t<\/div>\n\t\t\t\t\t\t\t\t\t\t\t<\/div>\n\t<\/div>\n  [\/vc_column][\/vc_row][vc_row css=&#8221;.vc_custom_1731404768258{margin-bottom: 5px !important;}&#8221;][vc_column]\t<div class=\"et-image-616 et-image     et_image_link\">\n\t\t<div class=\"et-image-inner \">\n\t\t\t\t\t\t\t<div class=\"et-image-thumb \">\n\t\t\t\t\t<img decoding=\"async\" width=\"1000\" height=\"1714\" src=\"https:\/\/svetslik.si\/wp-content\/uploads\/2023\/03\/Abstraktna-slika-\u2013-E110-2-1.jpg\" class=\"attachment-full\" alt=\"Absztrakt festm\u00e9ny - E110\" title=\"Absztrakt festm\u00e9ny - E110\" srcset=\"https:\/\/svetslik.si\/wp-content\/uploads\/2023\/03\/Abstraktna-slika-\u2013-E110-2-1.jpg 1000w, https:\/\/svetslik.si\/wp-content\/uploads\/2023\/03\/Abstraktna-slika-\u2013-E110-2-1-600x1028.jpg 600w, https:\/\/svetslik.si\/wp-content\/uploads\/2023\/03\/Abstraktna-slika-\u2013-E110-2-1-175x300.jpg 175w, https:\/\/svetslik.si\/wp-content\/uploads\/2023\/03\/Abstraktna-slika-\u2013-E110-2-1-597x1024.jpg 597w, https:\/\/svetslik.si\/wp-content\/uploads\/2023\/03\/Abstraktna-slika-\u2013-E110-2-1-768x1316.jpg 768w, https:\/\/svetslik.si\/wp-content\/uploads\/2023\/03\/Abstraktna-slika-\u2013-E110-2-1-896x1536.jpg 896w, https:\/\/svetslik.si\/wp-content\/uploads\/2023\/03\/Abstraktna-slika-\u2013-E110-2-1-88x150.jpg 88w, https:\/\/svetslik.si\/wp-content\/uploads\/2023\/03\/Abstraktna-slika-\u2013-E110-2-1-900x1543.jpg 900w\" sizes=\"(max-width: 1000px) 100vw, 1000px\" \/>\t\t\t\t<\/div>\n\t\t\t\t\t\t\t\t\t\t\t<\/div>\n\t<\/div>\n  [\/vc_column][\/vc_row][vc_row css=&#8221;.vc_custom_1731404768258{margin-bottom: 5px !important;}&#8221;][vc_column]\t<div class=\"et-image-253 et-image     et_image_link\">\n\t\t<div class=\"et-image-inner \">\n\t\t\t\t\t\t\t<div class=\"et-image-thumb \">\n\t\t\t\t\t<img decoding=\"async\" width=\"1000\" height=\"1804\" src=\"https:\/\/svetslik.si\/wp-content\/uploads\/2023\/03\/Abstraktna-slika-\u2013-E110-1.jpg\" class=\"attachment-full\" alt=\"Absztrakt festm\u00e9ny - E110\" title=\"Absztrakt festm\u00e9ny - E110\" srcset=\"https:\/\/svetslik.si\/wp-content\/uploads\/2023\/03\/Abstraktna-slika-\u2013-E110-1.jpg 1000w, https:\/\/svetslik.si\/wp-content\/uploads\/2023\/03\/Abstraktna-slika-\u2013-E110-1-600x1082.jpg 600w, https:\/\/svetslik.si\/wp-content\/uploads\/2023\/03\/Abstraktna-slika-\u2013-E110-1-166x300.jpg 166w, https:\/\/svetslik.si\/wp-content\/uploads\/2023\/03\/Abstraktna-slika-\u2013-E110-1-568x1024.jpg 568w, https:\/\/svetslik.si\/wp-content\/uploads\/2023\/03\/Abstraktna-slika-\u2013-E110-1-768x1385.jpg 768w, https:\/\/svetslik.si\/wp-content\/uploads\/2023\/03\/Abstraktna-slika-\u2013-E110-1-851x1536.jpg 851w, https:\/\/svetslik.si\/wp-content\/uploads\/2023\/03\/Abstraktna-slika-\u2013-E110-1-83x150.jpg 83w, https:\/\/svetslik.si\/wp-content\/uploads\/2023\/03\/Abstraktna-slika-\u2013-E110-1-900x1624.jpg 900w\" sizes=\"(max-width: 1000px) 100vw, 1000px\" \/>\t\t\t\t<\/div>\n\t\t\t\t\t\t\t\t\t\t\t<\/div>\n\t<\/div>\n  [\/vc_column][\/vc_row][vc_row css=&#8221;.vc_custom_1731404768258{margin-bottom: 5px !important;}&#8221;][vc_column]\t<div class=\"et-image-618 et-image     et_image_link\">\n\t\t<div class=\"et-image-inner \">\n\t\t\t\t\t\t\t<div class=\"et-image-thumb \">\n\t\t\t\t\t<img decoding=\"async\" width=\"1000\" height=\"563\" src=\"https:\/\/svetslik.si\/wp-content\/uploads\/2023\/03\/Abstraktna-slika-\u2013-E110-12.jpg\" class=\"attachment-full\" alt=\"Absztrakt festm\u00e9ny - E110\" title=\"Absztrakt festm\u00e9ny - E110\" srcset=\"https:\/\/svetslik.si\/wp-content\/uploads\/2023\/03\/Abstraktna-slika-\u2013-E110-12.jpg 1000w, https:\/\/svetslik.si\/wp-content\/uploads\/2023\/03\/Abstraktna-slika-\u2013-E110-12-600x338.jpg 600w, https:\/\/svetslik.si\/wp-content\/uploads\/2023\/03\/Abstraktna-slika-\u2013-E110-12-300x169.jpg 300w, https:\/\/svetslik.si\/wp-content\/uploads\/2023\/03\/Abstraktna-slika-\u2013-E110-12-768x432.jpg 768w, https:\/\/svetslik.si\/wp-content\/uploads\/2023\/03\/Abstraktna-slika-\u2013-E110-12-150x84.jpg 150w, https:\/\/svetslik.si\/wp-content\/uploads\/2023\/03\/Abstraktna-slika-\u2013-E110-12-900x507.jpg 900w\" sizes=\"(max-width: 1000px) 100vw, 1000px\" \/>\t\t\t\t<\/div>\n\t\t\t\t\t\t\t\t\t\t\t<\/div>\n\t<\/div>\n  [\/vc_column][\/vc_row]\n<\/div>","protected":false},"excerpt":{"rendered":"<p>[vc_row css=&#8221;.vc_custom_1731404768258{margin-bottom: 5px !important;}&#8221;][vc_column][\/vc_column][\/vc_row][vc_row css=&#8221;.vc_custom_1731404768258{margin-bottom: 5px !important;}&#8221;][vc_column][\/vc_column][\/vc_row][vc_row css=&#8221;.vc_custom_1731404768258{margin-bottom: 5px !important;}&#8221;][vc_column][\/vc_column][\/vc_row][vc_row css=&#8221;.vc_custom_1731404768258{margin-bottom: 5px !important;}&#8221;][vc_column][\/vc_column][\/vc_row]<\/p>\n","protected":false},"featured_media":51711,"template":"","meta":{"_acf_changed":false},"product_brand":[],"product_cat":[7153],"product_tag":[11945,11944,11952,11950,11955,11951,11948,11949,11954,11946,11947,11953],"class_list":{"0":"post-61936","1":"product","2":"type-product","3":"status-publish","4":"has-post-thumbnail","6":"product_cat-vaszonkepek-egyseges","7":"product_tag-abstraktne-slike-hu","8":"product_tag-dekorativne-slike-hu","9":"product_tag-moderne-slike-hu","10":"product_tag-prodaja-slik-hu","11":"product_tag-slike-na-platnu-hu","12":"product_tag-slike-za-dnevno-sobo-hu","13":"product_tag-slike-za-na-steno-hu","14":"product_tag-slike-za-v-dnevno-sobo-hu","15":"product_tag-spletna-galerija-hu","16":"product_tag-stenska-dekoracija-hu","17":"product_tag-stenske-slike-hu","18":"product_tag-umetniske-slike-hu","19":"pa_dimenzija-100-x-50-cm","20":"pa_dimenzija-150-x-75-cm","21":"pa_dimenzija-200-x-100-cm","22":"pa_dimenzija-60-x-30-cm","23":"pa_dimenzija-80-x-40-cm","24":"pa_oblika-fuggoleges","25":"pa_okvir-nincs-keret","26":"pa_podokvir-igen","27":"pa_podokvir-nem","29":"first","30":"onbackorder","31":"purchasable","32":"product-type-variable","33":"has-default-attributes"},"acf":[],"yoast_head":"<!-- This site is optimized with the Yoast SEO Premium plugin v26.0 (Yoast SEO v27.2) - https:\/\/yoast.com\/product\/yoast-seo-premium-wordpress\/ -->\n<title>Absztrakt festm\u00e9ny - E110 - SVETSLIK.SI - 100% k\u00e9zzel festett<\/title>\n<meta name=\"description\" content=\"Absztrakt festm\u00e9ny - E110 - 100% k\u00e9zzel festett v\u00e1szonfestm\u00e9nyek. Festm\u00e9nyek elad\u00e1sa - moderne festm\u00e9nyek, absztrakt festm\u00e9nyek, olajfestm\u00e9nyek, egyedi rendel\u00e9sre k\u00e9sz\u00edtett festm\u00e9nyek \u00e9s k\u00e9pkeretez\u00e9s.\" \/>\n<meta name=\"robots\" content=\"index, follow, max-snippet:-1, max-image-preview:large, max-video-preview:-1\" \/>\n<link rel=\"canonical\" href=\"https:\/\/svetslik.si\/hu\/vaszonkepek-egyseges\/absztrakt-festmeny-e110\/\" \/>\n<meta property=\"og:locale\" content=\"hu_HU\" \/>\n<meta property=\"og:type\" content=\"article\" \/>\n<meta property=\"og:title\" content=\"Absztrakt festm\u00e9ny - E110\" \/>\n<meta property=\"og:description\" content=\"100% ro\u010dno naslikane slike na platnu, reprodukcije znanih slikarjev in umetni\u0161ke slike po naro\u010dilu.\" \/>\n<meta property=\"og:url\" content=\"https:\/\/svetslik.si\/hu\/vaszonkepek-egyseges\/absztrakt-festmeny-e110\/\" \/>\n<meta property=\"og:site_name\" content=\"SVETSLIK.SI\" \/>\n<meta property=\"article:publisher\" content=\"https:\/\/www.facebook.com\/svetslik.si\" \/>\n<meta property=\"article:modified_time\" content=\"2026-03-22T14:13:28+00:00\" \/>\n<meta property=\"og:image\" content=\"https:\/\/svetslik.si\/wp-content\/uploads\/2023\/03\/abstraktne-slike-E110.jpg\" \/>\n\t<meta property=\"og:image:width\" content=\"500\" \/>\n\t<meta property=\"og:image:height\" content=\"1000\" \/>\n\t<meta property=\"og:image:type\" content=\"image\/jpeg\" \/>\n<meta name=\"twitter:card\" content=\"summary_large_image\" \/>\n<meta name=\"twitter:site\" content=\"@svetslik\" \/>\n<meta name=\"twitter:label1\" content=\"El\u00e9rhet\u0151s\u00e9g\" \/>\n\t<meta name=\"twitter:data1\" content=\"Beszerz\u00e9s alatt\" \/>\n<script type=\"application\/ld+json\" class=\"yoast-schema-graph\">{\"@context\":\"https:\/\/schema.org\",\"@graph\":[{\"@type\":[\"WebPage\",\"ItemPage\"],\"@id\":\"https:\/\/svetslik.si\/hu\/vaszonkepek-egyseges\/absztrakt-festmeny-e110\/\",\"url\":\"https:\/\/svetslik.si\/hu\/vaszonkepek-egyseges\/absztrakt-festmeny-e110\/\",\"name\":\"Absztrakt festm\u00e9ny - E110 - SVETSLIK.SI - 100% k\u00e9zzel festett\",\"isPartOf\":{\"@id\":\"https:\/\/svetslik.si\/hu\/#website\"},\"primaryImageOfPage\":{\"@id\":\"https:\/\/svetslik.si\/hu\/vaszonkepek-egyseges\/absztrakt-festmeny-e110\/#primaryimage\"},\"image\":{\"@id\":\"https:\/\/svetslik.si\/hu\/vaszonkepek-egyseges\/absztrakt-festmeny-e110\/#primaryimage\"},\"thumbnailUrl\":\"https:\/\/svetslik.si\/wp-content\/uploads\/2023\/03\/abstraktne-slike-E110.jpg\",\"datePublished\":\"2023-03-07T13:25:49+00:00\",\"dateModified\":\"2026-03-22T14:13:28+00:00\",\"description\":\"Absztrakt festm\u00e9ny - E110 - 100% k\u00e9zzel festett v\u00e1szonfestm\u00e9nyek. Festm\u00e9nyek elad\u00e1sa - moderne festm\u00e9nyek, absztrakt festm\u00e9nyek, olajfestm\u00e9nyek, egyedi rendel\u00e9sre k\u00e9sz\u00edtett festm\u00e9nyek \u00e9s k\u00e9pkeretez\u00e9s.\",\"breadcrumb\":{\"@id\":\"https:\/\/svetslik.si\/hu\/vaszonkepek-egyseges\/absztrakt-festmeny-e110\/#breadcrumb\"},\"inLanguage\":\"hu\",\"potentialAction\":[{\"@type\":\"ReadAction\",\"target\":[\"https:\/\/svetslik.si\/hu\/vaszonkepek-egyseges\/absztrakt-festmeny-e110\/\"]}]},{\"@type\":\"ImageObject\",\"inLanguage\":\"hu\",\"@id\":\"https:\/\/svetslik.si\/hu\/vaszonkepek-egyseges\/absztrakt-festmeny-e110\/#primaryimage\",\"url\":\"https:\/\/svetslik.si\/wp-content\/uploads\/2023\/03\/abstraktne-slike-E110.jpg\",\"contentUrl\":\"https:\/\/svetslik.si\/wp-content\/uploads\/2023\/03\/abstraktne-slike-E110.jpg\",\"width\":500,\"height\":1000,\"caption\":\"Absztrakt festm\u00e9ny - E110\"},{\"@type\":\"BreadcrumbList\",\"@id\":\"https:\/\/svetslik.si\/hu\/vaszonkepek-egyseges\/absztrakt-festmeny-e110\/#breadcrumb\",\"itemListElement\":[{\"@type\":\"ListItem\",\"position\":1,\"name\":\"Wall art and paintings on canvas\",\"item\":\"https:\/\/svetslik.si\/hu\/\"},{\"@type\":\"ListItem\",\"position\":2,\"name\":\"Festm\u00e9nyek elad\u00e1sa\",\"item\":\"https:\/\/svetslik.si\/prodaja-slik\/\"},{\"@type\":\"ListItem\",\"position\":3,\"name\":\"Absztrakt festm\u00e9ny &#8211; E110\"}]},{\"@type\":\"WebSite\",\"@id\":\"https:\/\/svetslik.si\/hu\/#website\",\"url\":\"https:\/\/svetslik.si\/hu\/\",\"name\":\"SVETSLIK.SI\",\"description\":\"100%-ban k\u00e9zzel festett reprodukci\u00f3k h\u00edres fest\u0151k festm\u00e9nyeir\u0151l \u00e9s festm\u00e9nyekr\u0151l v\u00e1szonra.\",\"publisher\":{\"@id\":\"https:\/\/svetslik.si\/hu\/#organization\"},\"potentialAction\":[{\"@type\":\"SearchAction\",\"target\":{\"@type\":\"EntryPoint\",\"urlTemplate\":\"https:\/\/svetslik.si\/hu\/?s={search_term_string}\"},\"query-input\":{\"@type\":\"PropertyValueSpecification\",\"valueRequired\":true,\"valueName\":\"search_term_string\"}}],\"inLanguage\":\"hu\"},{\"@type\":\"Organization\",\"@id\":\"https:\/\/svetslik.si\/hu\/#organization\",\"name\":\"SvetSlik.si\",\"url\":\"https:\/\/svetslik.si\/hu\/\",\"logo\":{\"@type\":\"ImageObject\",\"inLanguage\":\"hu\",\"@id\":\"https:\/\/svetslik.si\/hu\/#\/schema\/logo\/image\/\",\"url\":\"https:\/\/svetslik.si\/wp-content\/uploads\/2020\/12\/logo-512.png\",\"contentUrl\":\"https:\/\/svetslik.si\/wp-content\/uploads\/2020\/12\/logo-512.png\",\"width\":512,\"height\":512,\"caption\":\"SvetSlik.si\"},\"image\":{\"@id\":\"https:\/\/svetslik.si\/hu\/#\/schema\/logo\/image\/\"},\"sameAs\":[\"https:\/\/www.facebook.com\/svetslik.si\",\"https:\/\/x.com\/svetslik\",\"https:\/\/www.instagram.com\/svetslik.si\/\",\"https:\/\/www.linkedin.com\/company\/svetslik-si\"]}]}<\/script>\n<meta property=\"og:availability\" content=\"backorder\" \/>\n<meta property=\"product:availability\" content=\"available for order\" \/>\n<meta property=\"product:retailer_item_id\" content=\"1113__-1\" \/>\n<meta property=\"product:condition\" content=\"new\" \/>\n<!-- \/ Yoast SEO Premium plugin. -->","yoast_head_json":{"title":"Absztrakt festm\u00e9ny - E110 - SVETSLIK.SI - 100% k\u00e9zzel festett","description":"Absztrakt festm\u00e9ny - E110 - 100% k\u00e9zzel festett v\u00e1szonfestm\u00e9nyek. Festm\u00e9nyek elad\u00e1sa - moderne festm\u00e9nyek, absztrakt festm\u00e9nyek, olajfestm\u00e9nyek, egyedi rendel\u00e9sre k\u00e9sz\u00edtett festm\u00e9nyek \u00e9s k\u00e9pkeretez\u00e9s.","robots":{"index":"index","follow":"follow","max-snippet":"max-snippet:-1","max-image-preview":"max-image-preview:large","max-video-preview":"max-video-preview:-1"},"canonical":"https:\/\/svetslik.si\/hu\/vaszonkepek-egyseges\/absztrakt-festmeny-e110\/","og_locale":"hu_HU","og_type":"article","og_title":"Absztrakt festm\u00e9ny - E110","og_description":"100% ro\u010dno naslikane slike na platnu, reprodukcije znanih slikarjev in umetni\u0161ke slike po naro\u010dilu.","og_url":"https:\/\/svetslik.si\/hu\/vaszonkepek-egyseges\/absztrakt-festmeny-e110\/","og_site_name":"SVETSLIK.SI","article_publisher":"https:\/\/www.facebook.com\/svetslik.si","article_modified_time":"2026-03-22T14:13:28+00:00","og_image":[{"width":500,"height":1000,"url":"https:\/\/svetslik.si\/wp-content\/uploads\/2023\/03\/abstraktne-slike-E110.jpg","type":"image\/jpeg"}],"twitter_card":"summary_large_image","twitter_site":"@svetslik","twitter_misc":{"El\u00e9rhet\u0151s\u00e9g":"Beszerz\u00e9s alatt"},"schema":{"@context":"https:\/\/schema.org","@graph":[{"@type":["WebPage","ItemPage"],"@id":"https:\/\/svetslik.si\/hu\/vaszonkepek-egyseges\/absztrakt-festmeny-e110\/","url":"https:\/\/svetslik.si\/hu\/vaszonkepek-egyseges\/absztrakt-festmeny-e110\/","name":"Absztrakt festm\u00e9ny - E110 - SVETSLIK.SI - 100% k\u00e9zzel festett","isPartOf":{"@id":"https:\/\/svetslik.si\/hu\/#website"},"primaryImageOfPage":{"@id":"https:\/\/svetslik.si\/hu\/vaszonkepek-egyseges\/absztrakt-festmeny-e110\/#primaryimage"},"image":{"@id":"https:\/\/svetslik.si\/hu\/vaszonkepek-egyseges\/absztrakt-festmeny-e110\/#primaryimage"},"thumbnailUrl":"https:\/\/svetslik.si\/wp-content\/uploads\/2023\/03\/abstraktne-slike-E110.jpg","datePublished":"2023-03-07T13:25:49+00:00","dateModified":"2026-03-22T14:13:28+00:00","description":"Absztrakt festm\u00e9ny - E110 - 100% k\u00e9zzel festett v\u00e1szonfestm\u00e9nyek. Festm\u00e9nyek elad\u00e1sa - moderne festm\u00e9nyek, absztrakt festm\u00e9nyek, olajfestm\u00e9nyek, egyedi rendel\u00e9sre k\u00e9sz\u00edtett festm\u00e9nyek \u00e9s k\u00e9pkeretez\u00e9s.","breadcrumb":{"@id":"https:\/\/svetslik.si\/hu\/vaszonkepek-egyseges\/absztrakt-festmeny-e110\/#breadcrumb"},"inLanguage":"hu","potentialAction":[{"@type":"ReadAction","target":["https:\/\/svetslik.si\/hu\/vaszonkepek-egyseges\/absztrakt-festmeny-e110\/"]}]},{"@type":"ImageObject","inLanguage":"hu","@id":"https:\/\/svetslik.si\/hu\/vaszonkepek-egyseges\/absztrakt-festmeny-e110\/#primaryimage","url":"https:\/\/svetslik.si\/wp-content\/uploads\/2023\/03\/abstraktne-slike-E110.jpg","contentUrl":"https:\/\/svetslik.si\/wp-content\/uploads\/2023\/03\/abstraktne-slike-E110.jpg","width":500,"height":1000,"caption":"Absztrakt festm\u00e9ny - E110"},{"@type":"BreadcrumbList","@id":"https:\/\/svetslik.si\/hu\/vaszonkepek-egyseges\/absztrakt-festmeny-e110\/#breadcrumb","itemListElement":[{"@type":"ListItem","position":1,"name":"Wall art and paintings on canvas","item":"https:\/\/svetslik.si\/hu\/"},{"@type":"ListItem","position":2,"name":"Festm\u00e9nyek elad\u00e1sa","item":"https:\/\/svetslik.si\/prodaja-slik\/"},{"@type":"ListItem","position":3,"name":"Absztrakt festm\u00e9ny &#8211; E110"}]},{"@type":"WebSite","@id":"https:\/\/svetslik.si\/hu\/#website","url":"https:\/\/svetslik.si\/hu\/","name":"SVETSLIK.SI","description":"100%-ban k\u00e9zzel festett reprodukci\u00f3k h\u00edres fest\u0151k festm\u00e9nyeir\u0151l \u00e9s festm\u00e9nyekr\u0151l v\u00e1szonra.","publisher":{"@id":"https:\/\/svetslik.si\/hu\/#organization"},"potentialAction":[{"@type":"SearchAction","target":{"@type":"EntryPoint","urlTemplate":"https:\/\/svetslik.si\/hu\/?s={search_term_string}"},"query-input":{"@type":"PropertyValueSpecification","valueRequired":true,"valueName":"search_term_string"}}],"inLanguage":"hu"},{"@type":"Organization","@id":"https:\/\/svetslik.si\/hu\/#organization","name":"SvetSlik.si","url":"https:\/\/svetslik.si\/hu\/","logo":{"@type":"ImageObject","inLanguage":"hu","@id":"https:\/\/svetslik.si\/hu\/#\/schema\/logo\/image\/","url":"https:\/\/svetslik.si\/wp-content\/uploads\/2020\/12\/logo-512.png","contentUrl":"https:\/\/svetslik.si\/wp-content\/uploads\/2020\/12\/logo-512.png","width":512,"height":512,"caption":"SvetSlik.si"},"image":{"@id":"https:\/\/svetslik.si\/hu\/#\/schema\/logo\/image\/"},"sameAs":["https:\/\/www.facebook.com\/svetslik.si","https:\/\/x.com\/svetslik","https:\/\/www.instagram.com\/svetslik.si\/","https:\/\/www.linkedin.com\/company\/svetslik-si"]}]},"og_availability":"backorder","product_availability":"available for order","product_retailer_item_id":"1113__-1","product_condition":"new"},"jetpack_sharing_enabled":true,"_links":{"self":[{"href":"https:\/\/svetslik.si\/hu\/wp-json\/wp\/v2\/product\/61936","targetHints":{"allow":["GET"]}}],"collection":[{"href":"https:\/\/svetslik.si\/hu\/wp-json\/wp\/v2\/product"}],"about":[{"href":"https:\/\/svetslik.si\/hu\/wp-json\/wp\/v2\/types\/product"}],"wp:featuredmedia":[{"embeddable":true,"href":"https:\/\/svetslik.si\/hu\/wp-json\/wp\/v2\/media\/51711"}],"wp:attachment":[{"href":"https:\/\/svetslik.si\/hu\/wp-json\/wp\/v2\/media?parent=61936"}],"wp:term":[{"taxonomy":"product_brand","embeddable":true,"href":"https:\/\/svetslik.si\/hu\/wp-json\/wp\/v2\/product_brand?post=61936"},{"taxonomy":"product_cat","embeddable":true,"href":"https:\/\/svetslik.si\/hu\/wp-json\/wp\/v2\/product_cat?post=61936"},{"taxonomy":"product_tag","embeddable":true,"href":"https:\/\/svetslik.si\/hu\/wp-json\/wp\/v2\/product_tag?post=61936"}],"curies":[{"name":"wp","href":"https:\/\/api.w.org\/{rel}","templated":true}]}}