{"id":37608,"date":"2020-12-04T18:01:27","date_gmt":"2020-12-04T17:01:27","guid":{"rendered":"https:\/\/svetslik.si\/posizionare-lquadri-nella-stanza\/"},"modified":"2024-07-14T15:32:08","modified_gmt":"2024-07-14T13:32:08","slug":"posizionare-lquadri-nella-stanza","status":"publish","type":"page","link":"https:\/\/svetslik.si\/it\/posizionare-lquadri-nella-stanza\/","title":{"rendered":"Visualizzazione i quadri sulla parete"},"content":{"rendered":"<div class=\"wpb-content-wrapper\">[vc_row et_full_width=&#8221;true&#8221; et_row_padding=&#8221;true&#8221; css=&#8221;.vc_custom_1580673315753{padding-top: 8vh !important;padding-bottom: 8vh !important;background-color: #f6f6f6 !important;}&#8221;][vc_column css=&#8221;.vc_custom_1638288335457{background-color: #f6f6f6 !important;}&#8221;][vc_row_inner][vc_column_inner][vc_column_text animation=&#8221;animation bottom-to-top&#8221; css=&#8221;.vc_custom_1638288379492{margin-bottom: 0px !important;}&#8221;]\n<div style=\"text-align: center;\">\n<h5 class=\"fancy-tag light-color\">Aiuto con l&#8217;acquisto<\/h5>\n<\/div>\n<h1 style=\"text-align: center;\">Visualizzazione al computer di l&#8217;quadri sulla parete<\/h1>\n[\/vc_column_text][\/vc_column_inner][\/vc_row_inner][vc_row_inner et_column_align=&#8221;align-center&#8221;][vc_column_inner animation=&#8221;animation bottom-to-top&#8221; offset=&#8221;vc_col-lg-9&#8243;][vc_empty_space]\t<div class=\"et-image-741 et-image     et_image_link\">\n\t\t<div class=\"et-image-inner \">\n\t\t\t\t\t\t\t<div class=\"et-image-thumb \">\n\t\t\t\t\t<img decoding=\"async\" width=\"600\" height=\"450\" src=\"https:\/\/svetslik.si\/wp-content\/uploads\/2023\/05\/quadri-moderni-4.webp\" class=\"attachment-full\" alt=\"Quadri su tela - Riproduzioni dipinte al 100% a mano di pittori e quadri d&#039;arte.\" title=\"Quadri su tela - Riproduzioni dipinte al 100% a mano di pittori e quadri d&#039;arte.\" srcset=\"https:\/\/svetslik.si\/wp-content\/uploads\/2023\/05\/quadri-moderni-4.webp 600w, https:\/\/svetslik.si\/wp-content\/uploads\/2023\/05\/quadri-moderni-4-300x225.webp 300w, https:\/\/svetslik.si\/wp-content\/uploads\/2023\/05\/quadri-moderni-4-150x113.webp 150w\" sizes=\"(max-width: 600px) 100vw, 600px\" \/>\t\t\t\t<\/div>\n\t\t\t\t\t\t\t\t\t\t\t<\/div>\n\t<\/div>\n  [vc_empty_space][\/vc_column_inner][\/vc_row_inner][vc_row_inner content_placement=&#8221;middle&#8221;][vc_column_inner animation=&#8221;animation bottom-to-top&#8221;][vc_column_text css=&#8221;.vc_custom_1638432073337{margin-bottom: 0px !important;}&#8221;]\n<div style=\"text-align: center;\"><\/div>\n<p style=\"text-align: center;\">On riesci a immaginare come appariranno i quadri nella tua stanza?<\/p>\n<p style=\"text-align: center;\">Posso inserire digitalmente le tue opere d&#8217;arte in una foto di una stanza o di una parete.<\/p>\n<p style=\"text-align: center;\">Scrivici a info@svetslik.si e inviaci una foto della stanza e una selezione di quadri che dovremmo inserire.<\/p>\n[\/vc_column_text][vc_empty_space][\/vc_column_inner][\/vc_row_inner][vc_row_inner et_max_width=&#8221;&#8221; et_column_align=&#8221;align-right&#8221; content_placement=&#8221;middle&#8221;][vc_column_inner animation=&#8221;animation bottom-to-top&#8221;]\t<div id=\"et-icon-holder-114\" class=\"et-icon-holder row center- lg-block-grid-1 md-block-grid-1 block-grid-1 \">\n\t\t\r\n\t<div id=\"et-iconbox-283\" class=\"et-iconbox layout-centered icon-style-simple bottom-spacing-none icon-color- text-color- animation bottom-to-top \"> \r\n\t\t<div class=\"et-icon-inner\">\r\n\t\t\t\t\t\t<figure class=\"et-feature-icon\">\r\n\t\t\t\t\t\t\t\t<span class=\"pe-7f-chat\"><\/span>\r\n\t\t\t\t\t\t\t<\/figure>\r\n\t\t\t\t\t\t<div class=\"et-feature-content\"> \r\n\t\t\t\t\t\t\t\t\t\t\t\t\t\t\t\t\t<h4 class=\"title\">Contattateci<\/h4>\r\n\t\t\t\t\t\t\t\t\t\t\t\t<div class=\"wpb_text_column\"><p><a href=\"mailto:info@svetslik.si\">info@svetslik.si<\/a><\/p>\n<\/div>\r\n\t\t\t<\/div>\r\n\t\t<\/div>\r\n\t<\/div>\r\n\r\n\t\t<\/div>\n\t[\/vc_column_inner][\/vc_row_inner][vc_row_inner et_column_align=&#8221;align-center&#8221; content_placement=&#8221;middle&#8221;][vc_column_inner animation=&#8221;animation bottom-to-top&#8221; offset=&#8221;vc_col-lg-9&#8243;][vc_empty_space]\t<div id=\"et-image-slider-348\" class=\"et-image-slider slick slick-slider slick-dotted slick-dots-centered centered  overflow-visible \" data-adaptive-height=\"false\" variable-width=\"true\" data-pagination=\"true\" data-navigation=\"true\" data-center=\"true\" data-fade=\"\" data-columns=\"1\" data-infinite=\"true\" data-autoplay=\"true\" data-autoplay-speed=\"\" data-pause=\"\">\n\t\t\n\t\t\t\t\t<div class=\"gallery-item\">\n\t\t\t\t\t\t\t\t\t\t\t\t\t<div class=\"et-image-inner\">\n\t\t\t\t\t\t\t\t<div class=\"et_image_slider-wrapper\"><img decoding=\"async\" width=\"1024\" height=\"768\" src=\"https:\/\/svetslik.si\/wp-content\/uploads\/2023\/03\/stenske-slike-vizualizacija-1024x768.jpg\" class=\"et_image_slider-img attachment-large\" alt=\"Stenske slike - visualizzazione\" title=\"Stenske slike - visualizzazione\" srcset=\"https:\/\/svetslik.si\/wp-content\/uploads\/2023\/03\/stenske-slike-vizualizacija-1024x768.jpg 1024w, https:\/\/svetslik.si\/wp-content\/uploads\/2023\/03\/stenske-slike-vizualizacija-scaled-600x450.jpg 600w, https:\/\/svetslik.si\/wp-content\/uploads\/2023\/03\/stenske-slike-vizualizacija-scaled-1200x900.jpg 1200w, https:\/\/svetslik.si\/wp-content\/uploads\/2023\/03\/stenske-slike-vizualizacija-300x225.jpg 300w, https:\/\/svetslik.si\/wp-content\/uploads\/2023\/03\/stenske-slike-vizualizacija-768x576.jpg 768w, https:\/\/svetslik.si\/wp-content\/uploads\/2023\/03\/stenske-slike-vizualizacija-1536x1152.jpg 1536w, https:\/\/svetslik.si\/wp-content\/uploads\/2023\/03\/stenske-slike-vizualizacija-2048x1536.jpg 2048w, https:\/\/svetslik.si\/wp-content\/uploads\/2023\/03\/stenske-slike-vizualizacija-16x12.jpg 16w, https:\/\/svetslik.si\/wp-content\/uploads\/2023\/03\/stenske-slike-vizualizacija-150x113.jpg 150w\" sizes=\"(max-width: 1024px) 100vw, 1024px\" \/><\/div>\t\t\t\t\t\t\t\t\t\t\t\t\t\t\t\t\t\t\t\t\t\t\t<\/div>\n\t\t\t\t\t\t\t\t\t\t\t<\/div>\n\t\t\t\t\n\t\t\t\t\n\t\t\t\t\t<div class=\"gallery-item\">\n\t\t\t\t\t\t\t\t\t\t\t\t\t<div class=\"et-image-inner\">\n\t\t\t\t\t\t\t\t<div class=\"et_image_slider-wrapper\"><img decoding=\"async\" width=\"1024\" height=\"768\" src=\"https:\/\/svetslik.si\/wp-content\/uploads\/2023\/03\/stenske-slike-vizualizacija1-1024x768.jpg\" class=\"et_image_slider-img attachment-large\" alt=\"Stenske slike - visualizzazione\" title=\"Stenske slike - visualizzazione\" srcset=\"https:\/\/svetslik.si\/wp-content\/uploads\/2023\/03\/stenske-slike-vizualizacija1-1024x768.jpg 1024w, https:\/\/svetslik.si\/wp-content\/uploads\/2023\/03\/stenske-slike-vizualizacija1-scaled-600x450.jpg 600w, https:\/\/svetslik.si\/wp-content\/uploads\/2023\/03\/stenske-slike-vizualizacija1-scaled-1200x900.jpg 1200w, https:\/\/svetslik.si\/wp-content\/uploads\/2023\/03\/stenske-slike-vizualizacija1-300x225.jpg 300w, https:\/\/svetslik.si\/wp-content\/uploads\/2023\/03\/stenske-slike-vizualizacija1-768x576.jpg 768w, https:\/\/svetslik.si\/wp-content\/uploads\/2023\/03\/stenske-slike-vizualizacija1-1536x1152.jpg 1536w, https:\/\/svetslik.si\/wp-content\/uploads\/2023\/03\/stenske-slike-vizualizacija1-2048x1536.jpg 2048w, https:\/\/svetslik.si\/wp-content\/uploads\/2023\/03\/stenske-slike-vizualizacija1-16x12.jpg 16w, https:\/\/svetslik.si\/wp-content\/uploads\/2023\/03\/stenske-slike-vizualizacija1-150x113.jpg 150w\" sizes=\"(max-width: 1024px) 100vw, 1024px\" \/><\/div>\t\t\t\t\t\t\t\t\t\t\t\t\t\t\t\t\t\t\t\t\t\t\t<\/div>\n\t\t\t\t\t\t\t\t\t\t\t<\/div>\n\t\t\t\t\n\t\t\t\t\n\t\t\t\t\t<div class=\"gallery-item\">\n\t\t\t\t\t\t\t\t\t\t\t\t\t<div class=\"et-image-inner\">\n\t\t\t\t\t\t\t\t<div class=\"et_image_slider-wrapper\"><img decoding=\"async\" width=\"1024\" height=\"768\" src=\"https:\/\/svetslik.si\/wp-content\/uploads\/2023\/03\/stenske-slike-vizualizacija2-1024x768.jpg\" class=\"et_image_slider-img attachment-large\" alt=\"Stenske slike - visualizzazione\" title=\"Stenske slike - visualizzazione\" srcset=\"https:\/\/svetslik.si\/wp-content\/uploads\/2023\/03\/stenske-slike-vizualizacija2-1024x768.jpg 1024w, https:\/\/svetslik.si\/wp-content\/uploads\/2023\/03\/stenske-slike-vizualizacija2-scaled-600x450.jpg 600w, https:\/\/svetslik.si\/wp-content\/uploads\/2023\/03\/stenske-slike-vizualizacija2-scaled-1200x900.jpg 1200w, https:\/\/svetslik.si\/wp-content\/uploads\/2023\/03\/stenske-slike-vizualizacija2-300x225.jpg 300w, https:\/\/svetslik.si\/wp-content\/uploads\/2023\/03\/stenske-slike-vizualizacija2-768x576.jpg 768w, https:\/\/svetslik.si\/wp-content\/uploads\/2023\/03\/stenske-slike-vizualizacija2-1536x1152.jpg 1536w, https:\/\/svetslik.si\/wp-content\/uploads\/2023\/03\/stenske-slike-vizualizacija2-2048x1536.jpg 2048w, https:\/\/svetslik.si\/wp-content\/uploads\/2023\/03\/stenske-slike-vizualizacija2-16x12.jpg 16w, https:\/\/svetslik.si\/wp-content\/uploads\/2023\/03\/stenske-slike-vizualizacija2-150x113.jpg 150w\" sizes=\"(max-width: 1024px) 100vw, 1024px\" \/><\/div>\t\t\t\t\t\t\t\t\t\t\t\t\t\t\t\t\t\t\t\t\t\t\t<\/div>\n\t\t\t\t\t\t\t\t\t\t\t<\/div>\n\t\t\t\t\n\t\t\t\t\n\t\t\t\t\t<div class=\"gallery-item\">\n\t\t\t\t\t\t\t\t\t\t\t\t\t<div class=\"et-image-inner\">\n\t\t\t\t\t\t\t\t<div class=\"et_image_slider-wrapper\"><img decoding=\"async\" width=\"1024\" height=\"768\" src=\"https:\/\/svetslik.si\/wp-content\/uploads\/2023\/03\/stenske-slike-vizualizacija3-1024x768.jpg\" class=\"et_image_slider-img attachment-large\" alt=\"Stenske slike - visualizzazione\" title=\"Stenske slike - visualizzazione\" srcset=\"https:\/\/svetslik.si\/wp-content\/uploads\/2023\/03\/stenske-slike-vizualizacija3-1024x768.jpg 1024w, https:\/\/svetslik.si\/wp-content\/uploads\/2023\/03\/stenske-slike-vizualizacija3-scaled-600x450.jpg 600w, https:\/\/svetslik.si\/wp-content\/uploads\/2023\/03\/stenske-slike-vizualizacija3-scaled-1200x900.jpg 1200w, https:\/\/svetslik.si\/wp-content\/uploads\/2023\/03\/stenske-slike-vizualizacija3-300x225.jpg 300w, https:\/\/svetslik.si\/wp-content\/uploads\/2023\/03\/stenske-slike-vizualizacija3-768x576.jpg 768w, https:\/\/svetslik.si\/wp-content\/uploads\/2023\/03\/stenske-slike-vizualizacija3-1536x1152.jpg 1536w, https:\/\/svetslik.si\/wp-content\/uploads\/2023\/03\/stenske-slike-vizualizacija3-2048x1536.jpg 2048w, https:\/\/svetslik.si\/wp-content\/uploads\/2023\/03\/stenske-slike-vizualizacija3-16x12.jpg 16w, https:\/\/svetslik.si\/wp-content\/uploads\/2023\/03\/stenske-slike-vizualizacija3-150x113.jpg 150w\" sizes=\"(max-width: 1024px) 100vw, 1024px\" \/><\/div>\t\t\t\t\t\t\t\t\t\t\t\t\t\t\t\t\t\t\t\t\t\t\t<\/div>\n\t\t\t\t\t\t\t\t\t\t\t<\/div>\n\t\t\t\t\n\t\t\t\t\n\t\t\t\t\t<div class=\"gallery-item\">\n\t\t\t\t\t\t\t\t\t\t\t\t\t<div class=\"et-image-inner\">\n\t\t\t\t\t\t\t\t<div class=\"et_image_slider-wrapper\"><img decoding=\"async\" width=\"1024\" height=\"768\" src=\"https:\/\/svetslik.si\/wp-content\/uploads\/2023\/03\/stenske-slike-vizualizacija4-1024x768.jpg\" class=\"et_image_slider-img attachment-large\" alt=\"Stenske slike - visualizzazione\" title=\"Stenske slike - visualizzazione\" srcset=\"https:\/\/svetslik.si\/wp-content\/uploads\/2023\/03\/stenske-slike-vizualizacija4-1024x768.jpg 1024w, https:\/\/svetslik.si\/wp-content\/uploads\/2023\/03\/stenske-slike-vizualizacija4-scaled-600x450.jpg 600w, https:\/\/svetslik.si\/wp-content\/uploads\/2023\/03\/stenske-slike-vizualizacija4-scaled-1200x900.jpg 1200w, https:\/\/svetslik.si\/wp-content\/uploads\/2023\/03\/stenske-slike-vizualizacija4-300x225.jpg 300w, https:\/\/svetslik.si\/wp-content\/uploads\/2023\/03\/stenske-slike-vizualizacija4-768x576.jpg 768w, https:\/\/svetslik.si\/wp-content\/uploads\/2023\/03\/stenske-slike-vizualizacija4-1536x1152.jpg 1536w, https:\/\/svetslik.si\/wp-content\/uploads\/2023\/03\/stenske-slike-vizualizacija4-2048x1536.jpg 2048w, https:\/\/svetslik.si\/wp-content\/uploads\/2023\/03\/stenske-slike-vizualizacija4-16x12.jpg 16w, https:\/\/svetslik.si\/wp-content\/uploads\/2023\/03\/stenske-slike-vizualizacija4-150x113.jpg 150w\" sizes=\"(max-width: 1024px) 100vw, 1024px\" \/><\/div>\t\t\t\t\t\t\t\t\t\t\t\t\t\t\t\t\t\t\t\t\t\t\t<\/div>\n\t\t\t\t\t\t\t\t\t\t\t<\/div>\n\t\t\t\t\n\t\t\t\t\n\t\t\t\t\t<div class=\"gallery-item\">\n\t\t\t\t\t\t\t\t\t\t\t\t\t<div class=\"et-image-inner\">\n\t\t\t\t\t\t\t\t<div class=\"et_image_slider-wrapper\"><img decoding=\"async\" width=\"1024\" height=\"768\" src=\"https:\/\/svetslik.si\/wp-content\/uploads\/2023\/03\/stenske-slike-vizualizacija5-1024x768.jpg\" class=\"et_image_slider-img attachment-large\" alt=\"Stenske slike - visualizzazione\" title=\"Stenske slike - visualizzazione\" srcset=\"https:\/\/svetslik.si\/wp-content\/uploads\/2023\/03\/stenske-slike-vizualizacija5-1024x768.jpg 1024w, https:\/\/svetslik.si\/wp-content\/uploads\/2023\/03\/stenske-slike-vizualizacija5-scaled-600x450.jpg 600w, https:\/\/svetslik.si\/wp-content\/uploads\/2023\/03\/stenske-slike-vizualizacija5-scaled-1200x900.jpg 1200w, https:\/\/svetslik.si\/wp-content\/uploads\/2023\/03\/stenske-slike-vizualizacija5-300x225.jpg 300w, https:\/\/svetslik.si\/wp-content\/uploads\/2023\/03\/stenske-slike-vizualizacija5-768x576.jpg 768w, https:\/\/svetslik.si\/wp-content\/uploads\/2023\/03\/stenske-slike-vizualizacija5-1536x1152.jpg 1536w, https:\/\/svetslik.si\/wp-content\/uploads\/2023\/03\/stenske-slike-vizualizacija5-2048x1536.jpg 2048w, https:\/\/svetslik.si\/wp-content\/uploads\/2023\/03\/stenske-slike-vizualizacija5-16x12.jpg 16w, https:\/\/svetslik.si\/wp-content\/uploads\/2023\/03\/stenske-slike-vizualizacija5-150x113.jpg 150w\" sizes=\"(max-width: 1024px) 100vw, 1024px\" \/><\/div>\t\t\t\t\t\t\t\t\t\t\t\t\t\t\t\t\t\t\t\t\t\t\t<\/div>\n\t\t\t\t\t\t\t\t\t\t\t<\/div>\n\t\t\t\t\n\t\t\t\t\n\t\t\t\t\t<div class=\"gallery-item\">\n\t\t\t\t\t\t\t\t\t\t\t\t\t<div class=\"et-image-inner\">\n\t\t\t\t\t\t\t\t<div class=\"et_image_slider-wrapper\"><img decoding=\"async\" width=\"1024\" height=\"768\" src=\"https:\/\/svetslik.si\/wp-content\/uploads\/2023\/03\/stenske-slike-vizualizacija6-1024x768.jpg\" class=\"et_image_slider-img attachment-large\" alt=\"Stenske slike - visualizzazione\" title=\"Stenske slike - visualizzazione\" srcset=\"https:\/\/svetslik.si\/wp-content\/uploads\/2023\/03\/stenske-slike-vizualizacija6-1024x768.jpg 1024w, https:\/\/svetslik.si\/wp-content\/uploads\/2023\/03\/stenske-slike-vizualizacija6-scaled-600x450.jpg 600w, https:\/\/svetslik.si\/wp-content\/uploads\/2023\/03\/stenske-slike-vizualizacija6-scaled-1200x900.jpg 1200w, https:\/\/svetslik.si\/wp-content\/uploads\/2023\/03\/stenske-slike-vizualizacija6-300x225.jpg 300w, https:\/\/svetslik.si\/wp-content\/uploads\/2023\/03\/stenske-slike-vizualizacija6-768x576.jpg 768w, https:\/\/svetslik.si\/wp-content\/uploads\/2023\/03\/stenske-slike-vizualizacija6-1536x1152.jpg 1536w, https:\/\/svetslik.si\/wp-content\/uploads\/2023\/03\/stenske-slike-vizualizacija6-2048x1536.jpg 2048w, https:\/\/svetslik.si\/wp-content\/uploads\/2023\/03\/stenske-slike-vizualizacija6-16x12.jpg 16w, https:\/\/svetslik.si\/wp-content\/uploads\/2023\/03\/stenske-slike-vizualizacija6-150x113.jpg 150w\" sizes=\"(max-width: 1024px) 100vw, 1024px\" \/><\/div>\t\t\t\t\t\t\t\t\t\t\t\t\t\t\t\t\t\t\t\t\t\t\t<\/div>\n\t\t\t\t\t\t\t\t\t\t\t<\/div>\n\t\t\t\t\n\t\t\t\t\n\t\t\t\t\t<div class=\"gallery-item\">\n\t\t\t\t\t\t\t\t\t\t\t\t\t<div class=\"et-image-inner\">\n\t\t\t\t\t\t\t\t<div class=\"et_image_slider-wrapper\"><img decoding=\"async\" width=\"1024\" height=\"768\" src=\"https:\/\/svetslik.si\/wp-content\/uploads\/2023\/03\/stenske-slike-vizualizacija7-1024x768.jpg\" class=\"et_image_slider-img attachment-large\" alt=\"Stenske slike - visualizzazione\" title=\"Stenske slike - visualizzazione\" srcset=\"https:\/\/svetslik.si\/wp-content\/uploads\/2023\/03\/stenske-slike-vizualizacija7-1024x768.jpg 1024w, https:\/\/svetslik.si\/wp-content\/uploads\/2023\/03\/stenske-slike-vizualizacija7-scaled-600x450.jpg 600w, https:\/\/svetslik.si\/wp-content\/uploads\/2023\/03\/stenske-slike-vizualizacija7-scaled-1200x900.jpg 1200w, https:\/\/svetslik.si\/wp-content\/uploads\/2023\/03\/stenske-slike-vizualizacija7-300x225.jpg 300w, https:\/\/svetslik.si\/wp-content\/uploads\/2023\/03\/stenske-slike-vizualizacija7-768x576.jpg 768w, https:\/\/svetslik.si\/wp-content\/uploads\/2023\/03\/stenske-slike-vizualizacija7-1536x1152.jpg 1536w, https:\/\/svetslik.si\/wp-content\/uploads\/2023\/03\/stenske-slike-vizualizacija7-2048x1536.jpg 2048w, https:\/\/svetslik.si\/wp-content\/uploads\/2023\/03\/stenske-slike-vizualizacija7-16x12.jpg 16w, https:\/\/svetslik.si\/wp-content\/uploads\/2023\/03\/stenske-slike-vizualizacija7-150x113.jpg 150w\" sizes=\"(max-width: 1024px) 100vw, 1024px\" \/><\/div>\t\t\t\t\t\t\t\t\t\t\t\t\t\t\t\t\t\t\t\t\t\t\t<\/div>\n\t\t\t\t\t\t\t\t\t\t\t<\/div>\n\t\t\t\t\n\t\t\t\t\t<\/div>\n\t[vc_empty_space][\/vc_column_inner][\/vc_row_inner][\/vc_column][\/vc_row]\n<\/div>","protected":false},"excerpt":{"rendered":"<p>[vc_row et_full_width=&#8221;true&#8221; et_row_padding=&#8221;true&#8221; css=&#8221;.vc_custom_1580673315753{padding-top: 8vh !important;padding-bottom: 8vh !important;background-color: #f6f6f6 !important;}&#8221;][vc_column css=&#8221;.vc_custom_1638288335457{background-color: #f6f6f6 !important;}&#8221;][vc_row_inner][vc_column_inner][vc_column_text animation=&#8221;animation bottom-to-top&#8221; css=&#8221;.vc_custom_1638288379492{margin-bottom: 0px !important;}&#8221;] Aiuto con l&#8217;acquisto Visualizzazione al computer di l&#8217;quadri sulla parete [\/vc_column_text][\/vc_column_inner][\/vc_row_inner][vc_row_inner et_column_align=&#8221;align-center&#8221;][vc_column_inner animation=&#8221;animation bottom-to-top&#8221; offset=&#8221;vc_col-lg-9&#8243;][vc_empty_space][vc_empty_space][\/vc_column_inner][\/vc_row_inner][vc_row_inner content_placement=&#8221;middle&#8221;][vc_column_inner animation=&#8221;animation bottom-to-top&#8221;][vc_column_text css=&#8221;.vc_custom_1638432073337{margin-bottom: 0px !important;}&#8221;] On riesci a immaginare come appariranno i quadri nella tua stanza? [&hellip;]<\/p>\n","protected":false},"author":1,"featured_media":0,"parent":0,"menu_order":0,"comment_status":"closed","ping_status":"closed","template":"","meta":{"_acf_changed":false,"footnotes":""},"class_list":["post-37608","page","type-page","status-publish","hentry"],"acf":[],"yoast_head":"<!-- This site is optimized with the Yoast SEO Premium plugin v26.0 (Yoast SEO v27.2) - https:\/\/yoast.com\/product\/yoast-seo-premium-wordpress\/ -->\n<title>Visualizzazione i quadri sulla parete - SVETSLIK.SI<\/title>\n<meta name=\"description\" content=\"Possiamo posizionare digitalmente i quadri nello spazio prima dell&#039;acquisto. In questo modo ti assicuri di aver scelto il quadro giusto e la sua dimensione.\" \/>\n<meta name=\"robots\" content=\"index, follow, max-snippet:-1, max-image-preview:large, max-video-preview:-1\" \/>\n<link rel=\"canonical\" href=\"https:\/\/svetslik.si\/it\/posizionare-lquadri-nella-stanza\/\" \/>\n<meta property=\"og:locale\" content=\"it_IT\" \/>\n<meta property=\"og:type\" content=\"article\" \/>\n<meta property=\"og:title\" content=\"Visualizzazione i quadri sulla parete - SVETSLIK.SI\" \/>\n<meta property=\"og:description\" content=\"100% ro\u010dno naslikane slike na platnu, reprodukcije znanih slikarjev in umetni\u0161ke slike po naro\u010dilu.\" \/>\n<meta property=\"og:url\" content=\"https:\/\/svetslik.si\/it\/posizionare-lquadri-nella-stanza\/\" \/>\n<meta property=\"og:site_name\" content=\"SVETSLIK.SI\" \/>\n<meta property=\"article:publisher\" content=\"https:\/\/www.facebook.com\/svetslik.si\" \/>\n<meta property=\"article:modified_time\" content=\"2024-07-14T13:32:08+00:00\" \/>\n<meta property=\"og:image\" content=\"https:\/\/svetslik.si\/wp-content\/uploads\/2023\/01\/svetslik.si_.jpg\" \/>\n\t<meta property=\"og:image:width\" content=\"1736\" \/>\n\t<meta property=\"og:image:height\" content=\"570\" \/>\n\t<meta property=\"og:image:type\" content=\"image\/jpeg\" \/>\n<meta name=\"twitter:card\" content=\"summary_large_image\" \/>\n<meta name=\"twitter:site\" content=\"@svetslik\" \/>\n<meta name=\"twitter:label1\" content=\"Tempo di lettura stimato\" \/>\n\t<meta name=\"twitter:data1\" content=\"1 minuto\" \/>\n<script type=\"application\/ld+json\" class=\"yoast-schema-graph\">{\"@context\":\"https:\/\/schema.org\",\"@graph\":[{\"@type\":\"WebPage\",\"@id\":\"https:\/\/svetslik.si\/it\/posizionare-lquadri-nella-stanza\/\",\"url\":\"https:\/\/svetslik.si\/it\/posizionare-lquadri-nella-stanza\/\",\"name\":\"Visualizzazione i quadri sulla parete - SVETSLIK.SI\",\"isPartOf\":{\"@id\":\"https:\/\/svetslik.si\/it\/#website\"},\"datePublished\":\"2020-12-04T17:01:27+00:00\",\"dateModified\":\"2024-07-14T13:32:08+00:00\",\"description\":\"Possiamo posizionare digitalmente i quadri nello spazio prima dell'acquisto. In questo modo ti assicuri di aver scelto il quadro giusto e la sua dimensione.\",\"breadcrumb\":{\"@id\":\"https:\/\/svetslik.si\/it\/posizionare-lquadri-nella-stanza\/#breadcrumb\"},\"inLanguage\":\"it-IT\",\"potentialAction\":[{\"@type\":\"ReadAction\",\"target\":[\"https:\/\/svetslik.si\/it\/posizionare-lquadri-nella-stanza\/\"]}]},{\"@type\":\"BreadcrumbList\",\"@id\":\"https:\/\/svetslik.si\/it\/posizionare-lquadri-nella-stanza\/#breadcrumb\",\"itemListElement\":[{\"@type\":\"ListItem\",\"position\":1,\"name\":\"Fali m\u0171v\u00e9szet \u00e9s festm\u00e9nyek v\u00e1szonra\",\"item\":\"https:\/\/svetslik.si\/it\/\"},{\"@type\":\"ListItem\",\"position\":2,\"name\":\"Visualizzazione i quadri sulla parete\"}]},{\"@type\":\"WebSite\",\"@id\":\"https:\/\/svetslik.si\/it\/#website\",\"url\":\"https:\/\/svetslik.si\/it\/\",\"name\":\"SVETSLIK.SI\",\"description\":\"100% riproduzioni dipinte a mano di quadri di pittori famosi e dipinti su tela.\",\"publisher\":{\"@id\":\"https:\/\/svetslik.si\/it\/#organization\"},\"potentialAction\":[{\"@type\":\"SearchAction\",\"target\":{\"@type\":\"EntryPoint\",\"urlTemplate\":\"https:\/\/svetslik.si\/it\/?s={search_term_string}\"},\"query-input\":{\"@type\":\"PropertyValueSpecification\",\"valueRequired\":true,\"valueName\":\"search_term_string\"}}],\"inLanguage\":\"it-IT\"},{\"@type\":\"Organization\",\"@id\":\"https:\/\/svetslik.si\/it\/#organization\",\"name\":\"SvetSlik.si\",\"url\":\"https:\/\/svetslik.si\/it\/\",\"logo\":{\"@type\":\"ImageObject\",\"inLanguage\":\"it-IT\",\"@id\":\"https:\/\/svetslik.si\/it\/#\/schema\/logo\/image\/\",\"url\":\"https:\/\/svetslik.si\/wp-content\/uploads\/2020\/12\/logo-512.png\",\"contentUrl\":\"https:\/\/svetslik.si\/wp-content\/uploads\/2020\/12\/logo-512.png\",\"width\":512,\"height\":512,\"caption\":\"SvetSlik.si\"},\"image\":{\"@id\":\"https:\/\/svetslik.si\/it\/#\/schema\/logo\/image\/\"},\"sameAs\":[\"https:\/\/www.facebook.com\/svetslik.si\",\"https:\/\/x.com\/svetslik\",\"https:\/\/www.instagram.com\/svetslik.si\/\",\"https:\/\/www.linkedin.com\/company\/svetslik-si\"]}]}<\/script>\n<!-- \/ Yoast SEO Premium plugin. -->","yoast_head_json":{"title":"Visualizzazione i quadri sulla parete - SVETSLIK.SI","description":"Possiamo posizionare digitalmente i quadri nello spazio prima dell'acquisto. In questo modo ti assicuri di aver scelto il quadro giusto e la sua dimensione.","robots":{"index":"index","follow":"follow","max-snippet":"max-snippet:-1","max-image-preview":"max-image-preview:large","max-video-preview":"max-video-preview:-1"},"canonical":"https:\/\/svetslik.si\/it\/posizionare-lquadri-nella-stanza\/","og_locale":"it_IT","og_type":"article","og_title":"Visualizzazione i quadri sulla parete - SVETSLIK.SI","og_description":"100% ro\u010dno naslikane slike na platnu, reprodukcije znanih slikarjev in umetni\u0161ke slike po naro\u010dilu.","og_url":"https:\/\/svetslik.si\/it\/posizionare-lquadri-nella-stanza\/","og_site_name":"SVETSLIK.SI","article_publisher":"https:\/\/www.facebook.com\/svetslik.si","article_modified_time":"2024-07-14T13:32:08+00:00","og_image":[{"width":1736,"height":570,"url":"https:\/\/svetslik.si\/wp-content\/uploads\/2023\/01\/svetslik.si_.jpg","type":"image\/jpeg"}],"twitter_card":"summary_large_image","twitter_site":"@svetslik","twitter_misc":{"Tempo di lettura stimato":"1 minuto"},"schema":{"@context":"https:\/\/schema.org","@graph":[{"@type":"WebPage","@id":"https:\/\/svetslik.si\/it\/posizionare-lquadri-nella-stanza\/","url":"https:\/\/svetslik.si\/it\/posizionare-lquadri-nella-stanza\/","name":"Visualizzazione i quadri sulla parete - SVETSLIK.SI","isPartOf":{"@id":"https:\/\/svetslik.si\/it\/#website"},"datePublished":"2020-12-04T17:01:27+00:00","dateModified":"2024-07-14T13:32:08+00:00","description":"Possiamo posizionare digitalmente i quadri nello spazio prima dell'acquisto. In questo modo ti assicuri di aver scelto il quadro giusto e la sua dimensione.","breadcrumb":{"@id":"https:\/\/svetslik.si\/it\/posizionare-lquadri-nella-stanza\/#breadcrumb"},"inLanguage":"it-IT","potentialAction":[{"@type":"ReadAction","target":["https:\/\/svetslik.si\/it\/posizionare-lquadri-nella-stanza\/"]}]},{"@type":"BreadcrumbList","@id":"https:\/\/svetslik.si\/it\/posizionare-lquadri-nella-stanza\/#breadcrumb","itemListElement":[{"@type":"ListItem","position":1,"name":"Fali m\u0171v\u00e9szet \u00e9s festm\u00e9nyek v\u00e1szonra","item":"https:\/\/svetslik.si\/it\/"},{"@type":"ListItem","position":2,"name":"Visualizzazione i quadri sulla parete"}]},{"@type":"WebSite","@id":"https:\/\/svetslik.si\/it\/#website","url":"https:\/\/svetslik.si\/it\/","name":"SVETSLIK.SI","description":"100% riproduzioni dipinte a mano di quadri di pittori famosi e dipinti su tela.","publisher":{"@id":"https:\/\/svetslik.si\/it\/#organization"},"potentialAction":[{"@type":"SearchAction","target":{"@type":"EntryPoint","urlTemplate":"https:\/\/svetslik.si\/it\/?s={search_term_string}"},"query-input":{"@type":"PropertyValueSpecification","valueRequired":true,"valueName":"search_term_string"}}],"inLanguage":"it-IT"},{"@type":"Organization","@id":"https:\/\/svetslik.si\/it\/#organization","name":"SvetSlik.si","url":"https:\/\/svetslik.si\/it\/","logo":{"@type":"ImageObject","inLanguage":"it-IT","@id":"https:\/\/svetslik.si\/it\/#\/schema\/logo\/image\/","url":"https:\/\/svetslik.si\/wp-content\/uploads\/2020\/12\/logo-512.png","contentUrl":"https:\/\/svetslik.si\/wp-content\/uploads\/2020\/12\/logo-512.png","width":512,"height":512,"caption":"SvetSlik.si"},"image":{"@id":"https:\/\/svetslik.si\/it\/#\/schema\/logo\/image\/"},"sameAs":["https:\/\/www.facebook.com\/svetslik.si","https:\/\/x.com\/svetslik","https:\/\/www.instagram.com\/svetslik.si\/","https:\/\/www.linkedin.com\/company\/svetslik-si"]}]}},"jetpack_sharing_enabled":true,"_links":{"self":[{"href":"https:\/\/svetslik.si\/it\/wp-json\/wp\/v2\/pages\/37608","targetHints":{"allow":["GET"]}}],"collection":[{"href":"https:\/\/svetslik.si\/it\/wp-json\/wp\/v2\/pages"}],"about":[{"href":"https:\/\/svetslik.si\/it\/wp-json\/wp\/v2\/types\/page"}],"author":[{"embeddable":true,"href":"https:\/\/svetslik.si\/it\/wp-json\/wp\/v2\/users\/1"}],"replies":[{"embeddable":true,"href":"https:\/\/svetslik.si\/it\/wp-json\/wp\/v2\/comments?post=37608"}],"version-history":[{"count":0,"href":"https:\/\/svetslik.si\/it\/wp-json\/wp\/v2\/pages\/37608\/revisions"}],"wp:attachment":[{"href":"https:\/\/svetslik.si\/it\/wp-json\/wp\/v2\/media?parent=37608"}],"curies":[{"name":"wp","href":"https:\/\/api.w.org\/{rel}","templated":true}]}}