{"id":108853,"date":"2024-08-04T15:23:01","date_gmt":"2024-08-04T13:23:01","guid":{"rendered":"https:\/\/svetslik.si\/?post_type=product&#038;p=108853"},"modified":"2026-03-22T15:16:40","modified_gmt":"2026-03-22T14:16:40","slug":"quadri-su-tela-e379","status":"publish","type":"product","link":"https:\/\/svetslik.si\/it\/quadri-moderni-un-pezzo\/quadri-su-tela-e379\/","title":{"rendered":"Quadri su tela &#8211; E379"},"content":{"rendered":"<div class=\"wpb-content-wrapper\">[vc_row css=&#8221;.vc_custom_1713438309955{margin-bottom: 10px !important;}&#8221;][vc_column]\t<div class=\"et-image-168 et-image     et_image_link\">\n\t\t<div class=\"et-image-inner \">\n\t\t\t\t\t\t\t<div class=\"et-image-thumb \">\n\t\t\t\t\t<img decoding=\"async\" width=\"1000\" height=\"1400\" src=\"https:\/\/svetslik.si\/wp-content\/uploads\/2024\/08\/slike-na-platnu-E379.jpg\" class=\"attachment-full\" alt=\"Quadri su tela - E379\" title=\"Quadri su tela - E379\" srcset=\"https:\/\/svetslik.si\/wp-content\/uploads\/2024\/08\/slike-na-platnu-E379.jpg 1000w, https:\/\/svetslik.si\/wp-content\/uploads\/2024\/08\/slike-na-platnu-E379-600x840.jpg 600w, https:\/\/svetslik.si\/wp-content\/uploads\/2024\/08\/slike-na-platnu-E379-214x300.jpg 214w, https:\/\/svetslik.si\/wp-content\/uploads\/2024\/08\/slike-na-platnu-E379-731x1024.jpg 731w, https:\/\/svetslik.si\/wp-content\/uploads\/2024\/08\/slike-na-platnu-E379-768x1075.jpg 768w, https:\/\/svetslik.si\/wp-content\/uploads\/2024\/08\/slike-na-platnu-E379-107x150.jpg 107w, https:\/\/svetslik.si\/wp-content\/uploads\/2024\/08\/slike-na-platnu-E379-900x1260.jpg 900w\" sizes=\"(max-width: 1000px) 100vw, 1000px\" \/>\t\t\t\t<\/div>\n\t\t\t\t\t\t\t\t\t\t\t<\/div>\n\t<\/div>\n  [\/vc_column][\/vc_row]\n<\/div>","protected":false},"excerpt":{"rendered":"<p>[vc_row css=&#8221;.vc_custom_1713438309955{margin-bottom: 10px !important;}&#8221;][vc_column][\/vc_column][\/vc_row]<\/p>\n","protected":false},"featured_media":109074,"template":"","meta":{"_acf_changed":false},"product_brand":[],"product_cat":[4192],"product_tag":[4261,4259,4264,4208,4216,4230,4254,4262,4257,4256,4255,4242],"class_list":{"0":"post-108853","1":"product","2":"type-product","3":"status-publish","4":"has-post-thumbnail","6":"product_cat-quadri-moderni-un-pezzo","7":"product_tag-decorazione-murale","8":"product_tag-galleria-online","9":"product_tag-quadri-artistici","10":"product_tag-quadri-astratti-it","11":"product_tag-quadri-decorative","12":"product_tag-quadri-moderni","13":"product_tag-quadri-moderni-it","14":"product_tag-quadri-murali","15":"product_tag-quadri-per-il-soggiorno","16":"product_tag-quadri-per-pareti","17":"product_tag-quadri-per-soggiorno","18":"product_tag-vendere-quadri","19":"pa_dimenzija-100-cm-x-159-cm-it","20":"pa_dimenzija-110-cm-x-175-cm-it","21":"pa_dimenzija-120-cm-x-191-cm-it","22":"pa_dimenzija-130-cm-x-207-cm-it","23":"pa_dimenzija-140-cm-x-223-cm-it","24":"pa_dimenzija-150-cm-x-239-cm-it","25":"pa_dimenzija-160-cm-x-255-cm-it","26":"pa_dimenzija-170-cm-x-271-cm-it","27":"pa_dimenzija-180-cm-x-287-cm-it","28":"pa_dimenzija-200-cm-x-319-cm-it","29":"pa_dimenzija-40-cm-x-63-cm-it","30":"pa_dimenzija-50-cm-x-79-cm-it","31":"pa_dimenzija-60-cm-x-95-cm-it","32":"pa_dimenzija-70-cm-x-111-cm-it","33":"pa_dimenzija-80-cm-x-127-cm-it","34":"pa_dimenzija-90-cm-x-143-cm-it","35":"pa_oblika-verticale","36":"pa_okvir-sensa-cornice","37":"pa_podokvir-no","38":"pa_podokvir-si","40":"first","41":"onbackorder","42":"purchasable","43":"product-type-variable","44":"has-default-attributes"},"acf":[],"yoast_head":"<!-- This site is optimized with the Yoast SEO Premium plugin v26.0 (Yoast SEO v27.2) - https:\/\/yoast.com\/product\/yoast-seo-premium-wordpress\/ -->\n<title>Quadri su tela - E379 - SVETSLIK.SI - Dipinto al 100% fatto a mano<\/title>\n<meta name=\"description\" content=\"Quadri su tela - E379 - Riproduzioni di quadri d&#039;arte al 100% dipinti a mano su tela. Cornici per quadri, vendita e realizzazione di dimensioni su ordinazione.\" \/>\n<meta name=\"robots\" content=\"index, follow, max-snippet:-1, max-image-preview:large, max-video-preview:-1\" \/>\n<link rel=\"canonical\" href=\"https:\/\/svetslik.si\/it\/quadri-moderni-un-pezzo\/quadri-su-tela-e379\/\" \/>\n<meta property=\"og:locale\" content=\"it_IT\" \/>\n<meta property=\"og:type\" content=\"article\" \/>\n<meta property=\"og:title\" content=\"Quadri su tela - E379\" \/>\n<meta property=\"og:description\" content=\"100% ro\u010dno naslikane slike na platnu, reprodukcije znanih slikarjev in umetni\u0161ke slike po naro\u010dilu.\" \/>\n<meta property=\"og:url\" content=\"https:\/\/svetslik.si\/it\/quadri-moderni-un-pezzo\/quadri-su-tela-e379\/\" \/>\n<meta property=\"og:site_name\" content=\"SVETSLIK.SI\" \/>\n<meta property=\"article:publisher\" content=\"https:\/\/www.facebook.com\/svetslik.si\" \/>\n<meta property=\"article:modified_time\" content=\"2026-03-22T14:16:40+00:00\" \/>\n<meta property=\"og:image\" content=\"https:\/\/svetslik.si\/wp-content\/uploads\/2024\/08\/viber_image_2024-08-04_15-36-32-484.jpg\" \/>\n\t<meta property=\"og:image:width\" content=\"896\" \/>\n\t<meta property=\"og:image:height\" content=\"1304\" \/>\n\t<meta property=\"og:image:type\" content=\"image\/jpeg\" \/>\n<meta name=\"twitter:card\" content=\"summary_large_image\" \/>\n<meta name=\"twitter:site\" content=\"@svetslik\" \/>\n<meta name=\"twitter:label1\" content=\"Disponibilit\u00e0\" \/>\n\t<meta name=\"twitter:data1\" content=\"Su ordinazione\" \/>\n<script type=\"application\/ld+json\" class=\"yoast-schema-graph\">{\"@context\":\"https:\/\/schema.org\",\"@graph\":[{\"@type\":[\"WebPage\",\"ItemPage\"],\"@id\":\"https:\/\/svetslik.si\/it\/quadri-moderni-un-pezzo\/quadri-su-tela-e379\/\",\"url\":\"https:\/\/svetslik.si\/it\/quadri-moderni-un-pezzo\/quadri-su-tela-e379\/\",\"name\":\"Quadri su tela - E379 - SVETSLIK.SI - Dipinto al 100% fatto a mano\",\"isPartOf\":{\"@id\":\"https:\/\/svetslik.si\/it\/#website\"},\"primaryImageOfPage\":{\"@id\":\"https:\/\/svetslik.si\/it\/quadri-moderni-un-pezzo\/quadri-su-tela-e379\/#primaryimage\"},\"image\":{\"@id\":\"https:\/\/svetslik.si\/it\/quadri-moderni-un-pezzo\/quadri-su-tela-e379\/#primaryimage\"},\"thumbnailUrl\":\"https:\/\/svetslik.si\/wp-content\/uploads\/2024\/08\/viber_image_2024-08-04_15-36-32-484.jpg\",\"datePublished\":\"2024-08-04T13:23:01+00:00\",\"dateModified\":\"2026-03-22T14:16:40+00:00\",\"description\":\"Quadri su tela - E379 - Riproduzioni di quadri d'arte al 100% dipinti a mano su tela. Cornici per quadri, vendita e realizzazione di dimensioni su ordinazione.\",\"breadcrumb\":{\"@id\":\"https:\/\/svetslik.si\/it\/quadri-moderni-un-pezzo\/quadri-su-tela-e379\/#breadcrumb\"},\"inLanguage\":\"it-IT\",\"potentialAction\":[{\"@type\":\"ReadAction\",\"target\":[\"https:\/\/svetslik.si\/it\/quadri-moderni-un-pezzo\/quadri-su-tela-e379\/\"]}]},{\"@type\":\"ImageObject\",\"inLanguage\":\"it-IT\",\"@id\":\"https:\/\/svetslik.si\/it\/quadri-moderni-un-pezzo\/quadri-su-tela-e379\/#primaryimage\",\"url\":\"https:\/\/svetslik.si\/wp-content\/uploads\/2024\/08\/viber_image_2024-08-04_15-36-32-484.jpg\",\"contentUrl\":\"https:\/\/svetslik.si\/wp-content\/uploads\/2024\/08\/viber_image_2024-08-04_15-36-32-484.jpg\",\"width\":896,\"height\":1304,\"caption\":\"Quadri su tela - E379\"},{\"@type\":\"BreadcrumbList\",\"@id\":\"https:\/\/svetslik.si\/it\/quadri-moderni-un-pezzo\/quadri-su-tela-e379\/#breadcrumb\",\"itemListElement\":[{\"@type\":\"ListItem\",\"position\":1,\"name\":\"Fali m\u0171v\u00e9szet \u00e9s festm\u00e9nyek v\u00e1szonra\",\"item\":\"https:\/\/svetslik.si\/it\/\"},{\"@type\":\"ListItem\",\"position\":2,\"name\":\"Vendita di dipinti\",\"item\":\"https:\/\/svetslik.si\/prodaja-slik\/\"},{\"@type\":\"ListItem\",\"position\":3,\"name\":\"Quadri su tela &#8211; E379\"}]},{\"@type\":\"WebSite\",\"@id\":\"https:\/\/svetslik.si\/it\/#website\",\"url\":\"https:\/\/svetslik.si\/it\/\",\"name\":\"SVETSLIK.SI\",\"description\":\"100% riproduzioni dipinte a mano di quadri di pittori famosi e dipinti su tela.\",\"publisher\":{\"@id\":\"https:\/\/svetslik.si\/it\/#organization\"},\"potentialAction\":[{\"@type\":\"SearchAction\",\"target\":{\"@type\":\"EntryPoint\",\"urlTemplate\":\"https:\/\/svetslik.si\/it\/?s={search_term_string}\"},\"query-input\":{\"@type\":\"PropertyValueSpecification\",\"valueRequired\":true,\"valueName\":\"search_term_string\"}}],\"inLanguage\":\"it-IT\"},{\"@type\":\"Organization\",\"@id\":\"https:\/\/svetslik.si\/it\/#organization\",\"name\":\"SvetSlik.si\",\"url\":\"https:\/\/svetslik.si\/it\/\",\"logo\":{\"@type\":\"ImageObject\",\"inLanguage\":\"it-IT\",\"@id\":\"https:\/\/svetslik.si\/it\/#\/schema\/logo\/image\/\",\"url\":\"https:\/\/svetslik.si\/wp-content\/uploads\/2020\/12\/logo-512.png\",\"contentUrl\":\"https:\/\/svetslik.si\/wp-content\/uploads\/2020\/12\/logo-512.png\",\"width\":512,\"height\":512,\"caption\":\"SvetSlik.si\"},\"image\":{\"@id\":\"https:\/\/svetslik.si\/it\/#\/schema\/logo\/image\/\"},\"sameAs\":[\"https:\/\/www.facebook.com\/svetslik.si\",\"https:\/\/x.com\/svetslik\",\"https:\/\/www.instagram.com\/svetslik.si\/\",\"https:\/\/www.linkedin.com\/company\/svetslik-si\"]}]}<\/script>\n<meta property=\"og:availability\" content=\"backorder\" \/>\n<meta property=\"product:availability\" content=\"available for order\" \/>\n<meta property=\"product:retailer_item_id\" content=\"1130_b-9-6-1\" \/>\n<meta property=\"product:condition\" content=\"new\" \/>\n<!-- \/ Yoast SEO Premium plugin. -->","yoast_head_json":{"title":"Quadri su tela - E379 - SVETSLIK.SI - Dipinto al 100% fatto a mano","description":"Quadri su tela - E379 - Riproduzioni di quadri d'arte al 100% dipinti a mano su tela. Cornici per quadri, vendita e realizzazione di dimensioni su ordinazione.","robots":{"index":"index","follow":"follow","max-snippet":"max-snippet:-1","max-image-preview":"max-image-preview:large","max-video-preview":"max-video-preview:-1"},"canonical":"https:\/\/svetslik.si\/it\/quadri-moderni-un-pezzo\/quadri-su-tela-e379\/","og_locale":"it_IT","og_type":"article","og_title":"Quadri su tela - E379","og_description":"100% ro\u010dno naslikane slike na platnu, reprodukcije znanih slikarjev in umetni\u0161ke slike po naro\u010dilu.","og_url":"https:\/\/svetslik.si\/it\/quadri-moderni-un-pezzo\/quadri-su-tela-e379\/","og_site_name":"SVETSLIK.SI","article_publisher":"https:\/\/www.facebook.com\/svetslik.si","article_modified_time":"2026-03-22T14:16:40+00:00","og_image":[{"width":896,"height":1304,"url":"https:\/\/svetslik.si\/wp-content\/uploads\/2024\/08\/viber_image_2024-08-04_15-36-32-484.jpg","type":"image\/jpeg"}],"twitter_card":"summary_large_image","twitter_site":"@svetslik","twitter_misc":{"Disponibilit\u00e0":"Su ordinazione"},"schema":{"@context":"https:\/\/schema.org","@graph":[{"@type":["WebPage","ItemPage"],"@id":"https:\/\/svetslik.si\/it\/quadri-moderni-un-pezzo\/quadri-su-tela-e379\/","url":"https:\/\/svetslik.si\/it\/quadri-moderni-un-pezzo\/quadri-su-tela-e379\/","name":"Quadri su tela - E379 - SVETSLIK.SI - Dipinto al 100% fatto a mano","isPartOf":{"@id":"https:\/\/svetslik.si\/it\/#website"},"primaryImageOfPage":{"@id":"https:\/\/svetslik.si\/it\/quadri-moderni-un-pezzo\/quadri-su-tela-e379\/#primaryimage"},"image":{"@id":"https:\/\/svetslik.si\/it\/quadri-moderni-un-pezzo\/quadri-su-tela-e379\/#primaryimage"},"thumbnailUrl":"https:\/\/svetslik.si\/wp-content\/uploads\/2024\/08\/viber_image_2024-08-04_15-36-32-484.jpg","datePublished":"2024-08-04T13:23:01+00:00","dateModified":"2026-03-22T14:16:40+00:00","description":"Quadri su tela - E379 - Riproduzioni di quadri d'arte al 100% dipinti a mano su tela. Cornici per quadri, vendita e realizzazione di dimensioni su ordinazione.","breadcrumb":{"@id":"https:\/\/svetslik.si\/it\/quadri-moderni-un-pezzo\/quadri-su-tela-e379\/#breadcrumb"},"inLanguage":"it-IT","potentialAction":[{"@type":"ReadAction","target":["https:\/\/svetslik.si\/it\/quadri-moderni-un-pezzo\/quadri-su-tela-e379\/"]}]},{"@type":"ImageObject","inLanguage":"it-IT","@id":"https:\/\/svetslik.si\/it\/quadri-moderni-un-pezzo\/quadri-su-tela-e379\/#primaryimage","url":"https:\/\/svetslik.si\/wp-content\/uploads\/2024\/08\/viber_image_2024-08-04_15-36-32-484.jpg","contentUrl":"https:\/\/svetslik.si\/wp-content\/uploads\/2024\/08\/viber_image_2024-08-04_15-36-32-484.jpg","width":896,"height":1304,"caption":"Quadri su tela - E379"},{"@type":"BreadcrumbList","@id":"https:\/\/svetslik.si\/it\/quadri-moderni-un-pezzo\/quadri-su-tela-e379\/#breadcrumb","itemListElement":[{"@type":"ListItem","position":1,"name":"Fali m\u0171v\u00e9szet \u00e9s festm\u00e9nyek v\u00e1szonra","item":"https:\/\/svetslik.si\/it\/"},{"@type":"ListItem","position":2,"name":"Vendita di dipinti","item":"https:\/\/svetslik.si\/prodaja-slik\/"},{"@type":"ListItem","position":3,"name":"Quadri su tela &#8211; E379"}]},{"@type":"WebSite","@id":"https:\/\/svetslik.si\/it\/#website","url":"https:\/\/svetslik.si\/it\/","name":"SVETSLIK.SI","description":"100% riproduzioni dipinte a mano di quadri di pittori famosi e dipinti su tela.","publisher":{"@id":"https:\/\/svetslik.si\/it\/#organization"},"potentialAction":[{"@type":"SearchAction","target":{"@type":"EntryPoint","urlTemplate":"https:\/\/svetslik.si\/it\/?s={search_term_string}"},"query-input":{"@type":"PropertyValueSpecification","valueRequired":true,"valueName":"search_term_string"}}],"inLanguage":"it-IT"},{"@type":"Organization","@id":"https:\/\/svetslik.si\/it\/#organization","name":"SvetSlik.si","url":"https:\/\/svetslik.si\/it\/","logo":{"@type":"ImageObject","inLanguage":"it-IT","@id":"https:\/\/svetslik.si\/it\/#\/schema\/logo\/image\/","url":"https:\/\/svetslik.si\/wp-content\/uploads\/2020\/12\/logo-512.png","contentUrl":"https:\/\/svetslik.si\/wp-content\/uploads\/2020\/12\/logo-512.png","width":512,"height":512,"caption":"SvetSlik.si"},"image":{"@id":"https:\/\/svetslik.si\/it\/#\/schema\/logo\/image\/"},"sameAs":["https:\/\/www.facebook.com\/svetslik.si","https:\/\/x.com\/svetslik","https:\/\/www.instagram.com\/svetslik.si\/","https:\/\/www.linkedin.com\/company\/svetslik-si"]}]},"og_availability":"backorder","product_availability":"available for order","product_retailer_item_id":"1130_b-9-6-1","product_condition":"new"},"jetpack_sharing_enabled":true,"_links":{"self":[{"href":"https:\/\/svetslik.si\/it\/wp-json\/wp\/v2\/product\/108853","targetHints":{"allow":["GET"]}}],"collection":[{"href":"https:\/\/svetslik.si\/it\/wp-json\/wp\/v2\/product"}],"about":[{"href":"https:\/\/svetslik.si\/it\/wp-json\/wp\/v2\/types\/product"}],"wp:featuredmedia":[{"embeddable":true,"href":"https:\/\/svetslik.si\/it\/wp-json\/wp\/v2\/media\/109074"}],"wp:attachment":[{"href":"https:\/\/svetslik.si\/it\/wp-json\/wp\/v2\/media?parent=108853"}],"wp:term":[{"taxonomy":"product_brand","embeddable":true,"href":"https:\/\/svetslik.si\/it\/wp-json\/wp\/v2\/product_brand?post=108853"},{"taxonomy":"product_cat","embeddable":true,"href":"https:\/\/svetslik.si\/it\/wp-json\/wp\/v2\/product_cat?post=108853"},{"taxonomy":"product_tag","embeddable":true,"href":"https:\/\/svetslik.si\/it\/wp-json\/wp\/v2\/product_tag?post=108853"}],"curies":[{"name":"wp","href":"https:\/\/api.w.org\/{rel}","templated":true}]}}