{"id":37867,"date":"2021-09-02T17:41:58","date_gmt":"2021-09-02T15:41:58","guid":{"rendered":"https:\/\/svetslik.si\/senza-categoria\/danae\/"},"modified":"2024-07-04T18:01:46","modified_gmt":"2024-07-04T16:01:46","slug":"danae","status":"publish","type":"product","link":"https:\/\/svetslik.si\/it\/gustav-klimt\/danae\/","title":{"rendered":"Gustav Klimt &#8211; Danae"},"content":{"rendered":"<h1>Gustav Klimt &#8211; Danae<\/h1>\n<p>&nbsp;<\/p>\n<table id=\"imageinfo\" border=\"0\" width=\"96%\" cellspacing=\"0\" cellpadding=\"2\">\n<tr>\n<td width=\"120\">Anno di creazione:<\/td>\n<td>1907-1908<\/td>\n<\/tr>\n<tr>\n<td>Dimensione originale:<\/td>\n<td>77 x 83 cm<\/td>\n<\/tr>\n<tr>\n<td>Stile di pittura:<\/td>\n<td>Secessione<\/td>\n<\/tr>\n<tr>\n<td>Tecnica originale:<\/td>\n<td>Olio su tela<\/td>\n<\/tr>\n<tr>\n<td>Situato:<\/td>\n<td>Galleria Nazionale d&#8217;Arte Moderna (GNAM), Roma<\/td>\n<\/tr>\n<\/tbody>\n<\/table>\n<p>Danae era una leggendaria principessa di Argo. A causa di una profezia secondo cui sarebbe stato ucciso da suo nipote, suo padre Acrisio la imprigion\u00f2 in una prigione sotterranea di bronzo, lontano dai corteggiatori maschi. Zeus, che amava Danae, venne dalla principessa attraverso il tetto sotto forma di pioggia dorata. La pioggia dorata cadde sulle ginocchia di Danaja e lei rimase incinta e diede alla luce un figlio. Quando Acrisio venne a sapere di suo nipote, rinchiuse lei e il bambino in una cassa e li lasci\u00f2 al mare. Alla fine, Danae e suo figlio Perseo furono salvati.<\/p>\n<p>Nel suo sensuale ritratto di <em>Danae<\/em>, Klimt mostra la principessa imprigionata in un amorevole abbraccio con Zeus. Come nella leggenda, Zeus \u00e8 raffigurato come una pioggia amorfa d&#8217;oro.<\/p>\n<p>Il dipinto Danae di Gustav Klimt \u00e8 un capolavoro del movimento Art Nouveau e una delle opere pi\u00f9 famose e riconoscibili del pittore austriaco. Il dipinto \u00e8 una rappresentazione del mito greco di Danae, una donna mortale messa incinta da Zeus sotto forma di pioggia dorata.<\/p>\n<p>&#8220;Danae \u00e8 un dipinto a olio su tela che misura circa 150 cm x 150 cm. Raffigura Danae, una bellissima donna sdraiata su un divano circondata da una pioggia dorata. Il dipinto \u00e8 caratterizzato da un uso audace del colore e da un senso unico di movimento ed emozione. Il la donna \u00e8 dipinta nei toni dell&#8217;oro e del bianco con lo sfondo nei toni del blu e del viola che conferiscono al dipinto un senso di profondit\u00e0 e movimento. Questo dipinto presenta anche l&#8217;uso della foglia d&#8217;oro che Klimt ha utilizzato in molte delle sue opere.<\/p>\n<p>Il dipinto \u00e8 una rappresentazione del mito greco di Danae, una donna mortale messa incinta da Zeus sotto forma di pioggia dorata. Nel mito, suo padre, il re Acrisio, imprigion\u00f2 Danae in una torre in modo che non desse alla luce un figlio che avrebbe adempiuto la profezia secondo cui Acrisio sarebbe stato ucciso da suo nipote. Tuttavia, Zeus venne da lei sotto forma di pioggia dorata e la mise incinta. La pioggia dorata nella quadro rappresenta la visita di Dio e del bambino che \u00e8 nato, Perseo. Lo sfondo con intricati motivi geometrici rappresenta l&#8217;armonia e l&#8217;ordine nell&#8217;universo. Il dipinto evoca i sentimenti di bellezza, sensualit\u00e0 e divinit\u00e0 caratteristici dell&#8217;arte di Klimt.<\/p>\n<p>Il dipinto di Klimt &#8220;Danae&#8221; \u00e8 un capolavoro del movimento Art Nouveau ed \u00e8 considerato una delle opere pi\u00f9 iconiche dell&#8217;artista. \u00c8 una rappresentazione del mito greco di Danae, una donna mortale messa incinta da Zeus sotto forma di pioggia dorata, e simbolo del potere dell&#8217;amore e della lussuria. Il dipinto \u00e8 un must per gli amanti dell&#8217;arte e una grande aggiunta a qualsiasi collezione d&#8217;arte.<\/p>\n<p>Insomma, il dipinto &#8220;Danae&#8221; di Gustav Klimt \u00e8 un capolavoro del movimento Art Nouveau e una delle opere pi\u00f9 famose e riconoscibili del pittore austriaco. \u00c8 una rappresentazione del mito greco di Danae, una donna mortale messa incinta da Zeus sotto forma di pioggia dorata, e simbolo del potere dell&#8217;amore e della lussuria. Il dipinto evoca sentimenti di bellezza, sensualit\u00e0 e divinit\u00e0, rendendolo un&#8217;opera potente e stimolante. L&#8217;uso di foglie d&#8217;oro e intricati motivi geometrici sullo sfondo aggiungono un elemento unico e sorprendente all&#8217;immagine, facendo risaltare l&#8217;immagine. La pittura \u00e8 un ottimo modo per aggiungere un tocco di bellezza, sensualit\u00e0 e divinit\u00e0 a qualsiasi stanza, rendendola una grande aggiunta a qualsiasi collezione d&#8217;arte.<\/p>\n","protected":false},"excerpt":{"rendered":"<p>Gustav Klimt &#8211; Danae &nbsp; Anno di creazione: 1907-1908 Dimensione originale: 77 x 83 cm Stile di pittura: Secessione Tecnica originale: Olio su tela Situato: Galleria Nazionale d&#8217;Arte Moderna (GNAM), Roma Danae era una leggendaria principessa di Argo. A causa di una profezia secondo cui sarebbe stato ucciso da suo [&hellip;]<\/p>\n","protected":false},"featured_media":35913,"template":"","meta":{"_acf_changed":false},"product_brand":[],"product_cat":[4182],"product_tag":[4220,4224,4245,4246,4253],"class_list":{"0":"post-37867","1":"product","2":"type-product","3":"status-publish","4":"has-post-thumbnail","6":"product_cat-gustav-klimt","7":"product_tag-gustav-klimt-it","8":"product_tag-klimt-it","9":"product_tag-riproduzione","10":"product_tag-riproduzione-it","11":"product_tag-un-pittore","12":"pa_dimenzija-100-x-100-cm-it","13":"pa_dimenzija-120-x-120-cm-it","14":"pa_dimenzija-150-x-150-cm-it","15":"pa_dimenzija-50-x-50-cm-it","16":"pa_dimenzija-60-x-60-cm-it","17":"pa_dimenzija-80-x-80-cm-it","18":"pa_dimenzija-83-x-77-cm-it","19":"pa_dimenzija-90-x-90-cm-it","20":"pa_oblika-quadrata","21":"pa_okvir-sensa-cornice","22":"pa_podokvir-no","23":"pa_podokvir-si","25":"first","26":"onbackorder","27":"purchasable","28":"product-type-variable","29":"has-default-attributes"},"acf":[],"yoast_head":"<!-- This site is optimized with the Yoast SEO Premium plugin v26.0 (Yoast SEO v27.2) - https:\/\/yoast.com\/product\/yoast-seo-premium-wordpress\/ -->\n<title>Gustav Klimt - Danae - SVETSLIK.SI - Dipinti a mano al 100%<\/title>\n<meta name=\"description\" content=\"Gustav Klimt - Danae - Riproduzioni di quadri d&#039;arte dipinte a mano al 100% su tela. Cornici per quadri, vendita e produzione di dimensioni su ordinazione.\" \/>\n<meta name=\"robots\" content=\"index, follow, max-snippet:-1, max-image-preview:large, max-video-preview:-1\" \/>\n<link rel=\"canonical\" href=\"https:\/\/svetslik.si\/it\/gustav-klimt\/danae\/\" \/>\n<meta property=\"og:locale\" content=\"it_IT\" \/>\n<meta property=\"og:type\" content=\"article\" \/>\n<meta property=\"og:title\" content=\"Gustav Klimt - Danae\" \/>\n<meta property=\"og:description\" content=\"100% ro\u010dno naslikane slike na platnu, reprodukcije znanih slikarjev in umetni\u0161ke slike po naro\u010dilu.\" \/>\n<meta property=\"og:url\" content=\"https:\/\/svetslik.si\/it\/gustav-klimt\/danae\/\" \/>\n<meta property=\"og:site_name\" content=\"SVETSLIK.SI\" \/>\n<meta property=\"article:publisher\" content=\"https:\/\/www.facebook.com\/svetslik.si\" \/>\n<meta property=\"article:modified_time\" content=\"2024-07-04T16:01:46+00:00\" \/>\n<meta property=\"og:image\" content=\"https:\/\/svetslik.si\/wp-content\/uploads\/2021\/09\/image_Danae-Gustav-Klimt_680.jpg\" \/>\n\t<meta property=\"og:image:width\" content=\"2024\" \/>\n\t<meta property=\"og:image:height\" content=\"1960\" \/>\n\t<meta property=\"og:image:type\" content=\"image\/jpeg\" \/>\n<meta name=\"twitter:card\" content=\"summary_large_image\" \/>\n<meta name=\"twitter:site\" content=\"@svetslik\" \/>\n<meta name=\"twitter:label1\" content=\"Disponibilit\u00e0\" \/>\n\t<meta name=\"twitter:data1\" content=\"Su ordinazione\" \/>\n<script type=\"application\/ld+json\" class=\"yoast-schema-graph\">{\"@context\":\"https:\/\/schema.org\",\"@graph\":[{\"@type\":[\"WebPage\",\"ItemPage\"],\"@id\":\"https:\/\/svetslik.si\/it\/gustav-klimt\/danae\/\",\"url\":\"https:\/\/svetslik.si\/it\/gustav-klimt\/danae\/\",\"name\":\"Gustav Klimt - Danae - SVETSLIK.SI - Dipinti a mano al 100%\",\"isPartOf\":{\"@id\":\"https:\/\/svetslik.si\/it\/#website\"},\"primaryImageOfPage\":{\"@id\":\"https:\/\/svetslik.si\/it\/gustav-klimt\/danae\/#primaryimage\"},\"image\":{\"@id\":\"https:\/\/svetslik.si\/it\/gustav-klimt\/danae\/#primaryimage\"},\"thumbnailUrl\":\"https:\/\/svetslik.si\/wp-content\/uploads\/2021\/09\/image_Danae-Gustav-Klimt_680.jpg\",\"datePublished\":\"2021-09-02T15:41:58+00:00\",\"dateModified\":\"2024-07-04T16:01:46+00:00\",\"description\":\"Gustav Klimt - Danae - Riproduzioni di quadri d'arte dipinte a mano al 100% su tela. Cornici per quadri, vendita e produzione di dimensioni su ordinazione.\",\"breadcrumb\":{\"@id\":\"https:\/\/svetslik.si\/it\/gustav-klimt\/danae\/#breadcrumb\"},\"inLanguage\":\"it-IT\",\"potentialAction\":[{\"@type\":\"ReadAction\",\"target\":[\"https:\/\/svetslik.si\/it\/gustav-klimt\/danae\/\"]}]},{\"@type\":\"ImageObject\",\"inLanguage\":\"it-IT\",\"@id\":\"https:\/\/svetslik.si\/it\/gustav-klimt\/danae\/#primaryimage\",\"url\":\"https:\/\/svetslik.si\/wp-content\/uploads\/2021\/09\/image_Danae-Gustav-Klimt_680.jpg\",\"contentUrl\":\"https:\/\/svetslik.si\/wp-content\/uploads\/2021\/09\/image_Danae-Gustav-Klimt_680.jpg\",\"width\":2024,\"height\":1960,\"caption\":\"Danae-Gustav-Klimt Riproduzioni di famosi pittori, quadri moderni, quadri artistici per parete\"},{\"@type\":\"BreadcrumbList\",\"@id\":\"https:\/\/svetslik.si\/it\/gustav-klimt\/danae\/#breadcrumb\",\"itemListElement\":[{\"@type\":\"ListItem\",\"position\":1,\"name\":\"Fali m\u0171v\u00e9szet \u00e9s festm\u00e9nyek v\u00e1szonra\",\"item\":\"https:\/\/svetslik.si\/it\/\"},{\"@type\":\"ListItem\",\"position\":2,\"name\":\"Vendita di dipinti\",\"item\":\"https:\/\/svetslik.si\/prodaja-slik\/\"},{\"@type\":\"ListItem\",\"position\":3,\"name\":\"Gustav Klimt &#8211; Danae\"}]},{\"@type\":\"WebSite\",\"@id\":\"https:\/\/svetslik.si\/it\/#website\",\"url\":\"https:\/\/svetslik.si\/it\/\",\"name\":\"SVETSLIK.SI\",\"description\":\"100% riproduzioni dipinte a mano di quadri di pittori famosi e dipinti su tela.\",\"publisher\":{\"@id\":\"https:\/\/svetslik.si\/it\/#organization\"},\"potentialAction\":[{\"@type\":\"SearchAction\",\"target\":{\"@type\":\"EntryPoint\",\"urlTemplate\":\"https:\/\/svetslik.si\/it\/?s={search_term_string}\"},\"query-input\":{\"@type\":\"PropertyValueSpecification\",\"valueRequired\":true,\"valueName\":\"search_term_string\"}}],\"inLanguage\":\"it-IT\"},{\"@type\":\"Organization\",\"@id\":\"https:\/\/svetslik.si\/it\/#organization\",\"name\":\"SvetSlik.si\",\"url\":\"https:\/\/svetslik.si\/it\/\",\"logo\":{\"@type\":\"ImageObject\",\"inLanguage\":\"it-IT\",\"@id\":\"https:\/\/svetslik.si\/it\/#\/schema\/logo\/image\/\",\"url\":\"https:\/\/svetslik.si\/wp-content\/uploads\/2020\/12\/logo-512.png\",\"contentUrl\":\"https:\/\/svetslik.si\/wp-content\/uploads\/2020\/12\/logo-512.png\",\"width\":512,\"height\":512,\"caption\":\"SvetSlik.si\"},\"image\":{\"@id\":\"https:\/\/svetslik.si\/it\/#\/schema\/logo\/image\/\"},\"sameAs\":[\"https:\/\/www.facebook.com\/svetslik.si\",\"https:\/\/x.com\/svetslik\",\"https:\/\/www.instagram.com\/svetslik.si\/\",\"https:\/\/www.linkedin.com\/company\/svetslik-si\"]}]}<\/script>\n<meta property=\"og:availability\" content=\"backorder\" \/>\n<meta property=\"product:availability\" content=\"available for order\" \/>\n<meta property=\"product:retailer_item_id\" content=\"23__\" \/>\n<meta property=\"product:condition\" content=\"new\" \/>\n<!-- \/ Yoast SEO Premium plugin. -->","yoast_head_json":{"title":"Gustav Klimt - Danae - SVETSLIK.SI - Dipinti a mano al 100%","description":"Gustav Klimt - Danae - Riproduzioni di quadri d'arte dipinte a mano al 100% su tela. Cornici per quadri, vendita e produzione di dimensioni su ordinazione.","robots":{"index":"index","follow":"follow","max-snippet":"max-snippet:-1","max-image-preview":"max-image-preview:large","max-video-preview":"max-video-preview:-1"},"canonical":"https:\/\/svetslik.si\/it\/gustav-klimt\/danae\/","og_locale":"it_IT","og_type":"article","og_title":"Gustav Klimt - Danae","og_description":"100% ro\u010dno naslikane slike na platnu, reprodukcije znanih slikarjev in umetni\u0161ke slike po naro\u010dilu.","og_url":"https:\/\/svetslik.si\/it\/gustav-klimt\/danae\/","og_site_name":"SVETSLIK.SI","article_publisher":"https:\/\/www.facebook.com\/svetslik.si","article_modified_time":"2024-07-04T16:01:46+00:00","og_image":[{"width":2024,"height":1960,"url":"https:\/\/svetslik.si\/wp-content\/uploads\/2021\/09\/image_Danae-Gustav-Klimt_680.jpg","type":"image\/jpeg"}],"twitter_card":"summary_large_image","twitter_site":"@svetslik","twitter_misc":{"Disponibilit\u00e0":"Su ordinazione"},"schema":{"@context":"https:\/\/schema.org","@graph":[{"@type":["WebPage","ItemPage"],"@id":"https:\/\/svetslik.si\/it\/gustav-klimt\/danae\/","url":"https:\/\/svetslik.si\/it\/gustav-klimt\/danae\/","name":"Gustav Klimt - Danae - SVETSLIK.SI - Dipinti a mano al 100%","isPartOf":{"@id":"https:\/\/svetslik.si\/it\/#website"},"primaryImageOfPage":{"@id":"https:\/\/svetslik.si\/it\/gustav-klimt\/danae\/#primaryimage"},"image":{"@id":"https:\/\/svetslik.si\/it\/gustav-klimt\/danae\/#primaryimage"},"thumbnailUrl":"https:\/\/svetslik.si\/wp-content\/uploads\/2021\/09\/image_Danae-Gustav-Klimt_680.jpg","datePublished":"2021-09-02T15:41:58+00:00","dateModified":"2024-07-04T16:01:46+00:00","description":"Gustav Klimt - Danae - Riproduzioni di quadri d'arte dipinte a mano al 100% su tela. Cornici per quadri, vendita e produzione di dimensioni su ordinazione.","breadcrumb":{"@id":"https:\/\/svetslik.si\/it\/gustav-klimt\/danae\/#breadcrumb"},"inLanguage":"it-IT","potentialAction":[{"@type":"ReadAction","target":["https:\/\/svetslik.si\/it\/gustav-klimt\/danae\/"]}]},{"@type":"ImageObject","inLanguage":"it-IT","@id":"https:\/\/svetslik.si\/it\/gustav-klimt\/danae\/#primaryimage","url":"https:\/\/svetslik.si\/wp-content\/uploads\/2021\/09\/image_Danae-Gustav-Klimt_680.jpg","contentUrl":"https:\/\/svetslik.si\/wp-content\/uploads\/2021\/09\/image_Danae-Gustav-Klimt_680.jpg","width":2024,"height":1960,"caption":"Danae-Gustav-Klimt Riproduzioni di famosi pittori, quadri moderni, quadri artistici per parete"},{"@type":"BreadcrumbList","@id":"https:\/\/svetslik.si\/it\/gustav-klimt\/danae\/#breadcrumb","itemListElement":[{"@type":"ListItem","position":1,"name":"Fali m\u0171v\u00e9szet \u00e9s festm\u00e9nyek v\u00e1szonra","item":"https:\/\/svetslik.si\/it\/"},{"@type":"ListItem","position":2,"name":"Vendita di dipinti","item":"https:\/\/svetslik.si\/prodaja-slik\/"},{"@type":"ListItem","position":3,"name":"Gustav Klimt &#8211; Danae"}]},{"@type":"WebSite","@id":"https:\/\/svetslik.si\/it\/#website","url":"https:\/\/svetslik.si\/it\/","name":"SVETSLIK.SI","description":"100% riproduzioni dipinte a mano di quadri di pittori famosi e dipinti su tela.","publisher":{"@id":"https:\/\/svetslik.si\/it\/#organization"},"potentialAction":[{"@type":"SearchAction","target":{"@type":"EntryPoint","urlTemplate":"https:\/\/svetslik.si\/it\/?s={search_term_string}"},"query-input":{"@type":"PropertyValueSpecification","valueRequired":true,"valueName":"search_term_string"}}],"inLanguage":"it-IT"},{"@type":"Organization","@id":"https:\/\/svetslik.si\/it\/#organization","name":"SvetSlik.si","url":"https:\/\/svetslik.si\/it\/","logo":{"@type":"ImageObject","inLanguage":"it-IT","@id":"https:\/\/svetslik.si\/it\/#\/schema\/logo\/image\/","url":"https:\/\/svetslik.si\/wp-content\/uploads\/2020\/12\/logo-512.png","contentUrl":"https:\/\/svetslik.si\/wp-content\/uploads\/2020\/12\/logo-512.png","width":512,"height":512,"caption":"SvetSlik.si"},"image":{"@id":"https:\/\/svetslik.si\/it\/#\/schema\/logo\/image\/"},"sameAs":["https:\/\/www.facebook.com\/svetslik.si","https:\/\/x.com\/svetslik","https:\/\/www.instagram.com\/svetslik.si\/","https:\/\/www.linkedin.com\/company\/svetslik-si"]}]},"og_availability":"backorder","product_availability":"available for order","product_retailer_item_id":"23__","product_condition":"new"},"jetpack_sharing_enabled":true,"_links":{"self":[{"href":"https:\/\/svetslik.si\/it\/wp-json\/wp\/v2\/product\/37867","targetHints":{"allow":["GET"]}}],"collection":[{"href":"https:\/\/svetslik.si\/it\/wp-json\/wp\/v2\/product"}],"about":[{"href":"https:\/\/svetslik.si\/it\/wp-json\/wp\/v2\/types\/product"}],"wp:featuredmedia":[{"embeddable":true,"href":"https:\/\/svetslik.si\/it\/wp-json\/wp\/v2\/media\/35913"}],"wp:attachment":[{"href":"https:\/\/svetslik.si\/it\/wp-json\/wp\/v2\/media?parent=37867"}],"wp:term":[{"taxonomy":"product_brand","embeddable":true,"href":"https:\/\/svetslik.si\/it\/wp-json\/wp\/v2\/product_brand?post=37867"},{"taxonomy":"product_cat","embeddable":true,"href":"https:\/\/svetslik.si\/it\/wp-json\/wp\/v2\/product_cat?post=37867"},{"taxonomy":"product_tag","embeddable":true,"href":"https:\/\/svetslik.si\/it\/wp-json\/wp\/v2\/product_tag?post=37867"}],"curies":[{"name":"wp","href":"https:\/\/api.w.org\/{rel}","templated":true}]}}