{"id":37876,"date":"2021-09-02T17:41:58","date_gmt":"2021-09-02T15:41:58","guid":{"rendered":"https:\/\/svetslik.si\/senza-categoria\/mother-and-child-detail\/"},"modified":"2026-03-16T16:04:45","modified_gmt":"2026-03-16T15:04:45","slug":"mother-and-child-detail","status":"publish","type":"product","link":"https:\/\/svetslik.si\/it\/gustav-klimt\/mother-and-child-detail\/","title":{"rendered":"Gustav Klimt &#8211; Mother and child (detail) \u2013 Madre e bambino (dettaglio)"},"content":{"rendered":"<div class=\"wpb-content-wrapper\">[vc_row css=&#8221;.vc_custom_1742245667041{margin-bottom: 5px !important;}&#8221;][vc_column]\t<div class=\"et-image-672 et-image  full   et_image_link\">\n\t\t<div class=\"et-image-inner \">\n\t\t\t\t\t\t\t<div class=\"et-image-thumb \">\n\t\t\t\t\t<img decoding=\"async\" width=\"1500\" height=\"1490\" src=\"https:\/\/svetslik.si\/wp-content\/uploads\/2021\/09\/Gustav-Klimt-\u2013-Mother-and-child-detail-slike-na-platnu.jpg\" class=\"attachment-full\" alt=\"Gustav Klimt - Mother and child (detail) \u2013 Madre e bambino (dettaglio)\" title=\"Gustav Klimt - Mother and child (detail) \u2013 Madre e bambino (dettaglio)\" srcset=\"https:\/\/svetslik.si\/wp-content\/uploads\/2021\/09\/Gustav-Klimt-\u2013-Mother-and-child-detail-slike-na-platnu.jpg 1500w, https:\/\/svetslik.si\/wp-content\/uploads\/2021\/09\/Gustav-Klimt-\u2013-Mother-and-child-detail-slike-na-platnu-600x596.jpg 600w, https:\/\/svetslik.si\/wp-content\/uploads\/2021\/09\/Gustav-Klimt-\u2013-Mother-and-child-detail-slike-na-platnu-100x100.jpg 100w, https:\/\/svetslik.si\/wp-content\/uploads\/2021\/09\/Gustav-Klimt-\u2013-Mother-and-child-detail-slike-na-platnu-1200x1192.jpg 1200w, https:\/\/svetslik.si\/wp-content\/uploads\/2021\/09\/Gustav-Klimt-\u2013-Mother-and-child-detail-slike-na-platnu-300x298.jpg 300w, https:\/\/svetslik.si\/wp-content\/uploads\/2021\/09\/Gustav-Klimt-\u2013-Mother-and-child-detail-slike-na-platnu-1024x1017.jpg 1024w, https:\/\/svetslik.si\/wp-content\/uploads\/2021\/09\/Gustav-Klimt-\u2013-Mother-and-child-detail-slike-na-platnu-150x150.jpg 150w, https:\/\/svetslik.si\/wp-content\/uploads\/2021\/09\/Gustav-Klimt-\u2013-Mother-and-child-detail-slike-na-platnu-768x763.jpg 768w\" sizes=\"(max-width: 1500px) 100vw, 1500px\" \/>\t\t\t\t<\/div>\n\t\t\t\t\t\t\t\t\t\t\t<\/div>\n\t<\/div>\n  [\/vc_column][\/vc_row][vc_row css=&#8221;.vc_custom_1742245667041{margin-bottom: 5px !important;}&#8221;][vc_column]\t<div class=\"et-image-909 et-image  full   et_image_link\">\n\t\t<div class=\"et-image-inner \">\n\t\t\t\t\t\t\t<div class=\"et-image-thumb \">\n\t\t\t\t\t<img decoding=\"async\" width=\"1500\" height=\"2055\" src=\"https:\/\/svetslik.si\/wp-content\/uploads\/2021\/09\/Gustav-Klimt-\u2013-Mother-and-child-detail-slike-na-platnu-3.jpg\" class=\"attachment-full\" alt=\"Gustav Klimt - Mother and child (detail) \u2013 Madre e bambino (dettaglio)\" title=\"Gustav Klimt - Mother and child (detail) \u2013 Madre e bambino (dettaglio)\" srcset=\"https:\/\/svetslik.si\/wp-content\/uploads\/2021\/09\/Gustav-Klimt-\u2013-Mother-and-child-detail-slike-na-platnu-3.jpg 1500w, https:\/\/svetslik.si\/wp-content\/uploads\/2021\/09\/Gustav-Klimt-\u2013-Mother-and-child-detail-slike-na-platnu-3-600x822.jpg 600w, https:\/\/svetslik.si\/wp-content\/uploads\/2021\/09\/Gustav-Klimt-\u2013-Mother-and-child-detail-slike-na-platnu-3-1200x1644.jpg 1200w, https:\/\/svetslik.si\/wp-content\/uploads\/2021\/09\/Gustav-Klimt-\u2013-Mother-and-child-detail-slike-na-platnu-3-219x300.jpg 219w, https:\/\/svetslik.si\/wp-content\/uploads\/2021\/09\/Gustav-Klimt-\u2013-Mother-and-child-detail-slike-na-platnu-3-747x1024.jpg 747w, https:\/\/svetslik.si\/wp-content\/uploads\/2021\/09\/Gustav-Klimt-\u2013-Mother-and-child-detail-slike-na-platnu-3-768x1052.jpg 768w, https:\/\/svetslik.si\/wp-content\/uploads\/2021\/09\/Gustav-Klimt-\u2013-Mother-and-child-detail-slike-na-platnu-3-1121x1536.jpg 1121w, https:\/\/svetslik.si\/wp-content\/uploads\/2021\/09\/Gustav-Klimt-\u2013-Mother-and-child-detail-slike-na-platnu-3-1495x2048.jpg 1495w, https:\/\/svetslik.si\/wp-content\/uploads\/2021\/09\/Gustav-Klimt-\u2013-Mother-and-child-detail-slike-na-platnu-3-109x150.jpg 109w\" sizes=\"(max-width: 1500px) 100vw, 1500px\" \/>\t\t\t\t<\/div>\n\t\t\t\t\t\t\t\t\t\t\t<\/div>\n\t<\/div>\n  [\/vc_column][\/vc_row][vc_row css=&#8221;.vc_custom_1742245667041{margin-bottom: 5px !important;}&#8221;][vc_column]\t<div class=\"et-image-594 et-image  full   et_image_link\">\n\t\t<div class=\"et-image-inner \">\n\t\t\t\t\t\t\t<div class=\"et-image-thumb \">\n\t\t\t\t\t<img decoding=\"async\" width=\"1500\" height=\"1974\" src=\"https:\/\/svetslik.si\/wp-content\/uploads\/2021\/09\/Gustav-Klimt-\u2013-Mother-and-child-detail-slike-na-platnu-2.jpg\" class=\"attachment-full\" alt=\"Gustav Klimt - Mother and child (detail) \u2013 Madre e bambino (dettaglio)\" title=\"Gustav Klimt - Mother and child (detail) \u2013 Madre e bambino (dettaglio)\" srcset=\"https:\/\/svetslik.si\/wp-content\/uploads\/2021\/09\/Gustav-Klimt-\u2013-Mother-and-child-detail-slike-na-platnu-2.jpg 1500w, https:\/\/svetslik.si\/wp-content\/uploads\/2021\/09\/Gustav-Klimt-\u2013-Mother-and-child-detail-slike-na-platnu-2-600x790.jpg 600w, https:\/\/svetslik.si\/wp-content\/uploads\/2021\/09\/Gustav-Klimt-\u2013-Mother-and-child-detail-slike-na-platnu-2-1200x1579.jpg 1200w, https:\/\/svetslik.si\/wp-content\/uploads\/2021\/09\/Gustav-Klimt-\u2013-Mother-and-child-detail-slike-na-platnu-2-228x300.jpg 228w, https:\/\/svetslik.si\/wp-content\/uploads\/2021\/09\/Gustav-Klimt-\u2013-Mother-and-child-detail-slike-na-platnu-2-778x1024.jpg 778w, https:\/\/svetslik.si\/wp-content\/uploads\/2021\/09\/Gustav-Klimt-\u2013-Mother-and-child-detail-slike-na-platnu-2-768x1011.jpg 768w, https:\/\/svetslik.si\/wp-content\/uploads\/2021\/09\/Gustav-Klimt-\u2013-Mother-and-child-detail-slike-na-platnu-2-1167x1536.jpg 1167w, https:\/\/svetslik.si\/wp-content\/uploads\/2021\/09\/Gustav-Klimt-\u2013-Mother-and-child-detail-slike-na-platnu-2-114x150.jpg 114w\" sizes=\"(max-width: 1500px) 100vw, 1500px\" \/>\t\t\t\t<\/div>\n\t\t\t\t\t\t\t\t\t\t\t<\/div>\n\t<\/div>\n  [\/vc_column][\/vc_row][vc_row css=&#8221;.vc_custom_1742245667041{margin-bottom: 5px !important;}&#8221;][vc_column]\t<div class=\"et-image-813 et-image  full   et_image_link\">\n\t\t<div class=\"et-image-inner \">\n\t\t\t\t\t\t\t<div class=\"et-image-thumb \">\n\t\t\t\t\t<img decoding=\"async\" width=\"1500\" height=\"1125\" src=\"https:\/\/svetslik.si\/wp-content\/uploads\/2021\/09\/Gustav-Klimt-\u2013-Mother-and-child-detail-slike-na-platnu-4.jpg\" class=\"attachment-full\" alt=\"Gustav Klimt - Mother and child (detail) \u2013 Madre e bambino (dettaglio)\" title=\"Gustav Klimt - Mother and child (detail) \u2013 Madre e bambino (dettaglio)\" srcset=\"https:\/\/svetslik.si\/wp-content\/uploads\/2021\/09\/Gustav-Klimt-\u2013-Mother-and-child-detail-slike-na-platnu-4.jpg 1500w, https:\/\/svetslik.si\/wp-content\/uploads\/2021\/09\/Gustav-Klimt-\u2013-Mother-and-child-detail-slike-na-platnu-4-600x450.jpg 600w, https:\/\/svetslik.si\/wp-content\/uploads\/2021\/09\/Gustav-Klimt-\u2013-Mother-and-child-detail-slike-na-platnu-4-1200x900.jpg 1200w, https:\/\/svetslik.si\/wp-content\/uploads\/2021\/09\/Gustav-Klimt-\u2013-Mother-and-child-detail-slike-na-platnu-4-300x225.jpg 300w, https:\/\/svetslik.si\/wp-content\/uploads\/2021\/09\/Gustav-Klimt-\u2013-Mother-and-child-detail-slike-na-platnu-4-1024x768.jpg 1024w, https:\/\/svetslik.si\/wp-content\/uploads\/2021\/09\/Gustav-Klimt-\u2013-Mother-and-child-detail-slike-na-platnu-4-768x576.jpg 768w, https:\/\/svetslik.si\/wp-content\/uploads\/2021\/09\/Gustav-Klimt-\u2013-Mother-and-child-detail-slike-na-platnu-4-150x113.jpg 150w\" sizes=\"(max-width: 1500px) 100vw, 1500px\" \/>\t\t\t\t<\/div>\n\t\t\t\t\t\t\t\t\t\t\t<\/div>\n\t<\/div>\n  [\/vc_column][\/vc_row][vc_row][vc_column][vc_column_text]\n<h1>Gustav Klimt &#8211; Madre e figlio (particolare) &#8211; Madre e figlio<\/h1>\n<p>Questo sorprendente dipinto su tela \u00e8 un dettaglio dell&#8217;olio su tela <em>Tre et\u00e0 della donna<\/em> del 1905. Nel dipinto murale originale, Klimt colloc\u00f2 una donna anziana sul lato sinistro del dipinto come contrappeso alla scena complessiva. In questo dolce ritratto di una madre e di una figlia addormentate, Klimt esprime un senso di eterna contentezza. Il concetto di quest&#8217;opera d&#8217;arte, i colori e gli ornamenti utilizzati sono pieni di contrasti e ci rivelano il nostro passato e il nostro futuro.<\/p>\n<p>&#8220;Madre e bambino&#8221;, dipinta dall&#8217;artista austriaco Gustav Klimt nel 1905-1907, \u00e8 considerata una delle opere pi\u00f9 intime e personali dell&#8217;artista. Il dipinto raffigura una madre che tiene in braccio il suo bambino in un abbraccio caldo e amorevole, circondata da uno sfondo di fogliame rigoglioso e fiori vivaci.Il dipinto \u00e8 un eccellente esempio dello stile Art Nouveau di Klimt, caratterizzato dall&#8217;uso di motivi elaborati, colori vivaci e soggetti sensuali. La madre e il bambino sono raffigurati in modo altamente stilizzato, con arti allungati e lineamenti del viso semplificati, che conferiscono all&#8217;immagine una qualit\u00e0 ultraterrena e onirica.Una delle caratteristiche pi\u00f9 sorprendenti di &#8220;Mother and Child&#8221; \u00e8 l&#8217;uso di colori vivaci e motivi intricati. Il dipinto \u00e8 un intreccio di colori, con madre e figlio, foglie e fiori costituiti da motivi vorticosi e intrecciati. L&#8217;uso del colore e del motivo crea un senso di movimento e fluidit\u00e0, il che \u00e8 appropriato dato il tema della maternit\u00e0 e dell&#8217;amore dell&#8217;immagine.Anche il simbolismo del dipinto \u00e8 ricco. Madre e figlio sono spesso visti come simboli di amore, cura e continuit\u00e0 della vita. Il fogliame rigoglioso e i fiori vibranti che circondano madre e figlio potrebbero rappresentare l\u2019abbondanza e la vitalit\u00e0 della natura e il legame tra madre e figlio. La posa intima di madre e figlio potrebbe rappresentare un legame indissolubile tra loro.Il dipinto fu ben accolto dalla critica alla sua prima mostra e da allora \u00e8 diventato una delle opere pi\u00f9 amate e riconoscibili di Klimt. Attualmente \u00e8 conservato nel Museo delle Belle Arti di Vienna, Austria.In breve, &#8220;Madre e figlio&#8221; \u00e8 un dipinto intimo e personale che mostra i motivi riccamente decorati, i colori vivaci e il tema sensuale che sono i tratti distintivi dello stile art nouveau di Gustav Klimt. L&#8217;uso del colore e del motivo nel dipinto crea un senso di movimento e fluidit\u00e0, mentre la madre e il bambino simboleggiano l&#8217;amore, la cura e la continuit\u00e0 della vita. Il dipinto \u00e8 considerato una delle opere pi\u00f9 amate e riconoscibili di Klimt ed \u00e8 attualmente ospitato nel Museo delle Belle Arti di Vienna, Austria.[\/vc_column_text][\/vc_column][\/vc_row]\n<table id=\"imageinfo\" border=\"0\" width=\"96%\" cellpadding=\"2\">\n<tbody>\n<tr>\n<td width=\"120\">Anno di creazione:<\/td>\n<td>1905<\/td>\n<\/tr>\n<tr>\n<td>Dimensione originale:<\/td>\n<td>178 x 198 cm<\/td>\n<\/tr>\n<tr>\n<td>Stile di pittura:<\/td>\n<td>Secessione<\/td>\n<\/tr>\n<tr>\n<td>Tecnica originale:<\/td>\n<td>Olio su tela<\/td>\n<\/tr>\n<tr>\n<td>Situato:<\/td>\n<td>Galleria Nazionale d&#8217;Arte Moderna (GNAM), Roma<\/td>\n<\/tr>\n<\/tbody>\n<\/table>\n<\/div>","protected":false},"excerpt":{"rendered":"<p>[vc_row css=&#8221;.vc_custom_1742245667041{margin-bottom: 5px !important;}&#8221;][vc_column][\/vc_column][\/vc_row][vc_row css=&#8221;.vc_custom_1742245667041{margin-bottom: 5px !important;}&#8221;][vc_column][\/vc_column][\/vc_row][vc_row css=&#8221;.vc_custom_1742245667041{margin-bottom: 5px !important;}&#8221;][vc_column][\/vc_column][\/vc_row][vc_row css=&#8221;.vc_custom_1742245667041{margin-bottom: 5px !important;}&#8221;][vc_column][\/vc_column][\/vc_row][vc_row][vc_column][vc_column_text] Gustav Klimt &#8211; Madre e figlio (particolare) &#8211; Madre e figlio Questo sorprendente dipinto su tela \u00e8 un dettaglio dell&#8217;olio su tela Tre et\u00e0 della donna del 1905. Nel dipinto murale originale, Klimt colloc\u00f2 una donna anziana [&hellip;]<\/p>\n","protected":false},"featured_media":35385,"template":"","meta":{"_acf_changed":false},"product_brand":[],"product_cat":[4182],"product_tag":[4220,4224,4245,4246,4253],"class_list":{"0":"post-37876","1":"product","2":"type-product","3":"status-publish","4":"has-post-thumbnail","6":"product_cat-gustav-klimt","7":"product_tag-gustav-klimt-it","8":"product_tag-klimt-it","9":"product_tag-riproduzione","10":"product_tag-riproduzione-it","11":"product_tag-un-pittore","12":"pa_dimenzija-100-x-100-cm-it","13":"pa_dimenzija-120-x-120-cm-it","14":"pa_dimenzija-150-x-150-cm-it","15":"pa_dimenzija-50-x-50-cm-it","16":"pa_dimenzija-60-x-60-cm-it","17":"pa_dimenzija-80-x-80-cm-it","18":"pa_dimenzija-90-x-90-cm-it","19":"pa_oblika-verticale","20":"pa_okvir-sensa-cornice","21":"pa_podokvir-no","22":"pa_podokvir-si","24":"first","25":"onbackorder","26":"purchasable","27":"product-type-variable","28":"has-default-attributes"},"acf":[],"yoast_head":"<!-- This site is optimized with the Yoast SEO Premium plugin v26.0 (Yoast SEO v27.2) - https:\/\/yoast.com\/product\/yoast-seo-premium-wordpress\/ -->\n<title>Gustav Klimt - Mother and child (detail) \u2013 Madre e bambino (dettaglio) - SVETSLIK.SI - Dipinti a mano al 100%<\/title>\n<meta name=\"description\" content=\"Gustav Klimt - Mother and child (detail) \u2013 Madre e bambino (dettaglio) - Riproduzioni di quadri d&#039;arte dipinte a mano al 100% su tela. Cornici per quadri, vendita e produzione di dimensioni su ordinazione.\" \/>\n<meta name=\"robots\" content=\"index, follow, max-snippet:-1, max-image-preview:large, max-video-preview:-1\" \/>\n<link rel=\"canonical\" href=\"https:\/\/svetslik.si\/it\/gustav-klimt\/mother-and-child-detail\/\" \/>\n<meta property=\"og:locale\" content=\"it_IT\" \/>\n<meta property=\"og:type\" content=\"article\" \/>\n<meta property=\"og:title\" content=\"Gustav Klimt - Mother and child (detail) \u2013 Madre e bambino (dettaglio)\" \/>\n<meta property=\"og:description\" content=\"100% ro\u010dno naslikane slike na platnu, reprodukcije znanih slikarjev in umetni\u0161ke slike po naro\u010dilu.\" \/>\n<meta property=\"og:url\" content=\"https:\/\/svetslik.si\/it\/gustav-klimt\/mother-and-child-detail\/\" \/>\n<meta property=\"og:site_name\" content=\"SVETSLIK.SI\" \/>\n<meta property=\"article:publisher\" content=\"https:\/\/www.facebook.com\/svetslik.si\" \/>\n<meta property=\"article:modified_time\" content=\"2026-03-16T15:04:45+00:00\" \/>\n<meta property=\"og:image\" content=\"https:\/\/svetslik.si\/wp-content\/uploads\/2021\/08\/image_Mother-and-child-detail-Gustav-Klimt_680.jpg\" \/>\n\t<meta property=\"og:image:width\" content=\"1033\" \/>\n\t<meta property=\"og:image:height\" content=\"1274\" \/>\n\t<meta property=\"og:image:type\" content=\"image\/jpeg\" \/>\n<meta name=\"twitter:card\" content=\"summary_large_image\" \/>\n<meta name=\"twitter:site\" content=\"@svetslik\" \/>\n<meta name=\"twitter:label1\" content=\"Disponibilit\u00e0\" \/>\n\t<meta name=\"twitter:data1\" content=\"Su ordinazione\" \/>\n<script type=\"application\/ld+json\" class=\"yoast-schema-graph\">{\"@context\":\"https:\/\/schema.org\",\"@graph\":[{\"@type\":[\"WebPage\",\"ItemPage\"],\"@id\":\"https:\/\/svetslik.si\/it\/gustav-klimt\/mother-and-child-detail\/\",\"url\":\"https:\/\/svetslik.si\/it\/gustav-klimt\/mother-and-child-detail\/\",\"name\":\"Gustav Klimt - Mother and child (detail) \u2013 Madre e bambino (dettaglio) - SVETSLIK.SI - Dipinti a mano al 100%\",\"isPartOf\":{\"@id\":\"https:\/\/svetslik.si\/it\/#website\"},\"primaryImageOfPage\":{\"@id\":\"https:\/\/svetslik.si\/it\/gustav-klimt\/mother-and-child-detail\/#primaryimage\"},\"image\":{\"@id\":\"https:\/\/svetslik.si\/it\/gustav-klimt\/mother-and-child-detail\/#primaryimage\"},\"thumbnailUrl\":\"https:\/\/svetslik.si\/wp-content\/uploads\/2021\/08\/image_Mother-and-child-detail-Gustav-Klimt_680.jpg\",\"datePublished\":\"2021-09-02T15:41:58+00:00\",\"dateModified\":\"2026-03-16T15:04:45+00:00\",\"description\":\"Gustav Klimt - Mother and child (detail) \u2013 Madre e bambino (dettaglio) - Riproduzioni di quadri d'arte dipinte a mano al 100% su tela. Cornici per quadri, vendita e produzione di dimensioni su ordinazione.\",\"breadcrumb\":{\"@id\":\"https:\/\/svetslik.si\/it\/gustav-klimt\/mother-and-child-detail\/#breadcrumb\"},\"inLanguage\":\"it-IT\",\"potentialAction\":[{\"@type\":\"ReadAction\",\"target\":[\"https:\/\/svetslik.si\/it\/gustav-klimt\/mother-and-child-detail\/\"]}]},{\"@type\":\"ImageObject\",\"inLanguage\":\"it-IT\",\"@id\":\"https:\/\/svetslik.si\/it\/gustav-klimt\/mother-and-child-detail\/#primaryimage\",\"url\":\"https:\/\/svetslik.si\/wp-content\/uploads\/2021\/08\/image_Mother-and-child-detail-Gustav-Klimt_680.jpg\",\"contentUrl\":\"https:\/\/svetslik.si\/wp-content\/uploads\/2021\/08\/image_Mother-and-child-detail-Gustav-Klimt_680.jpg\",\"width\":1033,\"height\":1274,\"caption\":\"Quadri su tela - Gustav Klimt - Madre e figlio (particolare) - Quadri dipinti a mano, riproduzioni di quadri di pittori famosi, olio su tela, quadri ad olio, quadri moderni, quadri murali, quadri ambient, astratti, decorativi\"},{\"@type\":\"BreadcrumbList\",\"@id\":\"https:\/\/svetslik.si\/it\/gustav-klimt\/mother-and-child-detail\/#breadcrumb\",\"itemListElement\":[{\"@type\":\"ListItem\",\"position\":1,\"name\":\"Fali m\u0171v\u00e9szet \u00e9s festm\u00e9nyek v\u00e1szonra\",\"item\":\"https:\/\/svetslik.si\/it\/\"},{\"@type\":\"ListItem\",\"position\":2,\"name\":\"Vendita di dipinti\",\"item\":\"https:\/\/svetslik.si\/prodaja-slik\/\"},{\"@type\":\"ListItem\",\"position\":3,\"name\":\"Gustav Klimt &#8211; Mother and child (detail) \u2013 Madre e bambino (dettaglio)\"}]},{\"@type\":\"WebSite\",\"@id\":\"https:\/\/svetslik.si\/it\/#website\",\"url\":\"https:\/\/svetslik.si\/it\/\",\"name\":\"SVETSLIK.SI\",\"description\":\"100% riproduzioni dipinte a mano di quadri di pittori famosi e dipinti su tela.\",\"publisher\":{\"@id\":\"https:\/\/svetslik.si\/it\/#organization\"},\"potentialAction\":[{\"@type\":\"SearchAction\",\"target\":{\"@type\":\"EntryPoint\",\"urlTemplate\":\"https:\/\/svetslik.si\/it\/?s={search_term_string}\"},\"query-input\":{\"@type\":\"PropertyValueSpecification\",\"valueRequired\":true,\"valueName\":\"search_term_string\"}}],\"inLanguage\":\"it-IT\"},{\"@type\":\"Organization\",\"@id\":\"https:\/\/svetslik.si\/it\/#organization\",\"name\":\"SvetSlik.si\",\"url\":\"https:\/\/svetslik.si\/it\/\",\"logo\":{\"@type\":\"ImageObject\",\"inLanguage\":\"it-IT\",\"@id\":\"https:\/\/svetslik.si\/it\/#\/schema\/logo\/image\/\",\"url\":\"https:\/\/svetslik.si\/wp-content\/uploads\/2020\/12\/logo-512.png\",\"contentUrl\":\"https:\/\/svetslik.si\/wp-content\/uploads\/2020\/12\/logo-512.png\",\"width\":512,\"height\":512,\"caption\":\"SvetSlik.si\"},\"image\":{\"@id\":\"https:\/\/svetslik.si\/it\/#\/schema\/logo\/image\/\"},\"sameAs\":[\"https:\/\/www.facebook.com\/svetslik.si\",\"https:\/\/x.com\/svetslik\",\"https:\/\/www.instagram.com\/svetslik.si\/\",\"https:\/\/www.linkedin.com\/company\/svetslik-si\"]}]}<\/script>\n<meta property=\"og:availability\" content=\"backorder\" \/>\n<meta property=\"product:availability\" content=\"available for order\" \/>\n<meta property=\"product:retailer_item_id\" content=\"24__\" \/>\n<meta property=\"product:condition\" content=\"new\" \/>\n<!-- \/ Yoast SEO Premium plugin. -->","yoast_head_json":{"title":"Gustav Klimt - Mother and child (detail) \u2013 Madre e bambino (dettaglio) - SVETSLIK.SI - Dipinti a mano al 100%","description":"Gustav Klimt - Mother and child (detail) \u2013 Madre e bambino (dettaglio) - Riproduzioni di quadri d'arte dipinte a mano al 100% su tela. Cornici per quadri, vendita e produzione di dimensioni su ordinazione.","robots":{"index":"index","follow":"follow","max-snippet":"max-snippet:-1","max-image-preview":"max-image-preview:large","max-video-preview":"max-video-preview:-1"},"canonical":"https:\/\/svetslik.si\/it\/gustav-klimt\/mother-and-child-detail\/","og_locale":"it_IT","og_type":"article","og_title":"Gustav Klimt - Mother and child (detail) \u2013 Madre e bambino (dettaglio)","og_description":"100% ro\u010dno naslikane slike na platnu, reprodukcije znanih slikarjev in umetni\u0161ke slike po naro\u010dilu.","og_url":"https:\/\/svetslik.si\/it\/gustav-klimt\/mother-and-child-detail\/","og_site_name":"SVETSLIK.SI","article_publisher":"https:\/\/www.facebook.com\/svetslik.si","article_modified_time":"2026-03-16T15:04:45+00:00","og_image":[{"width":1033,"height":1274,"url":"https:\/\/svetslik.si\/wp-content\/uploads\/2021\/08\/image_Mother-and-child-detail-Gustav-Klimt_680.jpg","type":"image\/jpeg"}],"twitter_card":"summary_large_image","twitter_site":"@svetslik","twitter_misc":{"Disponibilit\u00e0":"Su ordinazione"},"schema":{"@context":"https:\/\/schema.org","@graph":[{"@type":["WebPage","ItemPage"],"@id":"https:\/\/svetslik.si\/it\/gustav-klimt\/mother-and-child-detail\/","url":"https:\/\/svetslik.si\/it\/gustav-klimt\/mother-and-child-detail\/","name":"Gustav Klimt - Mother and child (detail) \u2013 Madre e bambino (dettaglio) - SVETSLIK.SI - Dipinti a mano al 100%","isPartOf":{"@id":"https:\/\/svetslik.si\/it\/#website"},"primaryImageOfPage":{"@id":"https:\/\/svetslik.si\/it\/gustav-klimt\/mother-and-child-detail\/#primaryimage"},"image":{"@id":"https:\/\/svetslik.si\/it\/gustav-klimt\/mother-and-child-detail\/#primaryimage"},"thumbnailUrl":"https:\/\/svetslik.si\/wp-content\/uploads\/2021\/08\/image_Mother-and-child-detail-Gustav-Klimt_680.jpg","datePublished":"2021-09-02T15:41:58+00:00","dateModified":"2026-03-16T15:04:45+00:00","description":"Gustav Klimt - Mother and child (detail) \u2013 Madre e bambino (dettaglio) - Riproduzioni di quadri d'arte dipinte a mano al 100% su tela. Cornici per quadri, vendita e produzione di dimensioni su ordinazione.","breadcrumb":{"@id":"https:\/\/svetslik.si\/it\/gustav-klimt\/mother-and-child-detail\/#breadcrumb"},"inLanguage":"it-IT","potentialAction":[{"@type":"ReadAction","target":["https:\/\/svetslik.si\/it\/gustav-klimt\/mother-and-child-detail\/"]}]},{"@type":"ImageObject","inLanguage":"it-IT","@id":"https:\/\/svetslik.si\/it\/gustav-klimt\/mother-and-child-detail\/#primaryimage","url":"https:\/\/svetslik.si\/wp-content\/uploads\/2021\/08\/image_Mother-and-child-detail-Gustav-Klimt_680.jpg","contentUrl":"https:\/\/svetslik.si\/wp-content\/uploads\/2021\/08\/image_Mother-and-child-detail-Gustav-Klimt_680.jpg","width":1033,"height":1274,"caption":"Quadri su tela - Gustav Klimt - Madre e figlio (particolare) - Quadri dipinti a mano, riproduzioni di quadri di pittori famosi, olio su tela, quadri ad olio, quadri moderni, quadri murali, quadri ambient, astratti, decorativi"},{"@type":"BreadcrumbList","@id":"https:\/\/svetslik.si\/it\/gustav-klimt\/mother-and-child-detail\/#breadcrumb","itemListElement":[{"@type":"ListItem","position":1,"name":"Fali m\u0171v\u00e9szet \u00e9s festm\u00e9nyek v\u00e1szonra","item":"https:\/\/svetslik.si\/it\/"},{"@type":"ListItem","position":2,"name":"Vendita di dipinti","item":"https:\/\/svetslik.si\/prodaja-slik\/"},{"@type":"ListItem","position":3,"name":"Gustav Klimt &#8211; Mother and child (detail) \u2013 Madre e bambino (dettaglio)"}]},{"@type":"WebSite","@id":"https:\/\/svetslik.si\/it\/#website","url":"https:\/\/svetslik.si\/it\/","name":"SVETSLIK.SI","description":"100% riproduzioni dipinte a mano di quadri di pittori famosi e dipinti su tela.","publisher":{"@id":"https:\/\/svetslik.si\/it\/#organization"},"potentialAction":[{"@type":"SearchAction","target":{"@type":"EntryPoint","urlTemplate":"https:\/\/svetslik.si\/it\/?s={search_term_string}"},"query-input":{"@type":"PropertyValueSpecification","valueRequired":true,"valueName":"search_term_string"}}],"inLanguage":"it-IT"},{"@type":"Organization","@id":"https:\/\/svetslik.si\/it\/#organization","name":"SvetSlik.si","url":"https:\/\/svetslik.si\/it\/","logo":{"@type":"ImageObject","inLanguage":"it-IT","@id":"https:\/\/svetslik.si\/it\/#\/schema\/logo\/image\/","url":"https:\/\/svetslik.si\/wp-content\/uploads\/2020\/12\/logo-512.png","contentUrl":"https:\/\/svetslik.si\/wp-content\/uploads\/2020\/12\/logo-512.png","width":512,"height":512,"caption":"SvetSlik.si"},"image":{"@id":"https:\/\/svetslik.si\/it\/#\/schema\/logo\/image\/"},"sameAs":["https:\/\/www.facebook.com\/svetslik.si","https:\/\/x.com\/svetslik","https:\/\/www.instagram.com\/svetslik.si\/","https:\/\/www.linkedin.com\/company\/svetslik-si"]}]},"og_availability":"backorder","product_availability":"available for order","product_retailer_item_id":"24__","product_condition":"new"},"jetpack_sharing_enabled":true,"_links":{"self":[{"href":"https:\/\/svetslik.si\/it\/wp-json\/wp\/v2\/product\/37876","targetHints":{"allow":["GET"]}}],"collection":[{"href":"https:\/\/svetslik.si\/it\/wp-json\/wp\/v2\/product"}],"about":[{"href":"https:\/\/svetslik.si\/it\/wp-json\/wp\/v2\/types\/product"}],"wp:featuredmedia":[{"embeddable":true,"href":"https:\/\/svetslik.si\/it\/wp-json\/wp\/v2\/media\/35385"}],"wp:attachment":[{"href":"https:\/\/svetslik.si\/it\/wp-json\/wp\/v2\/media?parent=37876"}],"wp:term":[{"taxonomy":"product_brand","embeddable":true,"href":"https:\/\/svetslik.si\/it\/wp-json\/wp\/v2\/product_brand?post=37876"},{"taxonomy":"product_cat","embeddable":true,"href":"https:\/\/svetslik.si\/it\/wp-json\/wp\/v2\/product_cat?post=37876"},{"taxonomy":"product_tag","embeddable":true,"href":"https:\/\/svetslik.si\/it\/wp-json\/wp\/v2\/product_tag?post=37876"}],"curies":[{"name":"wp","href":"https:\/\/api.w.org\/{rel}","templated":true}]}}