{"id":37896,"date":"2021-09-02T17:42:04","date_gmt":"2021-09-02T15:42:04","guid":{"rendered":"https:\/\/svetslik.si\/senza-categoria\/forrest-of-beech-trees\/"},"modified":"2025-11-02T22:12:43","modified_gmt":"2025-11-02T21:12:43","slug":"forrest-of-beech-trees","status":"publish","type":"product","link":"https:\/\/svetslik.si\/it\/gustav-klimt\/forrest-of-beech-trees\/","title":{"rendered":"Gustav Klimt &#8211; Forrest of Beech Trees"},"content":{"rendered":"<div class=\"wpb-content-wrapper\">[vc_row][vc_column][vc_column_text css=&#8221;&#8221;]\n<p data-pm-slice=\"1 1 []\"><div class=\"yt-lazy-video ratio-square\" data-id=\"3zV8qvYP9QM\"><\/div>\n[\/vc_column][\/vc_row][vc_row][vc_column][vc_column_text]\n<h1>Gustav Klimt &#8211; Foresta di faggi<\/h1>\n<p>&nbsp;<\/p>\n<table id=\"imageinfo\" border=\"0\" width=\"96%\" cellspacing=\"0\" cellpadding=\"2\">\n<tbody>\n<tr>\n<td width=\"120\">Anno di creazione:<\/td>\n<td>1902<\/td>\n<\/tr>\n<tr>\n<td>Dimensione originale:<\/td>\n<td>100 x 100 cm<\/td>\n<\/tr>\n<tr>\n<td>Stile di pittura:<\/td>\n<td>Secessione<\/td>\n<\/tr>\n<tr>\n<td>Tecnica originale:<\/td>\n<td>Olio su tela<\/td>\n<\/tr>\n<tr>\n<td>Situato:<\/td>\n<td>Collezioni d&#8217;arte statali, Galerie Neue Meister, Dresda<\/td>\n<\/tr>\n<\/tbody>\n<\/table>\n<p>&nbsp;<\/p>\n<p>Questo \u00e8 uno dei numerosi dipinti che Klimt ha creato all&#8217;interno della foresta di faggi. In questo olio su tela il cielo \u00e8 irraggiungibile, chiuso dietro spesse sbarre di tronchi d&#8217;albero.<\/p>\n[\/vc_column_text][\/vc_column][\/vc_row][vc_row][vc_column]\t<div class=\"et-image-779 et-image     et_image_link\">\n\t\t<div class=\"et-image-inner \">\n\t\t\t\t\t\t\t<div class=\"et-image-thumb \">\n\t\t\t\t\t<img decoding=\"async\" width=\"2560\" height=\"2224\" src=\"https:\/\/svetslik.si\/wp-content\/uploads\/2021\/09\/Gustav-Klimt-\u2013-Forrest-of-Beech-Trees-scaled.jpg\" class=\"attachment-full\" alt=\"Gustav Klimt - Forrest of Beech Trees - Bosco di faggi\" title=\"Gustav Klimt - Forrest of Beech Trees - Bosco di faggi\" srcset=\"https:\/\/svetslik.si\/wp-content\/uploads\/2021\/09\/Gustav-Klimt-\u2013-Forrest-of-Beech-Trees-scaled.jpg 2560w, https:\/\/svetslik.si\/wp-content\/uploads\/2021\/09\/Gustav-Klimt-\u2013-Forrest-of-Beech-Trees-600x521.jpg 600w, https:\/\/svetslik.si\/wp-content\/uploads\/2021\/09\/Gustav-Klimt-\u2013-Forrest-of-Beech-Trees-scaled-1200x1043.jpg 1200w, https:\/\/svetslik.si\/wp-content\/uploads\/2021\/09\/Gustav-Klimt-\u2013-Forrest-of-Beech-Trees-300x261.jpg 300w, https:\/\/svetslik.si\/wp-content\/uploads\/2021\/09\/Gustav-Klimt-\u2013-Forrest-of-Beech-Trees-1024x890.jpg 1024w, https:\/\/svetslik.si\/wp-content\/uploads\/2021\/09\/Gustav-Klimt-\u2013-Forrest-of-Beech-Trees-768x667.jpg 768w, https:\/\/svetslik.si\/wp-content\/uploads\/2021\/09\/Gustav-Klimt-\u2013-Forrest-of-Beech-Trees-1536x1335.jpg 1536w, https:\/\/svetslik.si\/wp-content\/uploads\/2021\/09\/Gustav-Klimt-\u2013-Forrest-of-Beech-Trees-2048x1779.jpg 2048w, https:\/\/svetslik.si\/wp-content\/uploads\/2021\/09\/Gustav-Klimt-\u2013-Forrest-of-Beech-Trees-14x12.jpg 14w, https:\/\/svetslik.si\/wp-content\/uploads\/2021\/09\/Gustav-Klimt-\u2013-Forrest-of-Beech-Trees-150x130.jpg 150w, https:\/\/svetslik.si\/wp-content\/uploads\/2021\/09\/Gustav-Klimt-\u2013-Forrest-of-Beech-Trees-1320x1147.jpg 1320w, https:\/\/svetslik.si\/wp-content\/uploads\/2021\/09\/Gustav-Klimt-\u2013-Forrest-of-Beech-Trees-900x782.jpg 900w\" sizes=\"(max-width: 2560px) 100vw, 2560px\" \/>\t\t\t\t<\/div>\n\t\t\t\t\t\t\t\t\t\t\t<\/div>\n\t<\/div>\n  [\/vc_column][\/vc_row][vc_row][vc_column]\t<div class=\"et-image-638 et-image     et_image_link\">\n\t\t<div class=\"et-image-inner \">\n\t\t\t\t\t\t\t<div class=\"et-image-thumb \">\n\t\t\t\t\t<img decoding=\"async\" width=\"2560\" height=\"1441\" src=\"https:\/\/svetslik.si\/wp-content\/uploads\/2021\/09\/20220321_091315-1-scaled.jpg\" class=\"attachment-full\" alt=\"Gustav Klimt - Forrest of Beech Trees detail - Dettaglio\" title=\"Gustav Klimt - Forrest of Beech Trees detail - Dettaglio\" srcset=\"https:\/\/svetslik.si\/wp-content\/uploads\/2021\/09\/20220321_091315-1-scaled.jpg 2560w, https:\/\/svetslik.si\/wp-content\/uploads\/2021\/09\/20220321_091315-1-600x338.jpg 600w, https:\/\/svetslik.si\/wp-content\/uploads\/2021\/09\/20220321_091315-1-scaled-1200x675.jpg 1200w, https:\/\/svetslik.si\/wp-content\/uploads\/2021\/09\/20220321_091315-1-300x169.jpg 300w, https:\/\/svetslik.si\/wp-content\/uploads\/2021\/09\/20220321_091315-1-1024x577.jpg 1024w, https:\/\/svetslik.si\/wp-content\/uploads\/2021\/09\/20220321_091315-1-768x432.jpg 768w, https:\/\/svetslik.si\/wp-content\/uploads\/2021\/09\/20220321_091315-1-1536x865.jpg 1536w, https:\/\/svetslik.si\/wp-content\/uploads\/2021\/09\/20220321_091315-1-2048x1153.jpg 2048w, https:\/\/svetslik.si\/wp-content\/uploads\/2021\/09\/20220321_091315-1-18x10.jpg 18w, https:\/\/svetslik.si\/wp-content\/uploads\/2021\/09\/20220321_091315-1-150x84.jpg 150w, https:\/\/svetslik.si\/wp-content\/uploads\/2021\/09\/20220321_091315-1-1320x743.jpg 1320w, https:\/\/svetslik.si\/wp-content\/uploads\/2021\/09\/20220321_091315-1-900x507.jpg 900w\" sizes=\"(max-width: 2560px) 100vw, 2560px\" \/>\t\t\t\t<\/div>\n\t\t\t\t\t\t\t\t\t\t\t<\/div>\n\t<\/div>\n  [\/vc_column][\/vc_row][vc_row][vc_column][vc_column_text]&#8221;Il bosco di faggi&#8221;, dipinto nel 1903 dall&#8217;artista austriaco Gustav Klimt, \u00e8 considerato una delle opere pi\u00f9 serene e tranquille dell&#8217;artista. L&#8217;immagine raffigura una fitta faggeta, attraverso i cui rami penetra la luce del sole, creando un&#8217;atmosfera calda e invitante.<\/p>\n<p>Il dipinto \u00e8 un eccellente esempio dello stile Art Nouveau di Klimt, caratterizzato dall&#8217;uso di motivi elaborati, colori audaci e temi sensuali. I faggi sono raffigurati in modo altamente stilizzato, con rami allungati e tronchi contorti, conferendo all&#8217;immagine un aspetto soprannaturale e onirico.<\/p>\n<p>Una delle caratteristiche pi\u00f9 sorprendenti di &#8220;Beech Forest&#8221; \u00e8 l&#8217;uso di colori audaci e motivi intricati. Il dipinto \u00e8 un tripudio di colori, con faggi, foglie e luce del sole, tutti composti da motivi vorticosi e intrecciati. L&#8217;uso del colore e del motivo crea un senso di movimento e fluidit\u00e0, appropriato data la natura e la serenit\u00e0 del tema del dipinto.<\/p>\n<p>Anche il simbolismo del dipinto \u00e8 ricco. I faggi sono spesso considerati simboli di longevit\u00e0 e resilienza. Una fitta foresta potrebbe rappresentare l&#8217;interconnessione di tutti gli esseri viventi e la luce del sole che filtra attraverso i rami potrebbe simboleggiare la speranza e la vitalit\u00e0 della natura. L&#8217;atmosfera pacifica nel dipinto potrebbe rappresentare la pace e la tranquillit\u00e0 che la natura pu\u00f2 portare all&#8217;animo umano.<\/p>\n<p>Il dipinto \u00e8 stato ben accolto dalla critica alla sua prima mostra e da allora \u00e8 diventato una delle opere pi\u00f9 amate e riconoscibili di Klimt. Attualmente \u00e8 conservato nel Museo di Belle Arti di Vienna, in Austria.<\/p>\n<p>Tutto sommato, &#8220;Beech Forest&#8221; \u00e8 un dipinto sereno e calmo che mostra i motivi elaborati, i colori audaci e i temi sensuali che sono caratteristici di Gustav.[\/vc_column_text][\/vc_column][\/vc_row]\n<\/div>","protected":false},"excerpt":{"rendered":"<p>[vc_row][vc_column][vc_column_text css=&#8221;&#8221;] [\/vc_column][\/vc_row][vc_row][vc_column][vc_column_text] Gustav Klimt &#8211; Foresta di faggi &nbsp; Anno di creazione: 1902 Dimensione originale: 100 x 100 cm Stile di pittura: Secessione Tecnica originale: Olio su tela Situato: Collezioni d&#8217;arte statali, Galerie Neue Meister, Dresda &nbsp; Questo \u00e8 uno dei numerosi dipinti che Klimt ha creato all&#8217;interno della [&hellip;]<\/p>\n","protected":false},"featured_media":35168,"template":"","meta":{"_acf_changed":false},"product_brand":[],"product_cat":[4182],"product_tag":[4220,4224,4245,4246,4253],"class_list":{"0":"post-37896","1":"product","2":"type-product","3":"status-publish","4":"has-post-thumbnail","6":"product_cat-gustav-klimt","7":"product_tag-gustav-klimt-it","8":"product_tag-klimt-it","9":"product_tag-riproduzione","10":"product_tag-riproduzione-it","11":"product_tag-un-pittore","12":"pa_dimenzija-100-x-100-cm","13":"pa_dimenzija-120-x-120-cm","14":"pa_dimenzija-150-x-150-cm","15":"pa_dimenzija-50-x-50-cm","16":"pa_dimenzija-60-x-60-cm","17":"pa_dimenzija-70-x-70-cm","18":"pa_dimenzija-80-x-80-cm","19":"pa_dimenzija-90-x-90-cm","20":"pa_oblika-quadrata","21":"pa_okvir-sensa-cornice","22":"pa_podokvir-no","23":"pa_podokvir-si","25":"first","26":"onbackorder","27":"purchasable","28":"product-type-variable","29":"has-default-attributes"},"acf":[],"yoast_head":"<!-- This site is optimized with the Yoast SEO Premium plugin v26.0 (Yoast SEO v27.2) - https:\/\/yoast.com\/product\/yoast-seo-premium-wordpress\/ -->\n<title>Gustav Klimt - Forrest of Beech Trees - SVETSLIK.SI - Dipinti a mano al 100%<\/title>\n<meta name=\"description\" content=\"Gustav Klimt - Forrest of Beech Trees - Riproduzioni di quadri d&#039;arte dipinte a mano al 100% su tela. Cornici per quadri, vendita e produzione di dimensioni su ordinazione.\" \/>\n<meta name=\"robots\" content=\"index, follow, max-snippet:-1, max-image-preview:large, max-video-preview:-1\" \/>\n<link rel=\"canonical\" href=\"https:\/\/svetslik.si\/it\/gustav-klimt\/forrest-of-beech-trees\/\" \/>\n<meta property=\"og:locale\" content=\"it_IT\" \/>\n<meta property=\"og:type\" content=\"article\" \/>\n<meta property=\"og:title\" content=\"Gustav Klimt - Forrest of Beech Trees\" \/>\n<meta property=\"og:description\" content=\"100% ro\u010dno naslikane slike na platnu, reprodukcije znanih slikarjev in umetni\u0161ke slike po naro\u010dilu.\" \/>\n<meta property=\"og:url\" content=\"https:\/\/svetslik.si\/it\/gustav-klimt\/forrest-of-beech-trees\/\" \/>\n<meta property=\"og:site_name\" content=\"SVETSLIK.SI\" \/>\n<meta property=\"article:publisher\" content=\"https:\/\/www.facebook.com\/svetslik.si\" \/>\n<meta property=\"article:modified_time\" content=\"2025-11-02T21:12:43+00:00\" \/>\n<meta property=\"og:image\" content=\"https:\/\/svetslik.si\/wp-content\/uploads\/2021\/08\/image_Forest-of-Beech-Trees-Gustav-Klimt_680.jpg\" \/>\n\t<meta property=\"og:image:width\" content=\"2364\" \/>\n\t<meta property=\"og:image:height\" content=\"2372\" \/>\n\t<meta property=\"og:image:type\" content=\"image\/jpeg\" \/>\n<meta name=\"twitter:card\" content=\"summary_large_image\" \/>\n<meta name=\"twitter:site\" content=\"@svetslik\" \/>\n<meta name=\"twitter:label1\" content=\"Disponibilit\u00e0\" \/>\n\t<meta name=\"twitter:data1\" content=\"Su ordinazione\" \/>\n<script type=\"application\/ld+json\" class=\"yoast-schema-graph\">{\"@context\":\"https:\/\/schema.org\",\"@graph\":[{\"@type\":[\"WebPage\",\"ItemPage\"],\"@id\":\"https:\/\/svetslik.si\/it\/gustav-klimt\/forrest-of-beech-trees\/\",\"url\":\"https:\/\/svetslik.si\/it\/gustav-klimt\/forrest-of-beech-trees\/\",\"name\":\"Gustav Klimt - Forrest of Beech Trees - SVETSLIK.SI - Dipinti a mano al 100%\",\"isPartOf\":{\"@id\":\"https:\/\/svetslik.si\/it\/#website\"},\"primaryImageOfPage\":{\"@id\":\"https:\/\/svetslik.si\/it\/gustav-klimt\/forrest-of-beech-trees\/#primaryimage\"},\"image\":{\"@id\":\"https:\/\/svetslik.si\/it\/gustav-klimt\/forrest-of-beech-trees\/#primaryimage\"},\"thumbnailUrl\":\"https:\/\/svetslik.si\/wp-content\/uploads\/2021\/08\/image_Forest-of-Beech-Trees-Gustav-Klimt_680.jpg\",\"datePublished\":\"2021-09-02T15:42:04+00:00\",\"dateModified\":\"2025-11-02T21:12:43+00:00\",\"description\":\"Gustav Klimt - Forrest of Beech Trees - Riproduzioni di quadri d'arte dipinte a mano al 100% su tela. Cornici per quadri, vendita e produzione di dimensioni su ordinazione.\",\"breadcrumb\":{\"@id\":\"https:\/\/svetslik.si\/it\/gustav-klimt\/forrest-of-beech-trees\/#breadcrumb\"},\"inLanguage\":\"it-IT\",\"potentialAction\":[{\"@type\":\"ReadAction\",\"target\":[\"https:\/\/svetslik.si\/it\/gustav-klimt\/forrest-of-beech-trees\/\"]}]},{\"@type\":\"ImageObject\",\"inLanguage\":\"it-IT\",\"@id\":\"https:\/\/svetslik.si\/it\/gustav-klimt\/forrest-of-beech-trees\/#primaryimage\",\"url\":\"https:\/\/svetslik.si\/wp-content\/uploads\/2021\/08\/image_Forest-of-Beech-Trees-Gustav-Klimt_680.jpg\",\"contentUrl\":\"https:\/\/svetslik.si\/wp-content\/uploads\/2021\/08\/image_Forest-of-Beech-Trees-Gustav-Klimt_680.jpg\",\"width\":2364,\"height\":2372,\"caption\":\"Riproduzioni di dipinti - Gustav Klimt - Bosco di faggi - Dipinti a mano per pareti, olio su tela, dipinti ad olio, quadri moderni, quadri d'arte per pareti, ambientali, astratti, quadri decorativi per pareti\"},{\"@type\":\"BreadcrumbList\",\"@id\":\"https:\/\/svetslik.si\/it\/gustav-klimt\/forrest-of-beech-trees\/#breadcrumb\",\"itemListElement\":[{\"@type\":\"ListItem\",\"position\":1,\"name\":\"Fali m\u0171v\u00e9szet \u00e9s festm\u00e9nyek v\u00e1szonra\",\"item\":\"https:\/\/svetslik.si\/it\/\"},{\"@type\":\"ListItem\",\"position\":2,\"name\":\"Vendita di dipinti\",\"item\":\"https:\/\/svetslik.si\/prodaja-slik\/\"},{\"@type\":\"ListItem\",\"position\":3,\"name\":\"Gustav Klimt &#8211; Forrest of Beech Trees\"}]},{\"@type\":\"WebSite\",\"@id\":\"https:\/\/svetslik.si\/it\/#website\",\"url\":\"https:\/\/svetslik.si\/it\/\",\"name\":\"SVETSLIK.SI\",\"description\":\"100% riproduzioni dipinte a mano di quadri di pittori famosi e dipinti su tela.\",\"publisher\":{\"@id\":\"https:\/\/svetslik.si\/it\/#organization\"},\"potentialAction\":[{\"@type\":\"SearchAction\",\"target\":{\"@type\":\"EntryPoint\",\"urlTemplate\":\"https:\/\/svetslik.si\/it\/?s={search_term_string}\"},\"query-input\":{\"@type\":\"PropertyValueSpecification\",\"valueRequired\":true,\"valueName\":\"search_term_string\"}}],\"inLanguage\":\"it-IT\"},{\"@type\":\"Organization\",\"@id\":\"https:\/\/svetslik.si\/it\/#organization\",\"name\":\"SvetSlik.si\",\"url\":\"https:\/\/svetslik.si\/it\/\",\"logo\":{\"@type\":\"ImageObject\",\"inLanguage\":\"it-IT\",\"@id\":\"https:\/\/svetslik.si\/it\/#\/schema\/logo\/image\/\",\"url\":\"https:\/\/svetslik.si\/wp-content\/uploads\/2020\/12\/logo-512.png\",\"contentUrl\":\"https:\/\/svetslik.si\/wp-content\/uploads\/2020\/12\/logo-512.png\",\"width\":512,\"height\":512,\"caption\":\"SvetSlik.si\"},\"image\":{\"@id\":\"https:\/\/svetslik.si\/it\/#\/schema\/logo\/image\/\"},\"sameAs\":[\"https:\/\/www.facebook.com\/svetslik.si\",\"https:\/\/x.com\/svetslik\",\"https:\/\/www.instagram.com\/svetslik.si\/\",\"https:\/\/www.linkedin.com\/company\/svetslik-si\"]}]}<\/script>\n<meta property=\"og:availability\" content=\"backorder\" \/>\n<meta property=\"product:availability\" content=\"available for order\" \/>\n<meta property=\"product:retailer_item_id\" content=\"27__\" \/>\n<meta property=\"product:condition\" content=\"new\" \/>\n<!-- \/ Yoast SEO Premium plugin. -->","yoast_head_json":{"title":"Gustav Klimt - Forrest of Beech Trees - SVETSLIK.SI - Dipinti a mano al 100%","description":"Gustav Klimt - Forrest of Beech Trees - Riproduzioni di quadri d'arte dipinte a mano al 100% su tela. Cornici per quadri, vendita e produzione di dimensioni su ordinazione.","robots":{"index":"index","follow":"follow","max-snippet":"max-snippet:-1","max-image-preview":"max-image-preview:large","max-video-preview":"max-video-preview:-1"},"canonical":"https:\/\/svetslik.si\/it\/gustav-klimt\/forrest-of-beech-trees\/","og_locale":"it_IT","og_type":"article","og_title":"Gustav Klimt - Forrest of Beech Trees","og_description":"100% ro\u010dno naslikane slike na platnu, reprodukcije znanih slikarjev in umetni\u0161ke slike po naro\u010dilu.","og_url":"https:\/\/svetslik.si\/it\/gustav-klimt\/forrest-of-beech-trees\/","og_site_name":"SVETSLIK.SI","article_publisher":"https:\/\/www.facebook.com\/svetslik.si","article_modified_time":"2025-11-02T21:12:43+00:00","og_image":[{"width":2364,"height":2372,"url":"https:\/\/svetslik.si\/wp-content\/uploads\/2021\/08\/image_Forest-of-Beech-Trees-Gustav-Klimt_680.jpg","type":"image\/jpeg"}],"twitter_card":"summary_large_image","twitter_site":"@svetslik","twitter_misc":{"Disponibilit\u00e0":"Su ordinazione"},"schema":{"@context":"https:\/\/schema.org","@graph":[{"@type":["WebPage","ItemPage"],"@id":"https:\/\/svetslik.si\/it\/gustav-klimt\/forrest-of-beech-trees\/","url":"https:\/\/svetslik.si\/it\/gustav-klimt\/forrest-of-beech-trees\/","name":"Gustav Klimt - Forrest of Beech Trees - SVETSLIK.SI - Dipinti a mano al 100%","isPartOf":{"@id":"https:\/\/svetslik.si\/it\/#website"},"primaryImageOfPage":{"@id":"https:\/\/svetslik.si\/it\/gustav-klimt\/forrest-of-beech-trees\/#primaryimage"},"image":{"@id":"https:\/\/svetslik.si\/it\/gustav-klimt\/forrest-of-beech-trees\/#primaryimage"},"thumbnailUrl":"https:\/\/svetslik.si\/wp-content\/uploads\/2021\/08\/image_Forest-of-Beech-Trees-Gustav-Klimt_680.jpg","datePublished":"2021-09-02T15:42:04+00:00","dateModified":"2025-11-02T21:12:43+00:00","description":"Gustav Klimt - Forrest of Beech Trees - Riproduzioni di quadri d'arte dipinte a mano al 100% su tela. Cornici per quadri, vendita e produzione di dimensioni su ordinazione.","breadcrumb":{"@id":"https:\/\/svetslik.si\/it\/gustav-klimt\/forrest-of-beech-trees\/#breadcrumb"},"inLanguage":"it-IT","potentialAction":[{"@type":"ReadAction","target":["https:\/\/svetslik.si\/it\/gustav-klimt\/forrest-of-beech-trees\/"]}]},{"@type":"ImageObject","inLanguage":"it-IT","@id":"https:\/\/svetslik.si\/it\/gustav-klimt\/forrest-of-beech-trees\/#primaryimage","url":"https:\/\/svetslik.si\/wp-content\/uploads\/2021\/08\/image_Forest-of-Beech-Trees-Gustav-Klimt_680.jpg","contentUrl":"https:\/\/svetslik.si\/wp-content\/uploads\/2021\/08\/image_Forest-of-Beech-Trees-Gustav-Klimt_680.jpg","width":2364,"height":2372,"caption":"Riproduzioni di dipinti - Gustav Klimt - Bosco di faggi - Dipinti a mano per pareti, olio su tela, dipinti ad olio, quadri moderni, quadri d'arte per pareti, ambientali, astratti, quadri decorativi per pareti"},{"@type":"BreadcrumbList","@id":"https:\/\/svetslik.si\/it\/gustav-klimt\/forrest-of-beech-trees\/#breadcrumb","itemListElement":[{"@type":"ListItem","position":1,"name":"Fali m\u0171v\u00e9szet \u00e9s festm\u00e9nyek v\u00e1szonra","item":"https:\/\/svetslik.si\/it\/"},{"@type":"ListItem","position":2,"name":"Vendita di dipinti","item":"https:\/\/svetslik.si\/prodaja-slik\/"},{"@type":"ListItem","position":3,"name":"Gustav Klimt &#8211; Forrest of Beech Trees"}]},{"@type":"WebSite","@id":"https:\/\/svetslik.si\/it\/#website","url":"https:\/\/svetslik.si\/it\/","name":"SVETSLIK.SI","description":"100% riproduzioni dipinte a mano di quadri di pittori famosi e dipinti su tela.","publisher":{"@id":"https:\/\/svetslik.si\/it\/#organization"},"potentialAction":[{"@type":"SearchAction","target":{"@type":"EntryPoint","urlTemplate":"https:\/\/svetslik.si\/it\/?s={search_term_string}"},"query-input":{"@type":"PropertyValueSpecification","valueRequired":true,"valueName":"search_term_string"}}],"inLanguage":"it-IT"},{"@type":"Organization","@id":"https:\/\/svetslik.si\/it\/#organization","name":"SvetSlik.si","url":"https:\/\/svetslik.si\/it\/","logo":{"@type":"ImageObject","inLanguage":"it-IT","@id":"https:\/\/svetslik.si\/it\/#\/schema\/logo\/image\/","url":"https:\/\/svetslik.si\/wp-content\/uploads\/2020\/12\/logo-512.png","contentUrl":"https:\/\/svetslik.si\/wp-content\/uploads\/2020\/12\/logo-512.png","width":512,"height":512,"caption":"SvetSlik.si"},"image":{"@id":"https:\/\/svetslik.si\/it\/#\/schema\/logo\/image\/"},"sameAs":["https:\/\/www.facebook.com\/svetslik.si","https:\/\/x.com\/svetslik","https:\/\/www.instagram.com\/svetslik.si\/","https:\/\/www.linkedin.com\/company\/svetslik-si"]}]},"og_availability":"backorder","product_availability":"available for order","product_retailer_item_id":"27__","product_condition":"new"},"jetpack_sharing_enabled":true,"_links":{"self":[{"href":"https:\/\/svetslik.si\/it\/wp-json\/wp\/v2\/product\/37896","targetHints":{"allow":["GET"]}}],"collection":[{"href":"https:\/\/svetslik.si\/it\/wp-json\/wp\/v2\/product"}],"about":[{"href":"https:\/\/svetslik.si\/it\/wp-json\/wp\/v2\/types\/product"}],"wp:featuredmedia":[{"embeddable":true,"href":"https:\/\/svetslik.si\/it\/wp-json\/wp\/v2\/media\/35168"}],"wp:attachment":[{"href":"https:\/\/svetslik.si\/it\/wp-json\/wp\/v2\/media?parent=37896"}],"wp:term":[{"taxonomy":"product_brand","embeddable":true,"href":"https:\/\/svetslik.si\/it\/wp-json\/wp\/v2\/product_brand?post=37896"},{"taxonomy":"product_cat","embeddable":true,"href":"https:\/\/svetslik.si\/it\/wp-json\/wp\/v2\/product_cat?post=37896"},{"taxonomy":"product_tag","embeddable":true,"href":"https:\/\/svetslik.si\/it\/wp-json\/wp\/v2\/product_tag?post=37896"}],"curies":[{"name":"wp","href":"https:\/\/api.w.org\/{rel}","templated":true}]}}