{"id":37958,"date":"2021-09-02T17:42:14","date_gmt":"2021-09-02T15:42:14","guid":{"rendered":"https:\/\/svetslik.si\/senza-categoria\/olive-trees-with-the-alpilles-in-the-background\/"},"modified":"2026-03-24T17:15:33","modified_gmt":"2026-03-24T16:15:33","slug":"olive-trees-with-the-alpilles-in-the-background","status":"publish","type":"product","link":"https:\/\/svetslik.si\/it\/vincent-van-gogh\/olive-trees-with-the-alpilles-in-the-background\/","title":{"rendered":"Vincent van Gogh &#8211; Olive Trees with the Alpilles in the Background"},"content":{"rendered":"<h1>Vincent Van Gogh \u2013 Ulivi con le Alpilles sullo sfondo<\/h1>\n<p>\u00a0<\/p>\n<table border=\"0\" width=\"593\" cellspacing=\"0\" cellpadding=\"0\">\n<tr>\n<td height=\"21\">Anno di creazione:<\/td>\n<td style=\"width: 439px\">1889<\/td>\n<\/tr>\n<tr>\n<td height=\"21\">Dimensione originale:<\/td>\n<td style=\"width: 439px\">73 cm x 920 cm<\/td>\n<\/tr>\n<tr>\n<td height=\"21\">Stile colore:<\/td>\n<td style=\"width: 439px\">Post impressionismo<\/td>\n<\/tr>\n<tr>\n<td height=\"21\">Tecnica originale:<\/td>\n<td style=\"width: 439px\">Olio su tela<\/td>\n<\/tr>\n<tr>\n<td height=\"21\">Situato:<\/td>\n<td style=\"width: 439px\">Collezione di Ms. John Hay Whitney<\/td>\n<\/tr>\n<\/tbody>\n<\/table>\n<div><\/div>\n<div>Durante la sua permanenza presso la clinica di Saint-Remy, Van Gogh utilizzava spesso i motivi della clinica e del suo giardino per i motivi dei suoi dipinti ad olio. Durante le passeggiate sorvegliate nella zona, traeva ispirazione da vedute di cipressi e ulivi.<\/div>\n<div>\n<p>\u201cUlivi con le Alpi sullo sfondo\u201d \u00e8 un dipinto dell\u2019artista olandese Vincent van Gogh del 1889. Considerato una delle opere pi\u00f9 iconiche di Van Gogh, questo dipinto mostra la sua abilit\u00e0 nel catturare la bellezza e il potere della natura. Il dipinto raffigura una scena con alberi di ulivo sullo sfondo delle Alpilles nel sud della Francia. Il dipinto \u00e8 ampiamente riconosciuto per le sue pennellate audaci, l\u2019emotivit\u00e0 e il forte simbolismo.<\/p>\n<p>La composizione del dipinto \u00e8 dinamica, poich\u00e9 gli ulivi occupano la parte centrale della tela, mentre lo spazio rimanente \u00e8 occupato dalle montagne delle Alpilles. Anche l\u2019uso del colore nel dipinto \u00e8 degno di nota, poich\u00e9 Van Gogh utilizza colori audaci e contrastanti che creano un senso di movimento ed energia. Gli ulivi sono raffigurati nei toni del verde, che crea un senso di vitalit\u00e0 e vita. Le Alpi sono raffigurate nei toni del blu e del viola, creando un senso di serenit\u00e0 e pace. Le pennellate nel dipinto sono dense e visibili, conferendo al dipinto un senso di movimento ed energia.<\/p>\n<p>Anche il simbolismo nell\u2019immagine \u00e8 ricco, poich\u00e9 gli ulivi rappresentano la bellezza e il potere della natura, e le montagne delle Alpilles una connessione con la natura e i cicli naturali della vita. Si dice che il dipinto rappresenti lo stato emotivo di Van Gogh in quel momento. Creato mentre Van Gogh viveva nel Santuario di Saint-Paul-de-Mausole a Saint R\u00e9my de Provence, in Francia, si ritiene che il dipinto rifletta i sentimenti di desiderio dell\u2019artista per la connessione con la natura e i cicli naturali della vita.<\/p>\n<p>\u201cOlive con le Alpi sullo sfondo\u201d \u00e8 considerata una delle opere pi\u00f9 iconiche di Van Gogh e si trova nel Museum of Modern Art di New York, USA. \u00c8 un\u2019importante opera post-impressionista che \u00e8 ancora ammirata e studiata da appassionati ed esperti d\u2019arte. Le potenti immagini, l\u2019emotivit\u00e0 e il ricco simbolismo rendono il dipinto un must per qualsiasi amante dell\u2019arte o chiunque sia interessato al lavoro di Vincent van Gogh.<\/p>\n<\/div>\n","protected":false},"excerpt":{"rendered":"<p>Vincent Van Gogh \u2013 Ulivi con le Alpilles sullo sfondo \u00a0 Anno di creazione: 1889 Dimensione originale: 73 cm x 920 cm Stile colore: Post impressionismo Tecnica originale: Olio su tela Situato: Collezione di Ms. John Hay Whitney Durante la sua permanenza presso la clinica di Saint-Remy, Van Gogh utilizzava [&hellip;]<\/p>\n","protected":false},"featured_media":35430,"template":"","meta":{"_acf_changed":false},"product_brand":[],"product_cat":[4189],"product_tag":[4245,4246,4253,4265],"class_list":{"0":"post-37958","1":"product","2":"type-product","3":"status-publish","4":"has-post-thumbnail","6":"product_cat-vincent-van-gogh","7":"product_tag-riproduzione","8":"product_tag-riproduzione-it","9":"product_tag-un-pittore","10":"product_tag-van-gogh-it","11":"pa_dimenzija-120-x-90-cm","12":"pa_dimenzija-50-x-40-cm","13":"pa_dimenzija-60-x-40-cm","14":"pa_dimenzija-70-x-50-cm","15":"pa_dimenzija-80-x-60-cm","16":"pa_dimenzija-90-x-70-cm","17":"pa_oblika-orizzontale","18":"pa_okvir-sensa-cornice","20":"pa_podokvir-no","21":"pa_podokvir-si","23":"first","24":"onbackorder","25":"purchasable","26":"product-type-variable","27":"has-default-attributes"},"acf":[],"yoast_head":"<!-- This site is optimized with the Yoast SEO Premium plugin v26.0 (Yoast SEO v27.5) - https:\/\/yoast.com\/product\/yoast-seo-premium-wordpress\/ -->\n<title>Vincent van Gogh - Olive Trees with the Alpilles in the Background - SVETSLIK.SI - Dipinti a mano al 100%<\/title>\n<meta name=\"description\" content=\"Vincent van Gogh - Olive Trees with the Alpilles in the Background - Riproduzioni di quadri d&#039;arte dipinte a mano al 100% su tela. Cornici per quadri, vendita e produzione di dimensioni su ordinazione.\" \/>\n<meta name=\"robots\" content=\"index, follow, max-snippet:-1, max-image-preview:large, max-video-preview:-1\" \/>\n<link rel=\"canonical\" href=\"https:\/\/svetslik.si\/it\/vincent-van-gogh\/olive-trees-with-the-alpilles-in-the-background\/\" \/>\n<meta property=\"og:locale\" content=\"it_IT\" \/>\n<meta property=\"og:type\" content=\"article\" \/>\n<meta property=\"og:title\" content=\"Vincent van Gogh - Olive Trees with the Alpilles in the Background\" \/>\n<meta property=\"og:description\" content=\"100% ro\u010dno naslikane slike na platnu, reprodukcije znanih slikarjev in umetni\u0161ke slike po naro\u010dilu.\" \/>\n<meta property=\"og:url\" content=\"https:\/\/svetslik.si\/it\/vincent-van-gogh\/olive-trees-with-the-alpilles-in-the-background\/\" \/>\n<meta property=\"og:site_name\" content=\"SVETSLIK.SI\" \/>\n<meta property=\"article:publisher\" content=\"https:\/\/www.facebook.com\/svetslik.si\" \/>\n<meta property=\"article:modified_time\" content=\"2026-03-24T16:15:33+00:00\" \/>\n<meta property=\"og:image\" content=\"https:\/\/svetslik.si\/wp-content\/uploads\/2021\/08\/image_Olive-Trees-with-the-Alpilles-in-the-Background-Vincent-van-Gogh_680-scaled.jpg\" \/>\n\t<meta property=\"og:image:width\" content=\"2560\" \/>\n\t<meta property=\"og:image:height\" content=\"1830\" \/>\n\t<meta property=\"og:image:type\" content=\"image\/jpeg\" \/>\n<meta name=\"twitter:card\" content=\"summary_large_image\" \/>\n<meta name=\"twitter:site\" content=\"@svetslik\" \/>\n<meta name=\"twitter:label1\" content=\"Disponibilit\u00e0\" \/>\n\t<meta name=\"twitter:data1\" content=\"Su ordinazione\" \/>\n<script type=\"application\/ld+json\" class=\"yoast-schema-graph\">{\"@context\":\"https:\\\/\\\/schema.org\",\"@graph\":[{\"@type\":[\"WebPage\",\"ItemPage\"],\"@id\":\"https:\\\/\\\/svetslik.si\\\/it\\\/vincent-van-gogh\\\/olive-trees-with-the-alpilles-in-the-background\\\/\",\"url\":\"https:\\\/\\\/svetslik.si\\\/it\\\/vincent-van-gogh\\\/olive-trees-with-the-alpilles-in-the-background\\\/\",\"name\":\"Vincent van Gogh - Olive Trees with the Alpilles in the Background - SVETSLIK.SI - Dipinti a mano al 100%\",\"isPartOf\":{\"@id\":\"https:\\\/\\\/svetslik.si\\\/it\\\/#website\"},\"primaryImageOfPage\":{\"@id\":\"https:\\\/\\\/svetslik.si\\\/it\\\/vincent-van-gogh\\\/olive-trees-with-the-alpilles-in-the-background\\\/#primaryimage\"},\"image\":{\"@id\":\"https:\\\/\\\/svetslik.si\\\/it\\\/vincent-van-gogh\\\/olive-trees-with-the-alpilles-in-the-background\\\/#primaryimage\"},\"thumbnailUrl\":\"https:\\\/\\\/svetslik.si\\\/wp-content\\\/uploads\\\/2021\\\/08\\\/image_Olive-Trees-with-the-Alpilles-in-the-Background-Vincent-van-Gogh_680-scaled.jpg\",\"datePublished\":\"2021-09-02T15:42:14+00:00\",\"dateModified\":\"2026-03-24T16:15:33+00:00\",\"description\":\"Vincent van Gogh - Olive Trees with the Alpilles in the Background - Riproduzioni di quadri d'arte dipinte a mano al 100% su tela. Cornici per quadri, vendita e produzione di dimensioni su ordinazione.\",\"breadcrumb\":{\"@id\":\"https:\\\/\\\/svetslik.si\\\/it\\\/vincent-van-gogh\\\/olive-trees-with-the-alpilles-in-the-background\\\/#breadcrumb\"},\"inLanguage\":\"it-IT\",\"potentialAction\":[{\"@type\":\"ReadAction\",\"target\":[\"https:\\\/\\\/svetslik.si\\\/it\\\/vincent-van-gogh\\\/olive-trees-with-the-alpilles-in-the-background\\\/\"]}]},{\"@type\":\"ImageObject\",\"inLanguage\":\"it-IT\",\"@id\":\"https:\\\/\\\/svetslik.si\\\/it\\\/vincent-van-gogh\\\/olive-trees-with-the-alpilles-in-the-background\\\/#primaryimage\",\"url\":\"https:\\\/\\\/svetslik.si\\\/wp-content\\\/uploads\\\/2021\\\/08\\\/image_Olive-Trees-with-the-Alpilles-in-the-Background-Vincent-van-Gogh_680-scaled.jpg\",\"contentUrl\":\"https:\\\/\\\/svetslik.si\\\/wp-content\\\/uploads\\\/2021\\\/08\\\/image_Olive-Trees-with-the-Alpilles-in-the-Background-Vincent-van-Gogh_680-scaled.jpg\",\"width\":2560,\"height\":1830,\"caption\":\"Riproduzioni di quadri di pittori famosi, quadri fine art olio su tela, quadri decorativi, compravendita quadri Vincent Van Gogh - Ulivi con le Alpilles sullo sfondo\"},{\"@type\":\"BreadcrumbList\",\"@id\":\"https:\\\/\\\/svetslik.si\\\/it\\\/vincent-van-gogh\\\/olive-trees-with-the-alpilles-in-the-background\\\/#breadcrumb\",\"itemListElement\":[{\"@type\":\"ListItem\",\"position\":1,\"name\":\"Fali m\u0171v\u00e9szet \u00e9s festm\u00e9nyek v\u00e1szonra\",\"item\":\"https:\\\/\\\/svetslik.si\\\/it\\\/\"},{\"@type\":\"ListItem\",\"position\":2,\"name\":\"Vendita di dipinti\",\"item\":\"https:\\\/\\\/svetslik.si\\\/prodaja-slik\\\/\"},{\"@type\":\"ListItem\",\"position\":3,\"name\":\"Vincent van Gogh &#8211; Olive Trees with the Alpilles in the Background\"}]},{\"@type\":\"WebSite\",\"@id\":\"https:\\\/\\\/svetslik.si\\\/it\\\/#website\",\"url\":\"https:\\\/\\\/svetslik.si\\\/it\\\/\",\"name\":\"SVETSLIK.SI\",\"description\":\"100% riproduzioni dipinte a mano di quadri di pittori famosi e dipinti su tela.\",\"publisher\":{\"@id\":\"https:\\\/\\\/svetslik.si\\\/it\\\/#organization\"},\"potentialAction\":[{\"@type\":\"SearchAction\",\"target\":{\"@type\":\"EntryPoint\",\"urlTemplate\":\"https:\\\/\\\/svetslik.si\\\/it\\\/?s={search_term_string}\"},\"query-input\":{\"@type\":\"PropertyValueSpecification\",\"valueRequired\":true,\"valueName\":\"search_term_string\"}}],\"inLanguage\":\"it-IT\"},{\"@type\":\"Organization\",\"@id\":\"https:\\\/\\\/svetslik.si\\\/it\\\/#organization\",\"name\":\"SvetSlik.si\",\"url\":\"https:\\\/\\\/svetslik.si\\\/it\\\/\",\"logo\":{\"@type\":\"ImageObject\",\"inLanguage\":\"it-IT\",\"@id\":\"https:\\\/\\\/svetslik.si\\\/it\\\/#\\\/schema\\\/logo\\\/image\\\/\",\"url\":\"https:\\\/\\\/svetslik.si\\\/wp-content\\\/uploads\\\/2020\\\/12\\\/logo-512.png\",\"contentUrl\":\"https:\\\/\\\/svetslik.si\\\/wp-content\\\/uploads\\\/2020\\\/12\\\/logo-512.png\",\"width\":512,\"height\":512,\"caption\":\"SvetSlik.si\"},\"image\":{\"@id\":\"https:\\\/\\\/svetslik.si\\\/it\\\/#\\\/schema\\\/logo\\\/image\\\/\"},\"sameAs\":[\"https:\\\/\\\/www.facebook.com\\\/svetslik.si\",\"https:\\\/\\\/x.com\\\/svetslik\",\"https:\\\/\\\/www.instagram.com\\\/svetslik.si\\\/\",\"https:\\\/\\\/www.linkedin.com\\\/company\\\/svetslik-si\"]}]}<\/script>\n<meta property=\"og:availability\" content=\"backorder\" \/>\n<meta property=\"product:availability\" content=\"available for order\" \/>\n<meta property=\"product:retailer_item_id\" content=\"34__\" \/>\n<meta property=\"product:condition\" content=\"new\" \/>\n<!-- \/ Yoast SEO Premium plugin. -->","yoast_head_json":{"title":"Vincent van Gogh - Olive Trees with the Alpilles in the Background - SVETSLIK.SI - Dipinti a mano al 100%","description":"Vincent van Gogh - Olive Trees with the Alpilles in the Background - Riproduzioni di quadri d'arte dipinte a mano al 100% su tela. Cornici per quadri, vendita e produzione di dimensioni su ordinazione.","robots":{"index":"index","follow":"follow","max-snippet":"max-snippet:-1","max-image-preview":"max-image-preview:large","max-video-preview":"max-video-preview:-1"},"canonical":"https:\/\/svetslik.si\/it\/vincent-van-gogh\/olive-trees-with-the-alpilles-in-the-background\/","og_locale":"it_IT","og_type":"article","og_title":"Vincent van Gogh - Olive Trees with the Alpilles in the Background","og_description":"100% ro\u010dno naslikane slike na platnu, reprodukcije znanih slikarjev in umetni\u0161ke slike po naro\u010dilu.","og_url":"https:\/\/svetslik.si\/it\/vincent-van-gogh\/olive-trees-with-the-alpilles-in-the-background\/","og_site_name":"SVETSLIK.SI","article_publisher":"https:\/\/www.facebook.com\/svetslik.si","article_modified_time":"2026-03-24T16:15:33+00:00","og_image":[{"width":2560,"height":1830,"url":"https:\/\/svetslik.si\/wp-content\/uploads\/2021\/08\/image_Olive-Trees-with-the-Alpilles-in-the-Background-Vincent-van-Gogh_680-scaled.jpg","type":"image\/jpeg"}],"twitter_card":"summary_large_image","twitter_site":"@svetslik","twitter_misc":{"Disponibilit\u00e0":"Su ordinazione"},"schema":{"@context":"https:\/\/schema.org","@graph":[{"@type":["WebPage","ItemPage"],"@id":"https:\/\/svetslik.si\/it\/vincent-van-gogh\/olive-trees-with-the-alpilles-in-the-background\/","url":"https:\/\/svetslik.si\/it\/vincent-van-gogh\/olive-trees-with-the-alpilles-in-the-background\/","name":"Vincent van Gogh - Olive Trees with the Alpilles in the Background - SVETSLIK.SI - Dipinti a mano al 100%","isPartOf":{"@id":"https:\/\/svetslik.si\/it\/#website"},"primaryImageOfPage":{"@id":"https:\/\/svetslik.si\/it\/vincent-van-gogh\/olive-trees-with-the-alpilles-in-the-background\/#primaryimage"},"image":{"@id":"https:\/\/svetslik.si\/it\/vincent-van-gogh\/olive-trees-with-the-alpilles-in-the-background\/#primaryimage"},"thumbnailUrl":"https:\/\/svetslik.si\/wp-content\/uploads\/2021\/08\/image_Olive-Trees-with-the-Alpilles-in-the-Background-Vincent-van-Gogh_680-scaled.jpg","datePublished":"2021-09-02T15:42:14+00:00","dateModified":"2026-03-24T16:15:33+00:00","description":"Vincent van Gogh - Olive Trees with the Alpilles in the Background - Riproduzioni di quadri d'arte dipinte a mano al 100% su tela. Cornici per quadri, vendita e produzione di dimensioni su ordinazione.","breadcrumb":{"@id":"https:\/\/svetslik.si\/it\/vincent-van-gogh\/olive-trees-with-the-alpilles-in-the-background\/#breadcrumb"},"inLanguage":"it-IT","potentialAction":[{"@type":"ReadAction","target":["https:\/\/svetslik.si\/it\/vincent-van-gogh\/olive-trees-with-the-alpilles-in-the-background\/"]}]},{"@type":"ImageObject","inLanguage":"it-IT","@id":"https:\/\/svetslik.si\/it\/vincent-van-gogh\/olive-trees-with-the-alpilles-in-the-background\/#primaryimage","url":"https:\/\/svetslik.si\/wp-content\/uploads\/2021\/08\/image_Olive-Trees-with-the-Alpilles-in-the-Background-Vincent-van-Gogh_680-scaled.jpg","contentUrl":"https:\/\/svetslik.si\/wp-content\/uploads\/2021\/08\/image_Olive-Trees-with-the-Alpilles-in-the-Background-Vincent-van-Gogh_680-scaled.jpg","width":2560,"height":1830,"caption":"Riproduzioni di quadri di pittori famosi, quadri fine art olio su tela, quadri decorativi, compravendita quadri Vincent Van Gogh - Ulivi con le Alpilles sullo sfondo"},{"@type":"BreadcrumbList","@id":"https:\/\/svetslik.si\/it\/vincent-van-gogh\/olive-trees-with-the-alpilles-in-the-background\/#breadcrumb","itemListElement":[{"@type":"ListItem","position":1,"name":"Fali m\u0171v\u00e9szet \u00e9s festm\u00e9nyek v\u00e1szonra","item":"https:\/\/svetslik.si\/it\/"},{"@type":"ListItem","position":2,"name":"Vendita di dipinti","item":"https:\/\/svetslik.si\/prodaja-slik\/"},{"@type":"ListItem","position":3,"name":"Vincent van Gogh &#8211; Olive Trees with the Alpilles in the Background"}]},{"@type":"WebSite","@id":"https:\/\/svetslik.si\/it\/#website","url":"https:\/\/svetslik.si\/it\/","name":"SVETSLIK.SI","description":"100% riproduzioni dipinte a mano di quadri di pittori famosi e dipinti su tela.","publisher":{"@id":"https:\/\/svetslik.si\/it\/#organization"},"potentialAction":[{"@type":"SearchAction","target":{"@type":"EntryPoint","urlTemplate":"https:\/\/svetslik.si\/it\/?s={search_term_string}"},"query-input":{"@type":"PropertyValueSpecification","valueRequired":true,"valueName":"search_term_string"}}],"inLanguage":"it-IT"},{"@type":"Organization","@id":"https:\/\/svetslik.si\/it\/#organization","name":"SvetSlik.si","url":"https:\/\/svetslik.si\/it\/","logo":{"@type":"ImageObject","inLanguage":"it-IT","@id":"https:\/\/svetslik.si\/it\/#\/schema\/logo\/image\/","url":"https:\/\/svetslik.si\/wp-content\/uploads\/2020\/12\/logo-512.png","contentUrl":"https:\/\/svetslik.si\/wp-content\/uploads\/2020\/12\/logo-512.png","width":512,"height":512,"caption":"SvetSlik.si"},"image":{"@id":"https:\/\/svetslik.si\/it\/#\/schema\/logo\/image\/"},"sameAs":["https:\/\/www.facebook.com\/svetslik.si","https:\/\/x.com\/svetslik","https:\/\/www.instagram.com\/svetslik.si\/","https:\/\/www.linkedin.com\/company\/svetslik-si"]}]},"og_availability":"backorder","product_availability":"available for order","product_retailer_item_id":"34__","product_condition":"new"},"jetpack_sharing_enabled":true,"_links":{"self":[{"href":"https:\/\/svetslik.si\/it\/wp-json\/wp\/v2\/product\/37958","targetHints":{"allow":["GET"]}}],"collection":[{"href":"https:\/\/svetslik.si\/it\/wp-json\/wp\/v2\/product"}],"about":[{"href":"https:\/\/svetslik.si\/it\/wp-json\/wp\/v2\/types\/product"}],"wp:featuredmedia":[{"embeddable":true,"href":"https:\/\/svetslik.si\/it\/wp-json\/wp\/v2\/media\/35430"}],"wp:attachment":[{"href":"https:\/\/svetslik.si\/it\/wp-json\/wp\/v2\/media?parent=37958"}],"wp:term":[{"taxonomy":"product_brand","embeddable":true,"href":"https:\/\/svetslik.si\/it\/wp-json\/wp\/v2\/product_brand?post=37958"},{"taxonomy":"product_cat","embeddable":true,"href":"https:\/\/svetslik.si\/it\/wp-json\/wp\/v2\/product_cat?post=37958"},{"taxonomy":"product_tag","embeddable":true,"href":"https:\/\/svetslik.si\/it\/wp-json\/wp\/v2\/product_tag?post=37958"}],"curies":[{"name":"wp","href":"https:\/\/api.w.org\/{rel}","templated":true}]}}