{"id":37982,"date":"2021-09-02T17:42:17","date_gmt":"2021-09-02T15:42:17","guid":{"rendered":"https:\/\/svetslik.si\/senza-categoria\/sunflowers-ii\/"},"modified":"2026-03-22T20:59:35","modified_gmt":"2026-03-22T19:59:35","slug":"sunflowers-ii","status":"publish","type":"product","link":"https:\/\/svetslik.si\/it\/vincent-van-gogh\/sunflowers-ii\/","title":{"rendered":"Vincent van Gogh &#8211; Sunflowers II \u2013 Son\u010dnice II"},"content":{"rendered":"<h1>Vincent Van Gogh &#8211; Girasoli II<\/h1>\n<p>&nbsp;<\/p>\n<p>Anno di creazione: \u00a0 \u00a0 \u00a0 \u00a0 \u00a0 \u00a0 \u00a0 \u00a0 \u00a0 \u00a0 \u00a0 1888<\/p>\n<div>\n<p>Dimensioni originali: \u00a0 \u00a0 \u00a0 \u00a0 \u00a0 \u00a0 \u00a0 \u00a0 91 cm \u00d7 72 cm<\/p>\n<\/div>\n<div>\n<p>Stile pittorico: \u00a0 \u00a0 \u00a0 \u00a0 \u00a0 \u00a0 \u00a0 \u00a0 \u00a0 \u00a0 \u00a0 \u00a0 \u00a0post-impressionismo<\/p>\n<\/div>\n<div>\n<p>Tecnica originale: \u00a0 \u00a0 \u00a0 \u00a0 \u00a0 \u00a0 \u00a0 \u00a0 olio su tela<\/p>\n<\/div>\n<div>\n<p>Situato: \u00a0 \u00a0 \u00a0 \u00a0 \u00a0 \u00a0 \u00a0 \u00a0 \u00a0 \u00a0 \u00a0 \u00a0 \u00a0 \u00a0 \u00a0 \u00a0Museum Neue Pinakothek, Germania<\/p>\n<\/div>\n<div>\n<p>&nbsp;<\/p>\n<\/div>\n<p>I girasoli sono il motivo di due delle serie di nature morte di Van Gogh. Una prima serie fu creata nel 1887 a Parigi e mostra fiori stesi a terra; la seconda serie \u00e8 stata creata un anno dopo ad Arles e mostra mazzi di girasoli in un vaso. Entrambe le serie furono dipinte da Van Gogh perch\u00e9 voleva impressionare il suo amico pittore Paul Gauguin, che acquist\u00f2 anche due nature morte della serie di Parigi. Circa otto mesi dopo, Van Gogh accolse Gauguin ad Arles con dipinti di girasoli in un vaso, che appese nella stanza degli ospiti di Gauguin nella Casa Gialla. I critici descrivono la serie dei girasoli di Van Gogh come un &#8220;inno alla Provenza&#8221; e &#8220;le migliori nature morte nella storia dell&#8217;arte&#8221;.<\/p>\n<p>&#8220;Girasoli&#8221; \u00e8 una serie di dipinti dell&#8217;artista olandese Vincent van Gogh, creata tra il 1887 e il 1889. Questa serie di dipinti \u00e8 considerata una delle opere pi\u00f9 iconiche di Van Gogh ed \u00e8 ampiamente riconosciuta per le sue pennellate audaci, l&#8217;emotivit\u00e0 e il forte simbolismo. Le immagini mostrano girasoli in un vaso con diverse sfumature di giallo e marrone.<\/p>\n<p>La composizione dei quadri \u00e8 semplice, i girasoli occupano il centro della tela e il vaso il resto dello spazio. Si nota anche l&#8217;uso del colore nei dipinti, poich\u00e9 Van Gogh utilizza colori audaci e contrastanti che creano un senso di movimento ed energia. I girasoli sono raffigurati nei toni del giallo e del marrone, che creano una sensazione di calore e vitalit\u00e0. Il vaso \u00e8 rivestito di sfumature blu e verdi che creano un senso di stabilit\u00e0 e permanenza. Le pennellate nei dipinti sono dense e visibili, conferendo ai dipinti un senso di movimento ed energia.<\/p>\n<p>Anche il simbolismo nei dipinti \u00e8 ricco: i girasoli rappresentano la bellezza e il potere della natura, il colore giallo dei fiori rappresenta il calore della vita e il marrone rappresenta il ciclo naturale della vita e della morte. Si ritiene inoltre che la serie di dipinti mostri lo stato emotivo di Van Gogh in quel momento. Creati mentre Van Gogh viveva ad Arles, in Francia, si ritiene che i dipinti riflettano i sentimenti di desiderio dell&#8217;artista per la connessione con la natura e i cicli naturali della vita.<\/p>\n<p>La serie di dipinti &#8220;Girasoli&#8221; \u00e8 considerata una delle opere pi\u00f9 iconiche di Van Gogh e pu\u00f2 essere trovata in diversi musei in tutto il mondo, tra cui il Vincent van Gogh Museum di Amsterdam, la National Gallery di Londra e il Metropolitan Museum of Art di New York . \u00c8 un&#8217;importante opera di post-impressionismo che \u00e8 ancora ammirata e studiata sia da dilettanti che da esperti. Le potenti immagini, l&#8217;emotivit\u00e0 e il ricco simbolismo rendono i dipinti un must per ogni amante dell&#8217;arte e chiunque sia interessato al lavoro di Vincent van Gogh.<\/p>\n<p>&nbsp;<\/p>\n","protected":false},"excerpt":{"rendered":"<p>Vincent Van Gogh &#8211; Girasoli II &nbsp; Anno di creazione: \u00a0 \u00a0 \u00a0 \u00a0 \u00a0 \u00a0 \u00a0 \u00a0 \u00a0 \u00a0 \u00a0 1888 Dimensioni originali: \u00a0 \u00a0 \u00a0 \u00a0 \u00a0 \u00a0 \u00a0 \u00a0 91 cm \u00d7 72 cm Stile pittorico: \u00a0 \u00a0 \u00a0 \u00a0 \u00a0 \u00a0 \u00a0 \u00a0 \u00a0 \u00a0 \u00a0 [&hellip;]<\/p>\n","protected":false},"featured_media":35436,"template":"","meta":{"_acf_changed":false},"product_brand":[],"product_cat":[4189],"product_tag":[4245,4246,4253,4265],"class_list":{"0":"post-37982","1":"product","2":"type-product","3":"status-publish","4":"has-post-thumbnail","6":"product_cat-vincent-van-gogh","7":"product_tag-riproduzione","8":"product_tag-riproduzione-it","9":"product_tag-un-pittore","10":"product_tag-van-gogh-it","11":"pa_dimenzija-100-x-130-cm-it","12":"pa_dimenzija-40-x-50-cm-it","13":"pa_dimenzija-50-x-70-cm-it","14":"pa_dimenzija-60-x-80-cm-it","15":"pa_dimenzija-70-x-90-cm-it","16":"pa_dimenzija-80-x-100-cm-it","17":"pa_dimenzija-90-x-120-cm-it","18":"pa_oblika-orizzontale","19":"pa_okvir-sensa-cornice","20":"pa_podokvir-no","21":"pa_podokvir-si","23":"first","24":"instock","25":"purchasable","26":"product-type-variable","27":"has-default-attributes"},"acf":[],"yoast_head":"<!-- This site is optimized with the Yoast SEO Premium plugin v26.0 (Yoast SEO v27.2) - https:\/\/yoast.com\/product\/yoast-seo-premium-wordpress\/ -->\n<title>Vincent van Gogh - Sunflowers II \u2013 Son\u010dnice II - SVETSLIK.SI - Dipinti a mano al 100%<\/title>\n<meta name=\"description\" content=\"Vincent van Gogh - Sunflowers II \u2013 Son\u010dnice II - Riproduzioni di quadri d&#039;arte dipinte a mano al 100% su tela. Cornici per quadri, vendita e produzione di dimensioni su ordinazione.\" \/>\n<meta name=\"robots\" content=\"index, follow, max-snippet:-1, max-image-preview:large, max-video-preview:-1\" \/>\n<link rel=\"canonical\" href=\"https:\/\/svetslik.si\/it\/vincent-van-gogh\/sunflowers-ii\/\" \/>\n<meta property=\"og:locale\" content=\"it_IT\" \/>\n<meta property=\"og:type\" content=\"article\" \/>\n<meta property=\"og:title\" content=\"Vincent van Gogh - Sunflowers II \u2013 Son\u010dnice II\" \/>\n<meta property=\"og:description\" content=\"100% ro\u010dno naslikane slike na platnu, reprodukcije znanih slikarjev in umetni\u0161ke slike po naro\u010dilu.\" \/>\n<meta property=\"og:url\" content=\"https:\/\/svetslik.si\/it\/vincent-van-gogh\/sunflowers-ii\/\" \/>\n<meta property=\"og:site_name\" content=\"SVETSLIK.SI\" \/>\n<meta property=\"article:publisher\" content=\"https:\/\/www.facebook.com\/svetslik.si\" \/>\n<meta property=\"article:modified_time\" content=\"2026-03-22T19:59:35+00:00\" \/>\n<meta property=\"og:image\" content=\"https:\/\/svetslik.si\/wp-content\/uploads\/2021\/08\/image_olje-na-platnu-Sunflowers-II-Vincent-van-Gogh_680.jpg\" \/>\n\t<meta property=\"og:image:width\" content=\"933\" \/>\n\t<meta property=\"og:image:height\" content=\"1280\" \/>\n\t<meta property=\"og:image:type\" content=\"image\/jpeg\" \/>\n<meta name=\"twitter:card\" content=\"summary_large_image\" \/>\n<meta name=\"twitter:site\" content=\"@svetslik\" \/>\n<meta name=\"twitter:label1\" content=\"Disponibilit\u00e0\" \/>\n\t<meta name=\"twitter:data1\" content=\"Disponibile\" \/>\n<script type=\"application\/ld+json\" class=\"yoast-schema-graph\">{\"@context\":\"https:\/\/schema.org\",\"@graph\":[{\"@type\":[\"WebPage\",\"ItemPage\"],\"@id\":\"https:\/\/svetslik.si\/it\/vincent-van-gogh\/sunflowers-ii\/\",\"url\":\"https:\/\/svetslik.si\/it\/vincent-van-gogh\/sunflowers-ii\/\",\"name\":\"Vincent van Gogh - Sunflowers II \u2013 Son\u010dnice II - SVETSLIK.SI - Dipinti a mano al 100%\",\"isPartOf\":{\"@id\":\"https:\/\/svetslik.si\/it\/#website\"},\"primaryImageOfPage\":{\"@id\":\"https:\/\/svetslik.si\/it\/vincent-van-gogh\/sunflowers-ii\/#primaryimage\"},\"image\":{\"@id\":\"https:\/\/svetslik.si\/it\/vincent-van-gogh\/sunflowers-ii\/#primaryimage\"},\"thumbnailUrl\":\"https:\/\/svetslik.si\/wp-content\/uploads\/2021\/08\/image_olje-na-platnu-Sunflowers-II-Vincent-van-Gogh_680.jpg\",\"datePublished\":\"2021-09-02T15:42:17+00:00\",\"dateModified\":\"2026-03-22T19:59:35+00:00\",\"description\":\"Vincent van Gogh - Sunflowers II \u2013 Son\u010dnice II - Riproduzioni di quadri d'arte dipinte a mano al 100% su tela. Cornici per quadri, vendita e produzione di dimensioni su ordinazione.\",\"breadcrumb\":{\"@id\":\"https:\/\/svetslik.si\/it\/vincent-van-gogh\/sunflowers-ii\/#breadcrumb\"},\"inLanguage\":\"it-IT\",\"potentialAction\":[{\"@type\":\"ReadAction\",\"target\":[\"https:\/\/svetslik.si\/it\/vincent-van-gogh\/sunflowers-ii\/\"]}]},{\"@type\":\"ImageObject\",\"inLanguage\":\"it-IT\",\"@id\":\"https:\/\/svetslik.si\/it\/vincent-van-gogh\/sunflowers-ii\/#primaryimage\",\"url\":\"https:\/\/svetslik.si\/wp-content\/uploads\/2021\/08\/image_olje-na-platnu-Sunflowers-II-Vincent-van-Gogh_680.jpg\",\"contentUrl\":\"https:\/\/svetslik.si\/wp-content\/uploads\/2021\/08\/image_olje-na-platnu-Sunflowers-II-Vincent-van-Gogh_680.jpg\",\"width\":933,\"height\":1280,\"caption\":\"Vincent Van Gogh - Girasoli II - Riproduzioni dipinte a mano di famosi pittori, arte murale moderna, arte murale\"},{\"@type\":\"BreadcrumbList\",\"@id\":\"https:\/\/svetslik.si\/it\/vincent-van-gogh\/sunflowers-ii\/#breadcrumb\",\"itemListElement\":[{\"@type\":\"ListItem\",\"position\":1,\"name\":\"Fali m\u0171v\u00e9szet \u00e9s festm\u00e9nyek v\u00e1szonra\",\"item\":\"https:\/\/svetslik.si\/it\/\"},{\"@type\":\"ListItem\",\"position\":2,\"name\":\"Vendita di dipinti\",\"item\":\"https:\/\/svetslik.si\/prodaja-slik\/\"},{\"@type\":\"ListItem\",\"position\":3,\"name\":\"Vincent van Gogh &#8211; Sunflowers II \u2013 Son\u010dnice II\"}]},{\"@type\":\"WebSite\",\"@id\":\"https:\/\/svetslik.si\/it\/#website\",\"url\":\"https:\/\/svetslik.si\/it\/\",\"name\":\"SVETSLIK.SI\",\"description\":\"100% riproduzioni dipinte a mano di quadri di pittori famosi e dipinti su tela.\",\"publisher\":{\"@id\":\"https:\/\/svetslik.si\/it\/#organization\"},\"potentialAction\":[{\"@type\":\"SearchAction\",\"target\":{\"@type\":\"EntryPoint\",\"urlTemplate\":\"https:\/\/svetslik.si\/it\/?s={search_term_string}\"},\"query-input\":{\"@type\":\"PropertyValueSpecification\",\"valueRequired\":true,\"valueName\":\"search_term_string\"}}],\"inLanguage\":\"it-IT\"},{\"@type\":\"Organization\",\"@id\":\"https:\/\/svetslik.si\/it\/#organization\",\"name\":\"SvetSlik.si\",\"url\":\"https:\/\/svetslik.si\/it\/\",\"logo\":{\"@type\":\"ImageObject\",\"inLanguage\":\"it-IT\",\"@id\":\"https:\/\/svetslik.si\/it\/#\/schema\/logo\/image\/\",\"url\":\"https:\/\/svetslik.si\/wp-content\/uploads\/2020\/12\/logo-512.png\",\"contentUrl\":\"https:\/\/svetslik.si\/wp-content\/uploads\/2020\/12\/logo-512.png\",\"width\":512,\"height\":512,\"caption\":\"SvetSlik.si\"},\"image\":{\"@id\":\"https:\/\/svetslik.si\/it\/#\/schema\/logo\/image\/\"},\"sameAs\":[\"https:\/\/www.facebook.com\/svetslik.si\",\"https:\/\/x.com\/svetslik\",\"https:\/\/www.instagram.com\/svetslik.si\/\",\"https:\/\/www.linkedin.com\/company\/svetslik-si\"]}]}<\/script>\n<meta property=\"og:availability\" content=\"instock\" \/>\n<meta property=\"product:availability\" content=\"instock\" \/>\n<meta property=\"product:retailer_item_id\" content=\"38__\" \/>\n<meta property=\"product:condition\" content=\"new\" \/>\n<!-- \/ Yoast SEO Premium plugin. -->","yoast_head_json":{"title":"Vincent van Gogh - Sunflowers II \u2013 Son\u010dnice II - SVETSLIK.SI - Dipinti a mano al 100%","description":"Vincent van Gogh - Sunflowers II \u2013 Son\u010dnice II - Riproduzioni di quadri d'arte dipinte a mano al 100% su tela. Cornici per quadri, vendita e produzione di dimensioni su ordinazione.","robots":{"index":"index","follow":"follow","max-snippet":"max-snippet:-1","max-image-preview":"max-image-preview:large","max-video-preview":"max-video-preview:-1"},"canonical":"https:\/\/svetslik.si\/it\/vincent-van-gogh\/sunflowers-ii\/","og_locale":"it_IT","og_type":"article","og_title":"Vincent van Gogh - Sunflowers II \u2013 Son\u010dnice II","og_description":"100% ro\u010dno naslikane slike na platnu, reprodukcije znanih slikarjev in umetni\u0161ke slike po naro\u010dilu.","og_url":"https:\/\/svetslik.si\/it\/vincent-van-gogh\/sunflowers-ii\/","og_site_name":"SVETSLIK.SI","article_publisher":"https:\/\/www.facebook.com\/svetslik.si","article_modified_time":"2026-03-22T19:59:35+00:00","og_image":[{"width":933,"height":1280,"url":"https:\/\/svetslik.si\/wp-content\/uploads\/2021\/08\/image_olje-na-platnu-Sunflowers-II-Vincent-van-Gogh_680.jpg","type":"image\/jpeg"}],"twitter_card":"summary_large_image","twitter_site":"@svetslik","twitter_misc":{"Disponibilit\u00e0":"Disponibile"},"schema":{"@context":"https:\/\/schema.org","@graph":[{"@type":["WebPage","ItemPage"],"@id":"https:\/\/svetslik.si\/it\/vincent-van-gogh\/sunflowers-ii\/","url":"https:\/\/svetslik.si\/it\/vincent-van-gogh\/sunflowers-ii\/","name":"Vincent van Gogh - Sunflowers II \u2013 Son\u010dnice II - SVETSLIK.SI - Dipinti a mano al 100%","isPartOf":{"@id":"https:\/\/svetslik.si\/it\/#website"},"primaryImageOfPage":{"@id":"https:\/\/svetslik.si\/it\/vincent-van-gogh\/sunflowers-ii\/#primaryimage"},"image":{"@id":"https:\/\/svetslik.si\/it\/vincent-van-gogh\/sunflowers-ii\/#primaryimage"},"thumbnailUrl":"https:\/\/svetslik.si\/wp-content\/uploads\/2021\/08\/image_olje-na-platnu-Sunflowers-II-Vincent-van-Gogh_680.jpg","datePublished":"2021-09-02T15:42:17+00:00","dateModified":"2026-03-22T19:59:35+00:00","description":"Vincent van Gogh - Sunflowers II \u2013 Son\u010dnice II - Riproduzioni di quadri d'arte dipinte a mano al 100% su tela. Cornici per quadri, vendita e produzione di dimensioni su ordinazione.","breadcrumb":{"@id":"https:\/\/svetslik.si\/it\/vincent-van-gogh\/sunflowers-ii\/#breadcrumb"},"inLanguage":"it-IT","potentialAction":[{"@type":"ReadAction","target":["https:\/\/svetslik.si\/it\/vincent-van-gogh\/sunflowers-ii\/"]}]},{"@type":"ImageObject","inLanguage":"it-IT","@id":"https:\/\/svetslik.si\/it\/vincent-van-gogh\/sunflowers-ii\/#primaryimage","url":"https:\/\/svetslik.si\/wp-content\/uploads\/2021\/08\/image_olje-na-platnu-Sunflowers-II-Vincent-van-Gogh_680.jpg","contentUrl":"https:\/\/svetslik.si\/wp-content\/uploads\/2021\/08\/image_olje-na-platnu-Sunflowers-II-Vincent-van-Gogh_680.jpg","width":933,"height":1280,"caption":"Vincent Van Gogh - Girasoli II - Riproduzioni dipinte a mano di famosi pittori, arte murale moderna, arte murale"},{"@type":"BreadcrumbList","@id":"https:\/\/svetslik.si\/it\/vincent-van-gogh\/sunflowers-ii\/#breadcrumb","itemListElement":[{"@type":"ListItem","position":1,"name":"Fali m\u0171v\u00e9szet \u00e9s festm\u00e9nyek v\u00e1szonra","item":"https:\/\/svetslik.si\/it\/"},{"@type":"ListItem","position":2,"name":"Vendita di dipinti","item":"https:\/\/svetslik.si\/prodaja-slik\/"},{"@type":"ListItem","position":3,"name":"Vincent van Gogh &#8211; Sunflowers II \u2013 Son\u010dnice II"}]},{"@type":"WebSite","@id":"https:\/\/svetslik.si\/it\/#website","url":"https:\/\/svetslik.si\/it\/","name":"SVETSLIK.SI","description":"100% riproduzioni dipinte a mano di quadri di pittori famosi e dipinti su tela.","publisher":{"@id":"https:\/\/svetslik.si\/it\/#organization"},"potentialAction":[{"@type":"SearchAction","target":{"@type":"EntryPoint","urlTemplate":"https:\/\/svetslik.si\/it\/?s={search_term_string}"},"query-input":{"@type":"PropertyValueSpecification","valueRequired":true,"valueName":"search_term_string"}}],"inLanguage":"it-IT"},{"@type":"Organization","@id":"https:\/\/svetslik.si\/it\/#organization","name":"SvetSlik.si","url":"https:\/\/svetslik.si\/it\/","logo":{"@type":"ImageObject","inLanguage":"it-IT","@id":"https:\/\/svetslik.si\/it\/#\/schema\/logo\/image\/","url":"https:\/\/svetslik.si\/wp-content\/uploads\/2020\/12\/logo-512.png","contentUrl":"https:\/\/svetslik.si\/wp-content\/uploads\/2020\/12\/logo-512.png","width":512,"height":512,"caption":"SvetSlik.si"},"image":{"@id":"https:\/\/svetslik.si\/it\/#\/schema\/logo\/image\/"},"sameAs":["https:\/\/www.facebook.com\/svetslik.si","https:\/\/x.com\/svetslik","https:\/\/www.instagram.com\/svetslik.si\/","https:\/\/www.linkedin.com\/company\/svetslik-si"]}]},"og_availability":"instock","product_availability":"instock","product_retailer_item_id":"38__","product_condition":"new"},"jetpack_sharing_enabled":true,"_links":{"self":[{"href":"https:\/\/svetslik.si\/it\/wp-json\/wp\/v2\/product\/37982","targetHints":{"allow":["GET"]}}],"collection":[{"href":"https:\/\/svetslik.si\/it\/wp-json\/wp\/v2\/product"}],"about":[{"href":"https:\/\/svetslik.si\/it\/wp-json\/wp\/v2\/types\/product"}],"wp:featuredmedia":[{"embeddable":true,"href":"https:\/\/svetslik.si\/it\/wp-json\/wp\/v2\/media\/35436"}],"wp:attachment":[{"href":"https:\/\/svetslik.si\/it\/wp-json\/wp\/v2\/media?parent=37982"}],"wp:term":[{"taxonomy":"product_brand","embeddable":true,"href":"https:\/\/svetslik.si\/it\/wp-json\/wp\/v2\/product_brand?post=37982"},{"taxonomy":"product_cat","embeddable":true,"href":"https:\/\/svetslik.si\/it\/wp-json\/wp\/v2\/product_cat?post=37982"},{"taxonomy":"product_tag","embeddable":true,"href":"https:\/\/svetslik.si\/it\/wp-json\/wp\/v2\/product_tag?post=37982"}],"curies":[{"name":"wp","href":"https:\/\/api.w.org\/{rel}","templated":true}]}}