{"id":37990,"date":"2021-09-02T17:42:17","date_gmt":"2021-09-02T15:42:17","guid":{"rendered":"https:\/\/svetslik.si\/senza-categoria\/olive-trees-with-yellow-sky-and-sun\/"},"modified":"2026-03-22T20:59:35","modified_gmt":"2026-03-22T19:59:35","slug":"olive-trees-with-yellow-sky-and-sun","status":"publish","type":"product","link":"https:\/\/svetslik.si\/it\/vincent-van-gogh\/olive-trees-with-yellow-sky-and-sun\/","title":{"rendered":"Vincent van Gogh &#8211; Olive trees with yellow sky and sun"},"content":{"rendered":"<div class=\"wpb-content-wrapper\">[vc_row css=&#8221;.vc_custom_1766137819903{margin-bottom: 5px !important;}&#8221;][vc_column]\t<div class=\"et-image-762 et-image aligncenter    et_image_link\">\n\t\t<div class=\"et-image-inner \">\n\t\t\t\t\t\t\t<div class=\"et-image-thumb \">\n\t\t\t\t\t<img decoding=\"async\" width=\"1500\" height=\"1157\" src=\"https:\/\/svetslik.si\/wp-content\/uploads\/2021\/09\/umetniske-slike-na-platnu-Vincent-van-Gogh-\u2013-Olive-trees-with-yellow-sky-and-sun.webp\" class=\"attachment-full\" alt=\"Vincent van Gogh - Olive trees with yellow sky and sun\" title=\"Vincent van Gogh - Olive trees with yellow sky and sun\" srcset=\"https:\/\/svetslik.si\/wp-content\/uploads\/2021\/09\/umetniske-slike-na-platnu-Vincent-van-Gogh-\u2013-Olive-trees-with-yellow-sky-and-sun.webp 1500w, https:\/\/svetslik.si\/wp-content\/uploads\/2021\/09\/umetniske-slike-na-platnu-Vincent-van-Gogh-\u2013-Olive-trees-with-yellow-sky-and-sun-300x231.webp 300w, https:\/\/svetslik.si\/wp-content\/uploads\/2021\/09\/umetniske-slike-na-platnu-Vincent-van-Gogh-\u2013-Olive-trees-with-yellow-sky-and-sun-1024x790.webp 1024w, https:\/\/svetslik.si\/wp-content\/uploads\/2021\/09\/umetniske-slike-na-platnu-Vincent-van-Gogh-\u2013-Olive-trees-with-yellow-sky-and-sun-768x592.webp 768w, https:\/\/svetslik.si\/wp-content\/uploads\/2021\/09\/umetniske-slike-na-platnu-Vincent-van-Gogh-\u2013-Olive-trees-with-yellow-sky-and-sun-150x116.webp 150w, https:\/\/svetslik.si\/wp-content\/uploads\/2021\/09\/umetniske-slike-na-platnu-Vincent-van-Gogh-\u2013-Olive-trees-with-yellow-sky-and-sun-600x463.webp 600w, https:\/\/svetslik.si\/wp-content\/uploads\/2021\/09\/umetniske-slike-na-platnu-Vincent-van-Gogh-\u2013-Olive-trees-with-yellow-sky-and-sun-1200x926.webp 1200w\" sizes=\"(max-width: 1500px) 100vw, 1500px\" \/>\t\t\t\t<\/div>\n\t\t\t\t\t\t\t\t\t\t\t<\/div>\n\t<\/div>\n  [\/vc_column][\/vc_row][vc_row css=&#8221;.vc_custom_1766137819903{margin-bottom: 5px !important;}&#8221;][vc_column]\t<div class=\"et-image-80 et-image aligncenter    et_image_link\">\n\t\t<div class=\"et-image-inner \">\n\t\t\t\t\t\t\t<div class=\"et-image-thumb \">\n\t\t\t\t\t<img decoding=\"async\" width=\"1500\" height=\"1358\" src=\"https:\/\/svetslik.si\/wp-content\/uploads\/2021\/09\/umetniske-slike-na-platnu-Vincent-van-Gogh-\u2013-Olive-trees-with-yellow-sky-and-sun-1.webp\" class=\"attachment-full\" alt=\"Vincent van Gogh - Olive trees with yellow sky and sun\" title=\"Vincent van Gogh - Olive trees with yellow sky and sun\" srcset=\"https:\/\/svetslik.si\/wp-content\/uploads\/2021\/09\/umetniske-slike-na-platnu-Vincent-van-Gogh-\u2013-Olive-trees-with-yellow-sky-and-sun-1.webp 1500w, https:\/\/svetslik.si\/wp-content\/uploads\/2021\/09\/umetniske-slike-na-platnu-Vincent-van-Gogh-\u2013-Olive-trees-with-yellow-sky-and-sun-1-300x272.webp 300w, https:\/\/svetslik.si\/wp-content\/uploads\/2021\/09\/umetniske-slike-na-platnu-Vincent-van-Gogh-\u2013-Olive-trees-with-yellow-sky-and-sun-1-1024x927.webp 1024w, https:\/\/svetslik.si\/wp-content\/uploads\/2021\/09\/umetniske-slike-na-platnu-Vincent-van-Gogh-\u2013-Olive-trees-with-yellow-sky-and-sun-1-768x695.webp 768w, https:\/\/svetslik.si\/wp-content\/uploads\/2021\/09\/umetniske-slike-na-platnu-Vincent-van-Gogh-\u2013-Olive-trees-with-yellow-sky-and-sun-1-150x136.webp 150w, https:\/\/svetslik.si\/wp-content\/uploads\/2021\/09\/umetniske-slike-na-platnu-Vincent-van-Gogh-\u2013-Olive-trees-with-yellow-sky-and-sun-1-600x543.webp 600w, https:\/\/svetslik.si\/wp-content\/uploads\/2021\/09\/umetniske-slike-na-platnu-Vincent-van-Gogh-\u2013-Olive-trees-with-yellow-sky-and-sun-1-1200x1086.webp 1200w\" sizes=\"(max-width: 1500px) 100vw, 1500px\" \/>\t\t\t\t<\/div>\n\t\t\t\t\t\t\t\t\t\t\t<\/div>\n\t<\/div>\n  [\/vc_column][\/vc_row][vc_row css=&#8221;.vc_custom_1766137819903{margin-bottom: 5px !important;}&#8221;][vc_column]\t<div class=\"et-image-923 et-image aligncenter    et_image_link\">\n\t\t<div class=\"et-image-inner \">\n\t\t\t\t\t\t\t<div class=\"et-image-thumb \">\n\t\t\t\t\t<img decoding=\"async\" width=\"1500\" height=\"1430\" src=\"https:\/\/svetslik.si\/wp-content\/uploads\/2021\/09\/umetniske-slike-na-platnu-Vincent-van-Gogh-\u2013-Olive-trees-with-yellow-sky-and-sun-2.webp\" class=\"attachment-full\" alt=\"Vincent van Gogh - Olive trees with yellow sky and sun\" title=\"Vincent van Gogh - Olive trees with yellow sky and sun\" srcset=\"https:\/\/svetslik.si\/wp-content\/uploads\/2021\/09\/umetniske-slike-na-platnu-Vincent-van-Gogh-\u2013-Olive-trees-with-yellow-sky-and-sun-2.webp 1500w, https:\/\/svetslik.si\/wp-content\/uploads\/2021\/09\/umetniske-slike-na-platnu-Vincent-van-Gogh-\u2013-Olive-trees-with-yellow-sky-and-sun-2-300x286.webp 300w, https:\/\/svetslik.si\/wp-content\/uploads\/2021\/09\/umetniske-slike-na-platnu-Vincent-van-Gogh-\u2013-Olive-trees-with-yellow-sky-and-sun-2-1024x976.webp 1024w, https:\/\/svetslik.si\/wp-content\/uploads\/2021\/09\/umetniske-slike-na-platnu-Vincent-van-Gogh-\u2013-Olive-trees-with-yellow-sky-and-sun-2-768x732.webp 768w, https:\/\/svetslik.si\/wp-content\/uploads\/2021\/09\/umetniske-slike-na-platnu-Vincent-van-Gogh-\u2013-Olive-trees-with-yellow-sky-and-sun-2-150x143.webp 150w, https:\/\/svetslik.si\/wp-content\/uploads\/2021\/09\/umetniske-slike-na-platnu-Vincent-van-Gogh-\u2013-Olive-trees-with-yellow-sky-and-sun-2-600x572.webp 600w, https:\/\/svetslik.si\/wp-content\/uploads\/2021\/09\/umetniske-slike-na-platnu-Vincent-van-Gogh-\u2013-Olive-trees-with-yellow-sky-and-sun-2-1200x1144.webp 1200w\" sizes=\"(max-width: 1500px) 100vw, 1500px\" \/>\t\t\t\t<\/div>\n\t\t\t\t\t\t\t\t\t\t\t<\/div>\n\t<\/div>\n  [\/vc_column][\/vc_row][vc_row css=&#8221;.vc_custom_1766137819903{margin-bottom: 5px !important;}&#8221;][vc_column]\t<div class=\"et-image-962 et-image aligncenter    et_image_link\">\n\t\t<div class=\"et-image-inner \">\n\t\t\t\t\t\t\t<div class=\"et-image-thumb \">\n\t\t\t\t\t<img decoding=\"async\" width=\"1500\" height=\"1125\" src=\"https:\/\/svetslik.si\/wp-content\/uploads\/2021\/09\/umetniske-slike-na-platnu-Vincent-van-Gogh-\u2013-Olive-trees-with-yellow-sky-and-sun-3.webp\" class=\"attachment-full\" alt=\"Vincent van Gogh - Olive trees with yellow sky and sun\" title=\"Vincent van Gogh - Olive trees with yellow sky and sun\" srcset=\"https:\/\/svetslik.si\/wp-content\/uploads\/2021\/09\/umetniske-slike-na-platnu-Vincent-van-Gogh-\u2013-Olive-trees-with-yellow-sky-and-sun-3.webp 1500w, https:\/\/svetslik.si\/wp-content\/uploads\/2021\/09\/umetniske-slike-na-platnu-Vincent-van-Gogh-\u2013-Olive-trees-with-yellow-sky-and-sun-3-300x225.webp 300w, https:\/\/svetslik.si\/wp-content\/uploads\/2021\/09\/umetniske-slike-na-platnu-Vincent-van-Gogh-\u2013-Olive-trees-with-yellow-sky-and-sun-3-1024x768.webp 1024w, https:\/\/svetslik.si\/wp-content\/uploads\/2021\/09\/umetniske-slike-na-platnu-Vincent-van-Gogh-\u2013-Olive-trees-with-yellow-sky-and-sun-3-768x576.webp 768w, https:\/\/svetslik.si\/wp-content\/uploads\/2021\/09\/umetniske-slike-na-platnu-Vincent-van-Gogh-\u2013-Olive-trees-with-yellow-sky-and-sun-3-150x113.webp 150w, https:\/\/svetslik.si\/wp-content\/uploads\/2021\/09\/umetniske-slike-na-platnu-Vincent-van-Gogh-\u2013-Olive-trees-with-yellow-sky-and-sun-3-600x450.webp 600w, https:\/\/svetslik.si\/wp-content\/uploads\/2021\/09\/umetniske-slike-na-platnu-Vincent-van-Gogh-\u2013-Olive-trees-with-yellow-sky-and-sun-3-1200x900.webp 1200w\" sizes=\"(max-width: 1500px) 100vw, 1500px\" \/>\t\t\t\t<\/div>\n\t\t\t\t\t\t\t\t\t\t\t<\/div>\n\t<\/div>\n  [\/vc_column][\/vc_row][vc_row][vc_column][vc_column_text]\n<h1>Vincent Van Gogh &#8211; Ulivi con cielo giallo e sole<\/h1>\n<table id=\"imageinfo\" border=\"0\" width=\"96%\" cellspacing=\"0\" cellpadding=\"2\">\n<tbody>\n<tr>\n<td width=\"120\">Anno di creazione:<\/td>\n<td>1889<\/td>\n<\/tr>\n<tr>\n<td>Dimensione originale:<\/td>\n<td>77 x 93 cm<\/td>\n<\/tr>\n<tr>\n<td>Stile di pittura:<\/td>\n<td>Post-impressionismo<\/td>\n<\/tr>\n<tr>\n<td>Tecnica originale:<\/td>\n<td>Olio su tela<\/td>\n<\/tr>\n<tr>\n<td>Situato:<\/td>\n<td>Art Institute, Minneapolis, Stati Uniti<\/td>\n<\/tr>\n<\/tbody>\n<\/table>\n<p>Il dipinto <em>Ulivi con cielo giallo e sole<\/em> fu creato nel 1889 a Saint-Remy, quando Van Gogh finalmente usc\u00ec dalla clinica di pittura. Van Gogh, che credeva che lavorare nella natura avesse un effetto positivo sul suo benessere e lo calmasse, dipinse in questo dipinto i tronchi contorti degli ulivi con fitte chiome verdi sotto il sole e il cielo gialli. Il motivo ricorda i paesaggi che il pittore dipinse l&#8217;anno prima ad Arles.<\/p>\n<p>&#8220;Olive con cielo giallo e sole&#8221; \u00e8 un dipinto dell&#8217;artista olandese Vincent van Gogh del 1889. Questo dipinto \u00e8 considerato una delle opere pi\u00f9 iconiche di Van Gogh e mostra la sua abilit\u00e0 nel giustapporre la bellezza e il potere della natura. L&#8217;immagine mostra una scena di ulivi sullo sfondo di un cielo giallo brillante e del sole. Il dipinto \u00e8 ampiamente riconosciuto per le sue pennellate audaci, l&#8217;emotivit\u00e0 e il forte simbolismo.<\/p>\n<p>La composizione del quadro \u00e8 dinamica, in quanto gli ulivi occupano la parte centrale della tela, mentre il resto dello spazio \u00e8 occupato dal cielo giallo e dal sole. Anche l&#8217;uso del colore nel dipinto \u00e8 degno di nota, poich\u00e9 Van Gogh utilizza colori audaci e contrastanti che creano un senso di movimento ed energia. Le olive sono raffigurate nei toni del verde e del marrone, creando un senso di stabilit\u00e0 e permanenza. Il cielo giallo \u00e8 raffigurato nei toni del giallo e dell&#8217;arancione, creando una sensazione di calore ed energia. Il sole \u00e8 raffigurato in un colore giallo distinto che crea un senso di vita e vitalit\u00e0. Le pennellate nel dipinto sono dense e visibili, conferendo al dipinto un senso di movimento ed energia.<\/p>\n<p>Anche il simbolismo nell&#8217;immagine \u00e8 ricco: gli ulivi rappresentano la connessione con la natura e i cicli naturali della vita, il cielo giallo rappresenta il calore della vita e il sole rappresenta la forza vitale della natura. Si ritiene inoltre che il dipinto mostri lo stato emotivo di Van Gogh in quel momento. Il dipinto \u00e8 stato creato mentre Van Gogh viveva nel Santuario di Saint-Paul-de-Mausole a Saint R\u00e9my de Provence, in Francia, e si ritiene che rifletta i sentimenti di desiderio dell&#8217;artista per la connessione con la natura e i cicli naturali della vita.<\/p>\n<p>&#8220;Olive con cielo giallo e sole&#8221; \u00e8 considerata una delle opere pi\u00f9 iconiche di Van Gogh e si trova nel Museum of Fine Arts di Boston, negli Stati Uniti. \u00c8 un&#8217;importante opera di post-impressionismo che \u00e8 ancora ammirata e studiata sia da dilettanti che da esperti. Le potenti immagini, l&#8217;emotivit\u00e0 e il ricco simbolismo rendono il dipinto un must per qualsiasi amante dell&#8217;arte o chiunque sia interessato al lavoro di Vincent van Gogh.<\/p>\n<\/div>","protected":false},"excerpt":{"rendered":"<p>[vc_row css=&#8221;.vc_custom_1766137819903{margin-bottom: 5px !important;}&#8221;][vc_column][\/vc_column][\/vc_row][vc_row css=&#8221;.vc_custom_1766137819903{margin-bottom: 5px !important;}&#8221;][vc_column][\/vc_column][\/vc_row][vc_row css=&#8221;.vc_custom_1766137819903{margin-bottom: 5px !important;}&#8221;][vc_column][\/vc_column][\/vc_row][vc_row css=&#8221;.vc_custom_1766137819903{margin-bottom: 5px !important;}&#8221;][vc_column][\/vc_column][\/vc_row][vc_row][vc_column][vc_column_text] Vincent Van Gogh &#8211; Ulivi con cielo giallo e sole Anno di creazione: 1889 Dimensione originale: 77 x 93 cm Stile di pittura: Post-impressionismo Tecnica originale: Olio su tela Situato: Art Institute, Minneapolis, Stati Uniti Il dipinto [&hellip;]<\/p>\n","protected":false},"featured_media":35431,"template":"","meta":{"_acf_changed":false},"product_brand":[],"product_cat":[4189],"product_tag":[4245,4246,4253,4265],"class_list":{"0":"post-37990","1":"product","2":"type-product","3":"status-publish","4":"has-post-thumbnail","6":"product_cat-vincent-van-gogh","7":"product_tag-riproduzione","8":"product_tag-riproduzione-it","9":"product_tag-un-pittore","10":"product_tag-van-gogh-it","11":"pa_dimenzija-120-x-90-cm-it","12":"pa_dimenzija-150-x-120-cm-it","13":"pa_dimenzija-50-x-40-cm-it","14":"pa_dimenzija-60-x-50-cm-it","15":"pa_dimenzija-70-x-55-cm-it","16":"pa_dimenzija-80-x-60-cm-it","17":"pa_dimenzija-90-x-70-cm-it","18":"pa_oblika-orizzontale","19":"pa_okvir-sensa-cornice","20":"pa_podokvir-no","21":"pa_podokvir-si","23":"first","24":"onbackorder","25":"purchasable","26":"product-type-variable","27":"has-default-attributes"},"acf":[],"yoast_head":"<!-- This site is optimized with the Yoast SEO Premium plugin v26.0 (Yoast SEO v27.2) - https:\/\/yoast.com\/product\/yoast-seo-premium-wordpress\/ -->\n<title>Vincent van Gogh - Olive trees with yellow sky and sun - SVETSLIK.SI - Dipinti a mano al 100%<\/title>\n<meta name=\"description\" content=\"Vincent van Gogh - Olive trees with yellow sky and sun - Riproduzioni di quadri d&#039;arte dipinte a mano al 100% su tela. Cornici per quadri, vendita e produzione di dimensioni su ordinazione.\" \/>\n<meta name=\"robots\" content=\"index, follow, max-snippet:-1, max-image-preview:large, max-video-preview:-1\" \/>\n<link rel=\"canonical\" href=\"https:\/\/svetslik.si\/it\/vincent-van-gogh\/olive-trees-with-yellow-sky-and-sun\/\" \/>\n<meta property=\"og:locale\" content=\"it_IT\" \/>\n<meta property=\"og:type\" content=\"article\" \/>\n<meta property=\"og:title\" content=\"Vincent van Gogh - Olive trees with yellow sky and sun\" \/>\n<meta property=\"og:description\" content=\"100% ro\u010dno naslikane slike na platnu, reprodukcije znanih slikarjev in umetni\u0161ke slike po naro\u010dilu.\" \/>\n<meta property=\"og:url\" content=\"https:\/\/svetslik.si\/it\/vincent-van-gogh\/olive-trees-with-yellow-sky-and-sun\/\" \/>\n<meta property=\"og:site_name\" content=\"SVETSLIK.SI\" \/>\n<meta property=\"article:publisher\" content=\"https:\/\/www.facebook.com\/svetslik.si\" \/>\n<meta property=\"article:modified_time\" content=\"2026-03-22T19:59:35+00:00\" \/>\n<meta property=\"og:image\" content=\"https:\/\/svetslik.si\/wp-content\/uploads\/2021\/08\/image_Olive-trees-with-yellow-sky-and-sun-Vincent-van-Gogh_680.jpg\" \/>\n\t<meta property=\"og:image:width\" content=\"1788\" \/>\n\t<meta property=\"og:image:height\" content=\"1440\" \/>\n\t<meta property=\"og:image:type\" content=\"image\/jpeg\" \/>\n<meta name=\"twitter:card\" content=\"summary_large_image\" \/>\n<meta name=\"twitter:site\" content=\"@svetslik\" \/>\n<meta name=\"twitter:label1\" content=\"Disponibilit\u00e0\" \/>\n\t<meta name=\"twitter:data1\" content=\"Su ordinazione\" \/>\n<script type=\"application\/ld+json\" class=\"yoast-schema-graph\">{\"@context\":\"https:\/\/schema.org\",\"@graph\":[{\"@type\":[\"WebPage\",\"ItemPage\"],\"@id\":\"https:\/\/svetslik.si\/it\/vincent-van-gogh\/olive-trees-with-yellow-sky-and-sun\/\",\"url\":\"https:\/\/svetslik.si\/it\/vincent-van-gogh\/olive-trees-with-yellow-sky-and-sun\/\",\"name\":\"Vincent van Gogh - Olive trees with yellow sky and sun - SVETSLIK.SI - Dipinti a mano al 100%\",\"isPartOf\":{\"@id\":\"https:\/\/svetslik.si\/it\/#website\"},\"primaryImageOfPage\":{\"@id\":\"https:\/\/svetslik.si\/it\/vincent-van-gogh\/olive-trees-with-yellow-sky-and-sun\/#primaryimage\"},\"image\":{\"@id\":\"https:\/\/svetslik.si\/it\/vincent-van-gogh\/olive-trees-with-yellow-sky-and-sun\/#primaryimage\"},\"thumbnailUrl\":\"https:\/\/svetslik.si\/wp-content\/uploads\/2021\/08\/image_Olive-trees-with-yellow-sky-and-sun-Vincent-van-Gogh_680.jpg\",\"datePublished\":\"2021-09-02T15:42:17+00:00\",\"dateModified\":\"2026-03-22T19:59:35+00:00\",\"description\":\"Vincent van Gogh - Olive trees with yellow sky and sun - Riproduzioni di quadri d'arte dipinte a mano al 100% su tela. Cornici per quadri, vendita e produzione di dimensioni su ordinazione.\",\"breadcrumb\":{\"@id\":\"https:\/\/svetslik.si\/it\/vincent-van-gogh\/olive-trees-with-yellow-sky-and-sun\/#breadcrumb\"},\"inLanguage\":\"it-IT\",\"potentialAction\":[{\"@type\":\"ReadAction\",\"target\":[\"https:\/\/svetslik.si\/it\/vincent-van-gogh\/olive-trees-with-yellow-sky-and-sun\/\"]}]},{\"@type\":\"ImageObject\",\"inLanguage\":\"it-IT\",\"@id\":\"https:\/\/svetslik.si\/it\/vincent-van-gogh\/olive-trees-with-yellow-sky-and-sun\/#primaryimage\",\"url\":\"https:\/\/svetslik.si\/wp-content\/uploads\/2021\/08\/image_Olive-trees-with-yellow-sky-and-sun-Vincent-van-Gogh_680.jpg\",\"contentUrl\":\"https:\/\/svetslik.si\/wp-content\/uploads\/2021\/08\/image_Olive-trees-with-yellow-sky-and-sun-Vincent-van-Gogh_680.jpg\",\"width\":1788,\"height\":1440,\"caption\":\"Vincent Van Gogh - Ulivi con cielo giallo e sole - Riproduzioni di pittori famosi, arte moderna della parete, arte della parete\"},{\"@type\":\"BreadcrumbList\",\"@id\":\"https:\/\/svetslik.si\/it\/vincent-van-gogh\/olive-trees-with-yellow-sky-and-sun\/#breadcrumb\",\"itemListElement\":[{\"@type\":\"ListItem\",\"position\":1,\"name\":\"Fali m\u0171v\u00e9szet \u00e9s festm\u00e9nyek v\u00e1szonra\",\"item\":\"https:\/\/svetslik.si\/it\/\"},{\"@type\":\"ListItem\",\"position\":2,\"name\":\"Vendita di dipinti\",\"item\":\"https:\/\/svetslik.si\/prodaja-slik\/\"},{\"@type\":\"ListItem\",\"position\":3,\"name\":\"Vincent van Gogh &#8211; Olive trees with yellow sky and sun\"}]},{\"@type\":\"WebSite\",\"@id\":\"https:\/\/svetslik.si\/it\/#website\",\"url\":\"https:\/\/svetslik.si\/it\/\",\"name\":\"SVETSLIK.SI\",\"description\":\"100% riproduzioni dipinte a mano di quadri di pittori famosi e dipinti su tela.\",\"publisher\":{\"@id\":\"https:\/\/svetslik.si\/it\/#organization\"},\"potentialAction\":[{\"@type\":\"SearchAction\",\"target\":{\"@type\":\"EntryPoint\",\"urlTemplate\":\"https:\/\/svetslik.si\/it\/?s={search_term_string}\"},\"query-input\":{\"@type\":\"PropertyValueSpecification\",\"valueRequired\":true,\"valueName\":\"search_term_string\"}}],\"inLanguage\":\"it-IT\"},{\"@type\":\"Organization\",\"@id\":\"https:\/\/svetslik.si\/it\/#organization\",\"name\":\"SvetSlik.si\",\"url\":\"https:\/\/svetslik.si\/it\/\",\"logo\":{\"@type\":\"ImageObject\",\"inLanguage\":\"it-IT\",\"@id\":\"https:\/\/svetslik.si\/it\/#\/schema\/logo\/image\/\",\"url\":\"https:\/\/svetslik.si\/wp-content\/uploads\/2020\/12\/logo-512.png\",\"contentUrl\":\"https:\/\/svetslik.si\/wp-content\/uploads\/2020\/12\/logo-512.png\",\"width\":512,\"height\":512,\"caption\":\"SvetSlik.si\"},\"image\":{\"@id\":\"https:\/\/svetslik.si\/it\/#\/schema\/logo\/image\/\"},\"sameAs\":[\"https:\/\/www.facebook.com\/svetslik.si\",\"https:\/\/x.com\/svetslik\",\"https:\/\/www.instagram.com\/svetslik.si\/\",\"https:\/\/www.linkedin.com\/company\/svetslik-si\"]}]}<\/script>\n<meta property=\"og:availability\" content=\"backorder\" \/>\n<meta property=\"product:availability\" content=\"available for order\" \/>\n<meta property=\"product:retailer_item_id\" content=\"39__\" \/>\n<meta property=\"product:condition\" content=\"new\" \/>\n<!-- \/ Yoast SEO Premium plugin. -->","yoast_head_json":{"title":"Vincent van Gogh - Olive trees with yellow sky and sun - SVETSLIK.SI - Dipinti a mano al 100%","description":"Vincent van Gogh - Olive trees with yellow sky and sun - Riproduzioni di quadri d'arte dipinte a mano al 100% su tela. Cornici per quadri, vendita e produzione di dimensioni su ordinazione.","robots":{"index":"index","follow":"follow","max-snippet":"max-snippet:-1","max-image-preview":"max-image-preview:large","max-video-preview":"max-video-preview:-1"},"canonical":"https:\/\/svetslik.si\/it\/vincent-van-gogh\/olive-trees-with-yellow-sky-and-sun\/","og_locale":"it_IT","og_type":"article","og_title":"Vincent van Gogh - Olive trees with yellow sky and sun","og_description":"100% ro\u010dno naslikane slike na platnu, reprodukcije znanih slikarjev in umetni\u0161ke slike po naro\u010dilu.","og_url":"https:\/\/svetslik.si\/it\/vincent-van-gogh\/olive-trees-with-yellow-sky-and-sun\/","og_site_name":"SVETSLIK.SI","article_publisher":"https:\/\/www.facebook.com\/svetslik.si","article_modified_time":"2026-03-22T19:59:35+00:00","og_image":[{"width":1788,"height":1440,"url":"https:\/\/svetslik.si\/wp-content\/uploads\/2021\/08\/image_Olive-trees-with-yellow-sky-and-sun-Vincent-van-Gogh_680.jpg","type":"image\/jpeg"}],"twitter_card":"summary_large_image","twitter_site":"@svetslik","twitter_misc":{"Disponibilit\u00e0":"Su ordinazione"},"schema":{"@context":"https:\/\/schema.org","@graph":[{"@type":["WebPage","ItemPage"],"@id":"https:\/\/svetslik.si\/it\/vincent-van-gogh\/olive-trees-with-yellow-sky-and-sun\/","url":"https:\/\/svetslik.si\/it\/vincent-van-gogh\/olive-trees-with-yellow-sky-and-sun\/","name":"Vincent van Gogh - Olive trees with yellow sky and sun - SVETSLIK.SI - Dipinti a mano al 100%","isPartOf":{"@id":"https:\/\/svetslik.si\/it\/#website"},"primaryImageOfPage":{"@id":"https:\/\/svetslik.si\/it\/vincent-van-gogh\/olive-trees-with-yellow-sky-and-sun\/#primaryimage"},"image":{"@id":"https:\/\/svetslik.si\/it\/vincent-van-gogh\/olive-trees-with-yellow-sky-and-sun\/#primaryimage"},"thumbnailUrl":"https:\/\/svetslik.si\/wp-content\/uploads\/2021\/08\/image_Olive-trees-with-yellow-sky-and-sun-Vincent-van-Gogh_680.jpg","datePublished":"2021-09-02T15:42:17+00:00","dateModified":"2026-03-22T19:59:35+00:00","description":"Vincent van Gogh - Olive trees with yellow sky and sun - Riproduzioni di quadri d'arte dipinte a mano al 100% su tela. Cornici per quadri, vendita e produzione di dimensioni su ordinazione.","breadcrumb":{"@id":"https:\/\/svetslik.si\/it\/vincent-van-gogh\/olive-trees-with-yellow-sky-and-sun\/#breadcrumb"},"inLanguage":"it-IT","potentialAction":[{"@type":"ReadAction","target":["https:\/\/svetslik.si\/it\/vincent-van-gogh\/olive-trees-with-yellow-sky-and-sun\/"]}]},{"@type":"ImageObject","inLanguage":"it-IT","@id":"https:\/\/svetslik.si\/it\/vincent-van-gogh\/olive-trees-with-yellow-sky-and-sun\/#primaryimage","url":"https:\/\/svetslik.si\/wp-content\/uploads\/2021\/08\/image_Olive-trees-with-yellow-sky-and-sun-Vincent-van-Gogh_680.jpg","contentUrl":"https:\/\/svetslik.si\/wp-content\/uploads\/2021\/08\/image_Olive-trees-with-yellow-sky-and-sun-Vincent-van-Gogh_680.jpg","width":1788,"height":1440,"caption":"Vincent Van Gogh - Ulivi con cielo giallo e sole - Riproduzioni di pittori famosi, arte moderna della parete, arte della parete"},{"@type":"BreadcrumbList","@id":"https:\/\/svetslik.si\/it\/vincent-van-gogh\/olive-trees-with-yellow-sky-and-sun\/#breadcrumb","itemListElement":[{"@type":"ListItem","position":1,"name":"Fali m\u0171v\u00e9szet \u00e9s festm\u00e9nyek v\u00e1szonra","item":"https:\/\/svetslik.si\/it\/"},{"@type":"ListItem","position":2,"name":"Vendita di dipinti","item":"https:\/\/svetslik.si\/prodaja-slik\/"},{"@type":"ListItem","position":3,"name":"Vincent van Gogh &#8211; Olive trees with yellow sky and sun"}]},{"@type":"WebSite","@id":"https:\/\/svetslik.si\/it\/#website","url":"https:\/\/svetslik.si\/it\/","name":"SVETSLIK.SI","description":"100% riproduzioni dipinte a mano di quadri di pittori famosi e dipinti su tela.","publisher":{"@id":"https:\/\/svetslik.si\/it\/#organization"},"potentialAction":[{"@type":"SearchAction","target":{"@type":"EntryPoint","urlTemplate":"https:\/\/svetslik.si\/it\/?s={search_term_string}"},"query-input":{"@type":"PropertyValueSpecification","valueRequired":true,"valueName":"search_term_string"}}],"inLanguage":"it-IT"},{"@type":"Organization","@id":"https:\/\/svetslik.si\/it\/#organization","name":"SvetSlik.si","url":"https:\/\/svetslik.si\/it\/","logo":{"@type":"ImageObject","inLanguage":"it-IT","@id":"https:\/\/svetslik.si\/it\/#\/schema\/logo\/image\/","url":"https:\/\/svetslik.si\/wp-content\/uploads\/2020\/12\/logo-512.png","contentUrl":"https:\/\/svetslik.si\/wp-content\/uploads\/2020\/12\/logo-512.png","width":512,"height":512,"caption":"SvetSlik.si"},"image":{"@id":"https:\/\/svetslik.si\/it\/#\/schema\/logo\/image\/"},"sameAs":["https:\/\/www.facebook.com\/svetslik.si","https:\/\/x.com\/svetslik","https:\/\/www.instagram.com\/svetslik.si\/","https:\/\/www.linkedin.com\/company\/svetslik-si"]}]},"og_availability":"backorder","product_availability":"available for order","product_retailer_item_id":"39__","product_condition":"new"},"jetpack_sharing_enabled":true,"_links":{"self":[{"href":"https:\/\/svetslik.si\/it\/wp-json\/wp\/v2\/product\/37990","targetHints":{"allow":["GET"]}}],"collection":[{"href":"https:\/\/svetslik.si\/it\/wp-json\/wp\/v2\/product"}],"about":[{"href":"https:\/\/svetslik.si\/it\/wp-json\/wp\/v2\/types\/product"}],"wp:featuredmedia":[{"embeddable":true,"href":"https:\/\/svetslik.si\/it\/wp-json\/wp\/v2\/media\/35431"}],"wp:attachment":[{"href":"https:\/\/svetslik.si\/it\/wp-json\/wp\/v2\/media?parent=37990"}],"wp:term":[{"taxonomy":"product_brand","embeddable":true,"href":"https:\/\/svetslik.si\/it\/wp-json\/wp\/v2\/product_brand?post=37990"},{"taxonomy":"product_cat","embeddable":true,"href":"https:\/\/svetslik.si\/it\/wp-json\/wp\/v2\/product_cat?post=37990"},{"taxonomy":"product_tag","embeddable":true,"href":"https:\/\/svetslik.si\/it\/wp-json\/wp\/v2\/product_tag?post=37990"}],"curies":[{"name":"wp","href":"https:\/\/api.w.org\/{rel}","templated":true}]}}