{"id":38015,"date":"2021-09-02T17:42:21","date_gmt":"2021-09-02T15:42:21","guid":{"rendered":"https:\/\/svetslik.si\/senza-categoria\/fishing-boats-at-sea\/"},"modified":"2026-03-22T21:00:24","modified_gmt":"2026-03-22T20:00:24","slug":"fishing-boats-at-sea","status":"publish","type":"product","link":"https:\/\/svetslik.si\/it\/vincent-van-gogh\/fishing-boats-at-sea\/","title":{"rendered":"Vincent van Gogh &#8211; Fishing boats at sea"},"content":{"rendered":"<div class=\"wpb-content-wrapper\">[vc_row css=&#8221;.vc_custom_1735995708877{margin-bottom: 10px !important;}&#8221;][vc_column]\t<div class=\"et-image-805 et-image     et_image_link\">\n\t\t<div class=\"et-image-inner \">\n\t\t\t\t\t\t\t<div class=\"et-image-thumb \">\n\t\t\t\t\t<img decoding=\"async\" width=\"1000\" height=\"887\" src=\"https:\/\/svetslik.si\/wp-content\/uploads\/2021\/09\/Vincent-van-Gogh-\u2013-Fishing-boats-at-sea-reprodukcija-slike-na-platnu-5.jpg\" class=\"attachment-full\" alt=\"Vincent van Gogh - Fishing boats at sea\" title=\"Vincent van Gogh - Fishing boats at sea\" srcset=\"https:\/\/svetslik.si\/wp-content\/uploads\/2021\/09\/Vincent-van-Gogh-\u2013-Fishing-boats-at-sea-reprodukcija-slike-na-platnu-5.jpg 1000w, https:\/\/svetslik.si\/wp-content\/uploads\/2021\/09\/Vincent-van-Gogh-\u2013-Fishing-boats-at-sea-reprodukcija-slike-na-platnu-5-600x532.jpg 600w, https:\/\/svetslik.si\/wp-content\/uploads\/2021\/09\/Vincent-van-Gogh-\u2013-Fishing-boats-at-sea-reprodukcija-slike-na-platnu-5-300x266.jpg 300w, https:\/\/svetslik.si\/wp-content\/uploads\/2021\/09\/Vincent-van-Gogh-\u2013-Fishing-boats-at-sea-reprodukcija-slike-na-platnu-5-768x681.jpg 768w, https:\/\/svetslik.si\/wp-content\/uploads\/2021\/09\/Vincent-van-Gogh-\u2013-Fishing-boats-at-sea-reprodukcija-slike-na-platnu-5-150x133.jpg 150w, https:\/\/svetslik.si\/wp-content\/uploads\/2021\/09\/Vincent-van-Gogh-\u2013-Fishing-boats-at-sea-reprodukcija-slike-na-platnu-5-900x798.jpg 900w\" sizes=\"(max-width: 1000px) 100vw, 1000px\" \/>\t\t\t\t<\/div>\n\t\t\t\t\t\t\t\t\t\t\t<\/div>\n\t<\/div>\n  [\/vc_column][\/vc_row][vc_row css=&#8221;.vc_custom_1735995708877{margin-bottom: 10px !important;}&#8221;][vc_column]\t<div class=\"et-image-918 et-image     et_image_link\">\n\t\t<div class=\"et-image-inner \">\n\t\t\t\t\t\t\t<div class=\"et-image-thumb \">\n\t\t\t\t\t<img decoding=\"async\" width=\"1000\" height=\"1152\" src=\"https:\/\/svetslik.si\/wp-content\/uploads\/2021\/09\/Vincent-van-Gogh-\u2013-Fishing-boats-at-sea-reprodukcija-slike-na-platnu-3.jpg\" class=\"attachment-full\" alt=\"Vincent van Gogh - Fishing boats at sea\" title=\"Vincent van Gogh - Fishing boats at sea\" srcset=\"https:\/\/svetslik.si\/wp-content\/uploads\/2021\/09\/Vincent-van-Gogh-\u2013-Fishing-boats-at-sea-reprodukcija-slike-na-platnu-3.jpg 1000w, https:\/\/svetslik.si\/wp-content\/uploads\/2021\/09\/Vincent-van-Gogh-\u2013-Fishing-boats-at-sea-reprodukcija-slike-na-platnu-3-600x691.jpg 600w, https:\/\/svetslik.si\/wp-content\/uploads\/2021\/09\/Vincent-van-Gogh-\u2013-Fishing-boats-at-sea-reprodukcija-slike-na-platnu-3-260x300.jpg 260w, https:\/\/svetslik.si\/wp-content\/uploads\/2021\/09\/Vincent-van-Gogh-\u2013-Fishing-boats-at-sea-reprodukcija-slike-na-platnu-3-889x1024.jpg 889w, https:\/\/svetslik.si\/wp-content\/uploads\/2021\/09\/Vincent-van-Gogh-\u2013-Fishing-boats-at-sea-reprodukcija-slike-na-platnu-3-768x885.jpg 768w, https:\/\/svetslik.si\/wp-content\/uploads\/2021\/09\/Vincent-van-Gogh-\u2013-Fishing-boats-at-sea-reprodukcija-slike-na-platnu-3-130x150.jpg 130w, https:\/\/svetslik.si\/wp-content\/uploads\/2021\/09\/Vincent-van-Gogh-\u2013-Fishing-boats-at-sea-reprodukcija-slike-na-platnu-3-900x1037.jpg 900w\" sizes=\"(max-width: 1000px) 100vw, 1000px\" \/>\t\t\t\t<\/div>\n\t\t\t\t\t\t\t\t\t\t\t<\/div>\n\t<\/div>\n  [\/vc_column][\/vc_row][vc_row css=&#8221;.vc_custom_1735995708877{margin-bottom: 10px !important;}&#8221;][vc_column]\t<div class=\"et-image-206 et-image     et_image_link\">\n\t\t<div class=\"et-image-inner \">\n\t\t\t\t\t\t\t<div class=\"et-image-thumb \">\n\t\t\t\t\t<img decoding=\"async\" width=\"1000\" height=\"1033\" src=\"https:\/\/svetslik.si\/wp-content\/uploads\/2021\/09\/Vincent-van-Gogh-\u2013-Fishing-boats-at-sea-reprodukcija-slike-na-platnu-2.jpg\" class=\"attachment-full\" alt=\"Vincent van Gogh - Fishing boats at sea\" title=\"Vincent van Gogh - Fishing boats at sea\" srcset=\"https:\/\/svetslik.si\/wp-content\/uploads\/2021\/09\/Vincent-van-Gogh-\u2013-Fishing-boats-at-sea-reprodukcija-slike-na-platnu-2.jpg 1000w, https:\/\/svetslik.si\/wp-content\/uploads\/2021\/09\/Vincent-van-Gogh-\u2013-Fishing-boats-at-sea-reprodukcija-slike-na-platnu-2-600x620.jpg 600w, https:\/\/svetslik.si\/wp-content\/uploads\/2021\/09\/Vincent-van-Gogh-\u2013-Fishing-boats-at-sea-reprodukcija-slike-na-platnu-2-290x300.jpg 290w, https:\/\/svetslik.si\/wp-content\/uploads\/2021\/09\/Vincent-van-Gogh-\u2013-Fishing-boats-at-sea-reprodukcija-slike-na-platnu-2-991x1024.jpg 991w, https:\/\/svetslik.si\/wp-content\/uploads\/2021\/09\/Vincent-van-Gogh-\u2013-Fishing-boats-at-sea-reprodukcija-slike-na-platnu-2-768x793.jpg 768w, https:\/\/svetslik.si\/wp-content\/uploads\/2021\/09\/Vincent-van-Gogh-\u2013-Fishing-boats-at-sea-reprodukcija-slike-na-platnu-2-145x150.jpg 145w, https:\/\/svetslik.si\/wp-content\/uploads\/2021\/09\/Vincent-van-Gogh-\u2013-Fishing-boats-at-sea-reprodukcija-slike-na-platnu-2-900x930.jpg 900w\" sizes=\"(max-width: 1000px) 100vw, 1000px\" \/>\t\t\t\t<\/div>\n\t\t\t\t\t\t\t\t\t\t\t<\/div>\n\t<\/div>\n  [\/vc_column][\/vc_row][vc_row css=&#8221;.vc_custom_1735995708877{margin-bottom: 10px !important;}&#8221;][vc_column]\t<div class=\"et-image-943 et-image     et_image_link\">\n\t\t<div class=\"et-image-inner \">\n\t\t\t\t\t\t\t<div class=\"et-image-thumb \">\n\t\t\t\t\t<img decoding=\"async\" width=\"1000\" height=\"750\" src=\"https:\/\/svetslik.si\/wp-content\/uploads\/2021\/09\/Vincent-van-Gogh-\u2013-Fishing-boats-at-sea-reprodukcija-slike-na-platnu.jpg\" class=\"attachment-full\" alt=\"Vincent van Gogh - Fishing boats at sea\" title=\"Vincent van Gogh - Fishing boats at sea\" srcset=\"https:\/\/svetslik.si\/wp-content\/uploads\/2021\/09\/Vincent-van-Gogh-\u2013-Fishing-boats-at-sea-reprodukcija-slike-na-platnu.jpg 1000w, https:\/\/svetslik.si\/wp-content\/uploads\/2021\/09\/Vincent-van-Gogh-\u2013-Fishing-boats-at-sea-reprodukcija-slike-na-platnu-600x450.jpg 600w, https:\/\/svetslik.si\/wp-content\/uploads\/2021\/09\/Vincent-van-Gogh-\u2013-Fishing-boats-at-sea-reprodukcija-slike-na-platnu-300x225.jpg 300w, https:\/\/svetslik.si\/wp-content\/uploads\/2021\/09\/Vincent-van-Gogh-\u2013-Fishing-boats-at-sea-reprodukcija-slike-na-platnu-768x576.jpg 768w, https:\/\/svetslik.si\/wp-content\/uploads\/2021\/09\/Vincent-van-Gogh-\u2013-Fishing-boats-at-sea-reprodukcija-slike-na-platnu-150x113.jpg 150w, https:\/\/svetslik.si\/wp-content\/uploads\/2021\/09\/Vincent-van-Gogh-\u2013-Fishing-boats-at-sea-reprodukcija-slike-na-platnu-900x675.jpg 900w\" sizes=\"(max-width: 1000px) 100vw, 1000px\" \/>\t\t\t\t<\/div>\n\t\t\t\t\t\t\t\t\t\t\t<\/div>\n\t<\/div>\n  [\/vc_column][\/vc_row][vc_row][vc_column][vc_column_text]\n<h1>Vincent Van Gogh &#8211; Barche da pesca in mare<\/h1>\n<table id=\"imageinfo\" border=\"0\" width=\"96%\" cellspacing=\"0\" cellpadding=\"2\">\n<tbody>\n<tr>\n<td width=\"120\">Anno di creazione:<\/td>\n<td>1888<\/td>\n<\/tr>\n<tr>\n<td>Dimensione originale:<\/td>\n<td>44 x 53 cm<\/td>\n<\/tr>\n<tr>\n<td>Stile di pittura:<\/td>\n<td>Post-impressionismo<\/td>\n<\/tr>\n<tr>\n<td>Tecnica originale:<\/td>\n<td>Olio su tela<\/td>\n<\/tr>\n<tr>\n<td>Situato:<\/td>\n<td>Museo Pushkin di Belle Arti, Mosca<\/td>\n<\/tr>\n<\/tbody>\n<\/table>\n<p>L&#8217;olio su tela <em>Barche da pesca in mare<\/em> fu realizzato nel 1888 durante il soggiorno di van Gogh ad Arles, quando visit\u00f2 per una settimana la localit\u00e0 balneare sul Mar Mediterraneo. In seguito, basandosi sull&#8217;originale, disegn\u00f2 anche degli schizzi del dipinto, che invi\u00f2 agli amici e al fratello, perch\u00e9 in questo modo condividesse con loro le sue nuove creazioni.<\/p>\n<p>&#8220;Fishing Boats at Sea&#8221; \u00e8 un dipinto dell&#8217;artista olandese Vincent van Gogh del 1887. Questo dipinto \u00e8 considerato uno dei primi lavori di Van Gogh, che mostra la sua abilit\u00e0 nel catturare il potere e la bellezza della natura. Il dipinto mostra una scena di pescherecci in mare con un cielo tempestoso sopra e una costa rocciosa sotto. Il dipinto \u00e8 ampiamente riconosciuto per le sue pennellate audaci, l&#8217;emotivit\u00e0 e il forte simbolismo.<\/p>\n<p>La composizione del dipinto \u00e8 dinamica, in quanto le barche dei pescatori occupano il centro della tela, mentre il mare e il cielo occupano il resto dello spazio. Anche l&#8217;uso del colore nel dipinto \u00e8 degno di nota, poich\u00e9 Van Gogh utilizza colori audaci e contrastanti che creano un senso di movimento ed energia. Le barche da pesca sono raffigurate nei toni del blu e del bianco, creando una sensazione di pace e tranquillit\u00e0. Il mare \u00e8 raffigurato nei toni del blu e del verde, che creano una sensazione di forza ed energia. Il cielo \u00e8 raffigurato nei toni dell&#8217;arancione, del giallo e del viola, creando un senso di drammaticit\u00e0 ed emozione. Le pennellate nel dipinto sono dense e visibili, conferendo al dipinto un senso di movimento ed energia.<\/p>\n<p>Anche il simbolismo nell&#8217;immagine \u00e8 ricco, poich\u00e9 le barche da pesca rappresentano la lotta umana contro la natura, il mare rappresenta il potere della natura e il cielo tempestoso rappresenta la volatilit\u00e0 della vita. Si dice che il dipinto rappresenti lo stato emotivo di Van Gogh in quel momento. Il dipinto \u00e8 stato creato mentre Van Gogh viveva a L&#8217;Aia, nei Paesi Bassi, e si ritiene che rifletta i sentimenti di desiderio dell&#8217;artista di connettersi con la natura e i cicli naturali della vita.<\/p>\n<p>Il dipinto &#8220;Barche da pesca in mare&#8221; \u00e8 considerato uno dei primi lavori di Van Gogh e si trova nel Van Gogh Museum di Amsterdam, Paesi Bassi. \u00c8 un&#8217;importante opera di post-impressionismo che \u00e8 ancora ammirata e studiata sia da dilettanti che da esperti. Le potenti immagini, l&#8217;emotivit\u00e0 e il ricco simbolismo rendono il dipinto un must per qualsiasi amante dell&#8217;arte o chiunque sia interessato al lavoro di Vincent van Gogh.<\/p>\n<\/div>","protected":false},"excerpt":{"rendered":"<p>[vc_row css=&#8221;.vc_custom_1735995708877{margin-bottom: 10px !important;}&#8221;][vc_column][\/vc_column][\/vc_row][vc_row css=&#8221;.vc_custom_1735995708877{margin-bottom: 10px !important;}&#8221;][vc_column][\/vc_column][\/vc_row][vc_row css=&#8221;.vc_custom_1735995708877{margin-bottom: 10px !important;}&#8221;][vc_column][\/vc_column][\/vc_row][vc_row css=&#8221;.vc_custom_1735995708877{margin-bottom: 10px !important;}&#8221;][vc_column][\/vc_column][\/vc_row][vc_row][vc_column][vc_column_text] Vincent Van Gogh &#8211; Barche da pesca in mare Anno di creazione: 1888 Dimensione originale: 44 x 53 cm Stile di pittura: Post-impressionismo Tecnica originale: Olio su tela Situato: Museo Pushkin di Belle Arti, Mosca L&#8217;olio su [&hellip;]<\/p>\n","protected":false},"featured_media":35162,"template":"","meta":{"_acf_changed":false},"product_brand":[],"product_cat":[4189],"product_tag":[4245,4246,4253,4265],"class_list":{"0":"post-38015","1":"product","2":"type-product","3":"status-publish","4":"has-post-thumbnail","6":"product_cat-vincent-van-gogh","7":"product_tag-riproduzione","8":"product_tag-riproduzione-it","9":"product_tag-un-pittore","10":"product_tag-van-gogh-it","11":"pa_dimenzija-120-x-100-cm","12":"pa_dimenzija-150-x-120-cm","13":"pa_dimenzija-50-x-40-cm","14":"pa_dimenzija-53-x-44-cm","15":"pa_dimenzija-60-x-50-cm","16":"pa_dimenzija-70-x-60-cm","17":"pa_dimenzija-90-x-70-cm","18":"pa_oblika-orizzontale","19":"pa_okvir-sensa-cornice","20":"pa_podokvir-no","21":"pa_podokvir-si","23":"first","24":"onbackorder","25":"purchasable","26":"product-type-variable","27":"has-default-attributes"},"acf":[],"yoast_head":"<!-- This site is optimized with the Yoast SEO Premium plugin v26.0 (Yoast SEO v27.2) - https:\/\/yoast.com\/product\/yoast-seo-premium-wordpress\/ -->\n<title>Vincent van Gogh - Fishing boats at sea - SVETSLIK.SI - Dipinti a mano al 100%<\/title>\n<meta name=\"description\" content=\"Vincent van Gogh - Fishing boats at sea - Riproduzioni di quadri d&#039;arte dipinte a mano al 100% su tela. Cornici per quadri, vendita e produzione di dimensioni su ordinazione.\" \/>\n<meta name=\"robots\" content=\"index, follow, max-snippet:-1, max-image-preview:large, max-video-preview:-1\" \/>\n<link rel=\"canonical\" href=\"https:\/\/svetslik.si\/it\/vincent-van-gogh\/fishing-boats-at-sea\/\" \/>\n<meta property=\"og:locale\" content=\"it_IT\" \/>\n<meta property=\"og:type\" content=\"article\" \/>\n<meta property=\"og:title\" content=\"Vincent van Gogh - Fishing boats at sea\" \/>\n<meta property=\"og:description\" content=\"100% ro\u010dno naslikane slike na platnu, reprodukcije znanih slikarjev in umetni\u0161ke slike po naro\u010dilu.\" \/>\n<meta property=\"og:url\" content=\"https:\/\/svetslik.si\/it\/vincent-van-gogh\/fishing-boats-at-sea\/\" \/>\n<meta property=\"og:site_name\" content=\"SVETSLIK.SI\" \/>\n<meta property=\"article:publisher\" content=\"https:\/\/www.facebook.com\/svetslik.si\" \/>\n<meta property=\"article:modified_time\" content=\"2026-03-22T20:00:24+00:00\" \/>\n<meta property=\"og:image\" content=\"https:\/\/svetslik.si\/wp-content\/uploads\/2021\/08\/image_Fishing-boats-at-sea-Van-Gogh_680.jpg\" \/>\n\t<meta property=\"og:image:width\" content=\"1000\" \/>\n\t<meta property=\"og:image:height\" content=\"819\" \/>\n\t<meta property=\"og:image:type\" content=\"image\/jpeg\" \/>\n<meta name=\"twitter:card\" content=\"summary_large_image\" \/>\n<meta name=\"twitter:site\" content=\"@svetslik\" \/>\n<meta name=\"twitter:label1\" content=\"Disponibilit\u00e0\" \/>\n\t<meta name=\"twitter:data1\" content=\"Su ordinazione\" \/>\n<script type=\"application\/ld+json\" class=\"yoast-schema-graph\">{\"@context\":\"https:\/\/schema.org\",\"@graph\":[{\"@type\":[\"WebPage\",\"ItemPage\"],\"@id\":\"https:\/\/svetslik.si\/it\/vincent-van-gogh\/fishing-boats-at-sea\/\",\"url\":\"https:\/\/svetslik.si\/it\/vincent-van-gogh\/fishing-boats-at-sea\/\",\"name\":\"Vincent van Gogh - Fishing boats at sea - SVETSLIK.SI - Dipinti a mano al 100%\",\"isPartOf\":{\"@id\":\"https:\/\/svetslik.si\/it\/#website\"},\"primaryImageOfPage\":{\"@id\":\"https:\/\/svetslik.si\/it\/vincent-van-gogh\/fishing-boats-at-sea\/#primaryimage\"},\"image\":{\"@id\":\"https:\/\/svetslik.si\/it\/vincent-van-gogh\/fishing-boats-at-sea\/#primaryimage\"},\"thumbnailUrl\":\"https:\/\/svetslik.si\/wp-content\/uploads\/2021\/08\/image_Fishing-boats-at-sea-Van-Gogh_680.jpg\",\"datePublished\":\"2021-09-02T15:42:21+00:00\",\"dateModified\":\"2026-03-22T20:00:24+00:00\",\"description\":\"Vincent van Gogh - Fishing boats at sea - Riproduzioni di quadri d'arte dipinte a mano al 100% su tela. Cornici per quadri, vendita e produzione di dimensioni su ordinazione.\",\"breadcrumb\":{\"@id\":\"https:\/\/svetslik.si\/it\/vincent-van-gogh\/fishing-boats-at-sea\/#breadcrumb\"},\"inLanguage\":\"it-IT\",\"potentialAction\":[{\"@type\":\"ReadAction\",\"target\":[\"https:\/\/svetslik.si\/it\/vincent-van-gogh\/fishing-boats-at-sea\/\"]}]},{\"@type\":\"ImageObject\",\"inLanguage\":\"it-IT\",\"@id\":\"https:\/\/svetslik.si\/it\/vincent-van-gogh\/fishing-boats-at-sea\/#primaryimage\",\"url\":\"https:\/\/svetslik.si\/wp-content\/uploads\/2021\/08\/image_Fishing-boats-at-sea-Van-Gogh_680.jpg\",\"contentUrl\":\"https:\/\/svetslik.si\/wp-content\/uploads\/2021\/08\/image_Fishing-boats-at-sea-Van-Gogh_680.jpg\",\"width\":1000,\"height\":819,\"caption\":\"Riproduzioni di dipinti - Barche da pesca al mare - Dipinti a mano per pareti, olio su tela, dipinti ad olio, quadri moderni, quadri d'arte per pareti, ambientali, astratti, quadri decorativi per pareti\"},{\"@type\":\"BreadcrumbList\",\"@id\":\"https:\/\/svetslik.si\/it\/vincent-van-gogh\/fishing-boats-at-sea\/#breadcrumb\",\"itemListElement\":[{\"@type\":\"ListItem\",\"position\":1,\"name\":\"Fali m\u0171v\u00e9szet \u00e9s festm\u00e9nyek v\u00e1szonra\",\"item\":\"https:\/\/svetslik.si\/it\/\"},{\"@type\":\"ListItem\",\"position\":2,\"name\":\"Vendita di dipinti\",\"item\":\"https:\/\/svetslik.si\/prodaja-slik\/\"},{\"@type\":\"ListItem\",\"position\":3,\"name\":\"Vincent van Gogh &#8211; Fishing boats at sea\"}]},{\"@type\":\"WebSite\",\"@id\":\"https:\/\/svetslik.si\/it\/#website\",\"url\":\"https:\/\/svetslik.si\/it\/\",\"name\":\"SVETSLIK.SI\",\"description\":\"100% riproduzioni dipinte a mano di quadri di pittori famosi e dipinti su tela.\",\"publisher\":{\"@id\":\"https:\/\/svetslik.si\/it\/#organization\"},\"potentialAction\":[{\"@type\":\"SearchAction\",\"target\":{\"@type\":\"EntryPoint\",\"urlTemplate\":\"https:\/\/svetslik.si\/it\/?s={search_term_string}\"},\"query-input\":{\"@type\":\"PropertyValueSpecification\",\"valueRequired\":true,\"valueName\":\"search_term_string\"}}],\"inLanguage\":\"it-IT\"},{\"@type\":\"Organization\",\"@id\":\"https:\/\/svetslik.si\/it\/#organization\",\"name\":\"SvetSlik.si\",\"url\":\"https:\/\/svetslik.si\/it\/\",\"logo\":{\"@type\":\"ImageObject\",\"inLanguage\":\"it-IT\",\"@id\":\"https:\/\/svetslik.si\/it\/#\/schema\/logo\/image\/\",\"url\":\"https:\/\/svetslik.si\/wp-content\/uploads\/2020\/12\/logo-512.png\",\"contentUrl\":\"https:\/\/svetslik.si\/wp-content\/uploads\/2020\/12\/logo-512.png\",\"width\":512,\"height\":512,\"caption\":\"SvetSlik.si\"},\"image\":{\"@id\":\"https:\/\/svetslik.si\/it\/#\/schema\/logo\/image\/\"},\"sameAs\":[\"https:\/\/www.facebook.com\/svetslik.si\",\"https:\/\/x.com\/svetslik\",\"https:\/\/www.instagram.com\/svetslik.si\/\",\"https:\/\/www.linkedin.com\/company\/svetslik-si\"]}]}<\/script>\n<meta property=\"og:availability\" content=\"backorder\" \/>\n<meta property=\"product:availability\" content=\"available for order\" \/>\n<meta property=\"product:retailer_item_id\" content=\"42__\" \/>\n<meta property=\"product:condition\" content=\"new\" \/>\n<!-- \/ Yoast SEO Premium plugin. -->","yoast_head_json":{"title":"Vincent van Gogh - Fishing boats at sea - SVETSLIK.SI - Dipinti a mano al 100%","description":"Vincent van Gogh - Fishing boats at sea - Riproduzioni di quadri d'arte dipinte a mano al 100% su tela. Cornici per quadri, vendita e produzione di dimensioni su ordinazione.","robots":{"index":"index","follow":"follow","max-snippet":"max-snippet:-1","max-image-preview":"max-image-preview:large","max-video-preview":"max-video-preview:-1"},"canonical":"https:\/\/svetslik.si\/it\/vincent-van-gogh\/fishing-boats-at-sea\/","og_locale":"it_IT","og_type":"article","og_title":"Vincent van Gogh - Fishing boats at sea","og_description":"100% ro\u010dno naslikane slike na platnu, reprodukcije znanih slikarjev in umetni\u0161ke slike po naro\u010dilu.","og_url":"https:\/\/svetslik.si\/it\/vincent-van-gogh\/fishing-boats-at-sea\/","og_site_name":"SVETSLIK.SI","article_publisher":"https:\/\/www.facebook.com\/svetslik.si","article_modified_time":"2026-03-22T20:00:24+00:00","og_image":[{"width":1000,"height":819,"url":"https:\/\/svetslik.si\/wp-content\/uploads\/2021\/08\/image_Fishing-boats-at-sea-Van-Gogh_680.jpg","type":"image\/jpeg"}],"twitter_card":"summary_large_image","twitter_site":"@svetslik","twitter_misc":{"Disponibilit\u00e0":"Su ordinazione"},"schema":{"@context":"https:\/\/schema.org","@graph":[{"@type":["WebPage","ItemPage"],"@id":"https:\/\/svetslik.si\/it\/vincent-van-gogh\/fishing-boats-at-sea\/","url":"https:\/\/svetslik.si\/it\/vincent-van-gogh\/fishing-boats-at-sea\/","name":"Vincent van Gogh - Fishing boats at sea - SVETSLIK.SI - Dipinti a mano al 100%","isPartOf":{"@id":"https:\/\/svetslik.si\/it\/#website"},"primaryImageOfPage":{"@id":"https:\/\/svetslik.si\/it\/vincent-van-gogh\/fishing-boats-at-sea\/#primaryimage"},"image":{"@id":"https:\/\/svetslik.si\/it\/vincent-van-gogh\/fishing-boats-at-sea\/#primaryimage"},"thumbnailUrl":"https:\/\/svetslik.si\/wp-content\/uploads\/2021\/08\/image_Fishing-boats-at-sea-Van-Gogh_680.jpg","datePublished":"2021-09-02T15:42:21+00:00","dateModified":"2026-03-22T20:00:24+00:00","description":"Vincent van Gogh - Fishing boats at sea - Riproduzioni di quadri d'arte dipinte a mano al 100% su tela. Cornici per quadri, vendita e produzione di dimensioni su ordinazione.","breadcrumb":{"@id":"https:\/\/svetslik.si\/it\/vincent-van-gogh\/fishing-boats-at-sea\/#breadcrumb"},"inLanguage":"it-IT","potentialAction":[{"@type":"ReadAction","target":["https:\/\/svetslik.si\/it\/vincent-van-gogh\/fishing-boats-at-sea\/"]}]},{"@type":"ImageObject","inLanguage":"it-IT","@id":"https:\/\/svetslik.si\/it\/vincent-van-gogh\/fishing-boats-at-sea\/#primaryimage","url":"https:\/\/svetslik.si\/wp-content\/uploads\/2021\/08\/image_Fishing-boats-at-sea-Van-Gogh_680.jpg","contentUrl":"https:\/\/svetslik.si\/wp-content\/uploads\/2021\/08\/image_Fishing-boats-at-sea-Van-Gogh_680.jpg","width":1000,"height":819,"caption":"Riproduzioni di dipinti - Barche da pesca al mare - Dipinti a mano per pareti, olio su tela, dipinti ad olio, quadri moderni, quadri d'arte per pareti, ambientali, astratti, quadri decorativi per pareti"},{"@type":"BreadcrumbList","@id":"https:\/\/svetslik.si\/it\/vincent-van-gogh\/fishing-boats-at-sea\/#breadcrumb","itemListElement":[{"@type":"ListItem","position":1,"name":"Fali m\u0171v\u00e9szet \u00e9s festm\u00e9nyek v\u00e1szonra","item":"https:\/\/svetslik.si\/it\/"},{"@type":"ListItem","position":2,"name":"Vendita di dipinti","item":"https:\/\/svetslik.si\/prodaja-slik\/"},{"@type":"ListItem","position":3,"name":"Vincent van Gogh &#8211; Fishing boats at sea"}]},{"@type":"WebSite","@id":"https:\/\/svetslik.si\/it\/#website","url":"https:\/\/svetslik.si\/it\/","name":"SVETSLIK.SI","description":"100% riproduzioni dipinte a mano di quadri di pittori famosi e dipinti su tela.","publisher":{"@id":"https:\/\/svetslik.si\/it\/#organization"},"potentialAction":[{"@type":"SearchAction","target":{"@type":"EntryPoint","urlTemplate":"https:\/\/svetslik.si\/it\/?s={search_term_string}"},"query-input":{"@type":"PropertyValueSpecification","valueRequired":true,"valueName":"search_term_string"}}],"inLanguage":"it-IT"},{"@type":"Organization","@id":"https:\/\/svetslik.si\/it\/#organization","name":"SvetSlik.si","url":"https:\/\/svetslik.si\/it\/","logo":{"@type":"ImageObject","inLanguage":"it-IT","@id":"https:\/\/svetslik.si\/it\/#\/schema\/logo\/image\/","url":"https:\/\/svetslik.si\/wp-content\/uploads\/2020\/12\/logo-512.png","contentUrl":"https:\/\/svetslik.si\/wp-content\/uploads\/2020\/12\/logo-512.png","width":512,"height":512,"caption":"SvetSlik.si"},"image":{"@id":"https:\/\/svetslik.si\/it\/#\/schema\/logo\/image\/"},"sameAs":["https:\/\/www.facebook.com\/svetslik.si","https:\/\/x.com\/svetslik","https:\/\/www.instagram.com\/svetslik.si\/","https:\/\/www.linkedin.com\/company\/svetslik-si"]}]},"og_availability":"backorder","product_availability":"available for order","product_retailer_item_id":"42__","product_condition":"new"},"jetpack_sharing_enabled":true,"_links":{"self":[{"href":"https:\/\/svetslik.si\/it\/wp-json\/wp\/v2\/product\/38015","targetHints":{"allow":["GET"]}}],"collection":[{"href":"https:\/\/svetslik.si\/it\/wp-json\/wp\/v2\/product"}],"about":[{"href":"https:\/\/svetslik.si\/it\/wp-json\/wp\/v2\/types\/product"}],"wp:featuredmedia":[{"embeddable":true,"href":"https:\/\/svetslik.si\/it\/wp-json\/wp\/v2\/media\/35162"}],"wp:attachment":[{"href":"https:\/\/svetslik.si\/it\/wp-json\/wp\/v2\/media?parent=38015"}],"wp:term":[{"taxonomy":"product_brand","embeddable":true,"href":"https:\/\/svetslik.si\/it\/wp-json\/wp\/v2\/product_brand?post=38015"},{"taxonomy":"product_cat","embeddable":true,"href":"https:\/\/svetslik.si\/it\/wp-json\/wp\/v2\/product_cat?post=38015"},{"taxonomy":"product_tag","embeddable":true,"href":"https:\/\/svetslik.si\/it\/wp-json\/wp\/v2\/product_tag?post=38015"}],"curies":[{"name":"wp","href":"https:\/\/api.w.org\/{rel}","templated":true}]}}