{"id":38023,"date":"2021-09-02T17:42:24","date_gmt":"2021-09-02T15:42:24","guid":{"rendered":"https:\/\/svetslik.si\/senza-categoria\/autumn-landscape-with-four-trees\/"},"modified":"2026-03-22T21:00:24","modified_gmt":"2026-03-22T20:00:24","slug":"autumn-landscape-with-four-trees","status":"publish","type":"product","link":"https:\/\/svetslik.si\/it\/vincent-van-gogh\/autumn-landscape-with-four-trees\/","title":{"rendered":"Vincent van Gogh &#8211; Autumn Landscape with Four Trees"},"content":{"rendered":"<div class=\"wpb-content-wrapper\">[vc_row][vc_column][vc_column_text]\n<h1>Vincent Van Gogh &#8211; Paesaggio autunnale con quattro alberi<\/h1>\n<p>&nbsp;<\/p>\n<table style=\"width: 593px\" border=\"0\" width=\"593\" cellspacing=\"0\" cellpadding=\"0\">\n<tr>\n<td style=\"width: 155px;height: 21px\" height=\"21\">Anno di creazione:<\/td>\n<td style=\"width: 439px\">1885<\/td>\n<\/tr>\n<tr>\n<td style=\"width: 155px;height: 21px\" height=\"21\">Dimensioni originali:<\/td>\n<td style=\"width: 439px\">64 cm x 89 cm<\/td>\n<\/tr>\n<tr>\n<td style=\"width: 155px;height: 21px\" height=\"21\">Stile colore:<\/td>\n<td style=\"width: 439px\">Post impressionismo<\/td>\n<\/tr>\n<tr>\n<td style=\"width: 155px;height: 21px\" height=\"21\">Tecnica originale:<\/td>\n<td style=\"width: 439px\">Olio su tela<\/td>\n<\/tr>\n<tr>\n<td style=\"width: 155px;height: 21px\" height=\"21\">Situato:<\/td>\n<td style=\"width: 439px\">\n<div>Museo Kr\u00f6ller-M\u00fcller, Otterlo, Paesi Bassi<\/div>\n<\/td>\n<\/tr>\n<\/tbody>\n<\/table>\n<p>&nbsp;<\/p>\n<div>Le opere di Van Gogh esprimono l&#8217;atteggiamento del pittore nei confronti dell&#8217;impressionismo: questo stile di pittura non concedeva all&#8217;artista abbastanza libert\u00e0 per esprimere le proprie emozioni. Van Gogh \u00e8 noto per l&#8217;applicazione pesante dell&#8217;impasto della pittura sulle tele, i colori scintillanti e le vivaci pennellate.<\/div>\n<div><\/div>\n<div>Van Gogh dipinse l&#8217;olio su tela <em>Paesaggio autunnale con quattro alberi<\/em> nel novembre 1885, quando viveva con i suoi genitori nella citt\u00e0 olandese di Nuenan.<\/div>\n<div><\/div>\n<div>\n<p>&#8220;Paesaggio autunnale con quattro alberi&#8221; \u00e8 un dipinto del 1888 dell&#8217;artista olandese Vincent van Gogh. Questo dipinto \u00e8 considerato una delle opere pi\u00f9 impressionanti di Van Gogh, mostrando la sua abilit\u00e0 nel catturare la bellezza naturale dell&#8217;ambiente e le sue emozioni personali. Il dipinto mostra un paesaggio autunnale con quattro alberi circondati da un campo di grano. Il dipinto \u00e8 ampiamente riconosciuto per le sue pennellate audaci, l&#8217;emotivit\u00e0 e il forte simbolismo.<\/p>\n<p>La composizione del dipinto \u00e8 semplice ma efficace, in quanto il paesaggio occupa gran parte dello spazio sulla tela. Anche l&#8217;uso del colore nel dipinto \u00e8 degno di nota, poich\u00e9 Van Gogh utilizza colori audaci e contrastanti che creano un senso di movimento ed energia. Il paesaggio \u00e8 rappresentato nei toni del giallo, arancione e marrone, creando una sensazione di calore ed energia. I quattro alberi sono nei toni del verde e del rosso, creando un senso di calma e serenit\u00e0. Il campo di grano \u00e8 avvolto in sfumature gialle che creano un senso di speranza e guida. Le pennellate nel dipinto sono dense e visibili, conferendo al dipinto un senso di movimento ed energia.<\/p>\n<p>Anche il simbolismo nell&#8217;immagine \u00e8 ricco: il paesaggio autunnale rappresenta l&#8217;idea di cambiamenti e transizioni nella vita, i quattro alberi rappresentano forza e longevit\u00e0 e il campo di grano rappresenta speranza e abbondanza. Si dice che il dipinto rappresenti lo stato emotivo di Van Gogh in quel momento. Il dipinto \u00e8 stato creato mentre Van Gogh viveva ad Arles, in Francia, e si ritiene che rifletta il desiderio dell&#8217;artista di connettersi con la natura e i cicli naturali della vita.<\/p>\n<p>&#8220;Paesaggio autunnale con quattro alberi \u00e8 considerato una delle opere pi\u00f9 impressionanti di Van Gogh ed \u00e8 ospitato nel Van Gogh Museum di Amsterdam, nei Paesi Bassi. \u00c8 un&#8217;importante opera post-impressionista che \u00e8 ancora ammirata e studiata sia da dilettanti che da esperti. Perch\u00e9 del suo potente immaginario, emotivo e ricco simbolismo, il dipinto \u00e8 un must per ogni amante dell&#8217;arte o chiunque sia interessato al lavoro di Vincent van Gogh.<\/p>\n<\/div>\n<div><\/div>\n[\/vc_column_text][\/vc_column][\/vc_row][vc_row][vc_column]\t<div class=\"et-image-183 et-image  full   et_image_link\">\n\t\t<div class=\"et-image-inner \">\n\t\t\t\t\t\t\t<a  class=\"mfp-image et-lightbox\" data-mfp-type=\"image\" data-mfp-src=\"https:\/\/svetslik.si\/wp-content\/uploads\/2021\/09\/Vincent-Van-Gogh-\u2013-Autumn-Landscape-with-Four-Trees-scaled.jpg\"  title=\"Vincent Van Gogh &#8211; Paesaggio autunnale con quattro alberi &#8211; Riproduzione su tela a mano di dipinti artistici.\">\n\t\t\t\t\t\t\t<div class=\"et-image-thumb \">\n\t\t\t\t\t<img decoding=\"async\" width=\"2560\" height=\"1920\" src=\"https:\/\/svetslik.si\/wp-content\/uploads\/2021\/09\/Vincent-Van-Gogh-\u2013-Autumn-Landscape-with-Four-Trees-scaled.jpg\" class=\"attachment-full\" alt=\"Vincent Van Gogh - Paesaggio autunnale con quattro alberi - Riproduzione su tela a mano di dipinti artistici.\" title=\"Vincent Van Gogh - Paesaggio autunnale con quattro alberi - Riproduzione su tela a mano di dipinti artistici.\" srcset=\"https:\/\/svetslik.si\/wp-content\/uploads\/2021\/09\/Vincent-Van-Gogh-\u2013-Autumn-Landscape-with-Four-Trees-scaled.jpg 2560w, https:\/\/svetslik.si\/wp-content\/uploads\/2021\/09\/Vincent-Van-Gogh-\u2013-Autumn-Landscape-with-Four-Trees-600x450.jpg 600w, https:\/\/svetslik.si\/wp-content\/uploads\/2021\/09\/Vincent-Van-Gogh-\u2013-Autumn-Landscape-with-Four-Trees-scaled-1200x900.jpg 1200w, https:\/\/svetslik.si\/wp-content\/uploads\/2021\/09\/Vincent-Van-Gogh-\u2013-Autumn-Landscape-with-Four-Trees-300x225.jpg 300w, https:\/\/svetslik.si\/wp-content\/uploads\/2021\/09\/Vincent-Van-Gogh-\u2013-Autumn-Landscape-with-Four-Trees-1024x768.jpg 1024w, https:\/\/svetslik.si\/wp-content\/uploads\/2021\/09\/Vincent-Van-Gogh-\u2013-Autumn-Landscape-with-Four-Trees-768x576.jpg 768w, https:\/\/svetslik.si\/wp-content\/uploads\/2021\/09\/Vincent-Van-Gogh-\u2013-Autumn-Landscape-with-Four-Trees-1536x1152.jpg 1536w, https:\/\/svetslik.si\/wp-content\/uploads\/2021\/09\/Vincent-Van-Gogh-\u2013-Autumn-Landscape-with-Four-Trees-2048x1536.jpg 2048w, https:\/\/svetslik.si\/wp-content\/uploads\/2021\/09\/Vincent-Van-Gogh-\u2013-Autumn-Landscape-with-Four-Trees-150x113.jpg 150w, https:\/\/svetslik.si\/wp-content\/uploads\/2021\/09\/Vincent-Van-Gogh-\u2013-Autumn-Landscape-with-Four-Trees-1320x990.jpg 1320w, https:\/\/svetslik.si\/wp-content\/uploads\/2021\/09\/Vincent-Van-Gogh-\u2013-Autumn-Landscape-with-Four-Trees-900x675.jpg 900w\" sizes=\"(max-width: 2560px) 100vw, 2560px\" \/>\t\t\t\t<\/div>\n\t\t\t\t\t\t\t<\/a>\n\t\t\t\t\t\t\t\t\t\t<div class=\"wp-caption-text\">Vincent Van Gogh - Paesaggio autunnale con quattro alberi - Riproduzione su tela a mano di dipinti artistici.<\/div>\n\t\t\t\t\t\t\t\t<\/div>\n\t<\/div>\n   [\/vc_column][\/vc_row]\n<\/div>","protected":false},"excerpt":{"rendered":"<p>[vc_row][vc_column][vc_column_text] Vincent Van Gogh &#8211; Paesaggio autunnale con quattro alberi &nbsp; Anno di creazione: 1885 Dimensioni originali: 64 cm x 89 cm Stile colore: Post impressionismo Tecnica originale: Olio su tela Situato: Museo Kr\u00f6ller-M\u00fcller, Otterlo, Paesi Bassi &nbsp; Le opere di Van Gogh esprimono l&#8217;atteggiamento del pittore nei confronti dell&#8217;impressionismo: [&hellip;]<\/p>\n","protected":false},"featured_media":34923,"template":"","meta":{"_acf_changed":false},"product_brand":[],"product_cat":[4189],"product_tag":[4245,4246,4253,4265],"class_list":{"0":"post-38023","1":"product","2":"type-product","3":"status-publish","4":"has-post-thumbnail","6":"product_cat-vincent-van-gogh","7":"product_tag-riproduzione","8":"product_tag-riproduzione-it","9":"product_tag-un-pittore","10":"product_tag-van-gogh-it","11":"pa_dimenzija-40-x-30-cm-it","12":"pa_dimenzija-50-x-40-cm-it","13":"pa_dimenzija-60-x-40-cm-it","14":"pa_dimenzija-60-x-50-cm-it","15":"pa_dimenzija-70-x-50-cm-it","16":"pa_dimenzija-90-x-60-cm-it","17":"pa_dimenzija-91-x-64-cm-it","18":"pa_oblika-orizzontale","19":"pa_okvir-sensa-cornice","20":"pa_podokvir-no","21":"pa_podokvir-si","23":"first","24":"onbackorder","25":"purchasable","26":"product-type-variable","27":"has-default-attributes"},"acf":[],"yoast_head":"<!-- This site is optimized with the Yoast SEO Premium plugin v26.0 (Yoast SEO v27.2) - https:\/\/yoast.com\/product\/yoast-seo-premium-wordpress\/ -->\n<title>Vincent van Gogh - Autumn Landscape with Four Trees - SVETSLIK.SI - Dipinto al 100% fatto a mano<\/title>\n<meta name=\"description\" content=\"Vincent van Gogh - Autumn Landscape with Four Trees - Riproduzioni di quadri d&#039;arte al 100% dipinti a mano su tela. Cornici per quadri, vendita e realizzazione di dimensioni su ordinazione.\" \/>\n<meta name=\"robots\" content=\"index, follow, max-snippet:-1, max-image-preview:large, max-video-preview:-1\" \/>\n<link rel=\"canonical\" href=\"https:\/\/svetslik.si\/it\/vincent-van-gogh\/autumn-landscape-with-four-trees\/\" \/>\n<meta property=\"og:locale\" content=\"it_IT\" \/>\n<meta property=\"og:type\" content=\"article\" \/>\n<meta property=\"og:title\" content=\"Vincent van Gogh - Autumn Landscape with Four Trees\" \/>\n<meta property=\"og:description\" content=\"100% ro\u010dno naslikane slike na platnu, reprodukcije znanih slikarjev in umetni\u0161ke slike po naro\u010dilu.\" \/>\n<meta property=\"og:url\" content=\"https:\/\/svetslik.si\/it\/vincent-van-gogh\/autumn-landscape-with-four-trees\/\" \/>\n<meta property=\"og:site_name\" content=\"SVETSLIK.SI\" \/>\n<meta property=\"article:publisher\" content=\"https:\/\/www.facebook.com\/svetslik.si\" \/>\n<meta property=\"article:modified_time\" content=\"2026-03-22T20:00:24+00:00\" \/>\n<meta property=\"og:image\" content=\"https:\/\/svetslik.si\/wp-content\/uploads\/2021\/08\/image_Autumn-Landscape-with-Four-Trees-Vincent-van-Gogh_680.jpg\" \/>\n\t<meta property=\"og:image:width\" content=\"2237\" \/>\n\t<meta property=\"og:image:height\" content=\"1759\" \/>\n\t<meta property=\"og:image:type\" content=\"image\/jpeg\" \/>\n<meta name=\"twitter:card\" content=\"summary_large_image\" \/>\n<meta name=\"twitter:site\" content=\"@svetslik\" \/>\n<meta name=\"twitter:label1\" content=\"Disponibilit\u00e0\" \/>\n\t<meta name=\"twitter:data1\" content=\"Su ordinazione\" \/>\n<script type=\"application\/ld+json\" class=\"yoast-schema-graph\">{\"@context\":\"https:\/\/schema.org\",\"@graph\":[{\"@type\":[\"WebPage\",\"ItemPage\"],\"@id\":\"https:\/\/svetslik.si\/it\/vincent-van-gogh\/autumn-landscape-with-four-trees\/\",\"url\":\"https:\/\/svetslik.si\/it\/vincent-van-gogh\/autumn-landscape-with-four-trees\/\",\"name\":\"Vincent van Gogh - Autumn Landscape with Four Trees - SVETSLIK.SI - Dipinto al 100% fatto a mano\",\"isPartOf\":{\"@id\":\"https:\/\/svetslik.si\/it\/#website\"},\"primaryImageOfPage\":{\"@id\":\"https:\/\/svetslik.si\/it\/vincent-van-gogh\/autumn-landscape-with-four-trees\/#primaryimage\"},\"image\":{\"@id\":\"https:\/\/svetslik.si\/it\/vincent-van-gogh\/autumn-landscape-with-four-trees\/#primaryimage\"},\"thumbnailUrl\":\"https:\/\/svetslik.si\/wp-content\/uploads\/2021\/08\/image_Autumn-Landscape-with-Four-Trees-Vincent-van-Gogh_680.jpg\",\"datePublished\":\"2021-09-02T15:42:24+00:00\",\"dateModified\":\"2026-03-22T20:00:24+00:00\",\"description\":\"Vincent van Gogh - Autumn Landscape with Four Trees - Riproduzioni di quadri d'arte al 100% dipinti a mano su tela. Cornici per quadri, vendita e realizzazione di dimensioni su ordinazione.\",\"breadcrumb\":{\"@id\":\"https:\/\/svetslik.si\/it\/vincent-van-gogh\/autumn-landscape-with-four-trees\/#breadcrumb\"},\"inLanguage\":\"it-IT\",\"potentialAction\":[{\"@type\":\"ReadAction\",\"target\":[\"https:\/\/svetslik.si\/it\/vincent-van-gogh\/autumn-landscape-with-four-trees\/\"]}]},{\"@type\":\"ImageObject\",\"inLanguage\":\"it-IT\",\"@id\":\"https:\/\/svetslik.si\/it\/vincent-van-gogh\/autumn-landscape-with-four-trees\/#primaryimage\",\"url\":\"https:\/\/svetslik.si\/wp-content\/uploads\/2021\/08\/image_Autumn-Landscape-with-Four-Trees-Vincent-van-Gogh_680.jpg\",\"contentUrl\":\"https:\/\/svetslik.si\/wp-content\/uploads\/2021\/08\/image_Autumn-Landscape-with-Four-Trees-Vincent-van-Gogh_680.jpg\",\"width\":2237,\"height\":1759,\"caption\":\"Salvador Dali - Cannibalismo autunnale - Riproduzioni di dipinti, quadri dipinti a mano, dipinti murali ad olio su tela, quadri ad olio, quadri d'arte, quadri moderni per pareti, quadri ambientali, quadri astratti, quadri decorativi\"},{\"@type\":\"BreadcrumbList\",\"@id\":\"https:\/\/svetslik.si\/it\/vincent-van-gogh\/autumn-landscape-with-four-trees\/#breadcrumb\",\"itemListElement\":[{\"@type\":\"ListItem\",\"position\":1,\"name\":\"Fali m\u0171v\u00e9szet \u00e9s festm\u00e9nyek v\u00e1szonra\",\"item\":\"https:\/\/svetslik.si\/it\/\"},{\"@type\":\"ListItem\",\"position\":2,\"name\":\"Vendita di dipinti\",\"item\":\"https:\/\/svetslik.si\/prodaja-slik\/\"},{\"@type\":\"ListItem\",\"position\":3,\"name\":\"Vincent van Gogh &#8211; Autumn Landscape with Four Trees\"}]},{\"@type\":\"WebSite\",\"@id\":\"https:\/\/svetslik.si\/it\/#website\",\"url\":\"https:\/\/svetslik.si\/it\/\",\"name\":\"SVETSLIK.SI\",\"description\":\"100% riproduzioni dipinte a mano di quadri di pittori famosi e dipinti su tela.\",\"publisher\":{\"@id\":\"https:\/\/svetslik.si\/it\/#organization\"},\"potentialAction\":[{\"@type\":\"SearchAction\",\"target\":{\"@type\":\"EntryPoint\",\"urlTemplate\":\"https:\/\/svetslik.si\/it\/?s={search_term_string}\"},\"query-input\":{\"@type\":\"PropertyValueSpecification\",\"valueRequired\":true,\"valueName\":\"search_term_string\"}}],\"inLanguage\":\"it-IT\"},{\"@type\":\"Organization\",\"@id\":\"https:\/\/svetslik.si\/it\/#organization\",\"name\":\"SvetSlik.si\",\"url\":\"https:\/\/svetslik.si\/it\/\",\"logo\":{\"@type\":\"ImageObject\",\"inLanguage\":\"it-IT\",\"@id\":\"https:\/\/svetslik.si\/it\/#\/schema\/logo\/image\/\",\"url\":\"https:\/\/svetslik.si\/wp-content\/uploads\/2020\/12\/logo-512.png\",\"contentUrl\":\"https:\/\/svetslik.si\/wp-content\/uploads\/2020\/12\/logo-512.png\",\"width\":512,\"height\":512,\"caption\":\"SvetSlik.si\"},\"image\":{\"@id\":\"https:\/\/svetslik.si\/it\/#\/schema\/logo\/image\/\"},\"sameAs\":[\"https:\/\/www.facebook.com\/svetslik.si\",\"https:\/\/x.com\/svetslik\",\"https:\/\/www.instagram.com\/svetslik.si\/\",\"https:\/\/www.linkedin.com\/company\/svetslik-si\"]}]}<\/script>\n<meta property=\"og:availability\" content=\"backorder\" \/>\n<meta property=\"product:availability\" content=\"available for order\" \/>\n<meta property=\"product:retailer_item_id\" content=\"43__\" \/>\n<meta property=\"product:condition\" content=\"new\" \/>\n<!-- \/ Yoast SEO Premium plugin. -->","yoast_head_json":{"title":"Vincent van Gogh - Autumn Landscape with Four Trees - SVETSLIK.SI - Dipinto al 100% fatto a mano","description":"Vincent van Gogh - Autumn Landscape with Four Trees - Riproduzioni di quadri d'arte al 100% dipinti a mano su tela. Cornici per quadri, vendita e realizzazione di dimensioni su ordinazione.","robots":{"index":"index","follow":"follow","max-snippet":"max-snippet:-1","max-image-preview":"max-image-preview:large","max-video-preview":"max-video-preview:-1"},"canonical":"https:\/\/svetslik.si\/it\/vincent-van-gogh\/autumn-landscape-with-four-trees\/","og_locale":"it_IT","og_type":"article","og_title":"Vincent van Gogh - Autumn Landscape with Four Trees","og_description":"100% ro\u010dno naslikane slike na platnu, reprodukcije znanih slikarjev in umetni\u0161ke slike po naro\u010dilu.","og_url":"https:\/\/svetslik.si\/it\/vincent-van-gogh\/autumn-landscape-with-four-trees\/","og_site_name":"SVETSLIK.SI","article_publisher":"https:\/\/www.facebook.com\/svetslik.si","article_modified_time":"2026-03-22T20:00:24+00:00","og_image":[{"width":2237,"height":1759,"url":"https:\/\/svetslik.si\/wp-content\/uploads\/2021\/08\/image_Autumn-Landscape-with-Four-Trees-Vincent-van-Gogh_680.jpg","type":"image\/jpeg"}],"twitter_card":"summary_large_image","twitter_site":"@svetslik","twitter_misc":{"Disponibilit\u00e0":"Su ordinazione"},"schema":{"@context":"https:\/\/schema.org","@graph":[{"@type":["WebPage","ItemPage"],"@id":"https:\/\/svetslik.si\/it\/vincent-van-gogh\/autumn-landscape-with-four-trees\/","url":"https:\/\/svetslik.si\/it\/vincent-van-gogh\/autumn-landscape-with-four-trees\/","name":"Vincent van Gogh - Autumn Landscape with Four Trees - SVETSLIK.SI - Dipinto al 100% fatto a mano","isPartOf":{"@id":"https:\/\/svetslik.si\/it\/#website"},"primaryImageOfPage":{"@id":"https:\/\/svetslik.si\/it\/vincent-van-gogh\/autumn-landscape-with-four-trees\/#primaryimage"},"image":{"@id":"https:\/\/svetslik.si\/it\/vincent-van-gogh\/autumn-landscape-with-four-trees\/#primaryimage"},"thumbnailUrl":"https:\/\/svetslik.si\/wp-content\/uploads\/2021\/08\/image_Autumn-Landscape-with-Four-Trees-Vincent-van-Gogh_680.jpg","datePublished":"2021-09-02T15:42:24+00:00","dateModified":"2026-03-22T20:00:24+00:00","description":"Vincent van Gogh - Autumn Landscape with Four Trees - Riproduzioni di quadri d'arte al 100% dipinti a mano su tela. Cornici per quadri, vendita e realizzazione di dimensioni su ordinazione.","breadcrumb":{"@id":"https:\/\/svetslik.si\/it\/vincent-van-gogh\/autumn-landscape-with-four-trees\/#breadcrumb"},"inLanguage":"it-IT","potentialAction":[{"@type":"ReadAction","target":["https:\/\/svetslik.si\/it\/vincent-van-gogh\/autumn-landscape-with-four-trees\/"]}]},{"@type":"ImageObject","inLanguage":"it-IT","@id":"https:\/\/svetslik.si\/it\/vincent-van-gogh\/autumn-landscape-with-four-trees\/#primaryimage","url":"https:\/\/svetslik.si\/wp-content\/uploads\/2021\/08\/image_Autumn-Landscape-with-Four-Trees-Vincent-van-Gogh_680.jpg","contentUrl":"https:\/\/svetslik.si\/wp-content\/uploads\/2021\/08\/image_Autumn-Landscape-with-Four-Trees-Vincent-van-Gogh_680.jpg","width":2237,"height":1759,"caption":"Salvador Dali - Cannibalismo autunnale - Riproduzioni di dipinti, quadri dipinti a mano, dipinti murali ad olio su tela, quadri ad olio, quadri d'arte, quadri moderni per pareti, quadri ambientali, quadri astratti, quadri decorativi"},{"@type":"BreadcrumbList","@id":"https:\/\/svetslik.si\/it\/vincent-van-gogh\/autumn-landscape-with-four-trees\/#breadcrumb","itemListElement":[{"@type":"ListItem","position":1,"name":"Fali m\u0171v\u00e9szet \u00e9s festm\u00e9nyek v\u00e1szonra","item":"https:\/\/svetslik.si\/it\/"},{"@type":"ListItem","position":2,"name":"Vendita di dipinti","item":"https:\/\/svetslik.si\/prodaja-slik\/"},{"@type":"ListItem","position":3,"name":"Vincent van Gogh &#8211; Autumn Landscape with Four Trees"}]},{"@type":"WebSite","@id":"https:\/\/svetslik.si\/it\/#website","url":"https:\/\/svetslik.si\/it\/","name":"SVETSLIK.SI","description":"100% riproduzioni dipinte a mano di quadri di pittori famosi e dipinti su tela.","publisher":{"@id":"https:\/\/svetslik.si\/it\/#organization"},"potentialAction":[{"@type":"SearchAction","target":{"@type":"EntryPoint","urlTemplate":"https:\/\/svetslik.si\/it\/?s={search_term_string}"},"query-input":{"@type":"PropertyValueSpecification","valueRequired":true,"valueName":"search_term_string"}}],"inLanguage":"it-IT"},{"@type":"Organization","@id":"https:\/\/svetslik.si\/it\/#organization","name":"SvetSlik.si","url":"https:\/\/svetslik.si\/it\/","logo":{"@type":"ImageObject","inLanguage":"it-IT","@id":"https:\/\/svetslik.si\/it\/#\/schema\/logo\/image\/","url":"https:\/\/svetslik.si\/wp-content\/uploads\/2020\/12\/logo-512.png","contentUrl":"https:\/\/svetslik.si\/wp-content\/uploads\/2020\/12\/logo-512.png","width":512,"height":512,"caption":"SvetSlik.si"},"image":{"@id":"https:\/\/svetslik.si\/it\/#\/schema\/logo\/image\/"},"sameAs":["https:\/\/www.facebook.com\/svetslik.si","https:\/\/x.com\/svetslik","https:\/\/www.instagram.com\/svetslik.si\/","https:\/\/www.linkedin.com\/company\/svetslik-si"]}]},"og_availability":"backorder","product_availability":"available for order","product_retailer_item_id":"43__","product_condition":"new"},"jetpack_sharing_enabled":true,"_links":{"self":[{"href":"https:\/\/svetslik.si\/it\/wp-json\/wp\/v2\/product\/38023","targetHints":{"allow":["GET"]}}],"collection":[{"href":"https:\/\/svetslik.si\/it\/wp-json\/wp\/v2\/product"}],"about":[{"href":"https:\/\/svetslik.si\/it\/wp-json\/wp\/v2\/types\/product"}],"wp:featuredmedia":[{"embeddable":true,"href":"https:\/\/svetslik.si\/it\/wp-json\/wp\/v2\/media\/34923"}],"wp:attachment":[{"href":"https:\/\/svetslik.si\/it\/wp-json\/wp\/v2\/media?parent=38023"}],"wp:term":[{"taxonomy":"product_brand","embeddable":true,"href":"https:\/\/svetslik.si\/it\/wp-json\/wp\/v2\/product_brand?post=38023"},{"taxonomy":"product_cat","embeddable":true,"href":"https:\/\/svetslik.si\/it\/wp-json\/wp\/v2\/product_cat?post=38023"},{"taxonomy":"product_tag","embeddable":true,"href":"https:\/\/svetslik.si\/it\/wp-json\/wp\/v2\/product_tag?post=38023"}],"curies":[{"name":"wp","href":"https:\/\/api.w.org\/{rel}","templated":true}]}}