{"id":38150,"date":"2021-09-02T17:42:48","date_gmt":"2021-09-02T15:42:48","guid":{"rendered":"https:\/\/svetslik.si\/senza-categoria\/negro-attacked-by-a-jaguar\/"},"modified":"2026-03-22T21:03:42","modified_gmt":"2026-03-22T20:03:42","slug":"negro-attacked-by-a-jaguar","status":"publish","type":"product","link":"https:\/\/svetslik.si\/it\/henri-rousseau\/negro-attacked-by-a-jaguar\/","title":{"rendered":"Henri Rousseau &#8211; Negro\u00a0Attacked by\u00a0a\u00a0Jaguar"},"content":{"rendered":"<h1>Henri Rousseau &#8211; Negro attaccato da un giaguaro<\/h1>\n<p>\n&nbsp;<\/p>\n<table border=\"0\" cellpadding=\"0\" cellspacing=\"0\" style=\"width: 673px\" width=\"673\">\n<tr>\n<td height=\"21\">\nAnno di creazione:<\/td>\n<td style=\"width: 493px\">\n1910<\/td>\n<\/tr>\n<tr>\n<td height=\"21\">\nDimensioni originali:<\/td>\n<td style=\"width: 493px\">\n162,5 cm x 116 cm<\/td>\n<\/tr>\n<tr>\n<td height=\"21\">\nStile di pittura:<\/td>\n<td style=\"width: 493px\">\nPost-impressionismo<\/td>\n<\/tr>\n<tr>\n<td height=\"21\">\nTecnica originale:<\/td>\n<td>\nOlio su tela<\/td>\n<\/tr>\n<tr>\n<td height=\"21\">\nSituato:<\/td>\n<td>\nArt Museum Basilea, Svizzera<\/td>\n<\/tr>\n<\/tbody>\n<colgroup>\n<\/colgroup>\n<\/table>\n<p>\nL&#8217;atmosfera in questo dipinto \u00e8 estremamente onirica, che il pittore ha raggiunto attraverso l&#8217;uso di colori e sfumature, nonch\u00e9 il posizionamento di figure e altri componenti nel dipinto. L&#8217;atmosfera nella quadro \u00e8 strana e quasi scomoda. Nella parte centrale del dipinto, molto piccola rispetto all&#8217;intera scena, l&#8217;artista ha collocato una figura maschile e un giaguaro in piedi sulle zampe posteriori che attaccano questa figura maschile. Sebbene i dipinti di Rousseau siano altrimenti irrealistici, nel presente olio su tela ha creato un altro tipo di realismo che fa quasi paura.<\/p>\n","protected":false},"excerpt":{"rendered":"<p>Henri Rousseau &#8211; Negro attaccato da un giaguaro &nbsp; Anno di creazione: 1910 Dimensioni originali: 162,5 cm x 116 cm Stile di pittura: Post-impressionismo Tecnica originale: Olio su tela Situato: Art Museum Basilea, Svizzera L&#8217;atmosfera in questo dipinto \u00e8 estremamente onirica, che il pittore ha raggiunto attraverso l&#8217;uso di colori [&hellip;]<\/p>\n","protected":false},"featured_media":35402,"template":"","meta":{"_acf_changed":false},"product_brand":[],"product_cat":[4183],"product_tag":[4245,4246,4249,4253],"class_list":{"0":"post-38150","1":"product","2":"type-product","3":"status-publish","4":"has-post-thumbnail","6":"product_cat-henri-rousseau","7":"product_tag-riproduzione","8":"product_tag-riproduzione-it","9":"product_tag-rousseau-it","10":"product_tag-un-pittore","11":"pa_dimenzija-100-x-70-cm","12":"pa_dimenzija-120-x-90-cm","13":"pa_dimenzija-140-x-100-cm","14":"pa_dimenzija-163-x-116-cm","15":"pa_dimenzija-180-x-130-cm","16":"pa_dimenzija-200-x-140-cm","17":"pa_dimenzija-70-x-60-cm","18":"pa_dimenzija-90-x-65-cm","19":"pa_oblika-orizzontale","20":"pa_okvir-sensa-cornice","21":"pa_podokvir-no","22":"pa_podokvir-si","24":"first","25":"onbackorder","26":"purchasable","27":"product-type-variable","28":"has-default-attributes"},"acf":[],"yoast_head":"<!-- This site is optimized with the Yoast SEO Premium plugin v26.0 (Yoast SEO v27.2) - https:\/\/yoast.com\/product\/yoast-seo-premium-wordpress\/ -->\n<title>Henri Rousseau - Negro\u00a0Attacked by\u00a0a\u00a0Jaguar - SVETSLIK.SI - Dipinti a mano al 100%<\/title>\n<meta name=\"description\" content=\"Henri Rousseau - Negro\u00a0Attacked by\u00a0a\u00a0Jaguar - Riproduzioni di quadri d&#039;arte dipinte a mano al 100% su tela. Cornici per quadri, vendita e produzione di dimensioni su ordinazione.\" \/>\n<meta name=\"robots\" content=\"index, follow, max-snippet:-1, max-image-preview:large, max-video-preview:-1\" \/>\n<link rel=\"canonical\" href=\"https:\/\/svetslik.si\/it\/henri-rousseau\/negro-attacked-by-a-jaguar\/\" \/>\n<meta property=\"og:locale\" content=\"it_IT\" \/>\n<meta property=\"og:type\" content=\"article\" \/>\n<meta property=\"og:title\" content=\"Henri Rousseau - Negro\u00a0Attacked by\u00a0a\u00a0Jaguar\" \/>\n<meta property=\"og:description\" content=\"100% ro\u010dno naslikane slike na platnu, reprodukcije znanih slikarjev in umetni\u0161ke slike po naro\u010dilu.\" \/>\n<meta property=\"og:url\" content=\"https:\/\/svetslik.si\/it\/henri-rousseau\/negro-attacked-by-a-jaguar\/\" \/>\n<meta property=\"og:site_name\" content=\"SVETSLIK.SI\" \/>\n<meta property=\"article:publisher\" content=\"https:\/\/www.facebook.com\/svetslik.si\" \/>\n<meta property=\"article:modified_time\" content=\"2026-03-22T20:03:42+00:00\" \/>\n<meta property=\"og:image\" content=\"https:\/\/svetslik.si\/wp-content\/uploads\/2021\/08\/image_Negro-Attacked-by-a-Jaguar-Henri-Rousseau_680-scaled.jpg\" \/>\n\t<meta property=\"og:image:width\" content=\"2560\" \/>\n\t<meta property=\"og:image:height\" content=\"1791\" \/>\n\t<meta property=\"og:image:type\" content=\"image\/jpeg\" \/>\n<meta name=\"twitter:card\" content=\"summary_large_image\" \/>\n<meta name=\"twitter:site\" content=\"@svetslik\" \/>\n<meta name=\"twitter:label1\" content=\"Disponibilit\u00e0\" \/>\n\t<meta name=\"twitter:data1\" content=\"Su ordinazione\" \/>\n<script type=\"application\/ld+json\" class=\"yoast-schema-graph\">{\"@context\":\"https:\/\/schema.org\",\"@graph\":[{\"@type\":[\"WebPage\",\"ItemPage\"],\"@id\":\"https:\/\/svetslik.si\/it\/henri-rousseau\/negro-attacked-by-a-jaguar\/\",\"url\":\"https:\/\/svetslik.si\/it\/henri-rousseau\/negro-attacked-by-a-jaguar\/\",\"name\":\"Henri Rousseau - Negro\u00a0Attacked by\u00a0a\u00a0Jaguar - SVETSLIK.SI - Dipinti a mano al 100%\",\"isPartOf\":{\"@id\":\"https:\/\/svetslik.si\/it\/#website\"},\"primaryImageOfPage\":{\"@id\":\"https:\/\/svetslik.si\/it\/henri-rousseau\/negro-attacked-by-a-jaguar\/#primaryimage\"},\"image\":{\"@id\":\"https:\/\/svetslik.si\/it\/henri-rousseau\/negro-attacked-by-a-jaguar\/#primaryimage\"},\"thumbnailUrl\":\"https:\/\/svetslik.si\/wp-content\/uploads\/2021\/08\/image_Negro-Attacked-by-a-Jaguar-Henri-Rousseau_680-scaled.jpg\",\"datePublished\":\"2021-09-02T15:42:48+00:00\",\"dateModified\":\"2026-03-22T20:03:42+00:00\",\"description\":\"Henri Rousseau - Negro\u00a0Attacked by\u00a0a\u00a0Jaguar - Riproduzioni di quadri d'arte dipinte a mano al 100% su tela. Cornici per quadri, vendita e produzione di dimensioni su ordinazione.\",\"breadcrumb\":{\"@id\":\"https:\/\/svetslik.si\/it\/henri-rousseau\/negro-attacked-by-a-jaguar\/#breadcrumb\"},\"inLanguage\":\"it-IT\",\"potentialAction\":[{\"@type\":\"ReadAction\",\"target\":[\"https:\/\/svetslik.si\/it\/henri-rousseau\/negro-attacked-by-a-jaguar\/\"]}]},{\"@type\":\"ImageObject\",\"inLanguage\":\"it-IT\",\"@id\":\"https:\/\/svetslik.si\/it\/henri-rousseau\/negro-attacked-by-a-jaguar\/#primaryimage\",\"url\":\"https:\/\/svetslik.si\/wp-content\/uploads\/2021\/08\/image_Negro-Attacked-by-a-Jaguar-Henri-Rousseau_680-scaled.jpg\",\"contentUrl\":\"https:\/\/svetslik.si\/wp-content\/uploads\/2021\/08\/image_Negro-Attacked-by-a-Jaguar-Henri-Rousseau_680-scaled.jpg\",\"width\":2560,\"height\":1791,\"caption\":\"Dipinti su tela - Henri Rousseau (Le Douanier); For\u00eat vierge au soleil couchant; um 1910) - Dipinti a mano, riproduzioni di dipinti di pittori famosi, olio su tela, pitture murali moderne, pitture murali, pitture murali ambientali, astratte, decorative\"},{\"@type\":\"BreadcrumbList\",\"@id\":\"https:\/\/svetslik.si\/it\/henri-rousseau\/negro-attacked-by-a-jaguar\/#breadcrumb\",\"itemListElement\":[{\"@type\":\"ListItem\",\"position\":1,\"name\":\"Fali m\u0171v\u00e9szet \u00e9s festm\u00e9nyek v\u00e1szonra\",\"item\":\"https:\/\/svetslik.si\/it\/\"},{\"@type\":\"ListItem\",\"position\":2,\"name\":\"Vendita di dipinti\",\"item\":\"https:\/\/svetslik.si\/prodaja-slik\/\"},{\"@type\":\"ListItem\",\"position\":3,\"name\":\"Henri Rousseau &#8211; Negro\u00a0Attacked by\u00a0a\u00a0Jaguar\"}]},{\"@type\":\"WebSite\",\"@id\":\"https:\/\/svetslik.si\/it\/#website\",\"url\":\"https:\/\/svetslik.si\/it\/\",\"name\":\"SVETSLIK.SI\",\"description\":\"100% riproduzioni dipinte a mano di quadri di pittori famosi e dipinti su tela.\",\"publisher\":{\"@id\":\"https:\/\/svetslik.si\/it\/#organization\"},\"potentialAction\":[{\"@type\":\"SearchAction\",\"target\":{\"@type\":\"EntryPoint\",\"urlTemplate\":\"https:\/\/svetslik.si\/it\/?s={search_term_string}\"},\"query-input\":{\"@type\":\"PropertyValueSpecification\",\"valueRequired\":true,\"valueName\":\"search_term_string\"}}],\"inLanguage\":\"it-IT\"},{\"@type\":\"Organization\",\"@id\":\"https:\/\/svetslik.si\/it\/#organization\",\"name\":\"SvetSlik.si\",\"url\":\"https:\/\/svetslik.si\/it\/\",\"logo\":{\"@type\":\"ImageObject\",\"inLanguage\":\"it-IT\",\"@id\":\"https:\/\/svetslik.si\/it\/#\/schema\/logo\/image\/\",\"url\":\"https:\/\/svetslik.si\/wp-content\/uploads\/2020\/12\/logo-512.png\",\"contentUrl\":\"https:\/\/svetslik.si\/wp-content\/uploads\/2020\/12\/logo-512.png\",\"width\":512,\"height\":512,\"caption\":\"SvetSlik.si\"},\"image\":{\"@id\":\"https:\/\/svetslik.si\/it\/#\/schema\/logo\/image\/\"},\"sameAs\":[\"https:\/\/www.facebook.com\/svetslik.si\",\"https:\/\/x.com\/svetslik\",\"https:\/\/www.instagram.com\/svetslik.si\/\",\"https:\/\/www.linkedin.com\/company\/svetslik-si\"]}]}<\/script>\n<meta property=\"og:availability\" content=\"backorder\" \/>\n<meta property=\"product:availability\" content=\"available for order\" \/>\n<meta property=\"product:retailer_item_id\" content=\"59__\" \/>\n<meta property=\"product:condition\" content=\"new\" \/>\n<!-- \/ Yoast SEO Premium plugin. -->","yoast_head_json":{"title":"Henri Rousseau - Negro\u00a0Attacked by\u00a0a\u00a0Jaguar - SVETSLIK.SI - Dipinti a mano al 100%","description":"Henri Rousseau - Negro\u00a0Attacked by\u00a0a\u00a0Jaguar - Riproduzioni di quadri d'arte dipinte a mano al 100% su tela. Cornici per quadri, vendita e produzione di dimensioni su ordinazione.","robots":{"index":"index","follow":"follow","max-snippet":"max-snippet:-1","max-image-preview":"max-image-preview:large","max-video-preview":"max-video-preview:-1"},"canonical":"https:\/\/svetslik.si\/it\/henri-rousseau\/negro-attacked-by-a-jaguar\/","og_locale":"it_IT","og_type":"article","og_title":"Henri Rousseau - Negro\u00a0Attacked by\u00a0a\u00a0Jaguar","og_description":"100% ro\u010dno naslikane slike na platnu, reprodukcije znanih slikarjev in umetni\u0161ke slike po naro\u010dilu.","og_url":"https:\/\/svetslik.si\/it\/henri-rousseau\/negro-attacked-by-a-jaguar\/","og_site_name":"SVETSLIK.SI","article_publisher":"https:\/\/www.facebook.com\/svetslik.si","article_modified_time":"2026-03-22T20:03:42+00:00","og_image":[{"width":2560,"height":1791,"url":"https:\/\/svetslik.si\/wp-content\/uploads\/2021\/08\/image_Negro-Attacked-by-a-Jaguar-Henri-Rousseau_680-scaled.jpg","type":"image\/jpeg"}],"twitter_card":"summary_large_image","twitter_site":"@svetslik","twitter_misc":{"Disponibilit\u00e0":"Su ordinazione"},"schema":{"@context":"https:\/\/schema.org","@graph":[{"@type":["WebPage","ItemPage"],"@id":"https:\/\/svetslik.si\/it\/henri-rousseau\/negro-attacked-by-a-jaguar\/","url":"https:\/\/svetslik.si\/it\/henri-rousseau\/negro-attacked-by-a-jaguar\/","name":"Henri Rousseau - Negro\u00a0Attacked by\u00a0a\u00a0Jaguar - SVETSLIK.SI - Dipinti a mano al 100%","isPartOf":{"@id":"https:\/\/svetslik.si\/it\/#website"},"primaryImageOfPage":{"@id":"https:\/\/svetslik.si\/it\/henri-rousseau\/negro-attacked-by-a-jaguar\/#primaryimage"},"image":{"@id":"https:\/\/svetslik.si\/it\/henri-rousseau\/negro-attacked-by-a-jaguar\/#primaryimage"},"thumbnailUrl":"https:\/\/svetslik.si\/wp-content\/uploads\/2021\/08\/image_Negro-Attacked-by-a-Jaguar-Henri-Rousseau_680-scaled.jpg","datePublished":"2021-09-02T15:42:48+00:00","dateModified":"2026-03-22T20:03:42+00:00","description":"Henri Rousseau - Negro\u00a0Attacked by\u00a0a\u00a0Jaguar - Riproduzioni di quadri d'arte dipinte a mano al 100% su tela. Cornici per quadri, vendita e produzione di dimensioni su ordinazione.","breadcrumb":{"@id":"https:\/\/svetslik.si\/it\/henri-rousseau\/negro-attacked-by-a-jaguar\/#breadcrumb"},"inLanguage":"it-IT","potentialAction":[{"@type":"ReadAction","target":["https:\/\/svetslik.si\/it\/henri-rousseau\/negro-attacked-by-a-jaguar\/"]}]},{"@type":"ImageObject","inLanguage":"it-IT","@id":"https:\/\/svetslik.si\/it\/henri-rousseau\/negro-attacked-by-a-jaguar\/#primaryimage","url":"https:\/\/svetslik.si\/wp-content\/uploads\/2021\/08\/image_Negro-Attacked-by-a-Jaguar-Henri-Rousseau_680-scaled.jpg","contentUrl":"https:\/\/svetslik.si\/wp-content\/uploads\/2021\/08\/image_Negro-Attacked-by-a-Jaguar-Henri-Rousseau_680-scaled.jpg","width":2560,"height":1791,"caption":"Dipinti su tela - Henri Rousseau (Le Douanier); For\u00eat vierge au soleil couchant; um 1910) - Dipinti a mano, riproduzioni di dipinti di pittori famosi, olio su tela, pitture murali moderne, pitture murali, pitture murali ambientali, astratte, decorative"},{"@type":"BreadcrumbList","@id":"https:\/\/svetslik.si\/it\/henri-rousseau\/negro-attacked-by-a-jaguar\/#breadcrumb","itemListElement":[{"@type":"ListItem","position":1,"name":"Fali m\u0171v\u00e9szet \u00e9s festm\u00e9nyek v\u00e1szonra","item":"https:\/\/svetslik.si\/it\/"},{"@type":"ListItem","position":2,"name":"Vendita di dipinti","item":"https:\/\/svetslik.si\/prodaja-slik\/"},{"@type":"ListItem","position":3,"name":"Henri Rousseau &#8211; Negro\u00a0Attacked by\u00a0a\u00a0Jaguar"}]},{"@type":"WebSite","@id":"https:\/\/svetslik.si\/it\/#website","url":"https:\/\/svetslik.si\/it\/","name":"SVETSLIK.SI","description":"100% riproduzioni dipinte a mano di quadri di pittori famosi e dipinti su tela.","publisher":{"@id":"https:\/\/svetslik.si\/it\/#organization"},"potentialAction":[{"@type":"SearchAction","target":{"@type":"EntryPoint","urlTemplate":"https:\/\/svetslik.si\/it\/?s={search_term_string}"},"query-input":{"@type":"PropertyValueSpecification","valueRequired":true,"valueName":"search_term_string"}}],"inLanguage":"it-IT"},{"@type":"Organization","@id":"https:\/\/svetslik.si\/it\/#organization","name":"SvetSlik.si","url":"https:\/\/svetslik.si\/it\/","logo":{"@type":"ImageObject","inLanguage":"it-IT","@id":"https:\/\/svetslik.si\/it\/#\/schema\/logo\/image\/","url":"https:\/\/svetslik.si\/wp-content\/uploads\/2020\/12\/logo-512.png","contentUrl":"https:\/\/svetslik.si\/wp-content\/uploads\/2020\/12\/logo-512.png","width":512,"height":512,"caption":"SvetSlik.si"},"image":{"@id":"https:\/\/svetslik.si\/it\/#\/schema\/logo\/image\/"},"sameAs":["https:\/\/www.facebook.com\/svetslik.si","https:\/\/x.com\/svetslik","https:\/\/www.instagram.com\/svetslik.si\/","https:\/\/www.linkedin.com\/company\/svetslik-si"]}]},"og_availability":"backorder","product_availability":"available for order","product_retailer_item_id":"59__","product_condition":"new"},"jetpack_sharing_enabled":true,"_links":{"self":[{"href":"https:\/\/svetslik.si\/it\/wp-json\/wp\/v2\/product\/38150","targetHints":{"allow":["GET"]}}],"collection":[{"href":"https:\/\/svetslik.si\/it\/wp-json\/wp\/v2\/product"}],"about":[{"href":"https:\/\/svetslik.si\/it\/wp-json\/wp\/v2\/types\/product"}],"wp:featuredmedia":[{"embeddable":true,"href":"https:\/\/svetslik.si\/it\/wp-json\/wp\/v2\/media\/35402"}],"wp:attachment":[{"href":"https:\/\/svetslik.si\/it\/wp-json\/wp\/v2\/media?parent=38150"}],"wp:term":[{"taxonomy":"product_brand","embeddable":true,"href":"https:\/\/svetslik.si\/it\/wp-json\/wp\/v2\/product_brand?post=38150"},{"taxonomy":"product_cat","embeddable":true,"href":"https:\/\/svetslik.si\/it\/wp-json\/wp\/v2\/product_cat?post=38150"},{"taxonomy":"product_tag","embeddable":true,"href":"https:\/\/svetslik.si\/it\/wp-json\/wp\/v2\/product_tag?post=38150"}],"curies":[{"name":"wp","href":"https:\/\/api.w.org\/{rel}","templated":true}]}}