{"id":38243,"date":"2021-09-02T17:43:10","date_gmt":"2021-09-02T15:43:10","guid":{"rendered":"https:\/\/svetslik.si\/senza-categoria\/les-poseuses-the-models\/"},"modified":"2026-03-22T21:05:18","modified_gmt":"2026-03-22T20:05:18","slug":"les-poseuses-the-models","status":"publish","type":"product","link":"https:\/\/svetslik.si\/it\/georges-seurat\/les-poseuses-the-models\/","title":{"rendered":"Georges Seurat &#8211; Les\u00a0Poseuses (The\u00a0Models)"},"content":{"rendered":"<h1>Georger Seurat &#8211; Les Poseuses (Le modelle)<\/h1>\n<p>\n&nbsp;<\/p>\n<table border=\"0\" cellpadding=\"0\" cellspacing=\"0\" style=\"width: 673px\" width=\"673\">\n<tr>\n<td height=\"21\">\nAnno di creazione:<\/td>\n<td style=\"width: 493px\">\n1887-1888<\/td>\n<\/tr>\n<tr>\n<td height=\"21\">\nDimensioni originali:<\/td>\n<td style=\"width: 493px\">\n245,9 cm x 196,9 cm<\/td>\n<\/tr>\n<tr>\n<td height=\"21\">\nStile di pittura:<\/td>\n<td style=\"width: 493px\">\nPuntinismo<\/td>\n<\/tr>\n<tr>\n<td height=\"21\">\nTecnica originale:<\/td>\n<td>\nOlio su tela<\/td>\n<\/tr>\n<tr>\n<td height=\"21\">\nSituato:<\/td>\n<td>\nFondazione Barnes, Stati Uniti<\/td>\n<\/tr>\n<\/tbody>\n<colgroup>\n<\/colgroup>\n<\/table>\n<p>\nLa modella in questo dipinto (si presume che il pittore nel dipinto abbia raffigurato una modella in tre diverse pose piuttosto che tre modelle insieme) viene mostrata dopo il bagno mentre si asciuga e poi si veste. Non si sa perch\u00e9 il pittore abbia raffigurato la modella davanti a una parte della tela del suo dipinto pi\u00f9 famoso <em>Una domenica alla Grande Jatte<\/em>, in cui tutti i visitatori del parco sono decorosamente vestiti.<\/p>\n","protected":false},"excerpt":{"rendered":"<p>Georger Seurat &#8211; Les Poseuses (Le modelle) &nbsp; Anno di creazione: 1887-1888 Dimensioni originali: 245,9 cm x 196,9 cm Stile di pittura: Puntinismo Tecnica originale: Olio su tela Situato: Fondazione Barnes, Stati Uniti La modella in questo dipinto (si presume che il pittore nel dipinto abbia raffigurato una modella in [&hellip;]<\/p>\n","protected":false},"featured_media":35285,"template":"","meta":{"_acf_changed":false},"product_brand":[],"product_cat":[4180],"product_tag":[4245,4246,4252,4253],"class_list":{"0":"post-38243","1":"product","2":"type-product","3":"status-publish","4":"has-post-thumbnail","6":"product_cat-georges-seurat","7":"product_tag-riproduzione","8":"product_tag-riproduzione-it","9":"product_tag-seurat-it","10":"product_tag-un-pittore","11":"pa_dimenzija-100-x-80-cm-it","12":"pa_dimenzija-120-x-100-cm-it","13":"pa_dimenzija-140-x-110-cm-it","14":"pa_dimenzija-160-x-130-cm-it","15":"pa_dimenzija-180-x-140-cm-it","16":"pa_dimenzija-200-x-160-cm-it","17":"pa_dimenzija-246-x-197-cm-it","18":"pa_dimenzija-70-x-55-cm-it","19":"pa_oblika-orizzontale","20":"pa_okvir-sensa-cornice","21":"pa_podokvir-no","22":"pa_podokvir-si","24":"first","25":"onbackorder","26":"purchasable","27":"product-type-variable","28":"has-default-attributes"},"acf":[],"yoast_head":"<!-- This site is optimized with the Yoast SEO Premium plugin v26.0 (Yoast SEO v27.2) - https:\/\/yoast.com\/product\/yoast-seo-premium-wordpress\/ -->\n<title>Georges Seurat - Les\u00a0Poseuses (The\u00a0Models) - SVETSLIK.SI - Dipinti a mano al 100%<\/title>\n<meta name=\"description\" content=\"Georges Seurat - Les\u00a0Poseuses (The\u00a0Models) - Riproduzioni di quadri d&#039;arte dipinte a mano al 100% su tela. Cornici per quadri, vendita e produzione di dimensioni su ordinazione.\" \/>\n<meta name=\"robots\" content=\"index, follow, max-snippet:-1, max-image-preview:large, max-video-preview:-1\" \/>\n<link rel=\"canonical\" href=\"https:\/\/svetslik.si\/it\/georges-seurat\/les-poseuses-the-models\/\" \/>\n<meta property=\"og:locale\" content=\"it_IT\" \/>\n<meta property=\"og:type\" content=\"article\" \/>\n<meta property=\"og:title\" content=\"Georges Seurat - Les\u00a0Poseuses (The\u00a0Models)\" \/>\n<meta property=\"og:description\" content=\"100% ro\u010dno naslikane slike na platnu, reprodukcije znanih slikarjev in umetni\u0161ke slike po naro\u010dilu.\" \/>\n<meta property=\"og:url\" content=\"https:\/\/svetslik.si\/it\/georges-seurat\/les-poseuses-the-models\/\" \/>\n<meta property=\"og:site_name\" content=\"SVETSLIK.SI\" \/>\n<meta property=\"article:publisher\" content=\"https:\/\/www.facebook.com\/svetslik.si\" \/>\n<meta property=\"article:modified_time\" content=\"2026-03-22T20:05:18+00:00\" \/>\n<meta property=\"og:image\" content=\"https:\/\/svetslik.si\/wp-content\/uploads\/2021\/08\/image_Les-Poseuses-The-Models-Seurat_680.jpg\" \/>\n\t<meta property=\"og:image:width\" content=\"1076\" \/>\n\t<meta property=\"og:image:height\" content=\"850\" \/>\n\t<meta property=\"og:image:type\" content=\"image\/jpeg\" \/>\n<meta name=\"twitter:card\" content=\"summary_large_image\" \/>\n<meta name=\"twitter:site\" content=\"@svetslik\" \/>\n<meta name=\"twitter:label1\" content=\"Disponibilit\u00e0\" \/>\n\t<meta name=\"twitter:data1\" content=\"Su ordinazione\" \/>\n<script type=\"application\/ld+json\" class=\"yoast-schema-graph\">{\"@context\":\"https:\/\/schema.org\",\"@graph\":[{\"@type\":[\"WebPage\",\"ItemPage\"],\"@id\":\"https:\/\/svetslik.si\/it\/georges-seurat\/les-poseuses-the-models\/\",\"url\":\"https:\/\/svetslik.si\/it\/georges-seurat\/les-poseuses-the-models\/\",\"name\":\"Georges Seurat - Les\u00a0Poseuses (The\u00a0Models) - SVETSLIK.SI - Dipinti a mano al 100%\",\"isPartOf\":{\"@id\":\"https:\/\/svetslik.si\/it\/#website\"},\"primaryImageOfPage\":{\"@id\":\"https:\/\/svetslik.si\/it\/georges-seurat\/les-poseuses-the-models\/#primaryimage\"},\"image\":{\"@id\":\"https:\/\/svetslik.si\/it\/georges-seurat\/les-poseuses-the-models\/#primaryimage\"},\"thumbnailUrl\":\"https:\/\/svetslik.si\/wp-content\/uploads\/2021\/08\/image_Les-Poseuses-The-Models-Seurat_680.jpg\",\"datePublished\":\"2021-09-02T15:43:10+00:00\",\"dateModified\":\"2026-03-22T20:05:18+00:00\",\"description\":\"Georges Seurat - Les\u00a0Poseuses (The\u00a0Models) - Riproduzioni di quadri d'arte dipinte a mano al 100% su tela. Cornici per quadri, vendita e produzione di dimensioni su ordinazione.\",\"breadcrumb\":{\"@id\":\"https:\/\/svetslik.si\/it\/georges-seurat\/les-poseuses-the-models\/#breadcrumb\"},\"inLanguage\":\"it-IT\",\"potentialAction\":[{\"@type\":\"ReadAction\",\"target\":[\"https:\/\/svetslik.si\/it\/georges-seurat\/les-poseuses-the-models\/\"]}]},{\"@type\":\"ImageObject\",\"inLanguage\":\"it-IT\",\"@id\":\"https:\/\/svetslik.si\/it\/georges-seurat\/les-poseuses-the-models\/#primaryimage\",\"url\":\"https:\/\/svetslik.si\/wp-content\/uploads\/2021\/08\/image_Les-Poseuses-The-Models-Seurat_680.jpg\",\"contentUrl\":\"https:\/\/svetslik.si\/wp-content\/uploads\/2021\/08\/image_Les-Poseuses-The-Models-Seurat_680.jpg\",\"width\":1076,\"height\":850,\"caption\":\"Quadri su tela - Georger Seurat - Les Poseuses (The Models) - Dipinti a mano, riproduzioni di famosi pittori, olio su tela, quadri ad olio, quadri moderni, quadri d'arte per le pareti, ambientali, astratti, quadri decorativi per le pareti.\"},{\"@type\":\"BreadcrumbList\",\"@id\":\"https:\/\/svetslik.si\/it\/georges-seurat\/les-poseuses-the-models\/#breadcrumb\",\"itemListElement\":[{\"@type\":\"ListItem\",\"position\":1,\"name\":\"Fali m\u0171v\u00e9szet \u00e9s festm\u00e9nyek v\u00e1szonra\",\"item\":\"https:\/\/svetslik.si\/it\/\"},{\"@type\":\"ListItem\",\"position\":2,\"name\":\"Vendita di dipinti\",\"item\":\"https:\/\/svetslik.si\/prodaja-slik\/\"},{\"@type\":\"ListItem\",\"position\":3,\"name\":\"Georges Seurat &#8211; Les\u00a0Poseuses (The\u00a0Models)\"}]},{\"@type\":\"WebSite\",\"@id\":\"https:\/\/svetslik.si\/it\/#website\",\"url\":\"https:\/\/svetslik.si\/it\/\",\"name\":\"SVETSLIK.SI\",\"description\":\"100% riproduzioni dipinte a mano di quadri di pittori famosi e dipinti su tela.\",\"publisher\":{\"@id\":\"https:\/\/svetslik.si\/it\/#organization\"},\"potentialAction\":[{\"@type\":\"SearchAction\",\"target\":{\"@type\":\"EntryPoint\",\"urlTemplate\":\"https:\/\/svetslik.si\/it\/?s={search_term_string}\"},\"query-input\":{\"@type\":\"PropertyValueSpecification\",\"valueRequired\":true,\"valueName\":\"search_term_string\"}}],\"inLanguage\":\"it-IT\"},{\"@type\":\"Organization\",\"@id\":\"https:\/\/svetslik.si\/it\/#organization\",\"name\":\"SvetSlik.si\",\"url\":\"https:\/\/svetslik.si\/it\/\",\"logo\":{\"@type\":\"ImageObject\",\"inLanguage\":\"it-IT\",\"@id\":\"https:\/\/svetslik.si\/it\/#\/schema\/logo\/image\/\",\"url\":\"https:\/\/svetslik.si\/wp-content\/uploads\/2020\/12\/logo-512.png\",\"contentUrl\":\"https:\/\/svetslik.si\/wp-content\/uploads\/2020\/12\/logo-512.png\",\"width\":512,\"height\":512,\"caption\":\"SvetSlik.si\"},\"image\":{\"@id\":\"https:\/\/svetslik.si\/it\/#\/schema\/logo\/image\/\"},\"sameAs\":[\"https:\/\/www.facebook.com\/svetslik.si\",\"https:\/\/x.com\/svetslik\",\"https:\/\/www.instagram.com\/svetslik.si\/\",\"https:\/\/www.linkedin.com\/company\/svetslik-si\"]}]}<\/script>\n<meta property=\"og:availability\" content=\"backorder\" \/>\n<meta property=\"product:availability\" content=\"available for order\" \/>\n<meta property=\"product:retailer_item_id\" content=\"69__\" \/>\n<meta property=\"product:condition\" content=\"new\" \/>\n<!-- \/ Yoast SEO Premium plugin. -->","yoast_head_json":{"title":"Georges Seurat - Les\u00a0Poseuses (The\u00a0Models) - SVETSLIK.SI - Dipinti a mano al 100%","description":"Georges Seurat - Les\u00a0Poseuses (The\u00a0Models) - Riproduzioni di quadri d'arte dipinte a mano al 100% su tela. Cornici per quadri, vendita e produzione di dimensioni su ordinazione.","robots":{"index":"index","follow":"follow","max-snippet":"max-snippet:-1","max-image-preview":"max-image-preview:large","max-video-preview":"max-video-preview:-1"},"canonical":"https:\/\/svetslik.si\/it\/georges-seurat\/les-poseuses-the-models\/","og_locale":"it_IT","og_type":"article","og_title":"Georges Seurat - Les\u00a0Poseuses (The\u00a0Models)","og_description":"100% ro\u010dno naslikane slike na platnu, reprodukcije znanih slikarjev in umetni\u0161ke slike po naro\u010dilu.","og_url":"https:\/\/svetslik.si\/it\/georges-seurat\/les-poseuses-the-models\/","og_site_name":"SVETSLIK.SI","article_publisher":"https:\/\/www.facebook.com\/svetslik.si","article_modified_time":"2026-03-22T20:05:18+00:00","og_image":[{"width":1076,"height":850,"url":"https:\/\/svetslik.si\/wp-content\/uploads\/2021\/08\/image_Les-Poseuses-The-Models-Seurat_680.jpg","type":"image\/jpeg"}],"twitter_card":"summary_large_image","twitter_site":"@svetslik","twitter_misc":{"Disponibilit\u00e0":"Su ordinazione"},"schema":{"@context":"https:\/\/schema.org","@graph":[{"@type":["WebPage","ItemPage"],"@id":"https:\/\/svetslik.si\/it\/georges-seurat\/les-poseuses-the-models\/","url":"https:\/\/svetslik.si\/it\/georges-seurat\/les-poseuses-the-models\/","name":"Georges Seurat - Les\u00a0Poseuses (The\u00a0Models) - SVETSLIK.SI - Dipinti a mano al 100%","isPartOf":{"@id":"https:\/\/svetslik.si\/it\/#website"},"primaryImageOfPage":{"@id":"https:\/\/svetslik.si\/it\/georges-seurat\/les-poseuses-the-models\/#primaryimage"},"image":{"@id":"https:\/\/svetslik.si\/it\/georges-seurat\/les-poseuses-the-models\/#primaryimage"},"thumbnailUrl":"https:\/\/svetslik.si\/wp-content\/uploads\/2021\/08\/image_Les-Poseuses-The-Models-Seurat_680.jpg","datePublished":"2021-09-02T15:43:10+00:00","dateModified":"2026-03-22T20:05:18+00:00","description":"Georges Seurat - Les\u00a0Poseuses (The\u00a0Models) - Riproduzioni di quadri d'arte dipinte a mano al 100% su tela. Cornici per quadri, vendita e produzione di dimensioni su ordinazione.","breadcrumb":{"@id":"https:\/\/svetslik.si\/it\/georges-seurat\/les-poseuses-the-models\/#breadcrumb"},"inLanguage":"it-IT","potentialAction":[{"@type":"ReadAction","target":["https:\/\/svetslik.si\/it\/georges-seurat\/les-poseuses-the-models\/"]}]},{"@type":"ImageObject","inLanguage":"it-IT","@id":"https:\/\/svetslik.si\/it\/georges-seurat\/les-poseuses-the-models\/#primaryimage","url":"https:\/\/svetslik.si\/wp-content\/uploads\/2021\/08\/image_Les-Poseuses-The-Models-Seurat_680.jpg","contentUrl":"https:\/\/svetslik.si\/wp-content\/uploads\/2021\/08\/image_Les-Poseuses-The-Models-Seurat_680.jpg","width":1076,"height":850,"caption":"Quadri su tela - Georger Seurat - Les Poseuses (The Models) - Dipinti a mano, riproduzioni di famosi pittori, olio su tela, quadri ad olio, quadri moderni, quadri d'arte per le pareti, ambientali, astratti, quadri decorativi per le pareti."},{"@type":"BreadcrumbList","@id":"https:\/\/svetslik.si\/it\/georges-seurat\/les-poseuses-the-models\/#breadcrumb","itemListElement":[{"@type":"ListItem","position":1,"name":"Fali m\u0171v\u00e9szet \u00e9s festm\u00e9nyek v\u00e1szonra","item":"https:\/\/svetslik.si\/it\/"},{"@type":"ListItem","position":2,"name":"Vendita di dipinti","item":"https:\/\/svetslik.si\/prodaja-slik\/"},{"@type":"ListItem","position":3,"name":"Georges Seurat &#8211; Les\u00a0Poseuses (The\u00a0Models)"}]},{"@type":"WebSite","@id":"https:\/\/svetslik.si\/it\/#website","url":"https:\/\/svetslik.si\/it\/","name":"SVETSLIK.SI","description":"100% riproduzioni dipinte a mano di quadri di pittori famosi e dipinti su tela.","publisher":{"@id":"https:\/\/svetslik.si\/it\/#organization"},"potentialAction":[{"@type":"SearchAction","target":{"@type":"EntryPoint","urlTemplate":"https:\/\/svetslik.si\/it\/?s={search_term_string}"},"query-input":{"@type":"PropertyValueSpecification","valueRequired":true,"valueName":"search_term_string"}}],"inLanguage":"it-IT"},{"@type":"Organization","@id":"https:\/\/svetslik.si\/it\/#organization","name":"SvetSlik.si","url":"https:\/\/svetslik.si\/it\/","logo":{"@type":"ImageObject","inLanguage":"it-IT","@id":"https:\/\/svetslik.si\/it\/#\/schema\/logo\/image\/","url":"https:\/\/svetslik.si\/wp-content\/uploads\/2020\/12\/logo-512.png","contentUrl":"https:\/\/svetslik.si\/wp-content\/uploads\/2020\/12\/logo-512.png","width":512,"height":512,"caption":"SvetSlik.si"},"image":{"@id":"https:\/\/svetslik.si\/it\/#\/schema\/logo\/image\/"},"sameAs":["https:\/\/www.facebook.com\/svetslik.si","https:\/\/x.com\/svetslik","https:\/\/www.instagram.com\/svetslik.si\/","https:\/\/www.linkedin.com\/company\/svetslik-si"]}]},"og_availability":"backorder","product_availability":"available for order","product_retailer_item_id":"69__","product_condition":"new"},"jetpack_sharing_enabled":true,"_links":{"self":[{"href":"https:\/\/svetslik.si\/it\/wp-json\/wp\/v2\/product\/38243","targetHints":{"allow":["GET"]}}],"collection":[{"href":"https:\/\/svetslik.si\/it\/wp-json\/wp\/v2\/product"}],"about":[{"href":"https:\/\/svetslik.si\/it\/wp-json\/wp\/v2\/types\/product"}],"wp:featuredmedia":[{"embeddable":true,"href":"https:\/\/svetslik.si\/it\/wp-json\/wp\/v2\/media\/35285"}],"wp:attachment":[{"href":"https:\/\/svetslik.si\/it\/wp-json\/wp\/v2\/media?parent=38243"}],"wp:term":[{"taxonomy":"product_brand","embeddable":true,"href":"https:\/\/svetslik.si\/it\/wp-json\/wp\/v2\/product_brand?post=38243"},{"taxonomy":"product_cat","embeddable":true,"href":"https:\/\/svetslik.si\/it\/wp-json\/wp\/v2\/product_cat?post=38243"},{"taxonomy":"product_tag","embeddable":true,"href":"https:\/\/svetslik.si\/it\/wp-json\/wp\/v2\/product_tag?post=38243"}],"curies":[{"name":"wp","href":"https:\/\/api.w.org\/{rel}","templated":true}]}}