{"id":38360,"date":"2021-09-02T17:44:04","date_gmt":"2021-09-02T15:44:04","guid":{"rendered":"https:\/\/svetslik.si\/senza-categoria\/yellow-red-blue\/"},"modified":"2026-03-22T21:09:22","modified_gmt":"2026-03-22T20:09:22","slug":"yellow-red-blue","status":"publish","type":"product","link":"https:\/\/svetslik.si\/it\/vasilij-kandinski\/yellow-red-blue\/","title":{"rendered":"Vasilij Kandinski &#8211; Yellow Red Blue"},"content":{"rendered":"<div class=\"wpb-content-wrapper\">[vc_row][vc_column][vc_column_text css=&#8221;&#8221;]\n<p data-pm-slice=\"1 1 []\"><div class=\"yt-lazy-video ratio-square\" data-id=\"7S4O6PDvsE0\"><\/div>\n[\/vc_column][\/vc_row][vc_row css=&#8221;.vc_custom_1705662340566{margin-bottom: 10px !important;}&#8221;][vc_column]\t<div class=\"et-image-589 et-image     et_image_link\">\n\t\t<div class=\"et-image-inner \">\n\t\t\t\t\t\t\t<div class=\"et-image-thumb \">\n\t\t\t\t\t<img decoding=\"async\" width=\"1000\" height=\"647\" src=\"https:\/\/svetslik.si\/wp-content\/uploads\/2021\/09\/Vasilij-Kandinski-\u2013-Yellow-Red-Blue-reprodukcije-slik-5.jpg\" class=\"attachment-full\" alt=\"Vasilij Kandinski - Yellow Red Blue\" title=\"Vasilij Kandinski - Yellow Red Blue\" srcset=\"https:\/\/svetslik.si\/wp-content\/uploads\/2021\/09\/Vasilij-Kandinski-\u2013-Yellow-Red-Blue-reprodukcije-slik-5.jpg 1000w, https:\/\/svetslik.si\/wp-content\/uploads\/2021\/09\/Vasilij-Kandinski-\u2013-Yellow-Red-Blue-reprodukcije-slik-5-600x388.jpg 600w, https:\/\/svetslik.si\/wp-content\/uploads\/2021\/09\/Vasilij-Kandinski-\u2013-Yellow-Red-Blue-reprodukcije-slik-5-300x194.jpg 300w, https:\/\/svetslik.si\/wp-content\/uploads\/2021\/09\/Vasilij-Kandinski-\u2013-Yellow-Red-Blue-reprodukcije-slik-5-768x497.jpg 768w, https:\/\/svetslik.si\/wp-content\/uploads\/2021\/09\/Vasilij-Kandinski-\u2013-Yellow-Red-Blue-reprodukcije-slik-5-150x97.jpg 150w, https:\/\/svetslik.si\/wp-content\/uploads\/2021\/09\/Vasilij-Kandinski-\u2013-Yellow-Red-Blue-reprodukcije-slik-5-900x582.jpg 900w\" sizes=\"(max-width: 1000px) 100vw, 1000px\" \/>\t\t\t\t<\/div>\n\t\t\t\t\t\t\t\t\t\t\t<\/div>\n\t<\/div>\n  [\/vc_column][\/vc_row][vc_row css=&#8221;.vc_custom_1705662340566{margin-bottom: 10px !important;}&#8221;][vc_column]\t<div class=\"et-image-645 et-image     et_image_link\">\n\t\t<div class=\"et-image-inner \">\n\t\t\t\t\t\t\t<div class=\"et-image-thumb \">\n\t\t\t\t\t<img decoding=\"async\" width=\"1000\" height=\"1246\" src=\"https:\/\/svetslik.si\/wp-content\/uploads\/2021\/09\/Vasilij-Kandinski-\u2013-Yellow-Red-Blue-reprodukcije-slik-4.jpg\" class=\"attachment-full\" alt=\"Vasilij Kandinski - Yellow Red Blue\" title=\"Vasilij Kandinski - Yellow Red Blue\" srcset=\"https:\/\/svetslik.si\/wp-content\/uploads\/2021\/09\/Vasilij-Kandinski-\u2013-Yellow-Red-Blue-reprodukcije-slik-4.jpg 1000w, https:\/\/svetslik.si\/wp-content\/uploads\/2021\/09\/Vasilij-Kandinski-\u2013-Yellow-Red-Blue-reprodukcije-slik-4-600x748.jpg 600w, https:\/\/svetslik.si\/wp-content\/uploads\/2021\/09\/Vasilij-Kandinski-\u2013-Yellow-Red-Blue-reprodukcije-slik-4-241x300.jpg 241w, https:\/\/svetslik.si\/wp-content\/uploads\/2021\/09\/Vasilij-Kandinski-\u2013-Yellow-Red-Blue-reprodukcije-slik-4-822x1024.jpg 822w, https:\/\/svetslik.si\/wp-content\/uploads\/2021\/09\/Vasilij-Kandinski-\u2013-Yellow-Red-Blue-reprodukcije-slik-4-768x957.jpg 768w, https:\/\/svetslik.si\/wp-content\/uploads\/2021\/09\/Vasilij-Kandinski-\u2013-Yellow-Red-Blue-reprodukcije-slik-4-120x150.jpg 120w, https:\/\/svetslik.si\/wp-content\/uploads\/2021\/09\/Vasilij-Kandinski-\u2013-Yellow-Red-Blue-reprodukcije-slik-4-900x1121.jpg 900w\" sizes=\"(max-width: 1000px) 100vw, 1000px\" \/>\t\t\t\t<\/div>\n\t\t\t\t\t\t\t\t\t\t\t<\/div>\n\t<\/div>\n  [\/vc_column][\/vc_row][vc_row css=&#8221;.vc_custom_1705662340566{margin-bottom: 10px !important;}&#8221;][vc_column]\t<div class=\"et-image-413 et-image     et_image_link\">\n\t\t<div class=\"et-image-inner \">\n\t\t\t\t\t\t\t<div class=\"et-image-thumb \">\n\t\t\t\t\t<img decoding=\"async\" width=\"1000\" height=\"984\" src=\"https:\/\/svetslik.si\/wp-content\/uploads\/2021\/09\/Vasilij-Kandinski-\u2013-Yellow-Red-Blue-reprodukcije-slik-3.jpg\" class=\"attachment-full\" alt=\"Vasilij Kandinski - Yellow Red Blue\" title=\"Vasilij Kandinski - Yellow Red Blue\" srcset=\"https:\/\/svetslik.si\/wp-content\/uploads\/2021\/09\/Vasilij-Kandinski-\u2013-Yellow-Red-Blue-reprodukcije-slik-3.jpg 1000w, https:\/\/svetslik.si\/wp-content\/uploads\/2021\/09\/Vasilij-Kandinski-\u2013-Yellow-Red-Blue-reprodukcije-slik-3-600x590.jpg 600w, https:\/\/svetslik.si\/wp-content\/uploads\/2021\/09\/Vasilij-Kandinski-\u2013-Yellow-Red-Blue-reprodukcije-slik-3-300x295.jpg 300w, https:\/\/svetslik.si\/wp-content\/uploads\/2021\/09\/Vasilij-Kandinski-\u2013-Yellow-Red-Blue-reprodukcije-slik-3-768x756.jpg 768w, https:\/\/svetslik.si\/wp-content\/uploads\/2021\/09\/Vasilij-Kandinski-\u2013-Yellow-Red-Blue-reprodukcije-slik-3-150x148.jpg 150w, https:\/\/svetslik.si\/wp-content\/uploads\/2021\/09\/Vasilij-Kandinski-\u2013-Yellow-Red-Blue-reprodukcije-slik-3-900x886.jpg 900w\" sizes=\"(max-width: 1000px) 100vw, 1000px\" \/>\t\t\t\t<\/div>\n\t\t\t\t\t\t\t\t\t\t\t<\/div>\n\t<\/div>\n  [\/vc_column][\/vc_row][vc_row css=&#8221;.vc_custom_1705662340566{margin-bottom: 10px !important;}&#8221;][vc_column]\t<div class=\"et-image-119 et-image     et_image_link\">\n\t\t<div class=\"et-image-inner \">\n\t\t\t\t\t\t\t<div class=\"et-image-thumb \">\n\t\t\t\t\t<img decoding=\"async\" width=\"1000\" height=\"622\" src=\"https:\/\/svetslik.si\/wp-content\/uploads\/2021\/09\/Vasilij-Kandinski-\u2013-Yellow-Red-Blue-reprodukcije-slik-2.jpg\" class=\"attachment-full\" alt=\"Vasilij Kandinski - Yellow Red Blue\" title=\"Vasilij Kandinski - Yellow Red Blue\" srcset=\"https:\/\/svetslik.si\/wp-content\/uploads\/2021\/09\/Vasilij-Kandinski-\u2013-Yellow-Red-Blue-reprodukcije-slik-2.jpg 1000w, https:\/\/svetslik.si\/wp-content\/uploads\/2021\/09\/Vasilij-Kandinski-\u2013-Yellow-Red-Blue-reprodukcije-slik-2-600x373.jpg 600w, https:\/\/svetslik.si\/wp-content\/uploads\/2021\/09\/Vasilij-Kandinski-\u2013-Yellow-Red-Blue-reprodukcije-slik-2-300x187.jpg 300w, https:\/\/svetslik.si\/wp-content\/uploads\/2021\/09\/Vasilij-Kandinski-\u2013-Yellow-Red-Blue-reprodukcije-slik-2-768x478.jpg 768w, https:\/\/svetslik.si\/wp-content\/uploads\/2021\/09\/Vasilij-Kandinski-\u2013-Yellow-Red-Blue-reprodukcije-slik-2-150x93.jpg 150w, https:\/\/svetslik.si\/wp-content\/uploads\/2021\/09\/Vasilij-Kandinski-\u2013-Yellow-Red-Blue-reprodukcije-slik-2-900x560.jpg 900w\" sizes=\"(max-width: 1000px) 100vw, 1000px\" \/>\t\t\t\t<\/div>\n\t\t\t\t\t\t\t\t\t\t\t<\/div>\n\t<\/div>\n  [\/vc_column][\/vc_row][vc_row css=&#8221;.vc_custom_1705662340566{margin-bottom: 10px !important;}&#8221;][vc_column]\t<div class=\"et-image-991 et-image     et_image_link\">\n\t\t<div class=\"et-image-inner \">\n\t\t\t\t\t\t\t<div class=\"et-image-thumb \">\n\t\t\t\t\t<img decoding=\"async\" width=\"1000\" height=\"563\" src=\"https:\/\/svetslik.si\/wp-content\/uploads\/2021\/09\/Vasilij-Kandinski-\u2013-Yellow-Red-Blue-reprodukcije-slik.jpg\" class=\"attachment-full\" alt=\"Vasilij Kandinski - Yellow Red Blue\" title=\"Vasilij Kandinski - Yellow Red Blue\" srcset=\"https:\/\/svetslik.si\/wp-content\/uploads\/2021\/09\/Vasilij-Kandinski-\u2013-Yellow-Red-Blue-reprodukcije-slik.jpg 1000w, https:\/\/svetslik.si\/wp-content\/uploads\/2021\/09\/Vasilij-Kandinski-\u2013-Yellow-Red-Blue-reprodukcije-slik-600x338.jpg 600w, https:\/\/svetslik.si\/wp-content\/uploads\/2021\/09\/Vasilij-Kandinski-\u2013-Yellow-Red-Blue-reprodukcije-slik-300x169.jpg 300w, https:\/\/svetslik.si\/wp-content\/uploads\/2021\/09\/Vasilij-Kandinski-\u2013-Yellow-Red-Blue-reprodukcije-slik-768x432.jpg 768w, https:\/\/svetslik.si\/wp-content\/uploads\/2021\/09\/Vasilij-Kandinski-\u2013-Yellow-Red-Blue-reprodukcije-slik-150x84.jpg 150w, https:\/\/svetslik.si\/wp-content\/uploads\/2021\/09\/Vasilij-Kandinski-\u2013-Yellow-Red-Blue-reprodukcije-slik-900x507.jpg 900w\" sizes=\"(max-width: 1000px) 100vw, 1000px\" \/>\t\t\t\t<\/div>\n\t\t\t\t\t\t\t\t\t\t\t<\/div>\n\t<\/div>\n  [\/vc_column][\/vc_row][vc_row][vc_column][vc_column_text]\n<h1>Wassily Kandinsky &#8211; Giallo Rosso Blu<\/h1>\n<table border=\"0\" width=\"673\" cellspacing=\"0\" cellpadding=\"0\">\n<colgroup>\n<col style=\"width: 135pt;\" width=\"180\" \/>\n<col style=\"width: 370pt;\" width=\"493\" \/> <\/colgroup>\n<tbody>\n<tr>\n<td class=\"xl24\" width=\"180\" height=\"21\">Anno di creazione:<\/td>\n<td class=\"xl25\" width=\"493\">1925<\/td>\n<\/tr>\n<tr>\n<td class=\"xl24\" width=\"180\" height=\"21\">Dimensione originale:<\/td>\n<td class=\"xl24\" width=\"493\">200 cm x 127 cm<\/td>\n<\/tr>\n<tr>\n<td class=\"xl24\" width=\"180\" height=\"21\">Stile pittura:<\/td>\n<td class=\"xl24\" width=\"493\">Arte astratta<\/td>\n<\/tr>\n<tr>\n<td class=\"xl24\" width=\"180\" height=\"21\">Tecnica originale:<\/td>\n<td>Olio su tela<\/td>\n<\/tr>\n<tr>\n<td class=\"xl24\" width=\"180\" height=\"21\">Situato:<\/td>\n<td>Museo d&#8217;Arte Moderna di Parigi<\/td>\n<\/tr>\n<\/tbody>\n<\/table>\n<p>&nbsp;<\/p>\n<p>Una delle sue opere pi\u00f9 famose \u00e8 &#8220;Giallo-Rosso-Blu&#8221;, nota anche come &#8220;Composizione VII&#8221;.<\/p>\n<p>&#8220;Giallo-rosso-blu&#8221; \u00e8 un dipinto con una complessa composizione di forme e forme astratte. Il dipinto \u00e8 caratterizzato da un uso audace del colore, con predominanza di giallo, rosso e blu. Forme e forme sono disposte in una composizione dinamica e fluida, creando un senso di movimento ed energia. Il dipinto \u00e8 considerato una delle opere pi\u00f9 ambiziose e complesse di Kandinsky ed \u00e8 un eccellente esempio del suo maturo stile astratto.<\/p>\n<p>Le opere di Kandinsky sono note per il loro uso di colori e forme per evocare emozioni e sentimenti. L&#8217;immagine &#8220;Giallo-Rosso-Blu&#8221; non fa eccezione, poich\u00e9 l&#8217;uso audace dei colori e la composizione dinamica creano un senso di movimento ed energia nell&#8217;immagine. \u00c8 un eccellente esempio dello stile astratto maturo di Kandinsky.<\/p>\n<p>Il dipinto &#8220;Giallo-rosso-blu&#8221; \u00e8 stato creato nel 1913 ed \u00e8 attualmente nella collezione del Museo dell&#8217;Ermitage di San Pietroburgo, in Russia. \u00c8 tuttora celebrato e ammirato da appassionati e critici d&#8217;arte, ed \u00e8 considerato una delle opere pi\u00f9 importanti della carriera di Kandinsky.<\/p>\n<p>Diciamo infine che &#8220;Giallo-Rosso-Blu&#8221; \u00e8 un dipinto di Wassily Kandinsky, pittore e teorico dell&#8217;arte russo considerato uno dei pionieri dell&#8217;arte astratta. \u00c8 una delle sue opere pi\u00f9 famose, nota per il suo uso audace del colore, la composizione dinamica e la capacit\u00e0 di evocare emozioni e sentimenti attraverso l&#8217;uso del colore e della forma. \u00c8 ancora celebrato e ammirato da appassionati e critici d&#8217;arte, ed \u00e8 considerato una delle opere pi\u00f9 importanti della carriera di Kandinsky.[\/vc_column_text][\/vc_column][\/vc_row]\n<\/div>","protected":false},"excerpt":{"rendered":"<p>[vc_row][vc_column][vc_column_text css=&#8221;&#8221;] [\/vc_column][\/vc_row][vc_row css=&#8221;.vc_custom_1705662340566{margin-bottom: 10px !important;}&#8221;][vc_column][\/vc_column][\/vc_row][vc_row css=&#8221;.vc_custom_1705662340566{margin-bottom: 10px !important;}&#8221;][vc_column][\/vc_column][\/vc_row][vc_row css=&#8221;.vc_custom_1705662340566{margin-bottom: 10px !important;}&#8221;][vc_column][\/vc_column][\/vc_row][vc_row css=&#8221;.vc_custom_1705662340566{margin-bottom: 10px !important;}&#8221;][vc_column][\/vc_column][\/vc_row][vc_row css=&#8221;.vc_custom_1705662340566{margin-bottom: 10px !important;}&#8221;][vc_column][\/vc_column][\/vc_row][vc_row][vc_column][vc_column_text] Wassily Kandinsky &#8211; Giallo Rosso Blu Anno di creazione: 1925 Dimensione originale: 200 cm x 127 cm Stile pittura: Arte astratta Tecnica originale: Olio su tela Situato: Museo d&#8217;Arte Moderna di Parigi [&hellip;]<\/p>\n","protected":false},"featured_media":35828,"template":"","meta":{"_acf_changed":false},"product_brand":[],"product_cat":[4188],"product_tag":[4222,4223,4245,4246,4253],"class_list":{"0":"post-38360","1":"product","2":"type-product","3":"status-publish","4":"has-post-thumbnail","6":"product_cat-vasilij-kandinski","7":"product_tag-kandinski-it","8":"product_tag-kandinsky-it","9":"product_tag-riproduzione","10":"product_tag-riproduzione-it","11":"product_tag-un-pittore","12":"pa_dimenzija-120-x-80-cm-it","13":"pa_dimenzija-140-x-80-cm-it","14":"pa_dimenzija-200-x-127-cm-it","15":"pa_dimenzija-40-x-30-cm-it","16":"pa_dimenzija-50-x-30-cm-it","17":"pa_dimenzija-60-x-40-cm-it","18":"pa_dimenzija-70-x-40-cm-it","19":"pa_dimenzija-80-x-50-cm-it","20":"pa_dimenzija-90-x-60-cm-it","21":"pa_oblika-orizzontale","22":"pa_okvir-sensa-cornice","23":"pa_podokvir-no","24":"pa_podokvir-si","26":"first","27":"instock","28":"purchasable","29":"product-type-variable","30":"has-default-attributes"},"acf":[],"yoast_head":"<!-- This site is optimized with the Yoast SEO Premium plugin v26.0 (Yoast SEO v27.2) - https:\/\/yoast.com\/product\/yoast-seo-premium-wordpress\/ -->\n<title>Vasilij Kandinski - Yellow Red Blue - SVETSLIK.SI - Dipinti a mano al 100%<\/title>\n<meta name=\"description\" content=\"Vasilij Kandinski - Yellow Red Blue - Riproduzioni di quadri d&#039;arte dipinte a mano al 100% su tela. Cornici per quadri, vendita e produzione di dimensioni su ordinazione.\" \/>\n<meta name=\"robots\" content=\"index, follow, max-snippet:-1, max-image-preview:large, max-video-preview:-1\" \/>\n<link rel=\"canonical\" href=\"https:\/\/svetslik.si\/it\/vasilij-kandinski\/yellow-red-blue\/\" \/>\n<meta property=\"og:locale\" content=\"it_IT\" \/>\n<meta property=\"og:type\" content=\"article\" \/>\n<meta property=\"og:title\" content=\"Vasilij Kandinski - Yellow Red Blue\" \/>\n<meta property=\"og:description\" content=\"100% ro\u010dno naslikane slike na platnu, reprodukcije znanih slikarjev in umetni\u0161ke slike po naro\u010dilu.\" \/>\n<meta property=\"og:url\" content=\"https:\/\/svetslik.si\/it\/vasilij-kandinski\/yellow-red-blue\/\" \/>\n<meta property=\"og:site_name\" content=\"SVETSLIK.SI\" \/>\n<meta property=\"article:publisher\" content=\"https:\/\/www.facebook.com\/svetslik.si\" \/>\n<meta property=\"article:modified_time\" content=\"2026-03-22T20:09:22+00:00\" \/>\n<meta property=\"og:image\" content=\"https:\/\/svetslik.si\/wp-content\/uploads\/2021\/08\/image_umetniska-slika-Vasilij-Kandinski-Yellow-Red-Blue_680-scaled.jpg\" \/>\n\t<meta property=\"og:image:width\" content=\"2560\" \/>\n\t<meta property=\"og:image:height\" content=\"1594\" \/>\n\t<meta property=\"og:image:type\" content=\"image\/jpeg\" \/>\n<meta name=\"twitter:card\" content=\"summary_large_image\" \/>\n<meta name=\"twitter:site\" content=\"@svetslik\" \/>\n<meta name=\"twitter:label1\" content=\"Disponibilit\u00e0\" \/>\n\t<meta name=\"twitter:data1\" content=\"Disponibile\" \/>\n<script type=\"application\/ld+json\" class=\"yoast-schema-graph\">{\"@context\":\"https:\/\/schema.org\",\"@graph\":[{\"@type\":[\"WebPage\",\"ItemPage\"],\"@id\":\"https:\/\/svetslik.si\/it\/vasilij-kandinski\/yellow-red-blue\/\",\"url\":\"https:\/\/svetslik.si\/it\/vasilij-kandinski\/yellow-red-blue\/\",\"name\":\"Vasilij Kandinski - Yellow Red Blue - SVETSLIK.SI - Dipinti a mano al 100%\",\"isPartOf\":{\"@id\":\"https:\/\/svetslik.si\/it\/#website\"},\"primaryImageOfPage\":{\"@id\":\"https:\/\/svetslik.si\/it\/vasilij-kandinski\/yellow-red-blue\/#primaryimage\"},\"image\":{\"@id\":\"https:\/\/svetslik.si\/it\/vasilij-kandinski\/yellow-red-blue\/#primaryimage\"},\"thumbnailUrl\":\"https:\/\/svetslik.si\/wp-content\/uploads\/2021\/08\/image_umetniska-slika-Vasilij-Kandinski-Yellow-Red-Blue_680-scaled.jpg\",\"datePublished\":\"2021-09-02T15:44:04+00:00\",\"dateModified\":\"2026-03-22T20:09:22+00:00\",\"description\":\"Vasilij Kandinski - Yellow Red Blue - Riproduzioni di quadri d'arte dipinte a mano al 100% su tela. Cornici per quadri, vendita e produzione di dimensioni su ordinazione.\",\"breadcrumb\":{\"@id\":\"https:\/\/svetslik.si\/it\/vasilij-kandinski\/yellow-red-blue\/#breadcrumb\"},\"inLanguage\":\"it-IT\",\"potentialAction\":[{\"@type\":\"ReadAction\",\"target\":[\"https:\/\/svetslik.si\/it\/vasilij-kandinski\/yellow-red-blue\/\"]}]},{\"@type\":\"ImageObject\",\"inLanguage\":\"it-IT\",\"@id\":\"https:\/\/svetslik.si\/it\/vasilij-kandinski\/yellow-red-blue\/#primaryimage\",\"url\":\"https:\/\/svetslik.si\/wp-content\/uploads\/2021\/08\/image_umetniska-slika-Vasilij-Kandinski-Yellow-Red-Blue_680-scaled.jpg\",\"contentUrl\":\"https:\/\/svetslik.si\/wp-content\/uploads\/2021\/08\/image_umetniska-slika-Vasilij-Kandinski-Yellow-Red-Blue_680-scaled.jpg\",\"width\":2560,\"height\":1594,\"caption\":\"Kandinsky - Giallo Rosso Blu riproduzione dipinta a mano di famosi pittori, quadri moderni, quadri artistici per parete\"},{\"@type\":\"BreadcrumbList\",\"@id\":\"https:\/\/svetslik.si\/it\/vasilij-kandinski\/yellow-red-blue\/#breadcrumb\",\"itemListElement\":[{\"@type\":\"ListItem\",\"position\":1,\"name\":\"Fali m\u0171v\u00e9szet \u00e9s festm\u00e9nyek v\u00e1szonra\",\"item\":\"https:\/\/svetslik.si\/it\/\"},{\"@type\":\"ListItem\",\"position\":2,\"name\":\"Vendita di dipinti\",\"item\":\"https:\/\/svetslik.si\/prodaja-slik\/\"},{\"@type\":\"ListItem\",\"position\":3,\"name\":\"Vasilij Kandinski &#8211; Yellow Red Blue\"}]},{\"@type\":\"WebSite\",\"@id\":\"https:\/\/svetslik.si\/it\/#website\",\"url\":\"https:\/\/svetslik.si\/it\/\",\"name\":\"SVETSLIK.SI\",\"description\":\"100% riproduzioni dipinte a mano di quadri di pittori famosi e dipinti su tela.\",\"publisher\":{\"@id\":\"https:\/\/svetslik.si\/it\/#organization\"},\"potentialAction\":[{\"@type\":\"SearchAction\",\"target\":{\"@type\":\"EntryPoint\",\"urlTemplate\":\"https:\/\/svetslik.si\/it\/?s={search_term_string}\"},\"query-input\":{\"@type\":\"PropertyValueSpecification\",\"valueRequired\":true,\"valueName\":\"search_term_string\"}}],\"inLanguage\":\"it-IT\"},{\"@type\":\"Organization\",\"@id\":\"https:\/\/svetslik.si\/it\/#organization\",\"name\":\"SvetSlik.si\",\"url\":\"https:\/\/svetslik.si\/it\/\",\"logo\":{\"@type\":\"ImageObject\",\"inLanguage\":\"it-IT\",\"@id\":\"https:\/\/svetslik.si\/it\/#\/schema\/logo\/image\/\",\"url\":\"https:\/\/svetslik.si\/wp-content\/uploads\/2020\/12\/logo-512.png\",\"contentUrl\":\"https:\/\/svetslik.si\/wp-content\/uploads\/2020\/12\/logo-512.png\",\"width\":512,\"height\":512,\"caption\":\"SvetSlik.si\"},\"image\":{\"@id\":\"https:\/\/svetslik.si\/it\/#\/schema\/logo\/image\/\"},\"sameAs\":[\"https:\/\/www.facebook.com\/svetslik.si\",\"https:\/\/x.com\/svetslik\",\"https:\/\/www.instagram.com\/svetslik.si\/\",\"https:\/\/www.linkedin.com\/company\/svetslik-si\"]}]}<\/script>\n<meta property=\"og:availability\" content=\"instock\" \/>\n<meta property=\"product:availability\" content=\"instock\" \/>\n<meta property=\"product:retailer_item_id\" content=\"95__\" \/>\n<meta property=\"product:condition\" content=\"new\" \/>\n<!-- \/ Yoast SEO Premium plugin. -->","yoast_head_json":{"title":"Vasilij Kandinski - Yellow Red Blue - SVETSLIK.SI - Dipinti a mano al 100%","description":"Vasilij Kandinski - Yellow Red Blue - Riproduzioni di quadri d'arte dipinte a mano al 100% su tela. Cornici per quadri, vendita e produzione di dimensioni su ordinazione.","robots":{"index":"index","follow":"follow","max-snippet":"max-snippet:-1","max-image-preview":"max-image-preview:large","max-video-preview":"max-video-preview:-1"},"canonical":"https:\/\/svetslik.si\/it\/vasilij-kandinski\/yellow-red-blue\/","og_locale":"it_IT","og_type":"article","og_title":"Vasilij Kandinski - Yellow Red Blue","og_description":"100% ro\u010dno naslikane slike na platnu, reprodukcije znanih slikarjev in umetni\u0161ke slike po naro\u010dilu.","og_url":"https:\/\/svetslik.si\/it\/vasilij-kandinski\/yellow-red-blue\/","og_site_name":"SVETSLIK.SI","article_publisher":"https:\/\/www.facebook.com\/svetslik.si","article_modified_time":"2026-03-22T20:09:22+00:00","og_image":[{"width":2560,"height":1594,"url":"https:\/\/svetslik.si\/wp-content\/uploads\/2021\/08\/image_umetniska-slika-Vasilij-Kandinski-Yellow-Red-Blue_680-scaled.jpg","type":"image\/jpeg"}],"twitter_card":"summary_large_image","twitter_site":"@svetslik","twitter_misc":{"Disponibilit\u00e0":"Disponibile"},"schema":{"@context":"https:\/\/schema.org","@graph":[{"@type":["WebPage","ItemPage"],"@id":"https:\/\/svetslik.si\/it\/vasilij-kandinski\/yellow-red-blue\/","url":"https:\/\/svetslik.si\/it\/vasilij-kandinski\/yellow-red-blue\/","name":"Vasilij Kandinski - Yellow Red Blue - SVETSLIK.SI - Dipinti a mano al 100%","isPartOf":{"@id":"https:\/\/svetslik.si\/it\/#website"},"primaryImageOfPage":{"@id":"https:\/\/svetslik.si\/it\/vasilij-kandinski\/yellow-red-blue\/#primaryimage"},"image":{"@id":"https:\/\/svetslik.si\/it\/vasilij-kandinski\/yellow-red-blue\/#primaryimage"},"thumbnailUrl":"https:\/\/svetslik.si\/wp-content\/uploads\/2021\/08\/image_umetniska-slika-Vasilij-Kandinski-Yellow-Red-Blue_680-scaled.jpg","datePublished":"2021-09-02T15:44:04+00:00","dateModified":"2026-03-22T20:09:22+00:00","description":"Vasilij Kandinski - Yellow Red Blue - Riproduzioni di quadri d'arte dipinte a mano al 100% su tela. Cornici per quadri, vendita e produzione di dimensioni su ordinazione.","breadcrumb":{"@id":"https:\/\/svetslik.si\/it\/vasilij-kandinski\/yellow-red-blue\/#breadcrumb"},"inLanguage":"it-IT","potentialAction":[{"@type":"ReadAction","target":["https:\/\/svetslik.si\/it\/vasilij-kandinski\/yellow-red-blue\/"]}]},{"@type":"ImageObject","inLanguage":"it-IT","@id":"https:\/\/svetslik.si\/it\/vasilij-kandinski\/yellow-red-blue\/#primaryimage","url":"https:\/\/svetslik.si\/wp-content\/uploads\/2021\/08\/image_umetniska-slika-Vasilij-Kandinski-Yellow-Red-Blue_680-scaled.jpg","contentUrl":"https:\/\/svetslik.si\/wp-content\/uploads\/2021\/08\/image_umetniska-slika-Vasilij-Kandinski-Yellow-Red-Blue_680-scaled.jpg","width":2560,"height":1594,"caption":"Kandinsky - Giallo Rosso Blu riproduzione dipinta a mano di famosi pittori, quadri moderni, quadri artistici per parete"},{"@type":"BreadcrumbList","@id":"https:\/\/svetslik.si\/it\/vasilij-kandinski\/yellow-red-blue\/#breadcrumb","itemListElement":[{"@type":"ListItem","position":1,"name":"Fali m\u0171v\u00e9szet \u00e9s festm\u00e9nyek v\u00e1szonra","item":"https:\/\/svetslik.si\/it\/"},{"@type":"ListItem","position":2,"name":"Vendita di dipinti","item":"https:\/\/svetslik.si\/prodaja-slik\/"},{"@type":"ListItem","position":3,"name":"Vasilij Kandinski &#8211; Yellow Red Blue"}]},{"@type":"WebSite","@id":"https:\/\/svetslik.si\/it\/#website","url":"https:\/\/svetslik.si\/it\/","name":"SVETSLIK.SI","description":"100% riproduzioni dipinte a mano di quadri di pittori famosi e dipinti su tela.","publisher":{"@id":"https:\/\/svetslik.si\/it\/#organization"},"potentialAction":[{"@type":"SearchAction","target":{"@type":"EntryPoint","urlTemplate":"https:\/\/svetslik.si\/it\/?s={search_term_string}"},"query-input":{"@type":"PropertyValueSpecification","valueRequired":true,"valueName":"search_term_string"}}],"inLanguage":"it-IT"},{"@type":"Organization","@id":"https:\/\/svetslik.si\/it\/#organization","name":"SvetSlik.si","url":"https:\/\/svetslik.si\/it\/","logo":{"@type":"ImageObject","inLanguage":"it-IT","@id":"https:\/\/svetslik.si\/it\/#\/schema\/logo\/image\/","url":"https:\/\/svetslik.si\/wp-content\/uploads\/2020\/12\/logo-512.png","contentUrl":"https:\/\/svetslik.si\/wp-content\/uploads\/2020\/12\/logo-512.png","width":512,"height":512,"caption":"SvetSlik.si"},"image":{"@id":"https:\/\/svetslik.si\/it\/#\/schema\/logo\/image\/"},"sameAs":["https:\/\/www.facebook.com\/svetslik.si","https:\/\/x.com\/svetslik","https:\/\/www.instagram.com\/svetslik.si\/","https:\/\/www.linkedin.com\/company\/svetslik-si"]}]},"og_availability":"instock","product_availability":"instock","product_retailer_item_id":"95__","product_condition":"new"},"jetpack_sharing_enabled":true,"_links":{"self":[{"href":"https:\/\/svetslik.si\/it\/wp-json\/wp\/v2\/product\/38360","targetHints":{"allow":["GET"]}}],"collection":[{"href":"https:\/\/svetslik.si\/it\/wp-json\/wp\/v2\/product"}],"about":[{"href":"https:\/\/svetslik.si\/it\/wp-json\/wp\/v2\/types\/product"}],"wp:featuredmedia":[{"embeddable":true,"href":"https:\/\/svetslik.si\/it\/wp-json\/wp\/v2\/media\/35828"}],"wp:attachment":[{"href":"https:\/\/svetslik.si\/it\/wp-json\/wp\/v2\/media?parent=38360"}],"wp:term":[{"taxonomy":"product_brand","embeddable":true,"href":"https:\/\/svetslik.si\/it\/wp-json\/wp\/v2\/product_brand?post=38360"},{"taxonomy":"product_cat","embeddable":true,"href":"https:\/\/svetslik.si\/it\/wp-json\/wp\/v2\/product_cat?post=38360"},{"taxonomy":"product_tag","embeddable":true,"href":"https:\/\/svetslik.si\/it\/wp-json\/wp\/v2\/product_tag?post=38360"}],"curies":[{"name":"wp","href":"https:\/\/api.w.org\/{rel}","templated":true}]}}