{"id":38369,"date":"2021-09-02T17:44:10","date_gmt":"2021-09-02T15:44:10","guid":{"rendered":"https:\/\/svetslik.si\/senza-categoria\/composition-vii\/"},"modified":"2026-03-22T21:09:22","modified_gmt":"2026-03-22T20:09:22","slug":"composition-vii","status":"publish","type":"product","link":"https:\/\/svetslik.si\/it\/vasilij-kandinski\/composition-vii\/","title":{"rendered":"Vasilij Kandinski &#8211; Composition VII"},"content":{"rendered":"<div class=\"wpb-content-wrapper\">[vc_row][vc_column][vc_column_text css=&#8221;&#8221;]\n<p data-pm-slice=\"1 1 []\"><div class=\"yt-lazy-video ratio-square\" data-id=\"y-sO4gGOvGE\"><\/div>\n[\/vc_column][\/vc_row][vc_row css=&#8221;.vc_custom_1680542338029{margin-bottom: 10px !important;}&#8221;][vc_column]\t<div class=\"et-image-575 et-image     et_image_link\">\n\t\t<div class=\"et-image-inner \">\n\t\t\t\t\t\t\t<div class=\"et-image-thumb \">\n\t\t\t\t\t<img decoding=\"async\" width=\"1000\" height=\"894\" src=\"https:\/\/svetslik.si\/wp-content\/uploads\/2021\/09\/Wasiliy-kandinsky-composition-IV.jpg\" class=\"attachment-full\" alt=\"Vasilij Kandinskij - Composizione IV\" title=\"Vasilij Kandinskij - Composizione IV\" srcset=\"https:\/\/svetslik.si\/wp-content\/uploads\/2021\/09\/Wasiliy-kandinsky-composition-IV.jpg 1000w, https:\/\/svetslik.si\/wp-content\/uploads\/2021\/09\/Wasiliy-kandinsky-composition-IV-600x536.jpg 600w, https:\/\/svetslik.si\/wp-content\/uploads\/2021\/09\/Wasiliy-kandinsky-composition-IV-300x268.jpg 300w, https:\/\/svetslik.si\/wp-content\/uploads\/2021\/09\/Wasiliy-kandinsky-composition-IV-768x687.jpg 768w, https:\/\/svetslik.si\/wp-content\/uploads\/2021\/09\/Wasiliy-kandinsky-composition-IV-150x134.jpg 150w, https:\/\/svetslik.si\/wp-content\/uploads\/2021\/09\/Wasiliy-kandinsky-composition-IV-900x805.jpg 900w\" sizes=\"(max-width: 1000px) 100vw, 1000px\" \/>\t\t\t\t<\/div>\n\t\t\t\t\t\t\t\t\t\t\t<\/div>\n\t<\/div>\n  [\/vc_column][\/vc_row][vc_row css=&#8221;.vc_custom_1680542338029{margin-bottom: 10px !important;}&#8221;][vc_column]\t<div class=\"et-image-737 et-image     et_image_link\">\n\t\t<div class=\"et-image-inner \">\n\t\t\t\t\t\t\t<div class=\"et-image-thumb \">\n\t\t\t\t\t<img decoding=\"async\" width=\"1000\" height=\"1180\" src=\"https:\/\/svetslik.si\/wp-content\/uploads\/2021\/09\/Wasiliy-kandinsky-composition-VI.jpg\" class=\"attachment-full\" alt=\"Vasilij Kandinskij - Composizione VI\" title=\"Vasilij Kandinskij - Composizione VI\" srcset=\"https:\/\/svetslik.si\/wp-content\/uploads\/2021\/09\/Wasiliy-kandinsky-composition-VI.jpg 1000w, https:\/\/svetslik.si\/wp-content\/uploads\/2021\/09\/Wasiliy-kandinsky-composition-VI-600x708.jpg 600w, https:\/\/svetslik.si\/wp-content\/uploads\/2021\/09\/Wasiliy-kandinsky-composition-VI-254x300.jpg 254w, https:\/\/svetslik.si\/wp-content\/uploads\/2021\/09\/Wasiliy-kandinsky-composition-VI-868x1024.jpg 868w, https:\/\/svetslik.si\/wp-content\/uploads\/2021\/09\/Wasiliy-kandinsky-composition-VI-768x906.jpg 768w, https:\/\/svetslik.si\/wp-content\/uploads\/2021\/09\/Wasiliy-kandinsky-composition-VI-127x150.jpg 127w, https:\/\/svetslik.si\/wp-content\/uploads\/2021\/09\/Wasiliy-kandinsky-composition-VI-900x1062.jpg 900w\" sizes=\"(max-width: 1000px) 100vw, 1000px\" \/>\t\t\t\t<\/div>\n\t\t\t\t\t\t\t\t\t\t\t<\/div>\n\t<\/div>\n  [\/vc_column][\/vc_row][vc_row css=&#8221;.vc_custom_1680542338029{margin-bottom: 10px !important;}&#8221;][vc_column]\t<div class=\"et-image-737 et-image     et_image_link\">\n\t\t<div class=\"et-image-inner \">\n\t\t\t\t\t\t\t<div class=\"et-image-thumb \">\n\t\t\t\t\t<img decoding=\"async\" width=\"1000\" height=\"726\" src=\"https:\/\/svetslik.si\/wp-content\/uploads\/2021\/09\/Wasiliy-kandinsky-composition-VI-1.jpg\" class=\"attachment-full\" alt=\"Vasilij Kandinskij - Composizione VI-1\" title=\"Vasilij Kandinskij - Composizione VI-1\" srcset=\"https:\/\/svetslik.si\/wp-content\/uploads\/2021\/09\/Wasiliy-kandinsky-composition-VI-1.jpg 1000w, https:\/\/svetslik.si\/wp-content\/uploads\/2021\/09\/Wasiliy-kandinsky-composition-VI-1-600x436.jpg 600w, https:\/\/svetslik.si\/wp-content\/uploads\/2021\/09\/Wasiliy-kandinsky-composition-VI-1-300x218.jpg 300w, https:\/\/svetslik.si\/wp-content\/uploads\/2021\/09\/Wasiliy-kandinsky-composition-VI-1-768x558.jpg 768w, https:\/\/svetslik.si\/wp-content\/uploads\/2021\/09\/Wasiliy-kandinsky-composition-VI-1-150x109.jpg 150w, https:\/\/svetslik.si\/wp-content\/uploads\/2021\/09\/Wasiliy-kandinsky-composition-VI-1-900x653.jpg 900w\" sizes=\"(max-width: 1000px) 100vw, 1000px\" \/>\t\t\t\t<\/div>\n\t\t\t\t\t\t\t\t\t\t\t<\/div>\n\t<\/div>\n  [\/vc_column][\/vc_row][vc_row css=&#8221;.vc_custom_1680542338029{margin-bottom: 10px !important;}&#8221;][vc_column]\t<div class=\"et-image-65 et-image     et_image_link\">\n\t\t<div class=\"et-image-inner \">\n\t\t\t\t\t\t\t<div class=\"et-image-thumb \">\n\t\t\t\t\t<img decoding=\"async\" width=\"2560\" height=\"1775\" src=\"https:\/\/svetslik.si\/wp-content\/uploads\/2021\/09\/Vasiliy-Kandinsky-\u2013-Composition-VII-scaled.jpg\" class=\"attachment-full\" alt=\"Vasilij Kandinski - Composition VII - Composizione VII\" title=\"Vasilij Kandinski - Composition VII - Composizione VII\" srcset=\"https:\/\/svetslik.si\/wp-content\/uploads\/2021\/09\/Vasiliy-Kandinsky-\u2013-Composition-VII-scaled.jpg 2560w, https:\/\/svetslik.si\/wp-content\/uploads\/2021\/09\/Vasiliy-Kandinsky-\u2013-Composition-VII-scaled-600x416.jpg 600w, https:\/\/svetslik.si\/wp-content\/uploads\/2021\/09\/Vasiliy-Kandinsky-\u2013-Composition-VII-scaled-1200x832.jpg 1200w, https:\/\/svetslik.si\/wp-content\/uploads\/2021\/09\/Vasiliy-Kandinsky-\u2013-Composition-VII-300x208.jpg 300w, https:\/\/svetslik.si\/wp-content\/uploads\/2021\/09\/Vasiliy-Kandinsky-\u2013-Composition-VII-1024x710.jpg 1024w, https:\/\/svetslik.si\/wp-content\/uploads\/2021\/09\/Vasiliy-Kandinsky-\u2013-Composition-VII-768x532.jpg 768w, https:\/\/svetslik.si\/wp-content\/uploads\/2021\/09\/Vasiliy-Kandinsky-\u2013-Composition-VII-1536x1065.jpg 1536w, https:\/\/svetslik.si\/wp-content\/uploads\/2021\/09\/Vasiliy-Kandinsky-\u2013-Composition-VII-2048x1420.jpg 2048w, https:\/\/svetslik.si\/wp-content\/uploads\/2021\/09\/Vasiliy-Kandinsky-\u2013-Composition-VII-18x12.jpg 18w, https:\/\/svetslik.si\/wp-content\/uploads\/2021\/09\/Vasiliy-Kandinsky-\u2013-Composition-VII-150x104.jpg 150w\" sizes=\"(max-width: 2560px) 100vw, 2560px\" \/>\t\t\t\t<\/div>\n\t\t\t\t\t\t\t\t\t\t\t<\/div>\n\t<\/div>\n  [\/vc_column][\/vc_row][vc_row css=&#8221;.vc_custom_1680542338029{margin-bottom: 10px !important;}&#8221;][vc_column]\t<div class=\"et-image-815 et-image     et_image_link\">\n\t\t<div class=\"et-image-inner \">\n\t\t\t\t\t\t\t<div class=\"et-image-thumb \">\n\t\t\t\t\t<img decoding=\"async\" width=\"1824\" height=\"2252\" src=\"https:\/\/svetslik.si\/wp-content\/uploads\/2021\/09\/Vasiliy-Kandinsky-\u2013-Composition-VII-2.jpg\" class=\"attachment-full\" alt=\"Vasilij Kandinski - Composition VII - Composizione VII\" title=\"Vasilij Kandinski - Composition VII - Composizione VII\" srcset=\"https:\/\/svetslik.si\/wp-content\/uploads\/2021\/09\/Vasiliy-Kandinsky-\u2013-Composition-VII-2.jpg 1824w, https:\/\/svetslik.si\/wp-content\/uploads\/2021\/09\/Vasiliy-Kandinsky-\u2013-Composition-VII-2-600x741.jpg 600w, https:\/\/svetslik.si\/wp-content\/uploads\/2021\/09\/Vasiliy-Kandinsky-\u2013-Composition-VII-2-1200x1482.jpg 1200w, https:\/\/svetslik.si\/wp-content\/uploads\/2021\/09\/Vasiliy-Kandinsky-\u2013-Composition-VII-2-243x300.jpg 243w, https:\/\/svetslik.si\/wp-content\/uploads\/2021\/09\/Vasiliy-Kandinsky-\u2013-Composition-VII-2-829x1024.jpg 829w, https:\/\/svetslik.si\/wp-content\/uploads\/2021\/09\/Vasiliy-Kandinsky-\u2013-Composition-VII-2-768x948.jpg 768w, https:\/\/svetslik.si\/wp-content\/uploads\/2021\/09\/Vasiliy-Kandinsky-\u2013-Composition-VII-2-1244x1536.jpg 1244w, https:\/\/svetslik.si\/wp-content\/uploads\/2021\/09\/Vasiliy-Kandinsky-\u2013-Composition-VII-2-1659x2048.jpg 1659w, https:\/\/svetslik.si\/wp-content\/uploads\/2021\/09\/Vasiliy-Kandinsky-\u2013-Composition-VII-2-10x12.jpg 10w, https:\/\/svetslik.si\/wp-content\/uploads\/2021\/09\/Vasiliy-Kandinsky-\u2013-Composition-VII-2-121x150.jpg 121w\" sizes=\"(max-width: 1824px) 100vw, 1824px\" \/>\t\t\t\t<\/div>\n\t\t\t\t\t\t\t\t\t\t\t<\/div>\n\t<\/div>\n  [\/vc_column][\/vc_row][vc_row css=&#8221;.vc_custom_1680542338029{margin-bottom: 10px !important;}&#8221;][vc_column]\t<div class=\"et-image-603 et-image     et_image_link\">\n\t\t<div class=\"et-image-inner \">\n\t\t\t\t\t\t\t<div class=\"et-image-thumb \">\n\t\t\t\t\t<img decoding=\"async\" width=\"2560\" height=\"1441\" src=\"https:\/\/svetslik.si\/wp-content\/uploads\/2021\/09\/Vasiliy-Kandinsky-\u2013-Composition-VII-3-scaled.jpg\" class=\"attachment-full\" alt=\"Vasilij Kandinski - Composition VII - Composizione VII\" title=\"Vasilij Kandinski - Composition VII - Composizione VII\" srcset=\"https:\/\/svetslik.si\/wp-content\/uploads\/2021\/09\/Vasiliy-Kandinsky-\u2013-Composition-VII-3-scaled.jpg 2560w, https:\/\/svetslik.si\/wp-content\/uploads\/2021\/09\/Vasiliy-Kandinsky-\u2013-Composition-VII-3-scaled-600x338.jpg 600w, https:\/\/svetslik.si\/wp-content\/uploads\/2021\/09\/Vasiliy-Kandinsky-\u2013-Composition-VII-3-scaled-1200x675.jpg 1200w, https:\/\/svetslik.si\/wp-content\/uploads\/2021\/09\/Vasiliy-Kandinsky-\u2013-Composition-VII-3-300x169.jpg 300w, https:\/\/svetslik.si\/wp-content\/uploads\/2021\/09\/Vasiliy-Kandinsky-\u2013-Composition-VII-3-1024x577.jpg 1024w, https:\/\/svetslik.si\/wp-content\/uploads\/2021\/09\/Vasiliy-Kandinsky-\u2013-Composition-VII-3-768x432.jpg 768w, https:\/\/svetslik.si\/wp-content\/uploads\/2021\/09\/Vasiliy-Kandinsky-\u2013-Composition-VII-3-1536x865.jpg 1536w, https:\/\/svetslik.si\/wp-content\/uploads\/2021\/09\/Vasiliy-Kandinsky-\u2013-Composition-VII-3-2048x1153.jpg 2048w, https:\/\/svetslik.si\/wp-content\/uploads\/2021\/09\/Vasiliy-Kandinsky-\u2013-Composition-VII-3-18x10.jpg 18w, https:\/\/svetslik.si\/wp-content\/uploads\/2021\/09\/Vasiliy-Kandinsky-\u2013-Composition-VII-3-150x84.jpg 150w\" sizes=\"(max-width: 2560px) 100vw, 2560px\" \/>\t\t\t\t<\/div>\n\t\t\t\t\t\t\t\t\t\t\t<\/div>\n\t<\/div>\n  [\/vc_column][\/vc_row][vc_row][vc_column][vc_column_text]\n<h1>Wassily Kandinsky &#8211; Composizione VII<\/h1>\n<p>&nbsp;<\/p>\n<table border=\"0\" width=\"673\" cellspacing=\"0\" cellpadding=\"0\">\n<tbody>\n<tr>\n<td height=\"21\">Anno di creazione:<\/td>\n<td style=\"width: 493px;\">1913<\/td>\n<\/tr>\n<tr>\n<td height=\"21\">Dimensione originale:<\/td>\n<td style=\"width: 493px;\">300 cm x 200 cm<\/td>\n<\/tr>\n<tr>\n<td height=\"21\">Stile colore:<\/td>\n<td style=\"width: 493px;\">Arte astratta<\/td>\n<\/tr>\n<tr>\n<td height=\"21\">Tecnica originale:<\/td>\n<td>Olio su tela<\/td>\n<\/tr>\n<tr>\n<td height=\"21\">Situato:<\/td>\n<td>Galleria Tretyakov, Mosca<\/td>\n<\/tr>\n<\/tbody>\n<colgroup>\n<col \/>\n<col \/> <\/colgroup>\n<\/table>\n<p>Wassily Kandinsky \u00e8 considerato una delle figure pi\u00f9 importanti nella storia dell&#8217;arte astratta. Il suo lavoro decennale \u00e8 caratterizzato da un&#8217;approfondita esplorazione del colore e della forma, e i suoi dipinti sono considerati alcune delle opere pi\u00f9 iconiche e influenti del 20\u00b0 secolo. Una delle sue opere pi\u00f9 famose \u00e8 &#8220;Composizione VII&#8221;, considerata una delle sue opere pi\u00f9 importanti e iconiche.<\/p>\n<p>&#8220;Composizione VII&#8221; \u00e8 stata creata nel 1913 ed \u00e8 considerata una delle opere pi\u00f9 ambiziose di Kandinsky. Il dipinto \u00e8 di grandi dimensioni, misura pi\u00f9 di 6 metri di altezza e 9 metri di larghezza. La composizione \u00e8 complessa e dinamica, contiene molte forme e colori diversi che sembrano essere in movimento, creando un senso di movimento ed energia. L&#8217;immagine \u00e8 dominata da un grande cerchio centrale circondato da molti cerchi e forme pi\u00f9 piccoli. I colori nella quadro sono vibranti e audaci, con una forte enfasi su rosso, blu e giallo.<\/p>\n<p>Uno degli elementi chiave del dipinto &#8220;Composizione VII&#8221; \u00e8 l&#8217;uso del colore. Kandinsky credeva che il colore potesse esprimere emozioni e sentimenti, quindi usava spesso colori audaci e vibranti nelle sue opere. In questo dipinto, il colore viene utilizzato per creare un senso di movimento ed energia poich\u00e9 le varie forme e colori sembrano essere in movimento.<\/p>\n<p>Un altro aspetto importante del dipinto &#8220;Composizione VII&#8221; \u00e8 l&#8217;uso della forma. Kandinsky credeva che la forma potesse essere usata per esprimere idee spirituali, quindi usava spesso forme geometriche nel suo lavoro. In questo dipinto, cerchi e forme sono usati per creare un senso di unit\u00e0 e armonia, con i vari elementi che sembrano essere collegati e lavorare insieme.<\/p>\n<p>&#8220;Composizione VII&#8221; \u00e8 considerata una delle opere pi\u00f9 importanti di Kandinsky ed \u00e8 considerata da molti uno dei dipinti pi\u00f9 influenti del XX secolo. Il dipinto \u00e8 attualmente conservato nel Museo statale dell&#8217;Ermitage di San Pietroburgo, in Russia, ed \u00e8 considerato una delle opere pi\u00f9 importanti della loro collezione. \u00c8 ampiamente considerato un capolavoro dell&#8217;arte astratta e continua a ispirare nuove generazioni di artisti e amanti dell&#8217;arte.[\/vc_column_text][\/vc_column][\/vc_row]\n<\/div>","protected":false},"excerpt":{"rendered":"<p>[vc_row][vc_column][vc_column_text css=&#8221;&#8221;] [\/vc_column][\/vc_row][vc_row css=&#8221;.vc_custom_1680542338029{margin-bottom: 10px !important;}&#8221;][vc_column][\/vc_column][\/vc_row][vc_row css=&#8221;.vc_custom_1680542338029{margin-bottom: 10px !important;}&#8221;][vc_column][\/vc_column][\/vc_row][vc_row css=&#8221;.vc_custom_1680542338029{margin-bottom: 10px !important;}&#8221;][vc_column][\/vc_column][\/vc_row][vc_row css=&#8221;.vc_custom_1680542338029{margin-bottom: 10px !important;}&#8221;][vc_column][\/vc_column][\/vc_row][vc_row css=&#8221;.vc_custom_1680542338029{margin-bottom: 10px !important;}&#8221;][vc_column][\/vc_column][\/vc_row][vc_row css=&#8221;.vc_custom_1680542338029{margin-bottom: 10px !important;}&#8221;][vc_column][\/vc_column][\/vc_row][vc_row][vc_column][vc_column_text] Wassily Kandinsky &#8211; Composizione VII &nbsp; Anno di creazione: 1913 Dimensione originale: 300 cm x 200 cm Stile colore: Arte astratta Tecnica originale: Olio su tela Situato: Galleria Tretyakov, [&hellip;]<\/p>\n","protected":false},"featured_media":34999,"template":"","meta":{"_acf_changed":false},"product_brand":[],"product_cat":[4188],"product_tag":[4222,4223,4245,4246,4253],"class_list":{"0":"post-38369","1":"product","2":"type-product","3":"status-publish","4":"has-post-thumbnail","6":"product_cat-vasilij-kandinski","7":"product_tag-kandinski-it","8":"product_tag-kandinsky-it","9":"product_tag-riproduzione","10":"product_tag-riproduzione-it","11":"product_tag-un-pittore","12":"pa_dimenzija-120-x-80-cm","13":"pa_dimenzija-150-x-100-cm","14":"pa_dimenzija-210-x-140-cm","15":"pa_dimenzija-240-x-160-cm","16":"pa_dimenzija-270-x-180-cm","17":"pa_dimenzija-300-x-200-cm","18":"pa_dimenzija-40-x-70-cm","19":"pa_dimenzija-70-x-50-cm","20":"pa_dimenzija-80-x-50-cm","21":"pa_dimenzija-90-x-60-cm","22":"pa_oblika-orizzontale","23":"pa_okvir-sensa-cornice","24":"pa_podokvir-no","25":"pa_podokvir-si","27":"first","28":"instock","29":"purchasable","30":"product-type-variable","31":"has-default-attributes"},"acf":[],"yoast_head":"<!-- This site is optimized with the Yoast SEO Premium plugin v26.0 (Yoast SEO v27.2) - https:\/\/yoast.com\/product\/yoast-seo-premium-wordpress\/ -->\n<title>Vasilij Kandinski - Composition VII - SVETSLIK.SI - Dipinti a mano al 100%<\/title>\n<meta name=\"description\" content=\"Vasilij Kandinski - Composition VII - Riproduzioni di quadri d&#039;arte dipinte a mano al 100% su tela. Cornici per quadri, vendita e produzione di dimensioni su ordinazione.\" \/>\n<meta name=\"robots\" content=\"index, follow, max-snippet:-1, max-image-preview:large, max-video-preview:-1\" \/>\n<link rel=\"canonical\" href=\"https:\/\/svetslik.si\/it\/vasilij-kandinski\/composition-vii\/\" \/>\n<meta property=\"og:locale\" content=\"it_IT\" \/>\n<meta property=\"og:type\" content=\"article\" \/>\n<meta property=\"og:title\" content=\"Vasilij Kandinski - Composition VII\" \/>\n<meta property=\"og:description\" content=\"100% ro\u010dno naslikane slike na platnu, reprodukcije znanih slikarjev in umetni\u0161ke slike po naro\u010dilu.\" \/>\n<meta property=\"og:url\" content=\"https:\/\/svetslik.si\/it\/vasilij-kandinski\/composition-vii\/\" \/>\n<meta property=\"og:site_name\" content=\"SVETSLIK.SI\" \/>\n<meta property=\"article:publisher\" content=\"https:\/\/www.facebook.com\/svetslik.si\" \/>\n<meta property=\"article:modified_time\" content=\"2026-03-22T20:09:22+00:00\" \/>\n<meta property=\"og:image\" content=\"https:\/\/svetslik.si\/wp-content\/uploads\/2021\/08\/image_Composition-VII_680.jpg\" \/>\n\t<meta property=\"og:image:width\" content=\"2560\" \/>\n\t<meta property=\"og:image:height\" content=\"1707\" \/>\n\t<meta property=\"og:image:type\" content=\"image\/jpeg\" \/>\n<meta name=\"twitter:card\" content=\"summary_large_image\" \/>\n<meta name=\"twitter:site\" content=\"@svetslik\" \/>\n<meta name=\"twitter:label1\" content=\"Disponibilit\u00e0\" \/>\n\t<meta name=\"twitter:data1\" content=\"Disponibile\" \/>\n<script type=\"application\/ld+json\" class=\"yoast-schema-graph\">{\"@context\":\"https:\/\/schema.org\",\"@graph\":[{\"@type\":[\"WebPage\",\"ItemPage\"],\"@id\":\"https:\/\/svetslik.si\/it\/vasilij-kandinski\/composition-vii\/\",\"url\":\"https:\/\/svetslik.si\/it\/vasilij-kandinski\/composition-vii\/\",\"name\":\"Vasilij Kandinski - Composition VII - SVETSLIK.SI - Dipinti a mano al 100%\",\"isPartOf\":{\"@id\":\"https:\/\/svetslik.si\/it\/#website\"},\"primaryImageOfPage\":{\"@id\":\"https:\/\/svetslik.si\/it\/vasilij-kandinski\/composition-vii\/#primaryimage\"},\"image\":{\"@id\":\"https:\/\/svetslik.si\/it\/vasilij-kandinski\/composition-vii\/#primaryimage\"},\"thumbnailUrl\":\"https:\/\/svetslik.si\/wp-content\/uploads\/2021\/08\/image_Composition-VII_680.jpg\",\"datePublished\":\"2021-09-02T15:44:10+00:00\",\"dateModified\":\"2026-03-22T20:09:22+00:00\",\"description\":\"Vasilij Kandinski - Composition VII - Riproduzioni di quadri d'arte dipinte a mano al 100% su tela. Cornici per quadri, vendita e produzione di dimensioni su ordinazione.\",\"breadcrumb\":{\"@id\":\"https:\/\/svetslik.si\/it\/vasilij-kandinski\/composition-vii\/#breadcrumb\"},\"inLanguage\":\"it-IT\",\"potentialAction\":[{\"@type\":\"ReadAction\",\"target\":[\"https:\/\/svetslik.si\/it\/vasilij-kandinski\/composition-vii\/\"]}]},{\"@type\":\"ImageObject\",\"inLanguage\":\"it-IT\",\"@id\":\"https:\/\/svetslik.si\/it\/vasilij-kandinski\/composition-vii\/#primaryimage\",\"url\":\"https:\/\/svetslik.si\/wp-content\/uploads\/2021\/08\/image_Composition-VII_680.jpg\",\"contentUrl\":\"https:\/\/svetslik.si\/wp-content\/uploads\/2021\/08\/image_Composition-VII_680.jpg\",\"width\":2560,\"height\":1707,\"caption\":\"Vasilij Kandinskij - Composizione VIIII - Riproduzione - dipinti murali dipinti a mano, olio su tela, dipinti ad olio, dipinti artistici, quadri moderni per pareti, dipinti ambientali, dipinti astratti, quadri decorativi\"},{\"@type\":\"BreadcrumbList\",\"@id\":\"https:\/\/svetslik.si\/it\/vasilij-kandinski\/composition-vii\/#breadcrumb\",\"itemListElement\":[{\"@type\":\"ListItem\",\"position\":1,\"name\":\"Fali m\u0171v\u00e9szet \u00e9s festm\u00e9nyek v\u00e1szonra\",\"item\":\"https:\/\/svetslik.si\/it\/\"},{\"@type\":\"ListItem\",\"position\":2,\"name\":\"Vendita di dipinti\",\"item\":\"https:\/\/svetslik.si\/prodaja-slik\/\"},{\"@type\":\"ListItem\",\"position\":3,\"name\":\"Vasilij Kandinski &#8211; Composition VII\"}]},{\"@type\":\"WebSite\",\"@id\":\"https:\/\/svetslik.si\/it\/#website\",\"url\":\"https:\/\/svetslik.si\/it\/\",\"name\":\"SVETSLIK.SI\",\"description\":\"100% riproduzioni dipinte a mano di quadri di pittori famosi e dipinti su tela.\",\"publisher\":{\"@id\":\"https:\/\/svetslik.si\/it\/#organization\"},\"potentialAction\":[{\"@type\":\"SearchAction\",\"target\":{\"@type\":\"EntryPoint\",\"urlTemplate\":\"https:\/\/svetslik.si\/it\/?s={search_term_string}\"},\"query-input\":{\"@type\":\"PropertyValueSpecification\",\"valueRequired\":true,\"valueName\":\"search_term_string\"}}],\"inLanguage\":\"it-IT\"},{\"@type\":\"Organization\",\"@id\":\"https:\/\/svetslik.si\/it\/#organization\",\"name\":\"SvetSlik.si\",\"url\":\"https:\/\/svetslik.si\/it\/\",\"logo\":{\"@type\":\"ImageObject\",\"inLanguage\":\"it-IT\",\"@id\":\"https:\/\/svetslik.si\/it\/#\/schema\/logo\/image\/\",\"url\":\"https:\/\/svetslik.si\/wp-content\/uploads\/2020\/12\/logo-512.png\",\"contentUrl\":\"https:\/\/svetslik.si\/wp-content\/uploads\/2020\/12\/logo-512.png\",\"width\":512,\"height\":512,\"caption\":\"SvetSlik.si\"},\"image\":{\"@id\":\"https:\/\/svetslik.si\/it\/#\/schema\/logo\/image\/\"},\"sameAs\":[\"https:\/\/www.facebook.com\/svetslik.si\",\"https:\/\/x.com\/svetslik\",\"https:\/\/www.instagram.com\/svetslik.si\/\",\"https:\/\/www.linkedin.com\/company\/svetslik-si\"]}]}<\/script>\n<meta property=\"og:availability\" content=\"instock\" \/>\n<meta property=\"product:availability\" content=\"instock\" \/>\n<meta property=\"product:retailer_item_id\" content=\"96__\" \/>\n<meta property=\"product:condition\" content=\"new\" \/>\n<!-- \/ Yoast SEO Premium plugin. -->","yoast_head_json":{"title":"Vasilij Kandinski - Composition VII - SVETSLIK.SI - Dipinti a mano al 100%","description":"Vasilij Kandinski - Composition VII - Riproduzioni di quadri d'arte dipinte a mano al 100% su tela. Cornici per quadri, vendita e produzione di dimensioni su ordinazione.","robots":{"index":"index","follow":"follow","max-snippet":"max-snippet:-1","max-image-preview":"max-image-preview:large","max-video-preview":"max-video-preview:-1"},"canonical":"https:\/\/svetslik.si\/it\/vasilij-kandinski\/composition-vii\/","og_locale":"it_IT","og_type":"article","og_title":"Vasilij Kandinski - Composition VII","og_description":"100% ro\u010dno naslikane slike na platnu, reprodukcije znanih slikarjev in umetni\u0161ke slike po naro\u010dilu.","og_url":"https:\/\/svetslik.si\/it\/vasilij-kandinski\/composition-vii\/","og_site_name":"SVETSLIK.SI","article_publisher":"https:\/\/www.facebook.com\/svetslik.si","article_modified_time":"2026-03-22T20:09:22+00:00","og_image":[{"width":2560,"height":1707,"url":"https:\/\/svetslik.si\/wp-content\/uploads\/2021\/08\/image_Composition-VII_680.jpg","type":"image\/jpeg"}],"twitter_card":"summary_large_image","twitter_site":"@svetslik","twitter_misc":{"Disponibilit\u00e0":"Disponibile"},"schema":{"@context":"https:\/\/schema.org","@graph":[{"@type":["WebPage","ItemPage"],"@id":"https:\/\/svetslik.si\/it\/vasilij-kandinski\/composition-vii\/","url":"https:\/\/svetslik.si\/it\/vasilij-kandinski\/composition-vii\/","name":"Vasilij Kandinski - Composition VII - SVETSLIK.SI - Dipinti a mano al 100%","isPartOf":{"@id":"https:\/\/svetslik.si\/it\/#website"},"primaryImageOfPage":{"@id":"https:\/\/svetslik.si\/it\/vasilij-kandinski\/composition-vii\/#primaryimage"},"image":{"@id":"https:\/\/svetslik.si\/it\/vasilij-kandinski\/composition-vii\/#primaryimage"},"thumbnailUrl":"https:\/\/svetslik.si\/wp-content\/uploads\/2021\/08\/image_Composition-VII_680.jpg","datePublished":"2021-09-02T15:44:10+00:00","dateModified":"2026-03-22T20:09:22+00:00","description":"Vasilij Kandinski - Composition VII - Riproduzioni di quadri d'arte dipinte a mano al 100% su tela. Cornici per quadri, vendita e produzione di dimensioni su ordinazione.","breadcrumb":{"@id":"https:\/\/svetslik.si\/it\/vasilij-kandinski\/composition-vii\/#breadcrumb"},"inLanguage":"it-IT","potentialAction":[{"@type":"ReadAction","target":["https:\/\/svetslik.si\/it\/vasilij-kandinski\/composition-vii\/"]}]},{"@type":"ImageObject","inLanguage":"it-IT","@id":"https:\/\/svetslik.si\/it\/vasilij-kandinski\/composition-vii\/#primaryimage","url":"https:\/\/svetslik.si\/wp-content\/uploads\/2021\/08\/image_Composition-VII_680.jpg","contentUrl":"https:\/\/svetslik.si\/wp-content\/uploads\/2021\/08\/image_Composition-VII_680.jpg","width":2560,"height":1707,"caption":"Vasilij Kandinskij - Composizione VIIII - Riproduzione - dipinti murali dipinti a mano, olio su tela, dipinti ad olio, dipinti artistici, quadri moderni per pareti, dipinti ambientali, dipinti astratti, quadri decorativi"},{"@type":"BreadcrumbList","@id":"https:\/\/svetslik.si\/it\/vasilij-kandinski\/composition-vii\/#breadcrumb","itemListElement":[{"@type":"ListItem","position":1,"name":"Fali m\u0171v\u00e9szet \u00e9s festm\u00e9nyek v\u00e1szonra","item":"https:\/\/svetslik.si\/it\/"},{"@type":"ListItem","position":2,"name":"Vendita di dipinti","item":"https:\/\/svetslik.si\/prodaja-slik\/"},{"@type":"ListItem","position":3,"name":"Vasilij Kandinski &#8211; Composition VII"}]},{"@type":"WebSite","@id":"https:\/\/svetslik.si\/it\/#website","url":"https:\/\/svetslik.si\/it\/","name":"SVETSLIK.SI","description":"100% riproduzioni dipinte a mano di quadri di pittori famosi e dipinti su tela.","publisher":{"@id":"https:\/\/svetslik.si\/it\/#organization"},"potentialAction":[{"@type":"SearchAction","target":{"@type":"EntryPoint","urlTemplate":"https:\/\/svetslik.si\/it\/?s={search_term_string}"},"query-input":{"@type":"PropertyValueSpecification","valueRequired":true,"valueName":"search_term_string"}}],"inLanguage":"it-IT"},{"@type":"Organization","@id":"https:\/\/svetslik.si\/it\/#organization","name":"SvetSlik.si","url":"https:\/\/svetslik.si\/it\/","logo":{"@type":"ImageObject","inLanguage":"it-IT","@id":"https:\/\/svetslik.si\/it\/#\/schema\/logo\/image\/","url":"https:\/\/svetslik.si\/wp-content\/uploads\/2020\/12\/logo-512.png","contentUrl":"https:\/\/svetslik.si\/wp-content\/uploads\/2020\/12\/logo-512.png","width":512,"height":512,"caption":"SvetSlik.si"},"image":{"@id":"https:\/\/svetslik.si\/it\/#\/schema\/logo\/image\/"},"sameAs":["https:\/\/www.facebook.com\/svetslik.si","https:\/\/x.com\/svetslik","https:\/\/www.instagram.com\/svetslik.si\/","https:\/\/www.linkedin.com\/company\/svetslik-si"]}]},"og_availability":"instock","product_availability":"instock","product_retailer_item_id":"96__","product_condition":"new"},"jetpack_sharing_enabled":true,"_links":{"self":[{"href":"https:\/\/svetslik.si\/it\/wp-json\/wp\/v2\/product\/38369","targetHints":{"allow":["GET"]}}],"collection":[{"href":"https:\/\/svetslik.si\/it\/wp-json\/wp\/v2\/product"}],"about":[{"href":"https:\/\/svetslik.si\/it\/wp-json\/wp\/v2\/types\/product"}],"wp:featuredmedia":[{"embeddable":true,"href":"https:\/\/svetslik.si\/it\/wp-json\/wp\/v2\/media\/34999"}],"wp:attachment":[{"href":"https:\/\/svetslik.si\/it\/wp-json\/wp\/v2\/media?parent=38369"}],"wp:term":[{"taxonomy":"product_brand","embeddable":true,"href":"https:\/\/svetslik.si\/it\/wp-json\/wp\/v2\/product_brand?post=38369"},{"taxonomy":"product_cat","embeddable":true,"href":"https:\/\/svetslik.si\/it\/wp-json\/wp\/v2\/product_cat?post=38369"},{"taxonomy":"product_tag","embeddable":true,"href":"https:\/\/svetslik.si\/it\/wp-json\/wp\/v2\/product_tag?post=38369"}],"curies":[{"name":"wp","href":"https:\/\/api.w.org\/{rel}","templated":true}]}}