{"id":38415,"date":"2021-09-02T17:44:22","date_gmt":"2021-09-02T15:44:22","guid":{"rendered":"https:\/\/svetslik.si\/senza-categoria\/improvisation-gorge\/"},"modified":"2026-03-22T21:10:08","modified_gmt":"2026-03-22T20:10:08","slug":"improvisation-gorge","status":"publish","type":"product","link":"https:\/\/svetslik.si\/it\/vasilij-kandinski\/improvisation-gorge\/","title":{"rendered":"Vasilij Kandinski &#8211; Improvisation. Gorge"},"content":{"rendered":"<div class=\"wpb-content-wrapper\">[vc_row css=&#8221;.vc_custom_1745732907752{margin-bottom: 5px !important;}&#8221;][vc_column]\t<div class=\"et-image-679 et-image     et_image_link\">\n\t\t<div class=\"et-image-inner \">\n\t\t\t\t\t\t\t<div class=\"et-image-thumb \">\n\t\t\t\t\t<img decoding=\"async\" width=\"1500\" height=\"1321\" src=\"https:\/\/svetslik.si\/wp-content\/uploads\/2021\/09\/Vasilij-Kandinski-\u2013-Improvisation.-Gorge-reprodukcija-slike-na-platnu.jpg\" class=\"attachment-full\" alt=\"https:\/\/svetslik.si\/wp-content\/uploads\/2021\/09\/Vasilij-Kandinski-\u2013-Improvisation.-Gorge-reprodukcija-slike-na-platnu-2.jpg\" title=\"Vasilij Kandinski - Improvisation. Gorge\" srcset=\"https:\/\/svetslik.si\/wp-content\/uploads\/2021\/09\/Vasilij-Kandinski-\u2013-Improvisation.-Gorge-reprodukcija-slike-na-platnu.jpg 1500w, https:\/\/svetslik.si\/wp-content\/uploads\/2021\/09\/Vasilij-Kandinski-\u2013-Improvisation.-Gorge-reprodukcija-slike-na-platnu-600x528.jpg 600w, https:\/\/svetslik.si\/wp-content\/uploads\/2021\/09\/Vasilij-Kandinski-\u2013-Improvisation.-Gorge-reprodukcija-slike-na-platnu-1200x1057.jpg 1200w, https:\/\/svetslik.si\/wp-content\/uploads\/2021\/09\/Vasilij-Kandinski-\u2013-Improvisation.-Gorge-reprodukcija-slike-na-platnu-300x264.jpg 300w, https:\/\/svetslik.si\/wp-content\/uploads\/2021\/09\/Vasilij-Kandinski-\u2013-Improvisation.-Gorge-reprodukcija-slike-na-platnu-1024x902.jpg 1024w, https:\/\/svetslik.si\/wp-content\/uploads\/2021\/09\/Vasilij-Kandinski-\u2013-Improvisation.-Gorge-reprodukcija-slike-na-platnu-768x676.jpg 768w, https:\/\/svetslik.si\/wp-content\/uploads\/2021\/09\/Vasilij-Kandinski-\u2013-Improvisation.-Gorge-reprodukcija-slike-na-platnu-150x132.jpg 150w\" sizes=\"(max-width: 1500px) 100vw, 1500px\" \/>\t\t\t\t<\/div>\n\t\t\t\t\t\t\t\t\t\t\t<\/div>\n\t<\/div>\n  [\/vc_column][\/vc_row][vc_row css=&#8221;.vc_custom_1745732907752{margin-bottom: 5px !important;}&#8221;][vc_column]\t<div class=\"et-image-426 et-image     et_image_link\">\n\t\t<div class=\"et-image-inner \">\n\t\t\t\t\t\t\t<div class=\"et-image-thumb \">\n\t\t\t\t\t<img decoding=\"async\" width=\"1500\" height=\"1688\" src=\"https:\/\/svetslik.si\/wp-content\/uploads\/2021\/09\/Vasilij-Kandinski-\u2013-Improvisation.-Gorge-reprodukcija-slike-na-platnu-2.jpg\" class=\"attachment-full\" alt=\"Vasilij Kandinski - Improvisation. Gorge\" title=\"Vasilij Kandinski - Improvisation. Gorge\" srcset=\"https:\/\/svetslik.si\/wp-content\/uploads\/2021\/09\/Vasilij-Kandinski-\u2013-Improvisation.-Gorge-reprodukcija-slike-na-platnu-2.jpg 1500w, https:\/\/svetslik.si\/wp-content\/uploads\/2021\/09\/Vasilij-Kandinski-\u2013-Improvisation.-Gorge-reprodukcija-slike-na-platnu-2-600x675.jpg 600w, https:\/\/svetslik.si\/wp-content\/uploads\/2021\/09\/Vasilij-Kandinski-\u2013-Improvisation.-Gorge-reprodukcija-slike-na-platnu-2-1200x1350.jpg 1200w, https:\/\/svetslik.si\/wp-content\/uploads\/2021\/09\/Vasilij-Kandinski-\u2013-Improvisation.-Gorge-reprodukcija-slike-na-platnu-2-267x300.jpg 267w, https:\/\/svetslik.si\/wp-content\/uploads\/2021\/09\/Vasilij-Kandinski-\u2013-Improvisation.-Gorge-reprodukcija-slike-na-platnu-2-910x1024.jpg 910w, https:\/\/svetslik.si\/wp-content\/uploads\/2021\/09\/Vasilij-Kandinski-\u2013-Improvisation.-Gorge-reprodukcija-slike-na-platnu-2-768x864.jpg 768w, https:\/\/svetslik.si\/wp-content\/uploads\/2021\/09\/Vasilij-Kandinski-\u2013-Improvisation.-Gorge-reprodukcija-slike-na-platnu-2-1365x1536.jpg 1365w, https:\/\/svetslik.si\/wp-content\/uploads\/2021\/09\/Vasilij-Kandinski-\u2013-Improvisation.-Gorge-reprodukcija-slike-na-platnu-2-133x150.jpg 133w\" sizes=\"(max-width: 1500px) 100vw, 1500px\" \/>\t\t\t\t<\/div>\n\t\t\t\t\t\t\t\t\t\t\t<\/div>\n\t<\/div>\n  [\/vc_column][\/vc_row][vc_row css=&#8221;.vc_custom_1745732907752{margin-bottom: 5px !important;}&#8221;][vc_column]\t<div class=\"et-image-64 et-image     et_image_link\">\n\t\t<div class=\"et-image-inner \">\n\t\t\t\t\t\t\t<div class=\"et-image-thumb \">\n\t\t\t\t\t<img decoding=\"async\" width=\"1500\" height=\"1818\" src=\"https:\/\/svetslik.si\/wp-content\/uploads\/2021\/09\/Vasilij-Kandinski-\u2013-Improvisation.-Gorge-reprodukcija-slike-na-platnu-3.jpg\" class=\"attachment-full\" alt=\"Vasilij Kandinski - Improvisation. Gorge\" title=\"Vasilij Kandinski - Improvisation. Gorge\" srcset=\"https:\/\/svetslik.si\/wp-content\/uploads\/2021\/09\/Vasilij-Kandinski-\u2013-Improvisation.-Gorge-reprodukcija-slike-na-platnu-3.jpg 1500w, https:\/\/svetslik.si\/wp-content\/uploads\/2021\/09\/Vasilij-Kandinski-\u2013-Improvisation.-Gorge-reprodukcija-slike-na-platnu-3-600x727.jpg 600w, https:\/\/svetslik.si\/wp-content\/uploads\/2021\/09\/Vasilij-Kandinski-\u2013-Improvisation.-Gorge-reprodukcija-slike-na-platnu-3-1200x1454.jpg 1200w, https:\/\/svetslik.si\/wp-content\/uploads\/2021\/09\/Vasilij-Kandinski-\u2013-Improvisation.-Gorge-reprodukcija-slike-na-platnu-3-248x300.jpg 248w, https:\/\/svetslik.si\/wp-content\/uploads\/2021\/09\/Vasilij-Kandinski-\u2013-Improvisation.-Gorge-reprodukcija-slike-na-platnu-3-845x1024.jpg 845w, https:\/\/svetslik.si\/wp-content\/uploads\/2021\/09\/Vasilij-Kandinski-\u2013-Improvisation.-Gorge-reprodukcija-slike-na-platnu-3-768x931.jpg 768w, https:\/\/svetslik.si\/wp-content\/uploads\/2021\/09\/Vasilij-Kandinski-\u2013-Improvisation.-Gorge-reprodukcija-slike-na-platnu-3-1267x1536.jpg 1267w, https:\/\/svetslik.si\/wp-content\/uploads\/2021\/09\/Vasilij-Kandinski-\u2013-Improvisation.-Gorge-reprodukcija-slike-na-platnu-3-124x150.jpg 124w\" sizes=\"(max-width: 1500px) 100vw, 1500px\" \/>\t\t\t\t<\/div>\n\t\t\t\t\t\t\t\t\t\t\t<\/div>\n\t<\/div>\n  [\/vc_column][\/vc_row][vc_row css=&#8221;.vc_custom_1745732907752{margin-bottom: 5px !important;}&#8221;][vc_column]\t<div class=\"et-image-151 et-image     et_image_link\">\n\t\t<div class=\"et-image-inner \">\n\t\t\t\t\t\t\t<div class=\"et-image-thumb \">\n\t\t\t\t\t<img decoding=\"async\" width=\"1500\" height=\"1125\" src=\"https:\/\/svetslik.si\/wp-content\/uploads\/2021\/09\/Vasilij-Kandinski-\u2013-Improvisation.-Gorge-reprodukcija-slike-na-platnu-4.jpg\" class=\"attachment-full\" alt=\"Vasilij Kandinski - Improvisation. Gorge\" title=\"Vasilij Kandinski - Improvisation. Gorge\" srcset=\"https:\/\/svetslik.si\/wp-content\/uploads\/2021\/09\/Vasilij-Kandinski-\u2013-Improvisation.-Gorge-reprodukcija-slike-na-platnu-4.jpg 1500w, https:\/\/svetslik.si\/wp-content\/uploads\/2021\/09\/Vasilij-Kandinski-\u2013-Improvisation.-Gorge-reprodukcija-slike-na-platnu-4-600x450.jpg 600w, https:\/\/svetslik.si\/wp-content\/uploads\/2021\/09\/Vasilij-Kandinski-\u2013-Improvisation.-Gorge-reprodukcija-slike-na-platnu-4-1200x900.jpg 1200w, https:\/\/svetslik.si\/wp-content\/uploads\/2021\/09\/Vasilij-Kandinski-\u2013-Improvisation.-Gorge-reprodukcija-slike-na-platnu-4-300x225.jpg 300w, https:\/\/svetslik.si\/wp-content\/uploads\/2021\/09\/Vasilij-Kandinski-\u2013-Improvisation.-Gorge-reprodukcija-slike-na-platnu-4-1024x768.jpg 1024w, https:\/\/svetslik.si\/wp-content\/uploads\/2021\/09\/Vasilij-Kandinski-\u2013-Improvisation.-Gorge-reprodukcija-slike-na-platnu-4-768x576.jpg 768w, https:\/\/svetslik.si\/wp-content\/uploads\/2021\/09\/Vasilij-Kandinski-\u2013-Improvisation.-Gorge-reprodukcija-slike-na-platnu-4-150x113.jpg 150w\" sizes=\"(max-width: 1500px) 100vw, 1500px\" \/>\t\t\t\t<\/div>\n\t\t\t\t\t\t\t\t\t\t\t<\/div>\n\t<\/div>\n  [\/vc_column][\/vc_row]\n<h1>Vasily Kandinsky &#8211; Improvvisazione. Gola<\/h1>\n<table border=\"0\" width=\"673\" cellspacing=\"0\" cellpadding=\"0\">\n<colgroup>\n<col style=\"width: 135pt;\" width=\"180\" \/>\n<col style=\"width: 370pt;\" width=\"493\" \/> <\/colgroup>\n<tbody>\n<tr>\n<td class=\"xl24\" width=\"180\" height=\"21\">Anno di creazione:<\/td>\n<td class=\"xl25\" width=\"493\">1914<\/td>\n<\/tr>\n<tr>\n<td class=\"xl24\" width=\"180\" height=\"21\">Dimensione originale:<\/td>\n<td class=\"xl24\" width=\"493\">110 cm x 110 cm<\/td>\n<\/tr>\n<tr>\n<td class=\"xl24\" width=\"180\" height=\"21\">Stile pittura:<\/td>\n<td class=\"xl24\" width=\"493\">Arte astratta<\/td>\n<\/tr>\n<tr>\n<td class=\"xl24\" width=\"180\" height=\"21\">Tecnica originale:<\/td>\n<td>Olio su tela<\/td>\n<\/tr>\n<tr>\n<td class=\"xl24\" width=\"180\" height=\"21\">Situato:<\/td>\n<td>Galleria Nazionale, Monaco di Baviera<\/td>\n<\/tr>\n<\/tbody>\n<\/table>\n<p>Improvisational Gorge di Wassily Kandinsky \u00e8 uno straordinario dipinto astratto che mette in mostra la padronanza della forma e del colore dell&#8217;artista. Quest&#8217;opera, creata nel 1911, \u00e8 considerata una delle prime opere pi\u00f9 importanti di Kandinsky ed \u00e8 un eccellente esempio della sua sperimentazione con l&#8217;astrazione.<\/p>\n<p>Il dipinto \u00e8 costituito da pennellate audaci e ampie nei toni del blu e del viola che sembrano vorticare e danzare sulla tela. Le pennellate sono stratificate per creare un senso di profondit\u00e0 e movimento, attirando l&#8217;occhio dello spettatore nell&#8217;abisso vorticoso del dipinto.<\/p>\n<p>L&#8217;uso del colore da parte di Kandinsky nel dipinto Improvisation Gorge \u00e8 particolarmente degno di nota. Sfumature di blu e viola sono utilizzate per creare un senso di mistero e ultraterreno, evocando la sensazione di guardare nell&#8217;abisso. Insieme, i colori creano anche un senso di movimento e fluidit\u00e0, come se l&#8217;immagine fosse piena di energia.<\/p>\n<p>Il titolo del dipinto, &#8220;Improvisation Gorge&#8221;, suggerisce l&#8217;approccio improvvisativo dell&#8217;artista alla pittura. Kandinsky credeva che la pittura dovesse essere un processo spontaneo e intuitivo, e &#8220;Improvisation Gorge&#8221; \u00e8 un ottimo esempio di questo approccio nella pratica.<\/p>\n<p>&#8220;Improvisational Gorge \u00e8 considerato un capolavoro dell&#8217;arte astratta e un&#8217;opera importante nella storia dell&#8217;arte moderna. Attualmente \u00e8 nella collezione del Museo statale dell&#8217;Ermitage di San Pietroburgo, in Russia. I visitatori possono vedere il dipinto l\u00ec e conoscere l&#8217;artista visione e tecnica uniche.<\/p>\n<p>&#8220;Improvisation Gorge&#8221; di Kandinsky \u00e8 una tappa obbligata per gli amanti dell&#8217;arte e per coloro che sono interessati allo sviluppo dell&#8217;arte astratta. L&#8217;uso audace di colori e forme e l&#8217;approccio all&#8217;improvvisazione rendono questo lavoro davvero unico ed emozionante.<\/p>\n<\/div>","protected":false},"excerpt":{"rendered":"<p>[vc_row css=&#8221;.vc_custom_1745732907752{margin-bottom: 5px !important;}&#8221;][vc_column][\/vc_column][\/vc_row][vc_row css=&#8221;.vc_custom_1745732907752{margin-bottom: 5px !important;}&#8221;][vc_column][\/vc_column][\/vc_row][vc_row css=&#8221;.vc_custom_1745732907752{margin-bottom: 5px !important;}&#8221;][vc_column][\/vc_column][\/vc_row][vc_row css=&#8221;.vc_custom_1745732907752{margin-bottom: 5px !important;}&#8221;][vc_column][\/vc_column][\/vc_row] Vasily Kandinsky &#8211; Improvvisazione. Gola Anno di creazione: 1914 Dimensione originale: 110 cm x 110 cm Stile pittura: Arte astratta Tecnica originale: Olio su tela Situato: Galleria Nazionale, Monaco di Baviera Improvisational Gorge di Wassily Kandinsky \u00e8 [&hellip;]<\/p>\n","protected":false},"featured_media":35221,"template":"","meta":{"_acf_changed":false},"product_brand":[],"product_cat":[4188],"product_tag":[4222,4223,4245,4246,4253],"class_list":{"0":"post-38415","1":"product","2":"type-product","3":"status-publish","4":"has-post-thumbnail","6":"product_cat-vasilij-kandinski","7":"product_tag-kandinski-it","8":"product_tag-kandinsky-it","9":"product_tag-riproduzione","10":"product_tag-riproduzione-it","11":"product_tag-un-pittore","12":"pa_dimenzija-110-x-110-cm","13":"pa_dimenzija-150-x-150-cm","14":"pa_dimenzija-40-x-40-cm","15":"pa_dimenzija-50-x-50-cm","16":"pa_dimenzija-60-x-60-cm","17":"pa_dimenzija-70-x-70-cm","18":"pa_dimenzija-80-x-80-cm","19":"pa_dimenzija-90-x-90-cm","20":"pa_oblika-quadrata","21":"pa_okvir-sensa-cornice","22":"pa_podokvir-no","23":"pa_podokvir-si","25":"first","26":"onbackorder","27":"purchasable","28":"product-type-variable","29":"has-default-attributes"},"acf":[],"yoast_head":"<!-- This site is optimized with the Yoast SEO Premium plugin v26.0 (Yoast SEO v27.2) - https:\/\/yoast.com\/product\/yoast-seo-premium-wordpress\/ -->\n<title>Vasilij Kandinski - Improvisation. Gorge - SVETSLIK.SI - Dipinti a mano al 100%<\/title>\n<meta name=\"description\" content=\"Vasilij Kandinski - Improvisation. Gorge - Riproduzioni di quadri d&#039;arte dipinte a mano al 100% su tela. Cornici per quadri, vendita e produzione di dimensioni su ordinazione.\" \/>\n<meta name=\"robots\" content=\"index, follow, max-snippet:-1, max-image-preview:large, max-video-preview:-1\" \/>\n<link rel=\"canonical\" href=\"https:\/\/svetslik.si\/it\/vasilij-kandinski\/improvisation-gorge\/\" \/>\n<meta property=\"og:locale\" content=\"it_IT\" \/>\n<meta property=\"og:type\" content=\"article\" \/>\n<meta property=\"og:title\" content=\"Vasilij Kandinski - Improvisation. Gorge\" \/>\n<meta property=\"og:description\" content=\"100% ro\u010dno naslikane slike na platnu, reprodukcije znanih slikarjev in umetni\u0161ke slike po naro\u010dilu.\" \/>\n<meta property=\"og:url\" content=\"https:\/\/svetslik.si\/it\/vasilij-kandinski\/improvisation-gorge\/\" \/>\n<meta property=\"og:site_name\" content=\"SVETSLIK.SI\" \/>\n<meta property=\"article:publisher\" content=\"https:\/\/www.facebook.com\/svetslik.si\" \/>\n<meta property=\"article:modified_time\" content=\"2026-03-22T20:10:08+00:00\" \/>\n<meta property=\"og:image\" content=\"https:\/\/svetslik.si\/wp-content\/uploads\/2021\/08\/image_Improvisation-Gorge_680-scaled.jpg\" \/>\n\t<meta property=\"og:image:width\" content=\"2560\" \/>\n\t<meta property=\"og:image:height\" content=\"2548\" \/>\n\t<meta property=\"og:image:type\" content=\"image\/jpeg\" \/>\n<meta name=\"twitter:card\" content=\"summary_large_image\" \/>\n<meta name=\"twitter:site\" content=\"@svetslik\" \/>\n<meta name=\"twitter:label1\" content=\"Disponibilit\u00e0\" \/>\n\t<meta name=\"twitter:data1\" content=\"Su ordinazione\" \/>\n<script type=\"application\/ld+json\" class=\"yoast-schema-graph\">{\"@context\":\"https:\/\/schema.org\",\"@graph\":[{\"@type\":[\"WebPage\",\"ItemPage\"],\"@id\":\"https:\/\/svetslik.si\/it\/vasilij-kandinski\/improvisation-gorge\/\",\"url\":\"https:\/\/svetslik.si\/it\/vasilij-kandinski\/improvisation-gorge\/\",\"name\":\"Vasilij Kandinski - Improvisation. Gorge - SVETSLIK.SI - Dipinti a mano al 100%\",\"isPartOf\":{\"@id\":\"https:\/\/svetslik.si\/it\/#website\"},\"primaryImageOfPage\":{\"@id\":\"https:\/\/svetslik.si\/it\/vasilij-kandinski\/improvisation-gorge\/#primaryimage\"},\"image\":{\"@id\":\"https:\/\/svetslik.si\/it\/vasilij-kandinski\/improvisation-gorge\/#primaryimage\"},\"thumbnailUrl\":\"https:\/\/svetslik.si\/wp-content\/uploads\/2021\/08\/image_Improvisation-Gorge_680-scaled.jpg\",\"datePublished\":\"2021-09-02T15:44:22+00:00\",\"dateModified\":\"2026-03-22T20:10:08+00:00\",\"description\":\"Vasilij Kandinski - Improvisation. Gorge - Riproduzioni di quadri d'arte dipinte a mano al 100% su tela. Cornici per quadri, vendita e produzione di dimensioni su ordinazione.\",\"breadcrumb\":{\"@id\":\"https:\/\/svetslik.si\/it\/vasilij-kandinski\/improvisation-gorge\/#breadcrumb\"},\"inLanguage\":\"it-IT\",\"potentialAction\":[{\"@type\":\"ReadAction\",\"target\":[\"https:\/\/svetslik.si\/it\/vasilij-kandinski\/improvisation-gorge\/\"]}]},{\"@type\":\"ImageObject\",\"inLanguage\":\"it-IT\",\"@id\":\"https:\/\/svetslik.si\/it\/vasilij-kandinski\/improvisation-gorge\/#primaryimage\",\"url\":\"https:\/\/svetslik.si\/wp-content\/uploads\/2021\/08\/image_Improvisation-Gorge_680-scaled.jpg\",\"contentUrl\":\"https:\/\/svetslik.si\/wp-content\/uploads\/2021\/08\/image_Improvisation-Gorge_680-scaled.jpg\",\"width\":2560,\"height\":2548,\"caption\":\"Quadri riproduzioni su tela - Vasilij Kandinski - Improvvisazione. Gola - Dipinti realizzati a mano, riproduzioni di famosi pittori, olio su tela, quadri ad olio, quadri moderni, quadri artistici da appendere alle pareti, ambientali, astratti, decorativi quadri murali\"},{\"@type\":\"BreadcrumbList\",\"@id\":\"https:\/\/svetslik.si\/it\/vasilij-kandinski\/improvisation-gorge\/#breadcrumb\",\"itemListElement\":[{\"@type\":\"ListItem\",\"position\":1,\"name\":\"Fali m\u0171v\u00e9szet \u00e9s festm\u00e9nyek v\u00e1szonra\",\"item\":\"https:\/\/svetslik.si\/it\/\"},{\"@type\":\"ListItem\",\"position\":2,\"name\":\"Vendita di dipinti\",\"item\":\"https:\/\/svetslik.si\/prodaja-slik\/\"},{\"@type\":\"ListItem\",\"position\":3,\"name\":\"Vasilij Kandinski &#8211; Improvisation. Gorge\"}]},{\"@type\":\"WebSite\",\"@id\":\"https:\/\/svetslik.si\/it\/#website\",\"url\":\"https:\/\/svetslik.si\/it\/\",\"name\":\"SVETSLIK.SI\",\"description\":\"100% riproduzioni dipinte a mano di quadri di pittori famosi e dipinti su tela.\",\"publisher\":{\"@id\":\"https:\/\/svetslik.si\/it\/#organization\"},\"potentialAction\":[{\"@type\":\"SearchAction\",\"target\":{\"@type\":\"EntryPoint\",\"urlTemplate\":\"https:\/\/svetslik.si\/it\/?s={search_term_string}\"},\"query-input\":{\"@type\":\"PropertyValueSpecification\",\"valueRequired\":true,\"valueName\":\"search_term_string\"}}],\"inLanguage\":\"it-IT\"},{\"@type\":\"Organization\",\"@id\":\"https:\/\/svetslik.si\/it\/#organization\",\"name\":\"SvetSlik.si\",\"url\":\"https:\/\/svetslik.si\/it\/\",\"logo\":{\"@type\":\"ImageObject\",\"inLanguage\":\"it-IT\",\"@id\":\"https:\/\/svetslik.si\/it\/#\/schema\/logo\/image\/\",\"url\":\"https:\/\/svetslik.si\/wp-content\/uploads\/2020\/12\/logo-512.png\",\"contentUrl\":\"https:\/\/svetslik.si\/wp-content\/uploads\/2020\/12\/logo-512.png\",\"width\":512,\"height\":512,\"caption\":\"SvetSlik.si\"},\"image\":{\"@id\":\"https:\/\/svetslik.si\/it\/#\/schema\/logo\/image\/\"},\"sameAs\":[\"https:\/\/www.facebook.com\/svetslik.si\",\"https:\/\/x.com\/svetslik\",\"https:\/\/www.instagram.com\/svetslik.si\/\",\"https:\/\/www.linkedin.com\/company\/svetslik-si\"]}]}<\/script>\n<meta property=\"og:availability\" content=\"backorder\" \/>\n<meta property=\"product:availability\" content=\"available for order\" \/>\n<meta property=\"product:retailer_item_id\" content=\"101__\" \/>\n<meta property=\"product:condition\" content=\"new\" \/>\n<!-- \/ Yoast SEO Premium plugin. -->","yoast_head_json":{"title":"Vasilij Kandinski - Improvisation. Gorge - SVETSLIK.SI - Dipinti a mano al 100%","description":"Vasilij Kandinski - Improvisation. Gorge - Riproduzioni di quadri d'arte dipinte a mano al 100% su tela. Cornici per quadri, vendita e produzione di dimensioni su ordinazione.","robots":{"index":"index","follow":"follow","max-snippet":"max-snippet:-1","max-image-preview":"max-image-preview:large","max-video-preview":"max-video-preview:-1"},"canonical":"https:\/\/svetslik.si\/it\/vasilij-kandinski\/improvisation-gorge\/","og_locale":"it_IT","og_type":"article","og_title":"Vasilij Kandinski - Improvisation. Gorge","og_description":"100% ro\u010dno naslikane slike na platnu, reprodukcije znanih slikarjev in umetni\u0161ke slike po naro\u010dilu.","og_url":"https:\/\/svetslik.si\/it\/vasilij-kandinski\/improvisation-gorge\/","og_site_name":"SVETSLIK.SI","article_publisher":"https:\/\/www.facebook.com\/svetslik.si","article_modified_time":"2026-03-22T20:10:08+00:00","og_image":[{"width":2560,"height":2548,"url":"https:\/\/svetslik.si\/wp-content\/uploads\/2021\/08\/image_Improvisation-Gorge_680-scaled.jpg","type":"image\/jpeg"}],"twitter_card":"summary_large_image","twitter_site":"@svetslik","twitter_misc":{"Disponibilit\u00e0":"Su ordinazione"},"schema":{"@context":"https:\/\/schema.org","@graph":[{"@type":["WebPage","ItemPage"],"@id":"https:\/\/svetslik.si\/it\/vasilij-kandinski\/improvisation-gorge\/","url":"https:\/\/svetslik.si\/it\/vasilij-kandinski\/improvisation-gorge\/","name":"Vasilij Kandinski - Improvisation. Gorge - SVETSLIK.SI - Dipinti a mano al 100%","isPartOf":{"@id":"https:\/\/svetslik.si\/it\/#website"},"primaryImageOfPage":{"@id":"https:\/\/svetslik.si\/it\/vasilij-kandinski\/improvisation-gorge\/#primaryimage"},"image":{"@id":"https:\/\/svetslik.si\/it\/vasilij-kandinski\/improvisation-gorge\/#primaryimage"},"thumbnailUrl":"https:\/\/svetslik.si\/wp-content\/uploads\/2021\/08\/image_Improvisation-Gorge_680-scaled.jpg","datePublished":"2021-09-02T15:44:22+00:00","dateModified":"2026-03-22T20:10:08+00:00","description":"Vasilij Kandinski - Improvisation. Gorge - Riproduzioni di quadri d'arte dipinte a mano al 100% su tela. Cornici per quadri, vendita e produzione di dimensioni su ordinazione.","breadcrumb":{"@id":"https:\/\/svetslik.si\/it\/vasilij-kandinski\/improvisation-gorge\/#breadcrumb"},"inLanguage":"it-IT","potentialAction":[{"@type":"ReadAction","target":["https:\/\/svetslik.si\/it\/vasilij-kandinski\/improvisation-gorge\/"]}]},{"@type":"ImageObject","inLanguage":"it-IT","@id":"https:\/\/svetslik.si\/it\/vasilij-kandinski\/improvisation-gorge\/#primaryimage","url":"https:\/\/svetslik.si\/wp-content\/uploads\/2021\/08\/image_Improvisation-Gorge_680-scaled.jpg","contentUrl":"https:\/\/svetslik.si\/wp-content\/uploads\/2021\/08\/image_Improvisation-Gorge_680-scaled.jpg","width":2560,"height":2548,"caption":"Quadri riproduzioni su tela - Vasilij Kandinski - Improvvisazione. Gola - Dipinti realizzati a mano, riproduzioni di famosi pittori, olio su tela, quadri ad olio, quadri moderni, quadri artistici da appendere alle pareti, ambientali, astratti, decorativi quadri murali"},{"@type":"BreadcrumbList","@id":"https:\/\/svetslik.si\/it\/vasilij-kandinski\/improvisation-gorge\/#breadcrumb","itemListElement":[{"@type":"ListItem","position":1,"name":"Fali m\u0171v\u00e9szet \u00e9s festm\u00e9nyek v\u00e1szonra","item":"https:\/\/svetslik.si\/it\/"},{"@type":"ListItem","position":2,"name":"Vendita di dipinti","item":"https:\/\/svetslik.si\/prodaja-slik\/"},{"@type":"ListItem","position":3,"name":"Vasilij Kandinski &#8211; Improvisation. Gorge"}]},{"@type":"WebSite","@id":"https:\/\/svetslik.si\/it\/#website","url":"https:\/\/svetslik.si\/it\/","name":"SVETSLIK.SI","description":"100% riproduzioni dipinte a mano di quadri di pittori famosi e dipinti su tela.","publisher":{"@id":"https:\/\/svetslik.si\/it\/#organization"},"potentialAction":[{"@type":"SearchAction","target":{"@type":"EntryPoint","urlTemplate":"https:\/\/svetslik.si\/it\/?s={search_term_string}"},"query-input":{"@type":"PropertyValueSpecification","valueRequired":true,"valueName":"search_term_string"}}],"inLanguage":"it-IT"},{"@type":"Organization","@id":"https:\/\/svetslik.si\/it\/#organization","name":"SvetSlik.si","url":"https:\/\/svetslik.si\/it\/","logo":{"@type":"ImageObject","inLanguage":"it-IT","@id":"https:\/\/svetslik.si\/it\/#\/schema\/logo\/image\/","url":"https:\/\/svetslik.si\/wp-content\/uploads\/2020\/12\/logo-512.png","contentUrl":"https:\/\/svetslik.si\/wp-content\/uploads\/2020\/12\/logo-512.png","width":512,"height":512,"caption":"SvetSlik.si"},"image":{"@id":"https:\/\/svetslik.si\/it\/#\/schema\/logo\/image\/"},"sameAs":["https:\/\/www.facebook.com\/svetslik.si","https:\/\/x.com\/svetslik","https:\/\/www.instagram.com\/svetslik.si\/","https:\/\/www.linkedin.com\/company\/svetslik-si"]}]},"og_availability":"backorder","product_availability":"available for order","product_retailer_item_id":"101__","product_condition":"new"},"jetpack_sharing_enabled":true,"_links":{"self":[{"href":"https:\/\/svetslik.si\/it\/wp-json\/wp\/v2\/product\/38415","targetHints":{"allow":["GET"]}}],"collection":[{"href":"https:\/\/svetslik.si\/it\/wp-json\/wp\/v2\/product"}],"about":[{"href":"https:\/\/svetslik.si\/it\/wp-json\/wp\/v2\/types\/product"}],"wp:featuredmedia":[{"embeddable":true,"href":"https:\/\/svetslik.si\/it\/wp-json\/wp\/v2\/media\/35221"}],"wp:attachment":[{"href":"https:\/\/svetslik.si\/it\/wp-json\/wp\/v2\/media?parent=38415"}],"wp:term":[{"taxonomy":"product_brand","embeddable":true,"href":"https:\/\/svetslik.si\/it\/wp-json\/wp\/v2\/product_brand?post=38415"},{"taxonomy":"product_cat","embeddable":true,"href":"https:\/\/svetslik.si\/it\/wp-json\/wp\/v2\/product_cat?post=38415"},{"taxonomy":"product_tag","embeddable":true,"href":"https:\/\/svetslik.si\/it\/wp-json\/wp\/v2\/product_tag?post=38415"}],"curies":[{"name":"wp","href":"https:\/\/api.w.org\/{rel}","templated":true}]}}