{"id":38424,"date":"2021-09-02T17:44:27","date_gmt":"2021-09-02T15:44:27","guid":{"rendered":"https:\/\/svetslik.si\/senza-categoria\/capricious\/"},"modified":"2026-03-22T21:10:08","modified_gmt":"2026-03-22T20:10:08","slug":"capricious","status":"publish","type":"product","link":"https:\/\/svetslik.si\/it\/vasilij-kandinski\/capricious\/","title":{"rendered":"Vasilij Kandinski &#8211; Capricious"},"content":{"rendered":"<div class=\"wpb-content-wrapper\">[vc_row css=&#8221;.vc_custom_1742249901845{margin-bottom: 10px !important;}&#8221;][vc_column]\t<div class=\"et-image-793 et-image     et_image_link\">\n\t\t<div class=\"et-image-inner \">\n\t\t\t\t\t\t\t<div class=\"et-image-thumb \">\n\t\t\t\t\t<img decoding=\"async\" width=\"1500\" height=\"1168\" src=\"https:\/\/svetslik.si\/wp-content\/uploads\/2021\/09\/Vasilij-Kandinski-\u2013-Capricious-slike-na-platnu.jpg\" class=\"attachment-full\" alt=\"Vasilij Kandinski - Capricious\" title=\"Vasilij Kandinski - Capricious\" srcset=\"https:\/\/svetslik.si\/wp-content\/uploads\/2021\/09\/Vasilij-Kandinski-\u2013-Capricious-slike-na-platnu.jpg 1500w, https:\/\/svetslik.si\/wp-content\/uploads\/2021\/09\/Vasilij-Kandinski-\u2013-Capricious-slike-na-platnu-600x467.jpg 600w, https:\/\/svetslik.si\/wp-content\/uploads\/2021\/09\/Vasilij-Kandinski-\u2013-Capricious-slike-na-platnu-1200x934.jpg 1200w, https:\/\/svetslik.si\/wp-content\/uploads\/2021\/09\/Vasilij-Kandinski-\u2013-Capricious-slike-na-platnu-300x234.jpg 300w, https:\/\/svetslik.si\/wp-content\/uploads\/2021\/09\/Vasilij-Kandinski-\u2013-Capricious-slike-na-platnu-1024x797.jpg 1024w, https:\/\/svetslik.si\/wp-content\/uploads\/2021\/09\/Vasilij-Kandinski-\u2013-Capricious-slike-na-platnu-768x598.jpg 768w, https:\/\/svetslik.si\/wp-content\/uploads\/2021\/09\/Vasilij-Kandinski-\u2013-Capricious-slike-na-platnu-150x117.jpg 150w\" sizes=\"(max-width: 1500px) 100vw, 1500px\" \/>\t\t\t\t<\/div>\n\t\t\t\t\t\t\t\t\t\t\t<\/div>\n\t<\/div>\n  [\/vc_column][\/vc_row][vc_row css=&#8221;.vc_custom_1742249901845{margin-bottom: 10px !important;}&#8221;][vc_column]\t<div class=\"et-image-584 et-image     et_image_link\">\n\t\t<div class=\"et-image-inner \">\n\t\t\t\t\t\t\t<div class=\"et-image-thumb \">\n\t\t\t\t\t<img decoding=\"async\" width=\"1500\" height=\"1876\" src=\"https:\/\/svetslik.si\/wp-content\/uploads\/2021\/09\/Vasilij-Kandinski-\u2013-Capricious-slike-na-platnu-2.jpg\" class=\"attachment-full\" alt=\"Vasilij Kandinski - Capricious\" title=\"Vasilij Kandinski - Capricious\" srcset=\"https:\/\/svetslik.si\/wp-content\/uploads\/2021\/09\/Vasilij-Kandinski-\u2013-Capricious-slike-na-platnu-2.jpg 1500w, https:\/\/svetslik.si\/wp-content\/uploads\/2021\/09\/Vasilij-Kandinski-\u2013-Capricious-slike-na-platnu-2-600x750.jpg 600w, https:\/\/svetslik.si\/wp-content\/uploads\/2021\/09\/Vasilij-Kandinski-\u2013-Capricious-slike-na-platnu-2-1200x1501.jpg 1200w, https:\/\/svetslik.si\/wp-content\/uploads\/2021\/09\/Vasilij-Kandinski-\u2013-Capricious-slike-na-platnu-2-240x300.jpg 240w, https:\/\/svetslik.si\/wp-content\/uploads\/2021\/09\/Vasilij-Kandinski-\u2013-Capricious-slike-na-platnu-2-819x1024.jpg 819w, https:\/\/svetslik.si\/wp-content\/uploads\/2021\/09\/Vasilij-Kandinski-\u2013-Capricious-slike-na-platnu-2-768x961.jpg 768w, https:\/\/svetslik.si\/wp-content\/uploads\/2021\/09\/Vasilij-Kandinski-\u2013-Capricious-slike-na-platnu-2-1228x1536.jpg 1228w, https:\/\/svetslik.si\/wp-content\/uploads\/2021\/09\/Vasilij-Kandinski-\u2013-Capricious-slike-na-platnu-2-120x150.jpg 120w\" sizes=\"(max-width: 1500px) 100vw, 1500px\" \/>\t\t\t\t<\/div>\n\t\t\t\t\t\t\t\t\t\t\t<\/div>\n\t<\/div>\n  [\/vc_column][\/vc_row][vc_row css=&#8221;.vc_custom_1742249901845{margin-bottom: 10px !important;}&#8221;][vc_column]\t<div class=\"et-image-806 et-image     et_image_link\">\n\t\t<div class=\"et-image-inner \">\n\t\t\t\t\t\t\t<div class=\"et-image-thumb \">\n\t\t\t\t\t<img decoding=\"async\" width=\"1500\" height=\"1695\" src=\"https:\/\/svetslik.si\/wp-content\/uploads\/2021\/09\/Vasilij-Kandinski-\u2013-Capricious-slike-na-platnu-3.jpg\" class=\"attachment-full\" alt=\"Vasilij Kandinski - Capricious\" title=\"Vasilij Kandinski - Capricious\" srcset=\"https:\/\/svetslik.si\/wp-content\/uploads\/2021\/09\/Vasilij-Kandinski-\u2013-Capricious-slike-na-platnu-3.jpg 1500w, https:\/\/svetslik.si\/wp-content\/uploads\/2021\/09\/Vasilij-Kandinski-\u2013-Capricious-slike-na-platnu-3-600x678.jpg 600w, https:\/\/svetslik.si\/wp-content\/uploads\/2021\/09\/Vasilij-Kandinski-\u2013-Capricious-slike-na-platnu-3-1200x1356.jpg 1200w, https:\/\/svetslik.si\/wp-content\/uploads\/2021\/09\/Vasilij-Kandinski-\u2013-Capricious-slike-na-platnu-3-265x300.jpg 265w, https:\/\/svetslik.si\/wp-content\/uploads\/2021\/09\/Vasilij-Kandinski-\u2013-Capricious-slike-na-platnu-3-906x1024.jpg 906w, https:\/\/svetslik.si\/wp-content\/uploads\/2021\/09\/Vasilij-Kandinski-\u2013-Capricious-slike-na-platnu-3-768x868.jpg 768w, https:\/\/svetslik.si\/wp-content\/uploads\/2021\/09\/Vasilij-Kandinski-\u2013-Capricious-slike-na-platnu-3-1359x1536.jpg 1359w, https:\/\/svetslik.si\/wp-content\/uploads\/2021\/09\/Vasilij-Kandinski-\u2013-Capricious-slike-na-platnu-3-133x150.jpg 133w\" sizes=\"(max-width: 1500px) 100vw, 1500px\" \/>\t\t\t\t<\/div>\n\t\t\t\t\t\t\t\t\t\t\t<\/div>\n\t<\/div>\n  [\/vc_column][\/vc_row][vc_row css=&#8221;.vc_custom_1742249901845{margin-bottom: 10px !important;}&#8221;][vc_column]\t<div class=\"et-image-328 et-image     et_image_link\">\n\t\t<div class=\"et-image-inner \">\n\t\t\t\t\t\t\t<div class=\"et-image-thumb \">\n\t\t\t\t\t<img decoding=\"async\" width=\"1500\" height=\"1125\" src=\"https:\/\/svetslik.si\/wp-content\/uploads\/2021\/09\/Vasilij-Kandinski-\u2013-Capricious-slike-na-platnu-4.jpg\" class=\"attachment-full\" alt=\"Vasilij Kandinski - Capricious\" title=\"Vasilij Kandinski - Capricious\" srcset=\"https:\/\/svetslik.si\/wp-content\/uploads\/2021\/09\/Vasilij-Kandinski-\u2013-Capricious-slike-na-platnu-4.jpg 1500w, https:\/\/svetslik.si\/wp-content\/uploads\/2021\/09\/Vasilij-Kandinski-\u2013-Capricious-slike-na-platnu-4-600x450.jpg 600w, https:\/\/svetslik.si\/wp-content\/uploads\/2021\/09\/Vasilij-Kandinski-\u2013-Capricious-slike-na-platnu-4-1200x900.jpg 1200w, https:\/\/svetslik.si\/wp-content\/uploads\/2021\/09\/Vasilij-Kandinski-\u2013-Capricious-slike-na-platnu-4-300x225.jpg 300w, https:\/\/svetslik.si\/wp-content\/uploads\/2021\/09\/Vasilij-Kandinski-\u2013-Capricious-slike-na-platnu-4-1024x768.jpg 1024w, https:\/\/svetslik.si\/wp-content\/uploads\/2021\/09\/Vasilij-Kandinski-\u2013-Capricious-slike-na-platnu-4-768x576.jpg 768w, https:\/\/svetslik.si\/wp-content\/uploads\/2021\/09\/Vasilij-Kandinski-\u2013-Capricious-slike-na-platnu-4-150x113.jpg 150w\" sizes=\"(max-width: 1500px) 100vw, 1500px\" \/>\t\t\t\t<\/div>\n\t\t\t\t\t\t\t\t\t\t\t<\/div>\n\t<\/div>\n  [\/vc_column][\/vc_row][vc_row][vc_column][vc_column_text]\n<h1>Vasily Kandinsky &#8211; Capriccioso<\/h1>\n<table border=\"0\" width=\"673\" cellspacing=\"0\" cellpadding=\"0\">\n<colgroup>\n<col style=\"width: 135pt;\" width=\"180\" \/>\n<col style=\"width: 370pt;\" width=\"493\" \/> <\/colgroup>\n<tbody>\n<tr>\n<td class=\"xl24\" width=\"180\" height=\"21\">Anno di creazione:<\/td>\n<td class=\"xl25\" width=\"493\">1930<\/td>\n<\/tr>\n<tr>\n<td class=\"xl24\" width=\"180\" height=\"21\">Dimensione originale:<\/td>\n<td class=\"xl24\" width=\"493\">56 cm x 40,5 cm<\/td>\n<\/tr>\n<tr>\n<td class=\"xl24\" width=\"180\" height=\"21\">Stile pittura:<\/td>\n<td class=\"xl24\" width=\"493\">Arte astratta<\/td>\n<\/tr>\n<tr>\n<td class=\"xl24\" width=\"180\" height=\"21\">Tecnica originale:<\/td>\n<td>Olio su tela<\/td>\n<\/tr>\n<tr>\n<td class=\"xl24\" width=\"180\" height=\"21\">Situato:<\/td>\n<td>Museo Boymans-van Beunigen, Rotterdam.<\/td>\n<\/tr>\n<\/tbody>\n<\/table>\n<p>Wassily Kandinsky \u00e8 uno degli artisti pi\u00f9 famosi e influenti del XX secolo. Il suo dipinto &#8220;Capricious&#8221; \u00e8 un eccellente esempio del suo stile unico e del suo approccio all&#8217;arte.<\/p>\n<p>&#8220;Whimsical&#8221; \u00e8 un dipinto dinamico e astratto che mette in mostra l&#8217;uso di Kandinsky di colori audaci e forme geometriche. L&#8217;immagine presenta un mix di cerchi, quadrati e rettangoli nei toni del blu, rosso e giallo. Le forme sembrano essere in movimento, creando un senso di movimento ed energia sulla tela.<\/p>\n<p>L&#8217;uso dei colori da parte di Kandinsky nel dipinto &#8220;Whimsical&#8221; \u00e8 particolarmente evidente. Credeva che il colore avesse il potere di evocare emozioni ed esprimere stati spirituali. I colori vibranti di questo dipinto creano un senso di eccitazione e movimento, rendendolo un&#8217;opera d&#8217;arte davvero affascinante.<\/p>\n<p>Vale la pena menzionare anche la tecnica pittorica di Kandinsky. Ha usato una variet\u00e0 di pennellate e tecniche per creare consistenza e profondit\u00e0 nel suo lavoro. Le pennellate nel dipinto &#8220;Capricious&#8221; sono sciolte e impastate, il che aumenta il senso di movimento ed energia sulla tela.<\/p>\n<p>&#8220;Whimsical&#8221; \u00e8 un eccellente esempio dello stile unico e dell&#8217;approccio all&#8217;arte di Kandinsky. Il suo uso del colore, della forma e della tecnica rendono questo dipinto un vero capolavoro. Il dipinto \u00e8 un must per chiunque sia interessato all&#8217;arte astratta e al lavoro di Wassily Kandinsky. I visitatori possono trovare questo dipinto in vari musei d&#8217;arte in tutto il mondo e anche nelle collezioni online.<\/p>\n<\/div>","protected":false},"excerpt":{"rendered":"<p>[vc_row css=&#8221;.vc_custom_1742249901845{margin-bottom: 10px !important;}&#8221;][vc_column][\/vc_column][\/vc_row][vc_row css=&#8221;.vc_custom_1742249901845{margin-bottom: 10px !important;}&#8221;][vc_column][\/vc_column][\/vc_row][vc_row css=&#8221;.vc_custom_1742249901845{margin-bottom: 10px !important;}&#8221;][vc_column][\/vc_column][\/vc_row][vc_row css=&#8221;.vc_custom_1742249901845{margin-bottom: 10px !important;}&#8221;][vc_column][\/vc_column][\/vc_row][vc_row][vc_column][vc_column_text] Vasily Kandinsky &#8211; Capriccioso Anno di creazione: 1930 Dimensione originale: 56 cm x 40,5 cm Stile pittura: Arte astratta Tecnica originale: Olio su tela Situato: Museo Boymans-van Beunigen, Rotterdam. Wassily Kandinsky \u00e8 uno degli artisti pi\u00f9 famosi [&hellip;]<\/p>\n","protected":false},"featured_media":34973,"template":"","meta":{"_acf_changed":false},"product_brand":[],"product_cat":[4188],"product_tag":[4222,4223,4246,4245,4253],"class_list":{"0":"post-38424","1":"product","2":"type-product","3":"status-publish","4":"has-post-thumbnail","6":"product_cat-vasilij-kandinski","7":"product_tag-kandinski-it","8":"product_tag-kandinsky-it","9":"product_tag-riproduzione-it","10":"product_tag-riproduzione","11":"product_tag-un-pittore","12":"pa_dimenzija-120-x-90-cm-it","13":"pa_dimenzija-150-x-110-cm-it","14":"pa_dimenzija-40-x-30-cm-it","15":"pa_dimenzija-50-x-40-cm-it","16":"pa_dimenzija-56-x-41-cm-it","17":"pa_dimenzija-70-x-50-cm-it","18":"pa_dimenzija-80-x-60-cm-it","19":"pa_dimenzija-90-x-70-cm-it","20":"pa_oblika-orizzontale","21":"pa_okvir-sensa-cornice","22":"pa_podokvir-no","23":"pa_podokvir-si","25":"first","26":"onbackorder","27":"purchasable","28":"product-type-variable","29":"has-default-attributes"},"acf":[],"yoast_head":"<!-- This site is optimized with the Yoast SEO Premium plugin v26.0 (Yoast SEO v27.2) - https:\/\/yoast.com\/product\/yoast-seo-premium-wordpress\/ -->\n<title>Vasilij Kandinski - Capricious - SVETSLIK.SI - Dipinti a mano al 100%<\/title>\n<meta name=\"description\" content=\"Vasilij Kandinski - Capricious - Riproduzioni di quadri d&#039;arte dipinte a mano al 100% su tela. Cornici per quadri, vendita e produzione di dimensioni su ordinazione.\" \/>\n<meta name=\"robots\" content=\"index, follow, max-snippet:-1, max-image-preview:large, max-video-preview:-1\" \/>\n<link rel=\"canonical\" href=\"https:\/\/svetslik.si\/it\/vasilij-kandinski\/capricious\/\" \/>\n<meta property=\"og:locale\" content=\"it_IT\" \/>\n<meta property=\"og:type\" content=\"article\" \/>\n<meta property=\"og:title\" content=\"Vasilij Kandinski - Capricious\" \/>\n<meta property=\"og:description\" content=\"100% ro\u010dno naslikane slike na platnu, reprodukcije znanih slikarjev in umetni\u0161ke slike po naro\u010dilu.\" \/>\n<meta property=\"og:url\" content=\"https:\/\/svetslik.si\/it\/vasilij-kandinski\/capricious\/\" \/>\n<meta property=\"og:site_name\" content=\"SVETSLIK.SI\" \/>\n<meta property=\"article:publisher\" content=\"https:\/\/www.facebook.com\/svetslik.si\" \/>\n<meta property=\"article:modified_time\" content=\"2026-03-22T20:10:08+00:00\" \/>\n<meta property=\"og:image\" content=\"https:\/\/svetslik.si\/wp-content\/uploads\/2021\/08\/image_Capricious_680.jpg\" \/>\n\t<meta property=\"og:image:width\" content=\"1400\" \/>\n\t<meta property=\"og:image:height\" content=\"1002\" \/>\n\t<meta property=\"og:image:type\" content=\"image\/jpeg\" \/>\n<meta name=\"twitter:card\" content=\"summary_large_image\" \/>\n<meta name=\"twitter:site\" content=\"@svetslik\" \/>\n<meta name=\"twitter:label1\" content=\"Disponibilit\u00e0\" \/>\n\t<meta name=\"twitter:data1\" content=\"Su ordinazione\" \/>\n<script type=\"application\/ld+json\" class=\"yoast-schema-graph\">{\"@context\":\"https:\/\/schema.org\",\"@graph\":[{\"@type\":[\"WebPage\",\"ItemPage\"],\"@id\":\"https:\/\/svetslik.si\/it\/vasilij-kandinski\/capricious\/\",\"url\":\"https:\/\/svetslik.si\/it\/vasilij-kandinski\/capricious\/\",\"name\":\"Vasilij Kandinski - Capricious - SVETSLIK.SI - Dipinti a mano al 100%\",\"isPartOf\":{\"@id\":\"https:\/\/svetslik.si\/it\/#website\"},\"primaryImageOfPage\":{\"@id\":\"https:\/\/svetslik.si\/it\/vasilij-kandinski\/capricious\/#primaryimage\"},\"image\":{\"@id\":\"https:\/\/svetslik.si\/it\/vasilij-kandinski\/capricious\/#primaryimage\"},\"thumbnailUrl\":\"https:\/\/svetslik.si\/wp-content\/uploads\/2021\/08\/image_Capricious_680.jpg\",\"datePublished\":\"2021-09-02T15:44:27+00:00\",\"dateModified\":\"2026-03-22T20:10:08+00:00\",\"description\":\"Vasilij Kandinski - Capricious - Riproduzioni di quadri d'arte dipinte a mano al 100% su tela. Cornici per quadri, vendita e produzione di dimensioni su ordinazione.\",\"breadcrumb\":{\"@id\":\"https:\/\/svetslik.si\/it\/vasilij-kandinski\/capricious\/#breadcrumb\"},\"inLanguage\":\"it-IT\",\"potentialAction\":[{\"@type\":\"ReadAction\",\"target\":[\"https:\/\/svetslik.si\/it\/vasilij-kandinski\/capricious\/\"]}]},{\"@type\":\"ImageObject\",\"inLanguage\":\"it-IT\",\"@id\":\"https:\/\/svetslik.si\/it\/vasilij-kandinski\/capricious\/#primaryimage\",\"url\":\"https:\/\/svetslik.si\/wp-content\/uploads\/2021\/08\/image_Capricious_680.jpg\",\"contentUrl\":\"https:\/\/svetslik.si\/wp-content\/uploads\/2021\/08\/image_Capricious_680.jpg\",\"width\":1400,\"height\":1002,\"caption\":\"Vasilij Kandinskij - Capriccioso - Dipinti murali dipinti a mano, Olio su tela, Quadri d'arte moderna, Quadri per pareti, Dipinti ambientali, Quadri astratti, Quadri decorativi\"},{\"@type\":\"BreadcrumbList\",\"@id\":\"https:\/\/svetslik.si\/it\/vasilij-kandinski\/capricious\/#breadcrumb\",\"itemListElement\":[{\"@type\":\"ListItem\",\"position\":1,\"name\":\"Fali m\u0171v\u00e9szet \u00e9s festm\u00e9nyek v\u00e1szonra\",\"item\":\"https:\/\/svetslik.si\/it\/\"},{\"@type\":\"ListItem\",\"position\":2,\"name\":\"Vendita di dipinti\",\"item\":\"https:\/\/svetslik.si\/prodaja-slik\/\"},{\"@type\":\"ListItem\",\"position\":3,\"name\":\"Vasilij Kandinski &#8211; Capricious\"}]},{\"@type\":\"WebSite\",\"@id\":\"https:\/\/svetslik.si\/it\/#website\",\"url\":\"https:\/\/svetslik.si\/it\/\",\"name\":\"SVETSLIK.SI\",\"description\":\"100% riproduzioni dipinte a mano di quadri di pittori famosi e dipinti su tela.\",\"publisher\":{\"@id\":\"https:\/\/svetslik.si\/it\/#organization\"},\"potentialAction\":[{\"@type\":\"SearchAction\",\"target\":{\"@type\":\"EntryPoint\",\"urlTemplate\":\"https:\/\/svetslik.si\/it\/?s={search_term_string}\"},\"query-input\":{\"@type\":\"PropertyValueSpecification\",\"valueRequired\":true,\"valueName\":\"search_term_string\"}}],\"inLanguage\":\"it-IT\"},{\"@type\":\"Organization\",\"@id\":\"https:\/\/svetslik.si\/it\/#organization\",\"name\":\"SvetSlik.si\",\"url\":\"https:\/\/svetslik.si\/it\/\",\"logo\":{\"@type\":\"ImageObject\",\"inLanguage\":\"it-IT\",\"@id\":\"https:\/\/svetslik.si\/it\/#\/schema\/logo\/image\/\",\"url\":\"https:\/\/svetslik.si\/wp-content\/uploads\/2020\/12\/logo-512.png\",\"contentUrl\":\"https:\/\/svetslik.si\/wp-content\/uploads\/2020\/12\/logo-512.png\",\"width\":512,\"height\":512,\"caption\":\"SvetSlik.si\"},\"image\":{\"@id\":\"https:\/\/svetslik.si\/it\/#\/schema\/logo\/image\/\"},\"sameAs\":[\"https:\/\/www.facebook.com\/svetslik.si\",\"https:\/\/x.com\/svetslik\",\"https:\/\/www.instagram.com\/svetslik.si\/\",\"https:\/\/www.linkedin.com\/company\/svetslik-si\"]}]}<\/script>\n<meta property=\"og:availability\" content=\"backorder\" \/>\n<meta property=\"product:availability\" content=\"available for order\" \/>\n<meta property=\"product:retailer_item_id\" content=\"102__\" \/>\n<meta property=\"product:condition\" content=\"new\" \/>\n<!-- \/ Yoast SEO Premium plugin. -->","yoast_head_json":{"title":"Vasilij Kandinski - Capricious - SVETSLIK.SI - Dipinti a mano al 100%","description":"Vasilij Kandinski - Capricious - Riproduzioni di quadri d'arte dipinte a mano al 100% su tela. Cornici per quadri, vendita e produzione di dimensioni su ordinazione.","robots":{"index":"index","follow":"follow","max-snippet":"max-snippet:-1","max-image-preview":"max-image-preview:large","max-video-preview":"max-video-preview:-1"},"canonical":"https:\/\/svetslik.si\/it\/vasilij-kandinski\/capricious\/","og_locale":"it_IT","og_type":"article","og_title":"Vasilij Kandinski - Capricious","og_description":"100% ro\u010dno naslikane slike na platnu, reprodukcije znanih slikarjev in umetni\u0161ke slike po naro\u010dilu.","og_url":"https:\/\/svetslik.si\/it\/vasilij-kandinski\/capricious\/","og_site_name":"SVETSLIK.SI","article_publisher":"https:\/\/www.facebook.com\/svetslik.si","article_modified_time":"2026-03-22T20:10:08+00:00","og_image":[{"width":1400,"height":1002,"url":"https:\/\/svetslik.si\/wp-content\/uploads\/2021\/08\/image_Capricious_680.jpg","type":"image\/jpeg"}],"twitter_card":"summary_large_image","twitter_site":"@svetslik","twitter_misc":{"Disponibilit\u00e0":"Su ordinazione"},"schema":{"@context":"https:\/\/schema.org","@graph":[{"@type":["WebPage","ItemPage"],"@id":"https:\/\/svetslik.si\/it\/vasilij-kandinski\/capricious\/","url":"https:\/\/svetslik.si\/it\/vasilij-kandinski\/capricious\/","name":"Vasilij Kandinski - Capricious - SVETSLIK.SI - Dipinti a mano al 100%","isPartOf":{"@id":"https:\/\/svetslik.si\/it\/#website"},"primaryImageOfPage":{"@id":"https:\/\/svetslik.si\/it\/vasilij-kandinski\/capricious\/#primaryimage"},"image":{"@id":"https:\/\/svetslik.si\/it\/vasilij-kandinski\/capricious\/#primaryimage"},"thumbnailUrl":"https:\/\/svetslik.si\/wp-content\/uploads\/2021\/08\/image_Capricious_680.jpg","datePublished":"2021-09-02T15:44:27+00:00","dateModified":"2026-03-22T20:10:08+00:00","description":"Vasilij Kandinski - Capricious - Riproduzioni di quadri d'arte dipinte a mano al 100% su tela. Cornici per quadri, vendita e produzione di dimensioni su ordinazione.","breadcrumb":{"@id":"https:\/\/svetslik.si\/it\/vasilij-kandinski\/capricious\/#breadcrumb"},"inLanguage":"it-IT","potentialAction":[{"@type":"ReadAction","target":["https:\/\/svetslik.si\/it\/vasilij-kandinski\/capricious\/"]}]},{"@type":"ImageObject","inLanguage":"it-IT","@id":"https:\/\/svetslik.si\/it\/vasilij-kandinski\/capricious\/#primaryimage","url":"https:\/\/svetslik.si\/wp-content\/uploads\/2021\/08\/image_Capricious_680.jpg","contentUrl":"https:\/\/svetslik.si\/wp-content\/uploads\/2021\/08\/image_Capricious_680.jpg","width":1400,"height":1002,"caption":"Vasilij Kandinskij - Capriccioso - Dipinti murali dipinti a mano, Olio su tela, Quadri d'arte moderna, Quadri per pareti, Dipinti ambientali, Quadri astratti, Quadri decorativi"},{"@type":"BreadcrumbList","@id":"https:\/\/svetslik.si\/it\/vasilij-kandinski\/capricious\/#breadcrumb","itemListElement":[{"@type":"ListItem","position":1,"name":"Fali m\u0171v\u00e9szet \u00e9s festm\u00e9nyek v\u00e1szonra","item":"https:\/\/svetslik.si\/it\/"},{"@type":"ListItem","position":2,"name":"Vendita di dipinti","item":"https:\/\/svetslik.si\/prodaja-slik\/"},{"@type":"ListItem","position":3,"name":"Vasilij Kandinski &#8211; Capricious"}]},{"@type":"WebSite","@id":"https:\/\/svetslik.si\/it\/#website","url":"https:\/\/svetslik.si\/it\/","name":"SVETSLIK.SI","description":"100% riproduzioni dipinte a mano di quadri di pittori famosi e dipinti su tela.","publisher":{"@id":"https:\/\/svetslik.si\/it\/#organization"},"potentialAction":[{"@type":"SearchAction","target":{"@type":"EntryPoint","urlTemplate":"https:\/\/svetslik.si\/it\/?s={search_term_string}"},"query-input":{"@type":"PropertyValueSpecification","valueRequired":true,"valueName":"search_term_string"}}],"inLanguage":"it-IT"},{"@type":"Organization","@id":"https:\/\/svetslik.si\/it\/#organization","name":"SvetSlik.si","url":"https:\/\/svetslik.si\/it\/","logo":{"@type":"ImageObject","inLanguage":"it-IT","@id":"https:\/\/svetslik.si\/it\/#\/schema\/logo\/image\/","url":"https:\/\/svetslik.si\/wp-content\/uploads\/2020\/12\/logo-512.png","contentUrl":"https:\/\/svetslik.si\/wp-content\/uploads\/2020\/12\/logo-512.png","width":512,"height":512,"caption":"SvetSlik.si"},"image":{"@id":"https:\/\/svetslik.si\/it\/#\/schema\/logo\/image\/"},"sameAs":["https:\/\/www.facebook.com\/svetslik.si","https:\/\/x.com\/svetslik","https:\/\/www.instagram.com\/svetslik.si\/","https:\/\/www.linkedin.com\/company\/svetslik-si"]}]},"og_availability":"backorder","product_availability":"available for order","product_retailer_item_id":"102__","product_condition":"new"},"jetpack_sharing_enabled":true,"_links":{"self":[{"href":"https:\/\/svetslik.si\/it\/wp-json\/wp\/v2\/product\/38424","targetHints":{"allow":["GET"]}}],"collection":[{"href":"https:\/\/svetslik.si\/it\/wp-json\/wp\/v2\/product"}],"about":[{"href":"https:\/\/svetslik.si\/it\/wp-json\/wp\/v2\/types\/product"}],"wp:featuredmedia":[{"embeddable":true,"href":"https:\/\/svetslik.si\/it\/wp-json\/wp\/v2\/media\/34973"}],"wp:attachment":[{"href":"https:\/\/svetslik.si\/it\/wp-json\/wp\/v2\/media?parent=38424"}],"wp:term":[{"taxonomy":"product_brand","embeddable":true,"href":"https:\/\/svetslik.si\/it\/wp-json\/wp\/v2\/product_brand?post=38424"},{"taxonomy":"product_cat","embeddable":true,"href":"https:\/\/svetslik.si\/it\/wp-json\/wp\/v2\/product_cat?post=38424"},{"taxonomy":"product_tag","embeddable":true,"href":"https:\/\/svetslik.si\/it\/wp-json\/wp\/v2\/product_tag?post=38424"}],"curies":[{"name":"wp","href":"https:\/\/api.w.org\/{rel}","templated":true}]}}