{"id":38451,"date":"2021-09-02T17:46:07","date_gmt":"2021-09-02T15:46:07","guid":{"rendered":"https:\/\/svetslik.si\/senza-categoria\/the-last-supper\/"},"modified":"2025-11-02T21:59:48","modified_gmt":"2025-11-02T20:59:48","slug":"leonardo-da-vinci-ultima-cena-lultima-cena","status":"publish","type":"product","link":"https:\/\/svetslik.si\/it\/leonardo-da-vinci\/leonardo-da-vinci-ultima-cena-lultima-cena\/","title":{"rendered":"Leonardo da Vinci &#8211; Ultima cena &#8211; L&#8217;ultima cena"},"content":{"rendered":"<div class=\"wpb-content-wrapper\">[vc_row][vc_column][vc_column_text css=&#8221;&#8221;]\n<p data-pm-slice=\"1 1 []\"><div class=\"yt-lazy-video ratio-square\" data-id=\"B9hfmKw-86w\"><\/div>\n[\/vc_column][\/vc_row][vc_row][vc_column][vc_column_text]\n<h1>L&#8217;Ultima Cena &#8211; Leonardo da Vinci<\/h1>\n<p>&nbsp;<\/p>\n<table>\n<tbody>\n<tr>\n<td>Anno di creazione:<\/td>\n<td>circa 1500<\/td>\n<\/tr>\n<tr>\n<td>Dimensione originale:<\/td>\n<td>794 cm x 418 cm<\/td>\n<\/tr>\n<tr>\n<td>Stile colore:<\/td>\n<td>Alto Rinascimento<\/td>\n<\/tr>\n<tr>\n<td>Tecnica originale:<\/td>\n<td>Olio su tela<\/td>\n<\/tr>\n<tr>\n<td>Situato:<\/td>\n<td>Museo Da Vinci, Tongerlo<\/td>\n<\/tr>\n<\/tbody>\n<colgroup>\n<col \/>\n<col \/> <\/colgroup>\n<\/table>\n<p>&nbsp;<\/p>\n<p>La rappresentazione dell&#8217;<strong> Ultima Cena <\/strong> nell&#8217;arte cristiana \u00e8 stata affrontata da vari pittori<strong>per diversi secoli, <\/strong>tuttavia, il pi\u00f9 famoso affresco di <strong>Leonardo da Vinci<\/strong> dalla fine del 1490 a Milano, in Italia.<\/p>\n<p><strong>L&#8217;Ultima Cena<\/strong> \u00e8, accanto alla <strong>Gioconda<\/strong>, il dipinto pi\u00f9 famoso di <strong>Leonardo da Vinci<\/strong>. Si tratta di un affresco di dimensioni originali 460\u00d7880 cm. Si trova nel convento domenicano accanto alla chiesa di Santa Maria della Grazia a Milano.<\/p>\n<p>Il dipinto\/affresco mostra danni e perdita di vernice, che \u00e8 il risultato del tentativo di Leonardo di utilizzare colori di nuova concezione per la pittura. <strong>Leonardo<\/strong> dipinse &#8220;L&#8217;ultima cena&#8221; con una miscela di olio e tempera. La combinazione di colori \u00e8 barriera al vapore e lo strato di vernice non \u00e8 riuscito a rimuovere sufficientemente l&#8217;umidit\u00e0 dal muro. Il risultato \u00e8 lo sfaldamento della corteccia, visibile e presente ancora oggi.<\/p>\n<p>L&#8217;affresco \u00e8 l&#8217;opera importante e spesso analizzata di <strong>da Vinci<\/strong> del suo periodo milanese. Contrariamente alla consueta interpretazione dell&#8217;<strong>Ultima Cena<\/strong>, scelse il momento in cui <strong>Ges\u00f9<\/strong> informa i suoi discepoli che uno di loro lo tradir\u00e0.<\/p>\n<p>Il gruppo sull&#8217;affresco \u00e8 caratterizzato e significativo dai gesti dei partecipanti e dalle espressioni facciali mai rappresentate prima in questa forma.<\/p>\n<p>Bench\u00e9 <strong>Leonardo<\/strong> dividesse gli apostoli in quattro gruppi netti di tre persone ciascuno, e creasse cos\u00ec un effetto di non costrizione, essi restavano uniti nel loro insieme da gesti diversi.<\/p>\n<p>Lo spettatore dell&#8217;affresco pu\u00f2 sentire la tensione all&#8217;interno del gruppo, al centro del quale c&#8217;\u00e8 solo <strong>Cristo<\/strong>, bilanciare la situazione e offrire una soluzione.<\/p>\n<p>L&#8217;affresco dell&#8217;Ultima Cena ha fortemente influenzato lo sviluppo e la creazione del cristianesimo. La messa come la conosciamo oggi si \u00e8 formata dai riti che seguivano la raffigurazione della socializzazione a cena nel dipinto.<\/p>\n<p>Il dipinto ha ispirato anche altri pittori nel corso della storia, che lo hanno interpretato a modo loro, ma sono rimasti fedeli alla sua idea originale.&#8221;<\/p>\n<\/div>","protected":false},"excerpt":{"rendered":"<p>[vc_row][vc_column][vc_column_text css=&#8221;&#8221;] [\/vc_column][\/vc_row][vc_row][vc_column][vc_column_text] L&#8217;Ultima Cena &#8211; Leonardo da Vinci &nbsp; Anno di creazione: circa 1500 Dimensione originale: 794 cm x 418 cm Stile colore: Alto Rinascimento Tecnica originale: Olio su tela Situato: Museo Da Vinci, Tongerlo &nbsp; La rappresentazione dell&#8217; Ultima Cena nell&#8217;arte cristiana \u00e8 stata affrontata da vari pittoriper [&hellip;]<\/p>\n","protected":false},"featured_media":36379,"template":"","meta":{"_acf_changed":false},"product_brand":[],"product_cat":[4184,4195],"product_tag":[4214,4245,4246,4253],"class_list":{"0":"post-38451","1":"product","2":"type-product","3":"status-publish","4":"has-post-thumbnail","6":"product_cat-leonardo-da-vinci","7":"product_cat-quadri-religiose","8":"product_tag-da-vinci-it","9":"product_tag-riproduzione","10":"product_tag-riproduzione-it","11":"product_tag-un-pittore","12":"pa_dimenzija-100-x-50-cm-it","13":"pa_dimenzija-120-x-60-cm-it","14":"pa_dimenzija-140-x-70-cm-it","15":"pa_dimenzija-160-x-80-cm-it","16":"pa_dimenzija-200-x-100-cm-it","17":"pa_dimenzija-250-x-130-cm-it","18":"pa_dimenzija-300-x-160-cm-it","19":"pa_dimenzija-350-x-180-cm-it","20":"pa_dimenzija-400-x-210-cm-it","21":"pa_oblika-orizzontale","22":"pa_okvir-sensa-cornice","23":"pa_podokvir-no","24":"pa_podokvir-si","26":"first","27":"onbackorder","28":"purchasable","29":"product-type-variable","30":"has-default-attributes"},"acf":[],"yoast_head":"<!-- This site is optimized with the Yoast SEO Premium plugin v26.0 (Yoast SEO v27.2) - https:\/\/yoast.com\/product\/yoast-seo-premium-wordpress\/ -->\n<title>Leonardo da Vinci - Ultima cena - L&#039;ultima cena - SVETSLIK.SI - Dipinti a mano al 100%<\/title>\n<meta name=\"description\" content=\"Leonardo da Vinci - Ultima cena - L&#039;ultima cena - Riproduzioni di quadri d&#039;arte dipinte a mano al 100% su tela. Cornici per quadri, vendita e produzione di dimensioni su ordinazione.\" \/>\n<meta name=\"robots\" content=\"index, follow, max-snippet:-1, max-image-preview:large, max-video-preview:-1\" \/>\n<link rel=\"canonical\" href=\"https:\/\/svetslik.si\/it\/leonardo-da-vinci\/leonardo-da-vinci-ultima-cena-lultima-cena\/\" \/>\n<meta property=\"og:locale\" content=\"it_IT\" \/>\n<meta property=\"og:type\" content=\"article\" \/>\n<meta property=\"og:title\" content=\"Leonardo da Vinci - Ultima cena - L&#039;ultima cena\" \/>\n<meta property=\"og:description\" content=\"100% ro\u010dno naslikane slike na platnu, reprodukcije znanih slikarjev in umetni\u0161ke slike po naro\u010dilu.\" \/>\n<meta property=\"og:url\" content=\"https:\/\/svetslik.si\/it\/leonardo-da-vinci\/leonardo-da-vinci-ultima-cena-lultima-cena\/\" \/>\n<meta property=\"og:site_name\" content=\"SVETSLIK.SI\" \/>\n<meta property=\"article:publisher\" content=\"https:\/\/www.facebook.com\/svetslik.si\" \/>\n<meta property=\"article:modified_time\" content=\"2025-11-02T20:59:48+00:00\" \/>\n<meta property=\"og:image\" content=\"https:\/\/svetslik.si\/wp-content\/uploads\/2021\/09\/zadnja-vecerja-The_Last_Supper_-_Leonardo_Da_Vinci_-_High_Resolution_32x16.jpg\" \/>\n\t<meta property=\"og:image:width\" content=\"1000\" \/>\n\t<meta property=\"og:image:height\" content=\"500\" \/>\n\t<meta property=\"og:image:type\" content=\"image\/jpeg\" \/>\n<meta name=\"twitter:card\" content=\"summary_large_image\" \/>\n<meta name=\"twitter:site\" content=\"@svetslik\" \/>\n<meta name=\"twitter:label1\" content=\"Disponibilit\u00e0\" \/>\n\t<meta name=\"twitter:data1\" content=\"Su ordinazione\" \/>\n<script type=\"application\/ld+json\" class=\"yoast-schema-graph\">{\"@context\":\"https:\/\/schema.org\",\"@graph\":[{\"@type\":[\"WebPage\",\"ItemPage\"],\"@id\":\"https:\/\/svetslik.si\/it\/leonardo-da-vinci\/leonardo-da-vinci-ultima-cena-lultima-cena\/\",\"url\":\"https:\/\/svetslik.si\/it\/leonardo-da-vinci\/leonardo-da-vinci-ultima-cena-lultima-cena\/\",\"name\":\"Leonardo da Vinci - Ultima cena - L'ultima cena - SVETSLIK.SI - Dipinti a mano al 100%\",\"isPartOf\":{\"@id\":\"https:\/\/svetslik.si\/it\/#website\"},\"primaryImageOfPage\":{\"@id\":\"https:\/\/svetslik.si\/it\/leonardo-da-vinci\/leonardo-da-vinci-ultima-cena-lultima-cena\/#primaryimage\"},\"image\":{\"@id\":\"https:\/\/svetslik.si\/it\/leonardo-da-vinci\/leonardo-da-vinci-ultima-cena-lultima-cena\/#primaryimage\"},\"thumbnailUrl\":\"https:\/\/svetslik.si\/wp-content\/uploads\/2021\/09\/zadnja-vecerja-The_Last_Supper_-_Leonardo_Da_Vinci_-_High_Resolution_32x16.jpg\",\"datePublished\":\"2021-09-02T15:46:07+00:00\",\"dateModified\":\"2025-11-02T20:59:48+00:00\",\"description\":\"Leonardo da Vinci - Ultima cena - L'ultima cena - Riproduzioni di quadri d'arte dipinte a mano al 100% su tela. Cornici per quadri, vendita e produzione di dimensioni su ordinazione.\",\"breadcrumb\":{\"@id\":\"https:\/\/svetslik.si\/it\/leonardo-da-vinci\/leonardo-da-vinci-ultima-cena-lultima-cena\/#breadcrumb\"},\"inLanguage\":\"it-IT\",\"potentialAction\":[{\"@type\":\"ReadAction\",\"target\":[\"https:\/\/svetslik.si\/it\/leonardo-da-vinci\/leonardo-da-vinci-ultima-cena-lultima-cena\/\"]}]},{\"@type\":\"ImageObject\",\"inLanguage\":\"it-IT\",\"@id\":\"https:\/\/svetslik.si\/it\/leonardo-da-vinci\/leonardo-da-vinci-ultima-cena-lultima-cena\/#primaryimage\",\"url\":\"https:\/\/svetslik.si\/wp-content\/uploads\/2021\/09\/zadnja-vecerja-The_Last_Supper_-_Leonardo_Da_Vinci_-_High_Resolution_32x16.jpg\",\"contentUrl\":\"https:\/\/svetslik.si\/wp-content\/uploads\/2021\/09\/zadnja-vecerja-The_Last_Supper_-_Leonardo_Da_Vinci_-_High_Resolution_32x16.jpg\",\"width\":1000,\"height\":500,\"caption\":\"Leonardo da Vinci - L'ultima cena\"},{\"@type\":\"BreadcrumbList\",\"@id\":\"https:\/\/svetslik.si\/it\/leonardo-da-vinci\/leonardo-da-vinci-ultima-cena-lultima-cena\/#breadcrumb\",\"itemListElement\":[{\"@type\":\"ListItem\",\"position\":1,\"name\":\"Fali m\u0171v\u00e9szet \u00e9s festm\u00e9nyek v\u00e1szonra\",\"item\":\"https:\/\/svetslik.si\/it\/\"},{\"@type\":\"ListItem\",\"position\":2,\"name\":\"Vendita di dipinti\",\"item\":\"https:\/\/svetslik.si\/prodaja-slik\/\"},{\"@type\":\"ListItem\",\"position\":3,\"name\":\"Leonardo da Vinci &#8211; Ultima cena &#8211; L&#8217;ultima cena\"}]},{\"@type\":\"WebSite\",\"@id\":\"https:\/\/svetslik.si\/it\/#website\",\"url\":\"https:\/\/svetslik.si\/it\/\",\"name\":\"SVETSLIK.SI\",\"description\":\"100% riproduzioni dipinte a mano di quadri di pittori famosi e dipinti su tela.\",\"publisher\":{\"@id\":\"https:\/\/svetslik.si\/it\/#organization\"},\"potentialAction\":[{\"@type\":\"SearchAction\",\"target\":{\"@type\":\"EntryPoint\",\"urlTemplate\":\"https:\/\/svetslik.si\/it\/?s={search_term_string}\"},\"query-input\":{\"@type\":\"PropertyValueSpecification\",\"valueRequired\":true,\"valueName\":\"search_term_string\"}}],\"inLanguage\":\"it-IT\"},{\"@type\":\"Organization\",\"@id\":\"https:\/\/svetslik.si\/it\/#organization\",\"name\":\"SvetSlik.si\",\"url\":\"https:\/\/svetslik.si\/it\/\",\"logo\":{\"@type\":\"ImageObject\",\"inLanguage\":\"it-IT\",\"@id\":\"https:\/\/svetslik.si\/it\/#\/schema\/logo\/image\/\",\"url\":\"https:\/\/svetslik.si\/wp-content\/uploads\/2020\/12\/logo-512.png\",\"contentUrl\":\"https:\/\/svetslik.si\/wp-content\/uploads\/2020\/12\/logo-512.png\",\"width\":512,\"height\":512,\"caption\":\"SvetSlik.si\"},\"image\":{\"@id\":\"https:\/\/svetslik.si\/it\/#\/schema\/logo\/image\/\"},\"sameAs\":[\"https:\/\/www.facebook.com\/svetslik.si\",\"https:\/\/x.com\/svetslik\",\"https:\/\/www.instagram.com\/svetslik.si\/\",\"https:\/\/www.linkedin.com\/company\/svetslik-si\"]}]}<\/script>\n<meta property=\"og:availability\" content=\"backorder\" \/>\n<meta property=\"product:availability\" content=\"available for order\" \/>\n<meta property=\"product:retailer_item_id\" content=\"138__\" \/>\n<meta property=\"product:condition\" content=\"new\" \/>\n<!-- \/ Yoast SEO Premium plugin. -->","yoast_head_json":{"title":"Leonardo da Vinci - Ultima cena - L'ultima cena - SVETSLIK.SI - Dipinti a mano al 100%","description":"Leonardo da Vinci - Ultima cena - L'ultima cena - Riproduzioni di quadri d'arte dipinte a mano al 100% su tela. Cornici per quadri, vendita e produzione di dimensioni su ordinazione.","robots":{"index":"index","follow":"follow","max-snippet":"max-snippet:-1","max-image-preview":"max-image-preview:large","max-video-preview":"max-video-preview:-1"},"canonical":"https:\/\/svetslik.si\/it\/leonardo-da-vinci\/leonardo-da-vinci-ultima-cena-lultima-cena\/","og_locale":"it_IT","og_type":"article","og_title":"Leonardo da Vinci - Ultima cena - L'ultima cena","og_description":"100% ro\u010dno naslikane slike na platnu, reprodukcije znanih slikarjev in umetni\u0161ke slike po naro\u010dilu.","og_url":"https:\/\/svetslik.si\/it\/leonardo-da-vinci\/leonardo-da-vinci-ultima-cena-lultima-cena\/","og_site_name":"SVETSLIK.SI","article_publisher":"https:\/\/www.facebook.com\/svetslik.si","article_modified_time":"2025-11-02T20:59:48+00:00","og_image":[{"width":1000,"height":500,"url":"https:\/\/svetslik.si\/wp-content\/uploads\/2021\/09\/zadnja-vecerja-The_Last_Supper_-_Leonardo_Da_Vinci_-_High_Resolution_32x16.jpg","type":"image\/jpeg"}],"twitter_card":"summary_large_image","twitter_site":"@svetslik","twitter_misc":{"Disponibilit\u00e0":"Su ordinazione"},"schema":{"@context":"https:\/\/schema.org","@graph":[{"@type":["WebPage","ItemPage"],"@id":"https:\/\/svetslik.si\/it\/leonardo-da-vinci\/leonardo-da-vinci-ultima-cena-lultima-cena\/","url":"https:\/\/svetslik.si\/it\/leonardo-da-vinci\/leonardo-da-vinci-ultima-cena-lultima-cena\/","name":"Leonardo da Vinci - Ultima cena - L'ultima cena - SVETSLIK.SI - Dipinti a mano al 100%","isPartOf":{"@id":"https:\/\/svetslik.si\/it\/#website"},"primaryImageOfPage":{"@id":"https:\/\/svetslik.si\/it\/leonardo-da-vinci\/leonardo-da-vinci-ultima-cena-lultima-cena\/#primaryimage"},"image":{"@id":"https:\/\/svetslik.si\/it\/leonardo-da-vinci\/leonardo-da-vinci-ultima-cena-lultima-cena\/#primaryimage"},"thumbnailUrl":"https:\/\/svetslik.si\/wp-content\/uploads\/2021\/09\/zadnja-vecerja-The_Last_Supper_-_Leonardo_Da_Vinci_-_High_Resolution_32x16.jpg","datePublished":"2021-09-02T15:46:07+00:00","dateModified":"2025-11-02T20:59:48+00:00","description":"Leonardo da Vinci - Ultima cena - L'ultima cena - Riproduzioni di quadri d'arte dipinte a mano al 100% su tela. Cornici per quadri, vendita e produzione di dimensioni su ordinazione.","breadcrumb":{"@id":"https:\/\/svetslik.si\/it\/leonardo-da-vinci\/leonardo-da-vinci-ultima-cena-lultima-cena\/#breadcrumb"},"inLanguage":"it-IT","potentialAction":[{"@type":"ReadAction","target":["https:\/\/svetslik.si\/it\/leonardo-da-vinci\/leonardo-da-vinci-ultima-cena-lultima-cena\/"]}]},{"@type":"ImageObject","inLanguage":"it-IT","@id":"https:\/\/svetslik.si\/it\/leonardo-da-vinci\/leonardo-da-vinci-ultima-cena-lultima-cena\/#primaryimage","url":"https:\/\/svetslik.si\/wp-content\/uploads\/2021\/09\/zadnja-vecerja-The_Last_Supper_-_Leonardo_Da_Vinci_-_High_Resolution_32x16.jpg","contentUrl":"https:\/\/svetslik.si\/wp-content\/uploads\/2021\/09\/zadnja-vecerja-The_Last_Supper_-_Leonardo_Da_Vinci_-_High_Resolution_32x16.jpg","width":1000,"height":500,"caption":"Leonardo da Vinci - L'ultima cena"},{"@type":"BreadcrumbList","@id":"https:\/\/svetslik.si\/it\/leonardo-da-vinci\/leonardo-da-vinci-ultima-cena-lultima-cena\/#breadcrumb","itemListElement":[{"@type":"ListItem","position":1,"name":"Fali m\u0171v\u00e9szet \u00e9s festm\u00e9nyek v\u00e1szonra","item":"https:\/\/svetslik.si\/it\/"},{"@type":"ListItem","position":2,"name":"Vendita di dipinti","item":"https:\/\/svetslik.si\/prodaja-slik\/"},{"@type":"ListItem","position":3,"name":"Leonardo da Vinci &#8211; Ultima cena &#8211; L&#8217;ultima cena"}]},{"@type":"WebSite","@id":"https:\/\/svetslik.si\/it\/#website","url":"https:\/\/svetslik.si\/it\/","name":"SVETSLIK.SI","description":"100% riproduzioni dipinte a mano di quadri di pittori famosi e dipinti su tela.","publisher":{"@id":"https:\/\/svetslik.si\/it\/#organization"},"potentialAction":[{"@type":"SearchAction","target":{"@type":"EntryPoint","urlTemplate":"https:\/\/svetslik.si\/it\/?s={search_term_string}"},"query-input":{"@type":"PropertyValueSpecification","valueRequired":true,"valueName":"search_term_string"}}],"inLanguage":"it-IT"},{"@type":"Organization","@id":"https:\/\/svetslik.si\/it\/#organization","name":"SvetSlik.si","url":"https:\/\/svetslik.si\/it\/","logo":{"@type":"ImageObject","inLanguage":"it-IT","@id":"https:\/\/svetslik.si\/it\/#\/schema\/logo\/image\/","url":"https:\/\/svetslik.si\/wp-content\/uploads\/2020\/12\/logo-512.png","contentUrl":"https:\/\/svetslik.si\/wp-content\/uploads\/2020\/12\/logo-512.png","width":512,"height":512,"caption":"SvetSlik.si"},"image":{"@id":"https:\/\/svetslik.si\/it\/#\/schema\/logo\/image\/"},"sameAs":["https:\/\/www.facebook.com\/svetslik.si","https:\/\/x.com\/svetslik","https:\/\/www.instagram.com\/svetslik.si\/","https:\/\/www.linkedin.com\/company\/svetslik-si"]}]},"og_availability":"backorder","product_availability":"available for order","product_retailer_item_id":"138__","product_condition":"new"},"jetpack_sharing_enabled":true,"_links":{"self":[{"href":"https:\/\/svetslik.si\/it\/wp-json\/wp\/v2\/product\/38451","targetHints":{"allow":["GET"]}}],"collection":[{"href":"https:\/\/svetslik.si\/it\/wp-json\/wp\/v2\/product"}],"about":[{"href":"https:\/\/svetslik.si\/it\/wp-json\/wp\/v2\/types\/product"}],"wp:featuredmedia":[{"embeddable":true,"href":"https:\/\/svetslik.si\/it\/wp-json\/wp\/v2\/media\/36379"}],"wp:attachment":[{"href":"https:\/\/svetslik.si\/it\/wp-json\/wp\/v2\/media?parent=38451"}],"wp:term":[{"taxonomy":"product_brand","embeddable":true,"href":"https:\/\/svetslik.si\/it\/wp-json\/wp\/v2\/product_brand?post=38451"},{"taxonomy":"product_cat","embeddable":true,"href":"https:\/\/svetslik.si\/it\/wp-json\/wp\/v2\/product_cat?post=38451"},{"taxonomy":"product_tag","embeddable":true,"href":"https:\/\/svetslik.si\/it\/wp-json\/wp\/v2\/product_tag?post=38451"}],"curies":[{"name":"wp","href":"https:\/\/api.w.org\/{rel}","templated":true}]}}