{"id":38530,"date":"2021-09-02T17:46:43","date_gmt":"2021-09-02T15:46:43","guid":{"rendered":"https:\/\/svetslik.si\/senza-categoria\/portrait-in-a-new-orleans-cotton-office\/"},"modified":"2026-03-22T21:12:16","modified_gmt":"2026-03-22T20:12:16","slug":"portrait-in-a-new-orleans-cotton-office","status":"publish","type":"product","link":"https:\/\/svetslik.si\/it\/edgar-degas\/portrait-in-a-new-orleans-cotton-office\/","title":{"rendered":"Edgar Degas &#8211; Portrait in a New Orleans Cotton Office"},"content":{"rendered":"<h1>Edgar Degas &#8211; Ritratto in un ufficio di cotone di New Orleans<\/h1>\n<p>\n&nbsp;<\/p>\n<table border=\"0\" cellpadding=\"0\" cellspacing=\"0\" style=\"width: 619px\" width=\"619\">\n<tr>\n<td height=\"21\">\nAnno di creazione:<\/td>\n<td style=\"width: 439px\">\n1873<\/td>\n<\/tr>\n<tr>\n<td height=\"21\">\nDimensioni originali:<\/td>\n<td style=\"width: 439px\">\n92 cm x 73 cm<\/td>\n<\/tr>\n<tr>\n<td height=\"21\">\nStile di pittura:<\/td>\n<td style=\"width: 439px\">\nImpressionismo<\/td>\n<\/tr>\n<tr>\n<td height=\"21\">\nTecnica originale:<\/td>\n<td style=\"width: 439px\">\nOlio su tela<\/td>\n<\/tr>\n<tr>\n<td height=\"21\">\nSituato:<\/td>\n<td style=\"width: 439px\">\nMus\u00e9e des Beaux-Arts. Pow. Francia<\/td>\n<\/tr>\n<\/tbody>\n<colgroup>\n<\/colgroup>\n<\/table>\n<p>\n&nbsp;<\/p>\n<p>\nL&#8217;olio su tela mostra 14 uomini al lavoro in un ufficio di cotone di propriet\u00e0 dello zio di Degas. L&#8217;opera d&#8217;arte fu esposta alla 2a Mostra impressionista nel 1876 e nel 1878 divenne il primo dipinto di Degas ad essere acquistato da un museo.<\/p>\n<p>\n&nbsp;<\/p>\n","protected":false},"excerpt":{"rendered":"<p>Edgar Degas &#8211; Ritratto in un ufficio di cotone di New Orleans &nbsp; Anno di creazione: 1873 Dimensioni originali: 92 cm x 73 cm Stile di pittura: Impressionismo Tecnica originale: Olio su tela Situato: Mus\u00e9e des Beaux-Arts. Pow. Francia &nbsp; L&#8217;olio su tela mostra 14 uomini al lavoro in un [&hellip;]<\/p>\n","protected":false},"featured_media":35477,"template":"","meta":{"_acf_changed":false},"product_brand":[],"product_cat":[4178],"product_tag":[4215,4245,4246,4253],"class_list":{"0":"post-38530","1":"product","2":"type-product","3":"status-publish","4":"has-post-thumbnail","6":"product_cat-edgar-degas","7":"product_tag-degas-it","8":"product_tag-riproduzione","9":"product_tag-riproduzione-it","10":"product_tag-un-pittore","11":"pa_dimenzija-100-x-80-cm-it","12":"pa_dimenzija-120-x-90-cm-it","13":"pa_dimenzija-150-x-110-cm-it","14":"pa_dimenzija-50-x-40-cm-it","15":"pa_dimenzija-70-x-50-cm-it","16":"pa_dimenzija-80-x-60-cm-it","17":"pa_dimenzija-90-x-60-cm-it","18":"pa_oblika-orizzontale","19":"pa_okvir-sensa-cornice","20":"pa_podokvir-no","21":"pa_podokvir-si","23":"first","24":"onbackorder","25":"purchasable","26":"product-type-variable","27":"has-default-attributes"},"acf":[],"yoast_head":"<!-- This site is optimized with the Yoast SEO Premium plugin v26.0 (Yoast SEO v27.2) - https:\/\/yoast.com\/product\/yoast-seo-premium-wordpress\/ -->\n<title>Edgar Degas - Portrait in a New Orleans Cotton Office - SVETSLIK.SI - Dipinti a mano al 100%<\/title>\n<meta name=\"description\" content=\"Edgar Degas - Portrait in a New Orleans Cotton Office - Riproduzioni di quadri d&#039;arte dipinte a mano al 100% su tela. Cornici per quadri, vendita e produzione di dimensioni su ordinazione.\" \/>\n<meta name=\"robots\" content=\"index, follow, max-snippet:-1, max-image-preview:large, max-video-preview:-1\" \/>\n<link rel=\"canonical\" href=\"https:\/\/svetslik.si\/it\/edgar-degas\/portrait-in-a-new-orleans-cotton-office\/\" \/>\n<meta property=\"og:locale\" content=\"it_IT\" \/>\n<meta property=\"og:type\" content=\"article\" \/>\n<meta property=\"og:title\" content=\"Edgar Degas - Portrait in a New Orleans Cotton Office\" \/>\n<meta property=\"og:description\" content=\"100% ro\u010dno naslikane slike na platnu, reprodukcije znanih slikarjev in umetni\u0161ke slike po naro\u010dilu.\" \/>\n<meta property=\"og:url\" content=\"https:\/\/svetslik.si\/it\/edgar-degas\/portrait-in-a-new-orleans-cotton-office\/\" \/>\n<meta property=\"og:site_name\" content=\"SVETSLIK.SI\" \/>\n<meta property=\"article:publisher\" content=\"https:\/\/www.facebook.com\/svetslik.si\" \/>\n<meta property=\"article:modified_time\" content=\"2026-03-22T20:12:16+00:00\" \/>\n<meta property=\"og:image\" content=\"https:\/\/svetslik.si\/wp-content\/uploads\/2021\/08\/image_Portrait-in-a-New-Orleans-Cotton-Office-Edgar-Degas_680-scaled.jpg\" \/>\n\t<meta property=\"og:image:width\" content=\"2560\" \/>\n\t<meta property=\"og:image:height\" content=\"2021\" \/>\n\t<meta property=\"og:image:type\" content=\"image\/jpeg\" \/>\n<meta name=\"twitter:card\" content=\"summary_large_image\" \/>\n<meta name=\"twitter:site\" content=\"@svetslik\" \/>\n<meta name=\"twitter:label1\" content=\"Disponibilit\u00e0\" \/>\n\t<meta name=\"twitter:data1\" content=\"Su ordinazione\" \/>\n<script type=\"application\/ld+json\" class=\"yoast-schema-graph\">{\"@context\":\"https:\/\/schema.org\",\"@graph\":[{\"@type\":[\"WebPage\",\"ItemPage\"],\"@id\":\"https:\/\/svetslik.si\/it\/edgar-degas\/portrait-in-a-new-orleans-cotton-office\/\",\"url\":\"https:\/\/svetslik.si\/it\/edgar-degas\/portrait-in-a-new-orleans-cotton-office\/\",\"name\":\"Edgar Degas - Portrait in a New Orleans Cotton Office - SVETSLIK.SI - Dipinti a mano al 100%\",\"isPartOf\":{\"@id\":\"https:\/\/svetslik.si\/it\/#website\"},\"primaryImageOfPage\":{\"@id\":\"https:\/\/svetslik.si\/it\/edgar-degas\/portrait-in-a-new-orleans-cotton-office\/#primaryimage\"},\"image\":{\"@id\":\"https:\/\/svetslik.si\/it\/edgar-degas\/portrait-in-a-new-orleans-cotton-office\/#primaryimage\"},\"thumbnailUrl\":\"https:\/\/svetslik.si\/wp-content\/uploads\/2021\/08\/image_Portrait-in-a-New-Orleans-Cotton-Office-Edgar-Degas_680-scaled.jpg\",\"datePublished\":\"2021-09-02T15:46:43+00:00\",\"dateModified\":\"2026-03-22T20:12:16+00:00\",\"description\":\"Edgar Degas - Portrait in a New Orleans Cotton Office - Riproduzioni di quadri d'arte dipinte a mano al 100% su tela. Cornici per quadri, vendita e produzione di dimensioni su ordinazione.\",\"breadcrumb\":{\"@id\":\"https:\/\/svetslik.si\/it\/edgar-degas\/portrait-in-a-new-orleans-cotton-office\/#breadcrumb\"},\"inLanguage\":\"it-IT\",\"potentialAction\":[{\"@type\":\"ReadAction\",\"target\":[\"https:\/\/svetslik.si\/it\/edgar-degas\/portrait-in-a-new-orleans-cotton-office\/\"]}]},{\"@type\":\"ImageObject\",\"inLanguage\":\"it-IT\",\"@id\":\"https:\/\/svetslik.si\/it\/edgar-degas\/portrait-in-a-new-orleans-cotton-office\/#primaryimage\",\"url\":\"https:\/\/svetslik.si\/wp-content\/uploads\/2021\/08\/image_Portrait-in-a-New-Orleans-Cotton-Office-Edgar-Degas_680-scaled.jpg\",\"contentUrl\":\"https:\/\/svetslik.si\/wp-content\/uploads\/2021\/08\/image_Portrait-in-a-New-Orleans-Cotton-Office-Edgar-Degas_680-scaled.jpg\",\"width\":2560,\"height\":2021,\"caption\":\"Edgar Degas - Ritratto in un ufficio di cotone di New Orleans - Riproduzioni dipinte a mano di famosi pittori, arte murale moderna, arte murale\"},{\"@type\":\"BreadcrumbList\",\"@id\":\"https:\/\/svetslik.si\/it\/edgar-degas\/portrait-in-a-new-orleans-cotton-office\/#breadcrumb\",\"itemListElement\":[{\"@type\":\"ListItem\",\"position\":1,\"name\":\"Fali m\u0171v\u00e9szet \u00e9s festm\u00e9nyek v\u00e1szonra\",\"item\":\"https:\/\/svetslik.si\/it\/\"},{\"@type\":\"ListItem\",\"position\":2,\"name\":\"Vendita di dipinti\",\"item\":\"https:\/\/svetslik.si\/prodaja-slik\/\"},{\"@type\":\"ListItem\",\"position\":3,\"name\":\"Edgar Degas &#8211; Portrait in a New Orleans Cotton Office\"}]},{\"@type\":\"WebSite\",\"@id\":\"https:\/\/svetslik.si\/it\/#website\",\"url\":\"https:\/\/svetslik.si\/it\/\",\"name\":\"SVETSLIK.SI\",\"description\":\"100% riproduzioni dipinte a mano di quadri di pittori famosi e dipinti su tela.\",\"publisher\":{\"@id\":\"https:\/\/svetslik.si\/it\/#organization\"},\"potentialAction\":[{\"@type\":\"SearchAction\",\"target\":{\"@type\":\"EntryPoint\",\"urlTemplate\":\"https:\/\/svetslik.si\/it\/?s={search_term_string}\"},\"query-input\":{\"@type\":\"PropertyValueSpecification\",\"valueRequired\":true,\"valueName\":\"search_term_string\"}}],\"inLanguage\":\"it-IT\"},{\"@type\":\"Organization\",\"@id\":\"https:\/\/svetslik.si\/it\/#organization\",\"name\":\"SvetSlik.si\",\"url\":\"https:\/\/svetslik.si\/it\/\",\"logo\":{\"@type\":\"ImageObject\",\"inLanguage\":\"it-IT\",\"@id\":\"https:\/\/svetslik.si\/it\/#\/schema\/logo\/image\/\",\"url\":\"https:\/\/svetslik.si\/wp-content\/uploads\/2020\/12\/logo-512.png\",\"contentUrl\":\"https:\/\/svetslik.si\/wp-content\/uploads\/2020\/12\/logo-512.png\",\"width\":512,\"height\":512,\"caption\":\"SvetSlik.si\"},\"image\":{\"@id\":\"https:\/\/svetslik.si\/it\/#\/schema\/logo\/image\/\"},\"sameAs\":[\"https:\/\/www.facebook.com\/svetslik.si\",\"https:\/\/x.com\/svetslik\",\"https:\/\/www.instagram.com\/svetslik.si\/\",\"https:\/\/www.linkedin.com\/company\/svetslik-si\"]}]}<\/script>\n<meta property=\"og:availability\" content=\"backorder\" \/>\n<meta property=\"product:availability\" content=\"available for order\" \/>\n<meta property=\"product:retailer_item_id\" content=\"149__\" \/>\n<meta property=\"product:condition\" content=\"new\" \/>\n<!-- \/ Yoast SEO Premium plugin. -->","yoast_head_json":{"title":"Edgar Degas - Portrait in a New Orleans Cotton Office - SVETSLIK.SI - Dipinti a mano al 100%","description":"Edgar Degas - Portrait in a New Orleans Cotton Office - Riproduzioni di quadri d'arte dipinte a mano al 100% su tela. Cornici per quadri, vendita e produzione di dimensioni su ordinazione.","robots":{"index":"index","follow":"follow","max-snippet":"max-snippet:-1","max-image-preview":"max-image-preview:large","max-video-preview":"max-video-preview:-1"},"canonical":"https:\/\/svetslik.si\/it\/edgar-degas\/portrait-in-a-new-orleans-cotton-office\/","og_locale":"it_IT","og_type":"article","og_title":"Edgar Degas - Portrait in a New Orleans Cotton Office","og_description":"100% ro\u010dno naslikane slike na platnu, reprodukcije znanih slikarjev in umetni\u0161ke slike po naro\u010dilu.","og_url":"https:\/\/svetslik.si\/it\/edgar-degas\/portrait-in-a-new-orleans-cotton-office\/","og_site_name":"SVETSLIK.SI","article_publisher":"https:\/\/www.facebook.com\/svetslik.si","article_modified_time":"2026-03-22T20:12:16+00:00","og_image":[{"width":2560,"height":2021,"url":"https:\/\/svetslik.si\/wp-content\/uploads\/2021\/08\/image_Portrait-in-a-New-Orleans-Cotton-Office-Edgar-Degas_680-scaled.jpg","type":"image\/jpeg"}],"twitter_card":"summary_large_image","twitter_site":"@svetslik","twitter_misc":{"Disponibilit\u00e0":"Su ordinazione"},"schema":{"@context":"https:\/\/schema.org","@graph":[{"@type":["WebPage","ItemPage"],"@id":"https:\/\/svetslik.si\/it\/edgar-degas\/portrait-in-a-new-orleans-cotton-office\/","url":"https:\/\/svetslik.si\/it\/edgar-degas\/portrait-in-a-new-orleans-cotton-office\/","name":"Edgar Degas - Portrait in a New Orleans Cotton Office - SVETSLIK.SI - Dipinti a mano al 100%","isPartOf":{"@id":"https:\/\/svetslik.si\/it\/#website"},"primaryImageOfPage":{"@id":"https:\/\/svetslik.si\/it\/edgar-degas\/portrait-in-a-new-orleans-cotton-office\/#primaryimage"},"image":{"@id":"https:\/\/svetslik.si\/it\/edgar-degas\/portrait-in-a-new-orleans-cotton-office\/#primaryimage"},"thumbnailUrl":"https:\/\/svetslik.si\/wp-content\/uploads\/2021\/08\/image_Portrait-in-a-New-Orleans-Cotton-Office-Edgar-Degas_680-scaled.jpg","datePublished":"2021-09-02T15:46:43+00:00","dateModified":"2026-03-22T20:12:16+00:00","description":"Edgar Degas - Portrait in a New Orleans Cotton Office - Riproduzioni di quadri d'arte dipinte a mano al 100% su tela. Cornici per quadri, vendita e produzione di dimensioni su ordinazione.","breadcrumb":{"@id":"https:\/\/svetslik.si\/it\/edgar-degas\/portrait-in-a-new-orleans-cotton-office\/#breadcrumb"},"inLanguage":"it-IT","potentialAction":[{"@type":"ReadAction","target":["https:\/\/svetslik.si\/it\/edgar-degas\/portrait-in-a-new-orleans-cotton-office\/"]}]},{"@type":"ImageObject","inLanguage":"it-IT","@id":"https:\/\/svetslik.si\/it\/edgar-degas\/portrait-in-a-new-orleans-cotton-office\/#primaryimage","url":"https:\/\/svetslik.si\/wp-content\/uploads\/2021\/08\/image_Portrait-in-a-New-Orleans-Cotton-Office-Edgar-Degas_680-scaled.jpg","contentUrl":"https:\/\/svetslik.si\/wp-content\/uploads\/2021\/08\/image_Portrait-in-a-New-Orleans-Cotton-Office-Edgar-Degas_680-scaled.jpg","width":2560,"height":2021,"caption":"Edgar Degas - Ritratto in un ufficio di cotone di New Orleans - Riproduzioni dipinte a mano di famosi pittori, arte murale moderna, arte murale"},{"@type":"BreadcrumbList","@id":"https:\/\/svetslik.si\/it\/edgar-degas\/portrait-in-a-new-orleans-cotton-office\/#breadcrumb","itemListElement":[{"@type":"ListItem","position":1,"name":"Fali m\u0171v\u00e9szet \u00e9s festm\u00e9nyek v\u00e1szonra","item":"https:\/\/svetslik.si\/it\/"},{"@type":"ListItem","position":2,"name":"Vendita di dipinti","item":"https:\/\/svetslik.si\/prodaja-slik\/"},{"@type":"ListItem","position":3,"name":"Edgar Degas &#8211; Portrait in a New Orleans Cotton Office"}]},{"@type":"WebSite","@id":"https:\/\/svetslik.si\/it\/#website","url":"https:\/\/svetslik.si\/it\/","name":"SVETSLIK.SI","description":"100% riproduzioni dipinte a mano di quadri di pittori famosi e dipinti su tela.","publisher":{"@id":"https:\/\/svetslik.si\/it\/#organization"},"potentialAction":[{"@type":"SearchAction","target":{"@type":"EntryPoint","urlTemplate":"https:\/\/svetslik.si\/it\/?s={search_term_string}"},"query-input":{"@type":"PropertyValueSpecification","valueRequired":true,"valueName":"search_term_string"}}],"inLanguage":"it-IT"},{"@type":"Organization","@id":"https:\/\/svetslik.si\/it\/#organization","name":"SvetSlik.si","url":"https:\/\/svetslik.si\/it\/","logo":{"@type":"ImageObject","inLanguage":"it-IT","@id":"https:\/\/svetslik.si\/it\/#\/schema\/logo\/image\/","url":"https:\/\/svetslik.si\/wp-content\/uploads\/2020\/12\/logo-512.png","contentUrl":"https:\/\/svetslik.si\/wp-content\/uploads\/2020\/12\/logo-512.png","width":512,"height":512,"caption":"SvetSlik.si"},"image":{"@id":"https:\/\/svetslik.si\/it\/#\/schema\/logo\/image\/"},"sameAs":["https:\/\/www.facebook.com\/svetslik.si","https:\/\/x.com\/svetslik","https:\/\/www.instagram.com\/svetslik.si\/","https:\/\/www.linkedin.com\/company\/svetslik-si"]}]},"og_availability":"backorder","product_availability":"available for order","product_retailer_item_id":"149__","product_condition":"new"},"jetpack_sharing_enabled":true,"_links":{"self":[{"href":"https:\/\/svetslik.si\/it\/wp-json\/wp\/v2\/product\/38530","targetHints":{"allow":["GET"]}}],"collection":[{"href":"https:\/\/svetslik.si\/it\/wp-json\/wp\/v2\/product"}],"about":[{"href":"https:\/\/svetslik.si\/it\/wp-json\/wp\/v2\/types\/product"}],"wp:featuredmedia":[{"embeddable":true,"href":"https:\/\/svetslik.si\/it\/wp-json\/wp\/v2\/media\/35477"}],"wp:attachment":[{"href":"https:\/\/svetslik.si\/it\/wp-json\/wp\/v2\/media?parent=38530"}],"wp:term":[{"taxonomy":"product_brand","embeddable":true,"href":"https:\/\/svetslik.si\/it\/wp-json\/wp\/v2\/product_brand?post=38530"},{"taxonomy":"product_cat","embeddable":true,"href":"https:\/\/svetslik.si\/it\/wp-json\/wp\/v2\/product_cat?post=38530"},{"taxonomy":"product_tag","embeddable":true,"href":"https:\/\/svetslik.si\/it\/wp-json\/wp\/v2\/product_tag?post=38530"}],"curies":[{"name":"wp","href":"https:\/\/api.w.org\/{rel}","templated":true}]}}