{"id":38570,"date":"2021-09-02T17:48:42","date_gmt":"2021-09-02T15:48:42","guid":{"rendered":"https:\/\/svetslik.si\/senza-categoria\/bedroom-in-arles\/"},"modified":"2026-03-22T21:13:04","modified_gmt":"2026-03-22T20:13:04","slug":"bedroom-in-arles","status":"publish","type":"product","link":"https:\/\/svetslik.si\/it\/vincent-van-gogh\/bedroom-in-arles\/","title":{"rendered":"Vincent van Gogh &#8211; Bedroom in Arles"},"content":{"rendered":"<h1>Vincent Van Gogh \u2013 Camera da letto ad Arles<\/h1>\n<p>\u00a0<\/p>\n<table id=\"imageinfo\" border=\"0\" width=\"96%\" cellspacing=\"0\" cellpadding=\"2\">\n<tr>\n<td width=\"120\">Anno di creazione:<\/td>\n<td>1888<\/td>\n<\/tr>\n<tr>\n<td>Dimensione originale:<\/td>\n<td>90 x\u00a072 cm<\/td>\n<\/tr>\n<tr>\n<td>Stile di pittura:<\/td>\n<td>Post-impressionismo<\/td>\n<\/tr>\n<tr>\n<td>Tecnica originale:<\/td>\n<td>Olio su tela<\/td>\n<\/tr>\n<tr>\n<td>Situato:<\/td>\n<td>Museo Van Gogh<\/td>\n<\/tr>\n<\/tbody>\n<\/table>\n<p><em>Camera da letto ad Arles<\/em> \u00e8 il titolo di tre dipinti a olio simili in cui Van Gogh raffigurava la sua camera da letto nella Casa Gialla ad Arles. La porta a destra conduce al piano superiore e la porta a sinistra conduce alla stanza degli ospiti che il pittore prepar\u00f2 per Gauguin. Una finestra sulla parete frontale si affaccia su piazza Lamartine e sui giardini pubblici. La stanza non era quadrata, ma aveva la forma di un trapezio, ma Van Gogh non ha prestato troppa attenzione a questo in questo olio su tela, poich\u00e9 ha solo vagamente indicato nel quadro che c\u2019era un angolo in pi\u00f9.<\/p>\n<p>\u201cUna camera da letto ad Arles\u201d \u00e8 una serie di tre dipinti dell\u2019artista olandese Vincent van Gogh, creata nel 1888-1889. Questi dipinti sono considerati alcune delle opere pi\u00f9 iconiche e potenti di Van Gogh, a dimostrazione della sua abilit\u00e0 nel catturare l\u2019essenza della vita quotidiana e delle sue esperienze personali. I dipinti mostrano la camera da letto di Van Gogh ad Arles, in Francia, in tre diverse versioni. Ogni dipinto \u00e8 ampiamente riconosciuto per le sue pennellate audaci, l\u2019emotivit\u00e0 e il forte simbolismo.<\/p>\n<p>La composizione dei quadri \u00e8 semplice ma efficace, in quanto la camera da letto occupa gran parte dello spazio sulla tela. Anche l\u2019uso del colore nei dipinti \u00e8 degno di nota, poich\u00e9 Van Gogh utilizza colori audaci e contrastanti che creano un senso di movimento ed energia. La camera da letto \u00e8 vestita di sfumature di giallo, blu e verde, che creano una sensazione di calore ed energia. Le pennellate nei dipinti sono dense e visibili, conferendo ai dipinti un senso di movimento ed energia.<\/p>\n<p>Anche il simbolismo nei dipinti \u00e8 ricco, poich\u00e9 la camera da letto rappresenta l\u2019idea di casa e comfort, nonch\u00e9 l\u2019idea del rifugio personale dell\u2019artista. Si ritiene inoltre che i dipinti mostrino lo stato emotivo di Van Gogh in quel momento. Creati mentre Van Gogh viveva ad Arles, in Francia, si ritiene che i dipinti riflettano i sentimenti dell\u2019artista di desiderio di una casa stabile e connessione con la natura come forma di guarigione.<\/p>\n<p>\u201cLa camera da letto di Arles\u201d \u00e8 considerata una delle opere pi\u00f9 iconiche e potenti di Van Gogh e pu\u00f2 essere trovata in vari musei in tutto il mondo. \u00c8 un\u2019importante opera di post-impressionismo che \u00e8 ancora ammirata e studiata sia da dilettanti che da esperti. Le potenti immagini, l\u2019emotivit\u00e0 e il ricco simbolismo rendono il dipinto un must per qualsiasi amante dell\u2019arte o chiunque sia interessato al lavoro di Vincent van Gogh.<\/p>\n","protected":false},"excerpt":{"rendered":"<p>Vincent Van Gogh \u2013 Camera da letto ad Arles \u00a0 Anno di creazione: 1888 Dimensione originale: 90 x\u00a072 cm Stile di pittura: Post-impressionismo Tecnica originale: Olio su tela Situato: Museo Van Gogh Camera da letto ad Arles \u00e8 il titolo di tre dipinti a olio simili in cui Van Gogh [&hellip;]<\/p>\n","protected":false},"featured_media":35875,"template":"","meta":{"_acf_changed":false},"product_brand":[],"product_cat":[4189],"product_tag":[4246,4245,4253,4265],"class_list":{"0":"post-38570","1":"product","2":"type-product","3":"status-publish","4":"has-post-thumbnail","6":"product_cat-vincent-van-gogh","7":"product_tag-riproduzione-it","8":"product_tag-riproduzione","9":"product_tag-un-pittore","10":"product_tag-van-gogh-it","11":"pa_dimenzija-100-x-120-cm","12":"pa_dimenzija-40-x-50-cm","13":"pa_dimenzija-50-x-60-cm","14":"pa_dimenzija-55-x-70-cm","15":"pa_dimenzija-65-x-80-cm","16":"pa_dimenzija-72-x-91-cm","17":"pa_dimenzija-80-x-100-cm","18":"pa_oblika-orizzontale","19":"pa_okvir-sensa-cornice","20":"pa_podokvir-no","21":"pa_podokvir-si","23":"first","24":"onbackorder","25":"purchasable","26":"product-type-variable","27":"has-default-attributes"},"acf":[],"yoast_head":"<!-- This site is optimized with the Yoast SEO Premium plugin v26.0 (Yoast SEO v27.5) - https:\/\/yoast.com\/product\/yoast-seo-premium-wordpress\/ -->\n<title>Vincent van Gogh - Bedroom in Arles - SVETSLIK.SI - Dipinti a mano al 100%<\/title>\n<meta name=\"description\" content=\"Vincent van Gogh - Bedroom in Arles - Riproduzioni di quadri d&#039;arte dipinte a mano al 100% su tela. Cornici per quadri, vendita e produzione di dimensioni su ordinazione.\" \/>\n<meta name=\"robots\" content=\"index, follow, max-snippet:-1, max-image-preview:large, max-video-preview:-1\" \/>\n<link rel=\"canonical\" href=\"https:\/\/svetslik.si\/it\/vincent-van-gogh\/bedroom-in-arles\/\" \/>\n<meta property=\"og:locale\" content=\"it_IT\" \/>\n<meta property=\"og:type\" content=\"article\" \/>\n<meta property=\"og:title\" content=\"Vincent van Gogh - Bedroom in Arles\" \/>\n<meta property=\"og:description\" content=\"100% ro\u010dno naslikane slike na platnu, reprodukcije znanih slikarjev in umetni\u0161ke slike po naro\u010dilu.\" \/>\n<meta property=\"og:url\" content=\"https:\/\/svetslik.si\/it\/vincent-van-gogh\/bedroom-in-arles\/\" \/>\n<meta property=\"og:site_name\" content=\"SVETSLIK.SI\" \/>\n<meta property=\"article:publisher\" content=\"https:\/\/www.facebook.com\/svetslik.si\" \/>\n<meta property=\"article:modified_time\" content=\"2026-03-22T20:13:04+00:00\" \/>\n<meta property=\"og:image\" content=\"https:\/\/svetslik.si\/wp-content\/uploads\/2021\/08\/image_Vincent-Van-Gogh-reprodukcija-slike-Bedroom-in-Arles_680.jpg\" \/>\n\t<meta property=\"og:image:width\" content=\"1280\" \/>\n\t<meta property=\"og:image:height\" content=\"1016\" \/>\n\t<meta property=\"og:image:type\" content=\"image\/jpeg\" \/>\n<meta name=\"twitter:card\" content=\"summary_large_image\" \/>\n<meta name=\"twitter:site\" content=\"@svetslik\" \/>\n<meta name=\"twitter:label1\" content=\"Disponibilit\u00e0\" \/>\n\t<meta name=\"twitter:data1\" content=\"Su ordinazione\" \/>\n<script type=\"application\/ld+json\" class=\"yoast-schema-graph\">{\"@context\":\"https:\\\/\\\/schema.org\",\"@graph\":[{\"@type\":[\"WebPage\",\"ItemPage\"],\"@id\":\"https:\\\/\\\/svetslik.si\\\/it\\\/vincent-van-gogh\\\/bedroom-in-arles\\\/\",\"url\":\"https:\\\/\\\/svetslik.si\\\/it\\\/vincent-van-gogh\\\/bedroom-in-arles\\\/\",\"name\":\"Vincent van Gogh - Bedroom in Arles - SVETSLIK.SI - Dipinti a mano al 100%\",\"isPartOf\":{\"@id\":\"https:\\\/\\\/svetslik.si\\\/it\\\/#website\"},\"primaryImageOfPage\":{\"@id\":\"https:\\\/\\\/svetslik.si\\\/it\\\/vincent-van-gogh\\\/bedroom-in-arles\\\/#primaryimage\"},\"image\":{\"@id\":\"https:\\\/\\\/svetslik.si\\\/it\\\/vincent-van-gogh\\\/bedroom-in-arles\\\/#primaryimage\"},\"thumbnailUrl\":\"https:\\\/\\\/svetslik.si\\\/wp-content\\\/uploads\\\/2021\\\/08\\\/image_Vincent-Van-Gogh-reprodukcija-slike-Bedroom-in-Arles_680.jpg\",\"datePublished\":\"2021-09-02T15:48:42+00:00\",\"dateModified\":\"2026-03-22T20:13:04+00:00\",\"description\":\"Vincent van Gogh - Bedroom in Arles - Riproduzioni di quadri d'arte dipinte a mano al 100% su tela. Cornici per quadri, vendita e produzione di dimensioni su ordinazione.\",\"breadcrumb\":{\"@id\":\"https:\\\/\\\/svetslik.si\\\/it\\\/vincent-van-gogh\\\/bedroom-in-arles\\\/#breadcrumb\"},\"inLanguage\":\"it-IT\",\"potentialAction\":[{\"@type\":\"ReadAction\",\"target\":[\"https:\\\/\\\/svetslik.si\\\/it\\\/vincent-van-gogh\\\/bedroom-in-arles\\\/\"]}]},{\"@type\":\"ImageObject\",\"inLanguage\":\"it-IT\",\"@id\":\"https:\\\/\\\/svetslik.si\\\/it\\\/vincent-van-gogh\\\/bedroom-in-arles\\\/#primaryimage\",\"url\":\"https:\\\/\\\/svetslik.si\\\/wp-content\\\/uploads\\\/2021\\\/08\\\/image_Vincent-Van-Gogh-reprodukcija-slike-Bedroom-in-Arles_680.jpg\",\"contentUrl\":\"https:\\\/\\\/svetslik.si\\\/wp-content\\\/uploads\\\/2021\\\/08\\\/image_Vincent-Van-Gogh-reprodukcija-slike-Bedroom-in-Arles_680.jpg\",\"width\":1280,\"height\":1016,\"caption\":\"Vincent Van Gogh - Riproduzione del quadro Autoritratto con l'orecchio bendato - Riproduzioni dipinte a mano di famosi pittori, quadri moderni, quadri artistici per pareti\"},{\"@type\":\"BreadcrumbList\",\"@id\":\"https:\\\/\\\/svetslik.si\\\/it\\\/vincent-van-gogh\\\/bedroom-in-arles\\\/#breadcrumb\",\"itemListElement\":[{\"@type\":\"ListItem\",\"position\":1,\"name\":\"Fali m\u0171v\u00e9szet \u00e9s festm\u00e9nyek v\u00e1szonra\",\"item\":\"https:\\\/\\\/svetslik.si\\\/it\\\/\"},{\"@type\":\"ListItem\",\"position\":2,\"name\":\"Vendita di dipinti\",\"item\":\"https:\\\/\\\/svetslik.si\\\/prodaja-slik\\\/\"},{\"@type\":\"ListItem\",\"position\":3,\"name\":\"Vincent van Gogh &#8211; Bedroom in Arles\"}]},{\"@type\":\"WebSite\",\"@id\":\"https:\\\/\\\/svetslik.si\\\/it\\\/#website\",\"url\":\"https:\\\/\\\/svetslik.si\\\/it\\\/\",\"name\":\"SVETSLIK.SI\",\"description\":\"100% riproduzioni dipinte a mano di quadri di pittori famosi e dipinti su tela.\",\"publisher\":{\"@id\":\"https:\\\/\\\/svetslik.si\\\/it\\\/#organization\"},\"potentialAction\":[{\"@type\":\"SearchAction\",\"target\":{\"@type\":\"EntryPoint\",\"urlTemplate\":\"https:\\\/\\\/svetslik.si\\\/it\\\/?s={search_term_string}\"},\"query-input\":{\"@type\":\"PropertyValueSpecification\",\"valueRequired\":true,\"valueName\":\"search_term_string\"}}],\"inLanguage\":\"it-IT\"},{\"@type\":\"Organization\",\"@id\":\"https:\\\/\\\/svetslik.si\\\/it\\\/#organization\",\"name\":\"SvetSlik.si\",\"url\":\"https:\\\/\\\/svetslik.si\\\/it\\\/\",\"logo\":{\"@type\":\"ImageObject\",\"inLanguage\":\"it-IT\",\"@id\":\"https:\\\/\\\/svetslik.si\\\/it\\\/#\\\/schema\\\/logo\\\/image\\\/\",\"url\":\"https:\\\/\\\/svetslik.si\\\/wp-content\\\/uploads\\\/2020\\\/12\\\/logo-512.png\",\"contentUrl\":\"https:\\\/\\\/svetslik.si\\\/wp-content\\\/uploads\\\/2020\\\/12\\\/logo-512.png\",\"width\":512,\"height\":512,\"caption\":\"SvetSlik.si\"},\"image\":{\"@id\":\"https:\\\/\\\/svetslik.si\\\/it\\\/#\\\/schema\\\/logo\\\/image\\\/\"},\"sameAs\":[\"https:\\\/\\\/www.facebook.com\\\/svetslik.si\",\"https:\\\/\\\/x.com\\\/svetslik\",\"https:\\\/\\\/www.instagram.com\\\/svetslik.si\\\/\",\"https:\\\/\\\/www.linkedin.com\\\/company\\\/svetslik-si\"]}]}<\/script>\n<meta property=\"og:availability\" content=\"backorder\" \/>\n<meta property=\"product:availability\" content=\"available for order\" \/>\n<meta property=\"product:retailer_item_id\" content=\"192__\" \/>\n<meta property=\"product:condition\" content=\"new\" \/>\n<!-- \/ Yoast SEO Premium plugin. -->","yoast_head_json":{"title":"Vincent van Gogh - Bedroom in Arles - SVETSLIK.SI - Dipinti a mano al 100%","description":"Vincent van Gogh - Bedroom in Arles - Riproduzioni di quadri d'arte dipinte a mano al 100% su tela. Cornici per quadri, vendita e produzione di dimensioni su ordinazione.","robots":{"index":"index","follow":"follow","max-snippet":"max-snippet:-1","max-image-preview":"max-image-preview:large","max-video-preview":"max-video-preview:-1"},"canonical":"https:\/\/svetslik.si\/it\/vincent-van-gogh\/bedroom-in-arles\/","og_locale":"it_IT","og_type":"article","og_title":"Vincent van Gogh - Bedroom in Arles","og_description":"100% ro\u010dno naslikane slike na platnu, reprodukcije znanih slikarjev in umetni\u0161ke slike po naro\u010dilu.","og_url":"https:\/\/svetslik.si\/it\/vincent-van-gogh\/bedroom-in-arles\/","og_site_name":"SVETSLIK.SI","article_publisher":"https:\/\/www.facebook.com\/svetslik.si","article_modified_time":"2026-03-22T20:13:04+00:00","og_image":[{"width":1280,"height":1016,"url":"https:\/\/svetslik.si\/wp-content\/uploads\/2021\/08\/image_Vincent-Van-Gogh-reprodukcija-slike-Bedroom-in-Arles_680.jpg","type":"image\/jpeg"}],"twitter_card":"summary_large_image","twitter_site":"@svetslik","twitter_misc":{"Disponibilit\u00e0":"Su ordinazione"},"schema":{"@context":"https:\/\/schema.org","@graph":[{"@type":["WebPage","ItemPage"],"@id":"https:\/\/svetslik.si\/it\/vincent-van-gogh\/bedroom-in-arles\/","url":"https:\/\/svetslik.si\/it\/vincent-van-gogh\/bedroom-in-arles\/","name":"Vincent van Gogh - Bedroom in Arles - SVETSLIK.SI - Dipinti a mano al 100%","isPartOf":{"@id":"https:\/\/svetslik.si\/it\/#website"},"primaryImageOfPage":{"@id":"https:\/\/svetslik.si\/it\/vincent-van-gogh\/bedroom-in-arles\/#primaryimage"},"image":{"@id":"https:\/\/svetslik.si\/it\/vincent-van-gogh\/bedroom-in-arles\/#primaryimage"},"thumbnailUrl":"https:\/\/svetslik.si\/wp-content\/uploads\/2021\/08\/image_Vincent-Van-Gogh-reprodukcija-slike-Bedroom-in-Arles_680.jpg","datePublished":"2021-09-02T15:48:42+00:00","dateModified":"2026-03-22T20:13:04+00:00","description":"Vincent van Gogh - Bedroom in Arles - Riproduzioni di quadri d'arte dipinte a mano al 100% su tela. Cornici per quadri, vendita e produzione di dimensioni su ordinazione.","breadcrumb":{"@id":"https:\/\/svetslik.si\/it\/vincent-van-gogh\/bedroom-in-arles\/#breadcrumb"},"inLanguage":"it-IT","potentialAction":[{"@type":"ReadAction","target":["https:\/\/svetslik.si\/it\/vincent-van-gogh\/bedroom-in-arles\/"]}]},{"@type":"ImageObject","inLanguage":"it-IT","@id":"https:\/\/svetslik.si\/it\/vincent-van-gogh\/bedroom-in-arles\/#primaryimage","url":"https:\/\/svetslik.si\/wp-content\/uploads\/2021\/08\/image_Vincent-Van-Gogh-reprodukcija-slike-Bedroom-in-Arles_680.jpg","contentUrl":"https:\/\/svetslik.si\/wp-content\/uploads\/2021\/08\/image_Vincent-Van-Gogh-reprodukcija-slike-Bedroom-in-Arles_680.jpg","width":1280,"height":1016,"caption":"Vincent Van Gogh - Riproduzione del quadro Autoritratto con l'orecchio bendato - Riproduzioni dipinte a mano di famosi pittori, quadri moderni, quadri artistici per pareti"},{"@type":"BreadcrumbList","@id":"https:\/\/svetslik.si\/it\/vincent-van-gogh\/bedroom-in-arles\/#breadcrumb","itemListElement":[{"@type":"ListItem","position":1,"name":"Fali m\u0171v\u00e9szet \u00e9s festm\u00e9nyek v\u00e1szonra","item":"https:\/\/svetslik.si\/it\/"},{"@type":"ListItem","position":2,"name":"Vendita di dipinti","item":"https:\/\/svetslik.si\/prodaja-slik\/"},{"@type":"ListItem","position":3,"name":"Vincent van Gogh &#8211; Bedroom in Arles"}]},{"@type":"WebSite","@id":"https:\/\/svetslik.si\/it\/#website","url":"https:\/\/svetslik.si\/it\/","name":"SVETSLIK.SI","description":"100% riproduzioni dipinte a mano di quadri di pittori famosi e dipinti su tela.","publisher":{"@id":"https:\/\/svetslik.si\/it\/#organization"},"potentialAction":[{"@type":"SearchAction","target":{"@type":"EntryPoint","urlTemplate":"https:\/\/svetslik.si\/it\/?s={search_term_string}"},"query-input":{"@type":"PropertyValueSpecification","valueRequired":true,"valueName":"search_term_string"}}],"inLanguage":"it-IT"},{"@type":"Organization","@id":"https:\/\/svetslik.si\/it\/#organization","name":"SvetSlik.si","url":"https:\/\/svetslik.si\/it\/","logo":{"@type":"ImageObject","inLanguage":"it-IT","@id":"https:\/\/svetslik.si\/it\/#\/schema\/logo\/image\/","url":"https:\/\/svetslik.si\/wp-content\/uploads\/2020\/12\/logo-512.png","contentUrl":"https:\/\/svetslik.si\/wp-content\/uploads\/2020\/12\/logo-512.png","width":512,"height":512,"caption":"SvetSlik.si"},"image":{"@id":"https:\/\/svetslik.si\/it\/#\/schema\/logo\/image\/"},"sameAs":["https:\/\/www.facebook.com\/svetslik.si","https:\/\/x.com\/svetslik","https:\/\/www.instagram.com\/svetslik.si\/","https:\/\/www.linkedin.com\/company\/svetslik-si"]}]},"og_availability":"backorder","product_availability":"available for order","product_retailer_item_id":"192__","product_condition":"new"},"jetpack_sharing_enabled":true,"_links":{"self":[{"href":"https:\/\/svetslik.si\/it\/wp-json\/wp\/v2\/product\/38570","targetHints":{"allow":["GET"]}}],"collection":[{"href":"https:\/\/svetslik.si\/it\/wp-json\/wp\/v2\/product"}],"about":[{"href":"https:\/\/svetslik.si\/it\/wp-json\/wp\/v2\/types\/product"}],"wp:featuredmedia":[{"embeddable":true,"href":"https:\/\/svetslik.si\/it\/wp-json\/wp\/v2\/media\/35875"}],"wp:attachment":[{"href":"https:\/\/svetslik.si\/it\/wp-json\/wp\/v2\/media?parent=38570"}],"wp:term":[{"taxonomy":"product_brand","embeddable":true,"href":"https:\/\/svetslik.si\/it\/wp-json\/wp\/v2\/product_brand?post=38570"},{"taxonomy":"product_cat","embeddable":true,"href":"https:\/\/svetslik.si\/it\/wp-json\/wp\/v2\/product_cat?post=38570"},{"taxonomy":"product_tag","embeddable":true,"href":"https:\/\/svetslik.si\/it\/wp-json\/wp\/v2\/product_tag?post=38570"}],"curies":[{"name":"wp","href":"https:\/\/api.w.org\/{rel}","templated":true}]}}