{"id":38614,"date":"2021-09-02T17:48:59","date_gmt":"2021-09-02T15:48:59","guid":{"rendered":"https:\/\/svetslik.si\/senza-categoria\/portrait-of-jeanne-hebuterne-iv\/"},"modified":"2026-03-22T21:14:51","modified_gmt":"2026-03-22T20:14:51","slug":"portrait-of-jeanne-hebuterne-iv","status":"publish","type":"product","link":"https:\/\/svetslik.si\/it\/amedeo-modigliani\/portrait-of-jeanne-hebuterne-iv\/","title":{"rendered":"Amedeo Modigliani &#8211; Ritratto di Jeanne H\u00e9buterne IV"},"content":{"rendered":"<div class=\"wpb-content-wrapper\">[vc_row css=&#8221;.vc_custom_1742250862974{margin-bottom: 10px !important;}&#8221;][vc_column]\t<div class=\"et-image-271 et-image     et_image_link\">\n\t\t<div class=\"et-image-inner \">\n\t\t\t\t\t\t\t<div class=\"et-image-thumb \">\n\t\t\t\t\t<img decoding=\"async\" width=\"1500\" height=\"1585\" src=\"https:\/\/svetslik.si\/wp-content\/uploads\/2021\/09\/Amedeo-Modigliani-\u2013-Portrait-of-Jeanne-Hebuterne-IV-slike-na-platnu-2.jpg\" class=\"attachment-full\" alt=\"Amedeo Modigliani \u2013 Portrait of Jeanne H\u00e9buterne IV - slike na platnu\" title=\"Amedeo Modigliani - Ritratto di Jeanne H\u00e9buterne IV\" srcset=\"https:\/\/svetslik.si\/wp-content\/uploads\/2021\/09\/Amedeo-Modigliani-\u2013-Portrait-of-Jeanne-Hebuterne-IV-slike-na-platnu-2.jpg 1500w, https:\/\/svetslik.si\/wp-content\/uploads\/2021\/09\/Amedeo-Modigliani-\u2013-Portrait-of-Jeanne-Hebuterne-IV-slike-na-platnu-2-600x634.jpg 600w, https:\/\/svetslik.si\/wp-content\/uploads\/2021\/09\/Amedeo-Modigliani-\u2013-Portrait-of-Jeanne-Hebuterne-IV-slike-na-platnu-2-1200x1268.jpg 1200w, https:\/\/svetslik.si\/wp-content\/uploads\/2021\/09\/Amedeo-Modigliani-\u2013-Portrait-of-Jeanne-Hebuterne-IV-slike-na-platnu-2-284x300.jpg 284w, https:\/\/svetslik.si\/wp-content\/uploads\/2021\/09\/Amedeo-Modigliani-\u2013-Portrait-of-Jeanne-Hebuterne-IV-slike-na-platnu-2-969x1024.jpg 969w, https:\/\/svetslik.si\/wp-content\/uploads\/2021\/09\/Amedeo-Modigliani-\u2013-Portrait-of-Jeanne-Hebuterne-IV-slike-na-platnu-2-768x812.jpg 768w, https:\/\/svetslik.si\/wp-content\/uploads\/2021\/09\/Amedeo-Modigliani-\u2013-Portrait-of-Jeanne-Hebuterne-IV-slike-na-platnu-2-1454x1536.jpg 1454w, https:\/\/svetslik.si\/wp-content\/uploads\/2021\/09\/Amedeo-Modigliani-\u2013-Portrait-of-Jeanne-Hebuterne-IV-slike-na-platnu-2-142x150.jpg 142w\" sizes=\"(max-width: 1500px) 100vw, 1500px\" \/>\t\t\t\t<\/div>\n\t\t\t\t\t\t\t\t\t\t\t<\/div>\n\t<\/div>\n  [\/vc_column][\/vc_row][vc_row css=&#8221;.vc_custom_1742250862974{margin-bottom: 10px !important;}&#8221;][vc_column]\t<div class=\"et-image-237 et-image     et_image_link\">\n\t\t<div class=\"et-image-inner \">\n\t\t\t\t\t\t\t<div class=\"et-image-thumb \">\n\t\t\t\t\t<img decoding=\"async\" width=\"1500\" height=\"2348\" src=\"https:\/\/svetslik.si\/wp-content\/uploads\/2021\/09\/Amedeo-Modigliani-\u2013-Portrait-of-Jeanne-Hebuterne-IV-slike-na-platnu-5.jpg\" class=\"attachment-full\" alt=\"Amedeo Modigliani \u2013 Portrait of Jeanne H\u00e9buterne IV - slike na platnu\" title=\"Amedeo Modigliani - Ritratto di Jeanne H\u00e9buterne IV\" srcset=\"https:\/\/svetslik.si\/wp-content\/uploads\/2021\/09\/Amedeo-Modigliani-\u2013-Portrait-of-Jeanne-Hebuterne-IV-slike-na-platnu-5.jpg 1500w, https:\/\/svetslik.si\/wp-content\/uploads\/2021\/09\/Amedeo-Modigliani-\u2013-Portrait-of-Jeanne-Hebuterne-IV-slike-na-platnu-5-600x939.jpg 600w, https:\/\/svetslik.si\/wp-content\/uploads\/2021\/09\/Amedeo-Modigliani-\u2013-Portrait-of-Jeanne-Hebuterne-IV-slike-na-platnu-5-1200x1878.jpg 1200w, https:\/\/svetslik.si\/wp-content\/uploads\/2021\/09\/Amedeo-Modigliani-\u2013-Portrait-of-Jeanne-Hebuterne-IV-slike-na-platnu-5-192x300.jpg 192w, https:\/\/svetslik.si\/wp-content\/uploads\/2021\/09\/Amedeo-Modigliani-\u2013-Portrait-of-Jeanne-Hebuterne-IV-slike-na-platnu-5-654x1024.jpg 654w, https:\/\/svetslik.si\/wp-content\/uploads\/2021\/09\/Amedeo-Modigliani-\u2013-Portrait-of-Jeanne-Hebuterne-IV-slike-na-platnu-5-768x1202.jpg 768w, https:\/\/svetslik.si\/wp-content\/uploads\/2021\/09\/Amedeo-Modigliani-\u2013-Portrait-of-Jeanne-Hebuterne-IV-slike-na-platnu-5-981x1536.jpg 981w, https:\/\/svetslik.si\/wp-content\/uploads\/2021\/09\/Amedeo-Modigliani-\u2013-Portrait-of-Jeanne-Hebuterne-IV-slike-na-platnu-5-1308x2048.jpg 1308w, https:\/\/svetslik.si\/wp-content\/uploads\/2021\/09\/Amedeo-Modigliani-\u2013-Portrait-of-Jeanne-Hebuterne-IV-slike-na-platnu-5-96x150.jpg 96w\" sizes=\"(max-width: 1500px) 100vw, 1500px\" \/>\t\t\t\t<\/div>\n\t\t\t\t\t\t\t\t\t\t\t<\/div>\n\t<\/div>\n  [\/vc_column][\/vc_row][vc_row css=&#8221;.vc_custom_1742250862974{margin-bottom: 10px !important;}&#8221;][vc_column]\t<div class=\"et-image-278 et-image     et_image_link\">\n\t\t<div class=\"et-image-inner \">\n\t\t\t\t\t\t\t<div class=\"et-image-thumb \">\n\t\t\t\t\t<img decoding=\"async\" width=\"1500\" height=\"2087\" src=\"https:\/\/svetslik.si\/wp-content\/uploads\/2021\/09\/Amedeo-Modigliani-\u2013-Portrait-of-Jeanne-Hebuterne-IV-slike-na-platnu-4.jpg\" class=\"attachment-full\" alt=\"Amedeo Modigliani \u2013 Portrait of Jeanne H\u00e9buterne IV - slike na platnu\" title=\"Amedeo Modigliani - Ritratto di Jeanne H\u00e9buterne IV\" srcset=\"https:\/\/svetslik.si\/wp-content\/uploads\/2021\/09\/Amedeo-Modigliani-\u2013-Portrait-of-Jeanne-Hebuterne-IV-slike-na-platnu-4.jpg 1500w, https:\/\/svetslik.si\/wp-content\/uploads\/2021\/09\/Amedeo-Modigliani-\u2013-Portrait-of-Jeanne-Hebuterne-IV-slike-na-platnu-4-600x835.jpg 600w, https:\/\/svetslik.si\/wp-content\/uploads\/2021\/09\/Amedeo-Modigliani-\u2013-Portrait-of-Jeanne-Hebuterne-IV-slike-na-platnu-4-1200x1670.jpg 1200w, https:\/\/svetslik.si\/wp-content\/uploads\/2021\/09\/Amedeo-Modigliani-\u2013-Portrait-of-Jeanne-Hebuterne-IV-slike-na-platnu-4-216x300.jpg 216w, https:\/\/svetslik.si\/wp-content\/uploads\/2021\/09\/Amedeo-Modigliani-\u2013-Portrait-of-Jeanne-Hebuterne-IV-slike-na-platnu-4-736x1024.jpg 736w, https:\/\/svetslik.si\/wp-content\/uploads\/2021\/09\/Amedeo-Modigliani-\u2013-Portrait-of-Jeanne-Hebuterne-IV-slike-na-platnu-4-768x1069.jpg 768w, https:\/\/svetslik.si\/wp-content\/uploads\/2021\/09\/Amedeo-Modigliani-\u2013-Portrait-of-Jeanne-Hebuterne-IV-slike-na-platnu-4-1104x1536.jpg 1104w, https:\/\/svetslik.si\/wp-content\/uploads\/2021\/09\/Amedeo-Modigliani-\u2013-Portrait-of-Jeanne-Hebuterne-IV-slike-na-platnu-4-1472x2048.jpg 1472w, https:\/\/svetslik.si\/wp-content\/uploads\/2021\/09\/Amedeo-Modigliani-\u2013-Portrait-of-Jeanne-Hebuterne-IV-slike-na-platnu-4-108x150.jpg 108w\" sizes=\"(max-width: 1500px) 100vw, 1500px\" \/>\t\t\t\t<\/div>\n\t\t\t\t\t\t\t\t\t\t\t<\/div>\n\t<\/div>\n  [\/vc_column][\/vc_row][vc_row css=&#8221;.vc_custom_1742250862974{margin-bottom: 10px !important;}&#8221;][vc_column]\t<div class=\"et-image-287 et-image     et_image_link\">\n\t\t<div class=\"et-image-inner \">\n\t\t\t\t\t\t\t<div class=\"et-image-thumb \">\n\t\t\t\t\t<img decoding=\"async\" width=\"1500\" height=\"1133\" src=\"https:\/\/svetslik.si\/wp-content\/uploads\/2021\/09\/Amedeo-Modigliani-\u2013-Portrait-of-Jeanne-Hebuterne-IV-slike-na-platnu-3.jpg\" class=\"attachment-full\" alt=\"Amedeo Modigliani \u2013 Portrait of Jeanne H\u00e9buterne IV - slike na platnu\" title=\"Amedeo Modigliani - Ritratto di Jeanne H\u00e9buterne IV\" srcset=\"https:\/\/svetslik.si\/wp-content\/uploads\/2021\/09\/Amedeo-Modigliani-\u2013-Portrait-of-Jeanne-Hebuterne-IV-slike-na-platnu-3.jpg 1500w, https:\/\/svetslik.si\/wp-content\/uploads\/2021\/09\/Amedeo-Modigliani-\u2013-Portrait-of-Jeanne-Hebuterne-IV-slike-na-platnu-3-600x453.jpg 600w, https:\/\/svetslik.si\/wp-content\/uploads\/2021\/09\/Amedeo-Modigliani-\u2013-Portrait-of-Jeanne-Hebuterne-IV-slike-na-platnu-3-1200x906.jpg 1200w, https:\/\/svetslik.si\/wp-content\/uploads\/2021\/09\/Amedeo-Modigliani-\u2013-Portrait-of-Jeanne-Hebuterne-IV-slike-na-platnu-3-300x227.jpg 300w, https:\/\/svetslik.si\/wp-content\/uploads\/2021\/09\/Amedeo-Modigliani-\u2013-Portrait-of-Jeanne-Hebuterne-IV-slike-na-platnu-3-1024x773.jpg 1024w, https:\/\/svetslik.si\/wp-content\/uploads\/2021\/09\/Amedeo-Modigliani-\u2013-Portrait-of-Jeanne-Hebuterne-IV-slike-na-platnu-3-768x580.jpg 768w, https:\/\/svetslik.si\/wp-content\/uploads\/2021\/09\/Amedeo-Modigliani-\u2013-Portrait-of-Jeanne-Hebuterne-IV-slike-na-platnu-3-150x113.jpg 150w\" sizes=\"(max-width: 1500px) 100vw, 1500px\" \/>\t\t\t\t<\/div>\n\t\t\t\t\t\t\t\t\t\t\t<\/div>\n\t<\/div>\n  [\/vc_column][\/vc_row][vc_row css=&#8221;.vc_custom_1742250862974{margin-bottom: 10px !important;}&#8221;][vc_column]\t<div class=\"et-image-335 et-image     et_image_link\">\n\t\t<div class=\"et-image-inner \">\n\t\t\t\t\t\t\t<div class=\"et-image-thumb \">\n\t\t\t\t\t<img decoding=\"async\" width=\"1500\" height=\"1125\" src=\"https:\/\/svetslik.si\/wp-content\/uploads\/2021\/09\/Amedeo-Modigliani-\u2013-Portrait-of-Jeanne-Hebuterne-IV-slike-na-platnu.jpg\" class=\"attachment-full\" alt=\"Amedeo Modigliani - Ritratto di Jeanne H\u00e9buterne IV\" title=\"Amedeo Modigliani - Ritratto di Jeanne H\u00e9buterne IV\" srcset=\"https:\/\/svetslik.si\/wp-content\/uploads\/2021\/09\/Amedeo-Modigliani-\u2013-Portrait-of-Jeanne-Hebuterne-IV-slike-na-platnu.jpg 1500w, https:\/\/svetslik.si\/wp-content\/uploads\/2021\/09\/Amedeo-Modigliani-\u2013-Portrait-of-Jeanne-Hebuterne-IV-slike-na-platnu-600x450.jpg 600w, https:\/\/svetslik.si\/wp-content\/uploads\/2021\/09\/Amedeo-Modigliani-\u2013-Portrait-of-Jeanne-Hebuterne-IV-slike-na-platnu-1200x900.jpg 1200w, https:\/\/svetslik.si\/wp-content\/uploads\/2021\/09\/Amedeo-Modigliani-\u2013-Portrait-of-Jeanne-Hebuterne-IV-slike-na-platnu-300x225.jpg 300w, https:\/\/svetslik.si\/wp-content\/uploads\/2021\/09\/Amedeo-Modigliani-\u2013-Portrait-of-Jeanne-Hebuterne-IV-slike-na-platnu-1024x768.jpg 1024w, https:\/\/svetslik.si\/wp-content\/uploads\/2021\/09\/Amedeo-Modigliani-\u2013-Portrait-of-Jeanne-Hebuterne-IV-slike-na-platnu-768x576.jpg 768w, https:\/\/svetslik.si\/wp-content\/uploads\/2021\/09\/Amedeo-Modigliani-\u2013-Portrait-of-Jeanne-Hebuterne-IV-slike-na-platnu-150x113.jpg 150w\" sizes=\"(max-width: 1500px) 100vw, 1500px\" \/>\t\t\t\t<\/div>\n\t\t\t\t\t\t\t\t\t\t\t<\/div>\n\t<\/div>\n  [\/vc_column][\/vc_row][vc_row][vc_column][vc_column_text]\n<h1>Amedeo Modigliani &#8211; Ritratto di Jeanne H\u00e9buterne IV<\/h1>\n<p>&nbsp;<\/p>\n<table style=\"width: 632px;\" border=\"0\" width=\"632\" cellspacing=\"0\" cellpadding=\"0\">\n<tbody>\n<tr>\n<td height=\"21\">Anno di creazione:<\/td>\n<td style=\"width: 452px;\">1917<\/td>\n<\/tr>\n<tr>\n<td height=\"21\">Dimensioni originali:<\/td>\n<td style=\"width: 452px;\">137,1 cm x 164,5 cm<\/td>\n<\/tr>\n<tr>\n<td height=\"21\">Stile di pittura:<\/td>\n<td style=\"width: 452px;\">Espressionismo<\/td>\n<\/tr>\n<tr>\n<td height=\"21\">Tecnica originale:<\/td>\n<td>Olio su tela<\/td>\n<\/tr>\n<tr>\n<td height=\"21\">Situato:<\/td>\n<td style=\"width: 452px;\">Collezione privata<\/td>\n<\/tr>\n<\/tbody>\n<colgroup> <\/colgroup>\n<\/table>\n<p>&nbsp;<\/p>\n<div>Jeanne H\u00e9buterne, descritta dallo scrittore Charles-Albert Cingria come gentile, timida, tranquilla e delicata, fu la musa centrale di Modigliani e anche la compagna del pittore. Dopo che Modigliani contrasse la tubercolosi e mor\u00ec nel 1920, una Jeanne incinta si gett\u00f2 dal quinto piano solo un giorno dopo.<\/div>\n<div><\/div>\n<div>Modigliani ha raffigurato Jeanne in diversi dipinti che descrivono il rapporto appassionato e tragico tra l&#8217;artista e la sua musa.<\/div>\n<div><\/div>\n<div>L&#8217;immagine\u00a0Ritratto di Jeanne H\u00e9buterne IV ha raggiunto un prezzo di vendita di 8,5 milioni di euro all&#8217;asta di Sotheby&#8217;s nel novembre 2010.<\/div>\n<div><\/div>\n<\/div>","protected":false},"excerpt":{"rendered":"<p>[vc_row css=&#8221;.vc_custom_1742250862974{margin-bottom: 10px !important;}&#8221;][vc_column][\/vc_column][\/vc_row][vc_row css=&#8221;.vc_custom_1742250862974{margin-bottom: 10px !important;}&#8221;][vc_column][\/vc_column][\/vc_row][vc_row css=&#8221;.vc_custom_1742250862974{margin-bottom: 10px !important;}&#8221;][vc_column][\/vc_column][\/vc_row][vc_row css=&#8221;.vc_custom_1742250862974{margin-bottom: 10px !important;}&#8221;][vc_column][\/vc_column][\/vc_row][vc_row css=&#8221;.vc_custom_1742250862974{margin-bottom: 10px !important;}&#8221;][vc_column][\/vc_column][\/vc_row][vc_row][vc_column][vc_column_text] Amedeo Modigliani &#8211; Ritratto di Jeanne H\u00e9buterne IV &nbsp; Anno di creazione: 1917 Dimensioni originali: 137,1 cm x 164,5 cm Stile di pittura: Espressionismo Tecnica originale: Olio su tela Situato: Collezione privata &nbsp; Jeanne [&hellip;]<\/p>\n","protected":false},"featured_media":35492,"template":"","meta":{"_acf_changed":false},"product_brand":[],"product_cat":[4175],"product_tag":[4231,4246,4245,4253],"class_list":{"0":"post-38614","1":"product","2":"type-product","3":"status-publish","4":"has-post-thumbnail","6":"product_cat-amedeo-modigliani","7":"product_tag-modigliani-it","8":"product_tag-riproduzione-it","9":"product_tag-riproduzione","10":"product_tag-un-pittore","11":"pa_dimenzija-100-x-120-cm","12":"pa_dimenzija-110-x-130-cm","13":"pa_dimenzija-120-x-140-cm","14":"pa_dimenzija-137-x-164-cm","15":"pa_dimenzija-150-x-180-cm","16":"pa_dimenzija-60-x-70-cm","17":"pa_dimenzija-70-x-85-cm","18":"pa_dimenzija-90-x-110-cm","19":"pa_oblika-verticale","20":"pa_okvir-sensa-cornice","21":"pa_podokvir-no","22":"pa_podokvir-si","24":"first","25":"onbackorder","26":"purchasable","27":"product-type-variable","28":"has-default-attributes"},"acf":[],"yoast_head":"<!-- This site is optimized with the Yoast SEO Premium plugin v26.0 (Yoast SEO v27.2) - https:\/\/yoast.com\/product\/yoast-seo-premium-wordpress\/ -->\n<title>Amedeo Modigliani - Ritratto di Jeanne H\u00e9buterne IV - SVETSLIK.SI - Dipinti a mano al 100%<\/title>\n<meta name=\"description\" content=\"Amedeo Modigliani - Ritratto di Jeanne H\u00e9buterne IV - Riproduzioni di quadri d&#039;arte dipinte a mano al 100% su tela. Cornici per quadri, vendita e produzione di dimensioni su ordinazione.\" \/>\n<meta name=\"robots\" content=\"index, follow, max-snippet:-1, max-image-preview:large, max-video-preview:-1\" \/>\n<link rel=\"canonical\" href=\"https:\/\/svetslik.si\/it\/amedeo-modigliani\/portrait-of-jeanne-hebuterne-iv\/\" \/>\n<meta property=\"og:locale\" content=\"it_IT\" \/>\n<meta property=\"og:type\" content=\"article\" \/>\n<meta property=\"og:title\" content=\"Amedeo Modigliani - Ritratto di Jeanne H\u00e9buterne IV\" \/>\n<meta property=\"og:description\" content=\"100% ro\u010dno naslikane slike na platnu, reprodukcije znanih slikarjev in umetni\u0161ke slike po naro\u010dilu.\" \/>\n<meta property=\"og:url\" content=\"https:\/\/svetslik.si\/it\/amedeo-modigliani\/portrait-of-jeanne-hebuterne-iv\/\" \/>\n<meta property=\"og:site_name\" content=\"SVETSLIK.SI\" \/>\n<meta property=\"article:publisher\" content=\"https:\/\/www.facebook.com\/svetslik.si\" \/>\n<meta property=\"article:modified_time\" content=\"2026-03-22T20:14:51+00:00\" \/>\n<meta property=\"og:image\" content=\"https:\/\/svetslik.si\/wp-content\/uploads\/2021\/08\/image_Portrait-of-Jeanne-Hebuterne-IV-Modigliani_680.jpg\" \/>\n\t<meta property=\"og:image:width\" content=\"1668\" \/>\n\t<meta property=\"og:image:height\" content=\"2224\" \/>\n\t<meta property=\"og:image:type\" content=\"image\/jpeg\" \/>\n<meta name=\"twitter:card\" content=\"summary_large_image\" \/>\n<meta name=\"twitter:site\" content=\"@svetslik\" \/>\n<meta name=\"twitter:label1\" content=\"Disponibilit\u00e0\" \/>\n\t<meta name=\"twitter:data1\" content=\"Su ordinazione\" \/>\n<script type=\"application\/ld+json\" class=\"yoast-schema-graph\">{\"@context\":\"https:\/\/schema.org\",\"@graph\":[{\"@type\":[\"WebPage\",\"ItemPage\"],\"@id\":\"https:\/\/svetslik.si\/it\/amedeo-modigliani\/portrait-of-jeanne-hebuterne-iv\/\",\"url\":\"https:\/\/svetslik.si\/it\/amedeo-modigliani\/portrait-of-jeanne-hebuterne-iv\/\",\"name\":\"Amedeo Modigliani - Ritratto di Jeanne H\u00e9buterne IV - SVETSLIK.SI - Dipinti a mano al 100%\",\"isPartOf\":{\"@id\":\"https:\/\/svetslik.si\/it\/#website\"},\"primaryImageOfPage\":{\"@id\":\"https:\/\/svetslik.si\/it\/amedeo-modigliani\/portrait-of-jeanne-hebuterne-iv\/#primaryimage\"},\"image\":{\"@id\":\"https:\/\/svetslik.si\/it\/amedeo-modigliani\/portrait-of-jeanne-hebuterne-iv\/#primaryimage\"},\"thumbnailUrl\":\"https:\/\/svetslik.si\/wp-content\/uploads\/2021\/08\/image_Portrait-of-Jeanne-Hebuterne-IV-Modigliani_680.jpg\",\"datePublished\":\"2021-09-02T15:48:59+00:00\",\"dateModified\":\"2026-03-22T20:14:51+00:00\",\"description\":\"Amedeo Modigliani - Ritratto di Jeanne H\u00e9buterne IV - Riproduzioni di quadri d'arte dipinte a mano al 100% su tela. Cornici per quadri, vendita e produzione di dimensioni su ordinazione.\",\"breadcrumb\":{\"@id\":\"https:\/\/svetslik.si\/it\/amedeo-modigliani\/portrait-of-jeanne-hebuterne-iv\/#breadcrumb\"},\"inLanguage\":\"it-IT\",\"potentialAction\":[{\"@type\":\"ReadAction\",\"target\":[\"https:\/\/svetslik.si\/it\/amedeo-modigliani\/portrait-of-jeanne-hebuterne-iv\/\"]}]},{\"@type\":\"ImageObject\",\"inLanguage\":\"it-IT\",\"@id\":\"https:\/\/svetslik.si\/it\/amedeo-modigliani\/portrait-of-jeanne-hebuterne-iv\/#primaryimage\",\"url\":\"https:\/\/svetslik.si\/wp-content\/uploads\/2021\/08\/image_Portrait-of-Jeanne-Hebuterne-IV-Modigliani_680.jpg\",\"contentUrl\":\"https:\/\/svetslik.si\/wp-content\/uploads\/2021\/08\/image_Portrait-of-Jeanne-Hebuterne-IV-Modigliani_680.jpg\",\"width\":1668,\"height\":2224,\"caption\":\"Amedeo Modigliani - Portrait of Jeanne H\u00e9buterne IV - Riproduzioni di pittori famosi, quadri moderni, quadri\"},{\"@type\":\"BreadcrumbList\",\"@id\":\"https:\/\/svetslik.si\/it\/amedeo-modigliani\/portrait-of-jeanne-hebuterne-iv\/#breadcrumb\",\"itemListElement\":[{\"@type\":\"ListItem\",\"position\":1,\"name\":\"Fali m\u0171v\u00e9szet \u00e9s festm\u00e9nyek v\u00e1szonra\",\"item\":\"https:\/\/svetslik.si\/it\/\"},{\"@type\":\"ListItem\",\"position\":2,\"name\":\"Vendita di dipinti\",\"item\":\"https:\/\/svetslik.si\/prodaja-slik\/\"},{\"@type\":\"ListItem\",\"position\":3,\"name\":\"Amedeo Modigliani &#8211; Ritratto di Jeanne H\u00e9buterne IV\"}]},{\"@type\":\"WebSite\",\"@id\":\"https:\/\/svetslik.si\/it\/#website\",\"url\":\"https:\/\/svetslik.si\/it\/\",\"name\":\"SVETSLIK.SI\",\"description\":\"100% riproduzioni dipinte a mano di quadri di pittori famosi e dipinti su tela.\",\"publisher\":{\"@id\":\"https:\/\/svetslik.si\/it\/#organization\"},\"potentialAction\":[{\"@type\":\"SearchAction\",\"target\":{\"@type\":\"EntryPoint\",\"urlTemplate\":\"https:\/\/svetslik.si\/it\/?s={search_term_string}\"},\"query-input\":{\"@type\":\"PropertyValueSpecification\",\"valueRequired\":true,\"valueName\":\"search_term_string\"}}],\"inLanguage\":\"it-IT\"},{\"@type\":\"Organization\",\"@id\":\"https:\/\/svetslik.si\/it\/#organization\",\"name\":\"SvetSlik.si\",\"url\":\"https:\/\/svetslik.si\/it\/\",\"logo\":{\"@type\":\"ImageObject\",\"inLanguage\":\"it-IT\",\"@id\":\"https:\/\/svetslik.si\/it\/#\/schema\/logo\/image\/\",\"url\":\"https:\/\/svetslik.si\/wp-content\/uploads\/2020\/12\/logo-512.png\",\"contentUrl\":\"https:\/\/svetslik.si\/wp-content\/uploads\/2020\/12\/logo-512.png\",\"width\":512,\"height\":512,\"caption\":\"SvetSlik.si\"},\"image\":{\"@id\":\"https:\/\/svetslik.si\/it\/#\/schema\/logo\/image\/\"},\"sameAs\":[\"https:\/\/www.facebook.com\/svetslik.si\",\"https:\/\/x.com\/svetslik\",\"https:\/\/www.instagram.com\/svetslik.si\/\",\"https:\/\/www.linkedin.com\/company\/svetslik-si\"]}]}<\/script>\n<meta property=\"og:availability\" content=\"backorder\" \/>\n<meta property=\"product:availability\" content=\"available for order\" \/>\n<meta property=\"product:retailer_item_id\" content=\"197__\" \/>\n<meta property=\"product:condition\" content=\"new\" \/>\n<!-- \/ Yoast SEO Premium plugin. -->","yoast_head_json":{"title":"Amedeo Modigliani - Ritratto di Jeanne H\u00e9buterne IV - SVETSLIK.SI - Dipinti a mano al 100%","description":"Amedeo Modigliani - Ritratto di Jeanne H\u00e9buterne IV - Riproduzioni di quadri d'arte dipinte a mano al 100% su tela. Cornici per quadri, vendita e produzione di dimensioni su ordinazione.","robots":{"index":"index","follow":"follow","max-snippet":"max-snippet:-1","max-image-preview":"max-image-preview:large","max-video-preview":"max-video-preview:-1"},"canonical":"https:\/\/svetslik.si\/it\/amedeo-modigliani\/portrait-of-jeanne-hebuterne-iv\/","og_locale":"it_IT","og_type":"article","og_title":"Amedeo Modigliani - Ritratto di Jeanne H\u00e9buterne IV","og_description":"100% ro\u010dno naslikane slike na platnu, reprodukcije znanih slikarjev in umetni\u0161ke slike po naro\u010dilu.","og_url":"https:\/\/svetslik.si\/it\/amedeo-modigliani\/portrait-of-jeanne-hebuterne-iv\/","og_site_name":"SVETSLIK.SI","article_publisher":"https:\/\/www.facebook.com\/svetslik.si","article_modified_time":"2026-03-22T20:14:51+00:00","og_image":[{"width":1668,"height":2224,"url":"https:\/\/svetslik.si\/wp-content\/uploads\/2021\/08\/image_Portrait-of-Jeanne-Hebuterne-IV-Modigliani_680.jpg","type":"image\/jpeg"}],"twitter_card":"summary_large_image","twitter_site":"@svetslik","twitter_misc":{"Disponibilit\u00e0":"Su ordinazione"},"schema":{"@context":"https:\/\/schema.org","@graph":[{"@type":["WebPage","ItemPage"],"@id":"https:\/\/svetslik.si\/it\/amedeo-modigliani\/portrait-of-jeanne-hebuterne-iv\/","url":"https:\/\/svetslik.si\/it\/amedeo-modigliani\/portrait-of-jeanne-hebuterne-iv\/","name":"Amedeo Modigliani - Ritratto di Jeanne H\u00e9buterne IV - SVETSLIK.SI - Dipinti a mano al 100%","isPartOf":{"@id":"https:\/\/svetslik.si\/it\/#website"},"primaryImageOfPage":{"@id":"https:\/\/svetslik.si\/it\/amedeo-modigliani\/portrait-of-jeanne-hebuterne-iv\/#primaryimage"},"image":{"@id":"https:\/\/svetslik.si\/it\/amedeo-modigliani\/portrait-of-jeanne-hebuterne-iv\/#primaryimage"},"thumbnailUrl":"https:\/\/svetslik.si\/wp-content\/uploads\/2021\/08\/image_Portrait-of-Jeanne-Hebuterne-IV-Modigliani_680.jpg","datePublished":"2021-09-02T15:48:59+00:00","dateModified":"2026-03-22T20:14:51+00:00","description":"Amedeo Modigliani - Ritratto di Jeanne H\u00e9buterne IV - Riproduzioni di quadri d'arte dipinte a mano al 100% su tela. Cornici per quadri, vendita e produzione di dimensioni su ordinazione.","breadcrumb":{"@id":"https:\/\/svetslik.si\/it\/amedeo-modigliani\/portrait-of-jeanne-hebuterne-iv\/#breadcrumb"},"inLanguage":"it-IT","potentialAction":[{"@type":"ReadAction","target":["https:\/\/svetslik.si\/it\/amedeo-modigliani\/portrait-of-jeanne-hebuterne-iv\/"]}]},{"@type":"ImageObject","inLanguage":"it-IT","@id":"https:\/\/svetslik.si\/it\/amedeo-modigliani\/portrait-of-jeanne-hebuterne-iv\/#primaryimage","url":"https:\/\/svetslik.si\/wp-content\/uploads\/2021\/08\/image_Portrait-of-Jeanne-Hebuterne-IV-Modigliani_680.jpg","contentUrl":"https:\/\/svetslik.si\/wp-content\/uploads\/2021\/08\/image_Portrait-of-Jeanne-Hebuterne-IV-Modigliani_680.jpg","width":1668,"height":2224,"caption":"Amedeo Modigliani - Portrait of Jeanne H\u00e9buterne IV - Riproduzioni di pittori famosi, quadri moderni, quadri"},{"@type":"BreadcrumbList","@id":"https:\/\/svetslik.si\/it\/amedeo-modigliani\/portrait-of-jeanne-hebuterne-iv\/#breadcrumb","itemListElement":[{"@type":"ListItem","position":1,"name":"Fali m\u0171v\u00e9szet \u00e9s festm\u00e9nyek v\u00e1szonra","item":"https:\/\/svetslik.si\/it\/"},{"@type":"ListItem","position":2,"name":"Vendita di dipinti","item":"https:\/\/svetslik.si\/prodaja-slik\/"},{"@type":"ListItem","position":3,"name":"Amedeo Modigliani &#8211; Ritratto di Jeanne H\u00e9buterne IV"}]},{"@type":"WebSite","@id":"https:\/\/svetslik.si\/it\/#website","url":"https:\/\/svetslik.si\/it\/","name":"SVETSLIK.SI","description":"100% riproduzioni dipinte a mano di quadri di pittori famosi e dipinti su tela.","publisher":{"@id":"https:\/\/svetslik.si\/it\/#organization"},"potentialAction":[{"@type":"SearchAction","target":{"@type":"EntryPoint","urlTemplate":"https:\/\/svetslik.si\/it\/?s={search_term_string}"},"query-input":{"@type":"PropertyValueSpecification","valueRequired":true,"valueName":"search_term_string"}}],"inLanguage":"it-IT"},{"@type":"Organization","@id":"https:\/\/svetslik.si\/it\/#organization","name":"SvetSlik.si","url":"https:\/\/svetslik.si\/it\/","logo":{"@type":"ImageObject","inLanguage":"it-IT","@id":"https:\/\/svetslik.si\/it\/#\/schema\/logo\/image\/","url":"https:\/\/svetslik.si\/wp-content\/uploads\/2020\/12\/logo-512.png","contentUrl":"https:\/\/svetslik.si\/wp-content\/uploads\/2020\/12\/logo-512.png","width":512,"height":512,"caption":"SvetSlik.si"},"image":{"@id":"https:\/\/svetslik.si\/it\/#\/schema\/logo\/image\/"},"sameAs":["https:\/\/www.facebook.com\/svetslik.si","https:\/\/x.com\/svetslik","https:\/\/www.instagram.com\/svetslik.si\/","https:\/\/www.linkedin.com\/company\/svetslik-si"]}]},"og_availability":"backorder","product_availability":"available for order","product_retailer_item_id":"197__","product_condition":"new"},"jetpack_sharing_enabled":true,"_links":{"self":[{"href":"https:\/\/svetslik.si\/it\/wp-json\/wp\/v2\/product\/38614","targetHints":{"allow":["GET"]}}],"collection":[{"href":"https:\/\/svetslik.si\/it\/wp-json\/wp\/v2\/product"}],"about":[{"href":"https:\/\/svetslik.si\/it\/wp-json\/wp\/v2\/types\/product"}],"wp:featuredmedia":[{"embeddable":true,"href":"https:\/\/svetslik.si\/it\/wp-json\/wp\/v2\/media\/35492"}],"wp:attachment":[{"href":"https:\/\/svetslik.si\/it\/wp-json\/wp\/v2\/media?parent=38614"}],"wp:term":[{"taxonomy":"product_brand","embeddable":true,"href":"https:\/\/svetslik.si\/it\/wp-json\/wp\/v2\/product_brand?post=38614"},{"taxonomy":"product_cat","embeddable":true,"href":"https:\/\/svetslik.si\/it\/wp-json\/wp\/v2\/product_cat?post=38614"},{"taxonomy":"product_tag","embeddable":true,"href":"https:\/\/svetslik.si\/it\/wp-json\/wp\/v2\/product_tag?post=38614"}],"curies":[{"name":"wp","href":"https:\/\/api.w.org\/{rel}","templated":true}]}}