{"id":38695,"date":"2021-09-02T17:49:42","date_gmt":"2021-09-02T15:49:42","guid":{"rendered":"https:\/\/svetslik.si\/senza-categoria\/portrait-of-jeanne-hebuterne-v\/"},"modified":"2026-03-22T21:16:21","modified_gmt":"2026-03-22T20:16:21","slug":"portrait-of-jeanne-hebuterne-v","status":"publish","type":"product","link":"https:\/\/svetslik.si\/it\/amedeo-modigliani\/portrait-of-jeanne-hebuterne-v\/","title":{"rendered":"Amedeo Modigliani &#8211; Ritratto di Jeanne H\u00e9buterne V"},"content":{"rendered":"<div class=\"wpb-content-wrapper\">[vc_row css=&#8221;.vc_custom_1691327855593{margin-bottom: 10px !important;}&#8221;][vc_column]\t<div class=\"et-image-474 et-image     et_image_link\">\n\t\t<div class=\"et-image-inner \">\n\t\t\t\t\t\t\t<div class=\"et-image-thumb \">\n\t\t\t\t\t<img decoding=\"async\" width=\"776\" height=\"1000\" src=\"https:\/\/svetslik.si\/wp-content\/uploads\/2021\/09\/amedeo-modigliani-Amedeo-Modigliani-\u2013-Portrait-of-Jeanne-Hebuterne-V.jpg\" class=\"attachment-full\" alt=\"amedeo modigliani Amedeo Modigliani \u2013 Portrait of Jeanne H\u00e9buterne V\" title=\"amedeo-modigliani-Amedeo-Modigliani-\u2013-Portrait-of-Jeanne-H\u00e9buterne-V\" srcset=\"https:\/\/svetslik.si\/wp-content\/uploads\/2021\/09\/amedeo-modigliani-Amedeo-Modigliani-\u2013-Portrait-of-Jeanne-Hebuterne-V.jpg 776w, https:\/\/svetslik.si\/wp-content\/uploads\/2021\/09\/amedeo-modigliani-Amedeo-Modigliani-\u2013-Portrait-of-Jeanne-Hebuterne-V-600x773.jpg 600w, https:\/\/svetslik.si\/wp-content\/uploads\/2021\/09\/amedeo-modigliani-Amedeo-Modigliani-\u2013-Portrait-of-Jeanne-Hebuterne-V-233x300.jpg 233w, https:\/\/svetslik.si\/wp-content\/uploads\/2021\/09\/amedeo-modigliani-Amedeo-Modigliani-\u2013-Portrait-of-Jeanne-Hebuterne-V-768x990.jpg 768w, https:\/\/svetslik.si\/wp-content\/uploads\/2021\/09\/amedeo-modigliani-Amedeo-Modigliani-\u2013-Portrait-of-Jeanne-Hebuterne-V-116x150.jpg 116w\" sizes=\"(max-width: 776px) 100vw, 776px\" \/>\t\t\t\t<\/div>\n\t\t\t\t\t\t\t\t\t\t\t<\/div>\n\t<\/div>\n  [\/vc_column][\/vc_row][vc_row][vc_column][vc_column_text]\n<h1>Amedeo Modigliani &#8211; Ritratto di Jeanne H\u00e9buterne V<\/h1>\n<p>&nbsp;<\/p>\n<table border=\"0\" width=\"632\" cellspacing=\"0\" cellpadding=\"0\">\n<tbody>\n<tr>\n<td height=\"21\">Anno di creazione:<\/td>\n<td style=\"width: 452px;\">1917<\/td>\n<\/tr>\n<tr>\n<td height=\"21\">Dimensione originale:<\/td>\n<td style=\"width: 452px;\">38 cm x 55 cm<\/td>\n<\/tr>\n<tr>\n<td height=\"21\">Stile colore:<\/td>\n<td style=\"width: 452px;\">Espressionismo<\/td>\n<\/tr>\n<tr>\n<td height=\"21\">Tecnica originale:<\/td>\n<td>Olio su tela<\/td>\n<\/tr>\n<tr>\n<td height=\"21\">Situato:<\/td>\n<td style=\"width: 452px;\">Collezione privata<\/td>\n<\/tr>\n<\/tbody>\n<colgroup>\n<col \/>\n<col \/> <\/colgroup>\n<\/table>\n<p>&nbsp;<\/p>\n<div>Lo scrittore Charles-Albert Cingria ha descritto Jeanne come gentile, timida, tranquilla e delicata. Jeanne era la musa centrale di Modigliani e anche la sua amante. Dopo che Modigliani contrasse la tubercolosi e mor\u00ec nel 1920, una Jeanne incinta si gett\u00f2 dal quinto piano solo un giorno dopo.<\/div>\n<div><\/div>\n<div>Modigliani ha raffigurato Jeanne in diversi dipinti che descrivono il rapporto appassionato e tragico tra l&#8217;artista e la sua musa.<\/div>\n<div><\/div>\n<p>&nbsp;<\/p>\n<\/div>","protected":false},"excerpt":{"rendered":"<p>[vc_row css=&#8221;.vc_custom_1691327855593{margin-bottom: 10px !important;}&#8221;][vc_column][\/vc_column][\/vc_row][vc_row][vc_column][vc_column_text] Amedeo Modigliani &#8211; Ritratto di Jeanne H\u00e9buterne V &nbsp; Anno di creazione: 1917 Dimensione originale: 38 cm x 55 cm Stile colore: Espressionismo Tecnica originale: Olio su tela Situato: Collezione privata &nbsp; Lo scrittore Charles-Albert Cingria ha descritto Jeanne come gentile, timida, tranquilla e delicata. Jeanne [&hellip;]<\/p>\n","protected":false},"featured_media":36424,"template":"","meta":{"_acf_changed":false},"product_brand":[],"product_cat":[4175],"product_tag":[4231,4245,4246,4253],"class_list":{"0":"post-38695","1":"product","2":"type-product","3":"status-publish","4":"has-post-thumbnail","6":"product_cat-amedeo-modigliani","7":"product_tag-modigliani-it","8":"product_tag-riproduzione","9":"product_tag-riproduzione-it","10":"product_tag-un-pittore","11":"pa_dimenzija-100-x-150-cm-it","12":"pa_dimenzija-120-x-170-cm-it","13":"pa_dimenzija-38-x-55-cm-it","14":"pa_dimenzija-50-x-70-cm-it","15":"pa_dimenzija-60-x-90-cm-it","16":"pa_dimenzija-80-x-110-cm-it","17":"pa_dimenzija-80-x-120-cm-it","18":"pa_dimenzija-90-x-130-cm-it","19":"pa_oblika-verticale","20":"pa_okvir-sensa-cornice","21":"pa_podokvir-no","22":"pa_podokvir-si","24":"first","25":"instock","26":"purchasable","27":"product-type-variable","28":"has-default-attributes"},"acf":[],"yoast_head":"<!-- This site is optimized with the Yoast SEO Premium plugin v26.0 (Yoast SEO v27.2) - https:\/\/yoast.com\/product\/yoast-seo-premium-wordpress\/ -->\n<title>Amedeo Modigliani - Ritratto di Jeanne H\u00e9buterne V - SVETSLIK.SI - Dipinti a mano al 100%<\/title>\n<meta name=\"description\" content=\"Amedeo Modigliani - Ritratto di Jeanne H\u00e9buterne V - Riproduzioni di quadri d&#039;arte dipinte a mano al 100% su tela. Cornici per quadri, vendita e produzione di dimensioni su ordinazione.\" \/>\n<meta name=\"robots\" content=\"index, follow, max-snippet:-1, max-image-preview:large, max-video-preview:-1\" \/>\n<link rel=\"canonical\" href=\"https:\/\/svetslik.si\/it\/amedeo-modigliani\/portrait-of-jeanne-hebuterne-v\/\" \/>\n<meta property=\"og:locale\" content=\"it_IT\" \/>\n<meta property=\"og:type\" content=\"article\" \/>\n<meta property=\"og:title\" content=\"Amedeo Modigliani - Ritratto di Jeanne H\u00e9buterne V\" \/>\n<meta property=\"og:description\" content=\"100% ro\u010dno naslikane slike na platnu, reprodukcije znanih slikarjev in umetni\u0161ke slike po naro\u010dilu.\" \/>\n<meta property=\"og:url\" content=\"https:\/\/svetslik.si\/it\/amedeo-modigliani\/portrait-of-jeanne-hebuterne-v\/\" \/>\n<meta property=\"og:site_name\" content=\"SVETSLIK.SI\" \/>\n<meta property=\"article:publisher\" content=\"https:\/\/www.facebook.com\/svetslik.si\" \/>\n<meta property=\"article:modified_time\" content=\"2026-03-22T20:16:21+00:00\" \/>\n<meta property=\"og:image\" content=\"https:\/\/svetslik.si\/wp-content\/uploads\/2021\/09\/Modigliani_Hebuterne_au_grand_chapeau_1918.jpg\" \/>\n\t<meta property=\"og:image:width\" content=\"692\" \/>\n\t<meta property=\"og:image:height\" content=\"1014\" \/>\n\t<meta property=\"og:image:type\" content=\"image\/jpeg\" \/>\n<meta name=\"twitter:card\" content=\"summary_large_image\" \/>\n<meta name=\"twitter:site\" content=\"@svetslik\" \/>\n<meta name=\"twitter:label1\" content=\"Disponibilit\u00e0\" \/>\n\t<meta name=\"twitter:data1\" content=\"Disponibile\" \/>\n<script type=\"application\/ld+json\" class=\"yoast-schema-graph\">{\"@context\":\"https:\/\/schema.org\",\"@graph\":[{\"@type\":[\"WebPage\",\"ItemPage\"],\"@id\":\"https:\/\/svetslik.si\/it\/amedeo-modigliani\/portrait-of-jeanne-hebuterne-v\/\",\"url\":\"https:\/\/svetslik.si\/it\/amedeo-modigliani\/portrait-of-jeanne-hebuterne-v\/\",\"name\":\"Amedeo Modigliani - Ritratto di Jeanne H\u00e9buterne V - SVETSLIK.SI - Dipinti a mano al 100%\",\"isPartOf\":{\"@id\":\"https:\/\/svetslik.si\/it\/#website\"},\"primaryImageOfPage\":{\"@id\":\"https:\/\/svetslik.si\/it\/amedeo-modigliani\/portrait-of-jeanne-hebuterne-v\/#primaryimage\"},\"image\":{\"@id\":\"https:\/\/svetslik.si\/it\/amedeo-modigliani\/portrait-of-jeanne-hebuterne-v\/#primaryimage\"},\"thumbnailUrl\":\"https:\/\/svetslik.si\/wp-content\/uploads\/2021\/09\/Modigliani_Hebuterne_au_grand_chapeau_1918.jpg\",\"datePublished\":\"2021-09-02T15:49:42+00:00\",\"dateModified\":\"2026-03-22T20:16:21+00:00\",\"description\":\"Amedeo Modigliani - Ritratto di Jeanne H\u00e9buterne V - Riproduzioni di quadri d'arte dipinte a mano al 100% su tela. Cornici per quadri, vendita e produzione di dimensioni su ordinazione.\",\"breadcrumb\":{\"@id\":\"https:\/\/svetslik.si\/it\/amedeo-modigliani\/portrait-of-jeanne-hebuterne-v\/#breadcrumb\"},\"inLanguage\":\"it-IT\",\"potentialAction\":[{\"@type\":\"ReadAction\",\"target\":[\"https:\/\/svetslik.si\/it\/amedeo-modigliani\/portrait-of-jeanne-hebuterne-v\/\"]}]},{\"@type\":\"ImageObject\",\"inLanguage\":\"it-IT\",\"@id\":\"https:\/\/svetslik.si\/it\/amedeo-modigliani\/portrait-of-jeanne-hebuterne-v\/#primaryimage\",\"url\":\"https:\/\/svetslik.si\/wp-content\/uploads\/2021\/09\/Modigliani_Hebuterne_au_grand_chapeau_1918.jpg\",\"contentUrl\":\"https:\/\/svetslik.si\/wp-content\/uploads\/2021\/09\/Modigliani_Hebuterne_au_grand_chapeau_1918.jpg\",\"width\":692,\"height\":1014,\"caption\":\"Modigliani, Hebuterne con grande cappello 1918\"},{\"@type\":\"BreadcrumbList\",\"@id\":\"https:\/\/svetslik.si\/it\/amedeo-modigliani\/portrait-of-jeanne-hebuterne-v\/#breadcrumb\",\"itemListElement\":[{\"@type\":\"ListItem\",\"position\":1,\"name\":\"Fali m\u0171v\u00e9szet \u00e9s festm\u00e9nyek v\u00e1szonra\",\"item\":\"https:\/\/svetslik.si\/it\/\"},{\"@type\":\"ListItem\",\"position\":2,\"name\":\"Vendita di dipinti\",\"item\":\"https:\/\/svetslik.si\/prodaja-slik\/\"},{\"@type\":\"ListItem\",\"position\":3,\"name\":\"Amedeo Modigliani &#8211; Ritratto di Jeanne H\u00e9buterne V\"}]},{\"@type\":\"WebSite\",\"@id\":\"https:\/\/svetslik.si\/it\/#website\",\"url\":\"https:\/\/svetslik.si\/it\/\",\"name\":\"SVETSLIK.SI\",\"description\":\"100% riproduzioni dipinte a mano di quadri di pittori famosi e dipinti su tela.\",\"publisher\":{\"@id\":\"https:\/\/svetslik.si\/it\/#organization\"},\"potentialAction\":[{\"@type\":\"SearchAction\",\"target\":{\"@type\":\"EntryPoint\",\"urlTemplate\":\"https:\/\/svetslik.si\/it\/?s={search_term_string}\"},\"query-input\":{\"@type\":\"PropertyValueSpecification\",\"valueRequired\":true,\"valueName\":\"search_term_string\"}}],\"inLanguage\":\"it-IT\"},{\"@type\":\"Organization\",\"@id\":\"https:\/\/svetslik.si\/it\/#organization\",\"name\":\"SvetSlik.si\",\"url\":\"https:\/\/svetslik.si\/it\/\",\"logo\":{\"@type\":\"ImageObject\",\"inLanguage\":\"it-IT\",\"@id\":\"https:\/\/svetslik.si\/it\/#\/schema\/logo\/image\/\",\"url\":\"https:\/\/svetslik.si\/wp-content\/uploads\/2020\/12\/logo-512.png\",\"contentUrl\":\"https:\/\/svetslik.si\/wp-content\/uploads\/2020\/12\/logo-512.png\",\"width\":512,\"height\":512,\"caption\":\"SvetSlik.si\"},\"image\":{\"@id\":\"https:\/\/svetslik.si\/it\/#\/schema\/logo\/image\/\"},\"sameAs\":[\"https:\/\/www.facebook.com\/svetslik.si\",\"https:\/\/x.com\/svetslik\",\"https:\/\/www.instagram.com\/svetslik.si\/\",\"https:\/\/www.linkedin.com\/company\/svetslik-si\"]}]}<\/script>\n<meta property=\"og:availability\" content=\"instock\" \/>\n<meta property=\"product:availability\" content=\"instock\" \/>\n<meta property=\"product:retailer_item_id\" content=\"208__\" \/>\n<meta property=\"product:condition\" content=\"new\" \/>\n<!-- \/ Yoast SEO Premium plugin. -->","yoast_head_json":{"title":"Amedeo Modigliani - Ritratto di Jeanne H\u00e9buterne V - SVETSLIK.SI - Dipinti a mano al 100%","description":"Amedeo Modigliani - Ritratto di Jeanne H\u00e9buterne V - Riproduzioni di quadri d'arte dipinte a mano al 100% su tela. Cornici per quadri, vendita e produzione di dimensioni su ordinazione.","robots":{"index":"index","follow":"follow","max-snippet":"max-snippet:-1","max-image-preview":"max-image-preview:large","max-video-preview":"max-video-preview:-1"},"canonical":"https:\/\/svetslik.si\/it\/amedeo-modigliani\/portrait-of-jeanne-hebuterne-v\/","og_locale":"it_IT","og_type":"article","og_title":"Amedeo Modigliani - Ritratto di Jeanne H\u00e9buterne V","og_description":"100% ro\u010dno naslikane slike na platnu, reprodukcije znanih slikarjev in umetni\u0161ke slike po naro\u010dilu.","og_url":"https:\/\/svetslik.si\/it\/amedeo-modigliani\/portrait-of-jeanne-hebuterne-v\/","og_site_name":"SVETSLIK.SI","article_publisher":"https:\/\/www.facebook.com\/svetslik.si","article_modified_time":"2026-03-22T20:16:21+00:00","og_image":[{"width":692,"height":1014,"url":"https:\/\/svetslik.si\/wp-content\/uploads\/2021\/09\/Modigliani_Hebuterne_au_grand_chapeau_1918.jpg","type":"image\/jpeg"}],"twitter_card":"summary_large_image","twitter_site":"@svetslik","twitter_misc":{"Disponibilit\u00e0":"Disponibile"},"schema":{"@context":"https:\/\/schema.org","@graph":[{"@type":["WebPage","ItemPage"],"@id":"https:\/\/svetslik.si\/it\/amedeo-modigliani\/portrait-of-jeanne-hebuterne-v\/","url":"https:\/\/svetslik.si\/it\/amedeo-modigliani\/portrait-of-jeanne-hebuterne-v\/","name":"Amedeo Modigliani - Ritratto di Jeanne H\u00e9buterne V - SVETSLIK.SI - Dipinti a mano al 100%","isPartOf":{"@id":"https:\/\/svetslik.si\/it\/#website"},"primaryImageOfPage":{"@id":"https:\/\/svetslik.si\/it\/amedeo-modigliani\/portrait-of-jeanne-hebuterne-v\/#primaryimage"},"image":{"@id":"https:\/\/svetslik.si\/it\/amedeo-modigliani\/portrait-of-jeanne-hebuterne-v\/#primaryimage"},"thumbnailUrl":"https:\/\/svetslik.si\/wp-content\/uploads\/2021\/09\/Modigliani_Hebuterne_au_grand_chapeau_1918.jpg","datePublished":"2021-09-02T15:49:42+00:00","dateModified":"2026-03-22T20:16:21+00:00","description":"Amedeo Modigliani - Ritratto di Jeanne H\u00e9buterne V - Riproduzioni di quadri d'arte dipinte a mano al 100% su tela. Cornici per quadri, vendita e produzione di dimensioni su ordinazione.","breadcrumb":{"@id":"https:\/\/svetslik.si\/it\/amedeo-modigliani\/portrait-of-jeanne-hebuterne-v\/#breadcrumb"},"inLanguage":"it-IT","potentialAction":[{"@type":"ReadAction","target":["https:\/\/svetslik.si\/it\/amedeo-modigliani\/portrait-of-jeanne-hebuterne-v\/"]}]},{"@type":"ImageObject","inLanguage":"it-IT","@id":"https:\/\/svetslik.si\/it\/amedeo-modigliani\/portrait-of-jeanne-hebuterne-v\/#primaryimage","url":"https:\/\/svetslik.si\/wp-content\/uploads\/2021\/09\/Modigliani_Hebuterne_au_grand_chapeau_1918.jpg","contentUrl":"https:\/\/svetslik.si\/wp-content\/uploads\/2021\/09\/Modigliani_Hebuterne_au_grand_chapeau_1918.jpg","width":692,"height":1014,"caption":"Modigliani, Hebuterne con grande cappello 1918"},{"@type":"BreadcrumbList","@id":"https:\/\/svetslik.si\/it\/amedeo-modigliani\/portrait-of-jeanne-hebuterne-v\/#breadcrumb","itemListElement":[{"@type":"ListItem","position":1,"name":"Fali m\u0171v\u00e9szet \u00e9s festm\u00e9nyek v\u00e1szonra","item":"https:\/\/svetslik.si\/it\/"},{"@type":"ListItem","position":2,"name":"Vendita di dipinti","item":"https:\/\/svetslik.si\/prodaja-slik\/"},{"@type":"ListItem","position":3,"name":"Amedeo Modigliani &#8211; Ritratto di Jeanne H\u00e9buterne V"}]},{"@type":"WebSite","@id":"https:\/\/svetslik.si\/it\/#website","url":"https:\/\/svetslik.si\/it\/","name":"SVETSLIK.SI","description":"100% riproduzioni dipinte a mano di quadri di pittori famosi e dipinti su tela.","publisher":{"@id":"https:\/\/svetslik.si\/it\/#organization"},"potentialAction":[{"@type":"SearchAction","target":{"@type":"EntryPoint","urlTemplate":"https:\/\/svetslik.si\/it\/?s={search_term_string}"},"query-input":{"@type":"PropertyValueSpecification","valueRequired":true,"valueName":"search_term_string"}}],"inLanguage":"it-IT"},{"@type":"Organization","@id":"https:\/\/svetslik.si\/it\/#organization","name":"SvetSlik.si","url":"https:\/\/svetslik.si\/it\/","logo":{"@type":"ImageObject","inLanguage":"it-IT","@id":"https:\/\/svetslik.si\/it\/#\/schema\/logo\/image\/","url":"https:\/\/svetslik.si\/wp-content\/uploads\/2020\/12\/logo-512.png","contentUrl":"https:\/\/svetslik.si\/wp-content\/uploads\/2020\/12\/logo-512.png","width":512,"height":512,"caption":"SvetSlik.si"},"image":{"@id":"https:\/\/svetslik.si\/it\/#\/schema\/logo\/image\/"},"sameAs":["https:\/\/www.facebook.com\/svetslik.si","https:\/\/x.com\/svetslik","https:\/\/www.instagram.com\/svetslik.si\/","https:\/\/www.linkedin.com\/company\/svetslik-si"]}]},"og_availability":"instock","product_availability":"instock","product_retailer_item_id":"208__","product_condition":"new"},"jetpack_sharing_enabled":true,"_links":{"self":[{"href":"https:\/\/svetslik.si\/it\/wp-json\/wp\/v2\/product\/38695","targetHints":{"allow":["GET"]}}],"collection":[{"href":"https:\/\/svetslik.si\/it\/wp-json\/wp\/v2\/product"}],"about":[{"href":"https:\/\/svetslik.si\/it\/wp-json\/wp\/v2\/types\/product"}],"wp:featuredmedia":[{"embeddable":true,"href":"https:\/\/svetslik.si\/it\/wp-json\/wp\/v2\/media\/36424"}],"wp:attachment":[{"href":"https:\/\/svetslik.si\/it\/wp-json\/wp\/v2\/media?parent=38695"}],"wp:term":[{"taxonomy":"product_brand","embeddable":true,"href":"https:\/\/svetslik.si\/it\/wp-json\/wp\/v2\/product_brand?post=38695"},{"taxonomy":"product_cat","embeddable":true,"href":"https:\/\/svetslik.si\/it\/wp-json\/wp\/v2\/product_cat?post=38695"},{"taxonomy":"product_tag","embeddable":true,"href":"https:\/\/svetslik.si\/it\/wp-json\/wp\/v2\/product_tag?post=38695"}],"curies":[{"name":"wp","href":"https:\/\/api.w.org\/{rel}","templated":true}]}}