{"id":38704,"date":"2021-09-02T17:49:42","date_gmt":"2021-09-02T15:49:42","guid":{"rendered":"https:\/\/svetslik.si\/senza-categoria\/munich-schwabing-with-the-church-of-st-ursula\/"},"modified":"2026-03-22T21:16:21","modified_gmt":"2026-03-22T20:16:21","slug":"munich-schwabing-with-the-church-of-st-ursula","status":"publish","type":"product","link":"https:\/\/svetslik.si\/it\/vasilij-kandinski\/munich-schwabing-with-the-church-of-st-ursula\/","title":{"rendered":"Vasilij Kandinski &#8211; Munich-Schwabing with the Church of St. Ursula"},"content":{"rendered":"<div class=\"wpb-content-wrapper\">[vc_row][vc_column][vc_column_text]\n<h1>Vasily Kandinsky &#8211; Monaco-Schwabing con la Chiesa di S. Ursula<\/h1>\n<p>&nbsp;<\/p>\n<table border=\"0\" width=\"673\" cellspacing=\"0\" cellpadding=\"0\">\n<tr>\n<td height=\"21\">Anno di creazione:<\/td>\n<td style=\"width: 493px\">1908<\/td>\n<\/tr>\n<tr>\n<td height=\"21\">Dimensione originale:<\/td>\n<td style=\"width: 493px\">49 cm x 68,8 cm<\/td>\n<\/tr>\n<tr>\n<td height=\"21\">Stile colore:<\/td>\n<td style=\"width: 493px\">Espressionismo<\/td>\n<\/tr>\n<tr>\n<td height=\"21\">Tecnica originale:<\/td>\n<td>Olio su tela<\/td>\n<\/tr>\n<tr>\n<td height=\"21\">Situato:<\/td>\n<td>Galleria Nazionale, Monaco di Baviera<\/td>\n<\/tr>\n<\/tbody>\n<colgroup>\n<col \/>\n<col \/> <\/colgroup>\n<\/table>\n[\/vc_column_text][\/vc_column][\/vc_row][vc_row][vc_column]\t<div class=\"et-image-340 et-image     et_image_link\">\n\t\t<div class=\"et-image-inner \">\n\t\t\t\t\t\t\t<div class=\"et-image-thumb \">\n\t\t\t\t\t<img decoding=\"async\" width=\"2151\" height=\"2560\" src=\"https:\/\/svetslik.si\/wp-content\/uploads\/2021\/09\/Vasilij-Kandinski-\u2013-Munich-Schwabing-with-the-Church-of-St.-Ursula-scaled.jpg\" class=\"attachment-full\" alt=\"Vasilij Kandinski - Munich-Schwabing with the Church of St. Ursula - Monaco-Schwabing con la Chiesa di Santa Ursula\" title=\"Vasilij Kandinski - Munich-Schwabing with the Church of St. Ursula - Monaco-Schwabing con la Chiesa di Santa Ursula\" srcset=\"https:\/\/svetslik.si\/wp-content\/uploads\/2021\/09\/Vasilij-Kandinski-\u2013-Munich-Schwabing-with-the-Church-of-St.-Ursula-scaled.jpg 2151w, https:\/\/svetslik.si\/wp-content\/uploads\/2021\/09\/Vasilij-Kandinski-\u2013-Munich-Schwabing-with-the-Church-of-St.-Ursula-600x714.jpg 600w, https:\/\/svetslik.si\/wp-content\/uploads\/2021\/09\/Vasilij-Kandinski-\u2013-Munich-Schwabing-with-the-Church-of-St.-Ursula-scaled-1200x1428.jpg 1200w, https:\/\/svetslik.si\/wp-content\/uploads\/2021\/09\/Vasilij-Kandinski-\u2013-Munich-Schwabing-with-the-Church-of-St.-Ursula-252x300.jpg 252w, https:\/\/svetslik.si\/wp-content\/uploads\/2021\/09\/Vasilij-Kandinski-\u2013-Munich-Schwabing-with-the-Church-of-St.-Ursula-860x1024.jpg 860w, https:\/\/svetslik.si\/wp-content\/uploads\/2021\/09\/Vasilij-Kandinski-\u2013-Munich-Schwabing-with-the-Church-of-St.-Ursula-768x914.jpg 768w, https:\/\/svetslik.si\/wp-content\/uploads\/2021\/09\/Vasilij-Kandinski-\u2013-Munich-Schwabing-with-the-Church-of-St.-Ursula-1291x1536.jpg 1291w, https:\/\/svetslik.si\/wp-content\/uploads\/2021\/09\/Vasilij-Kandinski-\u2013-Munich-Schwabing-with-the-Church-of-St.-Ursula-1721x2048.jpg 1721w, https:\/\/svetslik.si\/wp-content\/uploads\/2021\/09\/Vasilij-Kandinski-\u2013-Munich-Schwabing-with-the-Church-of-St.-Ursula-10x12.jpg 10w, https:\/\/svetslik.si\/wp-content\/uploads\/2021\/09\/Vasilij-Kandinski-\u2013-Munich-Schwabing-with-the-Church-of-St.-Ursula-126x150.jpg 126w, https:\/\/svetslik.si\/wp-content\/uploads\/2021\/09\/Vasilij-Kandinski-\u2013-Munich-Schwabing-with-the-Church-of-St.-Ursula-1320x1571.jpg 1320w, https:\/\/svetslik.si\/wp-content\/uploads\/2021\/09\/Vasilij-Kandinski-\u2013-Munich-Schwabing-with-the-Church-of-St.-Ursula-900x1071.jpg 900w\" sizes=\"(max-width: 2151px) 100vw, 2151px\" \/>\t\t\t\t<\/div>\n\t\t\t\t\t\t\t\t\t\t\t<\/div>\n\t<\/div>\n  [\/vc_column][\/vc_row][vc_row][vc_column]\t<div class=\"et-image-475 et-image     et_image_link\">\n\t\t<div class=\"et-image-inner \">\n\t\t\t\t\t\t\t<div class=\"et-image-thumb \">\n\t\t\t\t\t<img decoding=\"async\" width=\"2560\" height=\"1441\" src=\"https:\/\/svetslik.si\/wp-content\/uploads\/2021\/09\/20220321_090548-1-scaled.jpg\" class=\"attachment-full\" alt=\"Vasilij Kandinski - Munich-Schwabing with the Church of St. Ursula detail - Dettaglio\" title=\"Vasilij Kandinski - Munich-Schwabing with the Church of St. Ursula detail - Dettaglio\" srcset=\"https:\/\/svetslik.si\/wp-content\/uploads\/2021\/09\/20220321_090548-1-scaled.jpg 2560w, https:\/\/svetslik.si\/wp-content\/uploads\/2021\/09\/20220321_090548-1-600x338.jpg 600w, https:\/\/svetslik.si\/wp-content\/uploads\/2021\/09\/20220321_090548-1-scaled-1200x675.jpg 1200w, https:\/\/svetslik.si\/wp-content\/uploads\/2021\/09\/20220321_090548-1-300x169.jpg 300w, https:\/\/svetslik.si\/wp-content\/uploads\/2021\/09\/20220321_090548-1-1024x577.jpg 1024w, https:\/\/svetslik.si\/wp-content\/uploads\/2021\/09\/20220321_090548-1-768x432.jpg 768w, https:\/\/svetslik.si\/wp-content\/uploads\/2021\/09\/20220321_090548-1-1536x865.jpg 1536w, https:\/\/svetslik.si\/wp-content\/uploads\/2021\/09\/20220321_090548-1-2048x1153.jpg 2048w, https:\/\/svetslik.si\/wp-content\/uploads\/2021\/09\/20220321_090548-1-18x10.jpg 18w, https:\/\/svetslik.si\/wp-content\/uploads\/2021\/09\/20220321_090548-1-150x84.jpg 150w, https:\/\/svetslik.si\/wp-content\/uploads\/2021\/09\/20220321_090548-1-1320x743.jpg 1320w, https:\/\/svetslik.si\/wp-content\/uploads\/2021\/09\/20220321_090548-1-900x507.jpg 900w\" sizes=\"(max-width: 2560px) 100vw, 2560px\" \/>\t\t\t\t<\/div>\n\t\t\t\t\t\t\t\t\t\t\t<\/div>\n\t<\/div>\n  [\/vc_column][\/vc_row][vc_row][vc_column]\t<div class=\"et-image-74 et-image     et_image_link\">\n\t\t<div class=\"et-image-inner \">\n\t\t\t\t\t\t\t<div class=\"et-image-thumb \">\n\t\t\t\t\t<img decoding=\"async\" width=\"2560\" height=\"1441\" src=\"https:\/\/svetslik.si\/wp-content\/uploads\/2021\/09\/20220321_090556-1-scaled.jpg\" class=\"attachment-full\" alt=\"Vasilij Kandinski - Munich-Schwabing with the Church of St. Ursula detail 2 - Dettaglio 2\" title=\"Vasilij Kandinski - Munich-Schwabing with the Church of St. Ursula detail 2 - Dettaglio 2\" srcset=\"https:\/\/svetslik.si\/wp-content\/uploads\/2021\/09\/20220321_090556-1-scaled.jpg 2560w, https:\/\/svetslik.si\/wp-content\/uploads\/2021\/09\/20220321_090556-1-600x338.jpg 600w, https:\/\/svetslik.si\/wp-content\/uploads\/2021\/09\/20220321_090556-1-scaled-1200x675.jpg 1200w, https:\/\/svetslik.si\/wp-content\/uploads\/2021\/09\/20220321_090556-1-300x169.jpg 300w, https:\/\/svetslik.si\/wp-content\/uploads\/2021\/09\/20220321_090556-1-1024x577.jpg 1024w, https:\/\/svetslik.si\/wp-content\/uploads\/2021\/09\/20220321_090556-1-768x432.jpg 768w, https:\/\/svetslik.si\/wp-content\/uploads\/2021\/09\/20220321_090556-1-1536x865.jpg 1536w, https:\/\/svetslik.si\/wp-content\/uploads\/2021\/09\/20220321_090556-1-2048x1153.jpg 2048w, https:\/\/svetslik.si\/wp-content\/uploads\/2021\/09\/20220321_090556-1-18x10.jpg 18w, https:\/\/svetslik.si\/wp-content\/uploads\/2021\/09\/20220321_090556-1-150x84.jpg 150w, https:\/\/svetslik.si\/wp-content\/uploads\/2021\/09\/20220321_090556-1-1320x743.jpg 1320w, https:\/\/svetslik.si\/wp-content\/uploads\/2021\/09\/20220321_090556-1-900x507.jpg 900w\" sizes=\"(max-width: 2560px) 100vw, 2560px\" \/>\t\t\t\t<\/div>\n\t\t\t\t\t\t\t\t\t\t\t<\/div>\n\t<\/div>\n  [\/vc_column][\/vc_row][vc_row][vc_column][vc_column_text]Vasilij Kandinsky \u00e8 una figura importante nel mondo dell&#8217;arte astratta. Uno dei suoi dipinti pi\u00f9 famosi \u00e8 &#8220;M\u00fcnchen-Schwabing con la chiesa di Sant&#8217;Orsola&#8221;, che \u00e8 una splendida rappresentazione della citt\u00e0 di Monaco. Questo dipinto \u00e8 un eccellente esempio dello stile unico di Kandinsky, caratterizzato da colori audaci e pennellate dinamiche.<\/p>\n<p>Il dipinto \u00e8 ambientato nel quartiere Schwabing di Monaco, noto per la sua atmosfera boh\u00e9mien e la sua vivace cultura. Sullo sfondo possiamo vedere la chiesa di Sant&#8217;Orsola, che \u00e8 un famoso punto di riferimento della zona. Kandinsky ha utilizzato una combinazione di colori caldi e freddi per creare un senso di profondit\u00e0 e movimento nel dipinto. L&#8217;uso di colori contrastanti e pennellate decise \u00e8 una caratteristica dello stile di Kandinsky ed \u00e8 evidente anche in questo dipinto.<\/p>\n<p>Il dipinto \u00e8 un perfetto esempio della capacit\u00e0 di Kandinsky di catturare l&#8217;essenza di un luogo ed esprimerla attraverso la sua arte. L&#8217;uso di colori vivaci e pennellate dinamiche crea un senso di energia e movimento, facendo sentire lo spettatore come se si trovasse al centro della scena. Questo \u00e8 uno dei motivi per cui i dipinti di Kandinsky sono cos\u00ec popolari tra gli amanti dell&#8217;arte.<\/p>\n<p>In conclusione, lasciatemi dire che &#8220;M\u00fcnchen-Schwabing con la chiesa di Sant&#8217;Orsola&#8221; \u00e8 un dipinto meraviglioso che mostra lo stile unico di Kandinsky e la capacit\u00e0 di catturare l&#8217;essenza di un luogo attraverso la sua arte. Il dipinto \u00e8 un must per chiunque sia interessato all&#8217;arte astratta o al lavoro di Wassily Kandinsky. Incorporando tale lavoro nella tua casa, puoi aggiungere un tocco di bellezza e cultura al tuo spazio vitale. Quindi, se vuoi rendere la tua casa pi\u00f9 bella, considera di aggiungere questa immagine alla tua collezione.[\/vc_column_text][\/vc_column][\/vc_row]\n<\/div>","protected":false},"excerpt":{"rendered":"<p>[vc_row][vc_column][vc_column_text] Vasily Kandinsky &#8211; Monaco-Schwabing con la Chiesa di S. Ursula &nbsp; Anno di creazione: 1908 Dimensione originale: 49 cm x 68,8 cm Stile colore: Espressionismo Tecnica originale: Olio su tela Situato: Galleria Nazionale, Monaco di Baviera [\/vc_column_text][\/vc_column][\/vc_row][vc_row][vc_column][\/vc_column][\/vc_row][vc_row][vc_column][\/vc_column][\/vc_row][vc_row][vc_column][\/vc_column][\/vc_row][vc_row][vc_column][vc_column_text]Vasilij Kandinsky \u00e8 una figura importante nel mondo dell&#8217;arte astratta. Uno dei suoi [&hellip;]<\/p>\n","protected":false},"featured_media":35393,"template":"","meta":{"_acf_changed":false},"product_brand":[],"product_cat":[4188],"product_tag":[4222,4223,4245,4246,4253],"class_list":{"0":"post-38704","1":"product","2":"type-product","3":"status-publish","4":"has-post-thumbnail","6":"product_cat-vasilij-kandinski","7":"product_tag-kandinski-it","8":"product_tag-kandinsky-it","9":"product_tag-riproduzione","10":"product_tag-riproduzione-it","11":"product_tag-un-pittore","12":"pa_dimenzija-110-x-150-cm-it","13":"pa_dimenzija-130-x-180-cm-it","14":"pa_dimenzija-40-x-55-cm-it","15":"pa_dimenzija-49-x-69-cm-it","16":"pa_dimenzija-60-x-80-cm-it","17":"pa_dimenzija-70-x-100-cm-it","18":"pa_dimenzija-80-x-110-cm-it","19":"pa_dimenzija-90-x-130-cm-it","20":"pa_oblika-verticale","21":"pa_okvir-sensa-cornice","22":"pa_podokvir-no","23":"pa_podokvir-si","25":"first","26":"onbackorder","27":"purchasable","28":"product-type-variable","29":"has-default-attributes"},"acf":[],"yoast_head":"<!-- This site is optimized with the Yoast SEO Premium plugin v26.0 (Yoast SEO v27.2) - https:\/\/yoast.com\/product\/yoast-seo-premium-wordpress\/ -->\n<title>Vasilij Kandinski - Munich-Schwabing with the Church of St. Ursula - SVETSLIK.SI - Dipinti a mano al 100%<\/title>\n<meta name=\"description\" content=\"Vasilij Kandinski - Munich-Schwabing with the Church of St. Ursula - Riproduzioni di quadri d&#039;arte dipinte a mano al 100% su tela. Cornici per quadri, vendita e produzione di dimensioni su ordinazione.\" \/>\n<meta name=\"robots\" content=\"index, follow, max-snippet:-1, max-image-preview:large, max-video-preview:-1\" \/>\n<link rel=\"canonical\" href=\"https:\/\/svetslik.si\/it\/vasilij-kandinski\/munich-schwabing-with-the-church-of-st-ursula\/\" \/>\n<meta property=\"og:locale\" content=\"it_IT\" \/>\n<meta property=\"og:type\" content=\"article\" \/>\n<meta property=\"og:title\" content=\"Vasilij Kandinski - Munich-Schwabing with the Church of St. Ursula\" \/>\n<meta property=\"og:description\" content=\"100% ro\u010dno naslikane slike na platnu, reprodukcije znanih slikarjev in umetni\u0161ke slike po naro\u010dilu.\" \/>\n<meta property=\"og:url\" content=\"https:\/\/svetslik.si\/it\/vasilij-kandinski\/munich-schwabing-with-the-church-of-st-ursula\/\" \/>\n<meta property=\"og:site_name\" content=\"SVETSLIK.SI\" \/>\n<meta property=\"article:publisher\" content=\"https:\/\/www.facebook.com\/svetslik.si\" \/>\n<meta property=\"article:modified_time\" content=\"2026-03-22T20:16:21+00:00\" \/>\n<meta property=\"og:image\" content=\"https:\/\/svetslik.si\/wp-content\/uploads\/2021\/08\/image_Munich-Schwabing-with-the-Church-of-St-Ursula_680.jpg\" \/>\n\t<meta property=\"og:image:width\" content=\"746\" \/>\n\t<meta property=\"og:image:height\" content=\"1067\" \/>\n\t<meta property=\"og:image:type\" content=\"image\/jpeg\" \/>\n<meta name=\"twitter:card\" content=\"summary_large_image\" \/>\n<meta name=\"twitter:site\" content=\"@svetslik\" \/>\n<meta name=\"twitter:label1\" content=\"Disponibilit\u00e0\" \/>\n\t<meta name=\"twitter:data1\" content=\"Su ordinazione\" \/>\n<script type=\"application\/ld+json\" class=\"yoast-schema-graph\">{\"@context\":\"https:\/\/schema.org\",\"@graph\":[{\"@type\":[\"WebPage\",\"ItemPage\"],\"@id\":\"https:\/\/svetslik.si\/it\/vasilij-kandinski\/munich-schwabing-with-the-church-of-st-ursula\/\",\"url\":\"https:\/\/svetslik.si\/it\/vasilij-kandinski\/munich-schwabing-with-the-church-of-st-ursula\/\",\"name\":\"Vasilij Kandinski - Munich-Schwabing with the Church of St. Ursula - SVETSLIK.SI - Dipinti a mano al 100%\",\"isPartOf\":{\"@id\":\"https:\/\/svetslik.si\/it\/#website\"},\"primaryImageOfPage\":{\"@id\":\"https:\/\/svetslik.si\/it\/vasilij-kandinski\/munich-schwabing-with-the-church-of-st-ursula\/#primaryimage\"},\"image\":{\"@id\":\"https:\/\/svetslik.si\/it\/vasilij-kandinski\/munich-schwabing-with-the-church-of-st-ursula\/#primaryimage\"},\"thumbnailUrl\":\"https:\/\/svetslik.si\/wp-content\/uploads\/2021\/08\/image_Munich-Schwabing-with-the-Church-of-St-Ursula_680.jpg\",\"datePublished\":\"2021-09-02T15:49:42+00:00\",\"dateModified\":\"2026-03-22T20:16:21+00:00\",\"description\":\"Vasilij Kandinski - Munich-Schwabing with the Church of St. Ursula - Riproduzioni di quadri d'arte dipinte a mano al 100% su tela. Cornici per quadri, vendita e produzione di dimensioni su ordinazione.\",\"breadcrumb\":{\"@id\":\"https:\/\/svetslik.si\/it\/vasilij-kandinski\/munich-schwabing-with-the-church-of-st-ursula\/#breadcrumb\"},\"inLanguage\":\"it-IT\",\"potentialAction\":[{\"@type\":\"ReadAction\",\"target\":[\"https:\/\/svetslik.si\/it\/vasilij-kandinski\/munich-schwabing-with-the-church-of-st-ursula\/\"]}]},{\"@type\":\"ImageObject\",\"inLanguage\":\"it-IT\",\"@id\":\"https:\/\/svetslik.si\/it\/vasilij-kandinski\/munich-schwabing-with-the-church-of-st-ursula\/#primaryimage\",\"url\":\"https:\/\/svetslik.si\/wp-content\/uploads\/2021\/08\/image_Munich-Schwabing-with-the-Church-of-St-Ursula_680.jpg\",\"contentUrl\":\"https:\/\/svetslik.si\/wp-content\/uploads\/2021\/08\/image_Munich-Schwabing-with-the-Church-of-St-Ursula_680.jpg\",\"width\":746,\"height\":1067,\"caption\":\"Dipinti su tela - Vasilij Kandinskij - Monaco-Schwabing con la Chiesa di S. Ursula - Dipinto a mano, riproduzioni di pittori famosi, olio su tela, arte murale moderna, arte murale, ambiente, astratto, arte murale decorativa\"},{\"@type\":\"BreadcrumbList\",\"@id\":\"https:\/\/svetslik.si\/it\/vasilij-kandinski\/munich-schwabing-with-the-church-of-st-ursula\/#breadcrumb\",\"itemListElement\":[{\"@type\":\"ListItem\",\"position\":1,\"name\":\"Fali m\u0171v\u00e9szet \u00e9s festm\u00e9nyek v\u00e1szonra\",\"item\":\"https:\/\/svetslik.si\/it\/\"},{\"@type\":\"ListItem\",\"position\":2,\"name\":\"Vendita di dipinti\",\"item\":\"https:\/\/svetslik.si\/prodaja-slik\/\"},{\"@type\":\"ListItem\",\"position\":3,\"name\":\"Vasilij Kandinski &#8211; Munich-Schwabing with the Church of St. Ursula\"}]},{\"@type\":\"WebSite\",\"@id\":\"https:\/\/svetslik.si\/it\/#website\",\"url\":\"https:\/\/svetslik.si\/it\/\",\"name\":\"SVETSLIK.SI\",\"description\":\"100% riproduzioni dipinte a mano di quadri di pittori famosi e dipinti su tela.\",\"publisher\":{\"@id\":\"https:\/\/svetslik.si\/it\/#organization\"},\"potentialAction\":[{\"@type\":\"SearchAction\",\"target\":{\"@type\":\"EntryPoint\",\"urlTemplate\":\"https:\/\/svetslik.si\/it\/?s={search_term_string}\"},\"query-input\":{\"@type\":\"PropertyValueSpecification\",\"valueRequired\":true,\"valueName\":\"search_term_string\"}}],\"inLanguage\":\"it-IT\"},{\"@type\":\"Organization\",\"@id\":\"https:\/\/svetslik.si\/it\/#organization\",\"name\":\"SvetSlik.si\",\"url\":\"https:\/\/svetslik.si\/it\/\",\"logo\":{\"@type\":\"ImageObject\",\"inLanguage\":\"it-IT\",\"@id\":\"https:\/\/svetslik.si\/it\/#\/schema\/logo\/image\/\",\"url\":\"https:\/\/svetslik.si\/wp-content\/uploads\/2020\/12\/logo-512.png\",\"contentUrl\":\"https:\/\/svetslik.si\/wp-content\/uploads\/2020\/12\/logo-512.png\",\"width\":512,\"height\":512,\"caption\":\"SvetSlik.si\"},\"image\":{\"@id\":\"https:\/\/svetslik.si\/it\/#\/schema\/logo\/image\/\"},\"sameAs\":[\"https:\/\/www.facebook.com\/svetslik.si\",\"https:\/\/x.com\/svetslik\",\"https:\/\/www.instagram.com\/svetslik.si\/\",\"https:\/\/www.linkedin.com\/company\/svetslik-si\"]}]}<\/script>\n<meta property=\"og:availability\" content=\"backorder\" \/>\n<meta property=\"product:availability\" content=\"available for order\" \/>\n<meta property=\"product:retailer_item_id\" content=\"209__\" \/>\n<meta property=\"product:condition\" content=\"new\" \/>\n<!-- \/ Yoast SEO Premium plugin. -->","yoast_head_json":{"title":"Vasilij Kandinski - Munich-Schwabing with the Church of St. Ursula - SVETSLIK.SI - Dipinti a mano al 100%","description":"Vasilij Kandinski - Munich-Schwabing with the Church of St. Ursula - Riproduzioni di quadri d'arte dipinte a mano al 100% su tela. Cornici per quadri, vendita e produzione di dimensioni su ordinazione.","robots":{"index":"index","follow":"follow","max-snippet":"max-snippet:-1","max-image-preview":"max-image-preview:large","max-video-preview":"max-video-preview:-1"},"canonical":"https:\/\/svetslik.si\/it\/vasilij-kandinski\/munich-schwabing-with-the-church-of-st-ursula\/","og_locale":"it_IT","og_type":"article","og_title":"Vasilij Kandinski - Munich-Schwabing with the Church of St. Ursula","og_description":"100% ro\u010dno naslikane slike na platnu, reprodukcije znanih slikarjev in umetni\u0161ke slike po naro\u010dilu.","og_url":"https:\/\/svetslik.si\/it\/vasilij-kandinski\/munich-schwabing-with-the-church-of-st-ursula\/","og_site_name":"SVETSLIK.SI","article_publisher":"https:\/\/www.facebook.com\/svetslik.si","article_modified_time":"2026-03-22T20:16:21+00:00","og_image":[{"width":746,"height":1067,"url":"https:\/\/svetslik.si\/wp-content\/uploads\/2021\/08\/image_Munich-Schwabing-with-the-Church-of-St-Ursula_680.jpg","type":"image\/jpeg"}],"twitter_card":"summary_large_image","twitter_site":"@svetslik","twitter_misc":{"Disponibilit\u00e0":"Su ordinazione"},"schema":{"@context":"https:\/\/schema.org","@graph":[{"@type":["WebPage","ItemPage"],"@id":"https:\/\/svetslik.si\/it\/vasilij-kandinski\/munich-schwabing-with-the-church-of-st-ursula\/","url":"https:\/\/svetslik.si\/it\/vasilij-kandinski\/munich-schwabing-with-the-church-of-st-ursula\/","name":"Vasilij Kandinski - Munich-Schwabing with the Church of St. Ursula - SVETSLIK.SI - Dipinti a mano al 100%","isPartOf":{"@id":"https:\/\/svetslik.si\/it\/#website"},"primaryImageOfPage":{"@id":"https:\/\/svetslik.si\/it\/vasilij-kandinski\/munich-schwabing-with-the-church-of-st-ursula\/#primaryimage"},"image":{"@id":"https:\/\/svetslik.si\/it\/vasilij-kandinski\/munich-schwabing-with-the-church-of-st-ursula\/#primaryimage"},"thumbnailUrl":"https:\/\/svetslik.si\/wp-content\/uploads\/2021\/08\/image_Munich-Schwabing-with-the-Church-of-St-Ursula_680.jpg","datePublished":"2021-09-02T15:49:42+00:00","dateModified":"2026-03-22T20:16:21+00:00","description":"Vasilij Kandinski - Munich-Schwabing with the Church of St. Ursula - Riproduzioni di quadri d'arte dipinte a mano al 100% su tela. Cornici per quadri, vendita e produzione di dimensioni su ordinazione.","breadcrumb":{"@id":"https:\/\/svetslik.si\/it\/vasilij-kandinski\/munich-schwabing-with-the-church-of-st-ursula\/#breadcrumb"},"inLanguage":"it-IT","potentialAction":[{"@type":"ReadAction","target":["https:\/\/svetslik.si\/it\/vasilij-kandinski\/munich-schwabing-with-the-church-of-st-ursula\/"]}]},{"@type":"ImageObject","inLanguage":"it-IT","@id":"https:\/\/svetslik.si\/it\/vasilij-kandinski\/munich-schwabing-with-the-church-of-st-ursula\/#primaryimage","url":"https:\/\/svetslik.si\/wp-content\/uploads\/2021\/08\/image_Munich-Schwabing-with-the-Church-of-St-Ursula_680.jpg","contentUrl":"https:\/\/svetslik.si\/wp-content\/uploads\/2021\/08\/image_Munich-Schwabing-with-the-Church-of-St-Ursula_680.jpg","width":746,"height":1067,"caption":"Dipinti su tela - Vasilij Kandinskij - Monaco-Schwabing con la Chiesa di S. Ursula - Dipinto a mano, riproduzioni di pittori famosi, olio su tela, arte murale moderna, arte murale, ambiente, astratto, arte murale decorativa"},{"@type":"BreadcrumbList","@id":"https:\/\/svetslik.si\/it\/vasilij-kandinski\/munich-schwabing-with-the-church-of-st-ursula\/#breadcrumb","itemListElement":[{"@type":"ListItem","position":1,"name":"Fali m\u0171v\u00e9szet \u00e9s festm\u00e9nyek v\u00e1szonra","item":"https:\/\/svetslik.si\/it\/"},{"@type":"ListItem","position":2,"name":"Vendita di dipinti","item":"https:\/\/svetslik.si\/prodaja-slik\/"},{"@type":"ListItem","position":3,"name":"Vasilij Kandinski &#8211; Munich-Schwabing with the Church of St. Ursula"}]},{"@type":"WebSite","@id":"https:\/\/svetslik.si\/it\/#website","url":"https:\/\/svetslik.si\/it\/","name":"SVETSLIK.SI","description":"100% riproduzioni dipinte a mano di quadri di pittori famosi e dipinti su tela.","publisher":{"@id":"https:\/\/svetslik.si\/it\/#organization"},"potentialAction":[{"@type":"SearchAction","target":{"@type":"EntryPoint","urlTemplate":"https:\/\/svetslik.si\/it\/?s={search_term_string}"},"query-input":{"@type":"PropertyValueSpecification","valueRequired":true,"valueName":"search_term_string"}}],"inLanguage":"it-IT"},{"@type":"Organization","@id":"https:\/\/svetslik.si\/it\/#organization","name":"SvetSlik.si","url":"https:\/\/svetslik.si\/it\/","logo":{"@type":"ImageObject","inLanguage":"it-IT","@id":"https:\/\/svetslik.si\/it\/#\/schema\/logo\/image\/","url":"https:\/\/svetslik.si\/wp-content\/uploads\/2020\/12\/logo-512.png","contentUrl":"https:\/\/svetslik.si\/wp-content\/uploads\/2020\/12\/logo-512.png","width":512,"height":512,"caption":"SvetSlik.si"},"image":{"@id":"https:\/\/svetslik.si\/it\/#\/schema\/logo\/image\/"},"sameAs":["https:\/\/www.facebook.com\/svetslik.si","https:\/\/x.com\/svetslik","https:\/\/www.instagram.com\/svetslik.si\/","https:\/\/www.linkedin.com\/company\/svetslik-si"]}]},"og_availability":"backorder","product_availability":"available for order","product_retailer_item_id":"209__","product_condition":"new"},"jetpack_sharing_enabled":true,"_links":{"self":[{"href":"https:\/\/svetslik.si\/it\/wp-json\/wp\/v2\/product\/38704","targetHints":{"allow":["GET"]}}],"collection":[{"href":"https:\/\/svetslik.si\/it\/wp-json\/wp\/v2\/product"}],"about":[{"href":"https:\/\/svetslik.si\/it\/wp-json\/wp\/v2\/types\/product"}],"wp:featuredmedia":[{"embeddable":true,"href":"https:\/\/svetslik.si\/it\/wp-json\/wp\/v2\/media\/35393"}],"wp:attachment":[{"href":"https:\/\/svetslik.si\/it\/wp-json\/wp\/v2\/media?parent=38704"}],"wp:term":[{"taxonomy":"product_brand","embeddable":true,"href":"https:\/\/svetslik.si\/it\/wp-json\/wp\/v2\/product_brand?post=38704"},{"taxonomy":"product_cat","embeddable":true,"href":"https:\/\/svetslik.si\/it\/wp-json\/wp\/v2\/product_cat?post=38704"},{"taxonomy":"product_tag","embeddable":true,"href":"https:\/\/svetslik.si\/it\/wp-json\/wp\/v2\/product_tag?post=38704"}],"curies":[{"name":"wp","href":"https:\/\/api.w.org\/{rel}","templated":true}]}}