{"id":38722,"date":"2021-09-02T17:49:51","date_gmt":"2021-09-02T15:49:51","guid":{"rendered":"https:\/\/svetslik.si\/senza-categoria\/composition-vi\/"},"modified":"2026-03-22T21:17:04","modified_gmt":"2026-03-22T20:17:04","slug":"composition-vi","status":"publish","type":"product","link":"https:\/\/svetslik.si\/it\/vasilij-kandinski\/composition-vi\/","title":{"rendered":"Vasilij Kandinski &#8211; Composition VI"},"content":{"rendered":"<div class=\"wpb-content-wrapper\">[vc_row][vc_column][vc_column_text]\n<h1>Wassily Kandinsky &#8211; Composizione VI<\/h1>\n<p>&nbsp;<\/p>\n<table border=\"0\" width=\"673\" cellspacing=\"0\" cellpadding=\"0\">\n<tr>\n<td height=\"21\">Anno di creazione del murale:<\/td>\n<td style=\"width: 493px\">1913<\/td>\n<\/tr>\n<tr>\n<td height=\"21\">Dimensione originale:<\/td>\n<td style=\"width: 493px\">300 cm x 195 cm<\/td>\n<\/tr>\n<tr>\n<td height=\"21\">Stile colore:<\/td>\n<td style=\"width: 493px\">Arte astratta<\/td>\n<\/tr>\n<tr>\n<td height=\"21\">Tecnica originale:<\/td>\n<td>Olio su tela<\/td>\n<\/tr>\n<tr>\n<td height=\"21\">Situato:<\/td>\n<td>Museo dell&#8217;Ermitage, San Pietroburgo<\/td>\n<\/tr>\n<\/tbody>\n<colgroup>\n<col \/>\n<col \/> <\/colgroup>\n<\/table>\n[\/vc_column_text][\/vc_column][\/vc_row][vc_row css=&#8221;.vc_custom_1640164050364{margin-bottom: 20px !important;}&#8221;][vc_column]\t<div class=\"et-image-456 et-image  full   et_image_link\">\n\t\t<div class=\"et-image-inner \">\n\t\t\t\t\t\t\t<div class=\"et-image-thumb \">\n\t\t\t\t\t<img decoding=\"async\" width=\"2560\" height=\"2046\" src=\"https:\/\/svetslik.si\/wp-content\/uploads\/2021\/12\/Vasiliy-Kandinsky-slika-na-platnu-scaled.jpg\" class=\"attachment-full\" alt=\"Vasiliy Kandinsky - Composizione VI - quadro su tela - riproduzione dipinta a mano - quadri moderni su tela\" title=\"Vasiliy Kandinsky - Composizione VI - quadro su tela - riproduzione dipinta a mano - quadri moderni su tela\" srcset=\"https:\/\/svetslik.si\/wp-content\/uploads\/2021\/12\/Vasiliy-Kandinsky-slika-na-platnu-scaled.jpg 2560w, https:\/\/svetslik.si\/wp-content\/uploads\/2021\/12\/Vasiliy-Kandinsky-slika-na-platnu-600x479.jpg 600w, https:\/\/svetslik.si\/wp-content\/uploads\/2021\/12\/Vasiliy-Kandinsky-slika-na-platnu-scaled-1200x959.jpg 1200w, https:\/\/svetslik.si\/wp-content\/uploads\/2021\/12\/Vasiliy-Kandinsky-slika-na-platnu-300x240.jpg 300w, https:\/\/svetslik.si\/wp-content\/uploads\/2021\/12\/Vasiliy-Kandinsky-slika-na-platnu-1024x818.jpg 1024w, https:\/\/svetslik.si\/wp-content\/uploads\/2021\/12\/Vasiliy-Kandinsky-slika-na-platnu-768x614.jpg 768w, https:\/\/svetslik.si\/wp-content\/uploads\/2021\/12\/Vasiliy-Kandinsky-slika-na-platnu-1536x1227.jpg 1536w, https:\/\/svetslik.si\/wp-content\/uploads\/2021\/12\/Vasiliy-Kandinsky-slika-na-platnu-2048x1637.jpg 2048w, https:\/\/svetslik.si\/wp-content\/uploads\/2021\/12\/Vasiliy-Kandinsky-slika-na-platnu-150x120.jpg 150w, https:\/\/svetslik.si\/wp-content\/uploads\/2021\/12\/Vasiliy-Kandinsky-slika-na-platnu-1320x1055.jpg 1320w, https:\/\/svetslik.si\/wp-content\/uploads\/2021\/12\/Vasiliy-Kandinsky-slika-na-platnu-900x719.jpg 900w\" sizes=\"(max-width: 2560px) 100vw, 2560px\" \/>\t\t\t\t<\/div>\n\t\t\t\t\t\t\t\t\t\t\t<\/div>\n\t<\/div>\n  [\/vc_column][\/vc_row][vc_row css=&#8221;.vc_custom_1640164050364{margin-bottom: 20px !important;}&#8221;][vc_column]\t<div class=\"et-image-914 et-image  full   et_image_link\">\n\t\t<div class=\"et-image-inner \">\n\t\t\t\t\t\t\t<div class=\"et-image-thumb \">\n\t\t\t\t\t<img decoding=\"async\" width=\"2560\" height=\"1441\" src=\"https:\/\/svetslik.si\/wp-content\/uploads\/2021\/09\/Vasiliy-Kandinsky-composition-VI-slika-na-platnu-rocno-naslikana-reprodukcija-stenske-slike-scaled.jpg\" class=\"attachment-full\" alt=\"Vasiliy Kandinsky - Composizione VI - Riproduzione su tela a mano di dipinti artistici.\" title=\"Vasiliy Kandinsky - Composizione VI - Riproduzione su tela a mano di dipinti artistici.\" srcset=\"https:\/\/svetslik.si\/wp-content\/uploads\/2021\/09\/Vasiliy-Kandinsky-composition-VI-slika-na-platnu-rocno-naslikana-reprodukcija-stenske-slike-scaled.jpg 2560w, https:\/\/svetslik.si\/wp-content\/uploads\/2021\/09\/Vasiliy-Kandinsky-composition-VI-slika-na-platnu-rocno-naslikana-reprodukcija-stenske-slike-600x338.jpg 600w, https:\/\/svetslik.si\/wp-content\/uploads\/2021\/09\/Vasiliy-Kandinsky-composition-VI-slika-na-platnu-rocno-naslikana-reprodukcija-stenske-slike-scaled-1200x675.jpg 1200w, https:\/\/svetslik.si\/wp-content\/uploads\/2021\/09\/Vasiliy-Kandinsky-composition-VI-slika-na-platnu-rocno-naslikana-reprodukcija-stenske-slike-300x169.jpg 300w, https:\/\/svetslik.si\/wp-content\/uploads\/2021\/09\/Vasiliy-Kandinsky-composition-VI-slika-na-platnu-rocno-naslikana-reprodukcija-stenske-slike-1024x577.jpg 1024w, https:\/\/svetslik.si\/wp-content\/uploads\/2021\/09\/Vasiliy-Kandinsky-composition-VI-slika-na-platnu-rocno-naslikana-reprodukcija-stenske-slike-768x432.jpg 768w, https:\/\/svetslik.si\/wp-content\/uploads\/2021\/09\/Vasiliy-Kandinsky-composition-VI-slika-na-platnu-rocno-naslikana-reprodukcija-stenske-slike-1536x865.jpg 1536w, https:\/\/svetslik.si\/wp-content\/uploads\/2021\/09\/Vasiliy-Kandinsky-composition-VI-slika-na-platnu-rocno-naslikana-reprodukcija-stenske-slike-2048x1153.jpg 2048w, https:\/\/svetslik.si\/wp-content\/uploads\/2021\/09\/Vasiliy-Kandinsky-composition-VI-slika-na-platnu-rocno-naslikana-reprodukcija-stenske-slike-150x84.jpg 150w, https:\/\/svetslik.si\/wp-content\/uploads\/2021\/09\/Vasiliy-Kandinsky-composition-VI-slika-na-platnu-rocno-naslikana-reprodukcija-stenske-slike-1320x743.jpg 1320w, https:\/\/svetslik.si\/wp-content\/uploads\/2021\/09\/Vasiliy-Kandinsky-composition-VI-slika-na-platnu-rocno-naslikana-reprodukcija-stenske-slike-900x507.jpg 900w\" sizes=\"(max-width: 2560px) 100vw, 2560px\" \/>\t\t\t\t<\/div>\n\t\t\t\t\t\t\t\t\t\t\t<\/div>\n\t<\/div>\n  [\/vc_column][\/vc_row][vc_row css=&#8221;.vc_custom_1640164050364{margin-bottom: 20px !important;}&#8221;][vc_column]\t<div class=\"et-image-367 et-image  full   et_image_link\">\n\t\t<div class=\"et-image-inner \">\n\t\t\t\t\t\t\t<div class=\"et-image-thumb \">\n\t\t\t\t\t<img decoding=\"async\" width=\"1600\" height=\"900\" src=\"https:\/\/svetslik.si\/wp-content\/uploads\/2021\/09\/Vasiliy-Kandinsky-composition-VI-slika-na-platnu-rocno-naslikana-reprodukcija-stenske-slike-1.jpg\" class=\"attachment-full\" alt=\"Vasiliy Kandinsky - Composizione VI - Riproduzione su tela a mano di dipinti artistici.\" title=\"Vasiliy Kandinsky - Composizione VI - Riproduzione su tela a mano di dipinti artistici.\" srcset=\"https:\/\/svetslik.si\/wp-content\/uploads\/2021\/09\/Vasiliy-Kandinsky-composition-VI-slika-na-platnu-rocno-naslikana-reprodukcija-stenske-slike-1.jpg 1600w, https:\/\/svetslik.si\/wp-content\/uploads\/2021\/09\/Vasiliy-Kandinsky-composition-VI-slika-na-platnu-rocno-naslikana-reprodukcija-stenske-slike-1-600x338.jpg 600w, https:\/\/svetslik.si\/wp-content\/uploads\/2021\/09\/Vasiliy-Kandinsky-composition-VI-slika-na-platnu-rocno-naslikana-reprodukcija-stenske-slike-1-1200x675.jpg 1200w, https:\/\/svetslik.si\/wp-content\/uploads\/2021\/09\/Vasiliy-Kandinsky-composition-VI-slika-na-platnu-rocno-naslikana-reprodukcija-stenske-slike-1-300x169.jpg 300w, https:\/\/svetslik.si\/wp-content\/uploads\/2021\/09\/Vasiliy-Kandinsky-composition-VI-slika-na-platnu-rocno-naslikana-reprodukcija-stenske-slike-1-1024x576.jpg 1024w, https:\/\/svetslik.si\/wp-content\/uploads\/2021\/09\/Vasiliy-Kandinsky-composition-VI-slika-na-platnu-rocno-naslikana-reprodukcija-stenske-slike-1-768x432.jpg 768w, https:\/\/svetslik.si\/wp-content\/uploads\/2021\/09\/Vasiliy-Kandinsky-composition-VI-slika-na-platnu-rocno-naslikana-reprodukcija-stenske-slike-1-1536x864.jpg 1536w, https:\/\/svetslik.si\/wp-content\/uploads\/2021\/09\/Vasiliy-Kandinsky-composition-VI-slika-na-platnu-rocno-naslikana-reprodukcija-stenske-slike-1-150x84.jpg 150w, https:\/\/svetslik.si\/wp-content\/uploads\/2021\/09\/Vasiliy-Kandinsky-composition-VI-slika-na-platnu-rocno-naslikana-reprodukcija-stenske-slike-1-1320x743.jpg 1320w, https:\/\/svetslik.si\/wp-content\/uploads\/2021\/09\/Vasiliy-Kandinsky-composition-VI-slika-na-platnu-rocno-naslikana-reprodukcija-stenske-slike-1-900x506.jpg 900w\" sizes=\"(max-width: 1600px) 100vw, 1600px\" \/>\t\t\t\t<\/div>\n\t\t\t\t\t\t\t\t\t\t\t<\/div>\n\t<\/div>\n  [\/vc_column][\/vc_row][vc_row css=&#8221;.vc_custom_1640164050364{margin-bottom: 20px !important;}&#8221;][vc_column]\t<div class=\"et-image-774 et-image  full   et_image_link\">\n\t\t<div class=\"et-image-inner \">\n\t\t\t\t\t\t\t<div class=\"et-image-thumb \">\n\t\t\t\t\t<img decoding=\"async\" width=\"2560\" height=\"1920\" src=\"https:\/\/svetslik.si\/wp-content\/uploads\/2021\/09\/Vasiliy-Kandinsky-composition-VI-slika-na-platnu-rocno-naslikana-reprodukcija-stenske-slike-13-scaled.jpg\" class=\"attachment-full\" alt=\"Vasiliy Kandinsky - Composizione VI - Riproduzione su tela a mano di dipinti artistici.\" title=\"Vasiliy Kandinsky - Composizione VI - Riproduzione su tela a mano di dipinti artistici.\" srcset=\"https:\/\/svetslik.si\/wp-content\/uploads\/2021\/09\/Vasiliy-Kandinsky-composition-VI-slika-na-platnu-rocno-naslikana-reprodukcija-stenske-slike-13-scaled.jpg 2560w, https:\/\/svetslik.si\/wp-content\/uploads\/2021\/09\/Vasiliy-Kandinsky-composition-VI-slika-na-platnu-rocno-naslikana-reprodukcija-stenske-slike-13-600x450.jpg 600w, https:\/\/svetslik.si\/wp-content\/uploads\/2021\/09\/Vasiliy-Kandinsky-composition-VI-slika-na-platnu-rocno-naslikana-reprodukcija-stenske-slike-13-scaled-1200x900.jpg 1200w, https:\/\/svetslik.si\/wp-content\/uploads\/2021\/09\/Vasiliy-Kandinsky-composition-VI-slika-na-platnu-rocno-naslikana-reprodukcija-stenske-slike-13-300x225.jpg 300w, https:\/\/svetslik.si\/wp-content\/uploads\/2021\/09\/Vasiliy-Kandinsky-composition-VI-slika-na-platnu-rocno-naslikana-reprodukcija-stenske-slike-13-1024x768.jpg 1024w, https:\/\/svetslik.si\/wp-content\/uploads\/2021\/09\/Vasiliy-Kandinsky-composition-VI-slika-na-platnu-rocno-naslikana-reprodukcija-stenske-slike-13-768x576.jpg 768w, https:\/\/svetslik.si\/wp-content\/uploads\/2021\/09\/Vasiliy-Kandinsky-composition-VI-slika-na-platnu-rocno-naslikana-reprodukcija-stenske-slike-13-1536x1152.jpg 1536w, https:\/\/svetslik.si\/wp-content\/uploads\/2021\/09\/Vasiliy-Kandinsky-composition-VI-slika-na-platnu-rocno-naslikana-reprodukcija-stenske-slike-13-2048x1536.jpg 2048w, https:\/\/svetslik.si\/wp-content\/uploads\/2021\/09\/Vasiliy-Kandinsky-composition-VI-slika-na-platnu-rocno-naslikana-reprodukcija-stenske-slike-13-150x113.jpg 150w, https:\/\/svetslik.si\/wp-content\/uploads\/2021\/09\/Vasiliy-Kandinsky-composition-VI-slika-na-platnu-rocno-naslikana-reprodukcija-stenske-slike-13-1320x990.jpg 1320w, https:\/\/svetslik.si\/wp-content\/uploads\/2021\/09\/Vasiliy-Kandinsky-composition-VI-slika-na-platnu-rocno-naslikana-reprodukcija-stenske-slike-13-900x675.jpg 900w\" sizes=\"(max-width: 2560px) 100vw, 2560px\" \/>\t\t\t\t<\/div>\n\t\t\t\t\t\t\t\t\t\t\t<\/div>\n\t<\/div>\n  [\/vc_column][\/vc_row][vc_row][vc_column][vc_column_text]Vasily Kandinsky era un pittore, incisore e teorico dell&#8217;arte di origine russa considerato uno dei pionieri dell&#8217;arte astratta dell&#8217;arte. Una delle sue opere pi\u00f9 famose \u00e8 &#8220;Composizione VI&#8221;, realizzata nel 1913 e attualmente conservata al Solomon R. Guggenheim Museum di New York.<\/p>\n<p>Il dipinto \u00e8 un eccellente esempio dello stile maturo di Kandinsky, caratterizzato da una composizione dinamica, una scelta audace di colori e forme astratte. Il dipinto consiste in una serie di forme e linee rotanti e intrecciate che sembrano essere in movimento. La tavolozza dei colori \u00e8 dominata dalle sfumature di blu, giallo e rosso, che sono disposte in un armonioso equilibrio.<\/p>\n<p>Uno degli aspetti pi\u00f9 sorprendenti del dipinto &#8220;Composizione VI&#8221; \u00e8 il modo in cui Kandinsky ha utilizzato la linea e il colore per creare un senso di movimento ed energia nel dipinto. Le linee sono audaci e dinamiche, sembrano cambiare continuamente, creando un senso di movimento e tensione. Il colore \u00e8 anche usato in modo potente poich\u00e9 Kandinsky contrasta i toni caldi e freddi per creare un senso di profondit\u00e0 e movimento.<\/p>\n<p>Vale anche la pena notare l&#8217;uso dell&#8217;astrazione da parte di Kandinsky in questo dipinto. Con l&#8217;astrazione, ha creato un&#8217;immagine che non raffigura un oggetto o una scena specifica, ma crea una risposta emotiva nello spettatore con l&#8217;aiuto di forme e colori. Credeva che l&#8217;arte dovesse essere un mezzo per comunicare emozioni e non semplicemente rappresentare il mondo fisico.<\/p>\n<p>&#8220;Composizione VI&#8221; \u00e8 considerata una delle opere pi\u00f9 importanti e seminali di Kandinsky, in quanto rappresenta un punto di svolta nella sua carriera quando ha abbracciato pienamente l&#8217;astrazione come suo linguaggio artistico. Il dipinto \u00e8 ancora oggi ampiamente ammirato e studiato e continua ad essere fonte di ispirazione per molti artisti contemporanei.<\/p>\n<p>Tappa obbligata per gli amanti dell&#8217;arte, il Solomon R. Guggenheim Museum di New York ospita molti altri capolavori di Kandinsky e di altri artisti del primo Novecento. La collezione permanente del museo comprende opere d&#8217;arte dei movimenti impressionista, post-impressionista, moderno e contemporaneo ed \u00e8 un luogo ideale per conoscere la vita e l&#8217;opera di Kandinsky.[\/vc_column_text][\/vc_column][\/vc_row]\n<\/div>","protected":false},"excerpt":{"rendered":"<p>[vc_row][vc_column][vc_column_text] Wassily Kandinsky &#8211; Composizione VI &nbsp; Anno di creazione del murale: 1913 Dimensione originale: 300 cm x 195 cm Stile colore: Arte astratta Tecnica originale: Olio su tela Situato: Museo dell&#8217;Ermitage, San Pietroburgo [\/vc_column_text][\/vc_column][\/vc_row][vc_row css=&#8221;.vc_custom_1640164050364{margin-bottom: 20px !important;}&#8221;][vc_column][\/vc_column][\/vc_row][vc_row css=&#8221;.vc_custom_1640164050364{margin-bottom: 20px !important;}&#8221;][vc_column][\/vc_column][\/vc_row][vc_row css=&#8221;.vc_custom_1640164050364{margin-bottom: 20px !important;}&#8221;][vc_column][\/vc_column][\/vc_row][vc_row css=&#8221;.vc_custom_1640164050364{margin-bottom: 20px !important;}&#8221;][vc_column][\/vc_column][\/vc_row][vc_row][vc_column][vc_column_text]Vasily Kandinsky era un [&hellip;]<\/p>\n","protected":false},"featured_media":34998,"template":"","meta":{"_acf_changed":false},"product_brand":[],"product_cat":[4188],"product_tag":[4222,4223,4245,4246,4253],"class_list":{"0":"post-38722","1":"product","2":"type-product","3":"status-publish","4":"has-post-thumbnail","6":"product_cat-vasilij-kandinski","7":"product_tag-kandinski-it","8":"product_tag-kandinsky-it","9":"product_tag-riproduzione","10":"product_tag-riproduzione-it","11":"product_tag-un-pittore","12":"pa_dimenzija-120-x-80-cm-it","13":"pa_dimenzija-150-x-100-cm-it","14":"pa_dimenzija-190-x-120-cm-it","15":"pa_dimenzija-220-x-140-cm-it","16":"pa_dimenzija-250-x-160-cm-it","17":"pa_dimenzija-300-x-195-cm-it","18":"pa_dimenzija-70-x-50-cm-it","19":"pa_dimenzija-90-x-60-cm-it","20":"pa_oblika-orizzontale","21":"pa_okvir-sensa-cornice","22":"pa_podokvir-no","23":"pa_podokvir-si","25":"first","26":"onbackorder","27":"purchasable","28":"product-type-variable","29":"has-default-attributes"},"acf":[],"yoast_head":"<!-- This site is optimized with the Yoast SEO Premium plugin v26.0 (Yoast SEO v27.2) - https:\/\/yoast.com\/product\/yoast-seo-premium-wordpress\/ -->\n<title>Vasilij Kandinski - Composition VI - SVETSLIK.SI - Dipinti a mano al 100%<\/title>\n<meta name=\"description\" content=\"Vasilij Kandinski - Composition VI - Riproduzioni di quadri d&#039;arte dipinte a mano al 100% su tela. Cornici per quadri, vendita e produzione di dimensioni su ordinazione.\" \/>\n<meta name=\"robots\" content=\"index, follow, max-snippet:-1, max-image-preview:large, max-video-preview:-1\" \/>\n<link rel=\"canonical\" href=\"https:\/\/svetslik.si\/it\/vasilij-kandinski\/composition-vi\/\" \/>\n<meta property=\"og:locale\" content=\"it_IT\" \/>\n<meta property=\"og:type\" content=\"article\" \/>\n<meta property=\"og:title\" content=\"Vasilij Kandinski - Composition VI\" \/>\n<meta property=\"og:description\" content=\"100% ro\u010dno naslikane slike na platnu, reprodukcije znanih slikarjev in umetni\u0161ke slike po naro\u010dilu.\" \/>\n<meta property=\"og:url\" content=\"https:\/\/svetslik.si\/it\/vasilij-kandinski\/composition-vi\/\" \/>\n<meta property=\"og:site_name\" content=\"SVETSLIK.SI\" \/>\n<meta property=\"article:publisher\" content=\"https:\/\/www.facebook.com\/svetslik.si\" \/>\n<meta property=\"article:modified_time\" content=\"2026-03-22T20:17:04+00:00\" \/>\n<meta property=\"og:image\" content=\"https:\/\/svetslik.si\/wp-content\/uploads\/2021\/08\/image_Composition-VI_680.jpg\" \/>\n\t<meta property=\"og:image:width\" content=\"1132\" \/>\n\t<meta property=\"og:image:height\" content=\"745\" \/>\n\t<meta property=\"og:image:type\" content=\"image\/jpeg\" \/>\n<meta name=\"twitter:card\" content=\"summary_large_image\" \/>\n<meta name=\"twitter:site\" content=\"@svetslik\" \/>\n<meta name=\"twitter:label1\" content=\"Disponibilit\u00e0\" \/>\n\t<meta name=\"twitter:data1\" content=\"Su ordinazione\" \/>\n<script type=\"application\/ld+json\" class=\"yoast-schema-graph\">{\"@context\":\"https:\/\/schema.org\",\"@graph\":[{\"@type\":[\"WebPage\",\"ItemPage\"],\"@id\":\"https:\/\/svetslik.si\/it\/vasilij-kandinski\/composition-vi\/\",\"url\":\"https:\/\/svetslik.si\/it\/vasilij-kandinski\/composition-vi\/\",\"name\":\"Vasilij Kandinski - Composition VI - SVETSLIK.SI - Dipinti a mano al 100%\",\"isPartOf\":{\"@id\":\"https:\/\/svetslik.si\/it\/#website\"},\"primaryImageOfPage\":{\"@id\":\"https:\/\/svetslik.si\/it\/vasilij-kandinski\/composition-vi\/#primaryimage\"},\"image\":{\"@id\":\"https:\/\/svetslik.si\/it\/vasilij-kandinski\/composition-vi\/#primaryimage\"},\"thumbnailUrl\":\"https:\/\/svetslik.si\/wp-content\/uploads\/2021\/08\/image_Composition-VI_680.jpg\",\"datePublished\":\"2021-09-02T15:49:51+00:00\",\"dateModified\":\"2026-03-22T20:17:04+00:00\",\"description\":\"Vasilij Kandinski - Composition VI - Riproduzioni di quadri d'arte dipinte a mano al 100% su tela. Cornici per quadri, vendita e produzione di dimensioni su ordinazione.\",\"breadcrumb\":{\"@id\":\"https:\/\/svetslik.si\/it\/vasilij-kandinski\/composition-vi\/#breadcrumb\"},\"inLanguage\":\"it-IT\",\"potentialAction\":[{\"@type\":\"ReadAction\",\"target\":[\"https:\/\/svetslik.si\/it\/vasilij-kandinski\/composition-vi\/\"]}]},{\"@type\":\"ImageObject\",\"inLanguage\":\"it-IT\",\"@id\":\"https:\/\/svetslik.si\/it\/vasilij-kandinski\/composition-vi\/#primaryimage\",\"url\":\"https:\/\/svetslik.si\/wp-content\/uploads\/2021\/08\/image_Composition-VI_680.jpg\",\"contentUrl\":\"https:\/\/svetslik.si\/wp-content\/uploads\/2021\/08\/image_Composition-VI_680.jpg\",\"width\":1132,\"height\":745,\"caption\":\"Vasilij Kandinskij - Composizione VII - Riproduzione - dipinti murali dipinti a mano, olio su tela, dipinti ad olio, dipinti artistici, quadri moderni per pareti, dipinti ambientali, dipinti astratti, quadri decorativi\"},{\"@type\":\"BreadcrumbList\",\"@id\":\"https:\/\/svetslik.si\/it\/vasilij-kandinski\/composition-vi\/#breadcrumb\",\"itemListElement\":[{\"@type\":\"ListItem\",\"position\":1,\"name\":\"Fali m\u0171v\u00e9szet \u00e9s festm\u00e9nyek v\u00e1szonra\",\"item\":\"https:\/\/svetslik.si\/it\/\"},{\"@type\":\"ListItem\",\"position\":2,\"name\":\"Vendita di dipinti\",\"item\":\"https:\/\/svetslik.si\/prodaja-slik\/\"},{\"@type\":\"ListItem\",\"position\":3,\"name\":\"Vasilij Kandinski &#8211; Composition VI\"}]},{\"@type\":\"WebSite\",\"@id\":\"https:\/\/svetslik.si\/it\/#website\",\"url\":\"https:\/\/svetslik.si\/it\/\",\"name\":\"SVETSLIK.SI\",\"description\":\"100% riproduzioni dipinte a mano di quadri di pittori famosi e dipinti su tela.\",\"publisher\":{\"@id\":\"https:\/\/svetslik.si\/it\/#organization\"},\"potentialAction\":[{\"@type\":\"SearchAction\",\"target\":{\"@type\":\"EntryPoint\",\"urlTemplate\":\"https:\/\/svetslik.si\/it\/?s={search_term_string}\"},\"query-input\":{\"@type\":\"PropertyValueSpecification\",\"valueRequired\":true,\"valueName\":\"search_term_string\"}}],\"inLanguage\":\"it-IT\"},{\"@type\":\"Organization\",\"@id\":\"https:\/\/svetslik.si\/it\/#organization\",\"name\":\"SvetSlik.si\",\"url\":\"https:\/\/svetslik.si\/it\/\",\"logo\":{\"@type\":\"ImageObject\",\"inLanguage\":\"it-IT\",\"@id\":\"https:\/\/svetslik.si\/it\/#\/schema\/logo\/image\/\",\"url\":\"https:\/\/svetslik.si\/wp-content\/uploads\/2020\/12\/logo-512.png\",\"contentUrl\":\"https:\/\/svetslik.si\/wp-content\/uploads\/2020\/12\/logo-512.png\",\"width\":512,\"height\":512,\"caption\":\"SvetSlik.si\"},\"image\":{\"@id\":\"https:\/\/svetslik.si\/it\/#\/schema\/logo\/image\/\"},\"sameAs\":[\"https:\/\/www.facebook.com\/svetslik.si\",\"https:\/\/x.com\/svetslik\",\"https:\/\/www.instagram.com\/svetslik.si\/\",\"https:\/\/www.linkedin.com\/company\/svetslik-si\"]}]}<\/script>\n<meta property=\"og:availability\" content=\"backorder\" \/>\n<meta property=\"product:availability\" content=\"available for order\" \/>\n<meta property=\"product:retailer_item_id\" content=\"211__\" \/>\n<meta property=\"product:condition\" content=\"new\" \/>\n<!-- \/ Yoast SEO Premium plugin. -->","yoast_head_json":{"title":"Vasilij Kandinski - Composition VI - SVETSLIK.SI - Dipinti a mano al 100%","description":"Vasilij Kandinski - Composition VI - Riproduzioni di quadri d'arte dipinte a mano al 100% su tela. Cornici per quadri, vendita e produzione di dimensioni su ordinazione.","robots":{"index":"index","follow":"follow","max-snippet":"max-snippet:-1","max-image-preview":"max-image-preview:large","max-video-preview":"max-video-preview:-1"},"canonical":"https:\/\/svetslik.si\/it\/vasilij-kandinski\/composition-vi\/","og_locale":"it_IT","og_type":"article","og_title":"Vasilij Kandinski - Composition VI","og_description":"100% ro\u010dno naslikane slike na platnu, reprodukcije znanih slikarjev in umetni\u0161ke slike po naro\u010dilu.","og_url":"https:\/\/svetslik.si\/it\/vasilij-kandinski\/composition-vi\/","og_site_name":"SVETSLIK.SI","article_publisher":"https:\/\/www.facebook.com\/svetslik.si","article_modified_time":"2026-03-22T20:17:04+00:00","og_image":[{"width":1132,"height":745,"url":"https:\/\/svetslik.si\/wp-content\/uploads\/2021\/08\/image_Composition-VI_680.jpg","type":"image\/jpeg"}],"twitter_card":"summary_large_image","twitter_site":"@svetslik","twitter_misc":{"Disponibilit\u00e0":"Su ordinazione"},"schema":{"@context":"https:\/\/schema.org","@graph":[{"@type":["WebPage","ItemPage"],"@id":"https:\/\/svetslik.si\/it\/vasilij-kandinski\/composition-vi\/","url":"https:\/\/svetslik.si\/it\/vasilij-kandinski\/composition-vi\/","name":"Vasilij Kandinski - Composition VI - SVETSLIK.SI - Dipinti a mano al 100%","isPartOf":{"@id":"https:\/\/svetslik.si\/it\/#website"},"primaryImageOfPage":{"@id":"https:\/\/svetslik.si\/it\/vasilij-kandinski\/composition-vi\/#primaryimage"},"image":{"@id":"https:\/\/svetslik.si\/it\/vasilij-kandinski\/composition-vi\/#primaryimage"},"thumbnailUrl":"https:\/\/svetslik.si\/wp-content\/uploads\/2021\/08\/image_Composition-VI_680.jpg","datePublished":"2021-09-02T15:49:51+00:00","dateModified":"2026-03-22T20:17:04+00:00","description":"Vasilij Kandinski - Composition VI - Riproduzioni di quadri d'arte dipinte a mano al 100% su tela. Cornici per quadri, vendita e produzione di dimensioni su ordinazione.","breadcrumb":{"@id":"https:\/\/svetslik.si\/it\/vasilij-kandinski\/composition-vi\/#breadcrumb"},"inLanguage":"it-IT","potentialAction":[{"@type":"ReadAction","target":["https:\/\/svetslik.si\/it\/vasilij-kandinski\/composition-vi\/"]}]},{"@type":"ImageObject","inLanguage":"it-IT","@id":"https:\/\/svetslik.si\/it\/vasilij-kandinski\/composition-vi\/#primaryimage","url":"https:\/\/svetslik.si\/wp-content\/uploads\/2021\/08\/image_Composition-VI_680.jpg","contentUrl":"https:\/\/svetslik.si\/wp-content\/uploads\/2021\/08\/image_Composition-VI_680.jpg","width":1132,"height":745,"caption":"Vasilij Kandinskij - Composizione VII - Riproduzione - dipinti murali dipinti a mano, olio su tela, dipinti ad olio, dipinti artistici, quadri moderni per pareti, dipinti ambientali, dipinti astratti, quadri decorativi"},{"@type":"BreadcrumbList","@id":"https:\/\/svetslik.si\/it\/vasilij-kandinski\/composition-vi\/#breadcrumb","itemListElement":[{"@type":"ListItem","position":1,"name":"Fali m\u0171v\u00e9szet \u00e9s festm\u00e9nyek v\u00e1szonra","item":"https:\/\/svetslik.si\/it\/"},{"@type":"ListItem","position":2,"name":"Vendita di dipinti","item":"https:\/\/svetslik.si\/prodaja-slik\/"},{"@type":"ListItem","position":3,"name":"Vasilij Kandinski &#8211; Composition VI"}]},{"@type":"WebSite","@id":"https:\/\/svetslik.si\/it\/#website","url":"https:\/\/svetslik.si\/it\/","name":"SVETSLIK.SI","description":"100% riproduzioni dipinte a mano di quadri di pittori famosi e dipinti su tela.","publisher":{"@id":"https:\/\/svetslik.si\/it\/#organization"},"potentialAction":[{"@type":"SearchAction","target":{"@type":"EntryPoint","urlTemplate":"https:\/\/svetslik.si\/it\/?s={search_term_string}"},"query-input":{"@type":"PropertyValueSpecification","valueRequired":true,"valueName":"search_term_string"}}],"inLanguage":"it-IT"},{"@type":"Organization","@id":"https:\/\/svetslik.si\/it\/#organization","name":"SvetSlik.si","url":"https:\/\/svetslik.si\/it\/","logo":{"@type":"ImageObject","inLanguage":"it-IT","@id":"https:\/\/svetslik.si\/it\/#\/schema\/logo\/image\/","url":"https:\/\/svetslik.si\/wp-content\/uploads\/2020\/12\/logo-512.png","contentUrl":"https:\/\/svetslik.si\/wp-content\/uploads\/2020\/12\/logo-512.png","width":512,"height":512,"caption":"SvetSlik.si"},"image":{"@id":"https:\/\/svetslik.si\/it\/#\/schema\/logo\/image\/"},"sameAs":["https:\/\/www.facebook.com\/svetslik.si","https:\/\/x.com\/svetslik","https:\/\/www.instagram.com\/svetslik.si\/","https:\/\/www.linkedin.com\/company\/svetslik-si"]}]},"og_availability":"backorder","product_availability":"available for order","product_retailer_item_id":"211__","product_condition":"new"},"jetpack_sharing_enabled":true,"_links":{"self":[{"href":"https:\/\/svetslik.si\/it\/wp-json\/wp\/v2\/product\/38722","targetHints":{"allow":["GET"]}}],"collection":[{"href":"https:\/\/svetslik.si\/it\/wp-json\/wp\/v2\/product"}],"about":[{"href":"https:\/\/svetslik.si\/it\/wp-json\/wp\/v2\/types\/product"}],"wp:featuredmedia":[{"embeddable":true,"href":"https:\/\/svetslik.si\/it\/wp-json\/wp\/v2\/media\/34998"}],"wp:attachment":[{"href":"https:\/\/svetslik.si\/it\/wp-json\/wp\/v2\/media?parent=38722"}],"wp:term":[{"taxonomy":"product_brand","embeddable":true,"href":"https:\/\/svetslik.si\/it\/wp-json\/wp\/v2\/product_brand?post=38722"},{"taxonomy":"product_cat","embeddable":true,"href":"https:\/\/svetslik.si\/it\/wp-json\/wp\/v2\/product_cat?post=38722"},{"taxonomy":"product_tag","embeddable":true,"href":"https:\/\/svetslik.si\/it\/wp-json\/wp\/v2\/product_tag?post=38722"}],"curies":[{"name":"wp","href":"https:\/\/api.w.org\/{rel}","templated":true}]}}